{"id":6339,"date":"2021-06-06T19:21:05","date_gmt":"2021-06-06T19:21:05","guid":{"rendered":"https:\/\/dutchmicrodosing.com\/creativita\/"},"modified":"2025-10-20T23:05:51","modified_gmt":"2025-10-20T21:05:51","slug":"creativita","status":"publish","type":"page","link":"https:\/\/dutchmicrodosing.com\/it\/creativita\/","title":{"rendered":"Creativit\u00e0"},"content":{"rendered":"\t\t<div data-elementor-type=\"wp-page\" data-elementor-id=\"6339\" class=\"elementor elementor-6339 elementor-370\" data-elementor-post-type=\"page\">\n\t\t\t\t\t\t<section class=\"elementor-section elementor-top-section elementor-element elementor-element-49ca3c3 elementor-section-boxed elementor-section-height-default elementor-section-height-default\" data-id=\"49ca3c3\" data-element_type=\"section\" data-e-type=\"section\">\n\t\t\t\t\t\t<div class=\"elementor-container elementor-column-gap-default\">\n\t\t\t\t\t<div class=\"elementor-column elementor-col-100 elementor-top-column elementor-element elementor-element-73a09b9\" data-id=\"73a09b9\" data-element_type=\"column\" data-e-type=\"column\">\n\t\t\t<div class=\"elementor-widget-wrap elementor-element-populated\">\n\t\t\t\t\t\t<div class=\"elementor-element elementor-element-2376d63 elementor--h-position-center elementor--v-position-middle elementor-arrows-position-inside elementor-pagination-position-inside elementor-widget elementor-widget-slides\" data-id=\"2376d63\" data-element_type=\"widget\" data-e-type=\"widget\" data-settings=\"{&quot;navigation&quot;:&quot;both&quot;,&quot;autoplay&quot;:&quot;yes&quot;,&quot;pause_on_hover&quot;:&quot;yes&quot;,&quot;pause_on_interaction&quot;:&quot;yes&quot;,&quot;autoplay_speed&quot;:5000,&quot;infinite&quot;:&quot;yes&quot;,&quot;transition&quot;:&quot;slide&quot;,&quot;transition_speed&quot;:500}\" data-widget_type=\"slides.default\">\n\t\t\t\t<div class=\"elementor-widget-container\">\n\t\t\t\t\t\t\t\t\t<div class=\"elementor-swiper\">\n\t\t\t\t\t<div class=\"elementor-slides-wrapper elementor-main-swiper swiper\" role=\"region\" aria-roledescription=\"carousel\" aria-label=\"Slides\" dir=\"ltr\" data-animation=\"fadeInUp\">\n\t\t\t\t<div class=\"swiper-wrapper elementor-slides\">\n\t\t\t\t\t\t\t\t\t\t<div class=\"elementor-repeater-item-f0595d4 swiper-slide\" role=\"group\" aria-roledescription=\"slide\"><div class=\"swiper-slide-bg\" role=\"img\" aria-label=\"The master processes the valuable metal in the home workshop\"><\/div><div class=\"swiper-slide-inner\" ><div class=\"swiper-slide-contents\"><\/div><\/div><\/div><div class=\"elementor-repeater-item-6f8f2b7 swiper-slide\" role=\"group\" aria-roledescription=\"slide\"><div class=\"swiper-slide-bg\" role=\"img\" aria-label=\"nature. sunset in the woods\"><\/div><div class=\"swiper-slide-inner\" ><div class=\"swiper-slide-contents\"><\/div><\/div><\/div><div class=\"elementor-repeater-item-1af16f0 swiper-slide\" role=\"group\" aria-roledescription=\"slide\"><div class=\"swiper-slide-bg\" role=\"img\" aria-label=\"Studente o insegnante intelligente che disegna una formula matematica alla lavagna, vestito con l&#039;uniforme universitaria.\"><\/div><div class=\"swiper-slide-inner\" ><div class=\"swiper-slide-contents\"><\/div><\/div><\/div>\t\t\t\t<\/div>\n\t\t\t\t\t\t\t\t\t\t\t\t\t\t\t<div class=\"elementor-swiper-button elementor-swiper-button-prev\" role=\"button\" tabindex=\"0\" aria-label=\"Diapositiva precedente\">\n\t\t\t\t\t\t\t<i aria-hidden=\"true\" class=\"eicon-chevron-left\"><\/i>\t\t\t\t\t\t<\/div>\n\t\t\t\t\t\t<div class=\"elementor-swiper-button elementor-swiper-button-next\" role=\"button\" tabindex=\"0\" aria-label=\"Prossima diapositiva\">\n\t\t\t\t\t\t\t<i aria-hidden=\"true\" class=\"eicon-chevron-right\"><\/i>\t\t\t\t\t\t<\/div>\n\t\t\t\t\t\t\t\t\t\t\t\t\t\t\t\t<div class=\"swiper-pagination\"><\/div>\n\t\t\t\t\t\t\t\t\t\t\t\t<\/div>\n\t\t\t\t<\/div>\n\t\t\t\t\t\t\t\t<\/div>\n\t\t\t\t<\/div>\n\t\t\t\t\t<\/div>\n\t\t<\/div>\n\t\t\t\t\t<\/div>\n\t\t<\/section>\n\t\t\t\t<section class=\"elementor-section elementor-top-section elementor-element elementor-element-1781246 elementor-section-boxed elementor-section-height-default elementor-section-height-default\" data-id=\"1781246\" data-element_type=\"section\" data-e-type=\"section\">\n\t\t\t\t\t\t<div class=\"elementor-container elementor-column-gap-default\">\n\t\t\t\t\t<div class=\"elementor-column elementor-col-100 elementor-top-column elementor-element elementor-element-118bd09\" data-id=\"118bd09\" data-element_type=\"column\" data-e-type=\"column\">\n\t\t\t<div class=\"elementor-widget-wrap elementor-element-populated\">\n\t\t\t\t\t\t<div class=\"elementor-element elementor-element-3f8c9b3 elementor-widget elementor-widget-heading\" data-id=\"3f8c9b3\" data-element_type=\"widget\" data-e-type=\"widget\" data-widget_type=\"heading.default\">\n\t\t\t\t<div class=\"elementor-widget-container\">\n\t\t\t\t\t<h1 class=\"elementor-heading-title elementor-size-default\">Il microdosaggio aumenta la creativit\u00e0?<\/h1>\t\t\t\t<\/div>\n\t\t\t\t<\/div>\n\t\t\t\t\t<\/div>\n\t\t<\/div>\n\t\t\t\t\t<\/div>\n\t\t<\/section>\n\t\t\t\t<section class=\"elementor-section elementor-top-section elementor-element elementor-element-583e9ad elementor-section-boxed elementor-section-height-default elementor-section-height-default\" data-id=\"583e9ad\" data-element_type=\"section\" data-e-type=\"section\">\n\t\t\t\t\t\t<div class=\"elementor-container elementor-column-gap-default\">\n\t\t\t\t\t<div class=\"elementor-column elementor-col-100 elementor-top-column elementor-element elementor-element-155ecee\" data-id=\"155ecee\" data-element_type=\"column\" data-e-type=\"column\">\n\t\t\t<div class=\"elementor-widget-wrap elementor-element-populated\">\n\t\t\t\t\t\t<div class=\"elementor-element elementor-element-dd36332 elementor-widget elementor-widget-text-editor\" data-id=\"dd36332\" data-element_type=\"widget\" data-e-type=\"widget\" data-widget_type=\"text-editor.default\">\n\t\t\t\t<div class=\"elementor-widget-container\">\n\t\t\t\t\t\t\t\t\t<p class=\"MsoNormal\">La creativit\u00e0 \u00e8 una qualit\u00e0 che viene spesso ammirata: le persone creative dipingono, cantano o scrivono e ottengono regolarmente idee frizzanti e speciali. La creativit\u00e0 \u00e8 anche qualcosa che non \u00e8 facilmente applicabile. Ecco perch\u00e9 il microdosaggio pu\u00f2 essere una manna dal cielo: un rimedio naturale che pu\u00f2 stimolare la creativit\u00e0. Sempre pi\u00f9 studi dimostrano che prendere microdosi di psichedelici pu\u00f2 aiutare a pensare fuori dagli schemi. Il microdosaggio consente quindi una maggiore creativit\u00e0.<\/p>\n<h2 style=\"margin-left: 0cm; text-indent: 0cm; mso-list: l0 level2 lfo1;\">La magia della creativit\u00e0<\/h2>\n<p class=\"MsoNormal\">La creativit\u00e0 \u00e8 un tratto ammirato ma sfuggente. Non per niente nell&#8217;antichit\u00e0 si pensava che il tuo talento creativo dipendesse da una musa (ispirazione proveniente da una dea) o fosse dato da Dio. Lei ha avuto poca voce in capitolo. Questo si evince anche dal fatto che tutti gli artisti possono soffrire di un blocco (il ben noto blocco dello scrittore, che in realt\u00e0 non \u00e8 un problema solo per gli scrittori) per cui nulla esce dalle loro dita. Se la creativit\u00e0 non fluisce, allora devi solo aspettare che lo faccia di nuovo.<\/p>\n<p class=\"MsoNormal\">Ma ci pu\u00f2 essere qualcosa da fare, cio\u00e8 il microdosaggio. Gli utenti che prendono microdosi di sostanze psichedeliche (come funghi magici o tartufi) dicono che questo stimola la loro creativit\u00e0. Il microdosaggio sembra stimolare certi recettori, rendendo il tuo pensiero pi\u00f9 flessibile e aumentando le tue capacit\u00e0 di risoluzione dei problemi.<\/p>\n<p><img fetchpriority=\"high\" decoding=\"async\" class=\"aligncenter wp-image-27251 size-full\" src=\"https:\/\/dutchmicrodosing.com\/wp-content\/uploads\/2023\/08\/idea-concept-scaled.jpg\" alt=\"Microdosaggio pi\u00f9 creativo  \" width=\"2560\" height=\"1707\" srcset=\"https:\/\/dutchmicrodosing.com\/wp-content\/uploads\/2023\/08\/idea-concept-scaled.jpg 2560w, https:\/\/dutchmicrodosing.com\/wp-content\/uploads\/2023\/08\/idea-concept-scaled-600x400.jpg 600w, https:\/\/dutchmicrodosing.com\/wp-content\/uploads\/2023\/08\/idea-concept-300x200.jpg 300w, https:\/\/dutchmicrodosing.com\/wp-content\/uploads\/2023\/08\/idea-concept-1024x683.jpg 1024w, https:\/\/dutchmicrodosing.com\/wp-content\/uploads\/2023\/08\/idea-concept-768x512.jpg 768w, https:\/\/dutchmicrodosing.com\/wp-content\/uploads\/2023\/08\/idea-concept-1536x1024.jpg 1536w, https:\/\/dutchmicrodosing.com\/wp-content\/uploads\/2023\/08\/idea-concept-2048x1365.jpg 2048w\" sizes=\"(max-width: 2560px) 100vw, 2560px\" \/><\/p>\n<h2 style=\"margin-left: 0cm; text-indent: 0cm; mso-list: l0 level2 lfo1;\">Come il microdosaggio stimola la creativit\u00e0<\/h2>\n<p class=\"MsoNormal\">Il microdosaggio ha un grande potenziale per migliorare i nostri&nbsp;stimolare i <a href=\"https:\/\/dutchmicrodosing.com\/it\/funzioni-cognitive\/\">processi cognitivi<\/a> e ci sono ricercatori che vogliono saperne di pi\u00f9. Uno di questi ricercatori \u00e8 Luisa Prochazkova dell&#8217;Universit\u00e0 di Leiden. Dosi normali di psichedelici, come l&#8217;LSD, stimolano la flessibilit\u00e0 cognitiva e il pensiero divergente. Ma si sperimenta anche l&#8217;effetto inquietante delle allucinazioni. Il microdosaggio ti d\u00e0 la possibilit\u00e0 di sperimentare i benefici degli psichedelici, senza gli effetti di alterazione della mente e senza il rischio di un possibile &#8220;bad trip&#8221;.<\/p>\n<p class=\"MsoNormal\">La ricerca di Prochazkova mirava a scoprire su quale delle tre aree della cognizione il microdosaggio aveva un effetto: il pensiero convergente (trovare una soluzione), il pensiero divergente (non lineare, trovare pi\u00f9 soluzioni a un problema) e l&#8217;intelligenza fluida. Soprattutto il pensiero divergente \u00e8 importante per essere creativi. Il microdosaggio ha avuto un impatto positivo sul pensiero divergente. I partecipanti hanno indicato che hanno notato un miglioramento nel pensiero fuori dagli schemi. Il microdosaggio pu\u00f2 essere utile anche come <a href=\"https:\/\/dutchmicrodosing.com\/it\/applicazioni-mediche\/\">applicazione medica<\/a>.<\/p>\n<p class=\"MsoNormal\">Prochazkova afferma di trovare sorprendente che sia il pensiero divergente che quello convergente siano influenzati dal microdosaggio. Questi due modi di pensare non sono normalmente correlati e sono influenzati da altri fattori. Quindi \u00e8 sorprendente che il microdosaggio abbia un impatto positivo su entrambi. Potrebbe anche essere il caso, dice il ricercatore, che una normale dose di psichedelici aumenti la tua creativit\u00e0, ma a spese del pensiero razionale. Al contrario, il microdosaggio potrebbe stimolare il cervello a trovare un equilibrio ottimale tra flessibilit\u00e0 e pensiero logico.<\/p>\n<p><img decoding=\"async\" class=\"aligncenter wp-image-27258 size-full\" src=\"https:\/\/dutchmicrodosing.com\/wp-content\/uploads\/2023\/08\/diverse-people-with-creative-inspiration-speech-bubbles-scaled.jpg\" alt=\"Pi\u00f9 creativit\u00e0 grazie al microdosaggio\" width=\"2560\" height=\"1828\" srcset=\"https:\/\/dutchmicrodosing.com\/wp-content\/uploads\/2023\/08\/diverse-people-with-creative-inspiration-speech-bubbles-scaled.jpg 2560w, https:\/\/dutchmicrodosing.com\/wp-content\/uploads\/2023\/08\/diverse-people-with-creative-inspiration-speech-bubbles-scaled-600x428.jpg 600w, https:\/\/dutchmicrodosing.com\/wp-content\/uploads\/2023\/08\/diverse-people-with-creative-inspiration-speech-bubbles-300x214.jpg 300w, https:\/\/dutchmicrodosing.com\/wp-content\/uploads\/2023\/08\/diverse-people-with-creative-inspiration-speech-bubbles-1024x731.jpg 1024w, https:\/\/dutchmicrodosing.com\/wp-content\/uploads\/2023\/08\/diverse-people-with-creative-inspiration-speech-bubbles-768x549.jpg 768w, https:\/\/dutchmicrodosing.com\/wp-content\/uploads\/2023\/08\/diverse-people-with-creative-inspiration-speech-bubbles-1536x1097.jpg 1536w, https:\/\/dutchmicrodosing.com\/wp-content\/uploads\/2023\/08\/diverse-people-with-creative-inspiration-speech-bubbles-2048x1463.jpg 2048w\" sizes=\"(max-width: 2560px) 100vw, 2560px\" \/><\/p>\n<h2 style=\"margin-left: 0cm; text-indent: 0cm; mso-list: l0 level2 lfo1;\">Ricerca tra i microdosatori<\/h2>\n<p class=\"MsoNormal\">Il sito web giornalistico theconverstation.com ha fatto un sondaggio <a href=\"https:\/\/theconversation.com\/microdosers-of-psychedelics-report-improved-mood-focus-and-creativity-120279\">\n  <span class=\"Internetkoppeling\">ricerca<\/span>\n<\/a> tra le persone che regolarmente si sottopongono a microdosi. Volevano sapere cosa piaceva e non piaceva del microdosaggio. 909 partecipanti hanno partecipato allo studio. I benefici pi\u00f9 frequentemente menzionati sono stati:<\/p>\n<ul style=\"margin-top: 0cm;\" type=\"disc\">\n<li class=\"MsoNormal\">Miglioramento dell&#8217;umore<\/li>\n<li class=\"MsoNormal\">Migliore concentrazione<\/li>\n<li class=\"MsoNormal\">Pi\u00f9 creativit\u00e0<\/li>\n<\/ul>\n<p class=\"MsoNormal\">Molte persone (26%) hanno riferito un miglioramento dell&#8217;umore, ma anche la creativit\u00e0 \u00e8 stata menzionata frequentemente. Altri effetti positivi sulla <a href=\"https:\/\/dutchmicrodosing.com\/it\/salute\/\">salute<\/a> mentale sono stati l&#8217;aumento della fiducia in se stessi, della motivazione e della produttivit\u00e0. Anche se queste sono tutte aree diverse, si potrebbe anche dire che sono collegate. La maggior parte delle persone non sono creative quando si sentono depresse. La fiducia in se stessi \u00e8 anche importante se si vuole esprimere se stessi in modo creativo, e una buona concentrazione aiuta anche in questo.<\/p>\n<p class=\"MsoNormal\">Quindi, se il microdosaggio ha un impatto positivo su tutte queste aree, fa comunque bene alla tua creativit\u00e0. I dati della ricerca sulla creativit\u00e0 e il microdosaggio sono purtroppo ancora piuttosto scarsi. E cos\u00ec alcuni studi non sono stati fatti neanche clinicamente. Nonostante ci\u00f2, i dati sembrano indicare che il microdosaggio pu\u00f2 dare una grande spinta alla tua creativit\u00e0. La <a href=\"https:\/\/dutchmicrodosing.com\/it\/personalita\/\">personalit\u00e0<\/a> che a volte fatica a entrare nel flusso creativo potrebbe fare un tentativo.<\/p>\t\t\t\t\t\t\t\t<\/div>\n\t\t\t\t<\/div>\n\t\t\t\t\t<\/div>\n\t\t<\/div>\n\t\t\t\t\t<\/div>\n\t\t<\/section>\n\t\t\t\t<\/div>\n\t\t","protected":false},"excerpt":{"rendered":"<p>Il microdosaggio aumenta la creativit\u00e0? La creativit\u00e0 \u00e8 una qualit\u00e0 che viene spesso ammirata: le persone creative dipingono, cantano o scrivono e ottengono regolarmente idee frizzanti e speciali. La creativit\u00e0 \u00e8 anche qualcosa che non \u00e8 facilmente applicabile. Ecco perch\u00e9 il microdosaggio pu\u00f2 essere una manna dal cielo: un rimedio naturale che pu\u00f2 stimolare la [&hellip;]<\/p>\n","protected":false},"author":10,"featured_media":0,"parent":0,"menu_order":0,"comment_status":"closed","ping_status":"closed","template":"","meta":{"footnotes":""},"class_list":["post-6339","page","type-page","status-publish","hentry"],"yoast_head":"<!-- This site is optimized with the Yoast SEO Premium plugin v26.4 (Yoast SEO v27.2) - https:\/\/yoast.com\/product\/yoast-seo-premium-wordpress\/ -->\n<title>DutchMicrodosing | Microdosing per una maggiore creativit\u00e0<\/title>\n<meta name=\"description\" content=\"Microdosare pi\u00f9 creativit\u00e0? Scopri come piccole dosi di psichedelici migliorano le tue capacit\u00e0 di pensiero creativo con la pratica e la ricerca.\" \/>\n<meta name=\"robots\" content=\"index, follow, max-snippet:-1, max-image-preview:large, max-video-preview:-1\" \/>\n<link rel=\"canonical\" href=\"https:\/\/dutchmicrodosing.com\/it\/creativita\/\" \/>\n<meta property=\"og:locale\" content=\"it_IT\" \/>\n<meta property=\"og:type\" content=\"article\" \/>\n<meta property=\"og:title\" content=\"Creativit\u00e0\" \/>\n<meta property=\"og:description\" content=\"Il microdosaggio aumenta la creativit\u00e0? La creativit\u00e0 \u00e8 una qualit\u00e0 che viene spesso ammirata: le persone creative dipingono, cantano o scrivono e\" \/>\n<meta property=\"og:url\" content=\"https:\/\/dutchmicrodosing.com\/it\/creativita\/\" \/>\n<meta property=\"og:site_name\" content=\"Dutchmicrodosing\" \/>\n<meta property=\"article:publisher\" content=\"https:\/\/www.facebook.com\/Dutchmicrodosingxp\/\" \/>\n<meta property=\"article:modified_time\" content=\"2025-10-20T21:05:51+00:00\" \/>\n<meta property=\"og:image\" content=\"https:\/\/dutchmicrodosing.com\/wp-content\/uploads\/2023\/08\/idea-concept-scaled.jpg\" \/>\n\t<meta property=\"og:image:width\" content=\"2560\" \/>\n\t<meta property=\"og:image:height\" content=\"1707\" \/>\n\t<meta property=\"og:image:type\" content=\"image\/jpeg\" \/>\n<meta name=\"twitter:card\" content=\"summary_large_image\" \/>\n<script type=\"application\/ld+json\" class=\"yoast-schema-graph\">{\"@context\":\"https:\/\/schema.org\",\"@graph\":[{\"@type\":\"WebPage\",\"@id\":\"https:\/\/dutchmicrodosing.com\/it\/creativita\/\",\"url\":\"https:\/\/dutchmicrodosing.com\/it\/creativita\/\",\"name\":\"DutchMicrodosing | Microdosing per una maggiore creativit\u00e0\",\"isPartOf\":{\"@id\":\"https:\/\/dutchmicrodosing.com\/it\/#website\"},\"primaryImageOfPage\":{\"@id\":\"https:\/\/dutchmicrodosing.com\/it\/creativita\/#primaryimage\"},\"image\":{\"@id\":\"https:\/\/dutchmicrodosing.com\/it\/creativita\/#primaryimage\"},\"thumbnailUrl\":\"https:\/\/dutchmicrodosing.com\/wp-content\/uploads\/2023\/08\/idea-concept-scaled.jpg\",\"datePublished\":\"2021-06-06T19:21:05+00:00\",\"dateModified\":\"2025-10-20T21:05:51+00:00\",\"description\":\"Microdosare pi\u00f9 creativit\u00e0? Scopri come piccole dosi di psichedelici migliorano le tue capacit\u00e0 di pensiero creativo con la pratica e la ricerca.\",\"breadcrumb\":{\"@id\":\"https:\/\/dutchmicrodosing.com\/it\/creativita\/#breadcrumb\"},\"inLanguage\":\"it-IT\",\"potentialAction\":[{\"@type\":\"ReadAction\",\"target\":[\"https:\/\/dutchmicrodosing.com\/it\/creativita\/\"]}]},{\"@type\":\"ImageObject\",\"inLanguage\":\"it-IT\",\"@id\":\"https:\/\/dutchmicrodosing.com\/it\/creativita\/#primaryimage\",\"url\":\"https:\/\/dutchmicrodosing.com\/wp-content\/uploads\/2023\/08\/idea-concept-scaled.jpg\",\"contentUrl\":\"https:\/\/dutchmicrodosing.com\/wp-content\/uploads\/2023\/08\/idea-concept-scaled.jpg\"},{\"@type\":\"BreadcrumbList\",\"@id\":\"https:\/\/dutchmicrodosing.com\/it\/creativita\/#breadcrumb\",\"itemListElement\":[{\"@type\":\"ListItem\",\"position\":1,\"name\":\"Home\",\"item\":\"https:\/\/dutchmicrodosing.com\/it\/\"},{\"@type\":\"ListItem\",\"position\":2,\"name\":\"Creativit\u00e0\"}]},{\"@type\":\"WebSite\",\"@id\":\"https:\/\/dutchmicrodosing.com\/it\/#website\",\"url\":\"https:\/\/dutchmicrodosing.com\/it\/\",\"name\":\"Dutchmicrodosing\",\"description\":\"\",\"publisher\":{\"@id\":\"https:\/\/dutchmicrodosing.com\/it\/#organization\"},\"potentialAction\":[{\"@type\":\"SearchAction\",\"target\":{\"@type\":\"EntryPoint\",\"urlTemplate\":\"https:\/\/dutchmicrodosing.com\/it\/?s={search_term_string}\"},\"query-input\":{\"@type\":\"PropertyValueSpecification\",\"valueRequired\":true,\"valueName\":\"search_term_string\"}}],\"inLanguage\":\"it-IT\"},{\"@type\":\"Organization\",\"@id\":\"https:\/\/dutchmicrodosing.com\/it\/#organization\",\"name\":\"Dutchmicrodosing\",\"url\":\"https:\/\/dutchmicrodosing.com\/it\/\",\"logo\":{\"@type\":\"ImageObject\",\"inLanguage\":\"it-IT\",\"@id\":\"https:\/\/dutchmicrodosing.com\/it\/#\/schema\/logo\/image\/\",\"url\":\"https:\/\/dutchmicrodosing.com\/wp-content\/uploads\/2021\/01\/microdosing-categorie-pic-nieuw.jpg\",\"contentUrl\":\"https:\/\/dutchmicrodosing.com\/wp-content\/uploads\/2021\/01\/microdosing-categorie-pic-nieuw.jpg\",\"width\":500,\"height\":500,\"caption\":\"Dutchmicrodosing\"},\"image\":{\"@id\":\"https:\/\/dutchmicrodosing.com\/it\/#\/schema\/logo\/image\/\"},\"sameAs\":[\"https:\/\/www.facebook.com\/Dutchmicrodosingxp\/\",\"https:\/\/www.instagram.com\/dutchmicrodosing\/\"]}]}<\/script>\n<!-- \/ Yoast SEO Premium plugin. -->","yoast_head_json":{"title":"DutchMicrodosing | Microdosing per una maggiore creativit\u00e0","description":"Microdosare pi\u00f9 creativit\u00e0? Scopri come piccole dosi di psichedelici migliorano le tue capacit\u00e0 di pensiero creativo con la pratica e la ricerca.","robots":{"index":"index","follow":"follow","max-snippet":"max-snippet:-1","max-image-preview":"max-image-preview:large","max-video-preview":"max-video-preview:-1"},"canonical":"https:\/\/dutchmicrodosing.com\/it\/creativita\/","og_locale":"it_IT","og_type":"article","og_title":"Creativit\u00e0","og_description":"Il microdosaggio aumenta la creativit\u00e0? La creativit\u00e0 \u00e8 una qualit\u00e0 che viene spesso ammirata: le persone creative dipingono, cantano o scrivono e","og_url":"https:\/\/dutchmicrodosing.com\/it\/creativita\/","og_site_name":"Dutchmicrodosing","article_publisher":"https:\/\/www.facebook.com\/Dutchmicrodosingxp\/","article_modified_time":"2025-10-20T21:05:51+00:00","og_image":[{"width":2560,"height":1707,"url":"https:\/\/dutchmicrodosing.com\/wp-content\/uploads\/2023\/08\/idea-concept-scaled.jpg","type":"image\/jpeg"}],"twitter_card":"summary_large_image","schema":{"@context":"https:\/\/schema.org","@graph":[{"@type":"WebPage","@id":"https:\/\/dutchmicrodosing.com\/it\/creativita\/","url":"https:\/\/dutchmicrodosing.com\/it\/creativita\/","name":"DutchMicrodosing | Microdosing per una maggiore creativit\u00e0","isPartOf":{"@id":"https:\/\/dutchmicrodosing.com\/it\/#website"},"primaryImageOfPage":{"@id":"https:\/\/dutchmicrodosing.com\/it\/creativita\/#primaryimage"},"image":{"@id":"https:\/\/dutchmicrodosing.com\/it\/creativita\/#primaryimage"},"thumbnailUrl":"https:\/\/dutchmicrodosing.com\/wp-content\/uploads\/2023\/08\/idea-concept-scaled.jpg","datePublished":"2021-06-06T19:21:05+00:00","dateModified":"2025-10-20T21:05:51+00:00","description":"Microdosare pi\u00f9 creativit\u00e0? Scopri come piccole dosi di psichedelici migliorano le tue capacit\u00e0 di pensiero creativo con la pratica e la ricerca.","breadcrumb":{"@id":"https:\/\/dutchmicrodosing.com\/it\/creativita\/#breadcrumb"},"inLanguage":"it-IT","potentialAction":[{"@type":"ReadAction","target":["https:\/\/dutchmicrodosing.com\/it\/creativita\/"]}]},{"@type":"ImageObject","inLanguage":"it-IT","@id":"https:\/\/dutchmicrodosing.com\/it\/creativita\/#primaryimage","url":"https:\/\/dutchmicrodosing.com\/wp-content\/uploads\/2023\/08\/idea-concept-scaled.jpg","contentUrl":"https:\/\/dutchmicrodosing.com\/wp-content\/uploads\/2023\/08\/idea-concept-scaled.jpg"},{"@type":"BreadcrumbList","@id":"https:\/\/dutchmicrodosing.com\/it\/creativita\/#breadcrumb","itemListElement":[{"@type":"ListItem","position":1,"name":"Home","item":"https:\/\/dutchmicrodosing.com\/it\/"},{"@type":"ListItem","position":2,"name":"Creativit\u00e0"}]},{"@type":"WebSite","@id":"https:\/\/dutchmicrodosing.com\/it\/#website","url":"https:\/\/dutchmicrodosing.com\/it\/","name":"Dutchmicrodosing","description":"","publisher":{"@id":"https:\/\/dutchmicrodosing.com\/it\/#organization"},"potentialAction":[{"@type":"SearchAction","target":{"@type":"EntryPoint","urlTemplate":"https:\/\/dutchmicrodosing.com\/it\/?s={search_term_string}"},"query-input":{"@type":"PropertyValueSpecification","valueRequired":true,"valueName":"search_term_string"}}],"inLanguage":"it-IT"},{"@type":"Organization","@id":"https:\/\/dutchmicrodosing.com\/it\/#organization","name":"Dutchmicrodosing","url":"https:\/\/dutchmicrodosing.com\/it\/","logo":{"@type":"ImageObject","inLanguage":"it-IT","@id":"https:\/\/dutchmicrodosing.com\/it\/#\/schema\/logo\/image\/","url":"https:\/\/dutchmicrodosing.com\/wp-content\/uploads\/2021\/01\/microdosing-categorie-pic-nieuw.jpg","contentUrl":"https:\/\/dutchmicrodosing.com\/wp-content\/uploads\/2021\/01\/microdosing-categorie-pic-nieuw.jpg","width":500,"height":500,"caption":"Dutchmicrodosing"},"image":{"@id":"https:\/\/dutchmicrodosing.com\/it\/#\/schema\/logo\/image\/"},"sameAs":["https:\/\/www.facebook.com\/Dutchmicrodosingxp\/","https:\/\/www.instagram.com\/dutchmicrodosing\/"]}]}},"_links":{"self":[{"href":"https:\/\/dutchmicrodosing.com\/it\/wp-json\/wp\/v2\/pages\/6339","targetHints":{"allow":["GET"]}}],"collection":[{"href":"https:\/\/dutchmicrodosing.com\/it\/wp-json\/wp\/v2\/pages"}],"about":[{"href":"https:\/\/dutchmicrodosing.com\/it\/wp-json\/wp\/v2\/types\/page"}],"author":[{"embeddable":true,"href":"https:\/\/dutchmicrodosing.com\/it\/wp-json\/wp\/v2\/users\/10"}],"replies":[{"embeddable":true,"href":"https:\/\/dutchmicrodosing.com\/it\/wp-json\/wp\/v2\/comments?post=6339"}],"version-history":[{"count":0,"href":"https:\/\/dutchmicrodosing.com\/it\/wp-json\/wp\/v2\/pages\/6339\/revisions"}],"wp:attachment":[{"href":"https:\/\/dutchmicrodosing.com\/it\/wp-json\/wp\/v2\/media?parent=6339"}],"curies":[{"name":"wp","href":"https:\/\/api.w.org\/{rel}","templated":true}]}}