{"id":6344,"date":"2021-06-06T19:22:05","date_gmt":"2021-06-06T19:22:05","guid":{"rendered":"https:\/\/dutchmicrodosing.com\/funzioni-cognitive\/"},"modified":"2025-10-20T23:05:51","modified_gmt":"2025-10-20T21:05:51","slug":"funzioni-cognitive","status":"publish","type":"page","link":"https:\/\/dutchmicrodosing.com\/it\/funzioni-cognitive\/","title":{"rendered":"Funzioni cognitive"},"content":{"rendered":"\t\t<div data-elementor-type=\"wp-page\" data-elementor-id=\"6344\" class=\"elementor elementor-6344 elementor-367\" data-elementor-post-type=\"page\">\n\t\t\t\t\t\t<section class=\"elementor-section elementor-top-section elementor-element elementor-element-6a2390b elementor-section-boxed elementor-section-height-default elementor-section-height-default\" data-id=\"6a2390b\" data-element_type=\"section\" data-e-type=\"section\">\n\t\t\t\t\t\t<div class=\"elementor-container elementor-column-gap-default\">\n\t\t\t\t\t<div class=\"elementor-column elementor-col-100 elementor-top-column elementor-element elementor-element-526b4cc\" data-id=\"526b4cc\" data-element_type=\"column\" data-e-type=\"column\">\n\t\t\t<div class=\"elementor-widget-wrap elementor-element-populated\">\n\t\t\t\t\t\t<div class=\"elementor-element elementor-element-4739def elementor--h-position-center elementor--v-position-middle elementor-arrows-position-inside elementor-pagination-position-inside elementor-widget elementor-widget-slides\" data-id=\"4739def\" data-element_type=\"widget\" data-e-type=\"widget\" data-settings=\"{&quot;navigation&quot;:&quot;both&quot;,&quot;autoplay&quot;:&quot;yes&quot;,&quot;pause_on_hover&quot;:&quot;yes&quot;,&quot;pause_on_interaction&quot;:&quot;yes&quot;,&quot;autoplay_speed&quot;:5000,&quot;infinite&quot;:&quot;yes&quot;,&quot;transition&quot;:&quot;slide&quot;,&quot;transition_speed&quot;:500}\" data-widget_type=\"slides.default\">\n\t\t\t\t<div class=\"elementor-widget-container\">\n\t\t\t\t\t\t\t\t\t<div class=\"elementor-swiper\">\n\t\t\t\t\t<div class=\"elementor-slides-wrapper elementor-main-swiper swiper\" role=\"region\" aria-roledescription=\"carousel\" aria-label=\"Slides\" dir=\"ltr\" data-animation=\"fadeInUp\">\n\t\t\t\t<div class=\"swiper-wrapper elementor-slides\">\n\t\t\t\t\t\t\t\t\t\t<div class=\"elementor-repeater-item-9739b10 swiper-slide\" role=\"group\" aria-roledescription=\"slide\"><div class=\"swiper-slide-bg\" role=\"img\" aria-label=\"Studente o insegnante intelligente che disegna una formula matematica alla lavagna, vestito con l&#039;uniforme universitaria.\"><\/div><div class=\"swiper-slide-inner\" ><div class=\"swiper-slide-contents\"><\/div><\/div><\/div>\t\t\t\t<\/div>\n\t\t\t\t\t\t\t<\/div>\n\t\t\t\t<\/div>\n\t\t\t\t\t\t\t\t<\/div>\n\t\t\t\t<\/div>\n\t\t\t\t\t<\/div>\n\t\t<\/div>\n\t\t\t\t\t<\/div>\n\t\t<\/section>\n\t\t\t\t<section class=\"elementor-section elementor-top-section elementor-element elementor-element-fa6256e elementor-section-boxed elementor-section-height-default elementor-section-height-default\" data-id=\"fa6256e\" data-element_type=\"section\" data-e-type=\"section\">\n\t\t\t\t\t\t<div class=\"elementor-container elementor-column-gap-default\">\n\t\t\t\t\t<div class=\"elementor-column elementor-col-100 elementor-top-column elementor-element elementor-element-4b37c83\" data-id=\"4b37c83\" data-element_type=\"column\" data-e-type=\"column\">\n\t\t\t<div class=\"elementor-widget-wrap elementor-element-populated\">\n\t\t\t\t\t\t<div class=\"elementor-element elementor-element-900a5f5 elementor-widget elementor-widget-heading\" data-id=\"900a5f5\" data-element_type=\"widget\" data-e-type=\"widget\" data-widget_type=\"heading.default\">\n\t\t\t\t<div class=\"elementor-widget-container\">\n\t\t\t\t\t<h1 class=\"elementor-heading-title elementor-size-default\">L'influenza del microdosaggio sulle funzioni cognitive<\/h1>\t\t\t\t<\/div>\n\t\t\t\t<\/div>\n\t\t\t\t<div class=\"elementor-element elementor-element-77f72e8 elementor-widget elementor-widget-text-editor\" data-id=\"77f72e8\" data-element_type=\"widget\" data-e-type=\"widget\" data-widget_type=\"text-editor.default\">\n\t\t\t\t<div class=\"elementor-widget-container\">\n\t\t\t\t\t\t\t\t\t<p style=\"letter-spacing: 0.4px;\">Come influisce il microdosaggio sulle funzioni cognitive? Molte persone sono positive sugli effetti del microdosaggio. Pu\u00f2 influenzare molte aree diverse, emotivamente e fisicamente, cos\u00ec come le vostre funzioni cognitive.<\/p><p style=\"letter-spacing: 0.4px;\"><span style=\"letter-spacing: 0.4px;\">Questo comporta l&#8217;assunzione di piccole quantit\u00e0 di una droga psichedelica, come funghi magici, tartufi o LSD. Queste minuscole quantit\u00e0 non hanno effetti di alterazione della mente sulla base di una <a href=\"https:\/\/dutchmicrodosing.com\/it\/routine-di-microdosaggio\/\">routine di microdosaggio<\/a>. Tuttavia, le persone riferiscono di aver notato un impatto positivo.  <\/span><span style=\"letter-spacing: 0.4px;\">In questo articolo approfondiamo la ricerca sul microdosaggio per le funzioni cognitive.<\/span><\/p>\t\t\t\t\t\t\t\t<\/div>\n\t\t\t\t<\/div>\n\t\t\t\t<div class=\"elementor-element elementor-element-57a0dc7 elementor-widget elementor-widget-heading\" data-id=\"57a0dc7\" data-element_type=\"widget\" data-e-type=\"widget\" data-widget_type=\"heading.default\">\n\t\t\t\t<div class=\"elementor-widget-container\">\n\t\t\t\t\t<h2 class=\"elementor-heading-title elementor-size-default\">Cosa sono le funzioni cognitive?<\/h2>\t\t\t\t<\/div>\n\t\t\t\t<\/div>\n\t\t\t\t<div class=\"elementor-element elementor-element-4d7402b elementor-widget elementor-widget-text-editor\" data-id=\"4d7402b\" data-element_type=\"widget\" data-e-type=\"widget\" data-widget_type=\"text-editor.default\">\n\t\t\t\t<div class=\"elementor-widget-container\">\n\t\t\t\t\t\t\t\t\t<p style=\"letter-spacing: 0.4px;\">Il microdosaggio pu\u00f2 influenzare il tuo funzionamento cognitivo in diversi modi. Per funzioni e abilit\u00e0 cognitive intendiamo:<\/p><ul style=\"font-size: 18px; background-color: #ffffff; letter-spacing: 0.4px;\"><li style=\"font-size: 18px;\">Memoria<\/li><li style=\"font-size: 18px;\">Registrazione ed elaborazione delle informazioni<\/li><li style=\"font-size: 18px;\">Usare la lingua<\/li><li style=\"font-size: 18px;\">Risoluzione dei problemi<\/li><li style=\"font-size: 18px;\">Ragionamento<\/li><li style=\"font-size: 18px;\">Matematica<\/li><li style=\"font-size: 18px;\">Concentrato<\/li><li style=\"font-size: 18px;\">Fare piani<\/li><li style=\"font-size: 18px;\">Capacit\u00e0 di orientamento<\/li><li style=\"font-size: 18px;\">Immaginazione<br><br><\/li><\/ul><div><p><img fetchpriority=\"high\" decoding=\"async\" class=\"alignnone wp-image-27236 size-full\" src=\"https:\/\/dutchmicrodosing.com\/wp-content\/uploads\/2023\/08\/genius-human-brain-abstract-color-powder-explosion-art-scaled.jpg\" alt=\"\" width=\"2560\" height=\"1706\" srcset=\"https:\/\/dutchmicrodosing.com\/wp-content\/uploads\/2023\/08\/genius-human-brain-abstract-color-powder-explosion-art-scaled.jpg 2560w, https:\/\/dutchmicrodosing.com\/wp-content\/uploads\/2023\/08\/genius-human-brain-abstract-color-powder-explosion-art-scaled-600x400.jpg 600w, https:\/\/dutchmicrodosing.com\/wp-content\/uploads\/2023\/08\/genius-human-brain-abstract-color-powder-explosion-art-300x200.jpg 300w, https:\/\/dutchmicrodosing.com\/wp-content\/uploads\/2023\/08\/genius-human-brain-abstract-color-powder-explosion-art-1024x683.jpg 1024w, https:\/\/dutchmicrodosing.com\/wp-content\/uploads\/2023\/08\/genius-human-brain-abstract-color-powder-explosion-art-768x512.jpg 768w, https:\/\/dutchmicrodosing.com\/wp-content\/uploads\/2023\/08\/genius-human-brain-abstract-color-powder-explosion-art-1536x1024.jpg 1536w, https:\/\/dutchmicrodosing.com\/wp-content\/uploads\/2023\/08\/genius-human-brain-abstract-color-powder-explosion-art-2048x1365.jpg 2048w\" sizes=\"(max-width: 2560px) 100vw, 2560px\" \/><\/p><\/div>\t\t\t\t\t\t\t\t<\/div>\n\t\t\t\t<\/div>\n\t\t\t\t<div class=\"elementor-element elementor-element-fab6845 elementor-widget elementor-widget-heading\" data-id=\"fab6845\" data-element_type=\"widget\" data-e-type=\"widget\" data-widget_type=\"heading.default\">\n\t\t\t\t<div class=\"elementor-widget-container\">\n\t\t\t\t\t<h2 class=\"elementor-heading-title elementor-size-default\">Ricerca sul microdosaggio<\/h2>\t\t\t\t<\/div>\n\t\t\t\t<\/div>\n\t\t\t\t<div class=\"elementor-element elementor-element-00fa7b9 elementor-widget elementor-widget-text-editor\" data-id=\"00fa7b9\" data-element_type=\"widget\" data-e-type=\"widget\" data-widget_type=\"text-editor.default\">\n\t\t\t\t<div class=\"elementor-widget-container\">\n\t\t\t\t\t\t\t\t\t<p style=\"letter-spacing: 0.4px;\">Harriet de Wit \u00e8 una psicologa sperimentale all&#8217;Universit\u00e0 di Chicago. \u00c8 una delle prime scienziate ad aver intrapreso studi sul microdosaggio. Attualmente sta conducendo uno dei primi <a href=\"https:\/\/clinicaltrials.gov\/ct2\/show\/NCT03934710?term=university+of+chicago+lsd&amp;draw=2&amp;rank=3\">studi<\/a> in doppio cieco sull&#8217;influenza delle microdosi di LSD sul benessere emotivo delle persone che hanno un umore depresso. Vorrebbe scoprire se il microdosaggio \u00e8 solo una montatura o se c&#8217;\u00e8 dell&#8217;altro. Tuttavia, lo studio non \u00e8 ancora completo e i dati non sono ancora disponibili.<\/p><p style=\"letter-spacing: 0.4px;\"><span style=\"letter-spacing: 0.4px;\">Il neuroscienziato chimico David Olson sta studiando il<\/span><span style=\"letter-spacing: 0.4px;\"> <\/span><a style=\"letter-spacing: 0.4px; background-color: #ffffff;\" href=\"https:\/\/pubs.acs.org\/doi\/10.1021\/acschemneuro.8b00692\">effetti<\/a><span style=\"letter-spacing: 0.4px;\"> <\/span><span style=\"letter-spacing: 0.4px;\">di psichedelici nei ratti all&#8217;Universit\u00e0 della California. Ha dato ai ratti una microdose di DMT (la stessa sostanza psichedelica che si trova nell&#8217;Ayahuasca). Sono stati trattati per due settimane per vedere, tra l&#8217;altro, l&#8217;effetto sulle loro funzioni cognitive. I test sono stati fatti durante i due giorni di riposo tra le dosi. Lo studio ha mostrato che nelle aree della cognizione e del comportamento sociale, non si sono viste limitazioni o miglioramenti. Questo \u00e8 sorprendente perch\u00e9 contraddice le esperienze degli utenti.<\/span><\/p><p style=\"letter-spacing: 0.4px;\"><span style=\"letter-spacing: 0.4px;\">Un altro<\/span><span style=\"letter-spacing: 0.4px;\"> <\/span>team di ricerca<span style=\"letter-spacing: 0.4px;\"> <\/span><span style=\"letter-spacing: 0.4px;\">hanno raccolto i dati di centinaia di partecipanti che avevano reclutato tramite Reddit. I partecipanti hanno dovuto compilare un questionario molto completo, che prevedeva relazioni su nove voci, tra cui <a href=\"https:\/\/dutchmicrodosing.com\/it\/personalita\/\">personalit\u00e0<\/a>, salute mentale e benessere. Ogni giorno hanno annotato come si sentivano e se avevano preso una microdose. Alla fine di un periodo di sei settimane, hanno completato nuovamente lo stesso test.<\/span><\/p><p style=\"letter-spacing: 0.4px;\"><span style=\"letter-spacing: 0.4px;\">I dati hanno mostrato che i partecipanti hanno ottenuto punteggi migliori del normale nei giorni in cui hanno fatto la microdose. Questo era evidente in una variet\u00e0 di aree, compresa la cognizione (concentrazione e produttivit\u00e0). Si \u00e8 notato che soprattutto in queste due aree, c&#8217;\u00e8 stato ancora un miglioramento nei giorni successivi, cio\u00e8 nei giorni in cui non hanno preso la microdose. Questo \u00e8 coerente con i rapporti che l&#8217;effetto del microdosaggio dura per diversi giorni.<\/span><\/p><p><img decoding=\"async\" class=\"aligncenter wp-image-19521 size-full\" src=\"https:\/\/dutchmicrodosing.com\/wp-content\/uploads\/2023\/01\/preparing-micro-doses-of-psilocybin-mushrooms-in-science-laboratory-for-experiment.jpg\" alt=\"Ricerca sul microdosaggio\" width=\"2000\" height=\"1333\" srcset=\"https:\/\/dutchmicrodosing.com\/wp-content\/uploads\/2023\/01\/preparing-micro-doses-of-psilocybin-mushrooms-in-science-laboratory-for-experiment.jpg 2000w, https:\/\/dutchmicrodosing.com\/wp-content\/uploads\/2023\/01\/preparing-micro-doses-of-psilocybin-mushrooms-in-science-laboratory-for-experiment-600x400.jpg 600w, https:\/\/dutchmicrodosing.com\/wp-content\/uploads\/2023\/01\/preparing-micro-doses-of-psilocybin-mushrooms-in-science-laboratory-for-experiment-300x200.jpg 300w, https:\/\/dutchmicrodosing.com\/wp-content\/uploads\/2023\/01\/preparing-micro-doses-of-psilocybin-mushrooms-in-science-laboratory-for-experiment-1024x682.jpg 1024w, https:\/\/dutchmicrodosing.com\/wp-content\/uploads\/2023\/01\/preparing-micro-doses-of-psilocybin-mushrooms-in-science-laboratory-for-experiment-768x512.jpg 768w, https:\/\/dutchmicrodosing.com\/wp-content\/uploads\/2023\/01\/preparing-micro-doses-of-psilocybin-mushrooms-in-science-laboratory-for-experiment-1536x1024.jpg 1536w\" sizes=\"(max-width: 2000px) 100vw, 2000px\" \/><\/p>\t\t\t\t\t\t\t\t<\/div>\n\t\t\t\t<\/div>\n\t\t\t\t<div class=\"elementor-element elementor-element-d0dcd3e elementor-widget elementor-widget-heading\" data-id=\"d0dcd3e\" data-element_type=\"widget\" data-e-type=\"widget\" data-widget_type=\"heading.default\">\n\t\t\t\t<div class=\"elementor-widget-container\">\n\t\t\t\t\t<h2 class=\"elementor-heading-title elementor-size-default\">Ricerca nei Paesi Bassi sull'influenza del microdosaggio<\/h2>\t\t\t\t<\/div>\n\t\t\t\t<\/div>\n\t\t\t\t<div class=\"elementor-element elementor-element-4277ecc elementor-widget elementor-widget-text-editor\" data-id=\"4277ecc\" data-element_type=\"widget\" data-e-type=\"widget\" data-widget_type=\"text-editor.default\">\n\t\t\t\t<div class=\"elementor-widget-container\">\n\t\t\t\t\t\t\t\t\t<p style=\"letter-spacing: 0.4px;\">La <a href=\"https:\/\/pubmed.ncbi.nlm.nih.gov\/30357434\/\">ricerca<\/a> sul microdosaggio \u00e8 in corso anche nei Paesi Bassi. All&#8217;Universit\u00e0 di Leiden, Luisa Prochazkova sta conducendo uno studio sul microdosaggio: Esplorare l&#8217;effetto del microdosaggio di psichedelici sulla creativit\u00e0 in un ambiente naturale open-label. Il rapporto \u00e8 stato pubblicato nel 2018.<\/p><p style=\"letter-spacing: 0.4px;\"><span style=\"letter-spacing: 0.4px;\">Durante lo studio, Prochazkova e i suoi colleghi hanno voluto indagare come una microdose di tartufi secchi avrebbe influenzato le funzioni cognitive di 36 partecipanti. Si tratta del primo studio che esamina l&#8217;effetto di piccole quantit\u00e0 di psichedelici su tre aree cognitive: il pensiero convergente (pensiero sistematico, focalizzato su una soluzione, scelta consapevole), il pensiero divergente<a href=\"https:\/\/dutchmicrodosing.com\/it\/creativita\/\">(pensiero creativo<\/a>, in modo spontaneo e non lineare) e l&#8217;intelligenza fluida (flessibilit\u00e0 di pensiero, ragionamento logico, capacit\u00e0 di risolvere problemi in situazioni nuove).<\/span><\/p><p style=\"letter-spacing: 0.4px;\"><span style=\"letter-spacing: 0.4px;\">Prochazkova e i suoi colleghi hanno riferito che i risultati sembrano indicare un effetto positivo. Il consumo di una microdose aiuta i partecipanti a pensare fuori dagli schemi, dicono. Questo supporta l&#8217;ipotesi che il microdosaggio migliori il pensiero divergente. Ma anche il pensiero convergente era migliorato. L&#8217;intelligenza fluida non sembra essere influenzata dal microdosaggio.<\/span><\/p><p style=\"letter-spacing: 0.4px;\"><span style=\"letter-spacing: 0.4px;\">Sulla base di questi dati iniziali, gli studi sembrano confermare che il microdosaggio di psichedelici pu\u00f2 essere utilizzato per sostenere le vostre capacit\u00e0 cognitive. Si spera che vengano condotti ulteriori studi per chiarire gli effetti sulla nostra <a href=\"https:\/\/dutchmicrodosing.com\/it\/salute\/\">salute<\/a> e sulle nostre capacit\u00e0 di pensiero.<\/span><\/p>\t\t\t\t\t\t\t\t<\/div>\n\t\t\t\t<\/div>\n\t\t\t\t\t<\/div>\n\t\t<\/div>\n\t\t\t\t\t<\/div>\n\t\t<\/section>\n\t\t\t\t<\/div>\n\t\t","protected":false},"excerpt":{"rendered":"<p>L&#8217;influenza del microdosaggio sulle funzioni cognitive Come influisce il microdosaggio sulle funzioni cognitive? Molte persone sono positive sugli effetti del microdosaggio. Pu\u00f2 influenzare molte aree diverse, emotivamente e fisicamente, cos\u00ec come le vostre funzioni cognitive. Questo comporta l&#8217;assunzione di piccole quantit\u00e0 di una droga psichedelica, come funghi magici, tartufi o LSD. Queste minuscole quantit\u00e0 non [&hellip;]<\/p>\n","protected":false},"author":10,"featured_media":0,"parent":0,"menu_order":0,"comment_status":"closed","ping_status":"closed","template":"","meta":{"footnotes":""},"class_list":["post-6344","page","type-page","status-publish","hentry"],"yoast_head":"<!-- This site is optimized with the Yoast SEO Premium plugin v26.4 (Yoast SEO v27.2) - https:\/\/yoast.com\/product\/yoast-seo-premium-wordpress\/ -->\n<title>DutchMicrodosing | Ricerca sul microdosaggio delle funzioni cognitive<\/title>\n<meta name=\"description\" content=\"Scopri negli studi di microdosaggio come il microdosaggio pu\u00f2 migliorare le funzioni cognitive e quali effetti sono stati scientificamente provati\" \/>\n<meta name=\"robots\" content=\"index, follow, max-snippet:-1, max-image-preview:large, max-video-preview:-1\" \/>\n<link rel=\"canonical\" href=\"https:\/\/dutchmicrodosing.com\/it\/funzioni-cognitive\/\" \/>\n<meta property=\"og:locale\" content=\"it_IT\" \/>\n<meta property=\"og:type\" content=\"article\" \/>\n<meta property=\"og:title\" content=\"Funzioni cognitive\" \/>\n<meta property=\"og:description\" content=\"L&#039;influenza del microdosaggio sulle funzioni cognitive Come influisce il microdosaggio sulle funzioni cognitive? Molte persone sono positive sugli effetti\" \/>\n<meta property=\"og:url\" content=\"https:\/\/dutchmicrodosing.com\/it\/funzioni-cognitive\/\" \/>\n<meta property=\"og:site_name\" content=\"Dutchmicrodosing\" \/>\n<meta property=\"article:publisher\" content=\"https:\/\/www.facebook.com\/Dutchmicrodosingxp\/\" \/>\n<meta property=\"article:modified_time\" content=\"2025-10-20T21:05:51+00:00\" \/>\n<meta property=\"og:image\" content=\"https:\/\/dutchmicrodosing.com\/wp-content\/uploads\/2023\/08\/genius-human-brain-abstract-color-powder-explosion-art-scaled.jpg\" \/>\n\t<meta property=\"og:image:width\" content=\"2560\" \/>\n\t<meta property=\"og:image:height\" content=\"1706\" \/>\n\t<meta property=\"og:image:type\" content=\"image\/jpeg\" \/>\n<meta name=\"twitter:card\" content=\"summary_large_image\" \/>\n<script type=\"application\/ld+json\" class=\"yoast-schema-graph\">{\"@context\":\"https:\/\/schema.org\",\"@graph\":[{\"@type\":\"WebPage\",\"@id\":\"https:\/\/dutchmicrodosing.com\/it\/funzioni-cognitive\/\",\"url\":\"https:\/\/dutchmicrodosing.com\/it\/funzioni-cognitive\/\",\"name\":\"DutchMicrodosing | Ricerca sul microdosaggio delle funzioni cognitive\",\"isPartOf\":{\"@id\":\"https:\/\/dutchmicrodosing.com\/it\/#website\"},\"primaryImageOfPage\":{\"@id\":\"https:\/\/dutchmicrodosing.com\/it\/funzioni-cognitive\/#primaryimage\"},\"image\":{\"@id\":\"https:\/\/dutchmicrodosing.com\/it\/funzioni-cognitive\/#primaryimage\"},\"thumbnailUrl\":\"https:\/\/dutchmicrodosing.com\/wp-content\/uploads\/2023\/08\/genius-human-brain-abstract-color-powder-explosion-art-scaled.jpg\",\"datePublished\":\"2021-06-06T19:22:05+00:00\",\"dateModified\":\"2025-10-20T21:05:51+00:00\",\"description\":\"Scopri negli studi di microdosaggio come il microdosaggio pu\u00f2 migliorare le funzioni cognitive e quali effetti sono stati scientificamente provati\",\"breadcrumb\":{\"@id\":\"https:\/\/dutchmicrodosing.com\/it\/funzioni-cognitive\/#breadcrumb\"},\"inLanguage\":\"it-IT\",\"potentialAction\":[{\"@type\":\"ReadAction\",\"target\":[\"https:\/\/dutchmicrodosing.com\/it\/funzioni-cognitive\/\"]}]},{\"@type\":\"ImageObject\",\"inLanguage\":\"it-IT\",\"@id\":\"https:\/\/dutchmicrodosing.com\/it\/funzioni-cognitive\/#primaryimage\",\"url\":\"https:\/\/dutchmicrodosing.com\/wp-content\/uploads\/2023\/08\/genius-human-brain-abstract-color-powder-explosion-art-scaled.jpg\",\"contentUrl\":\"https:\/\/dutchmicrodosing.com\/wp-content\/uploads\/2023\/08\/genius-human-brain-abstract-color-powder-explosion-art-scaled.jpg\"},{\"@type\":\"BreadcrumbList\",\"@id\":\"https:\/\/dutchmicrodosing.com\/it\/funzioni-cognitive\/#breadcrumb\",\"itemListElement\":[{\"@type\":\"ListItem\",\"position\":1,\"name\":\"Home\",\"item\":\"https:\/\/dutchmicrodosing.com\/it\/\"},{\"@type\":\"ListItem\",\"position\":2,\"name\":\"Funzioni cognitive\"}]},{\"@type\":\"WebSite\",\"@id\":\"https:\/\/dutchmicrodosing.com\/it\/#website\",\"url\":\"https:\/\/dutchmicrodosing.com\/it\/\",\"name\":\"Dutchmicrodosing\",\"description\":\"\",\"publisher\":{\"@id\":\"https:\/\/dutchmicrodosing.com\/it\/#organization\"},\"potentialAction\":[{\"@type\":\"SearchAction\",\"target\":{\"@type\":\"EntryPoint\",\"urlTemplate\":\"https:\/\/dutchmicrodosing.com\/it\/?s={search_term_string}\"},\"query-input\":{\"@type\":\"PropertyValueSpecification\",\"valueRequired\":true,\"valueName\":\"search_term_string\"}}],\"inLanguage\":\"it-IT\"},{\"@type\":\"Organization\",\"@id\":\"https:\/\/dutchmicrodosing.com\/it\/#organization\",\"name\":\"Dutchmicrodosing\",\"url\":\"https:\/\/dutchmicrodosing.com\/it\/\",\"logo\":{\"@type\":\"ImageObject\",\"inLanguage\":\"it-IT\",\"@id\":\"https:\/\/dutchmicrodosing.com\/it\/#\/schema\/logo\/image\/\",\"url\":\"https:\/\/dutchmicrodosing.com\/wp-content\/uploads\/2021\/01\/microdosing-categorie-pic-nieuw.jpg\",\"contentUrl\":\"https:\/\/dutchmicrodosing.com\/wp-content\/uploads\/2021\/01\/microdosing-categorie-pic-nieuw.jpg\",\"width\":500,\"height\":500,\"caption\":\"Dutchmicrodosing\"},\"image\":{\"@id\":\"https:\/\/dutchmicrodosing.com\/it\/#\/schema\/logo\/image\/\"},\"sameAs\":[\"https:\/\/www.facebook.com\/Dutchmicrodosingxp\/\",\"https:\/\/www.instagram.com\/dutchmicrodosing\/\"]}]}<\/script>\n<!-- \/ Yoast SEO Premium plugin. -->","yoast_head_json":{"title":"DutchMicrodosing | Ricerca sul microdosaggio delle funzioni cognitive","description":"Scopri negli studi di microdosaggio come il microdosaggio pu\u00f2 migliorare le funzioni cognitive e quali effetti sono stati scientificamente provati","robots":{"index":"index","follow":"follow","max-snippet":"max-snippet:-1","max-image-preview":"max-image-preview:large","max-video-preview":"max-video-preview:-1"},"canonical":"https:\/\/dutchmicrodosing.com\/it\/funzioni-cognitive\/","og_locale":"it_IT","og_type":"article","og_title":"Funzioni cognitive","og_description":"L'influenza del microdosaggio sulle funzioni cognitive Come influisce il microdosaggio sulle funzioni cognitive? Molte persone sono positive sugli effetti","og_url":"https:\/\/dutchmicrodosing.com\/it\/funzioni-cognitive\/","og_site_name":"Dutchmicrodosing","article_publisher":"https:\/\/www.facebook.com\/Dutchmicrodosingxp\/","article_modified_time":"2025-10-20T21:05:51+00:00","og_image":[{"width":2560,"height":1706,"url":"https:\/\/dutchmicrodosing.com\/wp-content\/uploads\/2023\/08\/genius-human-brain-abstract-color-powder-explosion-art-scaled.jpg","type":"image\/jpeg"}],"twitter_card":"summary_large_image","schema":{"@context":"https:\/\/schema.org","@graph":[{"@type":"WebPage","@id":"https:\/\/dutchmicrodosing.com\/it\/funzioni-cognitive\/","url":"https:\/\/dutchmicrodosing.com\/it\/funzioni-cognitive\/","name":"DutchMicrodosing | Ricerca sul microdosaggio delle funzioni cognitive","isPartOf":{"@id":"https:\/\/dutchmicrodosing.com\/it\/#website"},"primaryImageOfPage":{"@id":"https:\/\/dutchmicrodosing.com\/it\/funzioni-cognitive\/#primaryimage"},"image":{"@id":"https:\/\/dutchmicrodosing.com\/it\/funzioni-cognitive\/#primaryimage"},"thumbnailUrl":"https:\/\/dutchmicrodosing.com\/wp-content\/uploads\/2023\/08\/genius-human-brain-abstract-color-powder-explosion-art-scaled.jpg","datePublished":"2021-06-06T19:22:05+00:00","dateModified":"2025-10-20T21:05:51+00:00","description":"Scopri negli studi di microdosaggio come il microdosaggio pu\u00f2 migliorare le funzioni cognitive e quali effetti sono stati scientificamente provati","breadcrumb":{"@id":"https:\/\/dutchmicrodosing.com\/it\/funzioni-cognitive\/#breadcrumb"},"inLanguage":"it-IT","potentialAction":[{"@type":"ReadAction","target":["https:\/\/dutchmicrodosing.com\/it\/funzioni-cognitive\/"]}]},{"@type":"ImageObject","inLanguage":"it-IT","@id":"https:\/\/dutchmicrodosing.com\/it\/funzioni-cognitive\/#primaryimage","url":"https:\/\/dutchmicrodosing.com\/wp-content\/uploads\/2023\/08\/genius-human-brain-abstract-color-powder-explosion-art-scaled.jpg","contentUrl":"https:\/\/dutchmicrodosing.com\/wp-content\/uploads\/2023\/08\/genius-human-brain-abstract-color-powder-explosion-art-scaled.jpg"},{"@type":"BreadcrumbList","@id":"https:\/\/dutchmicrodosing.com\/it\/funzioni-cognitive\/#breadcrumb","itemListElement":[{"@type":"ListItem","position":1,"name":"Home","item":"https:\/\/dutchmicrodosing.com\/it\/"},{"@type":"ListItem","position":2,"name":"Funzioni cognitive"}]},{"@type":"WebSite","@id":"https:\/\/dutchmicrodosing.com\/it\/#website","url":"https:\/\/dutchmicrodosing.com\/it\/","name":"Dutchmicrodosing","description":"","publisher":{"@id":"https:\/\/dutchmicrodosing.com\/it\/#organization"},"potentialAction":[{"@type":"SearchAction","target":{"@type":"EntryPoint","urlTemplate":"https:\/\/dutchmicrodosing.com\/it\/?s={search_term_string}"},"query-input":{"@type":"PropertyValueSpecification","valueRequired":true,"valueName":"search_term_string"}}],"inLanguage":"it-IT"},{"@type":"Organization","@id":"https:\/\/dutchmicrodosing.com\/it\/#organization","name":"Dutchmicrodosing","url":"https:\/\/dutchmicrodosing.com\/it\/","logo":{"@type":"ImageObject","inLanguage":"it-IT","@id":"https:\/\/dutchmicrodosing.com\/it\/#\/schema\/logo\/image\/","url":"https:\/\/dutchmicrodosing.com\/wp-content\/uploads\/2021\/01\/microdosing-categorie-pic-nieuw.jpg","contentUrl":"https:\/\/dutchmicrodosing.com\/wp-content\/uploads\/2021\/01\/microdosing-categorie-pic-nieuw.jpg","width":500,"height":500,"caption":"Dutchmicrodosing"},"image":{"@id":"https:\/\/dutchmicrodosing.com\/it\/#\/schema\/logo\/image\/"},"sameAs":["https:\/\/www.facebook.com\/Dutchmicrodosingxp\/","https:\/\/www.instagram.com\/dutchmicrodosing\/"]}]}},"_links":{"self":[{"href":"https:\/\/dutchmicrodosing.com\/it\/wp-json\/wp\/v2\/pages\/6344","targetHints":{"allow":["GET"]}}],"collection":[{"href":"https:\/\/dutchmicrodosing.com\/it\/wp-json\/wp\/v2\/pages"}],"about":[{"href":"https:\/\/dutchmicrodosing.com\/it\/wp-json\/wp\/v2\/types\/page"}],"author":[{"embeddable":true,"href":"https:\/\/dutchmicrodosing.com\/it\/wp-json\/wp\/v2\/users\/10"}],"replies":[{"embeddable":true,"href":"https:\/\/dutchmicrodosing.com\/it\/wp-json\/wp\/v2\/comments?post=6344"}],"version-history":[{"count":0,"href":"https:\/\/dutchmicrodosing.com\/it\/wp-json\/wp\/v2\/pages\/6344\/revisions"}],"wp:attachment":[{"href":"https:\/\/dutchmicrodosing.com\/it\/wp-json\/wp\/v2\/media?parent=6344"}],"curies":[{"name":"wp","href":"https:\/\/api.w.org\/{rel}","templated":true}]}}