{"id":6351,"date":"2021-06-06T19:23:02","date_gmt":"2021-06-06T19:23:02","guid":{"rendered":"https:\/\/dutchmicrodosing.com\/info-e-domande-frequenti\/"},"modified":"2025-11-20T14:42:05","modified_gmt":"2025-11-20T13:42:05","slug":"info-macchina-domande","status":"publish","type":"page","link":"https:\/\/dutchmicrodosing.com\/it\/info-macchina-domande\/","title":{"rendered":"Info e domande frequenti"},"content":{"rendered":"\t\t<div data-elementor-type=\"wp-page\" data-elementor-id=\"6351\" class=\"elementor elementor-6351 elementor-337\" data-elementor-post-type=\"page\">\n\t\t\t\t\t\t<section class=\"elementor-section elementor-top-section elementor-element elementor-element-3770081 elementor-section-boxed elementor-section-height-default elementor-section-height-default\" data-id=\"3770081\" data-element_type=\"section\" data-e-type=\"section\">\n\t\t\t\t\t\t<div class=\"elementor-container elementor-column-gap-default\">\n\t\t\t\t\t<div class=\"elementor-column elementor-col-100 elementor-top-column elementor-element elementor-element-c11591f\" data-id=\"c11591f\" data-element_type=\"column\" data-e-type=\"column\">\n\t\t\t<div class=\"elementor-widget-wrap elementor-element-populated\">\n\t\t\t\t\t\t<div class=\"elementor-element elementor-element-933b331 elementor--h-position-center elementor--v-position-middle elementor-arrows-position-inside elementor-pagination-position-inside elementor-widget elementor-widget-slides\" data-id=\"933b331\" data-element_type=\"widget\" data-e-type=\"widget\" data-settings=\"{&quot;navigation&quot;:&quot;both&quot;,&quot;autoplay&quot;:&quot;yes&quot;,&quot;pause_on_hover&quot;:&quot;yes&quot;,&quot;pause_on_interaction&quot;:&quot;yes&quot;,&quot;autoplay_speed&quot;:5000,&quot;infinite&quot;:&quot;yes&quot;,&quot;transition&quot;:&quot;slide&quot;,&quot;transition_speed&quot;:500}\" data-widget_type=\"slides.default\">\n\t\t\t\t<div class=\"elementor-widget-container\">\n\t\t\t\t\t\t\t\t\t<div class=\"elementor-swiper\">\n\t\t\t\t\t<div class=\"elementor-slides-wrapper elementor-main-swiper swiper\" role=\"region\" aria-roledescription=\"carousel\" aria-label=\"Slides\" dir=\"ltr\" data-animation=\"fadeInUp\">\n\t\t\t\t<div class=\"swiper-wrapper elementor-slides\">\n\t\t\t\t\t\t\t\t\t\t<div class=\"elementor-repeater-item-9fb127a swiper-slide\" role=\"group\" aria-roledescription=\"slide\"><div class=\"swiper-slide-bg\" role=\"img\" aria-label=\"Logo DM 2\"><\/div><div class=\"swiper-slide-inner\" ><div class=\"swiper-slide-contents\"><\/div><\/div><\/div>\t\t\t\t<\/div>\n\t\t\t\t\t\t\t<\/div>\n\t\t\t\t<\/div>\n\t\t\t\t\t\t\t\t<\/div>\n\t\t\t\t<\/div>\n\t\t\t\t\t<\/div>\n\t\t<\/div>\n\t\t\t\t\t<\/div>\n\t\t<\/section>\n\t\t\t\t<section class=\"elementor-section elementor-top-section elementor-element elementor-element-7c885d5 elementor-section-boxed elementor-section-height-default elementor-section-height-default\" data-id=\"7c885d5\" data-element_type=\"section\" data-e-type=\"section\">\n\t\t\t\t\t\t<div class=\"elementor-container elementor-column-gap-default\">\n\t\t\t\t\t<div class=\"elementor-column elementor-col-100 elementor-top-column elementor-element elementor-element-e1154ed\" data-id=\"e1154ed\" data-element_type=\"column\" data-e-type=\"column\">\n\t\t\t<div class=\"elementor-widget-wrap elementor-element-populated\">\n\t\t\t\t\t\t<div class=\"elementor-element elementor-element-8a281eb elementor-widget elementor-widget-heading\" data-id=\"8a281eb\" data-element_type=\"widget\" data-e-type=\"widget\" data-widget_type=\"heading.default\">\n\t\t\t\t<div class=\"elementor-widget-container\">\n\t\t\t\t\t<h1 class=\"elementor-heading-title elementor-size-default\">Info e domande frequenti<\/h1>\t\t\t\t<\/div>\n\t\t\t\t<\/div>\n\t\t\t\t\t<\/div>\n\t\t<\/div>\n\t\t\t\t\t<\/div>\n\t\t<\/section>\n\t\t\t\t<section class=\"elementor-section elementor-top-section elementor-element elementor-element-b5e745f elementor-section-boxed elementor-section-height-default elementor-section-height-default\" data-id=\"b5e745f\" data-element_type=\"section\" data-e-type=\"section\">\n\t\t\t\t\t\t<div class=\"elementor-container elementor-column-gap-default\">\n\t\t\t\t\t<div class=\"elementor-column elementor-col-100 elementor-top-column elementor-element elementor-element-c6c4e30\" data-id=\"c6c4e30\" data-element_type=\"column\" data-e-type=\"column\">\n\t\t\t<div class=\"elementor-widget-wrap elementor-element-populated\">\n\t\t\t\t\t\t<div class=\"elementor-element elementor-element-0f91ceb elementor-widget elementor-widget-heading\" data-id=\"0f91ceb\" data-element_type=\"widget\" data-e-type=\"widget\" data-widget_type=\"heading.default\">\n\t\t\t\t<div class=\"elementor-widget-container\">\n\t\t\t\t\t<h2 class=\"elementor-heading-title elementor-size-default\">Servizio clienti<\/h2>\t\t\t\t<\/div>\n\t\t\t\t<\/div>\n\t\t\t\t<div class=\"elementor-element elementor-element-6f6bcf1 elementor-widget elementor-widget-text-editor\" data-id=\"6f6bcf1\" data-element_type=\"widget\" data-e-type=\"widget\" data-widget_type=\"text-editor.default\">\n\t\t\t\t<div class=\"elementor-widget-container\">\n\t\t\t\t\t\t\t\t\t<p>Per domande sui prodotti o suggerimenti puoi sempre contattarci. Riceverai una risposta dal nostro team di supporto entro 24 ore o utilizzare il modulo di contatto sul nostro sito web.<\/p>\t\t\t\t\t\t\t\t<\/div>\n\t\t\t\t<\/div>\n\t\t\t\t<div class=\"elementor-element elementor-element-fe130b1 elementor-widget elementor-widget-heading\" data-id=\"fe130b1\" data-element_type=\"widget\" data-e-type=\"widget\" data-widget_type=\"heading.default\">\n\t\t\t\t<div class=\"elementor-widget-container\">\n\t\t\t\t\t<h2 class=\"elementor-heading-title elementor-size-default\">Come verr\u00e0 consegnato il mio pacco?<\/h2>\t\t\t\t<\/div>\n\t\t\t\t<\/div>\n\t\t\t\t<div class=\"elementor-element elementor-element-236d30f elementor-widget elementor-widget-text-editor\" data-id=\"236d30f\" data-element_type=\"widget\" data-e-type=\"widget\" data-widget_type=\"text-editor.default\">\n\t\t\t\t<div class=\"elementor-widget-container\">\n\t\t\t\t\t\t\t\t\t<p>Spediamo tutti i nostri ordini con DHL o GLS Preferite un altro metodo di trasporto? Invia la tua domanda a info@dutchmicrodosing.com<\/p>\t\t\t\t\t\t\t\t<\/div>\n\t\t\t\t<\/div>\n\t\t\t\t<div class=\"elementor-element elementor-element-90a1d6f elementor-widget elementor-widget-heading\" data-id=\"90a1d6f\" data-element_type=\"widget\" data-e-type=\"widget\" data-widget_type=\"heading.default\">\n\t\t\t\t<div class=\"elementor-widget-container\">\n\t\t\t\t\t<h2 class=\"elementor-heading-title elementor-size-default\">Imballaggio \/ Spedizione  <\/h2>\t\t\t\t<\/div>\n\t\t\t\t<\/div>\n\t\t\t\t<div class=\"elementor-element elementor-element-2cea3a6 elementor-widget elementor-widget-text-editor\" data-id=\"2cea3a6\" data-element_type=\"widget\" data-e-type=\"widget\" data-widget_type=\"text-editor.default\">\n\t\t\t\t<div class=\"elementor-widget-container\">\n\t\t\t\t\t\t\t\t\t<p>A seconda del peso e delle dimensioni dei prodotti, il tuo ordine sar\u00e0 spedito in modo discreto in una busta o in un pacchetto.<br>All&#8217;esterno del vostro pacco postale sar\u00e0 menzionato solo il vostro nome e un indirizzo di ritorno.<\/p>\t\t\t\t\t\t\t\t<\/div>\n\t\t\t\t<\/div>\n\t\t\t\t<div class=\"elementor-element elementor-element-666fabe elementor-widget elementor-widget-heading\" data-id=\"666fabe\" data-element_type=\"widget\" data-e-type=\"widget\" data-widget_type=\"heading.default\">\n\t\t\t\t<div class=\"elementor-widget-container\">\n\t\t\t\t\t<h2 class=\"elementor-heading-title elementor-size-default\">Tempi di consegna e costi di spedizione<\/h2>\t\t\t\t<\/div>\n\t\t\t\t<\/div>\n\t\t\t\t<div class=\"elementor-element elementor-element-188602e elementor-widget elementor-widget-text-editor\" data-id=\"188602e\" data-element_type=\"widget\" data-e-type=\"widget\" data-widget_type=\"text-editor.default\">\n\t\t\t\t<div class=\"elementor-widget-container\">\n\t\t\t\t\t\t\t\t\t<p>I pacchi per NL e BE,&nbsp; vengono consegnati entro 1-2 giorni lavorativi se disponibili in magazzino. Tutti i nostri pacchetti possono essere seguiti con un track and trace. Per la Germania e la Francia i tempi di consegna sono di 3-5 giorni lavorativi. Per gli altri paesi europei il tempo di consegna \u00e8 di 4-8 giorni lavorativi. Non spediamo prodotti al di fuori dell&#8217;Europa. L&#8217;ordine non verr\u00e0 spedito finch\u00e9 non avremo ricevuto il pagamento.&nbsp;<\/p>\t\t\t\t\t\t\t\t<\/div>\n\t\t\t\t<\/div>\n\t\t\t\t<div class=\"elementor-element elementor-element-86f8b20 elementor-widget elementor-widget-heading\" data-id=\"86f8b20\" data-element_type=\"widget\" data-e-type=\"widget\" data-widget_type=\"heading.default\">\n\t\t\t\t<div class=\"elementor-widget-container\">\n\t\t\t\t\t<h2 class=\"elementor-heading-title elementor-size-default\">Cosa succede al mio pacco se non sono a casa?<\/h2>\t\t\t\t<\/div>\n\t\t\t\t<\/div>\n\t\t\t\t<div class=\"elementor-element elementor-element-53b535a elementor-widget elementor-widget-text-editor\" data-id=\"53b535a\" data-element_type=\"widget\" data-e-type=\"widget\" data-widget_type=\"text-editor.default\">\n\t\t\t\t<div class=\"elementor-widget-container\">\n\t\t\t\t\t\t\t\t\t<p>Quando non sei a casa, il postino mette una nota nella tua cassetta della posta. Il pacco rimane normalmente all&#8217;ufficio postale da 1 a 2 settimane. Si prega di ritirarlo in tempo. I prodotti freschi che abbiamo inviato e che non vengono ritirati all&#8217;ufficio postale o al parcelshop e che vengono restituiti non saranno rimborsati o sostituiti.<br>Per le spedizioni nella cassetta delle lettere non \u00e8 necessario rimanere a casa, il postino lo consegner\u00e0 nella cassetta delle lettere.<\/p>\t\t\t\t\t\t\t\t<\/div>\n\t\t\t\t<\/div>\n\t\t\t\t<div class=\"elementor-element elementor-element-d5acf8c elementor-widget elementor-widget-heading\" data-id=\"d5acf8c\" data-element_type=\"widget\" data-e-type=\"widget\" data-widget_type=\"heading.default\">\n\t\t\t\t<div class=\"elementor-widget-container\">\n\t\t\t\t\t<h2 class=\"elementor-heading-title elementor-size-default\">Posso rintracciare il mio pacco online?<\/h2>\t\t\t\t<\/div>\n\t\t\t\t<\/div>\n\t\t\t\t<div class=\"elementor-element elementor-element-19646a5 elementor-widget elementor-widget-text-editor\" data-id=\"19646a5\" data-element_type=\"widget\" data-e-type=\"widget\" data-widget_type=\"text-editor.default\">\n\t\t\t\t<div class=\"elementor-widget-container\">\n\t\t\t\t\t\t\t\t\t<p>Se il suo ordine \u00e8 stato spedito come pacco, pu\u00f2 rintracciarlo da circa 12 ore dopo la spedizione. Il link Track &amp; Trac\u00e9 si trova con l&#8217;ordine nel mio account e\/o ti sar\u00e0 inviato per e-mail.<\/p>\t\t\t\t\t\t\t\t<\/div>\n\t\t\t\t<\/div>\n\t\t\t\t<div class=\"elementor-element elementor-element-8ce45ea elementor-widget elementor-widget-heading\" data-id=\"8ce45ea\" data-element_type=\"widget\" data-e-type=\"widget\" data-widget_type=\"heading.default\">\n\t\t\t\t<div class=\"elementor-widget-container\">\n\t\t\t\t\t<h2 class=\"elementor-heading-title elementor-size-default\">Restituisce<\/h2>\t\t\t\t<\/div>\n\t\t\t\t<\/div>\n\t\t\t\t<div class=\"elementor-element elementor-element-19d891a elementor-widget elementor-widget-text-editor\" data-id=\"19d891a\" data-element_type=\"widget\" data-e-type=\"widget\" data-widget_type=\"text-editor.default\">\n\t\t\t\t<div class=\"elementor-widget-container\">\n\t\t\t\t\t\t\t\t\t<p>Poich\u00e9 i prodotti sono consegnati freschi, non possono essere restituiti.<\/p>\t\t\t\t\t\t\t\t<\/div>\n\t\t\t\t<\/div>\n\t\t\t\t<div class=\"elementor-element elementor-element-b4d4f5f elementor-widget elementor-widget-heading\" data-id=\"b4d4f5f\" data-element_type=\"widget\" data-e-type=\"widget\" data-widget_type=\"heading.default\">\n\t\t\t\t<div class=\"elementor-widget-container\">\n\t\t\t\t\t<h2 class=\"elementor-heading-title elementor-size-default\">Rimborso Kit di Coltivazione<\/h2>\t\t\t\t<\/div>\n\t\t\t\t<\/div>\n\t\t\t\t<div class=\"elementor-element elementor-element-addba12 elementor-widget elementor-widget-text-editor\" data-id=\"addba12\" data-element_type=\"widget\" data-e-type=\"widget\" data-widget_type=\"text-editor.default\">\n\t\t\t\t<div class=\"elementor-widget-container\">\n\t\t\t\t\t\t\t\t\t<p>I kit di coltivazione per funghi sono soggetti a infezioni e batteri. I produttori indicano che un growkit che non mostra funghi entro un mese dall&#8217;installazione non pu\u00f2 pi\u00f9 essere salvato. Pertanto, \u00e8 importante installare il growkit entro 2 giorni dalla ricezione e segnalare eventuali problemi entro 4 settimane dalla consegna.<\/p><p>Quando un growkit non funziona correttamente, pu\u00f2 beneficiare della garanzia del produttore e possiamo avviare la procedura di rimborso. Puoi farlo facilmente inviando un&#8217;e-mail al nostro servizio clienti all&#8217;indirizzo:<br>https:\/\/dutchmicrodosing.com\/contact\/<br><a href=\"https:\/\/dutchmicrodosing.com\/it\/contatto\/\">https:\/\/dutchmicrodosing.com\/contact\/<\/a><\/p><p>Si prega di includere:<\/p><ul><li>Una foto del set-up\/growkit<\/li><li>Una spiegazione chiara di tutto ci\u00f2 che hai fatto per far crescere il growkit fino al momento del reclamo<\/li><\/ul><p>Una volta ricevuta la tua e-mail, avvieremo la procedura di rimborso. Riceverai una risposta chiara da parte nostra, possibilmente con istruzioni su come recuperare il kit di coltivazione. Se risulta che il growkit non \u00e8 pi\u00f9 riparabile anche dopo i nostri consigli, riceverai un voucher da spendere su DutchMicrodosing.com.<\/p><p>Attenzione: un growkit gi\u00e0 rimborsato non \u00e8 nuovamente idoneo per il rimborso.<\/p><p>Ti chiediamo di segnalarci eventuali difetti il prima possibile dopo averli scoperti.<\/p>\t\t\t\t\t\t\t\t<\/div>\n\t\t\t\t<\/div>\n\t\t\t\t\t<\/div>\n\t\t<\/div>\n\t\t\t\t\t<\/div>\n\t\t<\/section>\n\t\t\t\t<\/div>\n\t\t","protected":false},"excerpt":{"rendered":"<p>Info e domande frequenti Servizio clienti Per domande sui prodotti o suggerimenti puoi sempre contattarci. Riceverai una risposta dal nostro team di supporto entro 24 ore o utilizzare il modulo di contatto sul nostro sito web. Come verr\u00e0 consegnato il mio pacco? Spediamo tutti i nostri ordini con DHL o GLS Preferite un altro metodo [&hellip;]<\/p>\n","protected":false},"author":10,"featured_media":0,"parent":0,"menu_order":0,"comment_status":"closed","ping_status":"closed","template":"","meta":{"footnotes":""},"class_list":["post-6351","page","type-page","status-publish","hentry"],"yoast_head":"<!-- This site is optimized with the Yoast SEO Premium plugin v26.4 (Yoast SEO v27.4) - https:\/\/yoast.com\/product\/yoast-seo-premium-wordpress\/ -->\n<title>Informazioni e domande frequenti | DutchMicrodosing<\/title>\n<meta name=\"description\" content=\"Consulta le nostre informazioni e le domande frequenti sul microdosaggio, i prodotti e gli ordini. Trova rapidamente le risposte alle tue domande pi\u00f9 comuni.\" \/>\n<meta name=\"robots\" content=\"index, follow, max-snippet:-1, max-image-preview:large, max-video-preview:-1\" \/>\n<link rel=\"canonical\" href=\"https:\/\/dutchmicrodosing.com\/it\/info-macchina-domande\/\" \/>\n<meta property=\"og:locale\" content=\"it_IT\" \/>\n<meta property=\"og:type\" content=\"article\" \/>\n<meta property=\"og:title\" content=\"Info e domande frequenti\" \/>\n<meta property=\"og:description\" content=\"Info e domande frequenti Servizio clienti Per domande sui prodotti o suggerimenti puoi sempre contattarci. Riceverai una risposta dal nostro team di\" \/>\n<meta property=\"og:url\" content=\"https:\/\/dutchmicrodosing.com\/it\/info-macchina-domande\/\" \/>\n<meta property=\"og:site_name\" content=\"Dutchmicrodosing\" \/>\n<meta property=\"article:publisher\" content=\"https:\/\/www.facebook.com\/Dutchmicrodosingxp\/\" \/>\n<meta property=\"article:modified_time\" content=\"2025-11-20T13:42:05+00:00\" \/>\n<meta property=\"og:image\" content=\"https:\/\/dutchmicrodosing.com\/wp-content\/uploads\/2021\/01\/DM-Logo-2.jpg\" \/>\n\t<meta property=\"og:image:width\" content=\"425\" \/>\n\t<meta property=\"og:image:height\" content=\"232\" \/>\n\t<meta property=\"og:image:type\" content=\"image\/jpeg\" \/>\n<meta name=\"twitter:card\" content=\"summary_large_image\" \/>\n<script type=\"application\/ld+json\" class=\"yoast-schema-graph\">{\"@context\":\"https:\\\/\\\/schema.org\",\"@graph\":[{\"@type\":\"WebPage\",\"@id\":\"https:\\\/\\\/dutchmicrodosing.com\\\/it\\\/info-macchina-domande\\\/\",\"url\":\"https:\\\/\\\/dutchmicrodosing.com\\\/it\\\/info-macchina-domande\\\/\",\"name\":\"Informazioni e domande frequenti | DutchMicrodosing\",\"isPartOf\":{\"@id\":\"https:\\\/\\\/dutchmicrodosing.com\\\/it\\\/#website\"},\"datePublished\":\"2021-06-06T19:23:02+00:00\",\"dateModified\":\"2025-11-20T13:42:05+00:00\",\"description\":\"Consulta le nostre informazioni e le domande frequenti sul microdosaggio, i prodotti e gli ordini. Trova rapidamente le risposte alle tue domande pi\u00f9 comuni.\",\"breadcrumb\":{\"@id\":\"https:\\\/\\\/dutchmicrodosing.com\\\/it\\\/info-macchina-domande\\\/#breadcrumb\"},\"inLanguage\":\"it-IT\",\"potentialAction\":[{\"@type\":\"ReadAction\",\"target\":[\"https:\\\/\\\/dutchmicrodosing.com\\\/it\\\/info-macchina-domande\\\/\"]}]},{\"@type\":\"BreadcrumbList\",\"@id\":\"https:\\\/\\\/dutchmicrodosing.com\\\/it\\\/info-macchina-domande\\\/#breadcrumb\",\"itemListElement\":[{\"@type\":\"ListItem\",\"position\":1,\"name\":\"Home\",\"item\":\"https:\\\/\\\/dutchmicrodosing.com\\\/it\\\/\"},{\"@type\":\"ListItem\",\"position\":2,\"name\":\"Info e domande frequenti\"}]},{\"@type\":\"WebSite\",\"@id\":\"https:\\\/\\\/dutchmicrodosing.com\\\/it\\\/#website\",\"url\":\"https:\\\/\\\/dutchmicrodosing.com\\\/it\\\/\",\"name\":\"Dutchmicrodosing\",\"description\":\"\",\"publisher\":{\"@id\":\"https:\\\/\\\/dutchmicrodosing.com\\\/it\\\/#organization\"},\"potentialAction\":[{\"@type\":\"SearchAction\",\"target\":{\"@type\":\"EntryPoint\",\"urlTemplate\":\"https:\\\/\\\/dutchmicrodosing.com\\\/it\\\/?s={search_term_string}\"},\"query-input\":{\"@type\":\"PropertyValueSpecification\",\"valueRequired\":true,\"valueName\":\"search_term_string\"}}],\"inLanguage\":\"it-IT\"},{\"@type\":\"Organization\",\"@id\":\"https:\\\/\\\/dutchmicrodosing.com\\\/it\\\/#organization\",\"name\":\"Dutchmicrodosing\",\"url\":\"https:\\\/\\\/dutchmicrodosing.com\\\/it\\\/\",\"logo\":{\"@type\":\"ImageObject\",\"inLanguage\":\"it-IT\",\"@id\":\"https:\\\/\\\/dutchmicrodosing.com\\\/it\\\/#\\\/schema\\\/logo\\\/image\\\/\",\"url\":\"https:\\\/\\\/dutchmicrodosing.com\\\/wp-content\\\/uploads\\\/2021\\\/01\\\/microdosing-categorie-pic-nieuw.jpg\",\"contentUrl\":\"https:\\\/\\\/dutchmicrodosing.com\\\/wp-content\\\/uploads\\\/2021\\\/01\\\/microdosing-categorie-pic-nieuw.jpg\",\"width\":500,\"height\":500,\"caption\":\"Dutchmicrodosing\"},\"image\":{\"@id\":\"https:\\\/\\\/dutchmicrodosing.com\\\/it\\\/#\\\/schema\\\/logo\\\/image\\\/\"},\"sameAs\":[\"https:\\\/\\\/www.facebook.com\\\/Dutchmicrodosingxp\\\/\",\"https:\\\/\\\/www.instagram.com\\\/dutchmicrodosing\\\/\"]}]}<\/script>\n<!-- \/ Yoast SEO Premium plugin. -->","yoast_head_json":{"title":"Informazioni e domande frequenti | DutchMicrodosing","description":"Consulta le nostre informazioni e le domande frequenti sul microdosaggio, i prodotti e gli ordini. Trova rapidamente le risposte alle tue domande pi\u00f9 comuni.","robots":{"index":"index","follow":"follow","max-snippet":"max-snippet:-1","max-image-preview":"max-image-preview:large","max-video-preview":"max-video-preview:-1"},"canonical":"https:\/\/dutchmicrodosing.com\/it\/info-macchina-domande\/","og_locale":"it_IT","og_type":"article","og_title":"Info e domande frequenti","og_description":"Info e domande frequenti Servizio clienti Per domande sui prodotti o suggerimenti puoi sempre contattarci. Riceverai una risposta dal nostro team di","og_url":"https:\/\/dutchmicrodosing.com\/it\/info-macchina-domande\/","og_site_name":"Dutchmicrodosing","article_publisher":"https:\/\/www.facebook.com\/Dutchmicrodosingxp\/","article_modified_time":"2025-11-20T13:42:05+00:00","og_image":[{"width":425,"height":232,"url":"https:\/\/dutchmicrodosing.com\/wp-content\/uploads\/2021\/01\/DM-Logo-2.jpg","type":"image\/jpeg"}],"twitter_card":"summary_large_image","schema":{"@context":"https:\/\/schema.org","@graph":[{"@type":"WebPage","@id":"https:\/\/dutchmicrodosing.com\/it\/info-macchina-domande\/","url":"https:\/\/dutchmicrodosing.com\/it\/info-macchina-domande\/","name":"Informazioni e domande frequenti | DutchMicrodosing","isPartOf":{"@id":"https:\/\/dutchmicrodosing.com\/it\/#website"},"datePublished":"2021-06-06T19:23:02+00:00","dateModified":"2025-11-20T13:42:05+00:00","description":"Consulta le nostre informazioni e le domande frequenti sul microdosaggio, i prodotti e gli ordini. Trova rapidamente le risposte alle tue domande pi\u00f9 comuni.","breadcrumb":{"@id":"https:\/\/dutchmicrodosing.com\/it\/info-macchina-domande\/#breadcrumb"},"inLanguage":"it-IT","potentialAction":[{"@type":"ReadAction","target":["https:\/\/dutchmicrodosing.com\/it\/info-macchina-domande\/"]}]},{"@type":"BreadcrumbList","@id":"https:\/\/dutchmicrodosing.com\/it\/info-macchina-domande\/#breadcrumb","itemListElement":[{"@type":"ListItem","position":1,"name":"Home","item":"https:\/\/dutchmicrodosing.com\/it\/"},{"@type":"ListItem","position":2,"name":"Info e domande frequenti"}]},{"@type":"WebSite","@id":"https:\/\/dutchmicrodosing.com\/it\/#website","url":"https:\/\/dutchmicrodosing.com\/it\/","name":"Dutchmicrodosing","description":"","publisher":{"@id":"https:\/\/dutchmicrodosing.com\/it\/#organization"},"potentialAction":[{"@type":"SearchAction","target":{"@type":"EntryPoint","urlTemplate":"https:\/\/dutchmicrodosing.com\/it\/?s={search_term_string}"},"query-input":{"@type":"PropertyValueSpecification","valueRequired":true,"valueName":"search_term_string"}}],"inLanguage":"it-IT"},{"@type":"Organization","@id":"https:\/\/dutchmicrodosing.com\/it\/#organization","name":"Dutchmicrodosing","url":"https:\/\/dutchmicrodosing.com\/it\/","logo":{"@type":"ImageObject","inLanguage":"it-IT","@id":"https:\/\/dutchmicrodosing.com\/it\/#\/schema\/logo\/image\/","url":"https:\/\/dutchmicrodosing.com\/wp-content\/uploads\/2021\/01\/microdosing-categorie-pic-nieuw.jpg","contentUrl":"https:\/\/dutchmicrodosing.com\/wp-content\/uploads\/2021\/01\/microdosing-categorie-pic-nieuw.jpg","width":500,"height":500,"caption":"Dutchmicrodosing"},"image":{"@id":"https:\/\/dutchmicrodosing.com\/it\/#\/schema\/logo\/image\/"},"sameAs":["https:\/\/www.facebook.com\/Dutchmicrodosingxp\/","https:\/\/www.instagram.com\/dutchmicrodosing\/"]}]}},"_links":{"self":[{"href":"https:\/\/dutchmicrodosing.com\/it\/wp-json\/wp\/v2\/pages\/6351","targetHints":{"allow":["GET"]}}],"collection":[{"href":"https:\/\/dutchmicrodosing.com\/it\/wp-json\/wp\/v2\/pages"}],"about":[{"href":"https:\/\/dutchmicrodosing.com\/it\/wp-json\/wp\/v2\/types\/page"}],"author":[{"embeddable":true,"href":"https:\/\/dutchmicrodosing.com\/it\/wp-json\/wp\/v2\/users\/10"}],"replies":[{"embeddable":true,"href":"https:\/\/dutchmicrodosing.com\/it\/wp-json\/wp\/v2\/comments?post=6351"}],"version-history":[{"count":3,"href":"https:\/\/dutchmicrodosing.com\/it\/wp-json\/wp\/v2\/pages\/6351\/revisions"}],"predecessor-version":[{"id":62654,"href":"https:\/\/dutchmicrodosing.com\/it\/wp-json\/wp\/v2\/pages\/6351\/revisions\/62654"}],"wp:attachment":[{"href":"https:\/\/dutchmicrodosing.com\/it\/wp-json\/wp\/v2\/media?parent=6351"}],"curies":[{"name":"wp","href":"https:\/\/api.w.org\/{rel}","templated":true}]}}