{"id":6390,"date":"2021-06-06T19:32:24","date_gmt":"2021-06-06T19:32:24","guid":{"rendered":"https:\/\/dutchmicrodosing.com\/effetti-collaterali-e-rischi\/"},"modified":"2025-10-20T23:08:00","modified_gmt":"2025-10-20T21:08:00","slug":"effetti-collaterali-e-rischi","status":"publish","type":"page","link":"https:\/\/dutchmicrodosing.com\/it\/effetti-collaterali-e-rischi\/","title":{"rendered":"Effetti collaterali e rischi"},"content":{"rendered":"\t\t<div data-elementor-type=\"wp-page\" data-elementor-id=\"6390\" class=\"elementor elementor-6390 elementor-228\" data-elementor-post-type=\"page\">\n\t\t\t\t\t\t<section class=\"elementor-section elementor-top-section elementor-element elementor-element-b4abb1a elementor-section-boxed elementor-section-height-default elementor-section-height-default\" data-id=\"b4abb1a\" data-element_type=\"section\" data-e-type=\"section\">\n\t\t\t\t\t\t<div class=\"elementor-container elementor-column-gap-default\">\n\t\t\t\t\t<div class=\"elementor-column elementor-col-100 elementor-top-column elementor-element elementor-element-81a7415\" data-id=\"81a7415\" data-element_type=\"column\" data-e-type=\"column\">\n\t\t\t<div class=\"elementor-widget-wrap elementor-element-populated\">\n\t\t\t\t\t\t<div class=\"elementor-element elementor-element-3e6aa01 elementor--h-position-center elementor--v-position-middle elementor-arrows-position-inside elementor-pagination-position-inside elementor-widget elementor-widget-slides\" data-id=\"3e6aa01\" data-element_type=\"widget\" data-e-type=\"widget\" data-settings=\"{&quot;navigation&quot;:&quot;both&quot;,&quot;autoplay&quot;:&quot;yes&quot;,&quot;pause_on_hover&quot;:&quot;yes&quot;,&quot;pause_on_interaction&quot;:&quot;yes&quot;,&quot;autoplay_speed&quot;:5000,&quot;infinite&quot;:&quot;yes&quot;,&quot;transition&quot;:&quot;slide&quot;,&quot;transition_speed&quot;:500}\" data-widget_type=\"slides.default\">\n\t\t\t\t<div class=\"elementor-widget-container\">\n\t\t\t\t\t\t\t\t\t<div class=\"elementor-swiper\">\n\t\t\t\t\t<div class=\"elementor-slides-wrapper elementor-main-swiper swiper\" role=\"region\" aria-roledescription=\"carousel\" aria-label=\"Slides\" dir=\"ltr\" data-animation=\"fadeInUp\">\n\t\t\t\t<div class=\"swiper-wrapper elementor-slides\">\n\t\t\t\t\t\t\t\t\t\t<div class=\"elementor-repeater-item-529bbbd swiper-slide\" role=\"group\" aria-roledescription=\"slide\"><div class=\"swiper-slide-bg\" role=\"img\" aria-label=\"Immagine di una lampadina che si rompe con un cervello che raffigura idee, qualcosa di strabiliante.\"><\/div><div class=\"swiper-slide-inner\" ><div class=\"swiper-slide-contents\"><\/div><\/div><\/div>\t\t\t\t<\/div>\n\t\t\t\t\t\t\t<\/div>\n\t\t\t\t<\/div>\n\t\t\t\t\t\t\t\t<\/div>\n\t\t\t\t<\/div>\n\t\t\t\t\t<\/div>\n\t\t<\/div>\n\t\t\t\t\t<\/div>\n\t\t<\/section>\n\t\t\t\t<section class=\"elementor-section elementor-top-section elementor-element elementor-element-90f6ec9 elementor-section-boxed elementor-section-height-default elementor-section-height-default\" data-id=\"90f6ec9\" data-element_type=\"section\" data-e-type=\"section\">\n\t\t\t\t\t\t<div class=\"elementor-container elementor-column-gap-default\">\n\t\t\t\t\t<div class=\"elementor-column elementor-col-100 elementor-top-column elementor-element elementor-element-14d64b9\" data-id=\"14d64b9\" data-element_type=\"column\" data-e-type=\"column\">\n\t\t\t<div class=\"elementor-widget-wrap elementor-element-populated\">\n\t\t\t\t\t\t<div class=\"elementor-element elementor-element-392c1d7 elementor-widget elementor-widget-heading\" data-id=\"392c1d7\" data-element_type=\"widget\" data-e-type=\"widget\" data-widget_type=\"heading.default\">\n\t\t\t\t<div class=\"elementor-widget-container\">\n\t\t\t\t\t<h1 class=\"elementor-heading-title elementor-size-default\">Effetti collaterali e rischi del microdosaggio<\/h1>\t\t\t\t<\/div>\n\t\t\t\t<\/div>\n\t\t\t\t\t<\/div>\n\t\t<\/div>\n\t\t\t\t\t<\/div>\n\t\t<\/section>\n\t\t\t\t<section class=\"elementor-section elementor-top-section elementor-element elementor-element-c63631d elementor-section-boxed elementor-section-height-default elementor-section-height-default\" data-id=\"c63631d\" data-element_type=\"section\" data-e-type=\"section\">\n\t\t\t\t\t\t<div class=\"elementor-container elementor-column-gap-default\">\n\t\t\t\t\t<div class=\"elementor-column elementor-col-100 elementor-top-column elementor-element elementor-element-9f9418c\" data-id=\"9f9418c\" data-element_type=\"column\" data-e-type=\"column\">\n\t\t\t<div class=\"elementor-widget-wrap elementor-element-populated\">\n\t\t\t\t\t\t<div class=\"elementor-element elementor-element-234304f elementor-widget elementor-widget-text-editor\" data-id=\"234304f\" data-element_type=\"widget\" data-e-type=\"widget\" data-widget_type=\"text-editor.default\">\n\t\t\t\t<div class=\"elementor-widget-container\">\n\t\t\t\t\t\t\t\t\t<p>Prendere una microdose di psichedelici, significa che si sta prendendo una quantit\u00e0 molto piccola. Questo permette di beneficiare dei vantaggi della droga, ma che non ha alcun effetto di alterazione della mente. Per esempio, il <a href=\"https:\/\/dutchmicrodosing.com\/it\/cose-la-microdosi\/\">microdosaggio<\/a> pu\u00f2 aiutare a migliorare i livelli di energia, a stimolare la concentrazione o a sentirsi pi\u00f9 a proprio agio nella propria pelle. Ma il microdosaggio ha effetti collaterali e rischi?&nbsp;<\/p>\n<p>I rischi degli psichedelici sono quasi trascurabili. \u00c8 praticamente impossibile prendere una dose letale di funghi, bisognerebbe consumare quantit\u00e0 enormi, e questo non \u00e8 mai successo. La (presunta) dose letale di funghi magici per gli esseri umani \u00e8 stimata ad una quantit\u00e0 di funghi pari al peso corporeo dell&#8217;utilizzatore.<\/p>\n<h2>Ricerca sugli effetti collaterali e sui rischi del microdosaggio<\/h2>\n<p><span style=\"letter-spacing: 0.4px;\">Il microdosaggio \u00e8 sempre pi\u00f9 utilizzato per sostenere la salute. I <a href=\"https:\/\/dutchmicrodosing.com\/it\/benefici-microdosi\/\">benefici<\/a> sono molti, ma \u00e8 bene considerare anche i possibili effetti collaterali e i rischi del microdosaggio. Fino a poco tempo fa, non c&#8217;erano molti dati disponibili, ma fortunatamente si stanno facendo sempre pi\u00f9 ricerche sugli effetti del microdosaggio.<\/span><\/p>\n<p><a href=\"https:\/\/en.wikipedia.org\/wiki\/James_Fadiman\" target=\"_blank\" style=\"background-color: rgb(255, 255, 255); letter-spacing: 0.4px;\">James Fadiman<\/a> ha passato anni a raccogliere dati (da 1800 persone di 59 paesi diversi) che gli hanno inviato le loro esperienze di microdosaggio. Da queste informazioni e da ci\u00f2 che sappiamo sull&#8217;assunzione di dosi pi\u00f9 elevate di psichedelici, possiamo trarre alcune conclusioni, come ad esempio: per la maggior parte delle persone, il microdosaggio \u00e8 sicuro.<\/p>\n<p><span style=\"letter-spacing: 0.4px;\">Prendendo una dose cos\u00ec bassa, si evita di fare un brutto viaggio. La dose non influenzer\u00e0 la vostra coscienza, nel senso che non avrete allucinazioni. Tra le persone che hanno raccontato le loro esperienze a Fadiman, nessuna ha sofferto di psicosi. Col tempo, il microdosaggio di psilocibina sar\u00e0 considerato un&#8217;<a href=\"https:\/\/dutchmicrodosing.com\/it\/applicazioni-mediche\/\">applicazione medica<\/a>.<\/span><\/p>\n<p><img fetchpriority=\"high\" decoding=\"async\" class=\"aligncenter wp-image-27121 size-full\" src=\"https:\/\/dutchmicrodosing.com\/wp-content\/uploads\/2023\/08\/young-woman-sadness-hides-black-window-generated-by-ai.jpg\" alt=\"\" width=\"1500\" height=\"857\" srcset=\"https:\/\/dutchmicrodosing.com\/wp-content\/uploads\/2023\/08\/young-woman-sadness-hides-black-window-generated-by-ai.jpg 1500w, https:\/\/dutchmicrodosing.com\/wp-content\/uploads\/2023\/08\/young-woman-sadness-hides-black-window-generated-by-ai-600x343.jpg 600w, https:\/\/dutchmicrodosing.com\/wp-content\/uploads\/2023\/08\/young-woman-sadness-hides-black-window-generated-by-ai-300x171.jpg 300w, https:\/\/dutchmicrodosing.com\/wp-content\/uploads\/2023\/08\/young-woman-sadness-hides-black-window-generated-by-ai-1024x585.jpg 1024w, https:\/\/dutchmicrodosing.com\/wp-content\/uploads\/2023\/08\/young-woman-sadness-hides-black-window-generated-by-ai-768x439.jpg 768w\" sizes=\"(max-width: 1500px) 100vw, 1500px\" \/><\/p>\n<h3>Possibili effetti collaterali e rischi del microdosaggio:<\/h3>\n<ul>\n<li>Aumento dell&#8217;ansia: se gi\u00e0 soffri di ansia, potresti scoprire che le tue paure aumentano. In questo caso il microdosaggio non \u00e8 raccomandato.<\/li>\n<li>Affaticamento: Questo si verifica soprattutto quando si microdosano i funghi magici, che contengono psilocibina. Questo non deve essere sempre uno svantaggio, se stai microdosando per una migliore notte di sonno. Opzionalmente, puoi scegliere di prendere la vitamina B12.<\/li>\n<li>Disturbi di stomaco\/nausea: l&#8217;uso dei funghi pu\u00f2 provocare nausea o disturbi di stomaco, che scompariranno con il tempo.<\/li>\n<li>Sintomi nel disturbo bipolare: durante la fase depressiva, il microdosaggio \u00e8 stato utile per ridurre i sintomi. Tuttavia, le persone con disturbo bipolare hanno sconsigliato l&#8217;uso durante una fase maniacale.<\/li>\n<li>Daltonismo: gli uomini che sono daltonici possono sperimentare immagini secondarie o lievi allucinazioni. Questo non deve succedere a tutti.<\/li>\n<li>Mal di testa: il microdosaggio di psilocibina &#8220;pu\u00f2&#8221; causare mal di testa.<\/li>\n<\/ul>\n<h3>Motivi per non usare il microdosaggio<\/h3>\n<p>Mentre il microdosaggio \u00e8 sicuro per la maggior parte delle persone, ci sono alcuni gruppi di persone che non dovrebbero farlo. Si tratta di persone con certe condizioni o quando si \u00e8 sotto farmaci.<\/p>\n<ul>\n<li>Litio: se prendete il carbonato di litio, non \u00e8 raccomandato il microdosaggio con gli psichedelici. Pu\u00f2 essere un rischio e non sono state fatte abbastanza ricerche su come queste sostanze si influenzano a vicenda.<\/li>\n<li>Disturbo d&#8217;ansia: se si soffre gi\u00e0 di un disturbo d&#8217;ansia, il microdosaggio pu\u00f2 peggiorarlo. Le paure possono essere amplificate o si pu\u00f2 diventare pi\u00f9 consapevoli di esse. In caso di depressione con ansia, il microdosaggio pu\u00f2 portare sollievo.<\/li>\n<li>Paranoia e sospetto: i sintomi possono peggiorare, ma \u00e8 molto raro.<\/li>\n<li>Psicosi: se hai mai avuto una psicosi o ne soffri ancora, non \u00e8 raccomandato. Una dose elevata di una droga psichedelica pu\u00f2 indurre psicosi. Questo \u00e8 il motivo per cui anche il microdosaggio non \u00e8 raccomandato.<\/li>\n<\/ul>\n<p><span style=\"letter-spacing: 0.4px;\">Non dovreste prendere microdosi se:<\/span><\/p>\n<ul>\n<li>Hai 18 anni o meno<\/li>\n<li>Gravidanza o allattamento<\/li>\n<\/ul>\n<p><span style=\"letter-spacing: 0.4px;\">Il microdosaggio \u00e8 sconsigliato anche in combinazione con alcol o altre droghe. <\/span>Se fai uso di farmaci e non sei sicuro di usarli in combinazione, ti consigliamo di contattare prima il tuo medico di base.<\/p>\n<p><img decoding=\"async\" class=\"aligncenter wp-image-27127 size-full\" src=\"https:\/\/dutchmicrodosing.com\/wp-content\/uploads\/2023\/08\/smiling-female-doctor-wearing-headset-while-working-medical-call-center-looking-camera-scaled.jpg\" alt=\"Effetti collaterali del microdosaggio\" width=\"2560\" height=\"1707\" srcset=\"https:\/\/dutchmicrodosing.com\/wp-content\/uploads\/2023\/08\/smiling-female-doctor-wearing-headset-while-working-medical-call-center-looking-camera-scaled.jpg 2560w, https:\/\/dutchmicrodosing.com\/wp-content\/uploads\/2023\/08\/smiling-female-doctor-wearing-headset-while-working-medical-call-center-looking-camera-scaled-600x400.jpg 600w, https:\/\/dutchmicrodosing.com\/wp-content\/uploads\/2023\/08\/smiling-female-doctor-wearing-headset-while-working-medical-call-center-looking-camera-300x200.jpg 300w, https:\/\/dutchmicrodosing.com\/wp-content\/uploads\/2023\/08\/smiling-female-doctor-wearing-headset-while-working-medical-call-center-looking-camera-1024x683.jpg 1024w, https:\/\/dutchmicrodosing.com\/wp-content\/uploads\/2023\/08\/smiling-female-doctor-wearing-headset-while-working-medical-call-center-looking-camera-768x512.jpg 768w, https:\/\/dutchmicrodosing.com\/wp-content\/uploads\/2023\/08\/smiling-female-doctor-wearing-headset-while-working-medical-call-center-looking-camera-1536x1024.jpg 1536w, https:\/\/dutchmicrodosing.com\/wp-content\/uploads\/2023\/08\/smiling-female-doctor-wearing-headset-while-working-medical-call-center-looking-camera-2048x1365.jpg 2048w\" sizes=\"(max-width: 2560px) 100vw, 2560px\" \/><\/p>\n<h3>A cosa bisogna fare attenzione?<\/h3>\n<h4>Dosaggi<\/h4>\n<p>La microdose media consiste nel 10% di una quantit\u00e0 normale. Questo a volte pu\u00f2 essere difficile da misurare. Succede quindi che qualcuno ne prenda troppo all&#8217;inizio. Tuttavia, si pu\u00f2 soffrire di questo problema, che si ripercuote sul <a href=\"https:\/\/dutchmicrodosing.com\/it\/funzioni-cognitive\/\">funzionamento quotidiano<\/a>. Se stai prendendo una microdose per la prima volta, fallo in un giorno di riposo in modo che tu possa prenderla con calma e sentire cosa ti sta facendo.<\/p>\n<h4>Effetto quando si usa e non si usa<\/h4>\n<p>Uno degli effetti del microdosaggio \u00e8 che ti senti bene quando lo prendi. Per esempio: i sintomi depressivi diminuiscono o si ha pi\u00f9 energia. Ma se si smette di prendere il farmaco (il che \u00e8 raccomandato per evitare la tolleranza), i sintomi possono tornare.<\/p>\n<h4>Costruire tolleranza o dipendenza<\/h4>\n<p>Non ci sono prove reali che si possa costruire una tolleranza all&#8217;LSD o alla psilocibina, ma si presume che sia possibile. Se sei tollerante al farmaco, significa che avr\u00e0 sempre meno effetto. Questo pu\u00f2 accadere se lo si assume ogni giorno o se si utilizza una <a href=\"https:\/\/dutchmicrodosing.com\/it\/routine-di-microdosaggio\/\">routine di assunzione<\/a> per un lungo periodo di tempo. Un altro svantaggio \u00e8 che ti sentiresti dipendente dalle microdosi, nel senso che cominceresti a pensare che senza le tue microdosi non potresti sentirti bene o essere felice o creativo.<\/p>\t\t\t\t\t\t\t\t<\/div>\n\t\t\t\t<\/div>\n\t\t\t\t\t<\/div>\n\t\t<\/div>\n\t\t\t\t\t<\/div>\n\t\t<\/section>\n\t\t\t\t<\/div>\n\t\t","protected":false},"excerpt":{"rendered":"<p>Effetti collaterali e rischi del microdosaggio Prendere una microdose di psichedelici, significa che si sta prendendo una quantit\u00e0 molto piccola. Questo permette di beneficiare dei vantaggi della droga, ma che non ha alcun effetto di alterazione della mente. Per esempio, il microdosaggio pu\u00f2 aiutare a migliorare i livelli di energia, a stimolare la concentrazione o [&hellip;]<\/p>\n","protected":false},"author":10,"featured_media":0,"parent":0,"menu_order":0,"comment_status":"closed","ping_status":"closed","template":"","meta":{"footnotes":""},"class_list":["post-6390","page","type-page","status-publish","hentry"],"yoast_head":"<!-- This site is optimized with the Yoast SEO Premium plugin v26.4 (Yoast SEO v27.2) - https:\/\/yoast.com\/product\/yoast-seo-premium-wordpress\/ -->\n<title>DutchMicrodosing | Effetti collaterali e rischi del microdosaggio<\/title>\n<meta name=\"description\" content=\"Leggi tutto sugli effetti collaterali del microdosaggio e scopri quali sono i possibili inconvenienti o le reazioni che possono verificarsi con il microdosaggio.\" \/>\n<meta name=\"robots\" content=\"index, follow, max-snippet:-1, max-image-preview:large, max-video-preview:-1\" \/>\n<link rel=\"canonical\" href=\"https:\/\/dutchmicrodosing.com\/it\/effetti-collaterali-e-rischi\/\" \/>\n<meta property=\"og:locale\" content=\"it_IT\" \/>\n<meta property=\"og:type\" content=\"article\" \/>\n<meta property=\"og:title\" content=\"Effetti collaterali e rischi\" \/>\n<meta property=\"og:description\" content=\"Effetti collaterali e rischi del microdosaggio Prendere una microdose di psichedelici, significa che si sta prendendo una quantit\u00e0 molto piccola. Questo\" \/>\n<meta property=\"og:url\" content=\"https:\/\/dutchmicrodosing.com\/it\/effetti-collaterali-e-rischi\/\" \/>\n<meta property=\"og:site_name\" content=\"Dutchmicrodosing\" \/>\n<meta property=\"article:publisher\" content=\"https:\/\/www.facebook.com\/Dutchmicrodosingxp\/\" \/>\n<meta property=\"article:modified_time\" content=\"2025-10-20T21:08:00+00:00\" \/>\n<meta property=\"og:image\" content=\"https:\/\/dutchmicrodosing.com\/wp-content\/uploads\/2023\/08\/young-woman-sadness-hides-black-window-generated-by-ai.jpg\" \/>\n\t<meta property=\"og:image:width\" content=\"1500\" \/>\n\t<meta property=\"og:image:height\" content=\"857\" \/>\n\t<meta property=\"og:image:type\" content=\"image\/jpeg\" \/>\n<meta name=\"twitter:card\" content=\"summary_large_image\" \/>\n<script type=\"application\/ld+json\" class=\"yoast-schema-graph\">{\"@context\":\"https:\/\/schema.org\",\"@graph\":[{\"@type\":\"WebPage\",\"@id\":\"https:\/\/dutchmicrodosing.com\/it\/effetti-collaterali-e-rischi\/\",\"url\":\"https:\/\/dutchmicrodosing.com\/it\/effetti-collaterali-e-rischi\/\",\"name\":\"DutchMicrodosing | Effetti collaterali e rischi del microdosaggio\",\"isPartOf\":{\"@id\":\"https:\/\/dutchmicrodosing.com\/it\/#website\"},\"primaryImageOfPage\":{\"@id\":\"https:\/\/dutchmicrodosing.com\/it\/effetti-collaterali-e-rischi\/#primaryimage\"},\"image\":{\"@id\":\"https:\/\/dutchmicrodosing.com\/it\/effetti-collaterali-e-rischi\/#primaryimage\"},\"thumbnailUrl\":\"https:\/\/dutchmicrodosing.com\/wp-content\/uploads\/2023\/08\/young-woman-sadness-hides-black-window-generated-by-ai.jpg\",\"datePublished\":\"2021-06-06T19:32:24+00:00\",\"dateModified\":\"2025-10-20T21:08:00+00:00\",\"description\":\"Leggi tutto sugli effetti collaterali del microdosaggio e scopri quali sono i possibili inconvenienti o le reazioni che possono verificarsi con il microdosaggio.\",\"breadcrumb\":{\"@id\":\"https:\/\/dutchmicrodosing.com\/it\/effetti-collaterali-e-rischi\/#breadcrumb\"},\"inLanguage\":\"it-IT\",\"potentialAction\":[{\"@type\":\"ReadAction\",\"target\":[\"https:\/\/dutchmicrodosing.com\/it\/effetti-collaterali-e-rischi\/\"]}]},{\"@type\":\"ImageObject\",\"inLanguage\":\"it-IT\",\"@id\":\"https:\/\/dutchmicrodosing.com\/it\/effetti-collaterali-e-rischi\/#primaryimage\",\"url\":\"https:\/\/dutchmicrodosing.com\/wp-content\/uploads\/2023\/08\/young-woman-sadness-hides-black-window-generated-by-ai.jpg\",\"contentUrl\":\"https:\/\/dutchmicrodosing.com\/wp-content\/uploads\/2023\/08\/young-woman-sadness-hides-black-window-generated-by-ai.jpg\"},{\"@type\":\"BreadcrumbList\",\"@id\":\"https:\/\/dutchmicrodosing.com\/it\/effetti-collaterali-e-rischi\/#breadcrumb\",\"itemListElement\":[{\"@type\":\"ListItem\",\"position\":1,\"name\":\"Home\",\"item\":\"https:\/\/dutchmicrodosing.com\/it\/\"},{\"@type\":\"ListItem\",\"position\":2,\"name\":\"Effetti collaterali e rischi\"}]},{\"@type\":\"WebSite\",\"@id\":\"https:\/\/dutchmicrodosing.com\/it\/#website\",\"url\":\"https:\/\/dutchmicrodosing.com\/it\/\",\"name\":\"Dutchmicrodosing\",\"description\":\"\",\"publisher\":{\"@id\":\"https:\/\/dutchmicrodosing.com\/it\/#organization\"},\"potentialAction\":[{\"@type\":\"SearchAction\",\"target\":{\"@type\":\"EntryPoint\",\"urlTemplate\":\"https:\/\/dutchmicrodosing.com\/it\/?s={search_term_string}\"},\"query-input\":{\"@type\":\"PropertyValueSpecification\",\"valueRequired\":true,\"valueName\":\"search_term_string\"}}],\"inLanguage\":\"it-IT\"},{\"@type\":\"Organization\",\"@id\":\"https:\/\/dutchmicrodosing.com\/it\/#organization\",\"name\":\"Dutchmicrodosing\",\"url\":\"https:\/\/dutchmicrodosing.com\/it\/\",\"logo\":{\"@type\":\"ImageObject\",\"inLanguage\":\"it-IT\",\"@id\":\"https:\/\/dutchmicrodosing.com\/it\/#\/schema\/logo\/image\/\",\"url\":\"https:\/\/dutchmicrodosing.com\/wp-content\/uploads\/2021\/01\/microdosing-categorie-pic-nieuw.jpg\",\"contentUrl\":\"https:\/\/dutchmicrodosing.com\/wp-content\/uploads\/2021\/01\/microdosing-categorie-pic-nieuw.jpg\",\"width\":500,\"height\":500,\"caption\":\"Dutchmicrodosing\"},\"image\":{\"@id\":\"https:\/\/dutchmicrodosing.com\/it\/#\/schema\/logo\/image\/\"},\"sameAs\":[\"https:\/\/www.facebook.com\/Dutchmicrodosingxp\/\",\"https:\/\/www.instagram.com\/dutchmicrodosing\/\"]}]}<\/script>\n<!-- \/ Yoast SEO Premium plugin. -->","yoast_head_json":{"title":"DutchMicrodosing | Effetti collaterali e rischi del microdosaggio","description":"Leggi tutto sugli effetti collaterali del microdosaggio e scopri quali sono i possibili inconvenienti o le reazioni che possono verificarsi con il microdosaggio.","robots":{"index":"index","follow":"follow","max-snippet":"max-snippet:-1","max-image-preview":"max-image-preview:large","max-video-preview":"max-video-preview:-1"},"canonical":"https:\/\/dutchmicrodosing.com\/it\/effetti-collaterali-e-rischi\/","og_locale":"it_IT","og_type":"article","og_title":"Effetti collaterali e rischi","og_description":"Effetti collaterali e rischi del microdosaggio Prendere una microdose di psichedelici, significa che si sta prendendo una quantit\u00e0 molto piccola. Questo","og_url":"https:\/\/dutchmicrodosing.com\/it\/effetti-collaterali-e-rischi\/","og_site_name":"Dutchmicrodosing","article_publisher":"https:\/\/www.facebook.com\/Dutchmicrodosingxp\/","article_modified_time":"2025-10-20T21:08:00+00:00","og_image":[{"width":1500,"height":857,"url":"https:\/\/dutchmicrodosing.com\/wp-content\/uploads\/2023\/08\/young-woman-sadness-hides-black-window-generated-by-ai.jpg","type":"image\/jpeg"}],"twitter_card":"summary_large_image","schema":{"@context":"https:\/\/schema.org","@graph":[{"@type":"WebPage","@id":"https:\/\/dutchmicrodosing.com\/it\/effetti-collaterali-e-rischi\/","url":"https:\/\/dutchmicrodosing.com\/it\/effetti-collaterali-e-rischi\/","name":"DutchMicrodosing | Effetti collaterali e rischi del microdosaggio","isPartOf":{"@id":"https:\/\/dutchmicrodosing.com\/it\/#website"},"primaryImageOfPage":{"@id":"https:\/\/dutchmicrodosing.com\/it\/effetti-collaterali-e-rischi\/#primaryimage"},"image":{"@id":"https:\/\/dutchmicrodosing.com\/it\/effetti-collaterali-e-rischi\/#primaryimage"},"thumbnailUrl":"https:\/\/dutchmicrodosing.com\/wp-content\/uploads\/2023\/08\/young-woman-sadness-hides-black-window-generated-by-ai.jpg","datePublished":"2021-06-06T19:32:24+00:00","dateModified":"2025-10-20T21:08:00+00:00","description":"Leggi tutto sugli effetti collaterali del microdosaggio e scopri quali sono i possibili inconvenienti o le reazioni che possono verificarsi con il microdosaggio.","breadcrumb":{"@id":"https:\/\/dutchmicrodosing.com\/it\/effetti-collaterali-e-rischi\/#breadcrumb"},"inLanguage":"it-IT","potentialAction":[{"@type":"ReadAction","target":["https:\/\/dutchmicrodosing.com\/it\/effetti-collaterali-e-rischi\/"]}]},{"@type":"ImageObject","inLanguage":"it-IT","@id":"https:\/\/dutchmicrodosing.com\/it\/effetti-collaterali-e-rischi\/#primaryimage","url":"https:\/\/dutchmicrodosing.com\/wp-content\/uploads\/2023\/08\/young-woman-sadness-hides-black-window-generated-by-ai.jpg","contentUrl":"https:\/\/dutchmicrodosing.com\/wp-content\/uploads\/2023\/08\/young-woman-sadness-hides-black-window-generated-by-ai.jpg"},{"@type":"BreadcrumbList","@id":"https:\/\/dutchmicrodosing.com\/it\/effetti-collaterali-e-rischi\/#breadcrumb","itemListElement":[{"@type":"ListItem","position":1,"name":"Home","item":"https:\/\/dutchmicrodosing.com\/it\/"},{"@type":"ListItem","position":2,"name":"Effetti collaterali e rischi"}]},{"@type":"WebSite","@id":"https:\/\/dutchmicrodosing.com\/it\/#website","url":"https:\/\/dutchmicrodosing.com\/it\/","name":"Dutchmicrodosing","description":"","publisher":{"@id":"https:\/\/dutchmicrodosing.com\/it\/#organization"},"potentialAction":[{"@type":"SearchAction","target":{"@type":"EntryPoint","urlTemplate":"https:\/\/dutchmicrodosing.com\/it\/?s={search_term_string}"},"query-input":{"@type":"PropertyValueSpecification","valueRequired":true,"valueName":"search_term_string"}}],"inLanguage":"it-IT"},{"@type":"Organization","@id":"https:\/\/dutchmicrodosing.com\/it\/#organization","name":"Dutchmicrodosing","url":"https:\/\/dutchmicrodosing.com\/it\/","logo":{"@type":"ImageObject","inLanguage":"it-IT","@id":"https:\/\/dutchmicrodosing.com\/it\/#\/schema\/logo\/image\/","url":"https:\/\/dutchmicrodosing.com\/wp-content\/uploads\/2021\/01\/microdosing-categorie-pic-nieuw.jpg","contentUrl":"https:\/\/dutchmicrodosing.com\/wp-content\/uploads\/2021\/01\/microdosing-categorie-pic-nieuw.jpg","width":500,"height":500,"caption":"Dutchmicrodosing"},"image":{"@id":"https:\/\/dutchmicrodosing.com\/it\/#\/schema\/logo\/image\/"},"sameAs":["https:\/\/www.facebook.com\/Dutchmicrodosingxp\/","https:\/\/www.instagram.com\/dutchmicrodosing\/"]}]}},"_links":{"self":[{"href":"https:\/\/dutchmicrodosing.com\/it\/wp-json\/wp\/v2\/pages\/6390","targetHints":{"allow":["GET"]}}],"collection":[{"href":"https:\/\/dutchmicrodosing.com\/it\/wp-json\/wp\/v2\/pages"}],"about":[{"href":"https:\/\/dutchmicrodosing.com\/it\/wp-json\/wp\/v2\/types\/page"}],"author":[{"embeddable":true,"href":"https:\/\/dutchmicrodosing.com\/it\/wp-json\/wp\/v2\/users\/10"}],"replies":[{"embeddable":true,"href":"https:\/\/dutchmicrodosing.com\/it\/wp-json\/wp\/v2\/comments?post=6390"}],"version-history":[{"count":0,"href":"https:\/\/dutchmicrodosing.com\/it\/wp-json\/wp\/v2\/pages\/6390\/revisions"}],"wp:attachment":[{"href":"https:\/\/dutchmicrodosing.com\/it\/wp-json\/wp\/v2\/media?parent=6390"}],"curies":[{"name":"wp","href":"https:\/\/api.w.org\/{rel}","templated":true}]}}