{"id":6395,"date":"2021-06-06T19:32:44","date_gmt":"2021-06-06T19:32:44","guid":{"rendered":"https:\/\/dutchmicrodosing.com\/applicazioni-mediche\/"},"modified":"2025-10-20T23:08:00","modified_gmt":"2025-10-20T21:08:00","slug":"applicazioni-mediche","status":"publish","type":"page","link":"https:\/\/dutchmicrodosing.com\/it\/applicazioni-mediche\/","title":{"rendered":"Applicazioni mediche"},"content":{"rendered":"\t\t<div data-elementor-type=\"wp-page\" data-elementor-id=\"6395\" class=\"elementor elementor-6395 elementor-222\" data-elementor-post-type=\"page\">\n\t\t\t\t\t\t<section class=\"elementor-section elementor-top-section elementor-element elementor-element-2f525e1 elementor-section-boxed elementor-section-height-default elementor-section-height-default\" data-id=\"2f525e1\" data-element_type=\"section\" data-e-type=\"section\">\n\t\t\t\t\t\t<div class=\"elementor-container elementor-column-gap-default\">\n\t\t\t\t\t<div class=\"elementor-column elementor-col-100 elementor-top-column elementor-element elementor-element-f64c5e0\" data-id=\"f64c5e0\" data-element_type=\"column\" data-e-type=\"column\">\n\t\t\t<div class=\"elementor-widget-wrap elementor-element-populated\">\n\t\t\t\t\t\t<div class=\"elementor-element elementor-element-2a4b5e6 elementor--h-position-center elementor--v-position-middle elementor-arrows-position-inside elementor-pagination-position-inside elementor-widget elementor-widget-slides\" data-id=\"2a4b5e6\" data-element_type=\"widget\" data-e-type=\"widget\" data-settings=\"{&quot;navigation&quot;:&quot;both&quot;,&quot;autoplay&quot;:&quot;yes&quot;,&quot;pause_on_hover&quot;:&quot;yes&quot;,&quot;pause_on_interaction&quot;:&quot;yes&quot;,&quot;autoplay_speed&quot;:5000,&quot;infinite&quot;:&quot;yes&quot;,&quot;transition&quot;:&quot;slide&quot;,&quot;transition_speed&quot;:500}\" data-widget_type=\"slides.default\">\n\t\t\t\t<div class=\"elementor-widget-container\">\n\t\t\t\t\t\t\t\t\t<div class=\"elementor-swiper\">\n\t\t\t\t\t<div class=\"elementor-slides-wrapper elementor-main-swiper swiper\" role=\"region\" aria-roledescription=\"carousel\" aria-label=\"Slides\" dir=\"ltr\" data-animation=\"fadeInUp\">\n\t\t\t\t<div class=\"swiper-wrapper elementor-slides\">\n\t\t\t\t\t\t\t\t\t\t<div class=\"elementor-repeater-item-2c0b78b swiper-slide\" role=\"group\" aria-roledescription=\"slide\"><div class=\"swiper-slide-bg\" role=\"img\" aria-label=\"Schermo di computer con modello molecolare sullo sfondo di due lavoratori di laboratorio.\"><\/div><div class=\"swiper-slide-inner\" ><div class=\"swiper-slide-contents\"><\/div><\/div><\/div>\t\t\t\t<\/div>\n\t\t\t\t\t\t\t<\/div>\n\t\t\t\t<\/div>\n\t\t\t\t\t\t\t\t<\/div>\n\t\t\t\t<\/div>\n\t\t\t\t\t<\/div>\n\t\t<\/div>\n\t\t\t\t\t<\/div>\n\t\t<\/section>\n\t\t\t\t<section class=\"elementor-section elementor-top-section elementor-element elementor-element-72d108d elementor-section-boxed elementor-section-height-default elementor-section-height-default\" data-id=\"72d108d\" data-element_type=\"section\" data-e-type=\"section\">\n\t\t\t\t\t\t<div class=\"elementor-container elementor-column-gap-default\">\n\t\t\t\t\t<div class=\"elementor-column elementor-col-100 elementor-top-column elementor-element elementor-element-472485b\" data-id=\"472485b\" data-element_type=\"column\" data-e-type=\"column\">\n\t\t\t<div class=\"elementor-widget-wrap elementor-element-populated\">\n\t\t\t\t\t\t<div class=\"elementor-element elementor-element-e89e346 elementor-widget elementor-widget-heading\" data-id=\"e89e346\" data-element_type=\"widget\" data-e-type=\"widget\" data-widget_type=\"heading.default\">\n\t\t\t\t<div class=\"elementor-widget-container\">\n\t\t\t\t\t<h1 class=\"elementor-heading-title elementor-size-default\"><p>Applicazioni mediche del microdosaggio<span><\/span><\/p><\/h1>\t\t\t\t<\/div>\n\t\t\t\t<\/div>\n\t\t\t\t<div class=\"elementor-element elementor-element-7d73bc9 elementor-widget elementor-widget-text-editor\" data-id=\"7d73bc9\" data-element_type=\"widget\" data-e-type=\"widget\" data-widget_type=\"text-editor.default\">\n\t\t\t\t<div class=\"elementor-widget-container\">\n\t\t\t\t\t\t\t\t\t<p>Fortunatamente, le applicazioni mediche del microdosaggio sono sempre pi\u00f9 esplorate. Sta diventando sempre pi\u00f9 popolare, il che stimola la ricerca sulle possibilit\u00e0 del microdosaggio. Mentre cinque anni fa non c&#8217;era quasi nessuna ricerca da trovare, ora quasi 400 studi possono essere trovati in riviste scientifiche e su siti web.<\/p><p><span style=\"letter-spacing: 0.4px;\">Dall&#8217;AHDH alla depressione, dall&#8217;ansia alla cefalea a grappolo, ci sono tutti i tipi di disturbi per i quali la somministrazione di piccole quantit\u00e0 di psichedelici (microdosaggio) potrebbe aiutare. I dati disponibili sono promettenti, ma molte delle ricerche sono state fatte su animali o i dati sono aneddotici. Speriamo che questa area di ricerca venga presa sul serio, in modo che pi\u00f9 persone possano essere aiutate con il microdosaggio. Dopo tutto, <a href=\"https:\/\/dutchmicrodosing.com\/it\/storia-microdosing-microdosing-effetti\/\">la storia <\/a>dimostra che i funghi psilocibinici o i tartufi avevano una funzione importante.<br><\/span><\/p><h2><span style=\"color: #061738; font-family: 'Barlow Condensed', sans-serif; font-size: 40px; letter-spacing: 0.4px;\">A cosa pu\u00f2 servire il microdosaggio?<\/span><\/h2><p>Molte persone stanno sperimentando i benefici delle applicazioni mediche del microdosaggio. James Fadiman ha condotto ricerche per molti anni e ha raccolto un gran numero di esperienze personali. Il microdosaggio pu\u00f2 eventualmente portare sollievo ai seguenti disturbi:<\/p><ul><li>ADHD e ADD<\/li><li>Disturbi alimentari<\/li><li>Allergie<\/li><li>Depressione<\/li><li>Dipendenze<\/li><li>Ansia sociale<\/li><li>Emicrania<\/li><li>Mal di testa a grappolo<\/li><li>Disturbo ossessivo-compulsivo<\/li><li>PMS<\/li><\/ul><p>Per queste condizioni sono disponibili farmaci regolari, come antidepressivi, antidolorifici e sedativi. Ma questi hanno brutti effetti collaterali o non hanno il giusto effetto. Le cefalee a grappolo spesso non hanno successo con i farmaci. Inoltre, per molte persone non \u00e8 piacevole dover prendere regolarmente dei farmaci per tutta la vita. Ecco perch\u00e9 stanno cercando un&#8217;alternativa. Il <a href=\"https:\/\/dutchmicrodosing.com\/it\/cose-la-microdosi\/\">microdosaggio di<\/a> funghi magici, tartufi magici o LSD potrebbe essere proprio questo.<\/p><p><img fetchpriority=\"high\" decoding=\"async\" class=\"aligncenter wp-image-24548 size-full\" src=\"https:\/\/dutchmicrodosing.com\/wp-content\/uploads\/2023\/06\/wiserootz_box_peakperformance.jpg\" alt=\"Applicazioni mediche del microdosaggio\" width=\"1174\" height=\"882\" srcset=\"https:\/\/dutchmicrodosing.com\/wp-content\/uploads\/2023\/06\/wiserootz_box_peakperformance.jpg 1174w, https:\/\/dutchmicrodosing.com\/wp-content\/uploads\/2023\/06\/wiserootz_box_peakperformance-600x451.jpg 600w, https:\/\/dutchmicrodosing.com\/wp-content\/uploads\/2023\/06\/wiserootz_box_peakperformance-300x225.jpg 300w, https:\/\/dutchmicrodosing.com\/wp-content\/uploads\/2023\/06\/wiserootz_box_peakperformance-1024x769.jpg 1024w, https:\/\/dutchmicrodosing.com\/wp-content\/uploads\/2023\/06\/wiserootz_box_peakperformance-768x577.jpg 768w\" sizes=\"(max-width: 1174px) 100vw, 1174px\" \/><\/p><h2><span style=\"color: #061738; font-family: 'Barlow Condensed', sans-serif; font-size: 40px; letter-spacing: 0.4px;\">Microdosaggio nella depressione e nel PTSD<\/span><\/h2><p>James Fadiman ha raccolto dati sugli effetti del microdosaggio nella depressione. Diversi partecipanti al suo studio hanno riferito che il microdosaggio li ha fatti sentire meglio. Una persona soffriva del morbo di Parkinson. Anche se l&#8217;assunzione di microdosi di LSD non ha alleviato i sintomi della malattia, ha avuto un effetto positivo sui suoi sintomi depressivi. Tuttavia, lo studio era a breve termine e non si sa se il microdosaggio aiuta nel lungo periodo.<\/p><p><span style=\"letter-spacing: 0.4px;\">Kim Kuypers ha confrontato diversi studi e analizzato i dati. <\/span><a style=\"background-color: #ffffff; letter-spacing: 0.4px;\" href=\"https:\/\/pubmed.ncbi.nlm.nih.gov\/32922736\/\">ha analizzato i dati<\/a><span style=\"letter-spacing: 0.4px;\">per scoprire se il microdosaggio di LSD e psilocibina ha senso per la depressione. Non \u00e8 ancora chiaro se abbia un effetto terapeutico. Ma indirettamente, il microdosaggio pu\u00f2 alleviare i sintomi, in quanto pu\u00f2 influenzare positivamente la flessibilit\u00e0 cognitiva, che permetterebbe a una persona di adattarsi al cambiamento pi\u00f9 rapidamente e preoccuparsi meno.<\/span><\/p><p><span style=\"letter-spacing: 0.4px;\">Anche le applicazioni mediche del microdosaggio vengono esaminate con interesse per il PTSD. C&#8217;\u00e8  <\/span><a style=\"background-color: #ffffff; letter-spacing: 0.4px;\" href=\"https:\/\/www.ncbi.nlm.nih.gov\/pmc\/articles\/PMC5367557\/\">ricerca<\/a><span style=\"letter-spacing: 0.4px;\">  psilocibina (la sostanza presente nei funghi magici e nei tartufi che causa l&#8217;effetto di alterazione della mente). Questa sostanza potrebbe stimolare i recettori nel cervello e anche promuovere la formazione di nuove connessioni. Questo ti aiuterebbe a recuperare pi\u00f9 velocemente dal trauma mentale.<\/span><\/p><p><img decoding=\"async\" class=\"wp-image-27104 size-full\" src=\"https:\/\/dutchmicrodosing.com\/wp-content\/uploads\/2023\/08\/portrait-beautiful-young-woman-keeping-hands-temples-suffering-from-terrible-headache-scaled.jpg\" alt=\"\" width=\"2560\" height=\"1707\" srcset=\"https:\/\/dutchmicrodosing.com\/wp-content\/uploads\/2023\/08\/portrait-beautiful-young-woman-keeping-hands-temples-suffering-from-terrible-headache-scaled.jpg 2560w, https:\/\/dutchmicrodosing.com\/wp-content\/uploads\/2023\/08\/portrait-beautiful-young-woman-keeping-hands-temples-suffering-from-terrible-headache-scaled-600x400.jpg 600w, https:\/\/dutchmicrodosing.com\/wp-content\/uploads\/2023\/08\/portrait-beautiful-young-woman-keeping-hands-temples-suffering-from-terrible-headache-300x200.jpg 300w, https:\/\/dutchmicrodosing.com\/wp-content\/uploads\/2023\/08\/portrait-beautiful-young-woman-keeping-hands-temples-suffering-from-terrible-headache-1024x683.jpg 1024w, https:\/\/dutchmicrodosing.com\/wp-content\/uploads\/2023\/08\/portrait-beautiful-young-woman-keeping-hands-temples-suffering-from-terrible-headache-768x512.jpg 768w, https:\/\/dutchmicrodosing.com\/wp-content\/uploads\/2023\/08\/portrait-beautiful-young-woman-keeping-hands-temples-suffering-from-terrible-headache-1536x1024.jpg 1536w, https:\/\/dutchmicrodosing.com\/wp-content\/uploads\/2023\/08\/portrait-beautiful-young-woman-keeping-hands-temples-suffering-from-terrible-headache-2048x1365.jpg 2048w\" sizes=\"(max-width: 2560px) 100vw, 2560px\" \/><\/p><h2><span style=\"color: #061738; font-family: 'Barlow Condensed', sans-serif; font-size: 40px; letter-spacing: 0.4px;\">In caso di cefalea a grappolo<\/span><\/h2><p>La cefalea a grappolo \u00e8 un tipo di mal di testa che pu\u00f2 essere descritto solo come straziante. Non si chiama mal di testa da suicidio per niente. Il dolore \u00e8 intenso e pu\u00f2 arrivare all&#8217;improvviso. Gli psichedelici sono ora presi in considerazione per trattare anche questi mal di testa. La <a href=\"https:\/\/www.researchgate.net\/publication\/6982362_Response_of_cluster_headache_to_psilocybin_and_LSD\">ricerca<\/a> mostra che sia l&#8217;LSD che la psilocibina possono portare sollievo dove i normali antidolorifici falliscono. Possono far scomparire gli attacchi dolorosi e diventare meno frequenti. In questi casi, tuttavia, le persone hanno preso pi\u00f9 di una microdose, ma vale la pena indagare se il microdosaggio potrebbe essere una soluzione anche per la cefalea a grappolo.<\/p><h2><span style=\"color: #061738; font-family: 'Barlow Condensed', sans-serif; font-size: 40px; letter-spacing: 0.4px;\">Pu\u00f2 aiutare con l&#8217;ADHD<\/span><\/h2><p>Il microdosaggio di funghi magici e altri psichedelici pu\u00f2 aiutare con l&#8217;ADHD. Le sostanze hanno un&#8217;influenza positiva sulla concentrazione. Uno dei partecipanti allo studio di James Fadiman ci ha detto che il microdosaggio gli ha permesso di ridurre l&#8217;uso di Adderall. Albert Hofmann \u00e8 un sostenitore dell&#8217;uso di microdosi di LSD per l&#8217;ADHD. Egli sostiene che se l&#8217;LSD fosse stato legale da usare, sarebbe stato molto meglio da usare per l&#8217;ADHD rispetto al Ritalin o all&#8217;Adderall, perch\u00e9 non ha <a href=\"https:\/\/dutchmicrodosing.com\/it\/effetti-collaterali-e-rischi\/\">effetti collaterali<\/a>.<\/p><h2><span style=\"color: #061738; font-family: 'Barlow Condensed', sans-serif; font-size: 40px; letter-spacing: 0.4px;\">Microdosaggio con ansia<\/span><\/h2><p>Se si vuole microdosare con l&#8217;ansia, \u00e8 consigliabile fare attenzione. L&#8217;ansia \u00e8 solo uno degli effetti collaterali pi\u00f9 spesso menzionati con il microdosaggio, cos\u00ec come l&#8217;agitazione e la paranoia. Se si prende una dose normale di psichedelici, allora si pu\u00f2 anche soffrire di questo. Se gi\u00e0 soffri di ansia, il microdosaggio pu\u00f2 peggiorare quell&#8217;ansia. Tuttavia, pu\u00f2 valere la pena considerare il microdosaggio.<\/p><h2><span style=\"color: #061738; font-family: 'Barlow Condensed', sans-serif; font-size: 40px; letter-spacing: 0.4px;\">Trattare l&#8217;ansia con dosi normali<\/span><\/h2><p>La psilocibina pu\u00f2 essere usata per le paure che sono causate dall&#8217;avere una malattia pericolosa per la vita. Uno <a href=\"https:\/\/www.ncbi.nlm.nih.gov\/pmc\/articles\/PMC5367557\/\">studio<\/a> condotto da Roland Griffiths, in cui persone gravemente malate hanno preso (una dose normale) di psilocibina, ha scoperto che ha migliorato il loro umore e la loro visione della vita. Anche le loro paure sono diminuite. Questo \u00e8 rimasto vero fino a 12 mesi dopo il trattamento. E questo mentre avevano preso solo una dose di psilocibina.<\/p><p><span style=\"letter-spacing: 0.4px;\">Usare (quantit\u00e0 normali di) psichedelici pu\u00f2 essere un&#8217;esperienza mistica. A volte si pu\u00f2 avere un&#8217;epifania quasi religiosa o sentirsi come se si fosse connessi al mondo intero. Pu\u00f2 fornire un profondo senso di realizzazione. Una tale esperienza spirituale pu\u00f2 toccare le tue paure ad un livello profondo, facendoti vedere in una luce completamente nuova. Questo accade soprattutto quando si prende una dose normale.<\/span><\/p><p><img decoding=\"async\" class=\"aligncenter wp-image-27111 size-full\" src=\"https:\/\/dutchmicrodosing.com\/wp-content\/uploads\/2023\/08\/door-opening-new-world-composition-scaled.jpg\" alt=\"\" width=\"2560\" height=\"1610\" srcset=\"https:\/\/dutchmicrodosing.com\/wp-content\/uploads\/2023\/08\/door-opening-new-world-composition-scaled.jpg 2560w, https:\/\/dutchmicrodosing.com\/wp-content\/uploads\/2023\/08\/door-opening-new-world-composition-scaled-600x377.jpg 600w, https:\/\/dutchmicrodosing.com\/wp-content\/uploads\/2023\/08\/door-opening-new-world-composition-300x189.jpg 300w, https:\/\/dutchmicrodosing.com\/wp-content\/uploads\/2023\/08\/door-opening-new-world-composition-1024x644.jpg 1024w, https:\/\/dutchmicrodosing.com\/wp-content\/uploads\/2023\/08\/door-opening-new-world-composition-768x483.jpg 768w, https:\/\/dutchmicrodosing.com\/wp-content\/uploads\/2023\/08\/door-opening-new-world-composition-1536x966.jpg 1536w, https:\/\/dutchmicrodosing.com\/wp-content\/uploads\/2023\/08\/door-opening-new-world-composition-2048x1288.jpg 2048w\" sizes=\"(max-width: 2560px) 100vw, 2560px\" \/><\/p><h2>Applicazioni mediche del microdosaggio: ecco gli effetti<\/h2><p>Prendendo microdosi regolari, puoi effettivamente trattare la tua ansia come se prendessi dei farmaci per essa. Una dose normale ti scuote molto, con il microdosaggio ti avvicini pi\u00f9 delicatamente. Una microdose non pu\u00f2 provocare una profonda esperienza mistica, ma di certo se ne possono percepire i <a href=\"https:\/\/dutchmicrodosing.com\/it\/benefici-microdosi\/\">benefici<\/a>.<\/p><p><span style=\"letter-spacing: 0.4px;\">Non sono state fatte molte ricerche sul microdosaggio per l&#8217;ansia. Nel 2018, i ricercatori cechi hanno messo dei ratti in un labirinto difficile che avrebbe causato stress negli animali. Gli \u00e8 stata data una microdose di psilocina. Anche se lo studio era sperimentale, il risultato fu che questa bassa dose aveva un leggero effetto sedativo.<\/span><\/p><p><span style=\"letter-spacing: 0.4px;\">Purtroppo, non sono stati fatti molti studi clinici sul microdosaggio. Ci sono molte storie positive su internet di persone che sperimentano il microdosaggio. Se vuoi provare il microdosaggio, controlla il nostro webshop per le nostre offerte.<\/span><\/p>\t\t\t\t\t\t\t\t<\/div>\n\t\t\t\t<\/div>\n\t\t\t\t\t<\/div>\n\t\t<\/div>\n\t\t\t\t\t<\/div>\n\t\t<\/section>\n\t\t\t\t<\/div>\n\t\t","protected":false},"excerpt":{"rendered":"<p>Applicazioni mediche del microdosaggio Fortunatamente, le applicazioni mediche del microdosaggio sono sempre pi\u00f9 esplorate. Sta diventando sempre pi\u00f9 popolare, il che stimola la ricerca sulle possibilit\u00e0 del microdosaggio. Mentre cinque anni fa non c&#8217;era quasi nessuna ricerca da trovare, ora quasi 400 studi possono essere trovati in riviste scientifiche e su siti web. Dall&#8217;AHDH alla [&hellip;]<\/p>\n","protected":false},"author":10,"featured_media":0,"parent":0,"menu_order":0,"comment_status":"closed","ping_status":"closed","template":"","meta":{"footnotes":""},"class_list":["post-6395","page","type-page","status-publish","hentry"],"yoast_head":"<!-- This site is optimized with the Yoast SEO Premium plugin v26.4 (Yoast SEO v27.2) - https:\/\/yoast.com\/product\/yoast-seo-premium-wordpress\/ -->\n<title>Dutchmicrodosing | Applicazioni mediche del microdosaggio<\/title>\n<meta name=\"description\" content=\"Scopri le applicazioni mediche del microdosaggio e come pu\u00f2 contribuire alla salute mentale, alla concentrazione e al benessere emotivo.\" \/>\n<meta name=\"robots\" content=\"index, follow, max-snippet:-1, max-image-preview:large, max-video-preview:-1\" \/>\n<link rel=\"canonical\" href=\"https:\/\/dutchmicrodosing.com\/it\/applicazioni-mediche\/\" \/>\n<meta property=\"og:locale\" content=\"it_IT\" \/>\n<meta property=\"og:type\" content=\"article\" \/>\n<meta property=\"og:title\" content=\"Applicazioni mediche\" \/>\n<meta property=\"og:description\" content=\"Applicazioni mediche del microdosaggio Fortunatamente, le applicazioni mediche del microdosaggio sono sempre pi\u00f9 esplorate. Sta diventando sempre pi\u00f9\" \/>\n<meta property=\"og:url\" content=\"https:\/\/dutchmicrodosing.com\/it\/applicazioni-mediche\/\" \/>\n<meta property=\"og:site_name\" content=\"Dutchmicrodosing\" \/>\n<meta property=\"article:publisher\" content=\"https:\/\/www.facebook.com\/Dutchmicrodosingxp\/\" \/>\n<meta property=\"article:modified_time\" content=\"2025-10-20T21:08:00+00:00\" \/>\n<meta property=\"og:image\" content=\"https:\/\/dutchmicrodosing.com\/wp-content\/uploads\/2023\/06\/wiserootz_box_peakperformance.jpg\" \/>\n\t<meta property=\"og:image:width\" content=\"1174\" \/>\n\t<meta property=\"og:image:height\" content=\"882\" \/>\n\t<meta property=\"og:image:type\" content=\"image\/jpeg\" \/>\n<meta name=\"twitter:card\" content=\"summary_large_image\" \/>\n<script type=\"application\/ld+json\" class=\"yoast-schema-graph\">{\"@context\":\"https:\/\/schema.org\",\"@graph\":[{\"@type\":\"WebPage\",\"@id\":\"https:\/\/dutchmicrodosing.com\/it\/applicazioni-mediche\/\",\"url\":\"https:\/\/dutchmicrodosing.com\/it\/applicazioni-mediche\/\",\"name\":\"Dutchmicrodosing | Applicazioni mediche del microdosaggio\",\"isPartOf\":{\"@id\":\"https:\/\/dutchmicrodosing.com\/it\/#website\"},\"primaryImageOfPage\":{\"@id\":\"https:\/\/dutchmicrodosing.com\/it\/applicazioni-mediche\/#primaryimage\"},\"image\":{\"@id\":\"https:\/\/dutchmicrodosing.com\/it\/applicazioni-mediche\/#primaryimage\"},\"thumbnailUrl\":\"https:\/\/dutchmicrodosing.com\/wp-content\/uploads\/2023\/06\/wiserootz_box_peakperformance.jpg\",\"datePublished\":\"2021-06-06T19:32:44+00:00\",\"dateModified\":\"2025-10-20T21:08:00+00:00\",\"description\":\"Scopri le applicazioni mediche del microdosaggio e come pu\u00f2 contribuire alla salute mentale, alla concentrazione e al benessere emotivo.\",\"breadcrumb\":{\"@id\":\"https:\/\/dutchmicrodosing.com\/it\/applicazioni-mediche\/#breadcrumb\"},\"inLanguage\":\"it-IT\",\"potentialAction\":[{\"@type\":\"ReadAction\",\"target\":[\"https:\/\/dutchmicrodosing.com\/it\/applicazioni-mediche\/\"]}]},{\"@type\":\"ImageObject\",\"inLanguage\":\"it-IT\",\"@id\":\"https:\/\/dutchmicrodosing.com\/it\/applicazioni-mediche\/#primaryimage\",\"url\":\"https:\/\/dutchmicrodosing.com\/wp-content\/uploads\/2023\/06\/wiserootz_box_peakperformance.jpg\",\"contentUrl\":\"https:\/\/dutchmicrodosing.com\/wp-content\/uploads\/2023\/06\/wiserootz_box_peakperformance.jpg\"},{\"@type\":\"BreadcrumbList\",\"@id\":\"https:\/\/dutchmicrodosing.com\/it\/applicazioni-mediche\/#breadcrumb\",\"itemListElement\":[{\"@type\":\"ListItem\",\"position\":1,\"name\":\"Home\",\"item\":\"https:\/\/dutchmicrodosing.com\/it\/\"},{\"@type\":\"ListItem\",\"position\":2,\"name\":\"Applicazioni mediche\"}]},{\"@type\":\"WebSite\",\"@id\":\"https:\/\/dutchmicrodosing.com\/it\/#website\",\"url\":\"https:\/\/dutchmicrodosing.com\/it\/\",\"name\":\"Dutchmicrodosing\",\"description\":\"\",\"publisher\":{\"@id\":\"https:\/\/dutchmicrodosing.com\/it\/#organization\"},\"potentialAction\":[{\"@type\":\"SearchAction\",\"target\":{\"@type\":\"EntryPoint\",\"urlTemplate\":\"https:\/\/dutchmicrodosing.com\/it\/?s={search_term_string}\"},\"query-input\":{\"@type\":\"PropertyValueSpecification\",\"valueRequired\":true,\"valueName\":\"search_term_string\"}}],\"inLanguage\":\"it-IT\"},{\"@type\":\"Organization\",\"@id\":\"https:\/\/dutchmicrodosing.com\/it\/#organization\",\"name\":\"Dutchmicrodosing\",\"url\":\"https:\/\/dutchmicrodosing.com\/it\/\",\"logo\":{\"@type\":\"ImageObject\",\"inLanguage\":\"it-IT\",\"@id\":\"https:\/\/dutchmicrodosing.com\/it\/#\/schema\/logo\/image\/\",\"url\":\"https:\/\/dutchmicrodosing.com\/wp-content\/uploads\/2021\/01\/microdosing-categorie-pic-nieuw.jpg\",\"contentUrl\":\"https:\/\/dutchmicrodosing.com\/wp-content\/uploads\/2021\/01\/microdosing-categorie-pic-nieuw.jpg\",\"width\":500,\"height\":500,\"caption\":\"Dutchmicrodosing\"},\"image\":{\"@id\":\"https:\/\/dutchmicrodosing.com\/it\/#\/schema\/logo\/image\/\"},\"sameAs\":[\"https:\/\/www.facebook.com\/Dutchmicrodosingxp\/\",\"https:\/\/www.instagram.com\/dutchmicrodosing\/\"]}]}<\/script>\n<!-- \/ Yoast SEO Premium plugin. -->","yoast_head_json":{"title":"Dutchmicrodosing | Applicazioni mediche del microdosaggio","description":"Scopri le applicazioni mediche del microdosaggio e come pu\u00f2 contribuire alla salute mentale, alla concentrazione e al benessere emotivo.","robots":{"index":"index","follow":"follow","max-snippet":"max-snippet:-1","max-image-preview":"max-image-preview:large","max-video-preview":"max-video-preview:-1"},"canonical":"https:\/\/dutchmicrodosing.com\/it\/applicazioni-mediche\/","og_locale":"it_IT","og_type":"article","og_title":"Applicazioni mediche","og_description":"Applicazioni mediche del microdosaggio Fortunatamente, le applicazioni mediche del microdosaggio sono sempre pi\u00f9 esplorate. Sta diventando sempre pi\u00f9","og_url":"https:\/\/dutchmicrodosing.com\/it\/applicazioni-mediche\/","og_site_name":"Dutchmicrodosing","article_publisher":"https:\/\/www.facebook.com\/Dutchmicrodosingxp\/","article_modified_time":"2025-10-20T21:08:00+00:00","og_image":[{"width":1174,"height":882,"url":"https:\/\/dutchmicrodosing.com\/wp-content\/uploads\/2023\/06\/wiserootz_box_peakperformance.jpg","type":"image\/jpeg"}],"twitter_card":"summary_large_image","schema":{"@context":"https:\/\/schema.org","@graph":[{"@type":"WebPage","@id":"https:\/\/dutchmicrodosing.com\/it\/applicazioni-mediche\/","url":"https:\/\/dutchmicrodosing.com\/it\/applicazioni-mediche\/","name":"Dutchmicrodosing | Applicazioni mediche del microdosaggio","isPartOf":{"@id":"https:\/\/dutchmicrodosing.com\/it\/#website"},"primaryImageOfPage":{"@id":"https:\/\/dutchmicrodosing.com\/it\/applicazioni-mediche\/#primaryimage"},"image":{"@id":"https:\/\/dutchmicrodosing.com\/it\/applicazioni-mediche\/#primaryimage"},"thumbnailUrl":"https:\/\/dutchmicrodosing.com\/wp-content\/uploads\/2023\/06\/wiserootz_box_peakperformance.jpg","datePublished":"2021-06-06T19:32:44+00:00","dateModified":"2025-10-20T21:08:00+00:00","description":"Scopri le applicazioni mediche del microdosaggio e come pu\u00f2 contribuire alla salute mentale, alla concentrazione e al benessere emotivo.","breadcrumb":{"@id":"https:\/\/dutchmicrodosing.com\/it\/applicazioni-mediche\/#breadcrumb"},"inLanguage":"it-IT","potentialAction":[{"@type":"ReadAction","target":["https:\/\/dutchmicrodosing.com\/it\/applicazioni-mediche\/"]}]},{"@type":"ImageObject","inLanguage":"it-IT","@id":"https:\/\/dutchmicrodosing.com\/it\/applicazioni-mediche\/#primaryimage","url":"https:\/\/dutchmicrodosing.com\/wp-content\/uploads\/2023\/06\/wiserootz_box_peakperformance.jpg","contentUrl":"https:\/\/dutchmicrodosing.com\/wp-content\/uploads\/2023\/06\/wiserootz_box_peakperformance.jpg"},{"@type":"BreadcrumbList","@id":"https:\/\/dutchmicrodosing.com\/it\/applicazioni-mediche\/#breadcrumb","itemListElement":[{"@type":"ListItem","position":1,"name":"Home","item":"https:\/\/dutchmicrodosing.com\/it\/"},{"@type":"ListItem","position":2,"name":"Applicazioni mediche"}]},{"@type":"WebSite","@id":"https:\/\/dutchmicrodosing.com\/it\/#website","url":"https:\/\/dutchmicrodosing.com\/it\/","name":"Dutchmicrodosing","description":"","publisher":{"@id":"https:\/\/dutchmicrodosing.com\/it\/#organization"},"potentialAction":[{"@type":"SearchAction","target":{"@type":"EntryPoint","urlTemplate":"https:\/\/dutchmicrodosing.com\/it\/?s={search_term_string}"},"query-input":{"@type":"PropertyValueSpecification","valueRequired":true,"valueName":"search_term_string"}}],"inLanguage":"it-IT"},{"@type":"Organization","@id":"https:\/\/dutchmicrodosing.com\/it\/#organization","name":"Dutchmicrodosing","url":"https:\/\/dutchmicrodosing.com\/it\/","logo":{"@type":"ImageObject","inLanguage":"it-IT","@id":"https:\/\/dutchmicrodosing.com\/it\/#\/schema\/logo\/image\/","url":"https:\/\/dutchmicrodosing.com\/wp-content\/uploads\/2021\/01\/microdosing-categorie-pic-nieuw.jpg","contentUrl":"https:\/\/dutchmicrodosing.com\/wp-content\/uploads\/2021\/01\/microdosing-categorie-pic-nieuw.jpg","width":500,"height":500,"caption":"Dutchmicrodosing"},"image":{"@id":"https:\/\/dutchmicrodosing.com\/it\/#\/schema\/logo\/image\/"},"sameAs":["https:\/\/www.facebook.com\/Dutchmicrodosingxp\/","https:\/\/www.instagram.com\/dutchmicrodosing\/"]}]}},"_links":{"self":[{"href":"https:\/\/dutchmicrodosing.com\/it\/wp-json\/wp\/v2\/pages\/6395","targetHints":{"allow":["GET"]}}],"collection":[{"href":"https:\/\/dutchmicrodosing.com\/it\/wp-json\/wp\/v2\/pages"}],"about":[{"href":"https:\/\/dutchmicrodosing.com\/it\/wp-json\/wp\/v2\/types\/page"}],"author":[{"embeddable":true,"href":"https:\/\/dutchmicrodosing.com\/it\/wp-json\/wp\/v2\/users\/10"}],"replies":[{"embeddable":true,"href":"https:\/\/dutchmicrodosing.com\/it\/wp-json\/wp\/v2\/comments?post=6395"}],"version-history":[{"count":0,"href":"https:\/\/dutchmicrodosing.com\/it\/wp-json\/wp\/v2\/pages\/6395\/revisions"}],"wp:attachment":[{"href":"https:\/\/dutchmicrodosing.com\/it\/wp-json\/wp\/v2\/media?parent=6395"}],"curies":[{"name":"wp","href":"https:\/\/api.w.org\/{rel}","templated":true}]}}