{"id":12578,"date":"2022-04-06T22:02:49","date_gmt":"2022-04-06T20:02:49","guid":{"rendered":"https:\/\/dutchmicrodosing.com\/shop\/doppia-visione-truffoli-25-gr\/"},"modified":"2025-02-20T14:16:40","modified_gmt":"2025-02-20T13:16:40","slug":"doppia-visione-truffoli-25-gr","status":"publish","type":"product","link":"https:\/\/dutchmicrodosing.com\/it\/tartufi-di-psilocibina\/tartufi-magici\/doppia-visione-truffoli-25-gr\/","title":{"rendered":"Tartufi Double Vision 25 Gr"},"content":{"rendered":"<p>I tartufi Double Vision sono in realt\u00e0 una combinazione di due potenti tartufi con una dose generosa di ben 25 grammi! Il tartufo magico Double Vision \u00e8 un mix del tartufo magico Hollandia e del tartufo magico Utopia. Questo potente mix d\u00e0 vita a un viaggio potente che non dimenticherete presto! La forza e il modo in cui si inciampa in questo tartufo magico dipendono dalla persona. Anche la quantit\u00e0 assunta pu\u00f2 influire sull&#8217;intensit\u00e0 del viaggio. Non dimenticherete presto un viaggio con questo tartufo magico. Visioni colorate e potenti allucinazioni saranno comuni durante un viaggio con i tartufi magici a doppia visione. Rivolgetevi a voi stessi e venite alle intuizioni di adesso con questo tartufo di magia primordiale.<\/p>\n<h2>Dosaggio Tartufi Double Vision<\/h2>\n<p>Tutti i tartufi magici e anche i funghi magici sono diversi. Un viaggio pu\u00f2 essere anche solo diverso se si prende la stessa quantit\u00e0. Questo perch\u00e9 dipende anche dal vostro stato d&#8217;animo e da altri fattori. Se non vi sentite bene, la cosa giusta da fare \u00e8 non prendere i tartufi magici. Questo pu\u00f2 intensificare i sentimenti negativi. Dopo circa 45 minuti si inizia ad avere un trip. Allora un viaggio dura dalle sei alle otto ore.<\/p>\n<h2>Quanto dura un viaggio con i tartufi magici Double Vision?<\/h2>\n<p>I tartufi Double Vision inizieranno a funzionare dopo circa 45 minuti. Il viaggio dura circa 6-8 ore. Questo \u00e8 un tartufo ideale per gli psiconauti esperti, per un motivo ben preciso.<\/p>\n<h2>Preparazione per un viaggio con i tartufi magici Double Vision<\/h2>\n<p>La preparazione per un viaggio sui tartufi magici \u00e8 essenziale. Per far funzionare correttamente i tartufi magici, mangiateli a stomaco vuoto. Questo significa non mangiare nulla ore prima del viaggio. Durante il viaggio, naturalmente, si pu\u00f2 mangiare e bere come al solito. Allora assicuratevi di averla pronta per non doverla cercare tra tutte le allucinazioni. L&#8217;inciampo avviene in un ambiente familiare e sicuro. In questo modo, vi assicurate di conoscere bene e di fidarvi dei vostri compagni psiconauti. Inoltre, assicuratevi che sia presente un trip sitter, ovvero un amico o un&#8217;amica sobri che vi aiuti durante il viaggio. In effetti, il viaggio potrebbe essere troppo intenso. Allora \u00e8 bene avere un amico con i piedi per terra su cui poter contare e che ti aiuti quando ne hai bisogno. Questo perch\u00e9 durante un viaggio con i tartufi Double Vision si perde la cognizione del tempo e dello spazio. Infine, assicuratevi di avere in casa un dispositivo antinfortunistico. Questo vi aiuta, durante un viaggio difficile, a smaltire la tensione e ad accelerare il processo di disfacimento.<\/p>\n<h2>Conservazione dei tartufi Double Vision<\/h2>\n<p>Se decidete di non consumare subito i tartufi freschi Double Vision Truffles, potete conservarli. Conservateli al fresco e all&#8217;asciutto. Il frigorifero \u00e8 un luogo eccellente per questo scopo. Spesso, poi, \u00e8 possibile conservarle per almeno un altro mese. La temperatura ideale \u00e8 compresa tra i 2 e i 4 gradi centigradi. Assicuratevi di controllare la data di scadenza riportata sulla confezione per vedere quanto tempo si conservano.<\/p>\n<h2>Avviso sul prodotto<\/h2>\n<ul>\n<li>Non utilizzate i tartufi ai funghi se siete di cattivo umore, depressi, psicotici o comunque mentalmente disturbati. I tartufi magici non sono adatti ai minori o alle donne in gravidanza, n\u00e9 \u00e8 saggio guidare o azionare macchinari pesanti sotto l&#8217;effetto della psilocibina.<\/li>\n<li>I tartufi ai funghi non devono mai essere utilizzati in combinazione con alcol o altre droghe (prescritte o illegali). Iniziate con una piccola dose e assicuratevi di essere a vostro agio con la compagnia e l&#8217;ambiente circostante.<\/li>\n<li>Tutti i nostri tartufi al fungo magico sono confezionati al momento. Si consiglia di conservarli in frigorifero. Non aperti, si possono conservare in frigorifero per circa 2 mesi. Una volta aperto, tuttavia, il tartufo pu\u00f2 essere conservato solo per pochi giorni.<\/li>\n<\/ul>\n<h2>Programma di dosaggio del viaggio Tartufi magici<\/h2>\n<p>Queste dosi sono destinate alle persone che vogliono familiarizzare per la prima volta con i tartufi di psilocibina. Se avete gi\u00e0 esperienza con i tartufi di psilocibina o i funghi magici, potete aumentare la dose in base ai vostri desideri.<\/p>\n<p><strong>Viaggio leggero Viaggio leggero Viaggio pesante<\/strong><\/p>\n<ul>\n<li>50 kg = 5 grammi 6,7 grammi 11,2 grammi<\/li>\n<li>60 kg = 6 grammi 8 grammi 13,4 grammi<\/li>\n<li>70 kg = 7 grammi 9,3 grammi 15,6 grammi<\/li>\n<li>80 kg = 8 grammi 10,6 grammi 17,8 grammi<\/li>\n<li>90 kg = 9 grammi 11,9 grammi 20 grammi<\/li>\n<li>100 kg = 10 grammi 13,5 grammi 22,2 grammi<\/li>\n<\/ul>\n<div>Per un viaggio leggero, aumentare la dose di +\/- 0,1 grammi per chilo di peso corporeo, ad esempio: 51 chili = 5,1 grammi.<br \/>\nPer un viaggio Mild aumenta la dose di +\/- 0,13\/15 grammi per chilogrammo di peso corporeo, ad esempio: 51 chilogrammi = 6,85 grammi.<br \/>\nPer un viaggio pesante, aumentare la dose di +\/-0,22 grammi per chilo di peso corporeo, ad esempio: 51 chili = 11,42 grammi.<\/div>\n<p>&nbsp;<\/p>\n<h2>I tartufi magici contengono i seguenti valori nutrizionali per 100 grammi:<\/h2>\n<p>&nbsp;<\/p>\n<ul>\n<li>Energia 464,7 kJ<\/li>\n<li>Energia 110,5 kcal<\/li>\n<li>Carboidrati 13,2 grammi<\/li>\n<li>Proteine 5,3 grammi<\/li>\n<li>Grassi 0,4 grammi<\/li>\n<li>Fibra alimentare 16,7 grammi<\/li>\n<li>Sale (NaCl) 0,3 grammi<\/li>\n<li>Vitamina D 10,0 UI<\/li>\n<li>Sodio (Na) 13,6 mg<\/li>\n<li>Fosforo (P) 169,3 mg<\/li>\n<li>Potassio (K) 210,0 mg<\/li>\n<li>Calcio (Ca) 12,5 mg<\/li>\n<li>Ferro (F) 0,7 mg<\/li>\n<\/ul>\n","protected":false},"excerpt":{"rendered":"<p>I tartufi Double Vision sono in realt\u00e0 una combinazione di due potenti tartufi con una dose generosa di ben 25 grammi! Il tartufo magico Double Vision \u00e8 un mix del tartufo magico Hollandia e del tartufo magico Utopia. Questo potente mix d\u00e0 vita a un viaggio potente che non dimenticherete presto! La forza e il [&hellip;]<\/p>\n","protected":false},"featured_media":44556,"comment_status":"closed","ping_status":"closed","template":"","meta":[],"product_brand":[],"product_cat":[203],"product_tag":[],"class_list":{"0":"post-12578","1":"product","2":"type-product","3":"status-publish","4":"has-post-thumbnail","6":"product_cat-tartufi-magici","8":"first","9":"instock","10":"taxable","11":"shipping-taxable","12":"purchasable","13":"product-type-simple"},"yoast_head":"<!-- This site is optimized with the Yoast SEO Premium plugin v26.4 (Yoast SEO v27.4) - https:\/\/yoast.com\/product\/yoast-seo-premium-wordpress\/ -->\n<title>Tartufi Double Vision 25 Gr - Dutchmicrodosing<\/title>\n<meta name=\"robots\" content=\"index, follow, max-snippet:-1, max-image-preview:large, max-video-preview:-1\" \/>\n<link rel=\"canonical\" href=\"https:\/\/dutchmicrodosing.com\/it\/tartufi-di-psilocibina\/tartufi-magici\/doppia-visione-truffoli-25-gr\/\" \/>\n<meta property=\"og:locale\" content=\"it_IT\" \/>\n<meta property=\"og:type\" content=\"article\" \/>\n<meta property=\"og:title\" content=\"Tartufi Double Vision 25 Gr\" \/>\n<meta property=\"og:description\" content=\"I tartufi Double Vision sono in realt\u00e0 una combinazione di due potenti tartufi con una dose generosa di ben 25 grammi! Il tartufo magico Double Vision \u00e8\" \/>\n<meta property=\"og:url\" content=\"https:\/\/dutchmicrodosing.com\/it\/tartufi-di-psilocibina\/tartufi-magici\/doppia-visione-truffoli-25-gr\/\" \/>\n<meta property=\"og:site_name\" content=\"Dutchmicrodosing\" \/>\n<meta property=\"article:publisher\" content=\"https:\/\/www.facebook.com\/Dutchmicrodosingxp\/\" \/>\n<meta property=\"article:modified_time\" content=\"2025-02-20T13:16:40+00:00\" \/>\n<meta property=\"og:image\" content=\"https:\/\/dutchmicrodosing.com\/wp-content\/uploads\/2022\/04\/DOUBLEVISION.jpg\" \/>\n\t<meta property=\"og:image:width\" content=\"500\" \/>\n\t<meta property=\"og:image:height\" content=\"500\" \/>\n\t<meta property=\"og:image:type\" content=\"image\/jpeg\" \/>\n<meta name=\"twitter:card\" content=\"summary_large_image\" \/>\n<script type=\"application\/ld+json\" class=\"yoast-schema-graph\">{\"@context\":\"https:\\\/\\\/schema.org\",\"@graph\":[{\"@type\":\"WebPage\",\"@id\":\"https:\\\/\\\/dutchmicrodosing.com\\\/it\\\/tartufi-di-psilocibina\\\/tartufi-magici\\\/doppia-visione-truffoli-25-gr\\\/\",\"url\":\"https:\\\/\\\/dutchmicrodosing.com\\\/it\\\/tartufi-di-psilocibina\\\/tartufi-magici\\\/doppia-visione-truffoli-25-gr\\\/\",\"name\":\"Tartufi Double Vision 25 Gr - Dutchmicrodosing\",\"isPartOf\":{\"@id\":\"https:\\\/\\\/dutchmicrodosing.com\\\/it\\\/#website\"},\"primaryImageOfPage\":{\"@id\":\"https:\\\/\\\/dutchmicrodosing.com\\\/it\\\/tartufi-di-psilocibina\\\/tartufi-magici\\\/doppia-visione-truffoli-25-gr\\\/#primaryimage\"},\"image\":{\"@id\":\"https:\\\/\\\/dutchmicrodosing.com\\\/it\\\/tartufi-di-psilocibina\\\/tartufi-magici\\\/doppia-visione-truffoli-25-gr\\\/#primaryimage\"},\"thumbnailUrl\":\"https:\\\/\\\/dutchmicrodosing.com\\\/wp-content\\\/uploads\\\/2022\\\/04\\\/DOUBLEVISION.jpg\",\"datePublished\":\"2022-04-06T20:02:49+00:00\",\"dateModified\":\"2025-02-20T13:16:40+00:00\",\"breadcrumb\":{\"@id\":\"https:\\\/\\\/dutchmicrodosing.com\\\/it\\\/tartufi-di-psilocibina\\\/tartufi-magici\\\/doppia-visione-truffoli-25-gr\\\/#breadcrumb\"},\"inLanguage\":\"it-IT\",\"potentialAction\":[{\"@type\":\"ReadAction\",\"target\":[\"https:\\\/\\\/dutchmicrodosing.com\\\/it\\\/tartufi-di-psilocibina\\\/tartufi-magici\\\/doppia-visione-truffoli-25-gr\\\/\"]}]},{\"@type\":\"ImageObject\",\"inLanguage\":\"it-IT\",\"@id\":\"https:\\\/\\\/dutchmicrodosing.com\\\/it\\\/tartufi-di-psilocibina\\\/tartufi-magici\\\/doppia-visione-truffoli-25-gr\\\/#primaryimage\",\"url\":\"https:\\\/\\\/dutchmicrodosing.com\\\/wp-content\\\/uploads\\\/2022\\\/04\\\/DOUBLEVISION.jpg\",\"contentUrl\":\"https:\\\/\\\/dutchmicrodosing.com\\\/wp-content\\\/uploads\\\/2022\\\/04\\\/DOUBLEVISION.jpg\",\"width\":500,\"height\":500},{\"@type\":\"BreadcrumbList\",\"@id\":\"https:\\\/\\\/dutchmicrodosing.com\\\/it\\\/tartufi-di-psilocibina\\\/tartufi-magici\\\/doppia-visione-truffoli-25-gr\\\/#breadcrumb\",\"itemListElement\":[{\"@type\":\"ListItem\",\"position\":1,\"name\":\"Home\",\"item\":\"https:\\\/\\\/dutchmicrodosing.com\\\/it\\\/\"},{\"@type\":\"ListItem\",\"position\":2,\"name\":\"Negozio\",\"item\":\"https:\\\/\\\/dutchmicrodosing.com\\\/it\\\/negozio\\\/\"},{\"@type\":\"ListItem\",\"position\":3,\"name\":\"Tartufi Double Vision 25 Gr\"}]},{\"@type\":\"WebSite\",\"@id\":\"https:\\\/\\\/dutchmicrodosing.com\\\/it\\\/#website\",\"url\":\"https:\\\/\\\/dutchmicrodosing.com\\\/it\\\/\",\"name\":\"Dutchmicrodosing\",\"description\":\"\",\"publisher\":{\"@id\":\"https:\\\/\\\/dutchmicrodosing.com\\\/it\\\/#organization\"},\"potentialAction\":[{\"@type\":\"SearchAction\",\"target\":{\"@type\":\"EntryPoint\",\"urlTemplate\":\"https:\\\/\\\/dutchmicrodosing.com\\\/it\\\/?s={search_term_string}\"},\"query-input\":{\"@type\":\"PropertyValueSpecification\",\"valueRequired\":true,\"valueName\":\"search_term_string\"}}],\"inLanguage\":\"it-IT\"},{\"@type\":\"Organization\",\"@id\":\"https:\\\/\\\/dutchmicrodosing.com\\\/it\\\/#organization\",\"name\":\"Dutchmicrodosing\",\"url\":\"https:\\\/\\\/dutchmicrodosing.com\\\/it\\\/\",\"logo\":{\"@type\":\"ImageObject\",\"inLanguage\":\"it-IT\",\"@id\":\"https:\\\/\\\/dutchmicrodosing.com\\\/it\\\/#\\\/schema\\\/logo\\\/image\\\/\",\"url\":\"https:\\\/\\\/dutchmicrodosing.com\\\/wp-content\\\/uploads\\\/2021\\\/01\\\/microdosing-categorie-pic-nieuw.jpg\",\"contentUrl\":\"https:\\\/\\\/dutchmicrodosing.com\\\/wp-content\\\/uploads\\\/2021\\\/01\\\/microdosing-categorie-pic-nieuw.jpg\",\"width\":500,\"height\":500,\"caption\":\"Dutchmicrodosing\"},\"image\":{\"@id\":\"https:\\\/\\\/dutchmicrodosing.com\\\/it\\\/#\\\/schema\\\/logo\\\/image\\\/\"},\"sameAs\":[\"https:\\\/\\\/www.facebook.com\\\/Dutchmicrodosingxp\\\/\",\"https:\\\/\\\/www.instagram.com\\\/dutchmicrodosing\\\/\"]}]}<\/script>\n<meta property=\"product:price:amount\" content=\"20.95\" \/>\n<meta property=\"product:price:currency\" content=\"EUR\" \/>\n<meta property=\"og:availability\" content=\"instock\" \/>\n<meta property=\"product:availability\" content=\"instock\" \/>\n<meta property=\"product:retailer_item_id\" content=\"0201740\" \/>\n<meta property=\"product:condition\" content=\"new\" \/>\n<!-- \/ Yoast SEO Premium plugin. -->","yoast_head_json":{"title":"Tartufi Double Vision 25 Gr - Dutchmicrodosing","robots":{"index":"index","follow":"follow","max-snippet":"max-snippet:-1","max-image-preview":"max-image-preview:large","max-video-preview":"max-video-preview:-1"},"canonical":"https:\/\/dutchmicrodosing.com\/it\/tartufi-di-psilocibina\/tartufi-magici\/doppia-visione-truffoli-25-gr\/","og_locale":"it_IT","og_type":"article","og_title":"Tartufi Double Vision 25 Gr","og_description":"I tartufi Double Vision sono in realt\u00e0 una combinazione di due potenti tartufi con una dose generosa di ben 25 grammi! Il tartufo magico Double Vision \u00e8","og_url":"https:\/\/dutchmicrodosing.com\/it\/tartufi-di-psilocibina\/tartufi-magici\/doppia-visione-truffoli-25-gr\/","og_site_name":"Dutchmicrodosing","article_publisher":"https:\/\/www.facebook.com\/Dutchmicrodosingxp\/","article_modified_time":"2025-02-20T13:16:40+00:00","og_image":[{"width":500,"height":500,"url":"https:\/\/dutchmicrodosing.com\/wp-content\/uploads\/2022\/04\/DOUBLEVISION.jpg","type":"image\/jpeg"}],"twitter_card":"summary_large_image","schema":{"@context":"https:\/\/schema.org","@graph":[{"@type":"WebPage","@id":"https:\/\/dutchmicrodosing.com\/it\/tartufi-di-psilocibina\/tartufi-magici\/doppia-visione-truffoli-25-gr\/","url":"https:\/\/dutchmicrodosing.com\/it\/tartufi-di-psilocibina\/tartufi-magici\/doppia-visione-truffoli-25-gr\/","name":"Tartufi Double Vision 25 Gr - Dutchmicrodosing","isPartOf":{"@id":"https:\/\/dutchmicrodosing.com\/it\/#website"},"primaryImageOfPage":{"@id":"https:\/\/dutchmicrodosing.com\/it\/tartufi-di-psilocibina\/tartufi-magici\/doppia-visione-truffoli-25-gr\/#primaryimage"},"image":{"@id":"https:\/\/dutchmicrodosing.com\/it\/tartufi-di-psilocibina\/tartufi-magici\/doppia-visione-truffoli-25-gr\/#primaryimage"},"thumbnailUrl":"https:\/\/dutchmicrodosing.com\/wp-content\/uploads\/2022\/04\/DOUBLEVISION.jpg","datePublished":"2022-04-06T20:02:49+00:00","dateModified":"2025-02-20T13:16:40+00:00","breadcrumb":{"@id":"https:\/\/dutchmicrodosing.com\/it\/tartufi-di-psilocibina\/tartufi-magici\/doppia-visione-truffoli-25-gr\/#breadcrumb"},"inLanguage":"it-IT","potentialAction":[{"@type":"ReadAction","target":["https:\/\/dutchmicrodosing.com\/it\/tartufi-di-psilocibina\/tartufi-magici\/doppia-visione-truffoli-25-gr\/"]}]},{"@type":"ImageObject","inLanguage":"it-IT","@id":"https:\/\/dutchmicrodosing.com\/it\/tartufi-di-psilocibina\/tartufi-magici\/doppia-visione-truffoli-25-gr\/#primaryimage","url":"https:\/\/dutchmicrodosing.com\/wp-content\/uploads\/2022\/04\/DOUBLEVISION.jpg","contentUrl":"https:\/\/dutchmicrodosing.com\/wp-content\/uploads\/2022\/04\/DOUBLEVISION.jpg","width":500,"height":500},{"@type":"BreadcrumbList","@id":"https:\/\/dutchmicrodosing.com\/it\/tartufi-di-psilocibina\/tartufi-magici\/doppia-visione-truffoli-25-gr\/#breadcrumb","itemListElement":[{"@type":"ListItem","position":1,"name":"Home","item":"https:\/\/dutchmicrodosing.com\/it\/"},{"@type":"ListItem","position":2,"name":"Negozio","item":"https:\/\/dutchmicrodosing.com\/it\/negozio\/"},{"@type":"ListItem","position":3,"name":"Tartufi Double Vision 25 Gr"}]},{"@type":"WebSite","@id":"https:\/\/dutchmicrodosing.com\/it\/#website","url":"https:\/\/dutchmicrodosing.com\/it\/","name":"Dutchmicrodosing","description":"","publisher":{"@id":"https:\/\/dutchmicrodosing.com\/it\/#organization"},"potentialAction":[{"@type":"SearchAction","target":{"@type":"EntryPoint","urlTemplate":"https:\/\/dutchmicrodosing.com\/it\/?s={search_term_string}"},"query-input":{"@type":"PropertyValueSpecification","valueRequired":true,"valueName":"search_term_string"}}],"inLanguage":"it-IT"},{"@type":"Organization","@id":"https:\/\/dutchmicrodosing.com\/it\/#organization","name":"Dutchmicrodosing","url":"https:\/\/dutchmicrodosing.com\/it\/","logo":{"@type":"ImageObject","inLanguage":"it-IT","@id":"https:\/\/dutchmicrodosing.com\/it\/#\/schema\/logo\/image\/","url":"https:\/\/dutchmicrodosing.com\/wp-content\/uploads\/2021\/01\/microdosing-categorie-pic-nieuw.jpg","contentUrl":"https:\/\/dutchmicrodosing.com\/wp-content\/uploads\/2021\/01\/microdosing-categorie-pic-nieuw.jpg","width":500,"height":500,"caption":"Dutchmicrodosing"},"image":{"@id":"https:\/\/dutchmicrodosing.com\/it\/#\/schema\/logo\/image\/"},"sameAs":["https:\/\/www.facebook.com\/Dutchmicrodosingxp\/","https:\/\/www.instagram.com\/dutchmicrodosing\/"]}]},"product_price_amount":"20.95","product_price_currency":"EUR","og_availability":"instock","product_availability":"instock","product_retailer_item_id":"0201740","product_condition":"new"},"_links":{"self":[{"href":"https:\/\/dutchmicrodosing.com\/it\/wp-json\/wp\/v2\/product\/12578","targetHints":{"allow":["GET"]}}],"collection":[{"href":"https:\/\/dutchmicrodosing.com\/it\/wp-json\/wp\/v2\/product"}],"about":[{"href":"https:\/\/dutchmicrodosing.com\/it\/wp-json\/wp\/v2\/types\/product"}],"replies":[{"embeddable":true,"href":"https:\/\/dutchmicrodosing.com\/it\/wp-json\/wp\/v2\/comments?post=12578"}],"version-history":[{"count":0,"href":"https:\/\/dutchmicrodosing.com\/it\/wp-json\/wp\/v2\/product\/12578\/revisions"}],"wp:featuredmedia":[{"embeddable":true,"href":"https:\/\/dutchmicrodosing.com\/it\/wp-json\/wp\/v2\/media\/44556"}],"wp:attachment":[{"href":"https:\/\/dutchmicrodosing.com\/it\/wp-json\/wp\/v2\/media?parent=12578"}],"wp:term":[{"taxonomy":"product_brand","embeddable":true,"href":"https:\/\/dutchmicrodosing.com\/it\/wp-json\/wp\/v2\/product_brand?post=12578"},{"taxonomy":"product_cat","embeddable":true,"href":"https:\/\/dutchmicrodosing.com\/it\/wp-json\/wp\/v2\/product_cat?post=12578"},{"taxonomy":"product_tag","embeddable":true,"href":"https:\/\/dutchmicrodosing.com\/it\/wp-json\/wp\/v2\/product_tag?post=12578"}],"curies":[{"name":"wp","href":"https:\/\/api.w.org\/{rel}","templated":true}]}}