{"id":12593,"date":"2022-04-06T16:53:42","date_gmt":"2022-04-10T20:27:25","guid":{"rendered":"https:\/\/dutchmicrodosing.com\/shop\/pajaritos-truffoli-15-gr\/"},"modified":"2023-03-11T12:39:31","modified_gmt":"2023-03-11T11:39:31","slug":"pajaritos-truffoli-15-gr","status":"publish","type":"product","link":"https:\/\/dutchmicrodosing.com\/it\/tartufi-di-psilocibina\/tartufi-magici\/pajaritos-truffoli-15-gr\/","title":{"rendered":"Tartufi Pajaritos 15 Gr"},"content":{"rendered":"<p>Se siete ancora alle prime armi con i tartufi magici, il tartufo Pajaritos \u00e8 una buona opzione! Il tartufo happy magic \u00e8 di media potenza, quindi adatto a chi ha gi\u00e0 utilizzato il tartufo in precedenza. Gli effetti lasciano euforia e risate a crepapelle. Pi\u00f9 tardi, durante il viaggio, ci si calma e ci si ripiega su se stessi per un po&#8217; di tempo per raggiungere delle intuizioni filosofiche. Il tartufo magico di Pajaritos fornisce energia extra ed \u00e8 di media potenza. Inoltre, il tartufo di Pajaritos vi aiuta a essere pi\u00f9 creativi e a risolvere i problemi che avete da un po&#8217; di tempo. Il viaggio felice lo rende un buon tartufo da portare con gli amici. Il tartufo pu\u00f2 provocare lievi allucinazioni e fornisce visioni colorate.<\/p>\n<h2>Da dove proviene il tartufo Pajaritos?<\/h2>\n<p>Il tartufo magico di Pajaritos \u00e8 un tartufo leggermente pi\u00f9 potente del tartufo messicano. Eppure \u00e8 leggermente pi\u00f9 debole del tartufo magico Tampanensis. Questo perch\u00e9 il tartufo Pajaritos non \u00e8 estremamente ricco del composto psicoattivo psilocibina. Si tratta quindi di una buona tappa, adatta anche agli psiconauti pi\u00f9 esperti che hanno bisogno di un viaggio in piena regola.<\/p>\n<h2>Preparazione per un viaggio sui tartufi magici di Pajaritos<\/h2>\n<p>La preparazione per un viaggio sui tartufi magici \u00e8 essenziale. Per far funzionare correttamente i tartufi magici, mangiateli a stomaco vuoto. Questo significa non mangiare nulla ore prima del viaggio. Durante il viaggio, naturalmente, si pu\u00f2 mangiare e bere come al solito. Allora assicuratevi di averla pronta per non doverla cercare tra tutte le allucinazioni. L&#8217;inciampo avviene in un ambiente familiare e sicuro. In questo modo, vi assicurate di conoscere bene e di fidarvi dei vostri compagni psiconauti. Inoltre, assicuratevi che sia presente un accompagnatore. Si tratta di un amico o collaboratore sobrio che vi aiuta durante il viaggio. In effetti, il viaggio potrebbe essere troppo intenso. Allora \u00e8 bene avere un amico con i piedi per terra su cui poter contare e che ti aiuti quando ne hai bisogno. Questo perch\u00e9 durante un viaggio con i tartufi di Pajaritos si perde il senso del tempo e dello spazio. Infine, assicuratevi di avere in casa un dispositivo antinfortunistico. Questo vi aiuta, durante un viaggio difficile, a smaltire la tensione e ad accelerare il processo di disfacimento.<\/p>\n<h2>Come si conservano i tartufi Pajaritos?<\/h2>\n<p>Se decidete di non consumare subito i Tartufi Pajaritos freschi, potete conservarli. Conservateli al fresco e all&#8217;asciutto. Il frigorifero \u00e8 un luogo eccellente per questo scopo. Spesso, poi, \u00e8 possibile conservarle per almeno un altro mese. La temperatura ideale \u00e8 compresa tra 2 e 4 gradi Celsius. Assicuratevi di controllare la data di scadenza riportata sulla confezione per vedere quanto tempo si conservano.<\/p>\n<h2>Programma di dosaggio del viaggio Tartufi magici<\/h2>\n<p>Queste dosi sono destinate alle persone che vogliono familiarizzare per la prima volta con i tartufi di psilocibina. Se avete gi\u00e0 esperienza con i tartufi di psilocibina o i funghi magici, potete aumentare la dose in base ai vostri desideri.<\/p>\n<p><strong>Viaggio leggero Viaggio leggero Viaggio pesante<\/strong><\/p>\n<ul>\n<li>50 kg = 5 grammi 6,7 grammi 11,2 grammi<\/li>\n<li>60 kg = 6 grammi 8 grammi 13,4 grammi<\/li>\n<li>70 kg = 7 grammi 9,3 grammi 15,6 grammi<\/li>\n<li>80 kg = 8 grammi 10,6 grammi 17,8 grammi<\/li>\n<li>90 kg = 9 grammi 11,9 grammi 20 grammi<\/li>\n<li>100 kg = 10 grammi 13,5 grammi 22,2 grammi<\/li>\n<\/ul>\n<p>Per un viaggio leggero, aumentare la dose di +\/- 0,1 grammi per chilo di peso corporeo, ad esempio: 51 chili = 5,1 grammi.<br \/>\nPer un viaggio Mild aumenta la dose di +\/- 0,13\/15 grammi per chilogrammo di peso corporeo, ad esempio: 51 chilogrammi = 6,85 grammi.<br \/>\nPer un viaggio pesante, aumentare la dose di +\/-0,22 grammi per chilo di peso corporeo, ad esempio: 51 chili = 11,42 grammi.<\/p>\n<h2>Avviso sul prodotto<\/h2>\n<ul>\n<li>Non utilizzate i tartufi ai funghi se siete di cattivo umore, depressi, psicotici o comunque mentalmente disturbati. I tartufi magici non sono adatti ai minori o alle donne in gravidanza, n\u00e9 \u00e8 saggio guidare o azionare macchinari pesanti sotto l&#8217;effetto della psilocibina.<\/li>\n<li>I tartufi ai funghi non devono mai essere utilizzati in combinazione con alcol o altre droghe (prescritte o illegali). Iniziate con una piccola dose e assicuratevi di essere a vostro agio con la compagnia e l&#8217;ambiente circostante.<\/li>\n<\/ul>\n","protected":false},"excerpt":{"rendered":"<p>Se siete ancora alle prime armi con i tartufi magici, il tartufo Pajaritos \u00e8 una buona opzione! Il tartufo happy magic \u00e8 di media potenza, quindi adatto a chi ha gi\u00e0 utilizzato il tartufo in precedenza. Gli effetti lasciano euforia e risate a crepapelle. Pi\u00f9 tardi, durante il viaggio, ci si calma e ci si [&hellip;]<\/p>\n","protected":false},"featured_media":12227,"comment_status":"closed","ping_status":"closed","template":"","meta":[],"product_brand":[],"product_cat":[203],"product_tag":[],"class_list":{"0":"post-12593","1":"product","2":"type-product","3":"status-publish","4":"has-post-thumbnail","6":"product_cat-tartufi-magici","8":"first","9":"instock","10":"taxable","11":"shipping-taxable","12":"purchasable","13":"product-type-simple"},"yoast_head":"<!-- This site is optimized with the Yoast SEO Premium plugin v26.4 (Yoast SEO v27.4) - https:\/\/yoast.com\/product\/yoast-seo-premium-wordpress\/ -->\n<title>Tartufi Pajaritos 15 Gr - Dutchmicrodosing<\/title>\n<meta name=\"robots\" content=\"index, follow, max-snippet:-1, max-image-preview:large, max-video-preview:-1\" \/>\n<link rel=\"canonical\" href=\"https:\/\/dutchmicrodosing.com\/it\/tartufi-di-psilocibina\/tartufi-magici\/pajaritos-truffoli-15-gr\/\" \/>\n<meta property=\"og:locale\" content=\"it_IT\" \/>\n<meta property=\"og:type\" content=\"article\" \/>\n<meta property=\"og:title\" content=\"Tartufi Pajaritos 15 Gr\" \/>\n<meta property=\"og:description\" content=\"Se siete ancora alle prime armi con i tartufi magici, il tartufo Pajaritos \u00e8 una buona opzione! Il tartufo happy magic \u00e8 di media potenza, quindi adatto a\" \/>\n<meta property=\"og:url\" content=\"https:\/\/dutchmicrodosing.com\/it\/tartufi-di-psilocibina\/tartufi-magici\/pajaritos-truffoli-15-gr\/\" \/>\n<meta property=\"og:site_name\" content=\"Dutchmicrodosing\" \/>\n<meta property=\"article:publisher\" content=\"https:\/\/www.facebook.com\/Dutchmicrodosingxp\/\" \/>\n<meta property=\"article:modified_time\" content=\"2023-03-11T11:39:31+00:00\" \/>\n<meta property=\"og:image\" content=\"https:\/\/dutchmicrodosing.com\/wp-content\/uploads\/2022\/04\/royal-magic-truffles-pajaritos-truffels.jpg\" \/>\n\t<meta property=\"og:image:width\" content=\"300\" \/>\n\t<meta property=\"og:image:height\" content=\"300\" \/>\n\t<meta property=\"og:image:type\" content=\"image\/jpeg\" \/>\n<meta name=\"twitter:card\" content=\"summary_large_image\" \/>\n<script type=\"application\/ld+json\" class=\"yoast-schema-graph\">{\"@context\":\"https:\\\/\\\/schema.org\",\"@graph\":[{\"@type\":\"WebPage\",\"@id\":\"https:\\\/\\\/dutchmicrodosing.com\\\/it\\\/tartufi-di-psilocibina\\\/tartufi-magici\\\/pajaritos-truffoli-15-gr\\\/\",\"url\":\"https:\\\/\\\/dutchmicrodosing.com\\\/it\\\/tartufi-di-psilocibina\\\/tartufi-magici\\\/pajaritos-truffoli-15-gr\\\/\",\"name\":\"Tartufi Pajaritos 15 Gr - Dutchmicrodosing\",\"isPartOf\":{\"@id\":\"https:\\\/\\\/dutchmicrodosing.com\\\/it\\\/#website\"},\"primaryImageOfPage\":{\"@id\":\"https:\\\/\\\/dutchmicrodosing.com\\\/it\\\/tartufi-di-psilocibina\\\/tartufi-magici\\\/pajaritos-truffoli-15-gr\\\/#primaryimage\"},\"image\":{\"@id\":\"https:\\\/\\\/dutchmicrodosing.com\\\/it\\\/tartufi-di-psilocibina\\\/tartufi-magici\\\/pajaritos-truffoli-15-gr\\\/#primaryimage\"},\"thumbnailUrl\":\"https:\\\/\\\/dutchmicrodosing.com\\\/wp-content\\\/uploads\\\/2022\\\/04\\\/royal-magic-truffles-pajaritos-truffels.jpg\",\"datePublished\":\"2022-04-10T20:27:25+00:00\",\"dateModified\":\"2023-03-11T11:39:31+00:00\",\"breadcrumb\":{\"@id\":\"https:\\\/\\\/dutchmicrodosing.com\\\/it\\\/tartufi-di-psilocibina\\\/tartufi-magici\\\/pajaritos-truffoli-15-gr\\\/#breadcrumb\"},\"inLanguage\":\"it-IT\",\"potentialAction\":[{\"@type\":\"ReadAction\",\"target\":[\"https:\\\/\\\/dutchmicrodosing.com\\\/it\\\/tartufi-di-psilocibina\\\/tartufi-magici\\\/pajaritos-truffoli-15-gr\\\/\"]}]},{\"@type\":\"ImageObject\",\"inLanguage\":\"it-IT\",\"@id\":\"https:\\\/\\\/dutchmicrodosing.com\\\/it\\\/tartufi-di-psilocibina\\\/tartufi-magici\\\/pajaritos-truffoli-15-gr\\\/#primaryimage\",\"url\":\"https:\\\/\\\/dutchmicrodosing.com\\\/wp-content\\\/uploads\\\/2022\\\/04\\\/royal-magic-truffles-pajaritos-truffels.jpg\",\"contentUrl\":\"https:\\\/\\\/dutchmicrodosing.com\\\/wp-content\\\/uploads\\\/2022\\\/04\\\/royal-magic-truffles-pajaritos-truffels.jpg\",\"width\":300,\"height\":300},{\"@type\":\"BreadcrumbList\",\"@id\":\"https:\\\/\\\/dutchmicrodosing.com\\\/it\\\/tartufi-di-psilocibina\\\/tartufi-magici\\\/pajaritos-truffoli-15-gr\\\/#breadcrumb\",\"itemListElement\":[{\"@type\":\"ListItem\",\"position\":1,\"name\":\"Home\",\"item\":\"https:\\\/\\\/dutchmicrodosing.com\\\/it\\\/\"},{\"@type\":\"ListItem\",\"position\":2,\"name\":\"Negozio\",\"item\":\"https:\\\/\\\/dutchmicrodosing.com\\\/it\\\/negozio\\\/\"},{\"@type\":\"ListItem\",\"position\":3,\"name\":\"Tartufi Pajaritos 15 Gr\"}]},{\"@type\":\"WebSite\",\"@id\":\"https:\\\/\\\/dutchmicrodosing.com\\\/it\\\/#website\",\"url\":\"https:\\\/\\\/dutchmicrodosing.com\\\/it\\\/\",\"name\":\"Dutchmicrodosing\",\"description\":\"\",\"publisher\":{\"@id\":\"https:\\\/\\\/dutchmicrodosing.com\\\/it\\\/#organization\"},\"potentialAction\":[{\"@type\":\"SearchAction\",\"target\":{\"@type\":\"EntryPoint\",\"urlTemplate\":\"https:\\\/\\\/dutchmicrodosing.com\\\/it\\\/?s={search_term_string}\"},\"query-input\":{\"@type\":\"PropertyValueSpecification\",\"valueRequired\":true,\"valueName\":\"search_term_string\"}}],\"inLanguage\":\"it-IT\"},{\"@type\":\"Organization\",\"@id\":\"https:\\\/\\\/dutchmicrodosing.com\\\/it\\\/#organization\",\"name\":\"Dutchmicrodosing\",\"url\":\"https:\\\/\\\/dutchmicrodosing.com\\\/it\\\/\",\"logo\":{\"@type\":\"ImageObject\",\"inLanguage\":\"it-IT\",\"@id\":\"https:\\\/\\\/dutchmicrodosing.com\\\/it\\\/#\\\/schema\\\/logo\\\/image\\\/\",\"url\":\"https:\\\/\\\/dutchmicrodosing.com\\\/wp-content\\\/uploads\\\/2021\\\/01\\\/microdosing-categorie-pic-nieuw.jpg\",\"contentUrl\":\"https:\\\/\\\/dutchmicrodosing.com\\\/wp-content\\\/uploads\\\/2021\\\/01\\\/microdosing-categorie-pic-nieuw.jpg\",\"width\":500,\"height\":500,\"caption\":\"Dutchmicrodosing\"},\"image\":{\"@id\":\"https:\\\/\\\/dutchmicrodosing.com\\\/it\\\/#\\\/schema\\\/logo\\\/image\\\/\"},\"sameAs\":[\"https:\\\/\\\/www.facebook.com\\\/Dutchmicrodosingxp\\\/\",\"https:\\\/\\\/www.instagram.com\\\/dutchmicrodosing\\\/\"]}]}<\/script>\n<meta property=\"product:price:amount\" content=\"14.95\" \/>\n<meta property=\"product:price:currency\" content=\"EUR\" \/>\n<meta property=\"og:availability\" content=\"instock\" \/>\n<meta property=\"product:availability\" content=\"instock\" \/>\n<meta property=\"product:retailer_item_id\" content=\"0201173\" \/>\n<meta property=\"product:condition\" content=\"new\" \/>\n<!-- \/ Yoast SEO Premium plugin. -->","yoast_head_json":{"title":"Tartufi Pajaritos 15 Gr - Dutchmicrodosing","robots":{"index":"index","follow":"follow","max-snippet":"max-snippet:-1","max-image-preview":"max-image-preview:large","max-video-preview":"max-video-preview:-1"},"canonical":"https:\/\/dutchmicrodosing.com\/it\/tartufi-di-psilocibina\/tartufi-magici\/pajaritos-truffoli-15-gr\/","og_locale":"it_IT","og_type":"article","og_title":"Tartufi Pajaritos 15 Gr","og_description":"Se siete ancora alle prime armi con i tartufi magici, il tartufo Pajaritos \u00e8 una buona opzione! Il tartufo happy magic \u00e8 di media potenza, quindi adatto a","og_url":"https:\/\/dutchmicrodosing.com\/it\/tartufi-di-psilocibina\/tartufi-magici\/pajaritos-truffoli-15-gr\/","og_site_name":"Dutchmicrodosing","article_publisher":"https:\/\/www.facebook.com\/Dutchmicrodosingxp\/","article_modified_time":"2023-03-11T11:39:31+00:00","og_image":[{"width":300,"height":300,"url":"https:\/\/dutchmicrodosing.com\/wp-content\/uploads\/2022\/04\/royal-magic-truffles-pajaritos-truffels.jpg","type":"image\/jpeg"}],"twitter_card":"summary_large_image","schema":{"@context":"https:\/\/schema.org","@graph":[{"@type":"WebPage","@id":"https:\/\/dutchmicrodosing.com\/it\/tartufi-di-psilocibina\/tartufi-magici\/pajaritos-truffoli-15-gr\/","url":"https:\/\/dutchmicrodosing.com\/it\/tartufi-di-psilocibina\/tartufi-magici\/pajaritos-truffoli-15-gr\/","name":"Tartufi Pajaritos 15 Gr - Dutchmicrodosing","isPartOf":{"@id":"https:\/\/dutchmicrodosing.com\/it\/#website"},"primaryImageOfPage":{"@id":"https:\/\/dutchmicrodosing.com\/it\/tartufi-di-psilocibina\/tartufi-magici\/pajaritos-truffoli-15-gr\/#primaryimage"},"image":{"@id":"https:\/\/dutchmicrodosing.com\/it\/tartufi-di-psilocibina\/tartufi-magici\/pajaritos-truffoli-15-gr\/#primaryimage"},"thumbnailUrl":"https:\/\/dutchmicrodosing.com\/wp-content\/uploads\/2022\/04\/royal-magic-truffles-pajaritos-truffels.jpg","datePublished":"2022-04-10T20:27:25+00:00","dateModified":"2023-03-11T11:39:31+00:00","breadcrumb":{"@id":"https:\/\/dutchmicrodosing.com\/it\/tartufi-di-psilocibina\/tartufi-magici\/pajaritos-truffoli-15-gr\/#breadcrumb"},"inLanguage":"it-IT","potentialAction":[{"@type":"ReadAction","target":["https:\/\/dutchmicrodosing.com\/it\/tartufi-di-psilocibina\/tartufi-magici\/pajaritos-truffoli-15-gr\/"]}]},{"@type":"ImageObject","inLanguage":"it-IT","@id":"https:\/\/dutchmicrodosing.com\/it\/tartufi-di-psilocibina\/tartufi-magici\/pajaritos-truffoli-15-gr\/#primaryimage","url":"https:\/\/dutchmicrodosing.com\/wp-content\/uploads\/2022\/04\/royal-magic-truffles-pajaritos-truffels.jpg","contentUrl":"https:\/\/dutchmicrodosing.com\/wp-content\/uploads\/2022\/04\/royal-magic-truffles-pajaritos-truffels.jpg","width":300,"height":300},{"@type":"BreadcrumbList","@id":"https:\/\/dutchmicrodosing.com\/it\/tartufi-di-psilocibina\/tartufi-magici\/pajaritos-truffoli-15-gr\/#breadcrumb","itemListElement":[{"@type":"ListItem","position":1,"name":"Home","item":"https:\/\/dutchmicrodosing.com\/it\/"},{"@type":"ListItem","position":2,"name":"Negozio","item":"https:\/\/dutchmicrodosing.com\/it\/negozio\/"},{"@type":"ListItem","position":3,"name":"Tartufi Pajaritos 15 Gr"}]},{"@type":"WebSite","@id":"https:\/\/dutchmicrodosing.com\/it\/#website","url":"https:\/\/dutchmicrodosing.com\/it\/","name":"Dutchmicrodosing","description":"","publisher":{"@id":"https:\/\/dutchmicrodosing.com\/it\/#organization"},"potentialAction":[{"@type":"SearchAction","target":{"@type":"EntryPoint","urlTemplate":"https:\/\/dutchmicrodosing.com\/it\/?s={search_term_string}"},"query-input":{"@type":"PropertyValueSpecification","valueRequired":true,"valueName":"search_term_string"}}],"inLanguage":"it-IT"},{"@type":"Organization","@id":"https:\/\/dutchmicrodosing.com\/it\/#organization","name":"Dutchmicrodosing","url":"https:\/\/dutchmicrodosing.com\/it\/","logo":{"@type":"ImageObject","inLanguage":"it-IT","@id":"https:\/\/dutchmicrodosing.com\/it\/#\/schema\/logo\/image\/","url":"https:\/\/dutchmicrodosing.com\/wp-content\/uploads\/2021\/01\/microdosing-categorie-pic-nieuw.jpg","contentUrl":"https:\/\/dutchmicrodosing.com\/wp-content\/uploads\/2021\/01\/microdosing-categorie-pic-nieuw.jpg","width":500,"height":500,"caption":"Dutchmicrodosing"},"image":{"@id":"https:\/\/dutchmicrodosing.com\/it\/#\/schema\/logo\/image\/"},"sameAs":["https:\/\/www.facebook.com\/Dutchmicrodosingxp\/","https:\/\/www.instagram.com\/dutchmicrodosing\/"]}]},"product_price_amount":"14.95","product_price_currency":"EUR","og_availability":"instock","product_availability":"instock","product_retailer_item_id":"0201173","product_condition":"new"},"_links":{"self":[{"href":"https:\/\/dutchmicrodosing.com\/it\/wp-json\/wp\/v2\/product\/12593","targetHints":{"allow":["GET"]}}],"collection":[{"href":"https:\/\/dutchmicrodosing.com\/it\/wp-json\/wp\/v2\/product"}],"about":[{"href":"https:\/\/dutchmicrodosing.com\/it\/wp-json\/wp\/v2\/types\/product"}],"replies":[{"embeddable":true,"href":"https:\/\/dutchmicrodosing.com\/it\/wp-json\/wp\/v2\/comments?post=12593"}],"version-history":[{"count":0,"href":"https:\/\/dutchmicrodosing.com\/it\/wp-json\/wp\/v2\/product\/12593\/revisions"}],"wp:featuredmedia":[{"embeddable":true,"href":"https:\/\/dutchmicrodosing.com\/it\/wp-json\/wp\/v2\/media\/12227"}],"wp:attachment":[{"href":"https:\/\/dutchmicrodosing.com\/it\/wp-json\/wp\/v2\/media?parent=12593"}],"wp:term":[{"taxonomy":"product_brand","embeddable":true,"href":"https:\/\/dutchmicrodosing.com\/it\/wp-json\/wp\/v2\/product_brand?post=12593"},{"taxonomy":"product_cat","embeddable":true,"href":"https:\/\/dutchmicrodosing.com\/it\/wp-json\/wp\/v2\/product_cat?post=12593"},{"taxonomy":"product_tag","embeddable":true,"href":"https:\/\/dutchmicrodosing.com\/it\/wp-json\/wp\/v2\/product_tag?post=12593"}],"curies":[{"name":"wp","href":"https:\/\/api.w.org\/{rel}","templated":true}]}}