{"id":13368,"date":"2022-04-04T21:05:17","date_gmt":"2022-04-04T19:05:17","guid":{"rendered":"https:\/\/dutchmicrodosing.com\/shop\/senza-categoria\/mazatapec-all-in-one-growkit\/"},"modified":"2025-08-20T14:07:17","modified_gmt":"2025-08-20T12:07:17","slug":"kit-di-coltivazione-all-in-one-mazatapec","status":"publish","type":"product","link":"https:\/\/dutchmicrodosing.com\/it\/funghi-allucinogeni\/kit-per-la-coltivazione-all-in-one\/kit-di-coltivazione-all-in-one-mazatapec\/","title":{"rendered":"Kit di coltivazione All In One &#8211; Mazatapec"},"content":{"rendered":"<p>Come il fungo magico messicano, anche questo \u00e8 un fungo proveniente dall&#8217;America centrale (Messico). Il fungo Mazatapec era usato dalle antiche trib\u00f9 per contattare gli dei. Ma c&#8217;\u00e8 una grande differenza: il fungo Mazatapec \u00e8 per gli psiconauti pi\u00f9 esperti. \u00c8 meglio assumere questo fungo solo dopo averlo utilizzato pi\u00f9 volte. Con questo kit di coltivazione All-In-One potete facilmente coltivare questo fungo da soli. In sole due settimane, avrete dei bellissimi funghi magici ricchi della sostanza psicoattiva psilocibina che vi faranno andare in trip!<\/p>\n<h2>Gli effetti del fungo Mazatapec<\/h2>\n<p>Nonostante il fatto che ogni fungo magico sia simile a una caduta, di norma ci si pu\u00f2 aspettare di godere di meravigliosi effetti visivi. I colori diventano pi\u00f9 nitidi e i suoni possono essere assordanti. Il viaggio \u00e8 anche qualcosa di spirituale e il senso del tempo e dello spazio sono completamente diversi. Il viaggio dura diverse ore e gli effetti si manifestano dopo circa 45 minuti.<\/p>\n<h2>Preparazione al viaggio con i funghi Mazatapec<\/h2>\n<p>Se vi prendete un po&#8217; di tempo per prepararvi a un viaggio con i funghi Mazatapec, aumenterete le possibilit\u00e0 di un&#8217;esperienza spettacolare, ma anche sicura. Scegliete uno spazio che conoscete bene e circondatevi di buoni amici di cui vi fidate. Inoltre, organizzatevi per un tripsitter. Pu\u00f2 trattarsi di un amico che non fa uso di droghe o alcol mentre si \u00e8 in viaggio. Il tripsitter si assicura che siate al sicuro e vi guida. Durante un viaggio con i funghi Mazatapec pu\u00f2 capitare di perdere la cognizione del tempo e dello spazio. Il tripsitter pu\u00f2 quindi aiutarvi e rassicurarvi.<\/p>\n<p>Anche in questo caso pu\u00f2 essere utile il tappo per il viaggio. Questo farmaco agisce attenuando gli effetti del viaggio. Il solo fatto di sapere che in casa c&#8217;\u00e8 un fermaglio per gli inciampi pu\u00f2 essere tranquillizzante.<\/p>\n<h2>Cercate un kit per la coltivazione di funghi Mazatapec?<\/h2>\n<p>Con il Growkit All In One \u00e8 ora possibile coltivare facilmente questi funghi estremamente potenti a casa propria. Dopo aver effettuato l&#8217;ordine, confezioneremo il kit per la coltivazione dei funghi Mazatapec (in una confezione discreta e sicura) e ve lo invieremo il prima possibile. Nel giro di poche settimane si pu\u00f2 avere un raccolto decente.<\/p>\n<h2>I 9 passi per il kit per la coltivazione dei funghi Mazatapec<\/h2>\n<p><a href=\"https:\/\/dutchmicrodosing.com\/it\/manuale_crescita\/\">Scarica qui: Manuale del kit di coltivazione All In One<\/a><\/p>\n<ol>\n<li>Lavarsi accuratamente le mani e pulire l&#8217;esterno del GrowKit con un panno pulito e umido. Togliere il coperchio, ma conservarlo per la fase 3.<\/li>\n<li>Riempire il GrowKit con acqua tiepida (20\u00baC) fino all&#8217;orlo. Rimettere il coperchio e lasciare in ammollo il GrowKit per 5 &#8211; max. 50 min. Nota: non lasciare mai in ammollo pi\u00f9 di un&#8217;ora.<\/li>\n<li>Dopo l&#8217;ammollo, togliere il coperchio dal GrowKit e versare con cura l&#8217;acqua in eccesso. Lasciare scolare il GrowKit per 5-10 secondi.<\/li>\n<li>Aggiungere acqua tiepida (20\u00baC) al sacchetto di coltivazione: .Per il GrowKit da 1200cc: 1 bicchiere (0,25 litri).<\/li>\n<li>Inserire il GrowKit nel sacchetto di coltivazione. Assicurarsi che l&#8217;acqua non superi il bordo del GrowKit.<\/li>\n<li>Chiudere il sacchetto di coltivazione creando un coperchio nella parte superiore e fissandolo con due graffette (parte della confezione del GrowKit).<\/li>\n<li>Collocare il set di coltivazione in un luogo al riparo dalla luce solare diretta. Non collocare il GrowKit sotto una lampada o sopra o vicino a una stufa o a una fonte di calore. La temperatura ideale \u00e8 tra i 20 e i 25 \u00ba C. &#8220;Lasciare il sacchetto chiuso fino a quando non iniziano a formarsi le spine preliminari&#8221; (possono essere necessarie una o due settimane).<\/li>\n<li>&#8220;Dopo che i perni hanno iniziato a crescere&#8221;. Inumidire quotidianamente il kit con un flacone spray (massimo 1-2 pompate). In questa fase, i funghi hanno bisogno di H20 e O2 freschi e la CO2 deve uscire. Questo \u00e8 importante anche dopo la raccolta.<\/li>\n<li>I primi funghi saranno visibili tra una quindicina di giorni. Siate pazienti, la crescita dei primi funghi potrebbe richiedere pi\u00f9 tempo. I funghi devono essere raccolti appena prima che la membrana sotto il cappello inizi a staccarsi.<\/li>\n<\/ol>\n<p>La raccolta: afferrare con cura il gambo, ruotarlo delicatamente a destra e a sinistra e poi tirarlo delicatamente verso l&#8217;alto per estrarre il fungo il pi\u00f9 completamente possibile. In questo modo \u00e8 possibile la crescita di nuovi funghi.<\/p>\n<h2>Il raccolto del kit per l&#8217;allevamento di funghi Mazatapec<\/h2>\n<p>Dopo aver coltivato i funghi Mazatapec in modo professionale, \u00e8 il momento di raccoglierli. Quanti funghi si ottengono con un kit di coltivazione di funghi? Il kit per la coltivazione dei funghi \u00e8 disponibile in formato da 1200 cc. \u00c8 bene sapere che da ogni kit per la coltivazione dei funghi si possono ricavare pi\u00f9 arrossamenti. Ci\u00f2 significa che \u00e8 possibile ottenere pi\u00f9 raccolti da uno dei kit di coltivazione di funghi.<\/p>\n<ul>\n<li>Il kit per la coltivazione di funghi Mazatapec da 1200 cc produce 400 grammi di funghi<\/li>\n<\/ul>\n<p>Naturalmente questo dipende da come si gestisce il kit di coltivazione dei funghi e dalla qualit\u00e0 della coltivazione. Ora i funghi Mazatapec sono molto piacevoli da coltivare. Possono tollerare molto. Il kit per la coltivazione dei funghi Mazatapec vi dar\u00e0 sempre un buon raccolto.<\/p>\n<h2>Conservazione del kit per la coltivazione dei funghi Mazatapec<\/h2>\n<p>Trattandosi di un prodotto fresco, vi consigliamo di allestire subito il vostro kit di coltivazione di funghi. In questo modo potrete ottenere i migliori risultati e assicurarvi un buon raccolto di funghi. La maggior parte dei kit per la coltivazione dei funghi pu\u00f2 essere conservata in frigorifero per 3-6 mesi prima di iniziare la coltivazione. Controllare la data di scadenza sulla confezione.<\/p>\n","protected":false},"excerpt":{"rendered":"<p>Come il fungo magico messicano, anche questo \u00e8 un fungo proveniente dall&#8217;America centrale (Messico). Il fungo Mazatapec era usato dalle antiche trib\u00f9 per contattare gli dei. Ma c&#8217;\u00e8 una grande differenza: il fungo Mazatapec \u00e8 per gli psiconauti pi\u00f9 esperti. \u00c8 meglio assumere questo fungo solo dopo averlo utilizzato pi\u00f9 volte. Con questo kit di [&hellip;]<\/p>\n","protected":false},"featured_media":12075,"comment_status":"closed","ping_status":"closed","template":"","meta":[],"product_brand":[],"product_cat":[213],"product_tag":[],"class_list":{"0":"post-13368","1":"product","2":"type-product","3":"status-publish","4":"has-post-thumbnail","6":"product_cat-kit-per-la-coltivazione-all-in-one","8":"first","9":"instock","10":"taxable","11":"shipping-taxable","12":"purchasable","13":"product-type-simple"},"yoast_head":"<!-- This site is optimized with the Yoast SEO Premium plugin v26.4 (Yoast SEO v27.2) - https:\/\/yoast.com\/product\/yoast-seo-premium-wordpress\/ -->\n<title>Kit di coltivazione All In One - Mazatapec - Dutchmicrodosing<\/title>\n<meta name=\"robots\" content=\"index, follow, max-snippet:-1, max-image-preview:large, max-video-preview:-1\" \/>\n<link rel=\"canonical\" href=\"https:\/\/dutchmicrodosing.com\/it\/funghi-allucinogeni\/kit-per-la-coltivazione-all-in-one\/kit-di-coltivazione-all-in-one-mazatapec\/\" \/>\n<meta property=\"og:locale\" content=\"it_IT\" \/>\n<meta property=\"og:type\" content=\"article\" \/>\n<meta property=\"og:title\" content=\"Kit di coltivazione All In One - Mazatapec\" \/>\n<meta property=\"og:description\" content=\"Come il fungo magico messicano, anche questo \u00e8 un fungo proveniente dall&#039;America centrale (Messico). Il fungo Mazatapec era usato dalle antiche trib\u00f9 per\" \/>\n<meta property=\"og:url\" content=\"https:\/\/dutchmicrodosing.com\/it\/funghi-allucinogeni\/kit-per-la-coltivazione-all-in-one\/kit-di-coltivazione-all-in-one-mazatapec\/\" \/>\n<meta property=\"og:site_name\" content=\"Dutchmicrodosing\" \/>\n<meta property=\"article:publisher\" content=\"https:\/\/www.facebook.com\/Dutchmicrodosingxp\/\" \/>\n<meta property=\"article:modified_time\" content=\"2025-08-20T12:07:17+00:00\" \/>\n<meta property=\"og:image\" content=\"https:\/\/dutchmicrodosing.com\/wp-content\/uploads\/2022\/04\/mazatapec-all-in-one-growkit.png\" \/>\n\t<meta property=\"og:image:width\" content=\"1100\" \/>\n\t<meta property=\"og:image:height\" content=\"720\" \/>\n\t<meta property=\"og:image:type\" content=\"image\/png\" \/>\n<meta name=\"twitter:card\" content=\"summary_large_image\" \/>\n<script type=\"application\/ld+json\" class=\"yoast-schema-graph\">{\"@context\":\"https:\/\/schema.org\",\"@graph\":[{\"@type\":\"WebPage\",\"@id\":\"https:\/\/dutchmicrodosing.com\/it\/funghi-allucinogeni\/kit-per-la-coltivazione-all-in-one\/kit-di-coltivazione-all-in-one-mazatapec\/\",\"url\":\"https:\/\/dutchmicrodosing.com\/it\/funghi-allucinogeni\/kit-per-la-coltivazione-all-in-one\/kit-di-coltivazione-all-in-one-mazatapec\/\",\"name\":\"Kit di coltivazione All In One - Mazatapec - Dutchmicrodosing\",\"isPartOf\":{\"@id\":\"https:\/\/dutchmicrodosing.com\/it\/#website\"},\"primaryImageOfPage\":{\"@id\":\"https:\/\/dutchmicrodosing.com\/it\/funghi-allucinogeni\/kit-per-la-coltivazione-all-in-one\/kit-di-coltivazione-all-in-one-mazatapec\/#primaryimage\"},\"image\":{\"@id\":\"https:\/\/dutchmicrodosing.com\/it\/funghi-allucinogeni\/kit-per-la-coltivazione-all-in-one\/kit-di-coltivazione-all-in-one-mazatapec\/#primaryimage\"},\"thumbnailUrl\":\"https:\/\/dutchmicrodosing.com\/wp-content\/uploads\/2022\/04\/mazatapec-all-in-one-growkit.png\",\"datePublished\":\"2022-04-04T19:05:17+00:00\",\"dateModified\":\"2025-08-20T12:07:17+00:00\",\"breadcrumb\":{\"@id\":\"https:\/\/dutchmicrodosing.com\/it\/funghi-allucinogeni\/kit-per-la-coltivazione-all-in-one\/kit-di-coltivazione-all-in-one-mazatapec\/#breadcrumb\"},\"inLanguage\":\"it-IT\",\"potentialAction\":[{\"@type\":\"ReadAction\",\"target\":[\"https:\/\/dutchmicrodosing.com\/it\/funghi-allucinogeni\/kit-per-la-coltivazione-all-in-one\/kit-di-coltivazione-all-in-one-mazatapec\/\"]}]},{\"@type\":\"ImageObject\",\"inLanguage\":\"it-IT\",\"@id\":\"https:\/\/dutchmicrodosing.com\/it\/funghi-allucinogeni\/kit-per-la-coltivazione-all-in-one\/kit-di-coltivazione-all-in-one-mazatapec\/#primaryimage\",\"url\":\"https:\/\/dutchmicrodosing.com\/wp-content\/uploads\/2022\/04\/mazatapec-all-in-one-growkit.png\",\"contentUrl\":\"https:\/\/dutchmicrodosing.com\/wp-content\/uploads\/2022\/04\/mazatapec-all-in-one-growkit.png\",\"width\":1100,\"height\":720},{\"@type\":\"BreadcrumbList\",\"@id\":\"https:\/\/dutchmicrodosing.com\/it\/funghi-allucinogeni\/kit-per-la-coltivazione-all-in-one\/kit-di-coltivazione-all-in-one-mazatapec\/#breadcrumb\",\"itemListElement\":[{\"@type\":\"ListItem\",\"position\":1,\"name\":\"Home\",\"item\":\"https:\/\/dutchmicrodosing.com\/it\/\"},{\"@type\":\"ListItem\",\"position\":2,\"name\":\"Negozio\",\"item\":\"https:\/\/dutchmicrodosing.com\/it\/negozio\/\"},{\"@type\":\"ListItem\",\"position\":3,\"name\":\"Kit di coltivazione All In One &#8211; Mazatapec\"}]},{\"@type\":\"WebSite\",\"@id\":\"https:\/\/dutchmicrodosing.com\/it\/#website\",\"url\":\"https:\/\/dutchmicrodosing.com\/it\/\",\"name\":\"Dutchmicrodosing\",\"description\":\"\",\"publisher\":{\"@id\":\"https:\/\/dutchmicrodosing.com\/it\/#organization\"},\"potentialAction\":[{\"@type\":\"SearchAction\",\"target\":{\"@type\":\"EntryPoint\",\"urlTemplate\":\"https:\/\/dutchmicrodosing.com\/it\/?s={search_term_string}\"},\"query-input\":{\"@type\":\"PropertyValueSpecification\",\"valueRequired\":true,\"valueName\":\"search_term_string\"}}],\"inLanguage\":\"it-IT\"},{\"@type\":\"Organization\",\"@id\":\"https:\/\/dutchmicrodosing.com\/it\/#organization\",\"name\":\"Dutchmicrodosing\",\"url\":\"https:\/\/dutchmicrodosing.com\/it\/\",\"logo\":{\"@type\":\"ImageObject\",\"inLanguage\":\"it-IT\",\"@id\":\"https:\/\/dutchmicrodosing.com\/it\/#\/schema\/logo\/image\/\",\"url\":\"https:\/\/dutchmicrodosing.com\/wp-content\/uploads\/2021\/01\/microdosing-categorie-pic-nieuw.jpg\",\"contentUrl\":\"https:\/\/dutchmicrodosing.com\/wp-content\/uploads\/2021\/01\/microdosing-categorie-pic-nieuw.jpg\",\"width\":500,\"height\":500,\"caption\":\"Dutchmicrodosing\"},\"image\":{\"@id\":\"https:\/\/dutchmicrodosing.com\/it\/#\/schema\/logo\/image\/\"},\"sameAs\":[\"https:\/\/www.facebook.com\/Dutchmicrodosingxp\/\",\"https:\/\/www.instagram.com\/dutchmicrodosing\/\"]}]}<\/script>\n<meta property=\"product:price:amount\" content=\"34.95\" \/>\n<meta property=\"product:price:currency\" content=\"EUR\" \/>\n<meta property=\"og:availability\" content=\"instock\" \/>\n<meta property=\"product:availability\" content=\"instock\" \/>\n<meta property=\"product:retailer_item_id\" content=\"7112182\" \/>\n<meta property=\"product:condition\" content=\"new\" \/>\n<!-- \/ Yoast SEO Premium plugin. -->","yoast_head_json":{"title":"Kit di coltivazione All In One - Mazatapec - Dutchmicrodosing","robots":{"index":"index","follow":"follow","max-snippet":"max-snippet:-1","max-image-preview":"max-image-preview:large","max-video-preview":"max-video-preview:-1"},"canonical":"https:\/\/dutchmicrodosing.com\/it\/funghi-allucinogeni\/kit-per-la-coltivazione-all-in-one\/kit-di-coltivazione-all-in-one-mazatapec\/","og_locale":"it_IT","og_type":"article","og_title":"Kit di coltivazione All In One - Mazatapec","og_description":"Come il fungo magico messicano, anche questo \u00e8 un fungo proveniente dall'America centrale (Messico). Il fungo Mazatapec era usato dalle antiche trib\u00f9 per","og_url":"https:\/\/dutchmicrodosing.com\/it\/funghi-allucinogeni\/kit-per-la-coltivazione-all-in-one\/kit-di-coltivazione-all-in-one-mazatapec\/","og_site_name":"Dutchmicrodosing","article_publisher":"https:\/\/www.facebook.com\/Dutchmicrodosingxp\/","article_modified_time":"2025-08-20T12:07:17+00:00","og_image":[{"width":1100,"height":720,"url":"https:\/\/dutchmicrodosing.com\/wp-content\/uploads\/2022\/04\/mazatapec-all-in-one-growkit.png","type":"image\/png"}],"twitter_card":"summary_large_image","schema":{"@context":"https:\/\/schema.org","@graph":[{"@type":"WebPage","@id":"https:\/\/dutchmicrodosing.com\/it\/funghi-allucinogeni\/kit-per-la-coltivazione-all-in-one\/kit-di-coltivazione-all-in-one-mazatapec\/","url":"https:\/\/dutchmicrodosing.com\/it\/funghi-allucinogeni\/kit-per-la-coltivazione-all-in-one\/kit-di-coltivazione-all-in-one-mazatapec\/","name":"Kit di coltivazione All In One - Mazatapec - Dutchmicrodosing","isPartOf":{"@id":"https:\/\/dutchmicrodosing.com\/it\/#website"},"primaryImageOfPage":{"@id":"https:\/\/dutchmicrodosing.com\/it\/funghi-allucinogeni\/kit-per-la-coltivazione-all-in-one\/kit-di-coltivazione-all-in-one-mazatapec\/#primaryimage"},"image":{"@id":"https:\/\/dutchmicrodosing.com\/it\/funghi-allucinogeni\/kit-per-la-coltivazione-all-in-one\/kit-di-coltivazione-all-in-one-mazatapec\/#primaryimage"},"thumbnailUrl":"https:\/\/dutchmicrodosing.com\/wp-content\/uploads\/2022\/04\/mazatapec-all-in-one-growkit.png","datePublished":"2022-04-04T19:05:17+00:00","dateModified":"2025-08-20T12:07:17+00:00","breadcrumb":{"@id":"https:\/\/dutchmicrodosing.com\/it\/funghi-allucinogeni\/kit-per-la-coltivazione-all-in-one\/kit-di-coltivazione-all-in-one-mazatapec\/#breadcrumb"},"inLanguage":"it-IT","potentialAction":[{"@type":"ReadAction","target":["https:\/\/dutchmicrodosing.com\/it\/funghi-allucinogeni\/kit-per-la-coltivazione-all-in-one\/kit-di-coltivazione-all-in-one-mazatapec\/"]}]},{"@type":"ImageObject","inLanguage":"it-IT","@id":"https:\/\/dutchmicrodosing.com\/it\/funghi-allucinogeni\/kit-per-la-coltivazione-all-in-one\/kit-di-coltivazione-all-in-one-mazatapec\/#primaryimage","url":"https:\/\/dutchmicrodosing.com\/wp-content\/uploads\/2022\/04\/mazatapec-all-in-one-growkit.png","contentUrl":"https:\/\/dutchmicrodosing.com\/wp-content\/uploads\/2022\/04\/mazatapec-all-in-one-growkit.png","width":1100,"height":720},{"@type":"BreadcrumbList","@id":"https:\/\/dutchmicrodosing.com\/it\/funghi-allucinogeni\/kit-per-la-coltivazione-all-in-one\/kit-di-coltivazione-all-in-one-mazatapec\/#breadcrumb","itemListElement":[{"@type":"ListItem","position":1,"name":"Home","item":"https:\/\/dutchmicrodosing.com\/it\/"},{"@type":"ListItem","position":2,"name":"Negozio","item":"https:\/\/dutchmicrodosing.com\/it\/negozio\/"},{"@type":"ListItem","position":3,"name":"Kit di coltivazione All In One &#8211; Mazatapec"}]},{"@type":"WebSite","@id":"https:\/\/dutchmicrodosing.com\/it\/#website","url":"https:\/\/dutchmicrodosing.com\/it\/","name":"Dutchmicrodosing","description":"","publisher":{"@id":"https:\/\/dutchmicrodosing.com\/it\/#organization"},"potentialAction":[{"@type":"SearchAction","target":{"@type":"EntryPoint","urlTemplate":"https:\/\/dutchmicrodosing.com\/it\/?s={search_term_string}"},"query-input":{"@type":"PropertyValueSpecification","valueRequired":true,"valueName":"search_term_string"}}],"inLanguage":"it-IT"},{"@type":"Organization","@id":"https:\/\/dutchmicrodosing.com\/it\/#organization","name":"Dutchmicrodosing","url":"https:\/\/dutchmicrodosing.com\/it\/","logo":{"@type":"ImageObject","inLanguage":"it-IT","@id":"https:\/\/dutchmicrodosing.com\/it\/#\/schema\/logo\/image\/","url":"https:\/\/dutchmicrodosing.com\/wp-content\/uploads\/2021\/01\/microdosing-categorie-pic-nieuw.jpg","contentUrl":"https:\/\/dutchmicrodosing.com\/wp-content\/uploads\/2021\/01\/microdosing-categorie-pic-nieuw.jpg","width":500,"height":500,"caption":"Dutchmicrodosing"},"image":{"@id":"https:\/\/dutchmicrodosing.com\/it\/#\/schema\/logo\/image\/"},"sameAs":["https:\/\/www.facebook.com\/Dutchmicrodosingxp\/","https:\/\/www.instagram.com\/dutchmicrodosing\/"]}]},"product_price_amount":"34.95","product_price_currency":"EUR","og_availability":"instock","product_availability":"instock","product_retailer_item_id":"7112182","product_condition":"new"},"_links":{"self":[{"href":"https:\/\/dutchmicrodosing.com\/it\/wp-json\/wp\/v2\/product\/13368","targetHints":{"allow":["GET"]}}],"collection":[{"href":"https:\/\/dutchmicrodosing.com\/it\/wp-json\/wp\/v2\/product"}],"about":[{"href":"https:\/\/dutchmicrodosing.com\/it\/wp-json\/wp\/v2\/types\/product"}],"replies":[{"embeddable":true,"href":"https:\/\/dutchmicrodosing.com\/it\/wp-json\/wp\/v2\/comments?post=13368"}],"version-history":[{"count":0,"href":"https:\/\/dutchmicrodosing.com\/it\/wp-json\/wp\/v2\/product\/13368\/revisions"}],"wp:featuredmedia":[{"embeddable":true,"href":"https:\/\/dutchmicrodosing.com\/it\/wp-json\/wp\/v2\/media\/12075"}],"wp:attachment":[{"href":"https:\/\/dutchmicrodosing.com\/it\/wp-json\/wp\/v2\/media?parent=13368"}],"wp:term":[{"taxonomy":"product_brand","embeddable":true,"href":"https:\/\/dutchmicrodosing.com\/it\/wp-json\/wp\/v2\/product_brand?post=13368"},{"taxonomy":"product_cat","embeddable":true,"href":"https:\/\/dutchmicrodosing.com\/it\/wp-json\/wp\/v2\/product_cat?post=13368"},{"taxonomy":"product_tag","embeddable":true,"href":"https:\/\/dutchmicrodosing.com\/it\/wp-json\/wp\/v2\/product_tag?post=13368"}],"curies":[{"name":"wp","href":"https:\/\/api.w.org\/{rel}","templated":true}]}}