{"id":13371,"date":"2022-04-04T21:03:08","date_gmt":"2022-04-04T19:03:08","guid":{"rendered":"https:\/\/dutchmicrodosing.com\/shop\/senza-categoria\/messicano-tutto-in-un-kit-crescita\/"},"modified":"2026-04-12T12:48:35","modified_gmt":"2026-04-12T10:48:35","slug":"kit-di-coltivazione-all-in-one-mexican","status":"publish","type":"product","link":"https:\/\/dutchmicrodosing.com\/it\/funghi-allucinogeni\/kit-per-la-coltivazione-all-in-one\/kit-di-coltivazione-all-in-one-mexican\/","title":{"rendered":"Kit di coltivazione All In One &#8211; Mexican"},"content":{"rendered":"<p>Un viaggio con i funghi messicani \u00e8 ideale per gli psiconauti principianti. Il fungo magico messicano non \u00e8 n\u00e9 estremamente potente n\u00e9 estremamente visivo. In questo modo si impara a seguire la corrente con i funghi magici. Il fungo magico messicano provoca sensazioni euforiche e ha leggeri effetti visivi. In alcuni casi si verificano anche allucinazioni. Quest&#8217;ultimo \u00e8 anche il motivo per cui i sacerdoti aztechi prendevano i funghi: volevano entrare in contatto con gli dei. Provate voi stessi e iniziate subito a coltivare con il kit di coltivazione messicano all-in-one!<\/p>\n<h2>Il modo pi\u00f9 semplice per coltivare da soli i funghi magici<\/h2>\n<p>Coltivare funghi da soli non \u00e8 mai stato cos\u00ec facile come con il kit di coltivazione Mexican all-in-one. Il kit di coltivazione contiene un potente micelio che vi permetter\u00e0 di coltivare bellissimi funghi in due settimane. Basta seguire pochi passi per vivere i viaggi pi\u00f9 belli!<\/p>\n<h2>Preparazione per il trip con funghi messicani<\/h2>\n<p>Dedicare un po&#8217; di tempo alla preparazione di un viaggio con i funghi messicani aumenta le possibilit\u00e0 di un&#8217;esperienza spettacolare, ma anche sicura. Scegliete uno spazio che conoscete bene e circondatevi di buoni amici di cui vi fidate. Inoltre, organizzatevi per un tripsitter. Pu\u00f2 trattarsi di un amico che non fa uso di droghe o alcol mentre si \u00e8 in viaggio. Il tripsitter si assicura che siate al sicuro e vi guida. Durante un viaggio con i funghi messicani pu\u00f2 capitare di perdere la padronanza del tempo e dello spazio. Il tripsitter pu\u00f2 quindi aiutarvi e rassicurarvi.<\/p>\n<p>Anche in questo caso pu\u00f2 essere utile il tappo per il viaggio. Questo farmaco agisce attenuando gli effetti del viaggio. Il solo fatto di sapere che in casa c&#8217;\u00e8 un fermaglio per gli inciampi pu\u00f2 essere tranquillizzante.<\/p>\n<h2>Cercate un kit per la coltivazione di funghi messicani?<\/h2>\n<p>Con il Growkit All In One \u00e8 ora possibile coltivare facilmente questi funghi estremamente potenti a casa propria. Dopo aver effettuato l&#8217;ordine, confezioneremo il kit per la coltivazione dei funghi messicani (in una confezione discreta e sicura) e ve lo invieremo il prima possibile. Nel giro di poche settimane si pu\u00f2 avere un raccolto decente.<\/p>\n<h2>I 9 passi per il kit di coltivazione dei funghi messicani<\/h2>\n<p><a href=\"https:\/\/dutchmicrodosing.com\/it\/manuale_crescita\/\">Scarica qui: Manuale del kit di coltivazione All In One<\/a><\/p>\n<ul>\n<li>\n<ol>\n<li>Lavarsi accuratamente le mani e pulire l&#8217;esterno del GrowKit con un panno pulito e umido. Togliere il coperchio, ma conservarlo per la fase 3.<\/li>\n<li>Riempire il GrowKit con acqua tiepida (20\u00baC) fino all&#8217;orlo. Rimettere il coperchio e lasciare in ammollo il GrowKit per 5 &#8211; max. 50 min. Nota: non lasciare mai in ammollo pi\u00f9 di un&#8217;ora.<\/li>\n<li>Dopo l&#8217;ammollo, togliere il coperchio dal GrowKit e versare con cura l&#8217;acqua in eccesso. Lasciare scolare il GrowKit per 5-10 secondi.<\/li>\n<li>Aggiungere acqua tiepida (20\u00baC) al sacchetto di coltivazione: per il GrowKit 2100cc: 1 bicchiere (0,25 litri). Per il GrowKit 1200cc: 1 tazza (0,25 litri).<\/li>\n<li>Inserire il GrowKit nel sacchetto di coltivazione. Assicurarsi che l&#8217;acqua non superi il bordo del GrowKit.<\/li>\n<li>Chiudere il sacchetto di coltivazione creando un coperchio nella parte superiore e fissandolo con due graffette (parte della confezione del GrowKit).<\/li>\n<li>Collocare il set di coltivazione in un luogo al riparo dalla luce solare diretta. Non collocare il GrowKit sotto una lampada o sopra o vicino a una stufa o a una fonte di calore. La temperatura ideale \u00e8 tra i 20 e i 25 \u00ba C. &#8220;Lasciare il sacchetto <strong>chiuso <\/strong>fino a quando non iniziano a formarsi le spine preliminari&#8221; (possono essere necessarie una o due settimane).<\/li>\n<li>&#8220;Dopo che i perni hanno iniziato a crescere&#8221;. Inumidire quotidianamente il kit con un flacone spray (massimo 1-2 pompate). In questa fase, i funghi hanno bisogno di H20 e O2 freschi e la CO2 deve uscire. Questo \u00e8 importante anche dopo la raccolta.<\/li>\n<li>I primi funghi saranno visibili tra una quindicina di giorni. Siate pazienti, la crescita dei primi funghi potrebbe richiedere pi\u00f9 tempo. I funghi devono essere raccolti appena prima che la membrana sotto il cappello inizi a staccarsi.<\/li>\n<\/ol>\n<p><strong>La raccolta:<\/strong> afferrare con cura il gambo, ruotarlo delicatamente a destra e a sinistra e poi tirarlo delicatamente verso l&#8217;alto per estrarre il fungo il pi\u00f9 completamente possibile. In questo modo \u00e8 possibile la crescita di nuovi funghi.<\/li>\n<\/ul>\n<h2>Il raccolto del kit di coltivazione del fungo magico messicano<\/h2>\n<p>Dopo aver coltivato i funghi messicani in modo professionale, \u00e8 il momento di raccoglierli. Quanti funghi si ottengono con un kit di coltivazione di funghi? Il kit per la coltivazione dei funghi \u00e8 disponibile in 1200 cc. \u00c8 bene rendersi conto che da ogni kit di coltivazione di funghi si possono ottenere pi\u00f9 fioriture. Ci\u00f2 significa che \u00e8 possibile ottenere pi\u00f9 raccolti da uno dei kit di coltivazione di funghi.<\/p>\n<ul>\n<li>Il kit per la coltivazione di funghi messicani da 1200 cc produce 500 grammi di funghi<\/li>\n<\/ul>\n<p>Naturalmente questo dipende da come si gestisce il kit di coltivazione dei funghi e dalla qualit\u00e0 della coltivazione. I funghi messicani sono molto belli da coltivare. Possono tollerare molto. Il kit per la coltivazione dei funghi messicani vi dar\u00e0 sempre un buon raccolto.<\/p>\n<h2>Conservazione del kit per la coltivazione dei funghi messicani<\/h2>\n<p>Trattandosi di un prodotto fresco, vi consigliamo di allestire subito il vostro kit di coltivazione di funghi. In questo modo potrete ottenere i migliori risultati e assicurarvi un buon raccolto di funghi.<\/p>\n","protected":false},"excerpt":{"rendered":"<p>Un viaggio con i funghi messicani \u00e8 ideale per gli psiconauti principianti. Il fungo magico messicano non \u00e8 n\u00e9 estremamente potente n\u00e9 estremamente visivo. In questo modo si impara a seguire la corrente con i funghi magici. Il fungo magico messicano provoca sensazioni euforiche e ha leggeri effetti visivi. In alcuni casi si verificano anche [&hellip;]<\/p>\n","protected":false},"featured_media":12068,"comment_status":"closed","ping_status":"closed","template":"","meta":[],"product_brand":[],"product_cat":[213],"product_tag":[],"class_list":{"0":"post-13371","1":"product","2":"type-product","3":"status-publish","4":"has-post-thumbnail","6":"product_cat-kit-per-la-coltivazione-all-in-one","8":"first","9":"instock","10":"taxable","11":"shipping-taxable","12":"purchasable","13":"product-type-simple"},"yoast_head":"<!-- This site is optimized with the Yoast SEO Premium plugin v26.4 (Yoast SEO v27.2) - https:\/\/yoast.com\/product\/yoast-seo-premium-wordpress\/ -->\n<title>Kit di coltivazione All In One - Mexican - Dutchmicrodosing<\/title>\n<meta name=\"robots\" content=\"index, follow, max-snippet:-1, max-image-preview:large, max-video-preview:-1\" \/>\n<link rel=\"canonical\" href=\"https:\/\/dutchmicrodosing.com\/it\/funghi-allucinogeni\/kit-per-la-coltivazione-all-in-one\/kit-di-coltivazione-all-in-one-mexican\/\" \/>\n<meta property=\"og:locale\" content=\"it_IT\" \/>\n<meta property=\"og:type\" content=\"article\" \/>\n<meta property=\"og:title\" content=\"Kit di coltivazione All In One - Mexican\" \/>\n<meta property=\"og:description\" content=\"Un viaggio con i funghi messicani \u00e8 ideale per gli psiconauti principianti. Il fungo magico messicano non \u00e8 n\u00e9 estremamente potente n\u00e9 estremamente\" \/>\n<meta property=\"og:url\" content=\"https:\/\/dutchmicrodosing.com\/it\/funghi-allucinogeni\/kit-per-la-coltivazione-all-in-one\/kit-di-coltivazione-all-in-one-mexican\/\" \/>\n<meta property=\"og:site_name\" content=\"Dutchmicrodosing\" \/>\n<meta property=\"article:publisher\" content=\"https:\/\/www.facebook.com\/Dutchmicrodosingxp\/\" \/>\n<meta property=\"article:modified_time\" content=\"2026-04-12T10:48:35+00:00\" \/>\n<meta property=\"og:image\" content=\"https:\/\/dutchmicrodosing.com\/wp-content\/uploads\/2022\/04\/mexican-all-in-one-growkit.png\" \/>\n\t<meta property=\"og:image:width\" content=\"1100\" \/>\n\t<meta property=\"og:image:height\" content=\"720\" \/>\n\t<meta property=\"og:image:type\" content=\"image\/png\" \/>\n<meta name=\"twitter:card\" content=\"summary_large_image\" \/>\n<script type=\"application\/ld+json\" class=\"yoast-schema-graph\">{\"@context\":\"https:\/\/schema.org\",\"@graph\":[{\"@type\":\"WebPage\",\"@id\":\"https:\/\/dutchmicrodosing.com\/it\/funghi-allucinogeni\/kit-per-la-coltivazione-all-in-one\/kit-di-coltivazione-all-in-one-mexican\/\",\"url\":\"https:\/\/dutchmicrodosing.com\/it\/funghi-allucinogeni\/kit-per-la-coltivazione-all-in-one\/kit-di-coltivazione-all-in-one-mexican\/\",\"name\":\"Kit di coltivazione All In One - Mexican - Dutchmicrodosing\",\"isPartOf\":{\"@id\":\"https:\/\/dutchmicrodosing.com\/it\/#website\"},\"primaryImageOfPage\":{\"@id\":\"https:\/\/dutchmicrodosing.com\/it\/funghi-allucinogeni\/kit-per-la-coltivazione-all-in-one\/kit-di-coltivazione-all-in-one-mexican\/#primaryimage\"},\"image\":{\"@id\":\"https:\/\/dutchmicrodosing.com\/it\/funghi-allucinogeni\/kit-per-la-coltivazione-all-in-one\/kit-di-coltivazione-all-in-one-mexican\/#primaryimage\"},\"thumbnailUrl\":\"https:\/\/dutchmicrodosing.com\/wp-content\/uploads\/2022\/04\/mexican-all-in-one-growkit.png\",\"datePublished\":\"2022-04-04T19:03:08+00:00\",\"dateModified\":\"2026-04-12T10:48:35+00:00\",\"breadcrumb\":{\"@id\":\"https:\/\/dutchmicrodosing.com\/it\/funghi-allucinogeni\/kit-per-la-coltivazione-all-in-one\/kit-di-coltivazione-all-in-one-mexican\/#breadcrumb\"},\"inLanguage\":\"it-IT\",\"potentialAction\":[{\"@type\":\"ReadAction\",\"target\":[\"https:\/\/dutchmicrodosing.com\/it\/funghi-allucinogeni\/kit-per-la-coltivazione-all-in-one\/kit-di-coltivazione-all-in-one-mexican\/\"]}]},{\"@type\":\"ImageObject\",\"inLanguage\":\"it-IT\",\"@id\":\"https:\/\/dutchmicrodosing.com\/it\/funghi-allucinogeni\/kit-per-la-coltivazione-all-in-one\/kit-di-coltivazione-all-in-one-mexican\/#primaryimage\",\"url\":\"https:\/\/dutchmicrodosing.com\/wp-content\/uploads\/2022\/04\/mexican-all-in-one-growkit.png\",\"contentUrl\":\"https:\/\/dutchmicrodosing.com\/wp-content\/uploads\/2022\/04\/mexican-all-in-one-growkit.png\",\"width\":1100,\"height\":720},{\"@type\":\"BreadcrumbList\",\"@id\":\"https:\/\/dutchmicrodosing.com\/it\/funghi-allucinogeni\/kit-per-la-coltivazione-all-in-one\/kit-di-coltivazione-all-in-one-mexican\/#breadcrumb\",\"itemListElement\":[{\"@type\":\"ListItem\",\"position\":1,\"name\":\"Home\",\"item\":\"https:\/\/dutchmicrodosing.com\/it\/\"},{\"@type\":\"ListItem\",\"position\":2,\"name\":\"Negozio\",\"item\":\"https:\/\/dutchmicrodosing.com\/it\/negozio\/\"},{\"@type\":\"ListItem\",\"position\":3,\"name\":\"Kit di coltivazione All In One &#8211; Mexican\"}]},{\"@type\":\"WebSite\",\"@id\":\"https:\/\/dutchmicrodosing.com\/it\/#website\",\"url\":\"https:\/\/dutchmicrodosing.com\/it\/\",\"name\":\"Dutchmicrodosing\",\"description\":\"\",\"publisher\":{\"@id\":\"https:\/\/dutchmicrodosing.com\/it\/#organization\"},\"potentialAction\":[{\"@type\":\"SearchAction\",\"target\":{\"@type\":\"EntryPoint\",\"urlTemplate\":\"https:\/\/dutchmicrodosing.com\/it\/?s={search_term_string}\"},\"query-input\":{\"@type\":\"PropertyValueSpecification\",\"valueRequired\":true,\"valueName\":\"search_term_string\"}}],\"inLanguage\":\"it-IT\"},{\"@type\":\"Organization\",\"@id\":\"https:\/\/dutchmicrodosing.com\/it\/#organization\",\"name\":\"Dutchmicrodosing\",\"url\":\"https:\/\/dutchmicrodosing.com\/it\/\",\"logo\":{\"@type\":\"ImageObject\",\"inLanguage\":\"it-IT\",\"@id\":\"https:\/\/dutchmicrodosing.com\/it\/#\/schema\/logo\/image\/\",\"url\":\"https:\/\/dutchmicrodosing.com\/wp-content\/uploads\/2021\/01\/microdosing-categorie-pic-nieuw.jpg\",\"contentUrl\":\"https:\/\/dutchmicrodosing.com\/wp-content\/uploads\/2021\/01\/microdosing-categorie-pic-nieuw.jpg\",\"width\":500,\"height\":500,\"caption\":\"Dutchmicrodosing\"},\"image\":{\"@id\":\"https:\/\/dutchmicrodosing.com\/it\/#\/schema\/logo\/image\/\"},\"sameAs\":[\"https:\/\/www.facebook.com\/Dutchmicrodosingxp\/\",\"https:\/\/www.instagram.com\/dutchmicrodosing\/\"]}]}<\/script>\n<meta property=\"product:price:amount\" content=\"34.95\" \/>\n<meta property=\"product:price:currency\" content=\"EUR\" \/>\n<meta property=\"og:availability\" content=\"instock\" \/>\n<meta property=\"product:availability\" content=\"instock\" \/>\n<meta property=\"product:retailer_item_id\" content=\"8108304\" \/>\n<meta property=\"product:condition\" content=\"new\" \/>\n<!-- \/ Yoast SEO Premium plugin. -->","yoast_head_json":{"title":"Kit di coltivazione All In One - Mexican - Dutchmicrodosing","robots":{"index":"index","follow":"follow","max-snippet":"max-snippet:-1","max-image-preview":"max-image-preview:large","max-video-preview":"max-video-preview:-1"},"canonical":"https:\/\/dutchmicrodosing.com\/it\/funghi-allucinogeni\/kit-per-la-coltivazione-all-in-one\/kit-di-coltivazione-all-in-one-mexican\/","og_locale":"it_IT","og_type":"article","og_title":"Kit di coltivazione All In One - Mexican","og_description":"Un viaggio con i funghi messicani \u00e8 ideale per gli psiconauti principianti. Il fungo magico messicano non \u00e8 n\u00e9 estremamente potente n\u00e9 estremamente","og_url":"https:\/\/dutchmicrodosing.com\/it\/funghi-allucinogeni\/kit-per-la-coltivazione-all-in-one\/kit-di-coltivazione-all-in-one-mexican\/","og_site_name":"Dutchmicrodosing","article_publisher":"https:\/\/www.facebook.com\/Dutchmicrodosingxp\/","article_modified_time":"2026-04-12T10:48:35+00:00","og_image":[{"width":1100,"height":720,"url":"https:\/\/dutchmicrodosing.com\/wp-content\/uploads\/2022\/04\/mexican-all-in-one-growkit.png","type":"image\/png"}],"twitter_card":"summary_large_image","schema":{"@context":"https:\/\/schema.org","@graph":[{"@type":"WebPage","@id":"https:\/\/dutchmicrodosing.com\/it\/funghi-allucinogeni\/kit-per-la-coltivazione-all-in-one\/kit-di-coltivazione-all-in-one-mexican\/","url":"https:\/\/dutchmicrodosing.com\/it\/funghi-allucinogeni\/kit-per-la-coltivazione-all-in-one\/kit-di-coltivazione-all-in-one-mexican\/","name":"Kit di coltivazione All In One - Mexican - Dutchmicrodosing","isPartOf":{"@id":"https:\/\/dutchmicrodosing.com\/it\/#website"},"primaryImageOfPage":{"@id":"https:\/\/dutchmicrodosing.com\/it\/funghi-allucinogeni\/kit-per-la-coltivazione-all-in-one\/kit-di-coltivazione-all-in-one-mexican\/#primaryimage"},"image":{"@id":"https:\/\/dutchmicrodosing.com\/it\/funghi-allucinogeni\/kit-per-la-coltivazione-all-in-one\/kit-di-coltivazione-all-in-one-mexican\/#primaryimage"},"thumbnailUrl":"https:\/\/dutchmicrodosing.com\/wp-content\/uploads\/2022\/04\/mexican-all-in-one-growkit.png","datePublished":"2022-04-04T19:03:08+00:00","dateModified":"2026-04-12T10:48:35+00:00","breadcrumb":{"@id":"https:\/\/dutchmicrodosing.com\/it\/funghi-allucinogeni\/kit-per-la-coltivazione-all-in-one\/kit-di-coltivazione-all-in-one-mexican\/#breadcrumb"},"inLanguage":"it-IT","potentialAction":[{"@type":"ReadAction","target":["https:\/\/dutchmicrodosing.com\/it\/funghi-allucinogeni\/kit-per-la-coltivazione-all-in-one\/kit-di-coltivazione-all-in-one-mexican\/"]}]},{"@type":"ImageObject","inLanguage":"it-IT","@id":"https:\/\/dutchmicrodosing.com\/it\/funghi-allucinogeni\/kit-per-la-coltivazione-all-in-one\/kit-di-coltivazione-all-in-one-mexican\/#primaryimage","url":"https:\/\/dutchmicrodosing.com\/wp-content\/uploads\/2022\/04\/mexican-all-in-one-growkit.png","contentUrl":"https:\/\/dutchmicrodosing.com\/wp-content\/uploads\/2022\/04\/mexican-all-in-one-growkit.png","width":1100,"height":720},{"@type":"BreadcrumbList","@id":"https:\/\/dutchmicrodosing.com\/it\/funghi-allucinogeni\/kit-per-la-coltivazione-all-in-one\/kit-di-coltivazione-all-in-one-mexican\/#breadcrumb","itemListElement":[{"@type":"ListItem","position":1,"name":"Home","item":"https:\/\/dutchmicrodosing.com\/it\/"},{"@type":"ListItem","position":2,"name":"Negozio","item":"https:\/\/dutchmicrodosing.com\/it\/negozio\/"},{"@type":"ListItem","position":3,"name":"Kit di coltivazione All In One &#8211; Mexican"}]},{"@type":"WebSite","@id":"https:\/\/dutchmicrodosing.com\/it\/#website","url":"https:\/\/dutchmicrodosing.com\/it\/","name":"Dutchmicrodosing","description":"","publisher":{"@id":"https:\/\/dutchmicrodosing.com\/it\/#organization"},"potentialAction":[{"@type":"SearchAction","target":{"@type":"EntryPoint","urlTemplate":"https:\/\/dutchmicrodosing.com\/it\/?s={search_term_string}"},"query-input":{"@type":"PropertyValueSpecification","valueRequired":true,"valueName":"search_term_string"}}],"inLanguage":"it-IT"},{"@type":"Organization","@id":"https:\/\/dutchmicrodosing.com\/it\/#organization","name":"Dutchmicrodosing","url":"https:\/\/dutchmicrodosing.com\/it\/","logo":{"@type":"ImageObject","inLanguage":"it-IT","@id":"https:\/\/dutchmicrodosing.com\/it\/#\/schema\/logo\/image\/","url":"https:\/\/dutchmicrodosing.com\/wp-content\/uploads\/2021\/01\/microdosing-categorie-pic-nieuw.jpg","contentUrl":"https:\/\/dutchmicrodosing.com\/wp-content\/uploads\/2021\/01\/microdosing-categorie-pic-nieuw.jpg","width":500,"height":500,"caption":"Dutchmicrodosing"},"image":{"@id":"https:\/\/dutchmicrodosing.com\/it\/#\/schema\/logo\/image\/"},"sameAs":["https:\/\/www.facebook.com\/Dutchmicrodosingxp\/","https:\/\/www.instagram.com\/dutchmicrodosing\/"]}]},"product_price_amount":"34.95","product_price_currency":"EUR","og_availability":"instock","product_availability":"instock","product_retailer_item_id":"8108304","product_condition":"new"},"_links":{"self":[{"href":"https:\/\/dutchmicrodosing.com\/it\/wp-json\/wp\/v2\/product\/13371","targetHints":{"allow":["GET"]}}],"collection":[{"href":"https:\/\/dutchmicrodosing.com\/it\/wp-json\/wp\/v2\/product"}],"about":[{"href":"https:\/\/dutchmicrodosing.com\/it\/wp-json\/wp\/v2\/types\/product"}],"replies":[{"embeddable":true,"href":"https:\/\/dutchmicrodosing.com\/it\/wp-json\/wp\/v2\/comments?post=13371"}],"version-history":[{"count":0,"href":"https:\/\/dutchmicrodosing.com\/it\/wp-json\/wp\/v2\/product\/13371\/revisions"}],"wp:featuredmedia":[{"embeddable":true,"href":"https:\/\/dutchmicrodosing.com\/it\/wp-json\/wp\/v2\/media\/12068"}],"wp:attachment":[{"href":"https:\/\/dutchmicrodosing.com\/it\/wp-json\/wp\/v2\/media?parent=13371"}],"wp:term":[{"taxonomy":"product_brand","embeddable":true,"href":"https:\/\/dutchmicrodosing.com\/it\/wp-json\/wp\/v2\/product_brand?post=13371"},{"taxonomy":"product_cat","embeddable":true,"href":"https:\/\/dutchmicrodosing.com\/it\/wp-json\/wp\/v2\/product_cat?post=13371"},{"taxonomy":"product_tag","embeddable":true,"href":"https:\/\/dutchmicrodosing.com\/it\/wp-json\/wp\/v2\/product_tag?post=13371"}],"curies":[{"name":"wp","href":"https:\/\/api.w.org\/{rel}","templated":true}]}}