{"id":13379,"date":"2022-04-04T21:00:14","date_gmt":"2022-04-04T19:00:14","guid":{"rendered":"https:\/\/dutchmicrodosing.com\/shop\/senza-categoria\/mckennaii-all-in-one-growkit\/"},"modified":"2025-12-09T19:09:18","modified_gmt":"2025-12-09T18:09:18","slug":"kit-di-coltivazione-all-in-one-mckennaii","status":"publish","type":"product","link":"https:\/\/dutchmicrodosing.com\/it\/funghi-allucinogeni\/kit-per-la-coltivazione-all-in-one\/kit-di-coltivazione-all-in-one-mckennaii\/","title":{"rendered":"Kit di coltivazione All In One &#8211; McKennaii"},"content":{"rendered":"<p>Siete pronti per un viaggio davvero potente e avete molta esperienza con psichedelici come funghi magici e tartufi? Allora scegliete i funghi McKennaii! Questo fungo prende il nome dal primo psiconauta: Terence McKenna. \u00c8 un noto ricercatore e insegnante con una specializzazione nel campo degli psichedelici. Non per niente questo fungo porta il suo nome. \u00c8 uno dei funghi magici pi\u00f9 potenti e secondo alcuni utilizzatori \u00e8 addirittura pi\u00f9 potente dei funghi magici hawaiani!<\/p>\n<h2>Gli effetti del fungo McKennaii<\/h2>\n<p>Un viaggio con il fungo McKennaii \u00e8 molto intenso. Il viaggio \u00e8 fortemente visivo e allo stesso tempo molto filosofico. In altre parole, le allucinazioni e le visioni non fanno eccezione. Nel processo, si perde anche la percezione del tempo e dello spazio. Il fungo in s\u00e9 \u00e8 molto facile da coltivare, quindi si pu\u00f2 rapidamente godere di un viaggio intenso con questo potente fungo.<\/p>\n<h2>Preparazione al viaggio con i funghi McKennaii<\/h2>\n<p>Se vi prendete un po&#8217; di tempo per prepararvi a un viaggio con i funghi McKennai, aumenterete le possibilit\u00e0 di un&#8217;esperienza spettacolare, ma anche sicura. Scegliete uno spazio che conoscete bene e circondatevi di buoni amici di cui vi fidate. Inoltre, organizzatevi per un tripsitter. Pu\u00f2 trattarsi di un amico che non fa uso di droghe o alcol mentre si \u00e8 in viaggio. Il tripsitter si assicura che siate al sicuro e vi guida. Durante un viaggio con i funghi McKennaii pu\u00f2 capitare di perdere il controllo del tempo e dello spazio. Il tripsitter pu\u00f2 quindi aiutarvi e rassicurarvi.<\/p>\n<p>Anche in questo caso pu\u00f2 essere utile il tappo per il viaggio. Questo farmaco agisce attenuando gli effetti del viaggio. Il solo fatto di sapere che in casa c&#8217;\u00e8 un fermaglio per gli inciampi pu\u00f2 essere tranquillizzante.<\/p>\n<h2>Cercate un kit per la coltivazione dei funghi McKennaii?<\/h2>\n<p>Con il Growkit All In One \u00e8 ora possibile coltivare facilmente questi funghi estremamente potenti a casa propria. Dopo l&#8217;ordine, imballeremo il vostro kit di coltivazione di funghi McKennaii (in una confezione discreta e sicura) e ve lo invieremo il prima possibile. Nel giro di poche settimane si pu\u00f2 avere un raccolto decente.<\/p>\n<h2>I 9 passi per il kit di coltivazione dei funghi McKennaii<\/h2>\n<p><a href=\"https:\/\/dutchmicrodosing.com\/it\/manuale_crescita\/\">Scarica qui: Manuale del kit di coltivazione All In One<\/a><\/p>\n<ul>\n<li>\n<ol>\n<li>Lavarsi accuratamente le mani e pulire l&#8217;esterno del GrowKit con un panno pulito e umido. Togliere il coperchio, ma conservarlo per la fase 3.<\/li>\n<li>Riempire il GrowKit con acqua tiepida (20\u00baC) fino all&#8217;orlo. Rimettere il coperchio e lasciare in ammollo il GrowKit per 5 &#8211; max. 50 min. Nota: non lasciare mai in ammollo pi\u00f9 di un&#8217;ora.<\/li>\n<li>Dopo l&#8217;ammollo, togliere il coperchio dal GrowKit e versare con cura l&#8217;acqua in eccesso. Lasciare scolare il GrowKit per 5-10 secondi.<\/li>\n<li>Aggiungere acqua tiepida (20\u00baC) al sacchetto di coltivazione: per il GrowKit 2100cc: 1 bicchiere (0,25 litri). Per il GrowKit 1200cc: 1 tazza (0,25 litri).<\/li>\n<li>Inserire il GrowKit nel sacchetto di coltivazione. Assicurarsi che l&#8217;acqua non superi il bordo del GrowKit.<\/li>\n<li>Chiudere il sacchetto di coltivazione creando un coperchio nella parte superiore e fissandolo con due graffette (parte della confezione del GrowKit).<\/li>\n<li>Collocare il set di coltivazione in un luogo al riparo dalla luce solare diretta. Non collocare il GrowKit sotto una lampada o sopra o vicino a una stufa o a una fonte di calore. La temperatura ideale \u00e8 tra i 20 e i 25 \u00ba C. &#8220;Lasciare il sacchetto <strong>chiuso <\/strong>fino a quando non iniziano a formarsi le spine preliminari&#8221; (possono essere necessarie una o due settimane).<\/li>\n<li>&#8220;Dopo che i perni hanno iniziato a crescere&#8221;. Inumidire quotidianamente il kit con un flacone spray (massimo 1-2 pompate). In questa fase, i funghi hanno bisogno di H20 e O2 freschi e la CO2 deve uscire. Questo \u00e8 importante anche dopo la raccolta.<\/li>\n<li>I primi funghi saranno visibili tra una quindicina di giorni. Siate pazienti, la crescita dei primi funghi potrebbe richiedere pi\u00f9 tempo. I funghi devono essere raccolti appena prima che la membrana sotto il cappello inizi a staccarsi.<\/li>\n<\/ol>\n<p><strong>La raccolta:<\/strong> afferrare con cura il gambo, ruotarlo delicatamente a destra e a sinistra e poi tirarlo delicatamente verso l&#8217;alto per estrarre il fungo il pi\u00f9 completamente possibile. In questo modo \u00e8 possibile la crescita di nuovi funghi.<\/li>\n<\/ul>\n<h2>Il raccolto del kit di coltivazione dei funghi McKennaii<\/h2>\n<p>Dopo aver coltivato i funghi messicani in modo professionale, \u00e8 il momento di raccoglierli. Quanti funghi si ottengono con un kit di coltivazione di funghi? Il kit per la coltivazione dei funghi \u00e8 disponibile in formato da 1200 cc. \u00c8 bene sapere che da ogni kit per la coltivazione dei funghi si possono ricavare pi\u00f9 arrossamenti. Ci\u00f2 significa che \u00e8 possibile ottenere pi\u00f9 raccolti da uno dei kit di coltivazione di funghi.<\/p>\n<ul>\n<li>Il kit per la coltivazione di funghi McKennaii da 1200 cc produce 400 grammi di funghi<\/li>\n<\/ul>\n<p>Naturalmente questo dipende da come si gestisce il kit di coltivazione dei funghi e dalla qualit\u00e0 della coltivazione. I funghi McKennaii sono molto piacevoli da coltivare. Possono tollerare molto. Il kit per la coltivazione dei funghi McKennaii offre sempre un buon raccolto.<\/p>\n<h2>Conservazione del kit di coltivazione dei funghi McKennaii<\/h2>\n<p>Trattandosi di un prodotto fresco, vi consigliamo di allestire subito il vostro kit di coltivazione di funghi. In questo modo potrete ottenere i migliori risultati e assicurarvi un buon raccolto di funghi.<\/p>\n","protected":false},"excerpt":{"rendered":"<p>Siete pronti per un viaggio davvero potente e avete molta esperienza con psichedelici come funghi magici e tartufi? Allora scegliete i funghi McKennaii! Questo fungo prende il nome dal primo psiconauta: Terence McKenna. \u00c8 un noto ricercatore e insegnante con una specializzazione nel campo degli psichedelici. Non per niente questo fungo porta il suo nome. [&hellip;]<\/p>\n","protected":false},"featured_media":12061,"comment_status":"closed","ping_status":"closed","template":"","meta":[],"product_brand":[],"product_cat":[213],"product_tag":[],"class_list":{"0":"post-13379","1":"product","2":"type-product","3":"status-publish","4":"has-post-thumbnail","6":"product_cat-kit-per-la-coltivazione-all-in-one","8":"first","9":"instock","10":"taxable","11":"shipping-taxable","12":"purchasable","13":"product-type-simple"},"yoast_head":"<!-- This site is optimized with the Yoast SEO Premium plugin v26.4 (Yoast SEO v27.2) - https:\/\/yoast.com\/product\/yoast-seo-premium-wordpress\/ -->\n<title>Kit di coltivazione All In One - McKennaii - Dutchmicrodosing<\/title>\n<meta name=\"robots\" content=\"index, follow, max-snippet:-1, max-image-preview:large, max-video-preview:-1\" \/>\n<link rel=\"canonical\" href=\"https:\/\/dutchmicrodosing.com\/it\/funghi-allucinogeni\/kit-per-la-coltivazione-all-in-one\/kit-di-coltivazione-all-in-one-mckennaii\/\" \/>\n<meta property=\"og:locale\" content=\"it_IT\" \/>\n<meta property=\"og:type\" content=\"article\" \/>\n<meta property=\"og:title\" content=\"Kit di coltivazione All In One - McKennaii\" \/>\n<meta property=\"og:description\" content=\"Siete pronti per un viaggio davvero potente e avete molta esperienza con psichedelici come funghi magici e tartufi? Allora scegliete i funghi McKennaii!\" \/>\n<meta property=\"og:url\" content=\"https:\/\/dutchmicrodosing.com\/it\/funghi-allucinogeni\/kit-per-la-coltivazione-all-in-one\/kit-di-coltivazione-all-in-one-mckennaii\/\" \/>\n<meta property=\"og:site_name\" content=\"Dutchmicrodosing\" \/>\n<meta property=\"article:publisher\" content=\"https:\/\/www.facebook.com\/Dutchmicrodosingxp\/\" \/>\n<meta property=\"article:modified_time\" content=\"2025-12-09T18:09:18+00:00\" \/>\n<meta property=\"og:image\" content=\"https:\/\/dutchmicrodosing.com\/wp-content\/uploads\/2022\/04\/mckennaii-all-in-one-growkit.png\" \/>\n\t<meta property=\"og:image:width\" content=\"1100\" \/>\n\t<meta property=\"og:image:height\" content=\"720\" \/>\n\t<meta property=\"og:image:type\" content=\"image\/png\" \/>\n<meta name=\"twitter:card\" content=\"summary_large_image\" \/>\n<script type=\"application\/ld+json\" class=\"yoast-schema-graph\">{\"@context\":\"https:\/\/schema.org\",\"@graph\":[{\"@type\":\"WebPage\",\"@id\":\"https:\/\/dutchmicrodosing.com\/it\/funghi-allucinogeni\/kit-per-la-coltivazione-all-in-one\/kit-di-coltivazione-all-in-one-mckennaii\/\",\"url\":\"https:\/\/dutchmicrodosing.com\/it\/funghi-allucinogeni\/kit-per-la-coltivazione-all-in-one\/kit-di-coltivazione-all-in-one-mckennaii\/\",\"name\":\"Kit di coltivazione All In One - McKennaii - Dutchmicrodosing\",\"isPartOf\":{\"@id\":\"https:\/\/dutchmicrodosing.com\/it\/#website\"},\"primaryImageOfPage\":{\"@id\":\"https:\/\/dutchmicrodosing.com\/it\/funghi-allucinogeni\/kit-per-la-coltivazione-all-in-one\/kit-di-coltivazione-all-in-one-mckennaii\/#primaryimage\"},\"image\":{\"@id\":\"https:\/\/dutchmicrodosing.com\/it\/funghi-allucinogeni\/kit-per-la-coltivazione-all-in-one\/kit-di-coltivazione-all-in-one-mckennaii\/#primaryimage\"},\"thumbnailUrl\":\"https:\/\/dutchmicrodosing.com\/wp-content\/uploads\/2022\/04\/mckennaii-all-in-one-growkit.png\",\"datePublished\":\"2022-04-04T19:00:14+00:00\",\"dateModified\":\"2025-12-09T18:09:18+00:00\",\"breadcrumb\":{\"@id\":\"https:\/\/dutchmicrodosing.com\/it\/funghi-allucinogeni\/kit-per-la-coltivazione-all-in-one\/kit-di-coltivazione-all-in-one-mckennaii\/#breadcrumb\"},\"inLanguage\":\"it-IT\",\"potentialAction\":[{\"@type\":\"ReadAction\",\"target\":[\"https:\/\/dutchmicrodosing.com\/it\/funghi-allucinogeni\/kit-per-la-coltivazione-all-in-one\/kit-di-coltivazione-all-in-one-mckennaii\/\"]}]},{\"@type\":\"ImageObject\",\"inLanguage\":\"it-IT\",\"@id\":\"https:\/\/dutchmicrodosing.com\/it\/funghi-allucinogeni\/kit-per-la-coltivazione-all-in-one\/kit-di-coltivazione-all-in-one-mckennaii\/#primaryimage\",\"url\":\"https:\/\/dutchmicrodosing.com\/wp-content\/uploads\/2022\/04\/mckennaii-all-in-one-growkit.png\",\"contentUrl\":\"https:\/\/dutchmicrodosing.com\/wp-content\/uploads\/2022\/04\/mckennaii-all-in-one-growkit.png\",\"width\":1100,\"height\":720},{\"@type\":\"BreadcrumbList\",\"@id\":\"https:\/\/dutchmicrodosing.com\/it\/funghi-allucinogeni\/kit-per-la-coltivazione-all-in-one\/kit-di-coltivazione-all-in-one-mckennaii\/#breadcrumb\",\"itemListElement\":[{\"@type\":\"ListItem\",\"position\":1,\"name\":\"Home\",\"item\":\"https:\/\/dutchmicrodosing.com\/it\/\"},{\"@type\":\"ListItem\",\"position\":2,\"name\":\"Negozio\",\"item\":\"https:\/\/dutchmicrodosing.com\/it\/negozio\/\"},{\"@type\":\"ListItem\",\"position\":3,\"name\":\"Kit di coltivazione All In One &#8211; McKennaii\"}]},{\"@type\":\"WebSite\",\"@id\":\"https:\/\/dutchmicrodosing.com\/it\/#website\",\"url\":\"https:\/\/dutchmicrodosing.com\/it\/\",\"name\":\"Dutchmicrodosing\",\"description\":\"\",\"publisher\":{\"@id\":\"https:\/\/dutchmicrodosing.com\/it\/#organization\"},\"potentialAction\":[{\"@type\":\"SearchAction\",\"target\":{\"@type\":\"EntryPoint\",\"urlTemplate\":\"https:\/\/dutchmicrodosing.com\/it\/?s={search_term_string}\"},\"query-input\":{\"@type\":\"PropertyValueSpecification\",\"valueRequired\":true,\"valueName\":\"search_term_string\"}}],\"inLanguage\":\"it-IT\"},{\"@type\":\"Organization\",\"@id\":\"https:\/\/dutchmicrodosing.com\/it\/#organization\",\"name\":\"Dutchmicrodosing\",\"url\":\"https:\/\/dutchmicrodosing.com\/it\/\",\"logo\":{\"@type\":\"ImageObject\",\"inLanguage\":\"it-IT\",\"@id\":\"https:\/\/dutchmicrodosing.com\/it\/#\/schema\/logo\/image\/\",\"url\":\"https:\/\/dutchmicrodosing.com\/wp-content\/uploads\/2021\/01\/microdosing-categorie-pic-nieuw.jpg\",\"contentUrl\":\"https:\/\/dutchmicrodosing.com\/wp-content\/uploads\/2021\/01\/microdosing-categorie-pic-nieuw.jpg\",\"width\":500,\"height\":500,\"caption\":\"Dutchmicrodosing\"},\"image\":{\"@id\":\"https:\/\/dutchmicrodosing.com\/it\/#\/schema\/logo\/image\/\"},\"sameAs\":[\"https:\/\/www.facebook.com\/Dutchmicrodosingxp\/\",\"https:\/\/www.instagram.com\/dutchmicrodosing\/\"]}]}<\/script>\n<meta property=\"product:price:amount\" content=\"34.95\" \/>\n<meta property=\"product:price:currency\" content=\"EUR\" \/>\n<meta property=\"og:availability\" content=\"instock\" \/>\n<meta property=\"product:availability\" content=\"instock\" \/>\n<meta property=\"product:retailer_item_id\" content=\"8108371\" \/>\n<meta property=\"product:condition\" content=\"new\" \/>\n<!-- \/ Yoast SEO Premium plugin. -->","yoast_head_json":{"title":"Kit di coltivazione All In One - McKennaii - Dutchmicrodosing","robots":{"index":"index","follow":"follow","max-snippet":"max-snippet:-1","max-image-preview":"max-image-preview:large","max-video-preview":"max-video-preview:-1"},"canonical":"https:\/\/dutchmicrodosing.com\/it\/funghi-allucinogeni\/kit-per-la-coltivazione-all-in-one\/kit-di-coltivazione-all-in-one-mckennaii\/","og_locale":"it_IT","og_type":"article","og_title":"Kit di coltivazione All In One - McKennaii","og_description":"Siete pronti per un viaggio davvero potente e avete molta esperienza con psichedelici come funghi magici e tartufi? Allora scegliete i funghi McKennaii!","og_url":"https:\/\/dutchmicrodosing.com\/it\/funghi-allucinogeni\/kit-per-la-coltivazione-all-in-one\/kit-di-coltivazione-all-in-one-mckennaii\/","og_site_name":"Dutchmicrodosing","article_publisher":"https:\/\/www.facebook.com\/Dutchmicrodosingxp\/","article_modified_time":"2025-12-09T18:09:18+00:00","og_image":[{"width":1100,"height":720,"url":"https:\/\/dutchmicrodosing.com\/wp-content\/uploads\/2022\/04\/mckennaii-all-in-one-growkit.png","type":"image\/png"}],"twitter_card":"summary_large_image","schema":{"@context":"https:\/\/schema.org","@graph":[{"@type":"WebPage","@id":"https:\/\/dutchmicrodosing.com\/it\/funghi-allucinogeni\/kit-per-la-coltivazione-all-in-one\/kit-di-coltivazione-all-in-one-mckennaii\/","url":"https:\/\/dutchmicrodosing.com\/it\/funghi-allucinogeni\/kit-per-la-coltivazione-all-in-one\/kit-di-coltivazione-all-in-one-mckennaii\/","name":"Kit di coltivazione All In One - McKennaii - Dutchmicrodosing","isPartOf":{"@id":"https:\/\/dutchmicrodosing.com\/it\/#website"},"primaryImageOfPage":{"@id":"https:\/\/dutchmicrodosing.com\/it\/funghi-allucinogeni\/kit-per-la-coltivazione-all-in-one\/kit-di-coltivazione-all-in-one-mckennaii\/#primaryimage"},"image":{"@id":"https:\/\/dutchmicrodosing.com\/it\/funghi-allucinogeni\/kit-per-la-coltivazione-all-in-one\/kit-di-coltivazione-all-in-one-mckennaii\/#primaryimage"},"thumbnailUrl":"https:\/\/dutchmicrodosing.com\/wp-content\/uploads\/2022\/04\/mckennaii-all-in-one-growkit.png","datePublished":"2022-04-04T19:00:14+00:00","dateModified":"2025-12-09T18:09:18+00:00","breadcrumb":{"@id":"https:\/\/dutchmicrodosing.com\/it\/funghi-allucinogeni\/kit-per-la-coltivazione-all-in-one\/kit-di-coltivazione-all-in-one-mckennaii\/#breadcrumb"},"inLanguage":"it-IT","potentialAction":[{"@type":"ReadAction","target":["https:\/\/dutchmicrodosing.com\/it\/funghi-allucinogeni\/kit-per-la-coltivazione-all-in-one\/kit-di-coltivazione-all-in-one-mckennaii\/"]}]},{"@type":"ImageObject","inLanguage":"it-IT","@id":"https:\/\/dutchmicrodosing.com\/it\/funghi-allucinogeni\/kit-per-la-coltivazione-all-in-one\/kit-di-coltivazione-all-in-one-mckennaii\/#primaryimage","url":"https:\/\/dutchmicrodosing.com\/wp-content\/uploads\/2022\/04\/mckennaii-all-in-one-growkit.png","contentUrl":"https:\/\/dutchmicrodosing.com\/wp-content\/uploads\/2022\/04\/mckennaii-all-in-one-growkit.png","width":1100,"height":720},{"@type":"BreadcrumbList","@id":"https:\/\/dutchmicrodosing.com\/it\/funghi-allucinogeni\/kit-per-la-coltivazione-all-in-one\/kit-di-coltivazione-all-in-one-mckennaii\/#breadcrumb","itemListElement":[{"@type":"ListItem","position":1,"name":"Home","item":"https:\/\/dutchmicrodosing.com\/it\/"},{"@type":"ListItem","position":2,"name":"Negozio","item":"https:\/\/dutchmicrodosing.com\/it\/negozio\/"},{"@type":"ListItem","position":3,"name":"Kit di coltivazione All In One &#8211; McKennaii"}]},{"@type":"WebSite","@id":"https:\/\/dutchmicrodosing.com\/it\/#website","url":"https:\/\/dutchmicrodosing.com\/it\/","name":"Dutchmicrodosing","description":"","publisher":{"@id":"https:\/\/dutchmicrodosing.com\/it\/#organization"},"potentialAction":[{"@type":"SearchAction","target":{"@type":"EntryPoint","urlTemplate":"https:\/\/dutchmicrodosing.com\/it\/?s={search_term_string}"},"query-input":{"@type":"PropertyValueSpecification","valueRequired":true,"valueName":"search_term_string"}}],"inLanguage":"it-IT"},{"@type":"Organization","@id":"https:\/\/dutchmicrodosing.com\/it\/#organization","name":"Dutchmicrodosing","url":"https:\/\/dutchmicrodosing.com\/it\/","logo":{"@type":"ImageObject","inLanguage":"it-IT","@id":"https:\/\/dutchmicrodosing.com\/it\/#\/schema\/logo\/image\/","url":"https:\/\/dutchmicrodosing.com\/wp-content\/uploads\/2021\/01\/microdosing-categorie-pic-nieuw.jpg","contentUrl":"https:\/\/dutchmicrodosing.com\/wp-content\/uploads\/2021\/01\/microdosing-categorie-pic-nieuw.jpg","width":500,"height":500,"caption":"Dutchmicrodosing"},"image":{"@id":"https:\/\/dutchmicrodosing.com\/it\/#\/schema\/logo\/image\/"},"sameAs":["https:\/\/www.facebook.com\/Dutchmicrodosingxp\/","https:\/\/www.instagram.com\/dutchmicrodosing\/"]}]},"product_price_amount":"34.95","product_price_currency":"EUR","og_availability":"instock","product_availability":"instock","product_retailer_item_id":"8108371","product_condition":"new"},"_links":{"self":[{"href":"https:\/\/dutchmicrodosing.com\/it\/wp-json\/wp\/v2\/product\/13379","targetHints":{"allow":["GET"]}}],"collection":[{"href":"https:\/\/dutchmicrodosing.com\/it\/wp-json\/wp\/v2\/product"}],"about":[{"href":"https:\/\/dutchmicrodosing.com\/it\/wp-json\/wp\/v2\/types\/product"}],"replies":[{"embeddable":true,"href":"https:\/\/dutchmicrodosing.com\/it\/wp-json\/wp\/v2\/comments?post=13379"}],"version-history":[{"count":0,"href":"https:\/\/dutchmicrodosing.com\/it\/wp-json\/wp\/v2\/product\/13379\/revisions"}],"wp:featuredmedia":[{"embeddable":true,"href":"https:\/\/dutchmicrodosing.com\/it\/wp-json\/wp\/v2\/media\/12061"}],"wp:attachment":[{"href":"https:\/\/dutchmicrodosing.com\/it\/wp-json\/wp\/v2\/media?parent=13379"}],"wp:term":[{"taxonomy":"product_brand","embeddable":true,"href":"https:\/\/dutchmicrodosing.com\/it\/wp-json\/wp\/v2\/product_brand?post=13379"},{"taxonomy":"product_cat","embeddable":true,"href":"https:\/\/dutchmicrodosing.com\/it\/wp-json\/wp\/v2\/product_cat?post=13379"},{"taxonomy":"product_tag","embeddable":true,"href":"https:\/\/dutchmicrodosing.com\/it\/wp-json\/wp\/v2\/product_tag?post=13379"}],"curies":[{"name":"wp","href":"https:\/\/api.w.org\/{rel}","templated":true}]}}