{"id":15753,"date":"2022-05-23T18:40:53","date_gmt":"2022-05-23T16:40:53","guid":{"rendered":"https:\/\/dutchmicrodosing.com\/shop\/senza-categoria\/microdosingxp-20-pack\/"},"modified":"2025-09-08T13:52:55","modified_gmt":"2025-09-08T11:52:55","slug":"microdosingxp-20-pack","status":"publish","type":"product","link":"https:\/\/dutchmicrodosing.com\/it\/microdosaggio\/microdosingxp-20-pack\/","title":{"rendered":"MicrodosingXP &#8211; confezione da 20 pezzi"},"content":{"rendered":"<p>I tartufi <strong>XP Microdosing<\/strong> sono prodotti da esperti con molti decenni di esperienza nella coltivazione di tartufi di psilocibina. La qualit\u00e0 dei prodotti dei tartufi XP Microdosing pu\u00f2 essere definita eccellente. Questi tartufi magici sono organici al 100% e privi di pesticidi e prodotti chimici.<\/p>\n<h3>Ingredienti<\/h3>\n<p>6 tartufi di psilocibina da 1 grammo. Ogni dose di 1 grammo contiene +\/- 1mg di psilocibina.<\/p>\n<h3>Contenuto<\/h3>\n<p>20 confezioni di tartufi Microdosing XP contenenti 6 tartufi di psilocibina da 1 grammo. Il peso dei tartufi \u00e8 stato di 6 grammi. Questa confezione da 20 \u00e8 buona per 240 giorni, adatta per 4 persone cura 60 giorni, pu\u00f2 essere conservata in frigorifero per 9-12 settimane.<\/p>\n<h3>Utilizzo<\/h3>\n<p>Il microdosaggio consiste nell&#8217;ingerire periodicamente piccole quantit\u00e0 della sostanza psilocibina. Poich\u00e9 le dosi dei tartufi sono piccole, non ci saranno effetti pesanti sentiti o percepiti. Per un effetto ottimale, si consiglia di consumare la microdose di tartufo al mattino a stomaco vuoto.<\/p>\n<ul>\n<li>Giorno 1: 1 dose di 1 gr.<\/li>\n<li>Giorno 2: nessuna dose, riposo<\/li>\n<li>Giorno 3: 1 dose da 1gr<\/li>\n<li>Giorno 4: Nessuna dose, riposo<\/li>\n<li>Giorno 5: 1 dose da 1gr<\/li>\n<li>Giorno 6: nessuna dose, riposo<\/li>\n<li>Giorno 7: 1 dose da 1gr<\/li>\n<li>Giorno 8: Iniziare dal giorno 1<\/li>\n<\/ul>\n<p>Il <a href=\"https:\/\/dutchmicrodosing.com\/it\/routine-di-microdosaggio\/\">programma di dosaggio<\/a> \u00e8 un ciclo che viene ripetuto continuamente fino al raggiungimento del numero di settimane di cura desiderato. Prendi i tartufi XP microdosing da 1 a 2 mesi. Dopo questo si prende una pausa da 2 a 4 settimane. Una microdose non vi far\u00e0 diventare trippy o allucinati. Si possono per\u00f2 osservare effetti sottili.<\/p>\n<h3>Consigli per lo stoccaggio<\/h3>\n<p>Conservare i tartufi Microdosing XP in frigorifero a una temperatura compresa tra 2 e 4 gradi. Assicuratevi di controllare la data di scadenza riportata sulla confezione per vedere quanto tempo si conservano.<\/p>\n<h3>IMPORTANTE<\/h3>\n<p>Non utilizzare i tartufi XP Microdosing:<\/p>\n<ul>\n<li>In combinazione con alcol o altre droghe<\/li>\n<li>In caso di gravidanza o allattamento<\/li>\n<li>In combinazione con il carbonato di litio<\/li>\n<li>Nel caso di un disturbo e\/o malattia mentale o fisica<\/li>\n<li>In caso di daltonismo<\/li>\n<\/ul>\n","protected":false},"excerpt":{"rendered":"<p>I tartufi XP Microdosing sono prodotti da esperti con molti decenni di esperienza nella coltivazione di tartufi di psilocibina. La qualit\u00e0 dei prodotti dei tartufi XP Microdosing pu\u00f2 essere definita eccellente. Questi tartufi magici sono organici al 100% e privi di pesticidi e prodotti chimici. Ingredienti 6 tartufi di psilocibina da 1 grammo. Ogni dose [&hellip;]<\/p>\n","protected":false},"featured_media":13845,"comment_status":"closed","ping_status":"closed","template":"","meta":[],"product_brand":[],"product_cat":[174,318],"product_tag":[],"class_list":{"0":"post-15753","1":"product","2":"type-product","3":"status-publish","4":"has-post-thumbnail","6":"product_cat-microdosaggio","7":"product_cat-integratori-per-la-creativita","9":"first","10":"instock","11":"taxable","12":"shipping-taxable","13":"purchasable","14":"product-type-simple"},"yoast_head":"<!-- This site is optimized with the Yoast SEO Premium plugin v26.4 (Yoast SEO v27.4) - https:\/\/yoast.com\/product\/yoast-seo-premium-wordpress\/ -->\n<title>MicrodosingXP - confezione da 20 pezzi - Dutchmicrodosing<\/title>\n<meta name=\"description\" content=\"I tartufi XP Microdosing sono prodotti da esperti con molti decenni di esperienza nella coltivazione di tartufi di psilocibina. La qualit\u00e0 del...\" \/>\n<meta name=\"robots\" content=\"index, follow, max-snippet:-1, max-image-preview:large, max-video-preview:-1\" \/>\n<link rel=\"canonical\" href=\"https:\/\/dutchmicrodosing.com\/it\/microdosaggio\/microdosingxp-20-pack\/\" \/>\n<meta property=\"og:locale\" content=\"it_IT\" \/>\n<meta property=\"og:type\" content=\"article\" \/>\n<meta property=\"og:title\" content=\"MicrodosingXP - confezione da 20 pezzi\" \/>\n<meta property=\"og:description\" content=\"I tartufi XP Microdosing sono prodotti da esperti con molti decenni di esperienza nella coltivazione di tartufi di psilocibina. La qualit\u00e0 dei prodotti\" \/>\n<meta property=\"og:url\" content=\"https:\/\/dutchmicrodosing.com\/it\/microdosaggio\/microdosingxp-20-pack\/\" \/>\n<meta property=\"og:site_name\" content=\"Dutchmicrodosing\" \/>\n<meta property=\"article:publisher\" content=\"https:\/\/www.facebook.com\/Dutchmicrodosingxp\/\" \/>\n<meta property=\"article:modified_time\" content=\"2025-09-08T11:52:55+00:00\" \/>\n<meta property=\"og:image\" content=\"https:\/\/dutchmicrodosing.com\/wp-content\/uploads\/2022\/05\/20pack.jpg\" \/>\n\t<meta property=\"og:image:width\" content=\"500\" \/>\n\t<meta property=\"og:image:height\" content=\"500\" \/>\n\t<meta property=\"og:image:type\" content=\"image\/jpeg\" \/>\n<meta name=\"twitter:card\" content=\"summary_large_image\" \/>\n<script type=\"application\/ld+json\" class=\"yoast-schema-graph\">{\"@context\":\"https:\\\/\\\/schema.org\",\"@graph\":[{\"@type\":\"WebPage\",\"@id\":\"https:\\\/\\\/dutchmicrodosing.com\\\/it\\\/microdosaggio\\\/microdosingxp-20-pack\\\/\",\"url\":\"https:\\\/\\\/dutchmicrodosing.com\\\/it\\\/microdosaggio\\\/microdosingxp-20-pack\\\/\",\"name\":\"MicrodosingXP - confezione da 20 pezzi - Dutchmicrodosing\",\"isPartOf\":{\"@id\":\"https:\\\/\\\/dutchmicrodosing.com\\\/it\\\/#website\"},\"primaryImageOfPage\":{\"@id\":\"https:\\\/\\\/dutchmicrodosing.com\\\/it\\\/microdosaggio\\\/microdosingxp-20-pack\\\/#primaryimage\"},\"image\":{\"@id\":\"https:\\\/\\\/dutchmicrodosing.com\\\/it\\\/microdosaggio\\\/microdosingxp-20-pack\\\/#primaryimage\"},\"thumbnailUrl\":\"https:\\\/\\\/dutchmicrodosing.com\\\/wp-content\\\/uploads\\\/2022\\\/05\\\/20pack.jpg\",\"datePublished\":\"2022-05-23T16:40:53+00:00\",\"dateModified\":\"2025-09-08T11:52:55+00:00\",\"description\":\"I tartufi XP Microdosing sono prodotti da esperti con molti decenni di esperienza nella coltivazione di tartufi di psilocibina. La qualit\u00e0 del...\",\"breadcrumb\":{\"@id\":\"https:\\\/\\\/dutchmicrodosing.com\\\/it\\\/microdosaggio\\\/microdosingxp-20-pack\\\/#breadcrumb\"},\"inLanguage\":\"it-IT\",\"potentialAction\":[{\"@type\":\"ReadAction\",\"target\":[\"https:\\\/\\\/dutchmicrodosing.com\\\/it\\\/microdosaggio\\\/microdosingxp-20-pack\\\/\"]}]},{\"@type\":\"ImageObject\",\"inLanguage\":\"it-IT\",\"@id\":\"https:\\\/\\\/dutchmicrodosing.com\\\/it\\\/microdosaggio\\\/microdosingxp-20-pack\\\/#primaryimage\",\"url\":\"https:\\\/\\\/dutchmicrodosing.com\\\/wp-content\\\/uploads\\\/2022\\\/05\\\/20pack.jpg\",\"contentUrl\":\"https:\\\/\\\/dutchmicrodosing.com\\\/wp-content\\\/uploads\\\/2022\\\/05\\\/20pack.jpg\",\"width\":500,\"height\":500},{\"@type\":\"BreadcrumbList\",\"@id\":\"https:\\\/\\\/dutchmicrodosing.com\\\/it\\\/microdosaggio\\\/microdosingxp-20-pack\\\/#breadcrumb\",\"itemListElement\":[{\"@type\":\"ListItem\",\"position\":1,\"name\":\"Home\",\"item\":\"https:\\\/\\\/dutchmicrodosing.com\\\/it\\\/\"},{\"@type\":\"ListItem\",\"position\":2,\"name\":\"Negozio\",\"item\":\"https:\\\/\\\/dutchmicrodosing.com\\\/it\\\/negozio\\\/\"},{\"@type\":\"ListItem\",\"position\":3,\"name\":\"MicrodosingXP &#8211; confezione da 20 pezzi\"}]},{\"@type\":\"WebSite\",\"@id\":\"https:\\\/\\\/dutchmicrodosing.com\\\/it\\\/#website\",\"url\":\"https:\\\/\\\/dutchmicrodosing.com\\\/it\\\/\",\"name\":\"Dutchmicrodosing\",\"description\":\"\",\"publisher\":{\"@id\":\"https:\\\/\\\/dutchmicrodosing.com\\\/it\\\/#organization\"},\"potentialAction\":[{\"@type\":\"SearchAction\",\"target\":{\"@type\":\"EntryPoint\",\"urlTemplate\":\"https:\\\/\\\/dutchmicrodosing.com\\\/it\\\/?s={search_term_string}\"},\"query-input\":{\"@type\":\"PropertyValueSpecification\",\"valueRequired\":true,\"valueName\":\"search_term_string\"}}],\"inLanguage\":\"it-IT\"},{\"@type\":\"Organization\",\"@id\":\"https:\\\/\\\/dutchmicrodosing.com\\\/it\\\/#organization\",\"name\":\"Dutchmicrodosing\",\"url\":\"https:\\\/\\\/dutchmicrodosing.com\\\/it\\\/\",\"logo\":{\"@type\":\"ImageObject\",\"inLanguage\":\"it-IT\",\"@id\":\"https:\\\/\\\/dutchmicrodosing.com\\\/it\\\/#\\\/schema\\\/logo\\\/image\\\/\",\"url\":\"https:\\\/\\\/dutchmicrodosing.com\\\/wp-content\\\/uploads\\\/2021\\\/01\\\/microdosing-categorie-pic-nieuw.jpg\",\"contentUrl\":\"https:\\\/\\\/dutchmicrodosing.com\\\/wp-content\\\/uploads\\\/2021\\\/01\\\/microdosing-categorie-pic-nieuw.jpg\",\"width\":500,\"height\":500,\"caption\":\"Dutchmicrodosing\"},\"image\":{\"@id\":\"https:\\\/\\\/dutchmicrodosing.com\\\/it\\\/#\\\/schema\\\/logo\\\/image\\\/\"},\"sameAs\":[\"https:\\\/\\\/www.facebook.com\\\/Dutchmicrodosingxp\\\/\",\"https:\\\/\\\/www.instagram.com\\\/dutchmicrodosing\\\/\"]}]}<\/script>\n<meta property=\"product:price:amount\" content=\"99.95\" \/>\n<meta property=\"product:price:currency\" content=\"EUR\" \/>\n<meta property=\"og:availability\" content=\"instock\" \/>\n<meta property=\"product:availability\" content=\"instock\" \/>\n<meta property=\"product:retailer_item_id\" content=\"0210668\" \/>\n<meta property=\"product:condition\" content=\"new\" \/>\n<!-- \/ Yoast SEO Premium plugin. -->","yoast_head_json":{"title":"MicrodosingXP - confezione da 20 pezzi - Dutchmicrodosing","description":"I tartufi XP Microdosing sono prodotti da esperti con molti decenni di esperienza nella coltivazione di tartufi di psilocibina. La qualit\u00e0 del...","robots":{"index":"index","follow":"follow","max-snippet":"max-snippet:-1","max-image-preview":"max-image-preview:large","max-video-preview":"max-video-preview:-1"},"canonical":"https:\/\/dutchmicrodosing.com\/it\/microdosaggio\/microdosingxp-20-pack\/","og_locale":"it_IT","og_type":"article","og_title":"MicrodosingXP - confezione da 20 pezzi","og_description":"I tartufi XP Microdosing sono prodotti da esperti con molti decenni di esperienza nella coltivazione di tartufi di psilocibina. La qualit\u00e0 dei prodotti","og_url":"https:\/\/dutchmicrodosing.com\/it\/microdosaggio\/microdosingxp-20-pack\/","og_site_name":"Dutchmicrodosing","article_publisher":"https:\/\/www.facebook.com\/Dutchmicrodosingxp\/","article_modified_time":"2025-09-08T11:52:55+00:00","og_image":[{"width":500,"height":500,"url":"https:\/\/dutchmicrodosing.com\/wp-content\/uploads\/2022\/05\/20pack.jpg","type":"image\/jpeg"}],"twitter_card":"summary_large_image","schema":{"@context":"https:\/\/schema.org","@graph":[{"@type":"WebPage","@id":"https:\/\/dutchmicrodosing.com\/it\/microdosaggio\/microdosingxp-20-pack\/","url":"https:\/\/dutchmicrodosing.com\/it\/microdosaggio\/microdosingxp-20-pack\/","name":"MicrodosingXP - confezione da 20 pezzi - Dutchmicrodosing","isPartOf":{"@id":"https:\/\/dutchmicrodosing.com\/it\/#website"},"primaryImageOfPage":{"@id":"https:\/\/dutchmicrodosing.com\/it\/microdosaggio\/microdosingxp-20-pack\/#primaryimage"},"image":{"@id":"https:\/\/dutchmicrodosing.com\/it\/microdosaggio\/microdosingxp-20-pack\/#primaryimage"},"thumbnailUrl":"https:\/\/dutchmicrodosing.com\/wp-content\/uploads\/2022\/05\/20pack.jpg","datePublished":"2022-05-23T16:40:53+00:00","dateModified":"2025-09-08T11:52:55+00:00","description":"I tartufi XP Microdosing sono prodotti da esperti con molti decenni di esperienza nella coltivazione di tartufi di psilocibina. La qualit\u00e0 del...","breadcrumb":{"@id":"https:\/\/dutchmicrodosing.com\/it\/microdosaggio\/microdosingxp-20-pack\/#breadcrumb"},"inLanguage":"it-IT","potentialAction":[{"@type":"ReadAction","target":["https:\/\/dutchmicrodosing.com\/it\/microdosaggio\/microdosingxp-20-pack\/"]}]},{"@type":"ImageObject","inLanguage":"it-IT","@id":"https:\/\/dutchmicrodosing.com\/it\/microdosaggio\/microdosingxp-20-pack\/#primaryimage","url":"https:\/\/dutchmicrodosing.com\/wp-content\/uploads\/2022\/05\/20pack.jpg","contentUrl":"https:\/\/dutchmicrodosing.com\/wp-content\/uploads\/2022\/05\/20pack.jpg","width":500,"height":500},{"@type":"BreadcrumbList","@id":"https:\/\/dutchmicrodosing.com\/it\/microdosaggio\/microdosingxp-20-pack\/#breadcrumb","itemListElement":[{"@type":"ListItem","position":1,"name":"Home","item":"https:\/\/dutchmicrodosing.com\/it\/"},{"@type":"ListItem","position":2,"name":"Negozio","item":"https:\/\/dutchmicrodosing.com\/it\/negozio\/"},{"@type":"ListItem","position":3,"name":"MicrodosingXP &#8211; confezione da 20 pezzi"}]},{"@type":"WebSite","@id":"https:\/\/dutchmicrodosing.com\/it\/#website","url":"https:\/\/dutchmicrodosing.com\/it\/","name":"Dutchmicrodosing","description":"","publisher":{"@id":"https:\/\/dutchmicrodosing.com\/it\/#organization"},"potentialAction":[{"@type":"SearchAction","target":{"@type":"EntryPoint","urlTemplate":"https:\/\/dutchmicrodosing.com\/it\/?s={search_term_string}"},"query-input":{"@type":"PropertyValueSpecification","valueRequired":true,"valueName":"search_term_string"}}],"inLanguage":"it-IT"},{"@type":"Organization","@id":"https:\/\/dutchmicrodosing.com\/it\/#organization","name":"Dutchmicrodosing","url":"https:\/\/dutchmicrodosing.com\/it\/","logo":{"@type":"ImageObject","inLanguage":"it-IT","@id":"https:\/\/dutchmicrodosing.com\/it\/#\/schema\/logo\/image\/","url":"https:\/\/dutchmicrodosing.com\/wp-content\/uploads\/2021\/01\/microdosing-categorie-pic-nieuw.jpg","contentUrl":"https:\/\/dutchmicrodosing.com\/wp-content\/uploads\/2021\/01\/microdosing-categorie-pic-nieuw.jpg","width":500,"height":500,"caption":"Dutchmicrodosing"},"image":{"@id":"https:\/\/dutchmicrodosing.com\/it\/#\/schema\/logo\/image\/"},"sameAs":["https:\/\/www.facebook.com\/Dutchmicrodosingxp\/","https:\/\/www.instagram.com\/dutchmicrodosing\/"]}]},"product_price_amount":"99.95","product_price_currency":"EUR","og_availability":"instock","product_availability":"instock","product_retailer_item_id":"0210668","product_condition":"new"},"_links":{"self":[{"href":"https:\/\/dutchmicrodosing.com\/it\/wp-json\/wp\/v2\/product\/15753","targetHints":{"allow":["GET"]}}],"collection":[{"href":"https:\/\/dutchmicrodosing.com\/it\/wp-json\/wp\/v2\/product"}],"about":[{"href":"https:\/\/dutchmicrodosing.com\/it\/wp-json\/wp\/v2\/types\/product"}],"replies":[{"embeddable":true,"href":"https:\/\/dutchmicrodosing.com\/it\/wp-json\/wp\/v2\/comments?post=15753"}],"version-history":[{"count":0,"href":"https:\/\/dutchmicrodosing.com\/it\/wp-json\/wp\/v2\/product\/15753\/revisions"}],"wp:featuredmedia":[{"embeddable":true,"href":"https:\/\/dutchmicrodosing.com\/it\/wp-json\/wp\/v2\/media\/13845"}],"wp:attachment":[{"href":"https:\/\/dutchmicrodosing.com\/it\/wp-json\/wp\/v2\/media?parent=15753"}],"wp:term":[{"taxonomy":"product_brand","embeddable":true,"href":"https:\/\/dutchmicrodosing.com\/it\/wp-json\/wp\/v2\/product_brand?post=15753"},{"taxonomy":"product_cat","embeddable":true,"href":"https:\/\/dutchmicrodosing.com\/it\/wp-json\/wp\/v2\/product_cat?post=15753"},{"taxonomy":"product_tag","embeddable":true,"href":"https:\/\/dutchmicrodosing.com\/it\/wp-json\/wp\/v2\/product_tag?post=15753"}],"curies":[{"name":"wp","href":"https:\/\/api.w.org\/{rel}","templated":true}]}}