{"id":15755,"date":"2022-05-14T07:48:44","date_gmt":"2022-05-14T05:48:44","guid":{"rendered":"https:\/\/dutchmicrodosing.com\/shop\/senza-categoria\/tartufo-magico-kit-di-crescita-utopia\/"},"modified":"2026-04-21T16:54:45","modified_gmt":"2026-04-21T14:54:45","slug":"tartufo-magico-kit-di-crescita-utopia","status":"publish","type":"product","link":"https:\/\/dutchmicrodosing.com\/it\/tartufi-di-psilocibina\/tartufi-magici\/tartufo-magico-kit-di-crescita-utopia\/","title":{"rendered":"Kit di coltivazione per tartufi magici"},"content":{"rendered":"<p>Il <strong>Kit di coltivazione per tartufi magici<\/strong> \u00e8 stato sviluppato per chi sceglie consapevolmente un&#8217;esperienza con tartufi freschi e di qualit\u00e0. Riceverai un set pronto all&#8217;uso con tartufi magici freschi, subito pronti al momento della consegna. Puoi anche scegliere di lasciarli crescere ancora un po&#8217; per ottenere un raccolto maggiore.<\/p>\n<blockquote><p>Il Magic Truffle Growkit \u00e8 un kit di coltivazione pronto all&#8217;uso con tartufi vivi che possono essere utilizzati immediatamente o lasciati crescere ulteriormente per un raccolto pi\u00f9 abbondante. Questo offre flessibilit\u00e0 tra praticit\u00e0 e controllo sul processo di coltivazione.<\/p><\/blockquote>\n<p>Vuoi saperne di pi\u00f9 sui diversi tipi di tartufi e sulle loro propriet\u00e0? Scopri l&#8217;intera categoria <span style=\"text-decoration: underline; color: #1a20e8;\"><span style=\"color: #0000ff;\"><a style=\"color: #0000ff; text-decoration: underline;\" href=\"\/psilocybine-truffels\/magictruffels\/\">tartufi magici<\/a><\/span><\/span><\/p>\n<p>Puoi leggere ulteriori informazioni sui tartufi di psilocibina e sul loro uso tradizionale nella nostra guida: <span style=\"text-decoration: underline; color: #1a20e8;\"><a style=\"color: #1a20e8; text-decoration: underline;\" href=\"https:\/\/dutchmicrodosing.com\/it\/blog\/psilocibina-trufoli-un-magico-mondo-scoperto\/\">Tartufi di psilocibina: alla scoperta di un mondo magico<\/a><\/span><\/p>\n<h2>Scegli la tua variante<\/h2>\n<p>I tartufi magici Pandora sono disponibili in quattro varianti, ognuna con il proprio carattere:<\/p>\n<ul>\n<li>Atlantis \u2013 equilibrato e creativo<\/li>\n<li>Mexicana \u2013 delicato e accessibile<\/li>\n<li>Utopia \u2013 profondo e introspettivo<\/li>\n<li>Tampanensis \u2013 filosofico e illuminante<\/li>\n<\/ul>\n<p>Scegli la variante specifica che pi\u00f9 si adatta alle tue preferenze e alla tua esperienza.<\/p>\n<h2>Cosa sono i tartufi magici?<\/h2>\n<p>I tartufi magici (sclerozi) sono strutture sotterranee compatte che contengono naturalmente psilocibina. Questo set \u00e8 completamente pronto all&#8217;uso e non richiede esperienza di coltivazione o passaggi extra.<\/p>\n<h2>Esperienza ed effetti del kit di coltivazione per tartufi magici<\/h2>\n<p>L&#8217;esperienza dipende dalla variante scelta, dal dosaggio e dallo stato d&#8217;animo personale. Molti utenti sperimentano:<\/p>\n<ul>\n<li>Percezione visiva potenziata<\/li>\n<li>Esperienza musicale pi\u00f9 intensa<\/li>\n<li>Pensieri creativi o riflessivi<\/li>\n<li>Momenti di euforia<\/li>\n<\/ul>\n<p>L&#8217;effetto inizia mediamente dopo 30-45 minuti e dura spesso dalle 6 alle 8 ore. L&#8217;intensit\u00e0 dipende dalla quantit\u00e0, dal peso corporeo e dal tuo mindset.<\/p>\n<h2>Dosaggio<\/h2>\n<p>Inizia sempre con cautela, specialmente se non conosci ancora questa variante.<\/p>\n<ul>\n<li>Esperienza leggera<br \/>\n\u00b1 0,1 g per chilo di peso corporeo<\/li>\n<li>Esperienza moderata<br \/>\n\u00b1 0,13 \u2013 0,15 g per chilo<\/li>\n<li>Esperienza intensa<br \/>\n\u00b1 0,22 g per chilo<\/li>\n<\/ul>\n<p>Consumare preferibilmente a stomaco vuoto e in un ambiente tranquillo e sicuro.<\/p>\n<h2>Utilizzo<\/h2>\n<p>Estrai i tartufi dal contenitore, sciacquali delicatamente se necessario e tamponali per asciugarli. Puoi consumarli subito o conservarli in frigorifero per breve tempo.<\/p>\n<p>Se desideri un raccolto maggiore, puoi lasciare crescere il set chiuso per un massimo di un mese a temperatura ambiente, lontano dalla luce solare diretta.<\/p>\n<p>Il raccolto previsto \u00e8 tra i 40 e i 70 g, a seconda delle condizioni.<\/p>\n<h2>A chi \u00e8 adatto?<\/h2>\n<p>Questi tartufi sono spesso scelti da persone che:<\/p>\n<ul>\n<li>vogliono scegliere una variante specifica<\/li>\n<li>sono interessate a effetti visivi o creativi<\/li>\n<li>si prendono consapevolmente del tempo per l&#8217;introspezione<\/li>\n<li>vogliono vivere la musica o la natura pi\u00f9 intensamente<\/li>\n<\/ul>\n<h2>Informazioni importanti<\/h2>\n<p>Non utilizzare questo prodotto in combinazione con alcol o determinati farmaci. Non utilizzare durante la gravidanza o in caso di instabilit\u00e0 psichica. Non guidare dopo l&#8217;uso.<\/p>\n<h2>Contenuto<\/h2>\n<p>1 set con tartufi magici freschi<br \/>\n1 variante a scelta: Atlantis, Mexicana, Utopia o Tampanensis<br \/>\nRaccolto previsto: da 40 a 70 g<\/p>\n","protected":false},"excerpt":{"rendered":"<p>Il Kit di coltivazione per tartufi magici \u00e8 stato sviluppato per chi sceglie consapevolmente un&#8217;esperienza con tartufi freschi e di qualit\u00e0. Riceverai un set pronto all&#8217;uso con tartufi magici freschi, subito pronti al momento della consegna. Puoi anche scegliere di lasciarli crescere ancora un po&#8217; per ottenere un raccolto maggiore. Il Magic Truffle Growkit \u00e8 [&hellip;]<\/p>\n","protected":false},"featured_media":65119,"comment_status":"closed","ping_status":"closed","template":"","meta":[],"product_brand":[],"product_cat":[203],"product_tag":[],"class_list":{"0":"post-15755","1":"product","2":"type-product","3":"status-publish","4":"has-post-thumbnail","6":"product_cat-tartufi-magici","8":"first","9":"instock","10":"taxable","11":"shipping-taxable","12":"purchasable","13":"product-type-variable"},"yoast_head":"<!-- This site is optimized with the Yoast SEO Premium plugin v26.4 (Yoast SEO v27.4) - https:\/\/yoast.com\/product\/yoast-seo-premium-wordpress\/ -->\n<title>Kit di coltivazione per tartufi magici - Dutchmicrodosing<\/title>\n<meta name=\"description\" content=\"Vuoi coltivare i tuoi tartufi magici? I nostri kit di coltivazione per tartufi sono pronti all&#039;uso e disponibili in diverse varianti. adatto ai principianti.\" \/>\n<meta name=\"robots\" content=\"index, follow, max-snippet:-1, max-image-preview:large, max-video-preview:-1\" \/>\n<link rel=\"canonical\" href=\"https:\/\/dutchmicrodosing.com\/it\/tartufi-di-psilocibina\/tartufi-magici\/tartufo-magico-kit-di-crescita-utopia\/\" \/>\n<meta property=\"og:locale\" content=\"it_IT\" \/>\n<meta property=\"og:type\" content=\"article\" \/>\n<meta property=\"og:title\" content=\"Kit di coltivazione per tartufi magici\" \/>\n<meta property=\"og:description\" content=\"Il Kit di coltivazione per tartufi magici \u00e8 stato sviluppato per chi sceglie consapevolmente un&#039;esperienza con tartufi freschi e di qualit\u00e0. Riceverai un\" \/>\n<meta property=\"og:url\" content=\"https:\/\/dutchmicrodosing.com\/it\/tartufi-di-psilocibina\/tartufi-magici\/tartufo-magico-kit-di-crescita-utopia\/\" \/>\n<meta property=\"og:site_name\" content=\"Dutchmicrodosing\" \/>\n<meta property=\"article:publisher\" content=\"https:\/\/www.facebook.com\/Dutchmicrodosingxp\/\" \/>\n<meta property=\"article:modified_time\" content=\"2026-04-21T14:54:45+00:00\" \/>\n<meta property=\"og:image\" content=\"https:\/\/dutchmicrodosing.com\/wp-content\/uploads\/2022\/05\/b5271d66-c434-4cad-abdc-09b5ec1a50fc.png\" \/>\n\t<meta property=\"og:image:width\" content=\"1024\" \/>\n\t<meta property=\"og:image:height\" content=\"1024\" \/>\n\t<meta property=\"og:image:type\" content=\"image\/png\" \/>\n<meta name=\"twitter:card\" content=\"summary_large_image\" \/>\n<script type=\"application\/ld+json\" class=\"yoast-schema-graph\">{\"@context\":\"https:\\\/\\\/schema.org\",\"@graph\":[{\"@type\":\"WebPage\",\"@id\":\"https:\\\/\\\/dutchmicrodosing.com\\\/it\\\/tartufi-di-psilocibina\\\/tartufi-magici\\\/tartufo-magico-kit-di-crescita-utopia\\\/\",\"url\":\"https:\\\/\\\/dutchmicrodosing.com\\\/it\\\/tartufi-di-psilocibina\\\/tartufi-magici\\\/tartufo-magico-kit-di-crescita-utopia\\\/\",\"name\":\"Kit di coltivazione per tartufi magici - Dutchmicrodosing\",\"isPartOf\":{\"@id\":\"https:\\\/\\\/dutchmicrodosing.com\\\/it\\\/#website\"},\"primaryImageOfPage\":{\"@id\":\"https:\\\/\\\/dutchmicrodosing.com\\\/it\\\/tartufi-di-psilocibina\\\/tartufi-magici\\\/tartufo-magico-kit-di-crescita-utopia\\\/#primaryimage\"},\"image\":{\"@id\":\"https:\\\/\\\/dutchmicrodosing.com\\\/it\\\/tartufi-di-psilocibina\\\/tartufi-magici\\\/tartufo-magico-kit-di-crescita-utopia\\\/#primaryimage\"},\"thumbnailUrl\":\"https:\\\/\\\/dutchmicrodosing.com\\\/wp-content\\\/uploads\\\/2022\\\/05\\\/b5271d66-c434-4cad-abdc-09b5ec1a50fc.png\",\"datePublished\":\"2022-05-14T05:48:44+00:00\",\"dateModified\":\"2026-04-21T14:54:45+00:00\",\"description\":\"Vuoi coltivare i tuoi tartufi magici? I nostri kit di coltivazione per tartufi sono pronti all'uso e disponibili in diverse varianti. adatto ai principianti.\",\"breadcrumb\":{\"@id\":\"https:\\\/\\\/dutchmicrodosing.com\\\/it\\\/tartufi-di-psilocibina\\\/tartufi-magici\\\/tartufo-magico-kit-di-crescita-utopia\\\/#breadcrumb\"},\"inLanguage\":\"it-IT\",\"potentialAction\":[{\"@type\":\"ReadAction\",\"target\":[\"https:\\\/\\\/dutchmicrodosing.com\\\/it\\\/tartufi-di-psilocibina\\\/tartufi-magici\\\/tartufo-magico-kit-di-crescita-utopia\\\/\"]}]},{\"@type\":\"ImageObject\",\"inLanguage\":\"it-IT\",\"@id\":\"https:\\\/\\\/dutchmicrodosing.com\\\/it\\\/tartufi-di-psilocibina\\\/tartufi-magici\\\/tartufo-magico-kit-di-crescita-utopia\\\/#primaryimage\",\"url\":\"https:\\\/\\\/dutchmicrodosing.com\\\/wp-content\\\/uploads\\\/2022\\\/05\\\/b5271d66-c434-4cad-abdc-09b5ec1a50fc.png\",\"contentUrl\":\"https:\\\/\\\/dutchmicrodosing.com\\\/wp-content\\\/uploads\\\/2022\\\/05\\\/b5271d66-c434-4cad-abdc-09b5ec1a50fc.png\",\"width\":1024,\"height\":1024,\"caption\":\"Kit di coltivazione per tartufi magici\"},{\"@type\":\"BreadcrumbList\",\"@id\":\"https:\\\/\\\/dutchmicrodosing.com\\\/it\\\/tartufi-di-psilocibina\\\/tartufi-magici\\\/tartufo-magico-kit-di-crescita-utopia\\\/#breadcrumb\",\"itemListElement\":[{\"@type\":\"ListItem\",\"position\":1,\"name\":\"Home\",\"item\":\"https:\\\/\\\/dutchmicrodosing.com\\\/it\\\/\"},{\"@type\":\"ListItem\",\"position\":2,\"name\":\"Negozio\",\"item\":\"https:\\\/\\\/dutchmicrodosing.com\\\/it\\\/negozio\\\/\"},{\"@type\":\"ListItem\",\"position\":3,\"name\":\"Kit di coltivazione per tartufi magici\"}]},{\"@type\":\"WebSite\",\"@id\":\"https:\\\/\\\/dutchmicrodosing.com\\\/it\\\/#website\",\"url\":\"https:\\\/\\\/dutchmicrodosing.com\\\/it\\\/\",\"name\":\"Dutchmicrodosing\",\"description\":\"\",\"publisher\":{\"@id\":\"https:\\\/\\\/dutchmicrodosing.com\\\/it\\\/#organization\"},\"potentialAction\":[{\"@type\":\"SearchAction\",\"target\":{\"@type\":\"EntryPoint\",\"urlTemplate\":\"https:\\\/\\\/dutchmicrodosing.com\\\/it\\\/?s={search_term_string}\"},\"query-input\":{\"@type\":\"PropertyValueSpecification\",\"valueRequired\":true,\"valueName\":\"search_term_string\"}}],\"inLanguage\":\"it-IT\"},{\"@type\":\"Organization\",\"@id\":\"https:\\\/\\\/dutchmicrodosing.com\\\/it\\\/#organization\",\"name\":\"Dutchmicrodosing\",\"url\":\"https:\\\/\\\/dutchmicrodosing.com\\\/it\\\/\",\"logo\":{\"@type\":\"ImageObject\",\"inLanguage\":\"it-IT\",\"@id\":\"https:\\\/\\\/dutchmicrodosing.com\\\/it\\\/#\\\/schema\\\/logo\\\/image\\\/\",\"url\":\"https:\\\/\\\/dutchmicrodosing.com\\\/wp-content\\\/uploads\\\/2021\\\/01\\\/microdosing-categorie-pic-nieuw.jpg\",\"contentUrl\":\"https:\\\/\\\/dutchmicrodosing.com\\\/wp-content\\\/uploads\\\/2021\\\/01\\\/microdosing-categorie-pic-nieuw.jpg\",\"width\":500,\"height\":500,\"caption\":\"Dutchmicrodosing\"},\"image\":{\"@id\":\"https:\\\/\\\/dutchmicrodosing.com\\\/it\\\/#\\\/schema\\\/logo\\\/image\\\/\"},\"sameAs\":[\"https:\\\/\\\/www.facebook.com\\\/Dutchmicrodosingxp\\\/\",\"https:\\\/\\\/www.instagram.com\\\/dutchmicrodosing\\\/\"]}]}<\/script>\n<meta property=\"og:availability\" content=\"instock\" \/>\n<meta property=\"product:availability\" content=\"instock\" \/>\n<meta property=\"product:condition\" content=\"new\" \/>\n<!-- \/ Yoast SEO Premium plugin. -->","yoast_head_json":{"title":"Kit di coltivazione per tartufi magici - Dutchmicrodosing","description":"Vuoi coltivare i tuoi tartufi magici? I nostri kit di coltivazione per tartufi sono pronti all'uso e disponibili in diverse varianti. adatto ai principianti.","robots":{"index":"index","follow":"follow","max-snippet":"max-snippet:-1","max-image-preview":"max-image-preview:large","max-video-preview":"max-video-preview:-1"},"canonical":"https:\/\/dutchmicrodosing.com\/it\/tartufi-di-psilocibina\/tartufi-magici\/tartufo-magico-kit-di-crescita-utopia\/","og_locale":"it_IT","og_type":"article","og_title":"Kit di coltivazione per tartufi magici","og_description":"Il Kit di coltivazione per tartufi magici \u00e8 stato sviluppato per chi sceglie consapevolmente un'esperienza con tartufi freschi e di qualit\u00e0. Riceverai un","og_url":"https:\/\/dutchmicrodosing.com\/it\/tartufi-di-psilocibina\/tartufi-magici\/tartufo-magico-kit-di-crescita-utopia\/","og_site_name":"Dutchmicrodosing","article_publisher":"https:\/\/www.facebook.com\/Dutchmicrodosingxp\/","article_modified_time":"2026-04-21T14:54:45+00:00","og_image":[{"width":1024,"height":1024,"url":"https:\/\/dutchmicrodosing.com\/wp-content\/uploads\/2022\/05\/b5271d66-c434-4cad-abdc-09b5ec1a50fc.png","type":"image\/png"}],"twitter_card":"summary_large_image","schema":{"@context":"https:\/\/schema.org","@graph":[{"@type":"WebPage","@id":"https:\/\/dutchmicrodosing.com\/it\/tartufi-di-psilocibina\/tartufi-magici\/tartufo-magico-kit-di-crescita-utopia\/","url":"https:\/\/dutchmicrodosing.com\/it\/tartufi-di-psilocibina\/tartufi-magici\/tartufo-magico-kit-di-crescita-utopia\/","name":"Kit di coltivazione per tartufi magici - Dutchmicrodosing","isPartOf":{"@id":"https:\/\/dutchmicrodosing.com\/it\/#website"},"primaryImageOfPage":{"@id":"https:\/\/dutchmicrodosing.com\/it\/tartufi-di-psilocibina\/tartufi-magici\/tartufo-magico-kit-di-crescita-utopia\/#primaryimage"},"image":{"@id":"https:\/\/dutchmicrodosing.com\/it\/tartufi-di-psilocibina\/tartufi-magici\/tartufo-magico-kit-di-crescita-utopia\/#primaryimage"},"thumbnailUrl":"https:\/\/dutchmicrodosing.com\/wp-content\/uploads\/2022\/05\/b5271d66-c434-4cad-abdc-09b5ec1a50fc.png","datePublished":"2022-05-14T05:48:44+00:00","dateModified":"2026-04-21T14:54:45+00:00","description":"Vuoi coltivare i tuoi tartufi magici? I nostri kit di coltivazione per tartufi sono pronti all'uso e disponibili in diverse varianti. adatto ai principianti.","breadcrumb":{"@id":"https:\/\/dutchmicrodosing.com\/it\/tartufi-di-psilocibina\/tartufi-magici\/tartufo-magico-kit-di-crescita-utopia\/#breadcrumb"},"inLanguage":"it-IT","potentialAction":[{"@type":"ReadAction","target":["https:\/\/dutchmicrodosing.com\/it\/tartufi-di-psilocibina\/tartufi-magici\/tartufo-magico-kit-di-crescita-utopia\/"]}]},{"@type":"ImageObject","inLanguage":"it-IT","@id":"https:\/\/dutchmicrodosing.com\/it\/tartufi-di-psilocibina\/tartufi-magici\/tartufo-magico-kit-di-crescita-utopia\/#primaryimage","url":"https:\/\/dutchmicrodosing.com\/wp-content\/uploads\/2022\/05\/b5271d66-c434-4cad-abdc-09b5ec1a50fc.png","contentUrl":"https:\/\/dutchmicrodosing.com\/wp-content\/uploads\/2022\/05\/b5271d66-c434-4cad-abdc-09b5ec1a50fc.png","width":1024,"height":1024,"caption":"Kit di coltivazione per tartufi magici"},{"@type":"BreadcrumbList","@id":"https:\/\/dutchmicrodosing.com\/it\/tartufi-di-psilocibina\/tartufi-magici\/tartufo-magico-kit-di-crescita-utopia\/#breadcrumb","itemListElement":[{"@type":"ListItem","position":1,"name":"Home","item":"https:\/\/dutchmicrodosing.com\/it\/"},{"@type":"ListItem","position":2,"name":"Negozio","item":"https:\/\/dutchmicrodosing.com\/it\/negozio\/"},{"@type":"ListItem","position":3,"name":"Kit di coltivazione per tartufi magici"}]},{"@type":"WebSite","@id":"https:\/\/dutchmicrodosing.com\/it\/#website","url":"https:\/\/dutchmicrodosing.com\/it\/","name":"Dutchmicrodosing","description":"","publisher":{"@id":"https:\/\/dutchmicrodosing.com\/it\/#organization"},"potentialAction":[{"@type":"SearchAction","target":{"@type":"EntryPoint","urlTemplate":"https:\/\/dutchmicrodosing.com\/it\/?s={search_term_string}"},"query-input":{"@type":"PropertyValueSpecification","valueRequired":true,"valueName":"search_term_string"}}],"inLanguage":"it-IT"},{"@type":"Organization","@id":"https:\/\/dutchmicrodosing.com\/it\/#organization","name":"Dutchmicrodosing","url":"https:\/\/dutchmicrodosing.com\/it\/","logo":{"@type":"ImageObject","inLanguage":"it-IT","@id":"https:\/\/dutchmicrodosing.com\/it\/#\/schema\/logo\/image\/","url":"https:\/\/dutchmicrodosing.com\/wp-content\/uploads\/2021\/01\/microdosing-categorie-pic-nieuw.jpg","contentUrl":"https:\/\/dutchmicrodosing.com\/wp-content\/uploads\/2021\/01\/microdosing-categorie-pic-nieuw.jpg","width":500,"height":500,"caption":"Dutchmicrodosing"},"image":{"@id":"https:\/\/dutchmicrodosing.com\/it\/#\/schema\/logo\/image\/"},"sameAs":["https:\/\/www.facebook.com\/Dutchmicrodosingxp\/","https:\/\/www.instagram.com\/dutchmicrodosing\/"]}]},"og_availability":"instock","product_availability":"instock","product_condition":"new"},"_links":{"self":[{"href":"https:\/\/dutchmicrodosing.com\/it\/wp-json\/wp\/v2\/product\/15755","targetHints":{"allow":["GET"]}}],"collection":[{"href":"https:\/\/dutchmicrodosing.com\/it\/wp-json\/wp\/v2\/product"}],"about":[{"href":"https:\/\/dutchmicrodosing.com\/it\/wp-json\/wp\/v2\/types\/product"}],"replies":[{"embeddable":true,"href":"https:\/\/dutchmicrodosing.com\/it\/wp-json\/wp\/v2\/comments?post=15755"}],"version-history":[{"count":2,"href":"https:\/\/dutchmicrodosing.com\/it\/wp-json\/wp\/v2\/product\/15755\/revisions"}],"predecessor-version":[{"id":65464,"href":"https:\/\/dutchmicrodosing.com\/it\/wp-json\/wp\/v2\/product\/15755\/revisions\/65464"}],"wp:featuredmedia":[{"embeddable":true,"href":"https:\/\/dutchmicrodosing.com\/it\/wp-json\/wp\/v2\/media\/65119"}],"wp:attachment":[{"href":"https:\/\/dutchmicrodosing.com\/it\/wp-json\/wp\/v2\/media?parent=15755"}],"wp:term":[{"taxonomy":"product_brand","embeddable":true,"href":"https:\/\/dutchmicrodosing.com\/it\/wp-json\/wp\/v2\/product_brand?post=15755"},{"taxonomy":"product_cat","embeddable":true,"href":"https:\/\/dutchmicrodosing.com\/it\/wp-json\/wp\/v2\/product_cat?post=15755"},{"taxonomy":"product_tag","embeddable":true,"href":"https:\/\/dutchmicrodosing.com\/it\/wp-json\/wp\/v2\/product_tag?post=15755"}],"curies":[{"name":"wp","href":"https:\/\/api.w.org\/{rel}","templated":true}]}}