{"id":15772,"date":"2022-05-10T08:54:20","date_gmt":"2022-09-16T12:54:14","guid":{"rendered":"https:\/\/dutchmicrodosing.com\/shop\/senza-categoria\/microdosing-pajaritos\/"},"modified":"2025-03-26T14:06:41","modified_gmt":"2025-03-26T13:06:41","slug":"microdosing-pajaritos","status":"publish","type":"product","link":"https:\/\/dutchmicrodosing.com\/it\/microdosaggio\/microdosing-pajaritos\/","title":{"rendered":"Microdosaggio di Pajaritos"},"content":{"rendered":"<p>Nel mondo del microdosaggio, i tartufi Mondo Pajaritos sono noti per la loro qualit\u00e0 e consistenza. Il microdosaggio consiste nell&#8217;ingestione regolare di quantit\u00e0 estremamente ridotte di sostanze psicoattive, con l&#8217;obiettivo di migliorare le funzioni cognitive, la creativit\u00e0 e il benessere generale senza avvertire effetti psicotropi. Sul retro della confezione sono riportati 4 diversi schemi di assunzione, in modo da avere un protocollo adatto a ogni persona. Il <strong>microdosaggio Mondo Pajaritos<\/strong> contiene tartufi di alta qualit\u00e0 accuratamente selezionati. La confezione contiene 10 bustine da 1 grammo, in modo da poterne consumare una quantit\u00e0 esattamente sufficiente.<\/p>\n<h3>Vantaggi del microdosaggio:<\/h3>\n<ul>\n<li>Meno ansia e stress<\/li>\n<li>Miglioramento della concentrazione e dell&#8217;attenzione<\/li>\n<li>  Creativit\u00e0 potenziata<\/li>\n<li>  Abbandonare altre (cattive) abitudini<\/li>\n<\/ul>\n<h3>Consigli per lo stoccaggio<\/h3>\n<p>Conservate i tartufi Mondo Microdosing in frigorifero a una temperatura compresa tra 2 e 4 gradi. Assicuratevi di controllare la data di scadenza riportata sulla confezione per vedere quanto tempo si conservano.<\/p>\n<h3>Contenuto<\/h3>\n<p>10 bustine da 1 g sottovuoto.<\/p>\n<h3>IMPORTANTE<\/h3>\n<p>Non utilizzare i tartufi Mondo Microdosing:<\/p>\n<ul>\n<li>In combinazione con alcol o altre droghe<\/li>\n<li>In caso di gravidanza o allattamento<\/li>\n<li>In combinazione con il carbonato di litio<\/li>\n<li>Nel caso di un disturbo e\/o malattia mentale o fisica<\/li>\n<li>In caso di daltonismo<\/li>\n<\/ul>\n","protected":false},"excerpt":{"rendered":"<p>Nel mondo del microdosaggio, i tartufi Mondo Pajaritos sono noti per la loro qualit\u00e0 e consistenza. Il microdosaggio consiste nell&#8217;ingestione regolare di quantit\u00e0 estremamente ridotte di sostanze psicoattive, con l&#8217;obiettivo di migliorare le funzioni cognitive, la creativit\u00e0 e il benessere generale senza avvertire effetti psicotropi. Sul retro della confezione sono riportati 4 diversi schemi di [&hellip;]<\/p>\n","protected":false},"featured_media":13073,"comment_status":"closed","ping_status":"closed","template":"","meta":[],"product_brand":[],"product_cat":[174,318],"product_tag":[],"class_list":{"0":"post-15772","1":"product","2":"type-product","3":"status-publish","4":"has-post-thumbnail","6":"product_cat-microdosaggio","7":"product_cat-integratori-per-la-creativita","9":"first","10":"outofstock","11":"taxable","12":"shipping-taxable","13":"purchasable","14":"product-type-simple"},"yoast_head":"<!-- This site is optimized with the Yoast SEO Premium plugin v26.4 (Yoast SEO v27.4) - https:\/\/yoast.com\/product\/yoast-seo-premium-wordpress\/ -->\n<title>Microdosaggio di Pajaritos - Dutchmicrodosing<\/title>\n<meta name=\"robots\" content=\"index, follow, max-snippet:-1, max-image-preview:large, max-video-preview:-1\" \/>\n<link rel=\"canonical\" href=\"https:\/\/dutchmicrodosing.com\/it\/microdosaggio\/microdosing-pajaritos\/\" \/>\n<meta property=\"og:locale\" content=\"it_IT\" \/>\n<meta property=\"og:type\" content=\"article\" \/>\n<meta property=\"og:title\" content=\"Microdosaggio di Pajaritos\" \/>\n<meta property=\"og:description\" content=\"Nel mondo del microdosaggio, i tartufi Mondo Pajaritos sono noti per la loro qualit\u00e0 e consistenza. Il microdosaggio consiste nell&#039;ingestione regolare di\" \/>\n<meta property=\"og:url\" content=\"https:\/\/dutchmicrodosing.com\/it\/microdosaggio\/microdosing-pajaritos\/\" \/>\n<meta property=\"og:site_name\" content=\"Dutchmicrodosing\" \/>\n<meta property=\"article:publisher\" content=\"https:\/\/www.facebook.com\/Dutchmicrodosingxp\/\" \/>\n<meta property=\"article:modified_time\" content=\"2025-03-26T13:06:41+00:00\" \/>\n<meta property=\"og:image\" content=\"https:\/\/dutchmicrodosing.com\/wp-content\/uploads\/2022\/05\/Mondo-Microdosing-Mockup-Pajaritos.png\" \/>\n\t<meta property=\"og:image:width\" content=\"2560\" \/>\n\t<meta property=\"og:image:height\" content=\"1942\" \/>\n\t<meta property=\"og:image:type\" content=\"image\/png\" \/>\n<meta name=\"twitter:card\" content=\"summary_large_image\" \/>\n<script type=\"application\/ld+json\" class=\"yoast-schema-graph\">{\"@context\":\"https:\\\/\\\/schema.org\",\"@graph\":[{\"@type\":\"WebPage\",\"@id\":\"https:\\\/\\\/dutchmicrodosing.com\\\/it\\\/microdosaggio\\\/microdosing-pajaritos\\\/\",\"url\":\"https:\\\/\\\/dutchmicrodosing.com\\\/it\\\/microdosaggio\\\/microdosing-pajaritos\\\/\",\"name\":\"Microdosaggio di Pajaritos - Dutchmicrodosing\",\"isPartOf\":{\"@id\":\"https:\\\/\\\/dutchmicrodosing.com\\\/it\\\/#website\"},\"primaryImageOfPage\":{\"@id\":\"https:\\\/\\\/dutchmicrodosing.com\\\/it\\\/microdosaggio\\\/microdosing-pajaritos\\\/#primaryimage\"},\"image\":{\"@id\":\"https:\\\/\\\/dutchmicrodosing.com\\\/it\\\/microdosaggio\\\/microdosing-pajaritos\\\/#primaryimage\"},\"thumbnailUrl\":\"https:\\\/\\\/dutchmicrodosing.com\\\/wp-content\\\/uploads\\\/2022\\\/05\\\/Mondo-Microdosing-Mockup-Pajaritos.png\",\"datePublished\":\"2022-09-16T12:54:14+00:00\",\"dateModified\":\"2025-03-26T13:06:41+00:00\",\"breadcrumb\":{\"@id\":\"https:\\\/\\\/dutchmicrodosing.com\\\/it\\\/microdosaggio\\\/microdosing-pajaritos\\\/#breadcrumb\"},\"inLanguage\":\"it-IT\",\"potentialAction\":[{\"@type\":\"ReadAction\",\"target\":[\"https:\\\/\\\/dutchmicrodosing.com\\\/it\\\/microdosaggio\\\/microdosing-pajaritos\\\/\"]}]},{\"@type\":\"ImageObject\",\"inLanguage\":\"it-IT\",\"@id\":\"https:\\\/\\\/dutchmicrodosing.com\\\/it\\\/microdosaggio\\\/microdosing-pajaritos\\\/#primaryimage\",\"url\":\"https:\\\/\\\/dutchmicrodosing.com\\\/wp-content\\\/uploads\\\/2022\\\/05\\\/Mondo-Microdosing-Mockup-Pajaritos.png\",\"contentUrl\":\"https:\\\/\\\/dutchmicrodosing.com\\\/wp-content\\\/uploads\\\/2022\\\/05\\\/Mondo-Microdosing-Mockup-Pajaritos.png\",\"width\":2560,\"height\":1942},{\"@type\":\"BreadcrumbList\",\"@id\":\"https:\\\/\\\/dutchmicrodosing.com\\\/it\\\/microdosaggio\\\/microdosing-pajaritos\\\/#breadcrumb\",\"itemListElement\":[{\"@type\":\"ListItem\",\"position\":1,\"name\":\"Home\",\"item\":\"https:\\\/\\\/dutchmicrodosing.com\\\/it\\\/\"},{\"@type\":\"ListItem\",\"position\":2,\"name\":\"Negozio\",\"item\":\"https:\\\/\\\/dutchmicrodosing.com\\\/it\\\/negozio\\\/\"},{\"@type\":\"ListItem\",\"position\":3,\"name\":\"Microdosaggio di Pajaritos\"}]},{\"@type\":\"WebSite\",\"@id\":\"https:\\\/\\\/dutchmicrodosing.com\\\/it\\\/#website\",\"url\":\"https:\\\/\\\/dutchmicrodosing.com\\\/it\\\/\",\"name\":\"Dutchmicrodosing\",\"description\":\"\",\"publisher\":{\"@id\":\"https:\\\/\\\/dutchmicrodosing.com\\\/it\\\/#organization\"},\"potentialAction\":[{\"@type\":\"SearchAction\",\"target\":{\"@type\":\"EntryPoint\",\"urlTemplate\":\"https:\\\/\\\/dutchmicrodosing.com\\\/it\\\/?s={search_term_string}\"},\"query-input\":{\"@type\":\"PropertyValueSpecification\",\"valueRequired\":true,\"valueName\":\"search_term_string\"}}],\"inLanguage\":\"it-IT\"},{\"@type\":\"Organization\",\"@id\":\"https:\\\/\\\/dutchmicrodosing.com\\\/it\\\/#organization\",\"name\":\"Dutchmicrodosing\",\"url\":\"https:\\\/\\\/dutchmicrodosing.com\\\/it\\\/\",\"logo\":{\"@type\":\"ImageObject\",\"inLanguage\":\"it-IT\",\"@id\":\"https:\\\/\\\/dutchmicrodosing.com\\\/it\\\/#\\\/schema\\\/logo\\\/image\\\/\",\"url\":\"https:\\\/\\\/dutchmicrodosing.com\\\/wp-content\\\/uploads\\\/2021\\\/01\\\/microdosing-categorie-pic-nieuw.jpg\",\"contentUrl\":\"https:\\\/\\\/dutchmicrodosing.com\\\/wp-content\\\/uploads\\\/2021\\\/01\\\/microdosing-categorie-pic-nieuw.jpg\",\"width\":500,\"height\":500,\"caption\":\"Dutchmicrodosing\"},\"image\":{\"@id\":\"https:\\\/\\\/dutchmicrodosing.com\\\/it\\\/#\\\/schema\\\/logo\\\/image\\\/\"},\"sameAs\":[\"https:\\\/\\\/www.facebook.com\\\/Dutchmicrodosingxp\\\/\",\"https:\\\/\\\/www.instagram.com\\\/dutchmicrodosing\\\/\"]}]}<\/script>\n<meta property=\"product:price:amount\" content=\"14.95\" \/>\n<meta property=\"product:price:currency\" content=\"EUR\" \/>\n<meta property=\"og:availability\" content=\"out of stock\" \/>\n<meta property=\"product:availability\" content=\"out of stock\" \/>\n<meta property=\"product:retailer_item_id\" content=\"2205456\" \/>\n<meta property=\"product:condition\" content=\"new\" \/>\n<!-- \/ Yoast SEO Premium plugin. -->","yoast_head_json":{"title":"Microdosaggio di Pajaritos - Dutchmicrodosing","robots":{"index":"index","follow":"follow","max-snippet":"max-snippet:-1","max-image-preview":"max-image-preview:large","max-video-preview":"max-video-preview:-1"},"canonical":"https:\/\/dutchmicrodosing.com\/it\/microdosaggio\/microdosing-pajaritos\/","og_locale":"it_IT","og_type":"article","og_title":"Microdosaggio di Pajaritos","og_description":"Nel mondo del microdosaggio, i tartufi Mondo Pajaritos sono noti per la loro qualit\u00e0 e consistenza. Il microdosaggio consiste nell'ingestione regolare di","og_url":"https:\/\/dutchmicrodosing.com\/it\/microdosaggio\/microdosing-pajaritos\/","og_site_name":"Dutchmicrodosing","article_publisher":"https:\/\/www.facebook.com\/Dutchmicrodosingxp\/","article_modified_time":"2025-03-26T13:06:41+00:00","og_image":[{"width":2560,"height":1942,"url":"https:\/\/dutchmicrodosing.com\/wp-content\/uploads\/2022\/05\/Mondo-Microdosing-Mockup-Pajaritos.png","type":"image\/png"}],"twitter_card":"summary_large_image","schema":{"@context":"https:\/\/schema.org","@graph":[{"@type":"WebPage","@id":"https:\/\/dutchmicrodosing.com\/it\/microdosaggio\/microdosing-pajaritos\/","url":"https:\/\/dutchmicrodosing.com\/it\/microdosaggio\/microdosing-pajaritos\/","name":"Microdosaggio di Pajaritos - Dutchmicrodosing","isPartOf":{"@id":"https:\/\/dutchmicrodosing.com\/it\/#website"},"primaryImageOfPage":{"@id":"https:\/\/dutchmicrodosing.com\/it\/microdosaggio\/microdosing-pajaritos\/#primaryimage"},"image":{"@id":"https:\/\/dutchmicrodosing.com\/it\/microdosaggio\/microdosing-pajaritos\/#primaryimage"},"thumbnailUrl":"https:\/\/dutchmicrodosing.com\/wp-content\/uploads\/2022\/05\/Mondo-Microdosing-Mockup-Pajaritos.png","datePublished":"2022-09-16T12:54:14+00:00","dateModified":"2025-03-26T13:06:41+00:00","breadcrumb":{"@id":"https:\/\/dutchmicrodosing.com\/it\/microdosaggio\/microdosing-pajaritos\/#breadcrumb"},"inLanguage":"it-IT","potentialAction":[{"@type":"ReadAction","target":["https:\/\/dutchmicrodosing.com\/it\/microdosaggio\/microdosing-pajaritos\/"]}]},{"@type":"ImageObject","inLanguage":"it-IT","@id":"https:\/\/dutchmicrodosing.com\/it\/microdosaggio\/microdosing-pajaritos\/#primaryimage","url":"https:\/\/dutchmicrodosing.com\/wp-content\/uploads\/2022\/05\/Mondo-Microdosing-Mockup-Pajaritos.png","contentUrl":"https:\/\/dutchmicrodosing.com\/wp-content\/uploads\/2022\/05\/Mondo-Microdosing-Mockup-Pajaritos.png","width":2560,"height":1942},{"@type":"BreadcrumbList","@id":"https:\/\/dutchmicrodosing.com\/it\/microdosaggio\/microdosing-pajaritos\/#breadcrumb","itemListElement":[{"@type":"ListItem","position":1,"name":"Home","item":"https:\/\/dutchmicrodosing.com\/it\/"},{"@type":"ListItem","position":2,"name":"Negozio","item":"https:\/\/dutchmicrodosing.com\/it\/negozio\/"},{"@type":"ListItem","position":3,"name":"Microdosaggio di Pajaritos"}]},{"@type":"WebSite","@id":"https:\/\/dutchmicrodosing.com\/it\/#website","url":"https:\/\/dutchmicrodosing.com\/it\/","name":"Dutchmicrodosing","description":"","publisher":{"@id":"https:\/\/dutchmicrodosing.com\/it\/#organization"},"potentialAction":[{"@type":"SearchAction","target":{"@type":"EntryPoint","urlTemplate":"https:\/\/dutchmicrodosing.com\/it\/?s={search_term_string}"},"query-input":{"@type":"PropertyValueSpecification","valueRequired":true,"valueName":"search_term_string"}}],"inLanguage":"it-IT"},{"@type":"Organization","@id":"https:\/\/dutchmicrodosing.com\/it\/#organization","name":"Dutchmicrodosing","url":"https:\/\/dutchmicrodosing.com\/it\/","logo":{"@type":"ImageObject","inLanguage":"it-IT","@id":"https:\/\/dutchmicrodosing.com\/it\/#\/schema\/logo\/image\/","url":"https:\/\/dutchmicrodosing.com\/wp-content\/uploads\/2021\/01\/microdosing-categorie-pic-nieuw.jpg","contentUrl":"https:\/\/dutchmicrodosing.com\/wp-content\/uploads\/2021\/01\/microdosing-categorie-pic-nieuw.jpg","width":500,"height":500,"caption":"Dutchmicrodosing"},"image":{"@id":"https:\/\/dutchmicrodosing.com\/it\/#\/schema\/logo\/image\/"},"sameAs":["https:\/\/www.facebook.com\/Dutchmicrodosingxp\/","https:\/\/www.instagram.com\/dutchmicrodosing\/"]}]},"product_price_amount":"14.95","product_price_currency":"EUR","og_availability":"out of stock","product_availability":"out of stock","product_retailer_item_id":"2205456","product_condition":"new"},"_links":{"self":[{"href":"https:\/\/dutchmicrodosing.com\/it\/wp-json\/wp\/v2\/product\/15772","targetHints":{"allow":["GET"]}}],"collection":[{"href":"https:\/\/dutchmicrodosing.com\/it\/wp-json\/wp\/v2\/product"}],"about":[{"href":"https:\/\/dutchmicrodosing.com\/it\/wp-json\/wp\/v2\/types\/product"}],"replies":[{"embeddable":true,"href":"https:\/\/dutchmicrodosing.com\/it\/wp-json\/wp\/v2\/comments?post=15772"}],"version-history":[{"count":0,"href":"https:\/\/dutchmicrodosing.com\/it\/wp-json\/wp\/v2\/product\/15772\/revisions"}],"wp:featuredmedia":[{"embeddable":true,"href":"https:\/\/dutchmicrodosing.com\/it\/wp-json\/wp\/v2\/media\/13073"}],"wp:attachment":[{"href":"https:\/\/dutchmicrodosing.com\/it\/wp-json\/wp\/v2\/media?parent=15772"}],"wp:term":[{"taxonomy":"product_brand","embeddable":true,"href":"https:\/\/dutchmicrodosing.com\/it\/wp-json\/wp\/v2\/product_brand?post=15772"},{"taxonomy":"product_cat","embeddable":true,"href":"https:\/\/dutchmicrodosing.com\/it\/wp-json\/wp\/v2\/product_cat?post=15772"},{"taxonomy":"product_tag","embeddable":true,"href":"https:\/\/dutchmicrodosing.com\/it\/wp-json\/wp\/v2\/product_tag?post=15772"}],"curies":[{"name":"wp","href":"https:\/\/api.w.org\/{rel}","templated":true}]}}