{"id":15776,"date":"2022-04-22T12:11:34","date_gmt":"2022-04-22T10:11:34","guid":{"rendered":"https:\/\/dutchmicrodosing.com\/shop\/senza-categoria\/estratto-di-reishi-30ml\/"},"modified":"2025-10-31T00:26:51","modified_gmt":"2025-10-30T23:26:51","slug":"estratto-di-reishi-30ml","status":"publish","type":"product","link":"https:\/\/dutchmicrodosing.com\/it\/funghi-medicinali\/estratto-di-reishi-30ml\/","title":{"rendered":"Estratto di Reishi 30ml"},"content":{"rendered":"<p>Il fungo medicinale Reishi \u00e8 chiamato anche fungo dell&#8217;immortalit\u00e0 e viene utilizzato nella medicina cinese da oltre 2.000 anni. All&#8217;epoca si riteneva che il fungo Reishi avesse effetti anti-invecchiamento e quindi fosse anche un simbolo di buona fortuna. Questo estratto \u00e8 quindi realizzato come estratto dei corpi fruttiferi del fungo medicinale dell&#8217;immortalit\u00e0. La concentrazione nell&#8217;estratto \u00e8 particolarmente elevata, con un rapporto fino a 8:1. Foodspores ha quindi sviluppato questo estratto come integratore della dieta quotidiana ricca di polisaccaridi.<\/p>\n<h2>Ingredienti<\/h2>\n<p>Per 10 gocce:<\/p>\n<ul>\n<li>Reishi 500 mg<\/li>\n<li>Vitamina B6 225\u03bcg<\/li>\n<li>Alcool<\/li>\n<\/ul>\n<h2>Utilizzo<\/h2>\n<p>Adatto solo agli adulti. Non prendere pi\u00f9 di 3 x 10 gocce al giorno.<\/p>\n<h2>Possibili effetti<\/h2>\n<ul>\n<li>Un&#8217;aggiunta positiva per il tbv. buona resistenza<\/li>\n<li>Supporto del sistema immunitario<\/li>\n<li>Attiva e regola l&#8217;energia naturale dell&#8217;organismo<\/li>\n<li>Sostiene e aiuta la produzione di globuli rossi<\/li>\n<li>Per mantenere il normale metabolismo dell&#8217;omocisteina<\/li>\n<\/ul>\n<h2>Consigli per lo stoccaggio<\/h2>\n<p>Conservare questo prodotto in un luogo fresco e buio (15\u00b0C- 20\u00b0C) come un armadio della cucina e fuori dalla portata dei bambini.<\/p>\n<h2>Contenuto<\/h2>\n<p>Estratto di fungo Reishi (spore alimentari) &#8211; 30ml.<\/p>\n<h2>Nota!<\/h2>\n<p>Questo integratore alimentare non \u00e8 adatto ai bambini fino a 10 anni (dichiarazione richiesta dalla legge per i prodotti contenenti pi\u00f9 di 5 mg di vitamina B6 per dose giornaliera). L&#8217;uso quotidiano a lungo termine di questa quantit\u00e0 di vitamina B6 pu\u00f2 causare un lieve formicolio o intorpidimento degli arti.<\/p>\n","protected":false},"excerpt":{"rendered":"<p>Il fungo medicinale Reishi \u00e8 chiamato anche fungo dell&#8217;immortalit\u00e0 e viene utilizzato nella medicina cinese da oltre 2.000 anni. All&#8217;epoca si riteneva che il fungo Reishi avesse effetti anti-invecchiamento e quindi fosse anche un simbolo di buona fortuna. Questo estratto \u00e8 quindi realizzato come estratto dei corpi fruttiferi del fungo medicinale dell&#8217;immortalit\u00e0. La concentrazione nell&#8217;estratto [&hellip;]<\/p>\n","protected":false},"featured_media":12864,"comment_status":"closed","ping_status":"closed","template":"","meta":[],"product_brand":[],"product_cat":[175,295,296],"product_tag":[],"class_list":{"0":"post-15776","1":"product","2":"type-product","3":"status-publish","4":"has-post-thumbnail","6":"product_cat-funghi-medicinali","7":"product_cat-integratori-energetici","8":"product_cat-integratori-per-il-sistema-immunitario","10":"first","11":"instock","12":"taxable","13":"shipping-taxable","14":"purchasable","15":"product-type-simple"},"yoast_head":"<!-- This site is optimized with the Yoast SEO Premium plugin v26.4 (Yoast SEO v27.4) - https:\/\/yoast.com\/product\/yoast-seo-premium-wordpress\/ -->\n<title>Estratto di Reishi 30ml - Dutchmicrodosing<\/title>\n<meta name=\"robots\" content=\"index, follow, max-snippet:-1, max-image-preview:large, max-video-preview:-1\" \/>\n<link rel=\"canonical\" href=\"https:\/\/dutchmicrodosing.com\/it\/funghi-medicinali\/estratto-di-reishi-30ml\/\" \/>\n<meta property=\"og:locale\" content=\"it_IT\" \/>\n<meta property=\"og:type\" content=\"article\" \/>\n<meta property=\"og:title\" content=\"Estratto di Reishi 30ml\" \/>\n<meta property=\"og:description\" content=\"Il fungo medicinale Reishi \u00e8 chiamato anche fungo dell&#039;immortalit\u00e0 e viene utilizzato nella medicina cinese da oltre 2.000 anni. All&#039;epoca si riteneva che\" \/>\n<meta property=\"og:url\" content=\"https:\/\/dutchmicrodosing.com\/it\/funghi-medicinali\/estratto-di-reishi-30ml\/\" \/>\n<meta property=\"og:site_name\" content=\"Dutchmicrodosing\" \/>\n<meta property=\"article:publisher\" content=\"https:\/\/www.facebook.com\/Dutchmicrodosingxp\/\" \/>\n<meta property=\"article:modified_time\" content=\"2025-10-30T23:26:51+00:00\" \/>\n<meta property=\"og:image\" content=\"https:\/\/dutchmicrodosing.com\/wp-content\/uploads\/2022\/04\/Foodsporen_DropperBox_Reishi_WhiteBG_Square-600x601-1.jpg\" \/>\n\t<meta property=\"og:image:width\" content=\"600\" \/>\n\t<meta property=\"og:image:height\" content=\"601\" \/>\n\t<meta property=\"og:image:type\" content=\"image\/jpeg\" \/>\n<meta name=\"twitter:card\" content=\"summary_large_image\" \/>\n<script type=\"application\/ld+json\" class=\"yoast-schema-graph\">{\"@context\":\"https:\\\/\\\/schema.org\",\"@graph\":[{\"@type\":\"WebPage\",\"@id\":\"https:\\\/\\\/dutchmicrodosing.com\\\/it\\\/funghi-medicinali\\\/estratto-di-reishi-30ml\\\/\",\"url\":\"https:\\\/\\\/dutchmicrodosing.com\\\/it\\\/funghi-medicinali\\\/estratto-di-reishi-30ml\\\/\",\"name\":\"Estratto di Reishi 30ml - Dutchmicrodosing\",\"isPartOf\":{\"@id\":\"https:\\\/\\\/dutchmicrodosing.com\\\/it\\\/#website\"},\"primaryImageOfPage\":{\"@id\":\"https:\\\/\\\/dutchmicrodosing.com\\\/it\\\/funghi-medicinali\\\/estratto-di-reishi-30ml\\\/#primaryimage\"},\"image\":{\"@id\":\"https:\\\/\\\/dutchmicrodosing.com\\\/it\\\/funghi-medicinali\\\/estratto-di-reishi-30ml\\\/#primaryimage\"},\"thumbnailUrl\":\"https:\\\/\\\/dutchmicrodosing.com\\\/wp-content\\\/uploads\\\/2022\\\/04\\\/Foodsporen_DropperBox_Reishi_WhiteBG_Square-600x601-1.jpg\",\"datePublished\":\"2022-04-22T10:11:34+00:00\",\"dateModified\":\"2025-10-30T23:26:51+00:00\",\"breadcrumb\":{\"@id\":\"https:\\\/\\\/dutchmicrodosing.com\\\/it\\\/funghi-medicinali\\\/estratto-di-reishi-30ml\\\/#breadcrumb\"},\"inLanguage\":\"it-IT\",\"potentialAction\":[{\"@type\":\"ReadAction\",\"target\":[\"https:\\\/\\\/dutchmicrodosing.com\\\/it\\\/funghi-medicinali\\\/estratto-di-reishi-30ml\\\/\"]}]},{\"@type\":\"ImageObject\",\"inLanguage\":\"it-IT\",\"@id\":\"https:\\\/\\\/dutchmicrodosing.com\\\/it\\\/funghi-medicinali\\\/estratto-di-reishi-30ml\\\/#primaryimage\",\"url\":\"https:\\\/\\\/dutchmicrodosing.com\\\/wp-content\\\/uploads\\\/2022\\\/04\\\/Foodsporen_DropperBox_Reishi_WhiteBG_Square-600x601-1.jpg\",\"contentUrl\":\"https:\\\/\\\/dutchmicrodosing.com\\\/wp-content\\\/uploads\\\/2022\\\/04\\\/Foodsporen_DropperBox_Reishi_WhiteBG_Square-600x601-1.jpg\",\"width\":600,\"height\":601},{\"@type\":\"BreadcrumbList\",\"@id\":\"https:\\\/\\\/dutchmicrodosing.com\\\/it\\\/funghi-medicinali\\\/estratto-di-reishi-30ml\\\/#breadcrumb\",\"itemListElement\":[{\"@type\":\"ListItem\",\"position\":1,\"name\":\"Home\",\"item\":\"https:\\\/\\\/dutchmicrodosing.com\\\/it\\\/\"},{\"@type\":\"ListItem\",\"position\":2,\"name\":\"Negozio\",\"item\":\"https:\\\/\\\/dutchmicrodosing.com\\\/it\\\/negozio\\\/\"},{\"@type\":\"ListItem\",\"position\":3,\"name\":\"Estratto di Reishi 30ml\"}]},{\"@type\":\"WebSite\",\"@id\":\"https:\\\/\\\/dutchmicrodosing.com\\\/it\\\/#website\",\"url\":\"https:\\\/\\\/dutchmicrodosing.com\\\/it\\\/\",\"name\":\"Dutchmicrodosing\",\"description\":\"\",\"publisher\":{\"@id\":\"https:\\\/\\\/dutchmicrodosing.com\\\/it\\\/#organization\"},\"potentialAction\":[{\"@type\":\"SearchAction\",\"target\":{\"@type\":\"EntryPoint\",\"urlTemplate\":\"https:\\\/\\\/dutchmicrodosing.com\\\/it\\\/?s={search_term_string}\"},\"query-input\":{\"@type\":\"PropertyValueSpecification\",\"valueRequired\":true,\"valueName\":\"search_term_string\"}}],\"inLanguage\":\"it-IT\"},{\"@type\":\"Organization\",\"@id\":\"https:\\\/\\\/dutchmicrodosing.com\\\/it\\\/#organization\",\"name\":\"Dutchmicrodosing\",\"url\":\"https:\\\/\\\/dutchmicrodosing.com\\\/it\\\/\",\"logo\":{\"@type\":\"ImageObject\",\"inLanguage\":\"it-IT\",\"@id\":\"https:\\\/\\\/dutchmicrodosing.com\\\/it\\\/#\\\/schema\\\/logo\\\/image\\\/\",\"url\":\"https:\\\/\\\/dutchmicrodosing.com\\\/wp-content\\\/uploads\\\/2021\\\/01\\\/microdosing-categorie-pic-nieuw.jpg\",\"contentUrl\":\"https:\\\/\\\/dutchmicrodosing.com\\\/wp-content\\\/uploads\\\/2021\\\/01\\\/microdosing-categorie-pic-nieuw.jpg\",\"width\":500,\"height\":500,\"caption\":\"Dutchmicrodosing\"},\"image\":{\"@id\":\"https:\\\/\\\/dutchmicrodosing.com\\\/it\\\/#\\\/schema\\\/logo\\\/image\\\/\"},\"sameAs\":[\"https:\\\/\\\/www.facebook.com\\\/Dutchmicrodosingxp\\\/\",\"https:\\\/\\\/www.instagram.com\\\/dutchmicrodosing\\\/\"]}]}<\/script>\n<meta property=\"product:price:amount\" content=\"29.50\" \/>\n<meta property=\"product:price:currency\" content=\"EUR\" \/>\n<meta property=\"og:availability\" content=\"instock\" \/>\n<meta property=\"product:availability\" content=\"instock\" \/>\n<meta property=\"product:retailer_item_id\" content=\"1203275\" \/>\n<meta property=\"product:condition\" content=\"new\" \/>\n<!-- \/ Yoast SEO Premium plugin. -->","yoast_head_json":{"title":"Estratto di Reishi 30ml - Dutchmicrodosing","robots":{"index":"index","follow":"follow","max-snippet":"max-snippet:-1","max-image-preview":"max-image-preview:large","max-video-preview":"max-video-preview:-1"},"canonical":"https:\/\/dutchmicrodosing.com\/it\/funghi-medicinali\/estratto-di-reishi-30ml\/","og_locale":"it_IT","og_type":"article","og_title":"Estratto di Reishi 30ml","og_description":"Il fungo medicinale Reishi \u00e8 chiamato anche fungo dell'immortalit\u00e0 e viene utilizzato nella medicina cinese da oltre 2.000 anni. All'epoca si riteneva che","og_url":"https:\/\/dutchmicrodosing.com\/it\/funghi-medicinali\/estratto-di-reishi-30ml\/","og_site_name":"Dutchmicrodosing","article_publisher":"https:\/\/www.facebook.com\/Dutchmicrodosingxp\/","article_modified_time":"2025-10-30T23:26:51+00:00","og_image":[{"width":600,"height":601,"url":"https:\/\/dutchmicrodosing.com\/wp-content\/uploads\/2022\/04\/Foodsporen_DropperBox_Reishi_WhiteBG_Square-600x601-1.jpg","type":"image\/jpeg"}],"twitter_card":"summary_large_image","schema":{"@context":"https:\/\/schema.org","@graph":[{"@type":"WebPage","@id":"https:\/\/dutchmicrodosing.com\/it\/funghi-medicinali\/estratto-di-reishi-30ml\/","url":"https:\/\/dutchmicrodosing.com\/it\/funghi-medicinali\/estratto-di-reishi-30ml\/","name":"Estratto di Reishi 30ml - Dutchmicrodosing","isPartOf":{"@id":"https:\/\/dutchmicrodosing.com\/it\/#website"},"primaryImageOfPage":{"@id":"https:\/\/dutchmicrodosing.com\/it\/funghi-medicinali\/estratto-di-reishi-30ml\/#primaryimage"},"image":{"@id":"https:\/\/dutchmicrodosing.com\/it\/funghi-medicinali\/estratto-di-reishi-30ml\/#primaryimage"},"thumbnailUrl":"https:\/\/dutchmicrodosing.com\/wp-content\/uploads\/2022\/04\/Foodsporen_DropperBox_Reishi_WhiteBG_Square-600x601-1.jpg","datePublished":"2022-04-22T10:11:34+00:00","dateModified":"2025-10-30T23:26:51+00:00","breadcrumb":{"@id":"https:\/\/dutchmicrodosing.com\/it\/funghi-medicinali\/estratto-di-reishi-30ml\/#breadcrumb"},"inLanguage":"it-IT","potentialAction":[{"@type":"ReadAction","target":["https:\/\/dutchmicrodosing.com\/it\/funghi-medicinali\/estratto-di-reishi-30ml\/"]}]},{"@type":"ImageObject","inLanguage":"it-IT","@id":"https:\/\/dutchmicrodosing.com\/it\/funghi-medicinali\/estratto-di-reishi-30ml\/#primaryimage","url":"https:\/\/dutchmicrodosing.com\/wp-content\/uploads\/2022\/04\/Foodsporen_DropperBox_Reishi_WhiteBG_Square-600x601-1.jpg","contentUrl":"https:\/\/dutchmicrodosing.com\/wp-content\/uploads\/2022\/04\/Foodsporen_DropperBox_Reishi_WhiteBG_Square-600x601-1.jpg","width":600,"height":601},{"@type":"BreadcrumbList","@id":"https:\/\/dutchmicrodosing.com\/it\/funghi-medicinali\/estratto-di-reishi-30ml\/#breadcrumb","itemListElement":[{"@type":"ListItem","position":1,"name":"Home","item":"https:\/\/dutchmicrodosing.com\/it\/"},{"@type":"ListItem","position":2,"name":"Negozio","item":"https:\/\/dutchmicrodosing.com\/it\/negozio\/"},{"@type":"ListItem","position":3,"name":"Estratto di Reishi 30ml"}]},{"@type":"WebSite","@id":"https:\/\/dutchmicrodosing.com\/it\/#website","url":"https:\/\/dutchmicrodosing.com\/it\/","name":"Dutchmicrodosing","description":"","publisher":{"@id":"https:\/\/dutchmicrodosing.com\/it\/#organization"},"potentialAction":[{"@type":"SearchAction","target":{"@type":"EntryPoint","urlTemplate":"https:\/\/dutchmicrodosing.com\/it\/?s={search_term_string}"},"query-input":{"@type":"PropertyValueSpecification","valueRequired":true,"valueName":"search_term_string"}}],"inLanguage":"it-IT"},{"@type":"Organization","@id":"https:\/\/dutchmicrodosing.com\/it\/#organization","name":"Dutchmicrodosing","url":"https:\/\/dutchmicrodosing.com\/it\/","logo":{"@type":"ImageObject","inLanguage":"it-IT","@id":"https:\/\/dutchmicrodosing.com\/it\/#\/schema\/logo\/image\/","url":"https:\/\/dutchmicrodosing.com\/wp-content\/uploads\/2021\/01\/microdosing-categorie-pic-nieuw.jpg","contentUrl":"https:\/\/dutchmicrodosing.com\/wp-content\/uploads\/2021\/01\/microdosing-categorie-pic-nieuw.jpg","width":500,"height":500,"caption":"Dutchmicrodosing"},"image":{"@id":"https:\/\/dutchmicrodosing.com\/it\/#\/schema\/logo\/image\/"},"sameAs":["https:\/\/www.facebook.com\/Dutchmicrodosingxp\/","https:\/\/www.instagram.com\/dutchmicrodosing\/"]}]},"product_price_amount":"29.50","product_price_currency":"EUR","og_availability":"instock","product_availability":"instock","product_retailer_item_id":"1203275","product_condition":"new"},"_links":{"self":[{"href":"https:\/\/dutchmicrodosing.com\/it\/wp-json\/wp\/v2\/product\/15776","targetHints":{"allow":["GET"]}}],"collection":[{"href":"https:\/\/dutchmicrodosing.com\/it\/wp-json\/wp\/v2\/product"}],"about":[{"href":"https:\/\/dutchmicrodosing.com\/it\/wp-json\/wp\/v2\/types\/product"}],"replies":[{"embeddable":true,"href":"https:\/\/dutchmicrodosing.com\/it\/wp-json\/wp\/v2\/comments?post=15776"}],"version-history":[{"count":1,"href":"https:\/\/dutchmicrodosing.com\/it\/wp-json\/wp\/v2\/product\/15776\/revisions"}],"predecessor-version":[{"id":59424,"href":"https:\/\/dutchmicrodosing.com\/it\/wp-json\/wp\/v2\/product\/15776\/revisions\/59424"}],"wp:featuredmedia":[{"embeddable":true,"href":"https:\/\/dutchmicrodosing.com\/it\/wp-json\/wp\/v2\/media\/12864"}],"wp:attachment":[{"href":"https:\/\/dutchmicrodosing.com\/it\/wp-json\/wp\/v2\/media?parent=15776"}],"wp:term":[{"taxonomy":"product_brand","embeddable":true,"href":"https:\/\/dutchmicrodosing.com\/it\/wp-json\/wp\/v2\/product_brand?post=15776"},{"taxonomy":"product_cat","embeddable":true,"href":"https:\/\/dutchmicrodosing.com\/it\/wp-json\/wp\/v2\/product_cat?post=15776"},{"taxonomy":"product_tag","embeddable":true,"href":"https:\/\/dutchmicrodosing.com\/it\/wp-json\/wp\/v2\/product_tag?post=15776"}],"curies":[{"name":"wp","href":"https:\/\/api.w.org\/{rel}","templated":true}]}}