{"id":21532,"date":"2023-02-16T21:04:29","date_gmt":"2023-03-13T11:47:29","guid":{"rendered":"https:\/\/dutchmicrodosing.com\/shop\/senza-categoria\/tartufi-sfusi-250-grammi\/"},"modified":"2024-03-03T21:17:25","modified_gmt":"2024-03-03T20:17:25","slug":"tartufi-sfusi","status":"publish","type":"product","link":"https:\/\/dutchmicrodosing.com\/it\/tartufi-di-psilocibina\/tartufi-magici\/tartufi-sfusi\/","title":{"rendered":"Tartufi sfusi"},"content":{"rendered":"<h2>Tartufi Psilocybe Bulk<\/h2>\n<p>Cercate una quantit\u00e0 maggiore di tartufi da portare in un viaggio spirituale con i vostri amici? Allora potreste prendere in considerazione l&#8217;acquisto di una confezione di tartufi sfusi. I prodotti sfusi hanno un peso di 100 e 250 grammi e sono confezionati sottovuoto. Si tratta di 10 viaggi estremi o 16 viaggi lievi. I tartufi sono confezionati sottovuoto e si conservano per almeno 10-12 settimane dal ricevimento.<\/p>\n<h2>Quali tartufi Magic Trip offriamo all&#8217;ingrosso?<\/h2>\n<p>Offriamo ben 5 diverse variet\u00e0 di tartufo, ovvero:<\/p>\n<h3>Tartufi magici di Atlantide<\/h3>\n<p>Il mondo avr\u00e0 un aspetto e una sensazione diversi con i tartufi Atlantis. Immagini colorate, euforiche e filosofiche. Scoprirete anche di avere pi\u00f9 energia e di poter elaborare le informazioni pi\u00f9 velocemente. Volete un viaggio filosofico? Poi prendete altri tartufi dentro di voi. Potreste iniziare a ricevere intuizioni interiori mai sperimentate prima.<\/p>\n<h3>Tartufi magici messicani<\/h3>\n<p>I tartufi Mexicana sono molto adatti a chi \u00e8 alle prime armi. Questo perch\u00e9 sono un po&#8217; pi\u00f9 delicati rispetto alla maggior parte degli altri tartufi magici. Aumenta l&#8217;umore. Se vi sentite a vostro agio nella vostra pelle, potete contare su un viaggio felice. Si ottiene una maggiore energia, i sensi iniziano a funzionare in modo sempre pi\u00f9 forte. I colori diventano brillanti, i suoni non solo si sentono, ma si percepiscono nel corpo e, soprattutto, ci si eccita molto.<\/p>\n<h3>Tartufi magici Pajaritos<\/h3>\n<p>I Tartufi Pajaritos sono un po&#8217; pi\u00f9 deboli dal punto di vista visivo, ma Dio mio che risate che fanno questi tartufi. Ti rende incredibilmente felice. La forza media garantisce un cambiamento nella mente e nei pensieri. Non riuscite quasi a smettere di ridere e questo vi rende incredibilmente energici. Sentirete dei brividi in tutto il corpo che vi daranno una sensazione piacevole e intensa.<\/p>\n<h3>Tartufi magici Tampanensis<\/h3>\n<p>Una delle specie di tartufo pi\u00f9 famose \u00e8 il tartufo Tampanensis. Questi tartufi sono stati scoperti gi\u00e0 nel 1977 da Steven Pollock. \u00c8 successo in America, vicino a Tampa, nello stato della Florida. Si tratta di una specie rara di fungo. Da quell&#8217;unico e primo tartufo Tampanensis scoperto, tutti gli altri tartufi Tampanensis derivano ora attraverso le spore.<\/p>\n<h3>Tartufi magici Utopia<\/h3>\n<p>Volete qualcosa di pi\u00f9 di una normale gita al tartufo? Poi scegliete i Tartufi Utopia. \u00c8 uno dei tartufi pi\u00f9 forti del pianeta. Un viaggio fantastico \u00e8 quindi garantito. Non solo sono forti nelle allucinazioni, ma migliorano anche la creativit\u00e0 e il campo filosofico. Sono cos\u00ec intensi da ottenere il massimo punteggio in ogni area. Le allucinazioni sono incredibilmente forti.<\/p>\n<h2>Avviso sul prodotto<\/h2>\n<ul>\n<li>Non utilizzate i tartufi ai funghi se siete di cattivo umore, depressi, psicotici o comunque mentalmente disturbati. I tartufi magici non sono adatti ai minori o alle donne in gravidanza, n\u00e9 \u00e8 saggio guidare o azionare macchinari pesanti sotto l&#8217;effetto della psilocibina.<\/li>\n<li>I tartufi ai funghi non devono mai essere utilizzati in combinazione con alcol o altre droghe (prescritte o illegali). Iniziate con una piccola dose e assicuratevi di essere a vostro agio con la compagnia e l&#8217;ambiente circostante.<\/li>\n<li>Tutti i nostri tartufi al fungo magico sono confezionati al momento. Si consiglia di conservarli in frigorifero. Non aperti, si possono conservare in frigorifero per circa 2 mesi. Una volta aperto, tuttavia, il tartufo pu\u00f2 essere conservato solo per pochi giorni.<\/li>\n<\/ul>\n","protected":false},"excerpt":{"rendered":"<p>Tartufi Psilocybe Bulk Cercate una quantit\u00e0 maggiore di tartufi da portare in un viaggio spirituale con i vostri amici? Allora potreste prendere in considerazione l&#8217;acquisto di una confezione di tartufi sfusi. I prodotti sfusi hanno un peso di 100 e 250 grammi e sono confezionati sottovuoto. Si tratta di 10 viaggi estremi o 16 viaggi [&hellip;]<\/p>\n","protected":false},"featured_media":35154,"comment_status":"closed","ping_status":"closed","template":"","meta":[],"product_brand":[],"product_cat":[203],"product_tag":[],"class_list":{"0":"post-21532","1":"product","2":"type-product","3":"status-publish","4":"has-post-thumbnail","6":"product_cat-tartufi-magici","8":"first","9":"instock","10":"taxable","11":"shipping-taxable","12":"purchasable","13":"product-type-variable"},"yoast_head":"<!-- This site is optimized with the Yoast SEO Premium plugin v26.4 (Yoast SEO v27.2) - https:\/\/yoast.com\/product\/yoast-seo-premium-wordpress\/ -->\n<title>Tartufi sfusi - Dutchmicrodosing<\/title>\n<meta name=\"description\" content=\"Cercate una quantit\u00e0 maggiore di tartufi per intraprendere un viaggio spirituale? Allora potreste considerare l&#039;acquisto di questa confezione di tartufi\" \/>\n<meta name=\"robots\" content=\"index, follow, max-snippet:-1, max-image-preview:large, max-video-preview:-1\" \/>\n<link rel=\"canonical\" href=\"https:\/\/dutchmicrodosing.com\/it\/tartufi-di-psilocibina\/tartufi-magici\/tartufi-sfusi\/\" \/>\n<meta property=\"og:locale\" content=\"it_IT\" \/>\n<meta property=\"og:type\" content=\"article\" \/>\n<meta property=\"og:title\" content=\"Tartufi sfusi\" \/>\n<meta property=\"og:description\" content=\"Tartufi Psilocybe Bulk Cercate una quantit\u00e0 maggiore di tartufi da portare in un viaggio spirituale con i vostri amici? Allora potreste prendere in\" \/>\n<meta property=\"og:url\" content=\"https:\/\/dutchmicrodosing.com\/it\/tartufi-di-psilocibina\/tartufi-magici\/tartufi-sfusi\/\" \/>\n<meta property=\"og:site_name\" content=\"Dutchmicrodosing\" \/>\n<meta property=\"article:publisher\" content=\"https:\/\/www.facebook.com\/Dutchmicrodosingxp\/\" \/>\n<meta property=\"article:modified_time\" content=\"2024-03-03T20:17:25+00:00\" \/>\n<meta property=\"og:image\" content=\"https:\/\/dutchmicrodosing.com\/wp-content\/uploads\/2023\/02\/Bulk-1.jpg\" \/>\n\t<meta property=\"og:image:width\" content=\"1000\" \/>\n\t<meta property=\"og:image:height\" content=\"1000\" \/>\n\t<meta property=\"og:image:type\" content=\"image\/jpeg\" \/>\n<meta name=\"twitter:card\" content=\"summary_large_image\" \/>\n<script type=\"application\/ld+json\" class=\"yoast-schema-graph\">{\"@context\":\"https:\/\/schema.org\",\"@graph\":[{\"@type\":\"WebPage\",\"@id\":\"https:\/\/dutchmicrodosing.com\/it\/tartufi-di-psilocibina\/tartufi-magici\/tartufi-sfusi\/\",\"url\":\"https:\/\/dutchmicrodosing.com\/it\/tartufi-di-psilocibina\/tartufi-magici\/tartufi-sfusi\/\",\"name\":\"Tartufi sfusi - Dutchmicrodosing\",\"isPartOf\":{\"@id\":\"https:\/\/dutchmicrodosing.com\/it\/#website\"},\"primaryImageOfPage\":{\"@id\":\"https:\/\/dutchmicrodosing.com\/it\/tartufi-di-psilocibina\/tartufi-magici\/tartufi-sfusi\/#primaryimage\"},\"image\":{\"@id\":\"https:\/\/dutchmicrodosing.com\/it\/tartufi-di-psilocibina\/tartufi-magici\/tartufi-sfusi\/#primaryimage\"},\"thumbnailUrl\":\"https:\/\/dutchmicrodosing.com\/wp-content\/uploads\/2023\/02\/Bulk-1.jpg\",\"datePublished\":\"2023-03-13T11:47:29+00:00\",\"dateModified\":\"2024-03-03T20:17:25+00:00\",\"description\":\"Cercate una quantit\u00e0 maggiore di tartufi per intraprendere un viaggio spirituale? Allora potreste considerare l'acquisto di questa confezione di tartufi\",\"breadcrumb\":{\"@id\":\"https:\/\/dutchmicrodosing.com\/it\/tartufi-di-psilocibina\/tartufi-magici\/tartufi-sfusi\/#breadcrumb\"},\"inLanguage\":\"it-IT\",\"potentialAction\":[{\"@type\":\"ReadAction\",\"target\":[\"https:\/\/dutchmicrodosing.com\/it\/tartufi-di-psilocibina\/tartufi-magici\/tartufi-sfusi\/\"]}]},{\"@type\":\"ImageObject\",\"inLanguage\":\"it-IT\",\"@id\":\"https:\/\/dutchmicrodosing.com\/it\/tartufi-di-psilocibina\/tartufi-magici\/tartufi-sfusi\/#primaryimage\",\"url\":\"https:\/\/dutchmicrodosing.com\/wp-content\/uploads\/2023\/02\/Bulk-1.jpg\",\"contentUrl\":\"https:\/\/dutchmicrodosing.com\/wp-content\/uploads\/2023\/02\/Bulk-1.jpg\",\"width\":1000,\"height\":1000},{\"@type\":\"BreadcrumbList\",\"@id\":\"https:\/\/dutchmicrodosing.com\/it\/tartufi-di-psilocibina\/tartufi-magici\/tartufi-sfusi\/#breadcrumb\",\"itemListElement\":[{\"@type\":\"ListItem\",\"position\":1,\"name\":\"Home\",\"item\":\"https:\/\/dutchmicrodosing.com\/it\/\"},{\"@type\":\"ListItem\",\"position\":2,\"name\":\"Negozio\",\"item\":\"https:\/\/dutchmicrodosing.com\/it\/negozio\/\"},{\"@type\":\"ListItem\",\"position\":3,\"name\":\"Tartufi sfusi\"}]},{\"@type\":\"WebSite\",\"@id\":\"https:\/\/dutchmicrodosing.com\/it\/#website\",\"url\":\"https:\/\/dutchmicrodosing.com\/it\/\",\"name\":\"Dutchmicrodosing\",\"description\":\"\",\"publisher\":{\"@id\":\"https:\/\/dutchmicrodosing.com\/it\/#organization\"},\"potentialAction\":[{\"@type\":\"SearchAction\",\"target\":{\"@type\":\"EntryPoint\",\"urlTemplate\":\"https:\/\/dutchmicrodosing.com\/it\/?s={search_term_string}\"},\"query-input\":{\"@type\":\"PropertyValueSpecification\",\"valueRequired\":true,\"valueName\":\"search_term_string\"}}],\"inLanguage\":\"it-IT\"},{\"@type\":\"Organization\",\"@id\":\"https:\/\/dutchmicrodosing.com\/it\/#organization\",\"name\":\"Dutchmicrodosing\",\"url\":\"https:\/\/dutchmicrodosing.com\/it\/\",\"logo\":{\"@type\":\"ImageObject\",\"inLanguage\":\"it-IT\",\"@id\":\"https:\/\/dutchmicrodosing.com\/it\/#\/schema\/logo\/image\/\",\"url\":\"https:\/\/dutchmicrodosing.com\/wp-content\/uploads\/2021\/01\/microdosing-categorie-pic-nieuw.jpg\",\"contentUrl\":\"https:\/\/dutchmicrodosing.com\/wp-content\/uploads\/2021\/01\/microdosing-categorie-pic-nieuw.jpg\",\"width\":500,\"height\":500,\"caption\":\"Dutchmicrodosing\"},\"image\":{\"@id\":\"https:\/\/dutchmicrodosing.com\/it\/#\/schema\/logo\/image\/\"},\"sameAs\":[\"https:\/\/www.facebook.com\/Dutchmicrodosingxp\/\",\"https:\/\/www.instagram.com\/dutchmicrodosing\/\"]}]}<\/script>\n<meta property=\"og:availability\" content=\"instock\" \/>\n<meta property=\"product:availability\" content=\"instock\" \/>\n<meta property=\"product:condition\" content=\"new\" \/>\n<!-- \/ Yoast SEO Premium plugin. -->","yoast_head_json":{"title":"Tartufi sfusi - Dutchmicrodosing","description":"Cercate una quantit\u00e0 maggiore di tartufi per intraprendere un viaggio spirituale? Allora potreste considerare l'acquisto di questa confezione di tartufi","robots":{"index":"index","follow":"follow","max-snippet":"max-snippet:-1","max-image-preview":"max-image-preview:large","max-video-preview":"max-video-preview:-1"},"canonical":"https:\/\/dutchmicrodosing.com\/it\/tartufi-di-psilocibina\/tartufi-magici\/tartufi-sfusi\/","og_locale":"it_IT","og_type":"article","og_title":"Tartufi sfusi","og_description":"Tartufi Psilocybe Bulk Cercate una quantit\u00e0 maggiore di tartufi da portare in un viaggio spirituale con i vostri amici? Allora potreste prendere in","og_url":"https:\/\/dutchmicrodosing.com\/it\/tartufi-di-psilocibina\/tartufi-magici\/tartufi-sfusi\/","og_site_name":"Dutchmicrodosing","article_publisher":"https:\/\/www.facebook.com\/Dutchmicrodosingxp\/","article_modified_time":"2024-03-03T20:17:25+00:00","og_image":[{"width":1000,"height":1000,"url":"https:\/\/dutchmicrodosing.com\/wp-content\/uploads\/2023\/02\/Bulk-1.jpg","type":"image\/jpeg"}],"twitter_card":"summary_large_image","schema":{"@context":"https:\/\/schema.org","@graph":[{"@type":"WebPage","@id":"https:\/\/dutchmicrodosing.com\/it\/tartufi-di-psilocibina\/tartufi-magici\/tartufi-sfusi\/","url":"https:\/\/dutchmicrodosing.com\/it\/tartufi-di-psilocibina\/tartufi-magici\/tartufi-sfusi\/","name":"Tartufi sfusi - Dutchmicrodosing","isPartOf":{"@id":"https:\/\/dutchmicrodosing.com\/it\/#website"},"primaryImageOfPage":{"@id":"https:\/\/dutchmicrodosing.com\/it\/tartufi-di-psilocibina\/tartufi-magici\/tartufi-sfusi\/#primaryimage"},"image":{"@id":"https:\/\/dutchmicrodosing.com\/it\/tartufi-di-psilocibina\/tartufi-magici\/tartufi-sfusi\/#primaryimage"},"thumbnailUrl":"https:\/\/dutchmicrodosing.com\/wp-content\/uploads\/2023\/02\/Bulk-1.jpg","datePublished":"2023-03-13T11:47:29+00:00","dateModified":"2024-03-03T20:17:25+00:00","description":"Cercate una quantit\u00e0 maggiore di tartufi per intraprendere un viaggio spirituale? Allora potreste considerare l'acquisto di questa confezione di tartufi","breadcrumb":{"@id":"https:\/\/dutchmicrodosing.com\/it\/tartufi-di-psilocibina\/tartufi-magici\/tartufi-sfusi\/#breadcrumb"},"inLanguage":"it-IT","potentialAction":[{"@type":"ReadAction","target":["https:\/\/dutchmicrodosing.com\/it\/tartufi-di-psilocibina\/tartufi-magici\/tartufi-sfusi\/"]}]},{"@type":"ImageObject","inLanguage":"it-IT","@id":"https:\/\/dutchmicrodosing.com\/it\/tartufi-di-psilocibina\/tartufi-magici\/tartufi-sfusi\/#primaryimage","url":"https:\/\/dutchmicrodosing.com\/wp-content\/uploads\/2023\/02\/Bulk-1.jpg","contentUrl":"https:\/\/dutchmicrodosing.com\/wp-content\/uploads\/2023\/02\/Bulk-1.jpg","width":1000,"height":1000},{"@type":"BreadcrumbList","@id":"https:\/\/dutchmicrodosing.com\/it\/tartufi-di-psilocibina\/tartufi-magici\/tartufi-sfusi\/#breadcrumb","itemListElement":[{"@type":"ListItem","position":1,"name":"Home","item":"https:\/\/dutchmicrodosing.com\/it\/"},{"@type":"ListItem","position":2,"name":"Negozio","item":"https:\/\/dutchmicrodosing.com\/it\/negozio\/"},{"@type":"ListItem","position":3,"name":"Tartufi sfusi"}]},{"@type":"WebSite","@id":"https:\/\/dutchmicrodosing.com\/it\/#website","url":"https:\/\/dutchmicrodosing.com\/it\/","name":"Dutchmicrodosing","description":"","publisher":{"@id":"https:\/\/dutchmicrodosing.com\/it\/#organization"},"potentialAction":[{"@type":"SearchAction","target":{"@type":"EntryPoint","urlTemplate":"https:\/\/dutchmicrodosing.com\/it\/?s={search_term_string}"},"query-input":{"@type":"PropertyValueSpecification","valueRequired":true,"valueName":"search_term_string"}}],"inLanguage":"it-IT"},{"@type":"Organization","@id":"https:\/\/dutchmicrodosing.com\/it\/#organization","name":"Dutchmicrodosing","url":"https:\/\/dutchmicrodosing.com\/it\/","logo":{"@type":"ImageObject","inLanguage":"it-IT","@id":"https:\/\/dutchmicrodosing.com\/it\/#\/schema\/logo\/image\/","url":"https:\/\/dutchmicrodosing.com\/wp-content\/uploads\/2021\/01\/microdosing-categorie-pic-nieuw.jpg","contentUrl":"https:\/\/dutchmicrodosing.com\/wp-content\/uploads\/2021\/01\/microdosing-categorie-pic-nieuw.jpg","width":500,"height":500,"caption":"Dutchmicrodosing"},"image":{"@id":"https:\/\/dutchmicrodosing.com\/it\/#\/schema\/logo\/image\/"},"sameAs":["https:\/\/www.facebook.com\/Dutchmicrodosingxp\/","https:\/\/www.instagram.com\/dutchmicrodosing\/"]}]},"og_availability":"instock","product_availability":"instock","product_condition":"new"},"_links":{"self":[{"href":"https:\/\/dutchmicrodosing.com\/it\/wp-json\/wp\/v2\/product\/21532","targetHints":{"allow":["GET"]}}],"collection":[{"href":"https:\/\/dutchmicrodosing.com\/it\/wp-json\/wp\/v2\/product"}],"about":[{"href":"https:\/\/dutchmicrodosing.com\/it\/wp-json\/wp\/v2\/types\/product"}],"replies":[{"embeddable":true,"href":"https:\/\/dutchmicrodosing.com\/it\/wp-json\/wp\/v2\/comments?post=21532"}],"version-history":[{"count":0,"href":"https:\/\/dutchmicrodosing.com\/it\/wp-json\/wp\/v2\/product\/21532\/revisions"}],"wp:featuredmedia":[{"embeddable":true,"href":"https:\/\/dutchmicrodosing.com\/it\/wp-json\/wp\/v2\/media\/35154"}],"wp:attachment":[{"href":"https:\/\/dutchmicrodosing.com\/it\/wp-json\/wp\/v2\/media?parent=21532"}],"wp:term":[{"taxonomy":"product_brand","embeddable":true,"href":"https:\/\/dutchmicrodosing.com\/it\/wp-json\/wp\/v2\/product_brand?post=21532"},{"taxonomy":"product_cat","embeddable":true,"href":"https:\/\/dutchmicrodosing.com\/it\/wp-json\/wp\/v2\/product_cat?post=21532"},{"taxonomy":"product_tag","embeddable":true,"href":"https:\/\/dutchmicrodosing.com\/it\/wp-json\/wp\/v2\/product_tag?post=21532"}],"curies":[{"name":"wp","href":"https:\/\/api.w.org\/{rel}","templated":true}]}}