{"id":22085,"date":"2023-03-26T21:56:21","date_gmt":"2023-03-26T20:40:35","guid":{"rendered":"https:\/\/dutchmicrodosing.com\/shop\/senza-categoria\/tartufi-biologici-in-busta-250-grammi\/"},"modified":"2023-03-26T23:10:30","modified_gmt":"2023-03-26T21:10:30","slug":"tartufi-biologici-in-busta-250-grammi","status":"publish","type":"product","link":"https:\/\/dutchmicrodosing.com\/it\/tartufi-di-psilocibina\/tartufi-magici-biologici-xp\/tartufi-biologici-in-busta-250-grammi\/","title":{"rendered":"Tartufi sfusi biologici &#8211; 250 grammi"},"content":{"rendered":"<h2><strong>Tartufi sfusi biologici Psilocybe<\/strong><\/h2>\n<p>Cercate una quantit\u00e0 maggiore di tartufi da portare in un viaggio spirituale con i vostri amici? Se \u00e8 cos\u00ec, potreste prendere in considerazione l&#8217;acquisto di questa confezione di tartufi biologici sfusi. I prodotti sfusi hanno un peso di 250 grammi e sono confezionati sottovuoto. Si tratta di 10 viaggi estremi o 16 viaggi lievi. I tartufi sono confezionati sottovuoto e si conservano per almeno 10-12 settimane dal ricevimento.<\/p>\n<h2><strong>Quali sono le tartarughe organiche che offriamo in grandi quantit\u00e0?<\/strong><\/h2>\n<p>Offriamo ben 7 diverse variet\u00e0 di tartufo, ovvero:<\/p>\n<h3><strong>Tartufo biologico Atlantis<\/strong><\/h3>\n<p>Il mondo avr\u00e0 un aspetto e una sensazione diversi con il tartufo Atlantis. Immagini colorate, euforiche e filosofiche. Scoprirete anche di avere pi\u00f9 energia e di poter elaborare le informazioni pi\u00f9 velocemente. Volete un viaggio filosofico? Poi prendete altri tartufi dentro di voi. Potreste iniziare a ricevere intuizioni interiori mai sperimentate prima.<\/p>\n<h3><strong>Tartufo biologico messicano<\/strong><\/h3>\n<p>I tartufi Mexicana sono molto adatti a chi \u00e8 alle prime armi. Questo perch\u00e9 sono un po&#8217; pi\u00f9 delicati rispetto alla maggior parte degli altri tartufi biologici. Aumenta l&#8217;umore. Se vi sentite a vostro agio nella vostra pelle, potete contare su un viaggio felice. Si ottiene una maggiore energia, i sensi iniziano a funzionare in modo sempre pi\u00f9 forte. I colori diventano brillanti, i suoni non solo si sentono, ma si percepiscono nel corpo e, soprattutto, ci si eccita molto.<\/p>\n<h3><strong>Tartufo biologico Pajaritos<\/strong><\/h3>\n<p>I tartufi Pajaritos sono un po&#8217; pi\u00f9 deboli dal punto di vista visivo, ma mio Dio che risate che fa questo tartufo. Ti rende incredibilmente felice. La forza media garantisce un cambiamento nella mente e nei pensieri. Non riuscite quasi a smettere di ridere e questo vi rende incredibilmente energici. Sentirete dei brividi in tutto il corpo che vi daranno una sensazione piacevole e intensa.<\/p>\n<h3><strong>Tartufo biologico Tampanensis<\/strong><\/h3>\n<p>Una delle specie di tartufo pi\u00f9 famose \u00e8 il tartufo Tampanensis. Questi tartufi sono stati scoperti gi\u00e0 nel 1977 da Steven Pollock. \u00c8 successo in America, vicino a Tampa, nello stato della Florida. Si tratta di una specie rara di fungo. Da quell&#8217;unico e primo tartufo Tampanensis scoperto, tutti gli altri tartufi Tampanensis derivano ora attraverso le spore.<\/p>\n<h3><strong>Tartufo biologico Utopia<\/strong><\/h3>\n<p>Volete qualcosa di pi\u00f9 di una normale gita al tartufo? Poi scegliete i Tartufi Utopia. \u00c8 uno dei tartufi pi\u00f9 forti del pianeta. Un viaggio fantastico \u00e8 quindi garantito. Non solo sono forti nelle allucinazioni, ma migliorano anche la creativit\u00e0 e il campo filosofico. Sono cos\u00ec intensi da ottenere il massimo punteggio in ogni area. Le allucinazioni sono incredibilmente forti.<\/p>\n<h3><strong>Tartufo biologico Galindoi<\/strong><\/h3>\n<p>Il tartufo biologico di Galindoi \u00e8 tra le specie di tartufo pi\u00f9 resistenti. Questo tartufo tropicale contiene livelli molto elevati di psilocibina. La psilocibina \u00e8 la sostanza psicoattiva attiva del tartufo. Questo esotico organico. Questo Galindoi biologico, solido come una roccia, \u00e8 un tartufo dalla profondit\u00e0 caratteristica e dagli effetti visivi estremi, ma \u00e8 leggermente pi\u00f9 basso nella sua . In materia di filosofia, euforia e creativit\u00e0, questo tartufo ottiene un bel 10.<\/p>\n<h3><strong>Miscela organica<\/strong><\/h3>\n<p>Possiamo a buon diritto definire il Mix organico un super mix. Cosa ci si aspetta quando si mescolano due dei tartufi pi\u00f9 forti del pianeta. Scegliete la miscela organica solo se avete gi\u00e0 molta esperienza di tartufi, perch\u00e9 questi sono tra i pi\u00f9 potenti che vendiamo.<\/p>\n<h3><strong>Avviso sul prodotto<\/strong><\/h3>\n<p>Non utilizzate i funghi magici o i tartufi se siete di cattivo umore, depressi, psicotici o comunque mentalmente disturbati. I tartufi magici non sono adatti ai minori o alle donne in gravidanza, n\u00e9 \u00e8 saggio guidare o azionare macchinari pesanti sotto l&#8217;effetto della psilocibina. Un fungo o un tartufo magico non dovrebbe mai essere usato in combinazione con alcol o altre droghe (prescritte o illegali). Iniziate con una piccola dose e assicuratevi di essere a vostro agio con la compagnia e l&#8217;ambiente circostante. Tutti i nostri tartufi al fungo magico sono confezionati al momento. Si consiglia di conservarli in frigorifero. Non aperti, si possono conservare in frigorifero per circa 2 mesi. Una volta aperto, tuttavia, il tartufo pu\u00f2 essere conservato solo per pochi giorni.<\/p>\n","protected":false},"excerpt":{"rendered":"<p>Tartufi sfusi biologici Psilocybe Cercate una quantit\u00e0 maggiore di tartufi da portare in un viaggio spirituale con i vostri amici? Se \u00e8 cos\u00ec, potreste prendere in considerazione l&#8217;acquisto di questa confezione di tartufi biologici sfusi. I prodotti sfusi hanno un peso di 250 grammi e sono confezionati sottovuoto. Si tratta di 10 viaggi estremi o [&hellip;]<\/p>\n","protected":false},"featured_media":20192,"comment_status":"closed","ping_status":"closed","template":"","meta":[],"product_brand":[],"product_cat":[176],"product_tag":[],"class_list":{"0":"post-22085","1":"product","2":"type-product","3":"status-publish","4":"has-post-thumbnail","6":"product_cat-tartufi-magici-biologici-xp","8":"first","9":"instock","10":"taxable","11":"shipping-taxable","12":"purchasable","13":"product-type-variable"},"yoast_head":"<!-- This site is optimized with the Yoast SEO Premium plugin v26.4 (Yoast SEO v27.4) - https:\/\/yoast.com\/product\/yoast-seo-premium-wordpress\/ -->\n<title>Tartufi sfusi biologici - 250 grammi - Dutchmicrodosing<\/title>\n<meta name=\"robots\" content=\"index, follow, max-snippet:-1, max-image-preview:large, max-video-preview:-1\" \/>\n<link rel=\"canonical\" href=\"https:\/\/dutchmicrodosing.com\/it\/tartufi-di-psilocibina\/tartufi-magici-biologici-xp\/tartufi-biologici-in-busta-250-grammi\/\" \/>\n<meta property=\"og:locale\" content=\"it_IT\" \/>\n<meta property=\"og:type\" content=\"article\" \/>\n<meta property=\"og:title\" content=\"Tartufi sfusi biologici - 250 grammi\" \/>\n<meta property=\"og:description\" content=\"Tartufi sfusi biologici Psilocybe Cercate una quantit\u00e0 maggiore di tartufi da portare in un viaggio spirituale con i vostri amici? Se \u00e8 cos\u00ec, potreste\" \/>\n<meta property=\"og:url\" content=\"https:\/\/dutchmicrodosing.com\/it\/tartufi-di-psilocibina\/tartufi-magici-biologici-xp\/tartufi-biologici-in-busta-250-grammi\/\" \/>\n<meta property=\"og:site_name\" content=\"Dutchmicrodosing\" \/>\n<meta property=\"article:publisher\" content=\"https:\/\/www.facebook.com\/Dutchmicrodosingxp\/\" \/>\n<meta property=\"article:modified_time\" content=\"2023-03-26T21:10:30+00:00\" \/>\n<meta property=\"og:image\" content=\"https:\/\/dutchmicrodosing.com\/wp-content\/uploads\/2023\/02\/Organic_bulk_250gr.png\" \/>\n\t<meta property=\"og:image:width\" content=\"1000\" \/>\n\t<meta property=\"og:image:height\" content=\"1000\" \/>\n\t<meta property=\"og:image:type\" content=\"image\/png\" \/>\n<meta name=\"twitter:card\" content=\"summary_large_image\" \/>\n<script type=\"application\/ld+json\" class=\"yoast-schema-graph\">{\"@context\":\"https:\\\/\\\/schema.org\",\"@graph\":[{\"@type\":\"WebPage\",\"@id\":\"https:\\\/\\\/dutchmicrodosing.com\\\/it\\\/tartufi-di-psilocibina\\\/tartufi-magici-biologici-xp\\\/tartufi-biologici-in-busta-250-grammi\\\/\",\"url\":\"https:\\\/\\\/dutchmicrodosing.com\\\/it\\\/tartufi-di-psilocibina\\\/tartufi-magici-biologici-xp\\\/tartufi-biologici-in-busta-250-grammi\\\/\",\"name\":\"Tartufi sfusi biologici - 250 grammi - Dutchmicrodosing\",\"isPartOf\":{\"@id\":\"https:\\\/\\\/dutchmicrodosing.com\\\/it\\\/#website\"},\"primaryImageOfPage\":{\"@id\":\"https:\\\/\\\/dutchmicrodosing.com\\\/it\\\/tartufi-di-psilocibina\\\/tartufi-magici-biologici-xp\\\/tartufi-biologici-in-busta-250-grammi\\\/#primaryimage\"},\"image\":{\"@id\":\"https:\\\/\\\/dutchmicrodosing.com\\\/it\\\/tartufi-di-psilocibina\\\/tartufi-magici-biologici-xp\\\/tartufi-biologici-in-busta-250-grammi\\\/#primaryimage\"},\"thumbnailUrl\":\"https:\\\/\\\/dutchmicrodosing.com\\\/wp-content\\\/uploads\\\/2023\\\/02\\\/Organic_bulk_250gr.png\",\"datePublished\":\"2023-03-26T20:40:35+00:00\",\"dateModified\":\"2023-03-26T21:10:30+00:00\",\"breadcrumb\":{\"@id\":\"https:\\\/\\\/dutchmicrodosing.com\\\/it\\\/tartufi-di-psilocibina\\\/tartufi-magici-biologici-xp\\\/tartufi-biologici-in-busta-250-grammi\\\/#breadcrumb\"},\"inLanguage\":\"it-IT\",\"potentialAction\":[{\"@type\":\"ReadAction\",\"target\":[\"https:\\\/\\\/dutchmicrodosing.com\\\/it\\\/tartufi-di-psilocibina\\\/tartufi-magici-biologici-xp\\\/tartufi-biologici-in-busta-250-grammi\\\/\"]}]},{\"@type\":\"ImageObject\",\"inLanguage\":\"it-IT\",\"@id\":\"https:\\\/\\\/dutchmicrodosing.com\\\/it\\\/tartufi-di-psilocibina\\\/tartufi-magici-biologici-xp\\\/tartufi-biologici-in-busta-250-grammi\\\/#primaryimage\",\"url\":\"https:\\\/\\\/dutchmicrodosing.com\\\/wp-content\\\/uploads\\\/2023\\\/02\\\/Organic_bulk_250gr.png\",\"contentUrl\":\"https:\\\/\\\/dutchmicrodosing.com\\\/wp-content\\\/uploads\\\/2023\\\/02\\\/Organic_bulk_250gr.png\",\"width\":1000,\"height\":1000},{\"@type\":\"BreadcrumbList\",\"@id\":\"https:\\\/\\\/dutchmicrodosing.com\\\/it\\\/tartufi-di-psilocibina\\\/tartufi-magici-biologici-xp\\\/tartufi-biologici-in-busta-250-grammi\\\/#breadcrumb\",\"itemListElement\":[{\"@type\":\"ListItem\",\"position\":1,\"name\":\"Home\",\"item\":\"https:\\\/\\\/dutchmicrodosing.com\\\/it\\\/\"},{\"@type\":\"ListItem\",\"position\":2,\"name\":\"Negozio\",\"item\":\"https:\\\/\\\/dutchmicrodosing.com\\\/it\\\/negozio\\\/\"},{\"@type\":\"ListItem\",\"position\":3,\"name\":\"Tartufi sfusi biologici &#8211; 250 grammi\"}]},{\"@type\":\"WebSite\",\"@id\":\"https:\\\/\\\/dutchmicrodosing.com\\\/it\\\/#website\",\"url\":\"https:\\\/\\\/dutchmicrodosing.com\\\/it\\\/\",\"name\":\"Dutchmicrodosing\",\"description\":\"\",\"publisher\":{\"@id\":\"https:\\\/\\\/dutchmicrodosing.com\\\/it\\\/#organization\"},\"potentialAction\":[{\"@type\":\"SearchAction\",\"target\":{\"@type\":\"EntryPoint\",\"urlTemplate\":\"https:\\\/\\\/dutchmicrodosing.com\\\/it\\\/?s={search_term_string}\"},\"query-input\":{\"@type\":\"PropertyValueSpecification\",\"valueRequired\":true,\"valueName\":\"search_term_string\"}}],\"inLanguage\":\"it-IT\"},{\"@type\":\"Organization\",\"@id\":\"https:\\\/\\\/dutchmicrodosing.com\\\/it\\\/#organization\",\"name\":\"Dutchmicrodosing\",\"url\":\"https:\\\/\\\/dutchmicrodosing.com\\\/it\\\/\",\"logo\":{\"@type\":\"ImageObject\",\"inLanguage\":\"it-IT\",\"@id\":\"https:\\\/\\\/dutchmicrodosing.com\\\/it\\\/#\\\/schema\\\/logo\\\/image\\\/\",\"url\":\"https:\\\/\\\/dutchmicrodosing.com\\\/wp-content\\\/uploads\\\/2021\\\/01\\\/microdosing-categorie-pic-nieuw.jpg\",\"contentUrl\":\"https:\\\/\\\/dutchmicrodosing.com\\\/wp-content\\\/uploads\\\/2021\\\/01\\\/microdosing-categorie-pic-nieuw.jpg\",\"width\":500,\"height\":500,\"caption\":\"Dutchmicrodosing\"},\"image\":{\"@id\":\"https:\\\/\\\/dutchmicrodosing.com\\\/it\\\/#\\\/schema\\\/logo\\\/image\\\/\"},\"sameAs\":[\"https:\\\/\\\/www.facebook.com\\\/Dutchmicrodosingxp\\\/\",\"https:\\\/\\\/www.instagram.com\\\/dutchmicrodosing\\\/\"]}]}<\/script>\n<meta property=\"og:availability\" content=\"instock\" \/>\n<meta property=\"product:availability\" content=\"instock\" \/>\n<meta property=\"product:condition\" content=\"new\" \/>\n<!-- \/ Yoast SEO Premium plugin. -->","yoast_head_json":{"title":"Tartufi sfusi biologici - 250 grammi - Dutchmicrodosing","robots":{"index":"index","follow":"follow","max-snippet":"max-snippet:-1","max-image-preview":"max-image-preview:large","max-video-preview":"max-video-preview:-1"},"canonical":"https:\/\/dutchmicrodosing.com\/it\/tartufi-di-psilocibina\/tartufi-magici-biologici-xp\/tartufi-biologici-in-busta-250-grammi\/","og_locale":"it_IT","og_type":"article","og_title":"Tartufi sfusi biologici - 250 grammi","og_description":"Tartufi sfusi biologici Psilocybe Cercate una quantit\u00e0 maggiore di tartufi da portare in un viaggio spirituale con i vostri amici? Se \u00e8 cos\u00ec, potreste","og_url":"https:\/\/dutchmicrodosing.com\/it\/tartufi-di-psilocibina\/tartufi-magici-biologici-xp\/tartufi-biologici-in-busta-250-grammi\/","og_site_name":"Dutchmicrodosing","article_publisher":"https:\/\/www.facebook.com\/Dutchmicrodosingxp\/","article_modified_time":"2023-03-26T21:10:30+00:00","og_image":[{"width":1000,"height":1000,"url":"https:\/\/dutchmicrodosing.com\/wp-content\/uploads\/2023\/02\/Organic_bulk_250gr.png","type":"image\/png"}],"twitter_card":"summary_large_image","schema":{"@context":"https:\/\/schema.org","@graph":[{"@type":"WebPage","@id":"https:\/\/dutchmicrodosing.com\/it\/tartufi-di-psilocibina\/tartufi-magici-biologici-xp\/tartufi-biologici-in-busta-250-grammi\/","url":"https:\/\/dutchmicrodosing.com\/it\/tartufi-di-psilocibina\/tartufi-magici-biologici-xp\/tartufi-biologici-in-busta-250-grammi\/","name":"Tartufi sfusi biologici - 250 grammi - Dutchmicrodosing","isPartOf":{"@id":"https:\/\/dutchmicrodosing.com\/it\/#website"},"primaryImageOfPage":{"@id":"https:\/\/dutchmicrodosing.com\/it\/tartufi-di-psilocibina\/tartufi-magici-biologici-xp\/tartufi-biologici-in-busta-250-grammi\/#primaryimage"},"image":{"@id":"https:\/\/dutchmicrodosing.com\/it\/tartufi-di-psilocibina\/tartufi-magici-biologici-xp\/tartufi-biologici-in-busta-250-grammi\/#primaryimage"},"thumbnailUrl":"https:\/\/dutchmicrodosing.com\/wp-content\/uploads\/2023\/02\/Organic_bulk_250gr.png","datePublished":"2023-03-26T20:40:35+00:00","dateModified":"2023-03-26T21:10:30+00:00","breadcrumb":{"@id":"https:\/\/dutchmicrodosing.com\/it\/tartufi-di-psilocibina\/tartufi-magici-biologici-xp\/tartufi-biologici-in-busta-250-grammi\/#breadcrumb"},"inLanguage":"it-IT","potentialAction":[{"@type":"ReadAction","target":["https:\/\/dutchmicrodosing.com\/it\/tartufi-di-psilocibina\/tartufi-magici-biologici-xp\/tartufi-biologici-in-busta-250-grammi\/"]}]},{"@type":"ImageObject","inLanguage":"it-IT","@id":"https:\/\/dutchmicrodosing.com\/it\/tartufi-di-psilocibina\/tartufi-magici-biologici-xp\/tartufi-biologici-in-busta-250-grammi\/#primaryimage","url":"https:\/\/dutchmicrodosing.com\/wp-content\/uploads\/2023\/02\/Organic_bulk_250gr.png","contentUrl":"https:\/\/dutchmicrodosing.com\/wp-content\/uploads\/2023\/02\/Organic_bulk_250gr.png","width":1000,"height":1000},{"@type":"BreadcrumbList","@id":"https:\/\/dutchmicrodosing.com\/it\/tartufi-di-psilocibina\/tartufi-magici-biologici-xp\/tartufi-biologici-in-busta-250-grammi\/#breadcrumb","itemListElement":[{"@type":"ListItem","position":1,"name":"Home","item":"https:\/\/dutchmicrodosing.com\/it\/"},{"@type":"ListItem","position":2,"name":"Negozio","item":"https:\/\/dutchmicrodosing.com\/it\/negozio\/"},{"@type":"ListItem","position":3,"name":"Tartufi sfusi biologici &#8211; 250 grammi"}]},{"@type":"WebSite","@id":"https:\/\/dutchmicrodosing.com\/it\/#website","url":"https:\/\/dutchmicrodosing.com\/it\/","name":"Dutchmicrodosing","description":"","publisher":{"@id":"https:\/\/dutchmicrodosing.com\/it\/#organization"},"potentialAction":[{"@type":"SearchAction","target":{"@type":"EntryPoint","urlTemplate":"https:\/\/dutchmicrodosing.com\/it\/?s={search_term_string}"},"query-input":{"@type":"PropertyValueSpecification","valueRequired":true,"valueName":"search_term_string"}}],"inLanguage":"it-IT"},{"@type":"Organization","@id":"https:\/\/dutchmicrodosing.com\/it\/#organization","name":"Dutchmicrodosing","url":"https:\/\/dutchmicrodosing.com\/it\/","logo":{"@type":"ImageObject","inLanguage":"it-IT","@id":"https:\/\/dutchmicrodosing.com\/it\/#\/schema\/logo\/image\/","url":"https:\/\/dutchmicrodosing.com\/wp-content\/uploads\/2021\/01\/microdosing-categorie-pic-nieuw.jpg","contentUrl":"https:\/\/dutchmicrodosing.com\/wp-content\/uploads\/2021\/01\/microdosing-categorie-pic-nieuw.jpg","width":500,"height":500,"caption":"Dutchmicrodosing"},"image":{"@id":"https:\/\/dutchmicrodosing.com\/it\/#\/schema\/logo\/image\/"},"sameAs":["https:\/\/www.facebook.com\/Dutchmicrodosingxp\/","https:\/\/www.instagram.com\/dutchmicrodosing\/"]}]},"og_availability":"instock","product_availability":"instock","product_condition":"new"},"_links":{"self":[{"href":"https:\/\/dutchmicrodosing.com\/it\/wp-json\/wp\/v2\/product\/22085","targetHints":{"allow":["GET"]}}],"collection":[{"href":"https:\/\/dutchmicrodosing.com\/it\/wp-json\/wp\/v2\/product"}],"about":[{"href":"https:\/\/dutchmicrodosing.com\/it\/wp-json\/wp\/v2\/types\/product"}],"replies":[{"embeddable":true,"href":"https:\/\/dutchmicrodosing.com\/it\/wp-json\/wp\/v2\/comments?post=22085"}],"version-history":[{"count":0,"href":"https:\/\/dutchmicrodosing.com\/it\/wp-json\/wp\/v2\/product\/22085\/revisions"}],"wp:featuredmedia":[{"embeddable":true,"href":"https:\/\/dutchmicrodosing.com\/it\/wp-json\/wp\/v2\/media\/20192"}],"wp:attachment":[{"href":"https:\/\/dutchmicrodosing.com\/it\/wp-json\/wp\/v2\/media?parent=22085"}],"wp:term":[{"taxonomy":"product_brand","embeddable":true,"href":"https:\/\/dutchmicrodosing.com\/it\/wp-json\/wp\/v2\/product_brand?post=22085"},{"taxonomy":"product_cat","embeddable":true,"href":"https:\/\/dutchmicrodosing.com\/it\/wp-json\/wp\/v2\/product_cat?post=22085"},{"taxonomy":"product_tag","embeddable":true,"href":"https:\/\/dutchmicrodosing.com\/it\/wp-json\/wp\/v2\/product_tag?post=22085"}],"curies":[{"name":"wp","href":"https:\/\/api.w.org\/{rel}","templated":true}]}}