{"id":25079,"date":"2023-06-01T12:26:02","date_gmt":"2023-06-01T10:26:02","guid":{"rendered":"https:\/\/dutchmicrodosing.com\/shop\/senza-categoria\/saggio-rootz-firma-sinergia\/"},"modified":"2026-01-08T11:53:03","modified_gmt":"2026-01-08T10:53:03","slug":"saggio-rootz-firma-sinergia","status":"publish","type":"product","link":"https:\/\/dutchmicrodosing.com\/it\/microdosaggio\/saggio-rootz-firma-sinergia\/","title":{"rendered":"Wise Rootz &#8211; Sinergia della firma (1 mese)"},"content":{"rendered":"<p>In sintesi, la linea standard di tartufi per microdosaggio <strong>Wise Rootz<\/strong> &#8211;<strong> Signature Synergy<\/strong> \u00e8 una base accessibile che offre a tutti la possibilit\u00e0 di scoprire gli antichi segreti della salute e del benessere. Se necessario, questa linea pu\u00f2 essere completata con altri componenti aggiuntivi. Il prodotto, Signature Synergy, \u00e8 un&#8217;innovazione pionieristica che porta nel presente le antiche conoscenze in materia di salute e benessere. Questa linea speciale \u00e8 stata creata per fungere da base per l&#8217;esplorazione e il potenziamento del vostro potenziale fisico e mentale. Ogni confezione \u00e8 utilizzabile per un mese e contiene 12 grammi di tartufi e 12 porzioni di cacao crudo.<\/p>\n<p>Signature Synergy offre una combinazione speciale che offre evidenti benefici nella vita quotidiana, con effetti positivi sulla salute fisica, cognitiva e mentale. Utilizzandolo regolarmente, \u00e8 possibile migliorare queste aree, ottenendo un senso di equilibrio e armonia. In breve, questa sinergia unica \u00e8 un concentrato di ingredienti naturali che favoriscono la salute generale.<\/p>\n<h3>Cosa contiene Wise Rootz Signature Synergy?<\/h3>\n<ul>\n<li><strong>Cacao da chicco a barretta<\/strong>: utilizziamo solo il cacao migliore e pi\u00f9 puro, lavorato direttamente dal chicco alla barretta, che non \u00e8 solo delizioso ma anche ricco di antiossidanti e nutrienti che possono potenziare le funzioni cerebrali.<\/li>\n<li><strong>Tartufi magici<\/strong>: un additivo scelto con cura che pu\u00f2 aiutare a stimolare la creativit\u00e0 e una maggiore chiarezza mentale.<\/li>\n<\/ul>\n<h3>Funzionamento cognitivo che pu\u00f2 contribuire ad esempio:<\/h3>\n<ul>\n<li>Aumento della neuroplasticit\u00e0<\/li>\n<li>Creativit\u00e0<\/li>\n<li>Produttivit\u00e0<\/li>\n<\/ul>\n<h3>Funzionamenti mentali che possono essere d&#8217;aiuto;<\/h3>\n<ul>\n<li>Sensazione di irrequietezza o tensione<\/li>\n<li>In caso di stress<\/li>\n<li>Sensazione di ansia<\/li>\n<li>Pressione e sforzo mentale<\/li>\n<\/ul>\n<h3>Il lavoro fisico\/sanitario pu\u00f2 contribuire a:<strong><br \/>\n<\/strong><\/h3>\n<ul>\n<li>Riduzione della pressione sanguigna<\/li>\n<li>Effetto positivo sulle funzioni cognitive<\/li>\n<li>Protezione del sistema cardiovascolare<\/li>\n<li>Miglioramento delle prestazioni fisiche<\/li>\n<\/ul>\n<h3>Applicazione Wise Rootz<\/h3>\n<div>Un&#8217;ottima soluzione per monitorare i processi senza costi aggiuntivi o stress. L&#8217;esclusiva app sviluppata da Deliqs consente agli utenti di stabilire intenzioni e protocolli e di monitorare i progressi. Ci\u00f2 avviene attraverso grafici dettagliati con diari interattivi ed esercizi basati sulle emozioni attuali!<\/div>\n<ul>\n<li>Processi di monitoraggio<\/li>\n<li>Capacit\u00e0 di stabilire intenzioni<\/li>\n<li>Capacit\u00e0 di impostare protocolli<\/li>\n<li>I progressi possono essere monitorati attraverso grafici dettagliati.<\/li>\n<li>Diario interattivo<\/li>\n<li>Esercizi<\/li>\n<li>Promemoria<\/li>\n<\/ul>\n<h3>Contenuto<\/h3>\n<p><strong>1 mese intero di esperienza &#8211; Signature Synergy<\/strong><\/p>\n<ul>\n<li>12 microdosaggi da 1gr<\/li>\n<li>12 x Cacao crudo<\/li>\n<li>1 x Bella pietra preziosa<\/li>\n<li>1 x Accesso all&#8217;app Wise Rootz completa tramite codice personale per confezione<\/li>\n<\/ul>\n<h3>Mantenere le radici sagge &#8211; Sinergia d&#8217;autore<\/h3>\n<p>Conservando Wise Rootz &#8211; Peak Performance al fresco e all&#8217;asciutto, \u00e8 possibile conservarlo per almeno altri due mesi. La temperatura ideale \u00e8 compresa tra i 2 e i 4 gradi centigradi. Assicuratevi di controllare la data di scadenza riportata sulla confezione per vedere quanto tempo si conservano.<\/p>\n<h3>Commenti<\/h3>\n<p>Desideriamo informarvi della nostra politica in merito alle indicazioni sulle propriet\u00e0 medicinali di erbe e funghi presenti sul nostro sito web. L&#8217;attuale legislazione dell&#8217;UE vieta di fare tali affermazioni. Sebbene la medicina tradizionale cinese esista da migliaia di anni e sia stata testata su innumerevoli pazienti, non possiamo menzionare effetti che sono stati confermati dalla ricerca scientifica. Tuttavia, ci affidiamo al buon senso dei nostri clienti e le informazioni dettagliate sui funghi possono essere reperite attraverso fonti pubbliche su Internet.<\/p>\n","protected":false},"excerpt":{"rendered":"<p>In sintesi, la linea standard di tartufi per microdosaggio Wise Rootz &#8211; Signature Synergy \u00e8 una base accessibile che offre a tutti la possibilit\u00e0 di scoprire gli antichi segreti della salute e del benessere. Se necessario, questa linea pu\u00f2 essere completata con altri componenti aggiuntivi. Il prodotto, Signature Synergy, \u00e8 un&#8217;innovazione pionieristica che porta nel [&hellip;]<\/p>\n","protected":false},"featured_media":24606,"comment_status":"closed","ping_status":"closed","template":"","meta":[],"product_brand":[],"product_cat":[174,318],"product_tag":[],"class_list":{"0":"post-25079","1":"product","2":"type-product","3":"status-publish","4":"has-post-thumbnail","6":"product_cat-microdosaggio","7":"product_cat-integratori-per-la-creativita","9":"first","10":"instock","11":"sale","12":"taxable","13":"shipping-taxable","14":"purchasable","15":"product-type-simple"},"yoast_head":"<!-- This site is optimized with the Yoast SEO Premium plugin v26.4 (Yoast SEO v27.4) - https:\/\/yoast.com\/product\/yoast-seo-premium-wordpress\/ -->\n<title>Wise Rootz - Sinergia della firma (1 mese) - Dutchmicrodosing<\/title>\n<meta name=\"description\" content=\"In sintesi, la linea standard di tartufi per microdosaggio Wise Rootz - Signature Synergy \u00e8 una base accessibile che offre a tutti la possibilit\u00e0 di sperimentare...\" \/>\n<meta name=\"robots\" content=\"index, follow, max-snippet:-1, max-image-preview:large, max-video-preview:-1\" \/>\n<link rel=\"canonical\" href=\"https:\/\/dutchmicrodosing.com\/it\/microdosaggio\/saggio-rootz-firma-sinergia\/\" \/>\n<meta property=\"og:locale\" content=\"it_IT\" \/>\n<meta property=\"og:type\" content=\"article\" \/>\n<meta property=\"og:title\" content=\"Wise Rootz - Sinergia della firma (1 mese)\" \/>\n<meta property=\"og:description\" content=\"In sintesi, la linea standard di tartufi per microdosaggio Wise Rootz - Signature Synergy \u00e8 una base accessibile che offre a tutti la possibilit\u00e0 di\" \/>\n<meta property=\"og:url\" content=\"https:\/\/dutchmicrodosing.com\/it\/microdosaggio\/saggio-rootz-firma-sinergia\/\" \/>\n<meta property=\"og:site_name\" content=\"Dutchmicrodosing\" \/>\n<meta property=\"article:publisher\" content=\"https:\/\/www.facebook.com\/Dutchmicrodosingxp\/\" \/>\n<meta property=\"article:modified_time\" content=\"2026-01-08T10:53:03+00:00\" \/>\n<meta property=\"og:image\" content=\"https:\/\/dutchmicrodosing.com\/wp-content\/uploads\/2023\/06\/wiserootz_box_signaturesynergy-1-1.jpg\" \/>\n\t<meta property=\"og:image:width\" content=\"1174\" \/>\n\t<meta property=\"og:image:height\" content=\"882\" \/>\n\t<meta property=\"og:image:type\" content=\"image\/jpeg\" \/>\n<meta name=\"twitter:card\" content=\"summary_large_image\" \/>\n<script type=\"application\/ld+json\" class=\"yoast-schema-graph\">{\"@context\":\"https:\\\/\\\/schema.org\",\"@graph\":[{\"@type\":\"WebPage\",\"@id\":\"https:\\\/\\\/dutchmicrodosing.com\\\/it\\\/microdosaggio\\\/saggio-rootz-firma-sinergia\\\/\",\"url\":\"https:\\\/\\\/dutchmicrodosing.com\\\/it\\\/microdosaggio\\\/saggio-rootz-firma-sinergia\\\/\",\"name\":\"Wise Rootz - Sinergia della firma (1 mese) - Dutchmicrodosing\",\"isPartOf\":{\"@id\":\"https:\\\/\\\/dutchmicrodosing.com\\\/it\\\/#website\"},\"primaryImageOfPage\":{\"@id\":\"https:\\\/\\\/dutchmicrodosing.com\\\/it\\\/microdosaggio\\\/saggio-rootz-firma-sinergia\\\/#primaryimage\"},\"image\":{\"@id\":\"https:\\\/\\\/dutchmicrodosing.com\\\/it\\\/microdosaggio\\\/saggio-rootz-firma-sinergia\\\/#primaryimage\"},\"thumbnailUrl\":\"https:\\\/\\\/dutchmicrodosing.com\\\/wp-content\\\/uploads\\\/2023\\\/06\\\/wiserootz_box_signaturesynergy-1-1.jpg\",\"datePublished\":\"2023-06-01T10:26:02+00:00\",\"dateModified\":\"2026-01-08T10:53:03+00:00\",\"description\":\"In sintesi, la linea standard di tartufi per microdosaggio Wise Rootz - Signature Synergy \u00e8 una base accessibile che offre a tutti la possibilit\u00e0 di sperimentare...\",\"breadcrumb\":{\"@id\":\"https:\\\/\\\/dutchmicrodosing.com\\\/it\\\/microdosaggio\\\/saggio-rootz-firma-sinergia\\\/#breadcrumb\"},\"inLanguage\":\"it-IT\",\"potentialAction\":[{\"@type\":\"ReadAction\",\"target\":[\"https:\\\/\\\/dutchmicrodosing.com\\\/it\\\/microdosaggio\\\/saggio-rootz-firma-sinergia\\\/\"]}]},{\"@type\":\"ImageObject\",\"inLanguage\":\"it-IT\",\"@id\":\"https:\\\/\\\/dutchmicrodosing.com\\\/it\\\/microdosaggio\\\/saggio-rootz-firma-sinergia\\\/#primaryimage\",\"url\":\"https:\\\/\\\/dutchmicrodosing.com\\\/wp-content\\\/uploads\\\/2023\\\/06\\\/wiserootz_box_signaturesynergy-1-1.jpg\",\"contentUrl\":\"https:\\\/\\\/dutchmicrodosing.com\\\/wp-content\\\/uploads\\\/2023\\\/06\\\/wiserootz_box_signaturesynergy-1-1.jpg\",\"width\":1174,\"height\":882},{\"@type\":\"BreadcrumbList\",\"@id\":\"https:\\\/\\\/dutchmicrodosing.com\\\/it\\\/microdosaggio\\\/saggio-rootz-firma-sinergia\\\/#breadcrumb\",\"itemListElement\":[{\"@type\":\"ListItem\",\"position\":1,\"name\":\"Home\",\"item\":\"https:\\\/\\\/dutchmicrodosing.com\\\/it\\\/\"},{\"@type\":\"ListItem\",\"position\":2,\"name\":\"Negozio\",\"item\":\"https:\\\/\\\/dutchmicrodosing.com\\\/it\\\/negozio\\\/\"},{\"@type\":\"ListItem\",\"position\":3,\"name\":\"Wise Rootz &#8211; Sinergia della firma (1 mese)\"}]},{\"@type\":\"WebSite\",\"@id\":\"https:\\\/\\\/dutchmicrodosing.com\\\/it\\\/#website\",\"url\":\"https:\\\/\\\/dutchmicrodosing.com\\\/it\\\/\",\"name\":\"Dutchmicrodosing\",\"description\":\"\",\"publisher\":{\"@id\":\"https:\\\/\\\/dutchmicrodosing.com\\\/it\\\/#organization\"},\"potentialAction\":[{\"@type\":\"SearchAction\",\"target\":{\"@type\":\"EntryPoint\",\"urlTemplate\":\"https:\\\/\\\/dutchmicrodosing.com\\\/it\\\/?s={search_term_string}\"},\"query-input\":{\"@type\":\"PropertyValueSpecification\",\"valueRequired\":true,\"valueName\":\"search_term_string\"}}],\"inLanguage\":\"it-IT\"},{\"@type\":\"Organization\",\"@id\":\"https:\\\/\\\/dutchmicrodosing.com\\\/it\\\/#organization\",\"name\":\"Dutchmicrodosing\",\"url\":\"https:\\\/\\\/dutchmicrodosing.com\\\/it\\\/\",\"logo\":{\"@type\":\"ImageObject\",\"inLanguage\":\"it-IT\",\"@id\":\"https:\\\/\\\/dutchmicrodosing.com\\\/it\\\/#\\\/schema\\\/logo\\\/image\\\/\",\"url\":\"https:\\\/\\\/dutchmicrodosing.com\\\/wp-content\\\/uploads\\\/2021\\\/01\\\/microdosing-categorie-pic-nieuw.jpg\",\"contentUrl\":\"https:\\\/\\\/dutchmicrodosing.com\\\/wp-content\\\/uploads\\\/2021\\\/01\\\/microdosing-categorie-pic-nieuw.jpg\",\"width\":500,\"height\":500,\"caption\":\"Dutchmicrodosing\"},\"image\":{\"@id\":\"https:\\\/\\\/dutchmicrodosing.com\\\/it\\\/#\\\/schema\\\/logo\\\/image\\\/\"},\"sameAs\":[\"https:\\\/\\\/www.facebook.com\\\/Dutchmicrodosingxp\\\/\",\"https:\\\/\\\/www.instagram.com\\\/dutchmicrodosing\\\/\"]}]}<\/script>\n<meta property=\"product:price:amount\" content=\"45.95\" \/>\n<meta property=\"product:price:currency\" content=\"EUR\" \/>\n<meta property=\"og:availability\" content=\"instock\" \/>\n<meta property=\"product:availability\" content=\"instock\" \/>\n<meta property=\"product:retailer_item_id\" content=\"3205898\" \/>\n<meta property=\"product:condition\" content=\"new\" \/>\n<!-- \/ Yoast SEO Premium plugin. -->","yoast_head_json":{"title":"Wise Rootz - Sinergia della firma (1 mese) - Dutchmicrodosing","description":"In sintesi, la linea standard di tartufi per microdosaggio Wise Rootz - Signature Synergy \u00e8 una base accessibile che offre a tutti la possibilit\u00e0 di sperimentare...","robots":{"index":"index","follow":"follow","max-snippet":"max-snippet:-1","max-image-preview":"max-image-preview:large","max-video-preview":"max-video-preview:-1"},"canonical":"https:\/\/dutchmicrodosing.com\/it\/microdosaggio\/saggio-rootz-firma-sinergia\/","og_locale":"it_IT","og_type":"article","og_title":"Wise Rootz - Sinergia della firma (1 mese)","og_description":"In sintesi, la linea standard di tartufi per microdosaggio Wise Rootz - Signature Synergy \u00e8 una base accessibile che offre a tutti la possibilit\u00e0 di","og_url":"https:\/\/dutchmicrodosing.com\/it\/microdosaggio\/saggio-rootz-firma-sinergia\/","og_site_name":"Dutchmicrodosing","article_publisher":"https:\/\/www.facebook.com\/Dutchmicrodosingxp\/","article_modified_time":"2026-01-08T10:53:03+00:00","og_image":[{"width":1174,"height":882,"url":"https:\/\/dutchmicrodosing.com\/wp-content\/uploads\/2023\/06\/wiserootz_box_signaturesynergy-1-1.jpg","type":"image\/jpeg"}],"twitter_card":"summary_large_image","schema":{"@context":"https:\/\/schema.org","@graph":[{"@type":"WebPage","@id":"https:\/\/dutchmicrodosing.com\/it\/microdosaggio\/saggio-rootz-firma-sinergia\/","url":"https:\/\/dutchmicrodosing.com\/it\/microdosaggio\/saggio-rootz-firma-sinergia\/","name":"Wise Rootz - Sinergia della firma (1 mese) - Dutchmicrodosing","isPartOf":{"@id":"https:\/\/dutchmicrodosing.com\/it\/#website"},"primaryImageOfPage":{"@id":"https:\/\/dutchmicrodosing.com\/it\/microdosaggio\/saggio-rootz-firma-sinergia\/#primaryimage"},"image":{"@id":"https:\/\/dutchmicrodosing.com\/it\/microdosaggio\/saggio-rootz-firma-sinergia\/#primaryimage"},"thumbnailUrl":"https:\/\/dutchmicrodosing.com\/wp-content\/uploads\/2023\/06\/wiserootz_box_signaturesynergy-1-1.jpg","datePublished":"2023-06-01T10:26:02+00:00","dateModified":"2026-01-08T10:53:03+00:00","description":"In sintesi, la linea standard di tartufi per microdosaggio Wise Rootz - Signature Synergy \u00e8 una base accessibile che offre a tutti la possibilit\u00e0 di sperimentare...","breadcrumb":{"@id":"https:\/\/dutchmicrodosing.com\/it\/microdosaggio\/saggio-rootz-firma-sinergia\/#breadcrumb"},"inLanguage":"it-IT","potentialAction":[{"@type":"ReadAction","target":["https:\/\/dutchmicrodosing.com\/it\/microdosaggio\/saggio-rootz-firma-sinergia\/"]}]},{"@type":"ImageObject","inLanguage":"it-IT","@id":"https:\/\/dutchmicrodosing.com\/it\/microdosaggio\/saggio-rootz-firma-sinergia\/#primaryimage","url":"https:\/\/dutchmicrodosing.com\/wp-content\/uploads\/2023\/06\/wiserootz_box_signaturesynergy-1-1.jpg","contentUrl":"https:\/\/dutchmicrodosing.com\/wp-content\/uploads\/2023\/06\/wiserootz_box_signaturesynergy-1-1.jpg","width":1174,"height":882},{"@type":"BreadcrumbList","@id":"https:\/\/dutchmicrodosing.com\/it\/microdosaggio\/saggio-rootz-firma-sinergia\/#breadcrumb","itemListElement":[{"@type":"ListItem","position":1,"name":"Home","item":"https:\/\/dutchmicrodosing.com\/it\/"},{"@type":"ListItem","position":2,"name":"Negozio","item":"https:\/\/dutchmicrodosing.com\/it\/negozio\/"},{"@type":"ListItem","position":3,"name":"Wise Rootz &#8211; Sinergia della firma (1 mese)"}]},{"@type":"WebSite","@id":"https:\/\/dutchmicrodosing.com\/it\/#website","url":"https:\/\/dutchmicrodosing.com\/it\/","name":"Dutchmicrodosing","description":"","publisher":{"@id":"https:\/\/dutchmicrodosing.com\/it\/#organization"},"potentialAction":[{"@type":"SearchAction","target":{"@type":"EntryPoint","urlTemplate":"https:\/\/dutchmicrodosing.com\/it\/?s={search_term_string}"},"query-input":{"@type":"PropertyValueSpecification","valueRequired":true,"valueName":"search_term_string"}}],"inLanguage":"it-IT"},{"@type":"Organization","@id":"https:\/\/dutchmicrodosing.com\/it\/#organization","name":"Dutchmicrodosing","url":"https:\/\/dutchmicrodosing.com\/it\/","logo":{"@type":"ImageObject","inLanguage":"it-IT","@id":"https:\/\/dutchmicrodosing.com\/it\/#\/schema\/logo\/image\/","url":"https:\/\/dutchmicrodosing.com\/wp-content\/uploads\/2021\/01\/microdosing-categorie-pic-nieuw.jpg","contentUrl":"https:\/\/dutchmicrodosing.com\/wp-content\/uploads\/2021\/01\/microdosing-categorie-pic-nieuw.jpg","width":500,"height":500,"caption":"Dutchmicrodosing"},"image":{"@id":"https:\/\/dutchmicrodosing.com\/it\/#\/schema\/logo\/image\/"},"sameAs":["https:\/\/www.facebook.com\/Dutchmicrodosingxp\/","https:\/\/www.instagram.com\/dutchmicrodosing\/"]}]},"product_price_amount":"45.95","product_price_currency":"EUR","og_availability":"instock","product_availability":"instock","product_retailer_item_id":"3205898","product_condition":"new"},"_links":{"self":[{"href":"https:\/\/dutchmicrodosing.com\/it\/wp-json\/wp\/v2\/product\/25079","targetHints":{"allow":["GET"]}}],"collection":[{"href":"https:\/\/dutchmicrodosing.com\/it\/wp-json\/wp\/v2\/product"}],"about":[{"href":"https:\/\/dutchmicrodosing.com\/it\/wp-json\/wp\/v2\/types\/product"}],"replies":[{"embeddable":true,"href":"https:\/\/dutchmicrodosing.com\/it\/wp-json\/wp\/v2\/comments?post=25079"}],"version-history":[{"count":0,"href":"https:\/\/dutchmicrodosing.com\/it\/wp-json\/wp\/v2\/product\/25079\/revisions"}],"wp:featuredmedia":[{"embeddable":true,"href":"https:\/\/dutchmicrodosing.com\/it\/wp-json\/wp\/v2\/media\/24606"}],"wp:attachment":[{"href":"https:\/\/dutchmicrodosing.com\/it\/wp-json\/wp\/v2\/media?parent=25079"}],"wp:term":[{"taxonomy":"product_brand","embeddable":true,"href":"https:\/\/dutchmicrodosing.com\/it\/wp-json\/wp\/v2\/product_brand?post=25079"},{"taxonomy":"product_cat","embeddable":true,"href":"https:\/\/dutchmicrodosing.com\/it\/wp-json\/wp\/v2\/product_cat?post=25079"},{"taxonomy":"product_tag","embeddable":true,"href":"https:\/\/dutchmicrodosing.com\/it\/wp-json\/wp\/v2\/product_tag?post=25079"}],"curies":[{"name":"wp","href":"https:\/\/api.w.org\/{rel}","templated":true}]}}