{"id":26848,"date":"2023-08-22T13:23:08","date_gmt":"2023-08-22T11:23:08","guid":{"rendered":"https:\/\/dutchmicrodosing.com\/shop\/senza-categoria\/lions-mane-hericium-erinaceus-growkit-xl\/"},"modified":"2025-08-20T15:10:33","modified_gmt":"2025-08-20T13:10:33","slug":"lions-mane-hericium-erinaceus-growkit-xl","status":"publish","type":"product","link":"https:\/\/dutchmicrodosing.com\/it\/funghi-medicinali\/lions-mane-hericium-erinaceus-growkit-xl\/","title":{"rendered":"Kit di coltivazione XL di criniera di leone (Hericium Erinaceus)"},"content":{"rendered":"<p>Il Grow Kit XL rende facile e accessibile la coltivazione dei <strong>funghi Lion&#8217;s Mane<\/strong>. Noto per le sue propriet\u00e0 culinarie e salutari, questo fungo ha un aspetto unico e peloso e ha un sapore simile a quello dei frutti di mare. Non \u00e8 necessario preoccuparsi di forniture aggiuntive come il legno, perch\u00e9 il set comprende tutto il necessario. I blocchi di coltivazione sono gi\u00e0 preparati con la coltura fungina, quindi potete iniziare subito. Sia i principianti che i coltivatori esperti possono facilmente coltivare la Lion&#8217;s Mane con questo kit. Basta posizionare i blocchi in un luogo con sufficiente ventilazione e la giusta umidit\u00e0 e vederli crescere!<\/p>\n<h3><strong>Coltivazione della criniera di leone: guida passo dopo passo<\/strong><\/h3>\n<p>Sognate di coltivare i vostri funghi in casa? Con il nostro kit di coltivazione per Whig Swamp (criniera di leone), \u00e8 pi\u00f9 facile di quanto si pensi. Ecco una semplice guida alla coltivazione, alla cura e alla raccolta di questo delizioso fungo.<\/p>\n<h4>Forniture<\/h4>\n<ul>\n<li>Kit per la coltivazione della criniera di leone.<\/li>\n<li>Spruzzatore per piante per l&#8217;irrigazione.<\/li>\n<li>Panno umido.<\/li>\n<li>Opzionale: un sacchetto con fori per un&#8217;umidit\u00e0 ottimale.<\/li>\n<\/ul>\n<h3><strong>Istruzioni per la coltivazione Kit per la coltivazione della criniera di leone<\/strong><\/h3>\n<p><strong>Introduzione:<\/strong><\/p>\n<p>Il Pruikzwam (Lion&#8217;s Mane \/ Hericium Erinaceus) \u00e8 un fungo delizioso e salutare dal sapore e dalla consistenza unici. Questa guida ti aiuter\u00e0 a coltivare con successo i funghi Wig con il nostro kit di coltivazione.<\/p>\n<ol>\n<li style=\"list-style-type: none\">\n<ol>\n<li style=\"list-style-type: none\">\n<ol>\n<li><strong>Contenuto del kit di coltivazione:<\/strong>Il kit di coltivazione contiene un substrato composto da Master&#8217;s Mix, una combinazione di semi di soia e legno duro. Il micelio del fungo della parrucca \u00e8 gi\u00e0 presente nel substrato, ha solo bisogno di un po&#8217; di tempo per diventare visibile. <\/li>\n<li><strong>Materiali di consumo:<\/strong>Oltre al kit di coltivazione, avrai bisogno di uno spruzzatore per piante e\/o di un panno umido. Dopo aver posizionato i tagli, si consiglia di spruzzare quotidianamente fino a quando i funghi non inizieranno a crescere. <\/li>\n<li><strong>Preparazione:<\/strong>Rimuovi il kit di coltivazione dalla scatola e ripiega la borsa come mostrato nella foto 1. Il micelio del Pruikzwam ha spesso bisogno di qualche giorno per riprendersi dal viaggio. In questo modo, il micelio pu\u00f2 respirare di nuovo e completare l&#8217;ultima parte della colonizzazione. Una volta che vedrai formarsi delle piccole palline bianche sul substrato (mini funghi parrucca), \u00e8 il momento di effettuare i tagli. Esegui <strong>due tagli di circa 5 cm nel<\/strong> blocco, preferibilmente in corrispondenza delle linee nere come mostrato nella foto numero 2<strong>. Poi piega nuovamente il kit di coltura<\/strong> come ricevuto. A questo scopo, puoi utilizzare l&#8217;elastico in dotazione. Posiziona il kit di coltivazione su una superficie pulita. Posizionando il kit di coltivazione su un panno umido in un piatto, aumenterai l&#8217;umidit\u00e0 nell&#8217;area circostante. Assicuratevi che l&#8217;ambiente in cui collocate il kit di coltivazione sia privo di correnti d&#8217;aria.<\/li>\n<li><strong>Cura e manutenzione:<\/strong>la Wigweed ha bisogno di un&#8217;elevata umidit\u00e0 e di ossigeno sufficiente per crescere bene. Idealmente, l&#8217;umidit\u00e0 dovrebbe essere intorno al 70-80%, ma la nostra variet\u00e0 \u00e8 stata selezionata per crescere bene anche a livelli di umidit\u00e0 inferiori. Mantieni la temperatura tra i 18-24\u00b0C per una crescita ottimale.  <\/li>\n<li><strong>Raccolta:<\/strong>il momento giusto per raccogliere i funghi Whig \u00e8 quando le spore non sono ancora state rilasciate. Di solito questo avviene quando le &#8220;lune&#8221;, o strutture simili a denti del fungo, hanno raggiunto la loro massima lunghezza e prima che inizino a scolorirsi o a raggrinzirsi. Il fungo ha ancora un colore bianco brillante. Puoi staccare con cura il Pruikzwammen dal substrato. Cerca di lasciare meno residui possibili sul substrato. Puoi aspettarti due raccolti da questo kit di coltivazione: il primo \u00e8 il pi\u00f9 grande. Con un po&#8217; di fortuna, potrebbe esserci un terzo raccolto, ma a quel punto il kit di coltivazione sar\u00e0 quasi completamente esaurito. Tra un raccolto e l&#8217;altro, assicurati che l&#8217;umidit\u00e0 sia sufficiente a favorire una seconda crescita.       <\/li>\n<li><strong>Conservazione:<\/strong>conserva i funghi Wig raccolti in un sacchetto di carta nel frigorifero. Si manterranno freschi per circa una settimana, ma controlla regolarmente che non ci siano segni di deterioramento come scolorimento o odore sgradevole. <\/li>\n<li><strong>Suggerimenti per le ricette:<\/strong>Il fungo di monte \u00e8 versatile e gustoso in una grande variet\u00e0 di piatti. Ad esempio, prova le torte di granchio ai funghi Wig, un modo delizioso e unico di gustare questo fungo. <\/li>\n<\/ol>\n<\/li>\n<\/ol>\n<\/li>\n<\/ol>\n<h3><strong>Consigli per lo stoccaggio<\/strong><\/h3>\n<p>Conservate la criniera di leone fresca in un sacchetto di carta in frigorifero. Si mantengono bene per circa una settimana.<\/p>\n<h3>Nota!<\/h3>\n<p>Consultare il medico prima dell&#8217;uso in caso di gravidanza, allattamento o condizioni di salute.<\/p>\n","protected":false},"excerpt":{"rendered":"<p>Il Grow Kit XL rende facile e accessibile la coltivazione dei funghi Lion&#8217;s Mane. Noto per le sue propriet\u00e0 culinarie e salutari, questo fungo ha un aspetto unico e peloso e ha un sapore simile a quello dei frutti di mare. Non \u00e8 necessario preoccuparsi di forniture aggiuntive come il legno, perch\u00e9 il set comprende [&hellip;]<\/p>\n","protected":false},"featured_media":26841,"comment_status":"closed","ping_status":"closed","template":"","meta":[],"product_brand":[],"product_cat":[175],"product_tag":[],"class_list":{"0":"post-26848","1":"product","2":"type-product","3":"status-publish","4":"has-post-thumbnail","6":"product_cat-funghi-medicinali","8":"first","9":"outofstock","10":"taxable","11":"shipping-taxable","12":"purchasable","13":"product-type-simple"},"yoast_head":"<!-- This site is optimized with the Yoast SEO Premium plugin v26.4 (Yoast SEO v27.2) - https:\/\/yoast.com\/product\/yoast-seo-premium-wordpress\/ -->\n<title>Kit di coltivazione XL di criniera di leone (Hericium Erinaceus) - Dutchmicrodosing<\/title>\n<meta name=\"description\" content=\"Scopri il fungo medicinale della criniera di leone (Hericium Erinaceus), noto per i suoi potenziali benefici cognitivi e per la salute. Per maggiori informazioni, clicca...\" \/>\n<meta name=\"robots\" content=\"index, follow, max-snippet:-1, max-image-preview:large, max-video-preview:-1\" \/>\n<link rel=\"canonical\" href=\"https:\/\/dutchmicrodosing.com\/it\/funghi-medicinali\/lions-mane-hericium-erinaceus-growkit-xl\/\" \/>\n<meta property=\"og:locale\" content=\"it_IT\" \/>\n<meta property=\"og:type\" content=\"article\" \/>\n<meta property=\"og:title\" content=\"Kit di coltivazione XL di criniera di leone (Hericium Erinaceus)\" \/>\n<meta property=\"og:description\" content=\"Il Grow Kit XL rende facile e accessibile la coltivazione dei funghi Lion&#039;s Mane. Noto per le sue propriet\u00e0 culinarie e salutari, questo fungo ha un\" \/>\n<meta property=\"og:url\" content=\"https:\/\/dutchmicrodosing.com\/it\/funghi-medicinali\/lions-mane-hericium-erinaceus-growkit-xl\/\" \/>\n<meta property=\"og:site_name\" content=\"Dutchmicrodosing\" \/>\n<meta property=\"article:publisher\" content=\"https:\/\/www.facebook.com\/Dutchmicrodosingxp\/\" \/>\n<meta property=\"article:modified_time\" content=\"2025-08-20T13:10:33+00:00\" \/>\n<meta property=\"og:image\" content=\"https:\/\/dutchmicrodosing.com\/wp-content\/uploads\/2023\/08\/lionsmanebag-1.jpg\" \/>\n\t<meta property=\"og:image:width\" content=\"960\" \/>\n\t<meta property=\"og:image:height\" content=\"720\" \/>\n\t<meta property=\"og:image:type\" content=\"image\/jpeg\" \/>\n<meta name=\"twitter:card\" content=\"summary_large_image\" \/>\n<script type=\"application\/ld+json\" class=\"yoast-schema-graph\">{\"@context\":\"https:\/\/schema.org\",\"@graph\":[{\"@type\":\"WebPage\",\"@id\":\"https:\/\/dutchmicrodosing.com\/it\/funghi-medicinali\/lions-mane-hericium-erinaceus-growkit-xl\/\",\"url\":\"https:\/\/dutchmicrodosing.com\/it\/funghi-medicinali\/lions-mane-hericium-erinaceus-growkit-xl\/\",\"name\":\"Kit di coltivazione XL di criniera di leone (Hericium Erinaceus) - Dutchmicrodosing\",\"isPartOf\":{\"@id\":\"https:\/\/dutchmicrodosing.com\/it\/#website\"},\"primaryImageOfPage\":{\"@id\":\"https:\/\/dutchmicrodosing.com\/it\/funghi-medicinali\/lions-mane-hericium-erinaceus-growkit-xl\/#primaryimage\"},\"image\":{\"@id\":\"https:\/\/dutchmicrodosing.com\/it\/funghi-medicinali\/lions-mane-hericium-erinaceus-growkit-xl\/#primaryimage\"},\"thumbnailUrl\":\"https:\/\/dutchmicrodosing.com\/wp-content\/uploads\/2023\/08\/lionsmanebag-1.jpg\",\"datePublished\":\"2023-08-22T11:23:08+00:00\",\"dateModified\":\"2025-08-20T13:10:33+00:00\",\"description\":\"Scopri il fungo medicinale della criniera di leone (Hericium Erinaceus), noto per i suoi potenziali benefici cognitivi e per la salute. Per maggiori informazioni, clicca...\",\"breadcrumb\":{\"@id\":\"https:\/\/dutchmicrodosing.com\/it\/funghi-medicinali\/lions-mane-hericium-erinaceus-growkit-xl\/#breadcrumb\"},\"inLanguage\":\"it-IT\",\"potentialAction\":[{\"@type\":\"ReadAction\",\"target\":[\"https:\/\/dutchmicrodosing.com\/it\/funghi-medicinali\/lions-mane-hericium-erinaceus-growkit-xl\/\"]}]},{\"@type\":\"ImageObject\",\"inLanguage\":\"it-IT\",\"@id\":\"https:\/\/dutchmicrodosing.com\/it\/funghi-medicinali\/lions-mane-hericium-erinaceus-growkit-xl\/#primaryimage\",\"url\":\"https:\/\/dutchmicrodosing.com\/wp-content\/uploads\/2023\/08\/lionsmanebag-1.jpg\",\"contentUrl\":\"https:\/\/dutchmicrodosing.com\/wp-content\/uploads\/2023\/08\/lionsmanebag-1.jpg\",\"width\":960,\"height\":720},{\"@type\":\"BreadcrumbList\",\"@id\":\"https:\/\/dutchmicrodosing.com\/it\/funghi-medicinali\/lions-mane-hericium-erinaceus-growkit-xl\/#breadcrumb\",\"itemListElement\":[{\"@type\":\"ListItem\",\"position\":1,\"name\":\"Home\",\"item\":\"https:\/\/dutchmicrodosing.com\/it\/\"},{\"@type\":\"ListItem\",\"position\":2,\"name\":\"Negozio\",\"item\":\"https:\/\/dutchmicrodosing.com\/it\/negozio\/\"},{\"@type\":\"ListItem\",\"position\":3,\"name\":\"Kit di coltivazione XL di criniera di leone (Hericium Erinaceus)\"}]},{\"@type\":\"WebSite\",\"@id\":\"https:\/\/dutchmicrodosing.com\/it\/#website\",\"url\":\"https:\/\/dutchmicrodosing.com\/it\/\",\"name\":\"Dutchmicrodosing\",\"description\":\"\",\"publisher\":{\"@id\":\"https:\/\/dutchmicrodosing.com\/it\/#organization\"},\"potentialAction\":[{\"@type\":\"SearchAction\",\"target\":{\"@type\":\"EntryPoint\",\"urlTemplate\":\"https:\/\/dutchmicrodosing.com\/it\/?s={search_term_string}\"},\"query-input\":{\"@type\":\"PropertyValueSpecification\",\"valueRequired\":true,\"valueName\":\"search_term_string\"}}],\"inLanguage\":\"it-IT\"},{\"@type\":\"Organization\",\"@id\":\"https:\/\/dutchmicrodosing.com\/it\/#organization\",\"name\":\"Dutchmicrodosing\",\"url\":\"https:\/\/dutchmicrodosing.com\/it\/\",\"logo\":{\"@type\":\"ImageObject\",\"inLanguage\":\"it-IT\",\"@id\":\"https:\/\/dutchmicrodosing.com\/it\/#\/schema\/logo\/image\/\",\"url\":\"https:\/\/dutchmicrodosing.com\/wp-content\/uploads\/2021\/01\/microdosing-categorie-pic-nieuw.jpg\",\"contentUrl\":\"https:\/\/dutchmicrodosing.com\/wp-content\/uploads\/2021\/01\/microdosing-categorie-pic-nieuw.jpg\",\"width\":500,\"height\":500,\"caption\":\"Dutchmicrodosing\"},\"image\":{\"@id\":\"https:\/\/dutchmicrodosing.com\/it\/#\/schema\/logo\/image\/\"},\"sameAs\":[\"https:\/\/www.facebook.com\/Dutchmicrodosingxp\/\",\"https:\/\/www.instagram.com\/dutchmicrodosing\/\"]}]}<\/script>\n<meta property=\"product:price:amount\" content=\"24.95\" \/>\n<meta property=\"product:price:currency\" content=\"EUR\" \/>\n<meta property=\"og:availability\" content=\"out of stock\" \/>\n<meta property=\"product:availability\" content=\"out of stock\" \/>\n<meta property=\"product:retailer_item_id\" content=\"3208346\" \/>\n<meta property=\"product:condition\" content=\"new\" \/>\n<!-- \/ Yoast SEO Premium plugin. -->","yoast_head_json":{"title":"Kit di coltivazione XL di criniera di leone (Hericium Erinaceus) - Dutchmicrodosing","description":"Scopri il fungo medicinale della criniera di leone (Hericium Erinaceus), noto per i suoi potenziali benefici cognitivi e per la salute. Per maggiori informazioni, clicca...","robots":{"index":"index","follow":"follow","max-snippet":"max-snippet:-1","max-image-preview":"max-image-preview:large","max-video-preview":"max-video-preview:-1"},"canonical":"https:\/\/dutchmicrodosing.com\/it\/funghi-medicinali\/lions-mane-hericium-erinaceus-growkit-xl\/","og_locale":"it_IT","og_type":"article","og_title":"Kit di coltivazione XL di criniera di leone (Hericium Erinaceus)","og_description":"Il Grow Kit XL rende facile e accessibile la coltivazione dei funghi Lion's Mane. Noto per le sue propriet\u00e0 culinarie e salutari, questo fungo ha un","og_url":"https:\/\/dutchmicrodosing.com\/it\/funghi-medicinali\/lions-mane-hericium-erinaceus-growkit-xl\/","og_site_name":"Dutchmicrodosing","article_publisher":"https:\/\/www.facebook.com\/Dutchmicrodosingxp\/","article_modified_time":"2025-08-20T13:10:33+00:00","og_image":[{"width":960,"height":720,"url":"https:\/\/dutchmicrodosing.com\/wp-content\/uploads\/2023\/08\/lionsmanebag-1.jpg","type":"image\/jpeg"}],"twitter_card":"summary_large_image","schema":{"@context":"https:\/\/schema.org","@graph":[{"@type":"WebPage","@id":"https:\/\/dutchmicrodosing.com\/it\/funghi-medicinali\/lions-mane-hericium-erinaceus-growkit-xl\/","url":"https:\/\/dutchmicrodosing.com\/it\/funghi-medicinali\/lions-mane-hericium-erinaceus-growkit-xl\/","name":"Kit di coltivazione XL di criniera di leone (Hericium Erinaceus) - Dutchmicrodosing","isPartOf":{"@id":"https:\/\/dutchmicrodosing.com\/it\/#website"},"primaryImageOfPage":{"@id":"https:\/\/dutchmicrodosing.com\/it\/funghi-medicinali\/lions-mane-hericium-erinaceus-growkit-xl\/#primaryimage"},"image":{"@id":"https:\/\/dutchmicrodosing.com\/it\/funghi-medicinali\/lions-mane-hericium-erinaceus-growkit-xl\/#primaryimage"},"thumbnailUrl":"https:\/\/dutchmicrodosing.com\/wp-content\/uploads\/2023\/08\/lionsmanebag-1.jpg","datePublished":"2023-08-22T11:23:08+00:00","dateModified":"2025-08-20T13:10:33+00:00","description":"Scopri il fungo medicinale della criniera di leone (Hericium Erinaceus), noto per i suoi potenziali benefici cognitivi e per la salute. Per maggiori informazioni, clicca...","breadcrumb":{"@id":"https:\/\/dutchmicrodosing.com\/it\/funghi-medicinali\/lions-mane-hericium-erinaceus-growkit-xl\/#breadcrumb"},"inLanguage":"it-IT","potentialAction":[{"@type":"ReadAction","target":["https:\/\/dutchmicrodosing.com\/it\/funghi-medicinali\/lions-mane-hericium-erinaceus-growkit-xl\/"]}]},{"@type":"ImageObject","inLanguage":"it-IT","@id":"https:\/\/dutchmicrodosing.com\/it\/funghi-medicinali\/lions-mane-hericium-erinaceus-growkit-xl\/#primaryimage","url":"https:\/\/dutchmicrodosing.com\/wp-content\/uploads\/2023\/08\/lionsmanebag-1.jpg","contentUrl":"https:\/\/dutchmicrodosing.com\/wp-content\/uploads\/2023\/08\/lionsmanebag-1.jpg","width":960,"height":720},{"@type":"BreadcrumbList","@id":"https:\/\/dutchmicrodosing.com\/it\/funghi-medicinali\/lions-mane-hericium-erinaceus-growkit-xl\/#breadcrumb","itemListElement":[{"@type":"ListItem","position":1,"name":"Home","item":"https:\/\/dutchmicrodosing.com\/it\/"},{"@type":"ListItem","position":2,"name":"Negozio","item":"https:\/\/dutchmicrodosing.com\/it\/negozio\/"},{"@type":"ListItem","position":3,"name":"Kit di coltivazione XL di criniera di leone (Hericium Erinaceus)"}]},{"@type":"WebSite","@id":"https:\/\/dutchmicrodosing.com\/it\/#website","url":"https:\/\/dutchmicrodosing.com\/it\/","name":"Dutchmicrodosing","description":"","publisher":{"@id":"https:\/\/dutchmicrodosing.com\/it\/#organization"},"potentialAction":[{"@type":"SearchAction","target":{"@type":"EntryPoint","urlTemplate":"https:\/\/dutchmicrodosing.com\/it\/?s={search_term_string}"},"query-input":{"@type":"PropertyValueSpecification","valueRequired":true,"valueName":"search_term_string"}}],"inLanguage":"it-IT"},{"@type":"Organization","@id":"https:\/\/dutchmicrodosing.com\/it\/#organization","name":"Dutchmicrodosing","url":"https:\/\/dutchmicrodosing.com\/it\/","logo":{"@type":"ImageObject","inLanguage":"it-IT","@id":"https:\/\/dutchmicrodosing.com\/it\/#\/schema\/logo\/image\/","url":"https:\/\/dutchmicrodosing.com\/wp-content\/uploads\/2021\/01\/microdosing-categorie-pic-nieuw.jpg","contentUrl":"https:\/\/dutchmicrodosing.com\/wp-content\/uploads\/2021\/01\/microdosing-categorie-pic-nieuw.jpg","width":500,"height":500,"caption":"Dutchmicrodosing"},"image":{"@id":"https:\/\/dutchmicrodosing.com\/it\/#\/schema\/logo\/image\/"},"sameAs":["https:\/\/www.facebook.com\/Dutchmicrodosingxp\/","https:\/\/www.instagram.com\/dutchmicrodosing\/"]}]},"product_price_amount":"24.95","product_price_currency":"EUR","og_availability":"out of stock","product_availability":"out of stock","product_retailer_item_id":"3208346","product_condition":"new"},"_links":{"self":[{"href":"https:\/\/dutchmicrodosing.com\/it\/wp-json\/wp\/v2\/product\/26848","targetHints":{"allow":["GET"]}}],"collection":[{"href":"https:\/\/dutchmicrodosing.com\/it\/wp-json\/wp\/v2\/product"}],"about":[{"href":"https:\/\/dutchmicrodosing.com\/it\/wp-json\/wp\/v2\/types\/product"}],"replies":[{"embeddable":true,"href":"https:\/\/dutchmicrodosing.com\/it\/wp-json\/wp\/v2\/comments?post=26848"}],"version-history":[{"count":0,"href":"https:\/\/dutchmicrodosing.com\/it\/wp-json\/wp\/v2\/product\/26848\/revisions"}],"wp:featuredmedia":[{"embeddable":true,"href":"https:\/\/dutchmicrodosing.com\/it\/wp-json\/wp\/v2\/media\/26841"}],"wp:attachment":[{"href":"https:\/\/dutchmicrodosing.com\/it\/wp-json\/wp\/v2\/media?parent=26848"}],"wp:term":[{"taxonomy":"product_brand","embeddable":true,"href":"https:\/\/dutchmicrodosing.com\/it\/wp-json\/wp\/v2\/product_brand?post=26848"},{"taxonomy":"product_cat","embeddable":true,"href":"https:\/\/dutchmicrodosing.com\/it\/wp-json\/wp\/v2\/product_cat?post=26848"},{"taxonomy":"product_tag","embeddable":true,"href":"https:\/\/dutchmicrodosing.com\/it\/wp-json\/wp\/v2\/product_tag?post=26848"}],"curies":[{"name":"wp","href":"https:\/\/api.w.org\/{rel}","templated":true}]}}