{"id":27739,"date":"2023-09-06T15:26:13","date_gmt":"2023-09-06T13:26:13","guid":{"rendered":"https:\/\/dutchmicrodosing.com\/shop\/senza-categoria\/lions-mane-lollypop-cola\/"},"modified":"2025-08-22T15:55:12","modified_gmt":"2025-08-22T13:55:12","slug":"lions-mane-lollypop-cola","status":"publish","type":"product","link":"https:\/\/dutchmicrodosing.com\/it\/negozio-di-salute\/commestibili-ai-funghi\/lions-mane-lollypop-cola\/","title":{"rendered":"Criniera di leone Lollypop &#8211; Cola"},"content":{"rendered":"<p>Il criniera di leone, noto anche come Hericium Erinaceus o fungo della parrucca, \u00e8 un fungo straordinario dall&#8217;aspetto caratteristico. I graziosi fili che pendono da questo fungo ricordano la criniera di un leone. Una delle caratteristiche pi\u00f9 interessanti della Lion&#8217;s Mane \u00e8 la sua capacit\u00e0 di stimolare la produzione di Nerve Growth Factor (NGF). L&#8217;NGF svolge un ruolo cruciale come neurotrofina, una molecola essenziale per il benessere delle cellule nervose e per le loro funzioni di elaborazione delle informazioni nel nostro sistema nervoso.<\/p>\n<p>Per questo motivo, questo fungo \u00e8 spesso associato a benefici cognitivi ed \u00e8 stato persino chiamato &#8220;il fungo del pensiero&#8221;. Molte persone sperimentano una maggiore acutezza e chiarezza mentale dopo il consumo. Inoltre, le ricerche dimostrano che il Criniera di Leone pu\u00f2 contribuire a ridurre il rischio di malattie cardiovascolari e pu\u00f2 anche ridurre i sintomi di ansia e depressione.<\/p>\n<p>Il<strong> Lollypop Lion&#8217;s Mane<\/strong> \u00e8 pi\u00f9 di una semplice caramella: ognuno contiene 250 mg di estratto di Lion&#8217;s Mane, un potente integratore naturale. Che si tratti della freschezza del kiwi, della dolcezza della fragola, del sapore ricco del mirtillo o della classica tonalit\u00e0 della cola, c&#8217;\u00e8 un gusto per ogni fanatico delle caramelle. E il migliore? Non contengono zucchero e sono completamente vegani. Concedetevi questa delizia gustosa e nutriente!<\/p>\n<h3>Ingredienti<\/h3>\n<ul>\n<li>aroma naturale cola<\/li>\n<li>Isomalto<\/li>\n<li>colorante (E102 e E110)<\/li>\n<li>250 mg di estratto di criniera di leone<\/li>\n<\/ul>\n<h3>Consigli per lo stoccaggio<\/h3>\n<p>Conservare il prodotto in un luogo buio e fresco e fuori dalla portata dei bambini.<\/p>\n<h3>Contenuto<\/h3>\n<p>Dr Candy Lollypop Cola con 250 mg di estratto di criniera di leone &#8211; 1x.<\/p>\n","protected":false},"excerpt":{"rendered":"<p>Il criniera di leone, noto anche come Hericium Erinaceus o fungo della parrucca, \u00e8 un fungo straordinario dall&#8217;aspetto caratteristico. I graziosi fili che pendono da questo fungo ricordano la criniera di un leone. Una delle caratteristiche pi\u00f9 interessanti della Lion&#8217;s Mane \u00e8 la sua capacit\u00e0 di stimolare la produzione di Nerve Growth Factor (NGF). L&#8217;NGF [&hellip;]<\/p>\n","protected":false},"featured_media":28054,"comment_status":"closed","ping_status":"closed","template":"","meta":[],"product_brand":[],"product_cat":[328],"product_tag":[],"class_list":{"0":"post-27739","1":"product","2":"type-product","3":"status-publish","4":"has-post-thumbnail","6":"product_cat-commestibili-ai-funghi","8":"first","9":"instock","10":"taxable","11":"shipping-taxable","12":"purchasable","13":"product-type-simple"},"yoast_head":"<!-- This site is optimized with the Yoast SEO Premium plugin v26.4 (Yoast SEO v27.4) - https:\/\/yoast.com\/product\/yoast-seo-premium-wordpress\/ -->\n<title>Criniera di leone Lollypop - Cola - Dutchmicrodosing<\/title>\n<meta name=\"description\" content=\"La criniera del leone, nota anche come Hericium erinaceus o fungo della parrucca, \u00e8 un fungo straordinario dall&#039;aspetto caratteristico e dalle propriet\u00e0 medicinali...\" \/>\n<meta name=\"robots\" content=\"index, follow, max-snippet:-1, max-image-preview:large, max-video-preview:-1\" \/>\n<link rel=\"canonical\" href=\"https:\/\/dutchmicrodosing.com\/it\/negozio-di-salute\/commestibili-ai-funghi\/lions-mane-lollypop-cola\/\" \/>\n<meta property=\"og:locale\" content=\"it_IT\" \/>\n<meta property=\"og:type\" content=\"article\" \/>\n<meta property=\"og:title\" content=\"Criniera di leone Lollypop - Cola\" \/>\n<meta property=\"og:description\" content=\"Il criniera di leone, noto anche come Hericium Erinaceus o fungo della parrucca, \u00e8 un fungo straordinario dall&#039;aspetto caratteristico. I graziosi fili che\" \/>\n<meta property=\"og:url\" content=\"https:\/\/dutchmicrodosing.com\/it\/negozio-di-salute\/commestibili-ai-funghi\/lions-mane-lollypop-cola\/\" \/>\n<meta property=\"og:site_name\" content=\"Dutchmicrodosing\" \/>\n<meta property=\"article:publisher\" content=\"https:\/\/www.facebook.com\/Dutchmicrodosingxp\/\" \/>\n<meta property=\"article:modified_time\" content=\"2025-08-22T13:55:12+00:00\" \/>\n<meta property=\"og:image\" content=\"https:\/\/dutchmicrodosing.com\/wp-content\/uploads\/2023\/09\/Mushroom_lolly_cola_1000x1000.png\" \/>\n\t<meta property=\"og:image:width\" content=\"1000\" \/>\n\t<meta property=\"og:image:height\" content=\"1000\" \/>\n\t<meta property=\"og:image:type\" content=\"image\/png\" \/>\n<meta name=\"twitter:card\" content=\"summary_large_image\" \/>\n<script type=\"application\/ld+json\" class=\"yoast-schema-graph\">{\"@context\":\"https:\\\/\\\/schema.org\",\"@graph\":[{\"@type\":\"WebPage\",\"@id\":\"https:\\\/\\\/dutchmicrodosing.com\\\/it\\\/negozio-di-salute\\\/commestibili-ai-funghi\\\/lions-mane-lollypop-cola\\\/\",\"url\":\"https:\\\/\\\/dutchmicrodosing.com\\\/it\\\/negozio-di-salute\\\/commestibili-ai-funghi\\\/lions-mane-lollypop-cola\\\/\",\"name\":\"Criniera di leone Lollypop - Cola - Dutchmicrodosing\",\"isPartOf\":{\"@id\":\"https:\\\/\\\/dutchmicrodosing.com\\\/it\\\/#website\"},\"primaryImageOfPage\":{\"@id\":\"https:\\\/\\\/dutchmicrodosing.com\\\/it\\\/negozio-di-salute\\\/commestibili-ai-funghi\\\/lions-mane-lollypop-cola\\\/#primaryimage\"},\"image\":{\"@id\":\"https:\\\/\\\/dutchmicrodosing.com\\\/it\\\/negozio-di-salute\\\/commestibili-ai-funghi\\\/lions-mane-lollypop-cola\\\/#primaryimage\"},\"thumbnailUrl\":\"https:\\\/\\\/dutchmicrodosing.com\\\/wp-content\\\/uploads\\\/2023\\\/09\\\/Mushroom_lolly_cola_1000x1000.png\",\"datePublished\":\"2023-09-06T13:26:13+00:00\",\"dateModified\":\"2025-08-22T13:55:12+00:00\",\"description\":\"La criniera del leone, nota anche come Hericium erinaceus o fungo della parrucca, \u00e8 un fungo straordinario dall'aspetto caratteristico e dalle propriet\u00e0 medicinali...\",\"breadcrumb\":{\"@id\":\"https:\\\/\\\/dutchmicrodosing.com\\\/it\\\/negozio-di-salute\\\/commestibili-ai-funghi\\\/lions-mane-lollypop-cola\\\/#breadcrumb\"},\"inLanguage\":\"it-IT\",\"potentialAction\":[{\"@type\":\"ReadAction\",\"target\":[\"https:\\\/\\\/dutchmicrodosing.com\\\/it\\\/negozio-di-salute\\\/commestibili-ai-funghi\\\/lions-mane-lollypop-cola\\\/\"]}]},{\"@type\":\"ImageObject\",\"inLanguage\":\"it-IT\",\"@id\":\"https:\\\/\\\/dutchmicrodosing.com\\\/it\\\/negozio-di-salute\\\/commestibili-ai-funghi\\\/lions-mane-lollypop-cola\\\/#primaryimage\",\"url\":\"https:\\\/\\\/dutchmicrodosing.com\\\/wp-content\\\/uploads\\\/2023\\\/09\\\/Mushroom_lolly_cola_1000x1000.png\",\"contentUrl\":\"https:\\\/\\\/dutchmicrodosing.com\\\/wp-content\\\/uploads\\\/2023\\\/09\\\/Mushroom_lolly_cola_1000x1000.png\",\"width\":1000,\"height\":1000},{\"@type\":\"BreadcrumbList\",\"@id\":\"https:\\\/\\\/dutchmicrodosing.com\\\/it\\\/negozio-di-salute\\\/commestibili-ai-funghi\\\/lions-mane-lollypop-cola\\\/#breadcrumb\",\"itemListElement\":[{\"@type\":\"ListItem\",\"position\":1,\"name\":\"Home\",\"item\":\"https:\\\/\\\/dutchmicrodosing.com\\\/it\\\/\"},{\"@type\":\"ListItem\",\"position\":2,\"name\":\"Negozio\",\"item\":\"https:\\\/\\\/dutchmicrodosing.com\\\/it\\\/negozio\\\/\"},{\"@type\":\"ListItem\",\"position\":3,\"name\":\"Criniera di leone Lollypop &#8211; Cola\"}]},{\"@type\":\"WebSite\",\"@id\":\"https:\\\/\\\/dutchmicrodosing.com\\\/it\\\/#website\",\"url\":\"https:\\\/\\\/dutchmicrodosing.com\\\/it\\\/\",\"name\":\"Dutchmicrodosing\",\"description\":\"\",\"publisher\":{\"@id\":\"https:\\\/\\\/dutchmicrodosing.com\\\/it\\\/#organization\"},\"potentialAction\":[{\"@type\":\"SearchAction\",\"target\":{\"@type\":\"EntryPoint\",\"urlTemplate\":\"https:\\\/\\\/dutchmicrodosing.com\\\/it\\\/?s={search_term_string}\"},\"query-input\":{\"@type\":\"PropertyValueSpecification\",\"valueRequired\":true,\"valueName\":\"search_term_string\"}}],\"inLanguage\":\"it-IT\"},{\"@type\":\"Organization\",\"@id\":\"https:\\\/\\\/dutchmicrodosing.com\\\/it\\\/#organization\",\"name\":\"Dutchmicrodosing\",\"url\":\"https:\\\/\\\/dutchmicrodosing.com\\\/it\\\/\",\"logo\":{\"@type\":\"ImageObject\",\"inLanguage\":\"it-IT\",\"@id\":\"https:\\\/\\\/dutchmicrodosing.com\\\/it\\\/#\\\/schema\\\/logo\\\/image\\\/\",\"url\":\"https:\\\/\\\/dutchmicrodosing.com\\\/wp-content\\\/uploads\\\/2021\\\/01\\\/microdosing-categorie-pic-nieuw.jpg\",\"contentUrl\":\"https:\\\/\\\/dutchmicrodosing.com\\\/wp-content\\\/uploads\\\/2021\\\/01\\\/microdosing-categorie-pic-nieuw.jpg\",\"width\":500,\"height\":500,\"caption\":\"Dutchmicrodosing\"},\"image\":{\"@id\":\"https:\\\/\\\/dutchmicrodosing.com\\\/it\\\/#\\\/schema\\\/logo\\\/image\\\/\"},\"sameAs\":[\"https:\\\/\\\/www.facebook.com\\\/Dutchmicrodosingxp\\\/\",\"https:\\\/\\\/www.instagram.com\\\/dutchmicrodosing\\\/\"]}]}<\/script>\n<meta property=\"product:price:amount\" content=\"2.45\" \/>\n<meta property=\"product:price:currency\" content=\"EUR\" \/>\n<meta property=\"og:availability\" content=\"instock\" \/>\n<meta property=\"product:availability\" content=\"instock\" \/>\n<meta property=\"product:retailer_item_id\" content=\"3209623\" \/>\n<meta property=\"product:condition\" content=\"new\" \/>\n<!-- \/ Yoast SEO Premium plugin. -->","yoast_head_json":{"title":"Criniera di leone Lollypop - Cola - Dutchmicrodosing","description":"La criniera del leone, nota anche come Hericium erinaceus o fungo della parrucca, \u00e8 un fungo straordinario dall'aspetto caratteristico e dalle propriet\u00e0 medicinali...","robots":{"index":"index","follow":"follow","max-snippet":"max-snippet:-1","max-image-preview":"max-image-preview:large","max-video-preview":"max-video-preview:-1"},"canonical":"https:\/\/dutchmicrodosing.com\/it\/negozio-di-salute\/commestibili-ai-funghi\/lions-mane-lollypop-cola\/","og_locale":"it_IT","og_type":"article","og_title":"Criniera di leone Lollypop - Cola","og_description":"Il criniera di leone, noto anche come Hericium Erinaceus o fungo della parrucca, \u00e8 un fungo straordinario dall'aspetto caratteristico. I graziosi fili che","og_url":"https:\/\/dutchmicrodosing.com\/it\/negozio-di-salute\/commestibili-ai-funghi\/lions-mane-lollypop-cola\/","og_site_name":"Dutchmicrodosing","article_publisher":"https:\/\/www.facebook.com\/Dutchmicrodosingxp\/","article_modified_time":"2025-08-22T13:55:12+00:00","og_image":[{"width":1000,"height":1000,"url":"https:\/\/dutchmicrodosing.com\/wp-content\/uploads\/2023\/09\/Mushroom_lolly_cola_1000x1000.png","type":"image\/png"}],"twitter_card":"summary_large_image","schema":{"@context":"https:\/\/schema.org","@graph":[{"@type":"WebPage","@id":"https:\/\/dutchmicrodosing.com\/it\/negozio-di-salute\/commestibili-ai-funghi\/lions-mane-lollypop-cola\/","url":"https:\/\/dutchmicrodosing.com\/it\/negozio-di-salute\/commestibili-ai-funghi\/lions-mane-lollypop-cola\/","name":"Criniera di leone Lollypop - Cola - Dutchmicrodosing","isPartOf":{"@id":"https:\/\/dutchmicrodosing.com\/it\/#website"},"primaryImageOfPage":{"@id":"https:\/\/dutchmicrodosing.com\/it\/negozio-di-salute\/commestibili-ai-funghi\/lions-mane-lollypop-cola\/#primaryimage"},"image":{"@id":"https:\/\/dutchmicrodosing.com\/it\/negozio-di-salute\/commestibili-ai-funghi\/lions-mane-lollypop-cola\/#primaryimage"},"thumbnailUrl":"https:\/\/dutchmicrodosing.com\/wp-content\/uploads\/2023\/09\/Mushroom_lolly_cola_1000x1000.png","datePublished":"2023-09-06T13:26:13+00:00","dateModified":"2025-08-22T13:55:12+00:00","description":"La criniera del leone, nota anche come Hericium erinaceus o fungo della parrucca, \u00e8 un fungo straordinario dall'aspetto caratteristico e dalle propriet\u00e0 medicinali...","breadcrumb":{"@id":"https:\/\/dutchmicrodosing.com\/it\/negozio-di-salute\/commestibili-ai-funghi\/lions-mane-lollypop-cola\/#breadcrumb"},"inLanguage":"it-IT","potentialAction":[{"@type":"ReadAction","target":["https:\/\/dutchmicrodosing.com\/it\/negozio-di-salute\/commestibili-ai-funghi\/lions-mane-lollypop-cola\/"]}]},{"@type":"ImageObject","inLanguage":"it-IT","@id":"https:\/\/dutchmicrodosing.com\/it\/negozio-di-salute\/commestibili-ai-funghi\/lions-mane-lollypop-cola\/#primaryimage","url":"https:\/\/dutchmicrodosing.com\/wp-content\/uploads\/2023\/09\/Mushroom_lolly_cola_1000x1000.png","contentUrl":"https:\/\/dutchmicrodosing.com\/wp-content\/uploads\/2023\/09\/Mushroom_lolly_cola_1000x1000.png","width":1000,"height":1000},{"@type":"BreadcrumbList","@id":"https:\/\/dutchmicrodosing.com\/it\/negozio-di-salute\/commestibili-ai-funghi\/lions-mane-lollypop-cola\/#breadcrumb","itemListElement":[{"@type":"ListItem","position":1,"name":"Home","item":"https:\/\/dutchmicrodosing.com\/it\/"},{"@type":"ListItem","position":2,"name":"Negozio","item":"https:\/\/dutchmicrodosing.com\/it\/negozio\/"},{"@type":"ListItem","position":3,"name":"Criniera di leone Lollypop &#8211; Cola"}]},{"@type":"WebSite","@id":"https:\/\/dutchmicrodosing.com\/it\/#website","url":"https:\/\/dutchmicrodosing.com\/it\/","name":"Dutchmicrodosing","description":"","publisher":{"@id":"https:\/\/dutchmicrodosing.com\/it\/#organization"},"potentialAction":[{"@type":"SearchAction","target":{"@type":"EntryPoint","urlTemplate":"https:\/\/dutchmicrodosing.com\/it\/?s={search_term_string}"},"query-input":{"@type":"PropertyValueSpecification","valueRequired":true,"valueName":"search_term_string"}}],"inLanguage":"it-IT"},{"@type":"Organization","@id":"https:\/\/dutchmicrodosing.com\/it\/#organization","name":"Dutchmicrodosing","url":"https:\/\/dutchmicrodosing.com\/it\/","logo":{"@type":"ImageObject","inLanguage":"it-IT","@id":"https:\/\/dutchmicrodosing.com\/it\/#\/schema\/logo\/image\/","url":"https:\/\/dutchmicrodosing.com\/wp-content\/uploads\/2021\/01\/microdosing-categorie-pic-nieuw.jpg","contentUrl":"https:\/\/dutchmicrodosing.com\/wp-content\/uploads\/2021\/01\/microdosing-categorie-pic-nieuw.jpg","width":500,"height":500,"caption":"Dutchmicrodosing"},"image":{"@id":"https:\/\/dutchmicrodosing.com\/it\/#\/schema\/logo\/image\/"},"sameAs":["https:\/\/www.facebook.com\/Dutchmicrodosingxp\/","https:\/\/www.instagram.com\/dutchmicrodosing\/"]}]},"product_price_amount":"2.45","product_price_currency":"EUR","og_availability":"instock","product_availability":"instock","product_retailer_item_id":"3209623","product_condition":"new"},"_links":{"self":[{"href":"https:\/\/dutchmicrodosing.com\/it\/wp-json\/wp\/v2\/product\/27739","targetHints":{"allow":["GET"]}}],"collection":[{"href":"https:\/\/dutchmicrodosing.com\/it\/wp-json\/wp\/v2\/product"}],"about":[{"href":"https:\/\/dutchmicrodosing.com\/it\/wp-json\/wp\/v2\/types\/product"}],"replies":[{"embeddable":true,"href":"https:\/\/dutchmicrodosing.com\/it\/wp-json\/wp\/v2\/comments?post=27739"}],"version-history":[{"count":0,"href":"https:\/\/dutchmicrodosing.com\/it\/wp-json\/wp\/v2\/product\/27739\/revisions"}],"wp:featuredmedia":[{"embeddable":true,"href":"https:\/\/dutchmicrodosing.com\/it\/wp-json\/wp\/v2\/media\/28054"}],"wp:attachment":[{"href":"https:\/\/dutchmicrodosing.com\/it\/wp-json\/wp\/v2\/media?parent=27739"}],"wp:term":[{"taxonomy":"product_brand","embeddable":true,"href":"https:\/\/dutchmicrodosing.com\/it\/wp-json\/wp\/v2\/product_brand?post=27739"},{"taxonomy":"product_cat","embeddable":true,"href":"https:\/\/dutchmicrodosing.com\/it\/wp-json\/wp\/v2\/product_cat?post=27739"},{"taxonomy":"product_tag","embeddable":true,"href":"https:\/\/dutchmicrodosing.com\/it\/wp-json\/wp\/v2\/product_tag?post=27739"}],"curies":[{"name":"wp","href":"https:\/\/api.w.org\/{rel}","templated":true}]}}