{"id":28516,"date":"2023-09-24T09:41:19","date_gmt":"2023-09-24T07:41:19","guid":{"rendered":"https:\/\/dutchmicrodosing.com\/shop\/senza-categoria\/chaga-fungo-in-polvere-organico\/"},"modified":"2026-04-26T13:44:00","modified_gmt":"2026-04-26T11:44:00","slug":"chaga-fungo-in-polvere-organico","status":"publish","type":"product","link":"https:\/\/dutchmicrodosing.com\/it\/funghi-medicinali\/chaga-fungo-in-polvere-organico\/","title":{"rendered":"Funghi Chaga in polvere Biologici"},"content":{"rendered":"<p>Il chaga, conosciuto nei Paesi Bassi anche come fungo dell&#8217;erba betulla, \u00e8 molto pi\u00f9 di un semplice fungo. Questo <strong>fungo Chaga in polvere biologico<\/strong> \u00e8 della qualit\u00e0 pi\u00f9 pura e pulita. Originario delle fredde foreste settentrionali, questo fungo scuro e nodoso \u00e8 stato apprezzato per secoli nella medicina tradizionale, soprattutto in Russia e nel Nord Europa. Una delle caratteristiche pi\u00f9 evidenti del Chaga \u00e8 il suo ricco profilo nutrizionale.<\/p>\n<p>Le fibre e le proteine contenute contribuiscono a una buona digestione e alla costruzione dei muscoli. Gli antiossidanti svolgono un ruolo importante nel proteggere le nostre cellule dai danni dei radicali liberi, il che pu\u00f2 aiutare a prevenire alcune malattie croniche. Le vitamine e i minerali contenuti nel Chaga supportano un&#8217;ampia gamma di funzioni corporee, dal sistema immunitario al sistema nervoso.<\/p>\n<h3>Ingrediente<\/h3>\n<p>Fungo Chaga in polvere Biologico.<\/p>\n<h3>Utilizzo<\/h3>\n<ul>\n<li>La dose giornaliera di polvere di Chaga va da 1 a 2 cucchiaini.<\/li>\n<li>\u00c8 possibile preparare un t\u00e8 con la polvere di Chaga o aggiungerla a un frullato o a un piatto.<\/li>\n<\/ul>\n<h3>Consigli per lo stoccaggio<\/h3>\n<p>Conservare il prodotto in un luogo buio e fresco, come ad esempio un mobile della cucina, e fuori dalla portata dei bambini.<\/p>\n<h3>Contenuto<\/h3>\n<p>Fungo Chaga in polvere Biologico &#8211; 100 grammi.<\/p>\n","protected":false},"excerpt":{"rendered":"<p>Il chaga, conosciuto nei Paesi Bassi anche come fungo dell&#8217;erba betulla, \u00e8 molto pi\u00f9 di un semplice fungo. Questo fungo Chaga in polvere biologico \u00e8 della qualit\u00e0 pi\u00f9 pura e pulita. Originario delle fredde foreste settentrionali, questo fungo scuro e nodoso \u00e8 stato apprezzato per secoli nella medicina tradizionale, soprattutto in Russia e nel Nord [&hellip;]<\/p>\n","protected":false},"featured_media":62997,"comment_status":"closed","ping_status":"closed","template":"","meta":[],"product_brand":[],"product_cat":[175,296,282],"product_tag":[],"class_list":{"0":"post-28516","1":"product","2":"type-product","3":"status-publish","4":"has-post-thumbnail","6":"product_cat-funghi-medicinali","7":"product_cat-integratori-per-il-sistema-immunitario","8":"product_cat-superalimenti","10":"first","11":"instock","12":"taxable","13":"shipping-taxable","14":"purchasable","15":"product-type-simple"},"yoast_head":"<!-- This site is optimized with the Yoast SEO Premium plugin v26.4 (Yoast SEO v27.4) - https:\/\/yoast.com\/product\/yoast-seo-premium-wordpress\/ -->\n<title>Funghi Chaga in polvere Biologici - Dutchmicrodosing<\/title>\n<meta name=\"description\" content=\"Il chaga, conosciuto nei Paesi Bassi anche come fungo dell&#039;erba betulla, \u00e8 molto pi\u00f9 di un semplice fungo. Questo fungo Chaga in polvere biologico proviene...\" \/>\n<meta name=\"robots\" content=\"index, follow, max-snippet:-1, max-image-preview:large, max-video-preview:-1\" \/>\n<link rel=\"canonical\" href=\"https:\/\/dutchmicrodosing.com\/it\/funghi-medicinali\/chaga-fungo-in-polvere-organico\/\" \/>\n<meta property=\"og:locale\" content=\"it_IT\" \/>\n<meta property=\"og:type\" content=\"article\" \/>\n<meta property=\"og:title\" content=\"Funghi Chaga in polvere Biologici\" \/>\n<meta property=\"og:description\" content=\"Il chaga, conosciuto nei Paesi Bassi anche come fungo dell&#039;erba betulla, \u00e8 molto pi\u00f9 di un semplice fungo. Questo fungo Chaga in polvere biologico \u00e8 della\" \/>\n<meta property=\"og:url\" content=\"https:\/\/dutchmicrodosing.com\/it\/funghi-medicinali\/chaga-fungo-in-polvere-organico\/\" \/>\n<meta property=\"og:site_name\" content=\"Dutchmicrodosing\" \/>\n<meta property=\"article:publisher\" content=\"https:\/\/www.facebook.com\/Dutchmicrodosingxp\/\" \/>\n<meta property=\"article:modified_time\" content=\"2026-04-26T11:44:00+00:00\" \/>\n<meta property=\"og:image\" content=\"https:\/\/dutchmicrodosing.com\/wp-content\/uploads\/2023\/09\/chaga.jpg\" \/>\n\t<meta property=\"og:image:width\" content=\"888\" \/>\n\t<meta property=\"og:image:height\" content=\"888\" \/>\n\t<meta property=\"og:image:type\" content=\"image\/jpeg\" \/>\n<meta name=\"twitter:card\" content=\"summary_large_image\" \/>\n<script type=\"application\/ld+json\" class=\"yoast-schema-graph\">{\"@context\":\"https:\\\/\\\/schema.org\",\"@graph\":[{\"@type\":\"WebPage\",\"@id\":\"https:\\\/\\\/dutchmicrodosing.com\\\/it\\\/funghi-medicinali\\\/chaga-fungo-in-polvere-organico\\\/\",\"url\":\"https:\\\/\\\/dutchmicrodosing.com\\\/it\\\/funghi-medicinali\\\/chaga-fungo-in-polvere-organico\\\/\",\"name\":\"Funghi Chaga in polvere Biologici - Dutchmicrodosing\",\"isPartOf\":{\"@id\":\"https:\\\/\\\/dutchmicrodosing.com\\\/it\\\/#website\"},\"primaryImageOfPage\":{\"@id\":\"https:\\\/\\\/dutchmicrodosing.com\\\/it\\\/funghi-medicinali\\\/chaga-fungo-in-polvere-organico\\\/#primaryimage\"},\"image\":{\"@id\":\"https:\\\/\\\/dutchmicrodosing.com\\\/it\\\/funghi-medicinali\\\/chaga-fungo-in-polvere-organico\\\/#primaryimage\"},\"thumbnailUrl\":\"https:\\\/\\\/dutchmicrodosing.com\\\/wp-content\\\/uploads\\\/2025\\\/11\\\/Chaga-Powder_1.jpg\",\"datePublished\":\"2023-09-24T07:41:19+00:00\",\"dateModified\":\"2026-04-26T11:44:00+00:00\",\"description\":\"Il chaga, conosciuto nei Paesi Bassi anche come fungo dell'erba betulla, \u00e8 molto pi\u00f9 di un semplice fungo. Questo fungo Chaga in polvere biologico proviene...\",\"breadcrumb\":{\"@id\":\"https:\\\/\\\/dutchmicrodosing.com\\\/it\\\/funghi-medicinali\\\/chaga-fungo-in-polvere-organico\\\/#breadcrumb\"},\"inLanguage\":\"it-IT\",\"potentialAction\":[{\"@type\":\"ReadAction\",\"target\":[\"https:\\\/\\\/dutchmicrodosing.com\\\/it\\\/funghi-medicinali\\\/chaga-fungo-in-polvere-organico\\\/\"]}]},{\"@type\":\"ImageObject\",\"inLanguage\":\"it-IT\",\"@id\":\"https:\\\/\\\/dutchmicrodosing.com\\\/it\\\/funghi-medicinali\\\/chaga-fungo-in-polvere-organico\\\/#primaryimage\",\"url\":\"https:\\\/\\\/dutchmicrodosing.com\\\/wp-content\\\/uploads\\\/2025\\\/11\\\/Chaga-Powder_1.jpg\",\"contentUrl\":\"https:\\\/\\\/dutchmicrodosing.com\\\/wp-content\\\/uploads\\\/2025\\\/11\\\/Chaga-Powder_1.jpg\",\"width\":1500,\"height\":1500,\"caption\":\"Chaga Powder\"},{\"@type\":\"BreadcrumbList\",\"@id\":\"https:\\\/\\\/dutchmicrodosing.com\\\/it\\\/funghi-medicinali\\\/chaga-fungo-in-polvere-organico\\\/#breadcrumb\",\"itemListElement\":[{\"@type\":\"ListItem\",\"position\":1,\"name\":\"Home\",\"item\":\"https:\\\/\\\/dutchmicrodosing.com\\\/it\\\/\"},{\"@type\":\"ListItem\",\"position\":2,\"name\":\"Negozio\",\"item\":\"https:\\\/\\\/dutchmicrodosing.com\\\/it\\\/negozio\\\/\"},{\"@type\":\"ListItem\",\"position\":3,\"name\":\"Funghi Chaga in polvere Biologici\"}]},{\"@type\":\"WebSite\",\"@id\":\"https:\\\/\\\/dutchmicrodosing.com\\\/it\\\/#website\",\"url\":\"https:\\\/\\\/dutchmicrodosing.com\\\/it\\\/\",\"name\":\"Dutchmicrodosing\",\"description\":\"\",\"publisher\":{\"@id\":\"https:\\\/\\\/dutchmicrodosing.com\\\/it\\\/#organization\"},\"potentialAction\":[{\"@type\":\"SearchAction\",\"target\":{\"@type\":\"EntryPoint\",\"urlTemplate\":\"https:\\\/\\\/dutchmicrodosing.com\\\/it\\\/?s={search_term_string}\"},\"query-input\":{\"@type\":\"PropertyValueSpecification\",\"valueRequired\":true,\"valueName\":\"search_term_string\"}}],\"inLanguage\":\"it-IT\"},{\"@type\":\"Organization\",\"@id\":\"https:\\\/\\\/dutchmicrodosing.com\\\/it\\\/#organization\",\"name\":\"Dutchmicrodosing\",\"url\":\"https:\\\/\\\/dutchmicrodosing.com\\\/it\\\/\",\"logo\":{\"@type\":\"ImageObject\",\"inLanguage\":\"it-IT\",\"@id\":\"https:\\\/\\\/dutchmicrodosing.com\\\/it\\\/#\\\/schema\\\/logo\\\/image\\\/\",\"url\":\"https:\\\/\\\/dutchmicrodosing.com\\\/wp-content\\\/uploads\\\/2021\\\/01\\\/microdosing-categorie-pic-nieuw.jpg\",\"contentUrl\":\"https:\\\/\\\/dutchmicrodosing.com\\\/wp-content\\\/uploads\\\/2021\\\/01\\\/microdosing-categorie-pic-nieuw.jpg\",\"width\":500,\"height\":500,\"caption\":\"Dutchmicrodosing\"},\"image\":{\"@id\":\"https:\\\/\\\/dutchmicrodosing.com\\\/it\\\/#\\\/schema\\\/logo\\\/image\\\/\"},\"sameAs\":[\"https:\\\/\\\/www.facebook.com\\\/Dutchmicrodosingxp\\\/\",\"https:\\\/\\\/www.instagram.com\\\/dutchmicrodosing\\\/\"]}]}<\/script>\n<meta property=\"product:price:amount\" content=\"16.95\" \/>\n<meta property=\"product:price:currency\" content=\"EUR\" \/>\n<meta property=\"og:availability\" content=\"instock\" \/>\n<meta property=\"product:availability\" content=\"instock\" \/>\n<meta property=\"product:retailer_item_id\" content=\"3209566\" \/>\n<meta property=\"product:condition\" content=\"new\" \/>\n<!-- \/ Yoast SEO Premium plugin. -->","yoast_head_json":{"title":"Funghi Chaga in polvere Biologici - Dutchmicrodosing","description":"Il chaga, conosciuto nei Paesi Bassi anche come fungo dell'erba betulla, \u00e8 molto pi\u00f9 di un semplice fungo. Questo fungo Chaga in polvere biologico proviene...","robots":{"index":"index","follow":"follow","max-snippet":"max-snippet:-1","max-image-preview":"max-image-preview:large","max-video-preview":"max-video-preview:-1"},"canonical":"https:\/\/dutchmicrodosing.com\/it\/funghi-medicinali\/chaga-fungo-in-polvere-organico\/","og_locale":"it_IT","og_type":"article","og_title":"Funghi Chaga in polvere Biologici","og_description":"Il chaga, conosciuto nei Paesi Bassi anche come fungo dell'erba betulla, \u00e8 molto pi\u00f9 di un semplice fungo. Questo fungo Chaga in polvere biologico \u00e8 della","og_url":"https:\/\/dutchmicrodosing.com\/it\/funghi-medicinali\/chaga-fungo-in-polvere-organico\/","og_site_name":"Dutchmicrodosing","article_publisher":"https:\/\/www.facebook.com\/Dutchmicrodosingxp\/","article_modified_time":"2026-04-26T11:44:00+00:00","og_image":[{"width":888,"height":888,"url":"https:\/\/dutchmicrodosing.com\/wp-content\/uploads\/2023\/09\/chaga.jpg","type":"image\/jpeg"}],"twitter_card":"summary_large_image","schema":{"@context":"https:\/\/schema.org","@graph":[{"@type":"WebPage","@id":"https:\/\/dutchmicrodosing.com\/it\/funghi-medicinali\/chaga-fungo-in-polvere-organico\/","url":"https:\/\/dutchmicrodosing.com\/it\/funghi-medicinali\/chaga-fungo-in-polvere-organico\/","name":"Funghi Chaga in polvere Biologici - Dutchmicrodosing","isPartOf":{"@id":"https:\/\/dutchmicrodosing.com\/it\/#website"},"primaryImageOfPage":{"@id":"https:\/\/dutchmicrodosing.com\/it\/funghi-medicinali\/chaga-fungo-in-polvere-organico\/#primaryimage"},"image":{"@id":"https:\/\/dutchmicrodosing.com\/it\/funghi-medicinali\/chaga-fungo-in-polvere-organico\/#primaryimage"},"thumbnailUrl":"https:\/\/dutchmicrodosing.com\/wp-content\/uploads\/2025\/11\/Chaga-Powder_1.jpg","datePublished":"2023-09-24T07:41:19+00:00","dateModified":"2026-04-26T11:44:00+00:00","description":"Il chaga, conosciuto nei Paesi Bassi anche come fungo dell'erba betulla, \u00e8 molto pi\u00f9 di un semplice fungo. Questo fungo Chaga in polvere biologico proviene...","breadcrumb":{"@id":"https:\/\/dutchmicrodosing.com\/it\/funghi-medicinali\/chaga-fungo-in-polvere-organico\/#breadcrumb"},"inLanguage":"it-IT","potentialAction":[{"@type":"ReadAction","target":["https:\/\/dutchmicrodosing.com\/it\/funghi-medicinali\/chaga-fungo-in-polvere-organico\/"]}]},{"@type":"ImageObject","inLanguage":"it-IT","@id":"https:\/\/dutchmicrodosing.com\/it\/funghi-medicinali\/chaga-fungo-in-polvere-organico\/#primaryimage","url":"https:\/\/dutchmicrodosing.com\/wp-content\/uploads\/2025\/11\/Chaga-Powder_1.jpg","contentUrl":"https:\/\/dutchmicrodosing.com\/wp-content\/uploads\/2025\/11\/Chaga-Powder_1.jpg","width":1500,"height":1500,"caption":"Chaga Powder"},{"@type":"BreadcrumbList","@id":"https:\/\/dutchmicrodosing.com\/it\/funghi-medicinali\/chaga-fungo-in-polvere-organico\/#breadcrumb","itemListElement":[{"@type":"ListItem","position":1,"name":"Home","item":"https:\/\/dutchmicrodosing.com\/it\/"},{"@type":"ListItem","position":2,"name":"Negozio","item":"https:\/\/dutchmicrodosing.com\/it\/negozio\/"},{"@type":"ListItem","position":3,"name":"Funghi Chaga in polvere Biologici"}]},{"@type":"WebSite","@id":"https:\/\/dutchmicrodosing.com\/it\/#website","url":"https:\/\/dutchmicrodosing.com\/it\/","name":"Dutchmicrodosing","description":"","publisher":{"@id":"https:\/\/dutchmicrodosing.com\/it\/#organization"},"potentialAction":[{"@type":"SearchAction","target":{"@type":"EntryPoint","urlTemplate":"https:\/\/dutchmicrodosing.com\/it\/?s={search_term_string}"},"query-input":{"@type":"PropertyValueSpecification","valueRequired":true,"valueName":"search_term_string"}}],"inLanguage":"it-IT"},{"@type":"Organization","@id":"https:\/\/dutchmicrodosing.com\/it\/#organization","name":"Dutchmicrodosing","url":"https:\/\/dutchmicrodosing.com\/it\/","logo":{"@type":"ImageObject","inLanguage":"it-IT","@id":"https:\/\/dutchmicrodosing.com\/it\/#\/schema\/logo\/image\/","url":"https:\/\/dutchmicrodosing.com\/wp-content\/uploads\/2021\/01\/microdosing-categorie-pic-nieuw.jpg","contentUrl":"https:\/\/dutchmicrodosing.com\/wp-content\/uploads\/2021\/01\/microdosing-categorie-pic-nieuw.jpg","width":500,"height":500,"caption":"Dutchmicrodosing"},"image":{"@id":"https:\/\/dutchmicrodosing.com\/it\/#\/schema\/logo\/image\/"},"sameAs":["https:\/\/www.facebook.com\/Dutchmicrodosingxp\/","https:\/\/www.instagram.com\/dutchmicrodosing\/"]}]},"product_price_amount":"16.95","product_price_currency":"EUR","og_availability":"instock","product_availability":"instock","product_retailer_item_id":"3209566","product_condition":"new"},"_links":{"self":[{"href":"https:\/\/dutchmicrodosing.com\/it\/wp-json\/wp\/v2\/product\/28516","targetHints":{"allow":["GET"]}}],"collection":[{"href":"https:\/\/dutchmicrodosing.com\/it\/wp-json\/wp\/v2\/product"}],"about":[{"href":"https:\/\/dutchmicrodosing.com\/it\/wp-json\/wp\/v2\/types\/product"}],"replies":[{"embeddable":true,"href":"https:\/\/dutchmicrodosing.com\/it\/wp-json\/wp\/v2\/comments?post=28516"}],"version-history":[{"count":0,"href":"https:\/\/dutchmicrodosing.com\/it\/wp-json\/wp\/v2\/product\/28516\/revisions"}],"wp:featuredmedia":[{"embeddable":true,"href":"https:\/\/dutchmicrodosing.com\/it\/wp-json\/wp\/v2\/media\/62997"}],"wp:attachment":[{"href":"https:\/\/dutchmicrodosing.com\/it\/wp-json\/wp\/v2\/media?parent=28516"}],"wp:term":[{"taxonomy":"product_brand","embeddable":true,"href":"https:\/\/dutchmicrodosing.com\/it\/wp-json\/wp\/v2\/product_brand?post=28516"},{"taxonomy":"product_cat","embeddable":true,"href":"https:\/\/dutchmicrodosing.com\/it\/wp-json\/wp\/v2\/product_cat?post=28516"},{"taxonomy":"product_tag","embeddable":true,"href":"https:\/\/dutchmicrodosing.com\/it\/wp-json\/wp\/v2\/product_tag?post=28516"}],"curies":[{"name":"wp","href":"https:\/\/api.w.org\/{rel}","templated":true}]}}