{"id":29155,"date":"2023-09-16T18:02:40","date_gmt":"2023-09-16T16:02:40","guid":{"rendered":"https:\/\/dutchmicrodosing.com\/shop\/senza-categoria\/quotidiano-immunitario-gommoso-senza-zucchero-vegano\/"},"modified":"2025-09-09T09:32:43","modified_gmt":"2025-09-09T07:32:43","slug":"quotidiano-immunitario-gommoso-senza-zucchero-vegano","status":"publish","type":"product","link":"https:\/\/dutchmicrodosing.com\/it\/negozio-di-salute\/integratori-per-il-sistema-immunitario\/quotidiano-immunitario-gommoso-senza-zucchero-vegano\/","title":{"rendered":"Gomme immunitarie quotidiane (senza zucchero e vegane)"},"content":{"rendered":"<p>Cercate un modo semplice e gustoso per rafforzare il vostro sistema immunitario? Non cercate oltre! Le <strong>Gomme Immunitarie Quotidiane<\/strong> di Dr Candy Fit sono proprio quello che vi serve. Contengono una miscela accuratamente selezionata di vitamina D e zinco, essenziali per sostenere il sistema immunitario. Lo zinco \u00e8 noto per promuovere un sistema immunitario sano. In combinazione con la vitamina D, essenziale per la salute delle ossa e la funzionalit\u00e0 del sistema immunitario, questa miscela offre un doppio strato di protezione per il vostro benessere. Con un contenuto di 60 gommine del peso di circa 3 grammi ciascuna, si ottiene sicuramente un buon rapporto qualit\u00e0-prezzo. Tuttavia, ci\u00f2 che rende queste caramelle davvero speciali \u00e8 la loro composizione salutare: sono vegane e non contengono zuccheri extra, il che le rende ideali per chiunque scelga consapevolmente di prendersi cura della propria salute.<\/p>\n<h3>Valore energetico per 100 grammi<\/h3>\n<ul>\n<li>Energia 780 kJ<\/li>\n<li>Energia 187 kcal<\/li>\n<li>Carboidrati 77<\/li>\n<li>di cui Zuccheri 0,00<\/li>\n<li>Proteine 5.3<\/li>\n<li>Grasso &lt;0,00<\/li>\n<li>Grassi saturi 0,00<\/li>\n<li>Fibre 1.00<\/li>\n<li>Sodio 0,02<\/li>\n<li>vitamina D 50 \u03bcm per Gummie<\/li>\n<li>zinco 2,50 mg per gomma da masticare<\/li>\n<\/ul>\n<h3>Uso consigliato<\/h3>\n<p>Non assumere pi\u00f9 di 1 o 2 gommine al giorno.<\/p>\n<h3>Contenuto<\/h3>\n<p>Gomme immunitarie quotidiane al gusto di arancia &#8211; 180 g (+\/- 60 gommine).<\/p>\n<h3>Avvertenze<\/h3>\n<p>Non assumere pi\u00f9 della dose raccomandata durante il giorno. Tenere fuori dalla portata dei bambini.<\/p>\n<h3>Ingredienti<\/h3>\n<p>Edulcoranti (sciroppo di maltitolo, maltitolo), acqua, agenti gelificanti (pectina), colecalciferolo (vitamina D), aroma naturale, ganulato di zinco (zinco), concentrato (ravanello e cartamo), regolatore di acidit\u00e0 (acido citrico), citrato di sodio, olio di cocco MCT, agente di rivestimento (carnau bawas).<\/p>\n","protected":false},"excerpt":{"rendered":"<p>Cercate un modo semplice e gustoso per rafforzare il vostro sistema immunitario? Non cercate oltre! Le Gomme Immunitarie Quotidiane di Dr Candy Fit sono proprio quello che vi serve. Contengono una miscela accuratamente selezionata di vitamina D e zinco, essenziali per sostenere il sistema immunitario. Lo zinco \u00e8 noto per promuovere un sistema immunitario sano. [&hellip;]<\/p>\n","protected":false},"featured_media":29151,"comment_status":"closed","ping_status":"closed","template":"","meta":[],"product_brand":[],"product_cat":[296,173],"product_tag":[],"class_list":{"0":"post-29155","1":"product","2":"type-product","3":"status-publish","4":"has-post-thumbnail","6":"product_cat-integratori-per-il-sistema-immunitario","7":"product_cat-vitamine-e-integratori","9":"first","10":"outofstock","11":"taxable","12":"shipping-taxable","13":"purchasable","14":"product-type-simple"},"yoast_head":"<!-- This site is optimized with the Yoast SEO Premium plugin v26.4 (Yoast SEO v27.4) - https:\/\/yoast.com\/product\/yoast-seo-premium-wordpress\/ -->\n<title>Gomme immunitarie quotidiane (senza zucchero e vegane) - Dutchmicrodosing<\/title>\n<meta name=\"description\" content=\"Cercate un modo semplice e gustoso per rafforzare il vostro sistema immunitario? Daily Immunity miscela accuratamente selezionata di vitamina D e zinco...\" \/>\n<meta name=\"robots\" content=\"index, follow, max-snippet:-1, max-image-preview:large, max-video-preview:-1\" \/>\n<link rel=\"canonical\" href=\"https:\/\/dutchmicrodosing.com\/it\/negozio-di-salute\/integratori-per-il-sistema-immunitario\/quotidiano-immunitario-gommoso-senza-zucchero-vegano\/\" \/>\n<meta property=\"og:locale\" content=\"it_IT\" \/>\n<meta property=\"og:type\" content=\"article\" \/>\n<meta property=\"og:title\" content=\"Gomme immunitarie quotidiane (senza zucchero e vegane)\" \/>\n<meta property=\"og:description\" content=\"Cercate un modo semplice e gustoso per rafforzare il vostro sistema immunitario? Non cercate oltre! Le Gomme Immunitarie Quotidiane di Dr Candy Fit sono\" \/>\n<meta property=\"og:url\" content=\"https:\/\/dutchmicrodosing.com\/it\/negozio-di-salute\/integratori-per-il-sistema-immunitario\/quotidiano-immunitario-gommoso-senza-zucchero-vegano\/\" \/>\n<meta property=\"og:site_name\" content=\"Dutchmicrodosing\" \/>\n<meta property=\"article:publisher\" content=\"https:\/\/www.facebook.com\/Dutchmicrodosingxp\/\" \/>\n<meta property=\"article:modified_time\" content=\"2025-09-09T07:32:43+00:00\" \/>\n<meta property=\"og:image\" content=\"https:\/\/dutchmicrodosing.com\/wp-content\/uploads\/2023\/09\/preview-2.jpg\" \/>\n\t<meta property=\"og:image:width\" content=\"1000\" \/>\n\t<meta property=\"og:image:height\" content=\"1000\" \/>\n\t<meta property=\"og:image:type\" content=\"image\/jpeg\" \/>\n<meta name=\"twitter:card\" content=\"summary_large_image\" \/>\n<script type=\"application\/ld+json\" class=\"yoast-schema-graph\">{\"@context\":\"https:\\\/\\\/schema.org\",\"@graph\":[{\"@type\":\"WebPage\",\"@id\":\"https:\\\/\\\/dutchmicrodosing.com\\\/it\\\/negozio-di-salute\\\/integratori-per-il-sistema-immunitario\\\/quotidiano-immunitario-gommoso-senza-zucchero-vegano\\\/\",\"url\":\"https:\\\/\\\/dutchmicrodosing.com\\\/it\\\/negozio-di-salute\\\/integratori-per-il-sistema-immunitario\\\/quotidiano-immunitario-gommoso-senza-zucchero-vegano\\\/\",\"name\":\"Gomme immunitarie quotidiane (senza zucchero e vegane) - Dutchmicrodosing\",\"isPartOf\":{\"@id\":\"https:\\\/\\\/dutchmicrodosing.com\\\/it\\\/#website\"},\"primaryImageOfPage\":{\"@id\":\"https:\\\/\\\/dutchmicrodosing.com\\\/it\\\/negozio-di-salute\\\/integratori-per-il-sistema-immunitario\\\/quotidiano-immunitario-gommoso-senza-zucchero-vegano\\\/#primaryimage\"},\"image\":{\"@id\":\"https:\\\/\\\/dutchmicrodosing.com\\\/it\\\/negozio-di-salute\\\/integratori-per-il-sistema-immunitario\\\/quotidiano-immunitario-gommoso-senza-zucchero-vegano\\\/#primaryimage\"},\"thumbnailUrl\":\"https:\\\/\\\/dutchmicrodosing.com\\\/wp-content\\\/uploads\\\/2023\\\/09\\\/preview-2.jpg\",\"datePublished\":\"2023-09-16T16:02:40+00:00\",\"dateModified\":\"2025-09-09T07:32:43+00:00\",\"description\":\"Cercate un modo semplice e gustoso per rafforzare il vostro sistema immunitario? Daily Immunity miscela accuratamente selezionata di vitamina D e zinco...\",\"breadcrumb\":{\"@id\":\"https:\\\/\\\/dutchmicrodosing.com\\\/it\\\/negozio-di-salute\\\/integratori-per-il-sistema-immunitario\\\/quotidiano-immunitario-gommoso-senza-zucchero-vegano\\\/#breadcrumb\"},\"inLanguage\":\"it-IT\",\"potentialAction\":[{\"@type\":\"ReadAction\",\"target\":[\"https:\\\/\\\/dutchmicrodosing.com\\\/it\\\/negozio-di-salute\\\/integratori-per-il-sistema-immunitario\\\/quotidiano-immunitario-gommoso-senza-zucchero-vegano\\\/\"]}]},{\"@type\":\"ImageObject\",\"inLanguage\":\"it-IT\",\"@id\":\"https:\\\/\\\/dutchmicrodosing.com\\\/it\\\/negozio-di-salute\\\/integratori-per-il-sistema-immunitario\\\/quotidiano-immunitario-gommoso-senza-zucchero-vegano\\\/#primaryimage\",\"url\":\"https:\\\/\\\/dutchmicrodosing.com\\\/wp-content\\\/uploads\\\/2023\\\/09\\\/preview-2.jpg\",\"contentUrl\":\"https:\\\/\\\/dutchmicrodosing.com\\\/wp-content\\\/uploads\\\/2023\\\/09\\\/preview-2.jpg\",\"width\":1000,\"height\":1000},{\"@type\":\"BreadcrumbList\",\"@id\":\"https:\\\/\\\/dutchmicrodosing.com\\\/it\\\/negozio-di-salute\\\/integratori-per-il-sistema-immunitario\\\/quotidiano-immunitario-gommoso-senza-zucchero-vegano\\\/#breadcrumb\",\"itemListElement\":[{\"@type\":\"ListItem\",\"position\":1,\"name\":\"Home\",\"item\":\"https:\\\/\\\/dutchmicrodosing.com\\\/it\\\/\"},{\"@type\":\"ListItem\",\"position\":2,\"name\":\"Negozio\",\"item\":\"https:\\\/\\\/dutchmicrodosing.com\\\/it\\\/negozio\\\/\"},{\"@type\":\"ListItem\",\"position\":3,\"name\":\"Gomme immunitarie quotidiane (senza zucchero e vegane)\"}]},{\"@type\":\"WebSite\",\"@id\":\"https:\\\/\\\/dutchmicrodosing.com\\\/it\\\/#website\",\"url\":\"https:\\\/\\\/dutchmicrodosing.com\\\/it\\\/\",\"name\":\"Dutchmicrodosing\",\"description\":\"\",\"publisher\":{\"@id\":\"https:\\\/\\\/dutchmicrodosing.com\\\/it\\\/#organization\"},\"potentialAction\":[{\"@type\":\"SearchAction\",\"target\":{\"@type\":\"EntryPoint\",\"urlTemplate\":\"https:\\\/\\\/dutchmicrodosing.com\\\/it\\\/?s={search_term_string}\"},\"query-input\":{\"@type\":\"PropertyValueSpecification\",\"valueRequired\":true,\"valueName\":\"search_term_string\"}}],\"inLanguage\":\"it-IT\"},{\"@type\":\"Organization\",\"@id\":\"https:\\\/\\\/dutchmicrodosing.com\\\/it\\\/#organization\",\"name\":\"Dutchmicrodosing\",\"url\":\"https:\\\/\\\/dutchmicrodosing.com\\\/it\\\/\",\"logo\":{\"@type\":\"ImageObject\",\"inLanguage\":\"it-IT\",\"@id\":\"https:\\\/\\\/dutchmicrodosing.com\\\/it\\\/#\\\/schema\\\/logo\\\/image\\\/\",\"url\":\"https:\\\/\\\/dutchmicrodosing.com\\\/wp-content\\\/uploads\\\/2021\\\/01\\\/microdosing-categorie-pic-nieuw.jpg\",\"contentUrl\":\"https:\\\/\\\/dutchmicrodosing.com\\\/wp-content\\\/uploads\\\/2021\\\/01\\\/microdosing-categorie-pic-nieuw.jpg\",\"width\":500,\"height\":500,\"caption\":\"Dutchmicrodosing\"},\"image\":{\"@id\":\"https:\\\/\\\/dutchmicrodosing.com\\\/it\\\/#\\\/schema\\\/logo\\\/image\\\/\"},\"sameAs\":[\"https:\\\/\\\/www.facebook.com\\\/Dutchmicrodosingxp\\\/\",\"https:\\\/\\\/www.instagram.com\\\/dutchmicrodosing\\\/\"]}]}<\/script>\n<meta property=\"product:price:amount\" content=\"17.95\" \/>\n<meta property=\"product:price:currency\" content=\"EUR\" \/>\n<meta property=\"og:availability\" content=\"out of stock\" \/>\n<meta property=\"product:availability\" content=\"out of stock\" \/>\n<meta property=\"product:retailer_item_id\" content=\"3209482\" \/>\n<meta property=\"product:condition\" content=\"new\" \/>\n<!-- \/ Yoast SEO Premium plugin. -->","yoast_head_json":{"title":"Gomme immunitarie quotidiane (senza zucchero e vegane) - Dutchmicrodosing","description":"Cercate un modo semplice e gustoso per rafforzare il vostro sistema immunitario? Daily Immunity miscela accuratamente selezionata di vitamina D e zinco...","robots":{"index":"index","follow":"follow","max-snippet":"max-snippet:-1","max-image-preview":"max-image-preview:large","max-video-preview":"max-video-preview:-1"},"canonical":"https:\/\/dutchmicrodosing.com\/it\/negozio-di-salute\/integratori-per-il-sistema-immunitario\/quotidiano-immunitario-gommoso-senza-zucchero-vegano\/","og_locale":"it_IT","og_type":"article","og_title":"Gomme immunitarie quotidiane (senza zucchero e vegane)","og_description":"Cercate un modo semplice e gustoso per rafforzare il vostro sistema immunitario? Non cercate oltre! Le Gomme Immunitarie Quotidiane di Dr Candy Fit sono","og_url":"https:\/\/dutchmicrodosing.com\/it\/negozio-di-salute\/integratori-per-il-sistema-immunitario\/quotidiano-immunitario-gommoso-senza-zucchero-vegano\/","og_site_name":"Dutchmicrodosing","article_publisher":"https:\/\/www.facebook.com\/Dutchmicrodosingxp\/","article_modified_time":"2025-09-09T07:32:43+00:00","og_image":[{"width":1000,"height":1000,"url":"https:\/\/dutchmicrodosing.com\/wp-content\/uploads\/2023\/09\/preview-2.jpg","type":"image\/jpeg"}],"twitter_card":"summary_large_image","schema":{"@context":"https:\/\/schema.org","@graph":[{"@type":"WebPage","@id":"https:\/\/dutchmicrodosing.com\/it\/negozio-di-salute\/integratori-per-il-sistema-immunitario\/quotidiano-immunitario-gommoso-senza-zucchero-vegano\/","url":"https:\/\/dutchmicrodosing.com\/it\/negozio-di-salute\/integratori-per-il-sistema-immunitario\/quotidiano-immunitario-gommoso-senza-zucchero-vegano\/","name":"Gomme immunitarie quotidiane (senza zucchero e vegane) - Dutchmicrodosing","isPartOf":{"@id":"https:\/\/dutchmicrodosing.com\/it\/#website"},"primaryImageOfPage":{"@id":"https:\/\/dutchmicrodosing.com\/it\/negozio-di-salute\/integratori-per-il-sistema-immunitario\/quotidiano-immunitario-gommoso-senza-zucchero-vegano\/#primaryimage"},"image":{"@id":"https:\/\/dutchmicrodosing.com\/it\/negozio-di-salute\/integratori-per-il-sistema-immunitario\/quotidiano-immunitario-gommoso-senza-zucchero-vegano\/#primaryimage"},"thumbnailUrl":"https:\/\/dutchmicrodosing.com\/wp-content\/uploads\/2023\/09\/preview-2.jpg","datePublished":"2023-09-16T16:02:40+00:00","dateModified":"2025-09-09T07:32:43+00:00","description":"Cercate un modo semplice e gustoso per rafforzare il vostro sistema immunitario? Daily Immunity miscela accuratamente selezionata di vitamina D e zinco...","breadcrumb":{"@id":"https:\/\/dutchmicrodosing.com\/it\/negozio-di-salute\/integratori-per-il-sistema-immunitario\/quotidiano-immunitario-gommoso-senza-zucchero-vegano\/#breadcrumb"},"inLanguage":"it-IT","potentialAction":[{"@type":"ReadAction","target":["https:\/\/dutchmicrodosing.com\/it\/negozio-di-salute\/integratori-per-il-sistema-immunitario\/quotidiano-immunitario-gommoso-senza-zucchero-vegano\/"]}]},{"@type":"ImageObject","inLanguage":"it-IT","@id":"https:\/\/dutchmicrodosing.com\/it\/negozio-di-salute\/integratori-per-il-sistema-immunitario\/quotidiano-immunitario-gommoso-senza-zucchero-vegano\/#primaryimage","url":"https:\/\/dutchmicrodosing.com\/wp-content\/uploads\/2023\/09\/preview-2.jpg","contentUrl":"https:\/\/dutchmicrodosing.com\/wp-content\/uploads\/2023\/09\/preview-2.jpg","width":1000,"height":1000},{"@type":"BreadcrumbList","@id":"https:\/\/dutchmicrodosing.com\/it\/negozio-di-salute\/integratori-per-il-sistema-immunitario\/quotidiano-immunitario-gommoso-senza-zucchero-vegano\/#breadcrumb","itemListElement":[{"@type":"ListItem","position":1,"name":"Home","item":"https:\/\/dutchmicrodosing.com\/it\/"},{"@type":"ListItem","position":2,"name":"Negozio","item":"https:\/\/dutchmicrodosing.com\/it\/negozio\/"},{"@type":"ListItem","position":3,"name":"Gomme immunitarie quotidiane (senza zucchero e vegane)"}]},{"@type":"WebSite","@id":"https:\/\/dutchmicrodosing.com\/it\/#website","url":"https:\/\/dutchmicrodosing.com\/it\/","name":"Dutchmicrodosing","description":"","publisher":{"@id":"https:\/\/dutchmicrodosing.com\/it\/#organization"},"potentialAction":[{"@type":"SearchAction","target":{"@type":"EntryPoint","urlTemplate":"https:\/\/dutchmicrodosing.com\/it\/?s={search_term_string}"},"query-input":{"@type":"PropertyValueSpecification","valueRequired":true,"valueName":"search_term_string"}}],"inLanguage":"it-IT"},{"@type":"Organization","@id":"https:\/\/dutchmicrodosing.com\/it\/#organization","name":"Dutchmicrodosing","url":"https:\/\/dutchmicrodosing.com\/it\/","logo":{"@type":"ImageObject","inLanguage":"it-IT","@id":"https:\/\/dutchmicrodosing.com\/it\/#\/schema\/logo\/image\/","url":"https:\/\/dutchmicrodosing.com\/wp-content\/uploads\/2021\/01\/microdosing-categorie-pic-nieuw.jpg","contentUrl":"https:\/\/dutchmicrodosing.com\/wp-content\/uploads\/2021\/01\/microdosing-categorie-pic-nieuw.jpg","width":500,"height":500,"caption":"Dutchmicrodosing"},"image":{"@id":"https:\/\/dutchmicrodosing.com\/it\/#\/schema\/logo\/image\/"},"sameAs":["https:\/\/www.facebook.com\/Dutchmicrodosingxp\/","https:\/\/www.instagram.com\/dutchmicrodosing\/"]}]},"product_price_amount":"17.95","product_price_currency":"EUR","og_availability":"out of stock","product_availability":"out of stock","product_retailer_item_id":"3209482","product_condition":"new"},"_links":{"self":[{"href":"https:\/\/dutchmicrodosing.com\/it\/wp-json\/wp\/v2\/product\/29155","targetHints":{"allow":["GET"]}}],"collection":[{"href":"https:\/\/dutchmicrodosing.com\/it\/wp-json\/wp\/v2\/product"}],"about":[{"href":"https:\/\/dutchmicrodosing.com\/it\/wp-json\/wp\/v2\/types\/product"}],"replies":[{"embeddable":true,"href":"https:\/\/dutchmicrodosing.com\/it\/wp-json\/wp\/v2\/comments?post=29155"}],"version-history":[{"count":0,"href":"https:\/\/dutchmicrodosing.com\/it\/wp-json\/wp\/v2\/product\/29155\/revisions"}],"wp:featuredmedia":[{"embeddable":true,"href":"https:\/\/dutchmicrodosing.com\/it\/wp-json\/wp\/v2\/media\/29151"}],"wp:attachment":[{"href":"https:\/\/dutchmicrodosing.com\/it\/wp-json\/wp\/v2\/media?parent=29155"}],"wp:term":[{"taxonomy":"product_brand","embeddable":true,"href":"https:\/\/dutchmicrodosing.com\/it\/wp-json\/wp\/v2\/product_brand?post=29155"},{"taxonomy":"product_cat","embeddable":true,"href":"https:\/\/dutchmicrodosing.com\/it\/wp-json\/wp\/v2\/product_cat?post=29155"},{"taxonomy":"product_tag","embeddable":true,"href":"https:\/\/dutchmicrodosing.com\/it\/wp-json\/wp\/v2\/product_tag?post=29155"}],"curies":[{"name":"wp","href":"https:\/\/api.w.org\/{rel}","templated":true}]}}