{"id":29628,"date":"2023-10-31T12:53:58","date_gmt":"2023-10-31T11:53:58","guid":{"rendered":"https:\/\/dutchmicrodosing.com\/shop\/senza-categoria\/leone-uomo-lollypop-kiwi\/"},"modified":"2025-08-20T01:54:15","modified_gmt":"2025-08-19T23:54:15","slug":"leone-uomo-lollypop-kiwi","status":"publish","type":"product","link":"https:\/\/dutchmicrodosing.com\/it\/negozio-di-salute\/commestibili-ai-funghi\/leone-uomo-lollypop-kiwi\/","title":{"rendered":"Criniera di leone Lollypop &#8211; Kiwi"},"content":{"rendered":"<p>Il <strong>criniera di leone<\/strong>, noto anche come Hericium erinaceus o fungo della parrucca, \u00e8 un fungo straordinario dall&#8217;aspetto caratteristico. I graziosi fili che pendono da questo fungo ricordano la criniera di un leone. Una delle caratteristiche pi\u00f9 interessanti della Lion&#8217;s Mane \u00e8 la sua capacit\u00e0 di stimolare la produzione di Nerve Growth Factor (NGF). L&#8217;NGF svolge un ruolo cruciale come neurotrofina, una molecola essenziale per il benessere delle cellule nervose e per le loro funzioni di elaborazione delle informazioni nel nostro sistema nervoso.<\/p>\n<p>Per questo motivo, questo fungo \u00e8 spesso associato a benefici cognitivi ed \u00e8 stato persino chiamato &#8220;il fungo del pensiero&#8221;. Molte persone sperimentano una maggiore acutezza e chiarezza mentale dopo il consumo. Inoltre, le ricerche dimostrano che il Criniera di Leone pu\u00f2 contribuire a ridurre il rischio di malattie cardiovascolari e pu\u00f2 anche ridurre i sintomi di ansia e depressione.<\/p>\n<p>Il Lollypop alla criniera di leone \u00e8 pi\u00f9 di una semplice caramella: ognuno contiene 250 mg di estratto di criniera di leone, un potente integratore naturale. Che si tratti della freschezza del kiwi, della dolcezza della fragola, del sapore ricco del mirtillo o della classica tonalit\u00e0 della cola, c&#8217;\u00e8 un gusto per ogni fanatico delle caramelle. E il migliore? Non contengono zucchero e sono completamente vegani. Concedetevi questa delizia gustosa e nutriente!<\/p>\n<h3>Ingredienti<\/h3>\n<ul>\n<li>aroma naturale di kiwi<\/li>\n<li>Isomalto<\/li>\n<li>colorante (E102 e E131)<\/li>\n<li>250 mg di estratto di criniera di leone<\/li>\n<\/ul>\n<h3>Consigli per lo stoccaggio<\/h3>\n<p>Conservare il prodotto in un luogo buio e fresco e fuori dalla portata dei bambini.<\/p>\n<h3>Contenuto<\/h3>\n<p>Dr Candy Lollypop Kiwi con 250 mg di estratto di criniera di leone &#8211; 1x.<\/p>\n","protected":false},"excerpt":{"rendered":"<p>Il criniera di leone, noto anche come Hericium erinaceus o fungo della parrucca, \u00e8 un fungo straordinario dall&#8217;aspetto caratteristico. I graziosi fili che pendono da questo fungo ricordano la criniera di un leone. Una delle caratteristiche pi\u00f9 interessanti della Lion&#8217;s Mane \u00e8 la sua capacit\u00e0 di stimolare la produzione di Nerve Growth Factor (NGF). L&#8217;NGF [&hellip;]<\/p>\n","protected":false},"featured_media":28066,"comment_status":"closed","ping_status":"closed","template":"","meta":[],"product_brand":[],"product_cat":[328],"product_tag":[],"class_list":{"0":"post-29628","1":"product","2":"type-product","3":"status-publish","4":"has-post-thumbnail","6":"product_cat-commestibili-ai-funghi","8":"first","9":"instock","10":"taxable","11":"shipping-taxable","12":"purchasable","13":"product-type-simple"},"yoast_head":"<!-- This site is optimized with the Yoast SEO Premium plugin v26.4 (Yoast SEO v27.2) - https:\/\/yoast.com\/product\/yoast-seo-premium-wordpress\/ -->\n<title>Criniera di leone Lollypop - Kiwi - Dutchmicrodosing<\/title>\n<meta name=\"description\" content=\"Il lecca-lecca alla criniera di leone \u00e8 pi\u00f9 di una semplice caramella: ogni lecca-lecca contiene 250 mg di estratto di criniera di leone, un potente integratore naturale. Se avete voglia di...\" \/>\n<meta name=\"robots\" content=\"index, follow, max-snippet:-1, max-image-preview:large, max-video-preview:-1\" \/>\n<link rel=\"canonical\" href=\"https:\/\/dutchmicrodosing.com\/it\/negozio-di-salute\/commestibili-ai-funghi\/leone-uomo-lollypop-kiwi\/\" \/>\n<meta property=\"og:locale\" content=\"it_IT\" \/>\n<meta property=\"og:type\" content=\"article\" \/>\n<meta property=\"og:title\" content=\"Criniera di leone Lollypop - Kiwi\" \/>\n<meta property=\"og:description\" content=\"Il criniera di leone, noto anche come Hericium erinaceus o fungo della parrucca, \u00e8 un fungo straordinario dall&#039;aspetto caratteristico. I graziosi fili che\" \/>\n<meta property=\"og:url\" content=\"https:\/\/dutchmicrodosing.com\/it\/negozio-di-salute\/commestibili-ai-funghi\/leone-uomo-lollypop-kiwi\/\" \/>\n<meta property=\"og:site_name\" content=\"Dutchmicrodosing\" \/>\n<meta property=\"article:publisher\" content=\"https:\/\/www.facebook.com\/Dutchmicrodosingxp\/\" \/>\n<meta property=\"article:modified_time\" content=\"2025-08-19T23:54:15+00:00\" \/>\n<meta property=\"og:image\" content=\"https:\/\/dutchmicrodosing.com\/wp-content\/uploads\/2023\/09\/Mushroom_lolly_kiwi_1000x1000.png\" \/>\n\t<meta property=\"og:image:width\" content=\"1000\" \/>\n\t<meta property=\"og:image:height\" content=\"1000\" \/>\n\t<meta property=\"og:image:type\" content=\"image\/png\" \/>\n<meta name=\"twitter:card\" content=\"summary_large_image\" \/>\n<script type=\"application\/ld+json\" class=\"yoast-schema-graph\">{\"@context\":\"https:\/\/schema.org\",\"@graph\":[{\"@type\":\"WebPage\",\"@id\":\"https:\/\/dutchmicrodosing.com\/it\/negozio-di-salute\/commestibili-ai-funghi\/leone-uomo-lollypop-kiwi\/\",\"url\":\"https:\/\/dutchmicrodosing.com\/it\/negozio-di-salute\/commestibili-ai-funghi\/leone-uomo-lollypop-kiwi\/\",\"name\":\"Criniera di leone Lollypop - Kiwi - Dutchmicrodosing\",\"isPartOf\":{\"@id\":\"https:\/\/dutchmicrodosing.com\/it\/#website\"},\"primaryImageOfPage\":{\"@id\":\"https:\/\/dutchmicrodosing.com\/it\/negozio-di-salute\/commestibili-ai-funghi\/leone-uomo-lollypop-kiwi\/#primaryimage\"},\"image\":{\"@id\":\"https:\/\/dutchmicrodosing.com\/it\/negozio-di-salute\/commestibili-ai-funghi\/leone-uomo-lollypop-kiwi\/#primaryimage\"},\"thumbnailUrl\":\"https:\/\/dutchmicrodosing.com\/wp-content\/uploads\/2023\/09\/Mushroom_lolly_kiwi_1000x1000.png\",\"datePublished\":\"2023-10-31T11:53:58+00:00\",\"dateModified\":\"2025-08-19T23:54:15+00:00\",\"description\":\"Il lecca-lecca alla criniera di leone \u00e8 pi\u00f9 di una semplice caramella: ogni lecca-lecca contiene 250 mg di estratto di criniera di leone, un potente integratore naturale. Se avete voglia di...\",\"breadcrumb\":{\"@id\":\"https:\/\/dutchmicrodosing.com\/it\/negozio-di-salute\/commestibili-ai-funghi\/leone-uomo-lollypop-kiwi\/#breadcrumb\"},\"inLanguage\":\"it-IT\",\"potentialAction\":[{\"@type\":\"ReadAction\",\"target\":[\"https:\/\/dutchmicrodosing.com\/it\/negozio-di-salute\/commestibili-ai-funghi\/leone-uomo-lollypop-kiwi\/\"]}]},{\"@type\":\"ImageObject\",\"inLanguage\":\"it-IT\",\"@id\":\"https:\/\/dutchmicrodosing.com\/it\/negozio-di-salute\/commestibili-ai-funghi\/leone-uomo-lollypop-kiwi\/#primaryimage\",\"url\":\"https:\/\/dutchmicrodosing.com\/wp-content\/uploads\/2023\/09\/Mushroom_lolly_kiwi_1000x1000.png\",\"contentUrl\":\"https:\/\/dutchmicrodosing.com\/wp-content\/uploads\/2023\/09\/Mushroom_lolly_kiwi_1000x1000.png\",\"width\":1000,\"height\":1000},{\"@type\":\"BreadcrumbList\",\"@id\":\"https:\/\/dutchmicrodosing.com\/it\/negozio-di-salute\/commestibili-ai-funghi\/leone-uomo-lollypop-kiwi\/#breadcrumb\",\"itemListElement\":[{\"@type\":\"ListItem\",\"position\":1,\"name\":\"Home\",\"item\":\"https:\/\/dutchmicrodosing.com\/it\/\"},{\"@type\":\"ListItem\",\"position\":2,\"name\":\"Negozio\",\"item\":\"https:\/\/dutchmicrodosing.com\/it\/negozio\/\"},{\"@type\":\"ListItem\",\"position\":3,\"name\":\"Criniera di leone Lollypop &#8211; Kiwi\"}]},{\"@type\":\"WebSite\",\"@id\":\"https:\/\/dutchmicrodosing.com\/it\/#website\",\"url\":\"https:\/\/dutchmicrodosing.com\/it\/\",\"name\":\"Dutchmicrodosing\",\"description\":\"\",\"publisher\":{\"@id\":\"https:\/\/dutchmicrodosing.com\/it\/#organization\"},\"potentialAction\":[{\"@type\":\"SearchAction\",\"target\":{\"@type\":\"EntryPoint\",\"urlTemplate\":\"https:\/\/dutchmicrodosing.com\/it\/?s={search_term_string}\"},\"query-input\":{\"@type\":\"PropertyValueSpecification\",\"valueRequired\":true,\"valueName\":\"search_term_string\"}}],\"inLanguage\":\"it-IT\"},{\"@type\":\"Organization\",\"@id\":\"https:\/\/dutchmicrodosing.com\/it\/#organization\",\"name\":\"Dutchmicrodosing\",\"url\":\"https:\/\/dutchmicrodosing.com\/it\/\",\"logo\":{\"@type\":\"ImageObject\",\"inLanguage\":\"it-IT\",\"@id\":\"https:\/\/dutchmicrodosing.com\/it\/#\/schema\/logo\/image\/\",\"url\":\"https:\/\/dutchmicrodosing.com\/wp-content\/uploads\/2021\/01\/microdosing-categorie-pic-nieuw.jpg\",\"contentUrl\":\"https:\/\/dutchmicrodosing.com\/wp-content\/uploads\/2021\/01\/microdosing-categorie-pic-nieuw.jpg\",\"width\":500,\"height\":500,\"caption\":\"Dutchmicrodosing\"},\"image\":{\"@id\":\"https:\/\/dutchmicrodosing.com\/it\/#\/schema\/logo\/image\/\"},\"sameAs\":[\"https:\/\/www.facebook.com\/Dutchmicrodosingxp\/\",\"https:\/\/www.instagram.com\/dutchmicrodosing\/\"]}]}<\/script>\n<meta property=\"product:price:amount\" content=\"2.45\" \/>\n<meta property=\"product:price:currency\" content=\"EUR\" \/>\n<meta property=\"og:availability\" content=\"instock\" \/>\n<meta property=\"product:availability\" content=\"instock\" \/>\n<meta property=\"product:retailer_item_id\" content=\"3209777\" \/>\n<meta property=\"product:condition\" content=\"new\" \/>\n<!-- \/ Yoast SEO Premium plugin. -->","yoast_head_json":{"title":"Criniera di leone Lollypop - Kiwi - Dutchmicrodosing","description":"Il lecca-lecca alla criniera di leone \u00e8 pi\u00f9 di una semplice caramella: ogni lecca-lecca contiene 250 mg di estratto di criniera di leone, un potente integratore naturale. Se avete voglia di...","robots":{"index":"index","follow":"follow","max-snippet":"max-snippet:-1","max-image-preview":"max-image-preview:large","max-video-preview":"max-video-preview:-1"},"canonical":"https:\/\/dutchmicrodosing.com\/it\/negozio-di-salute\/commestibili-ai-funghi\/leone-uomo-lollypop-kiwi\/","og_locale":"it_IT","og_type":"article","og_title":"Criniera di leone Lollypop - Kiwi","og_description":"Il criniera di leone, noto anche come Hericium erinaceus o fungo della parrucca, \u00e8 un fungo straordinario dall'aspetto caratteristico. I graziosi fili che","og_url":"https:\/\/dutchmicrodosing.com\/it\/negozio-di-salute\/commestibili-ai-funghi\/leone-uomo-lollypop-kiwi\/","og_site_name":"Dutchmicrodosing","article_publisher":"https:\/\/www.facebook.com\/Dutchmicrodosingxp\/","article_modified_time":"2025-08-19T23:54:15+00:00","og_image":[{"width":1000,"height":1000,"url":"https:\/\/dutchmicrodosing.com\/wp-content\/uploads\/2023\/09\/Mushroom_lolly_kiwi_1000x1000.png","type":"image\/png"}],"twitter_card":"summary_large_image","schema":{"@context":"https:\/\/schema.org","@graph":[{"@type":"WebPage","@id":"https:\/\/dutchmicrodosing.com\/it\/negozio-di-salute\/commestibili-ai-funghi\/leone-uomo-lollypop-kiwi\/","url":"https:\/\/dutchmicrodosing.com\/it\/negozio-di-salute\/commestibili-ai-funghi\/leone-uomo-lollypop-kiwi\/","name":"Criniera di leone Lollypop - Kiwi - Dutchmicrodosing","isPartOf":{"@id":"https:\/\/dutchmicrodosing.com\/it\/#website"},"primaryImageOfPage":{"@id":"https:\/\/dutchmicrodosing.com\/it\/negozio-di-salute\/commestibili-ai-funghi\/leone-uomo-lollypop-kiwi\/#primaryimage"},"image":{"@id":"https:\/\/dutchmicrodosing.com\/it\/negozio-di-salute\/commestibili-ai-funghi\/leone-uomo-lollypop-kiwi\/#primaryimage"},"thumbnailUrl":"https:\/\/dutchmicrodosing.com\/wp-content\/uploads\/2023\/09\/Mushroom_lolly_kiwi_1000x1000.png","datePublished":"2023-10-31T11:53:58+00:00","dateModified":"2025-08-19T23:54:15+00:00","description":"Il lecca-lecca alla criniera di leone \u00e8 pi\u00f9 di una semplice caramella: ogni lecca-lecca contiene 250 mg di estratto di criniera di leone, un potente integratore naturale. Se avete voglia di...","breadcrumb":{"@id":"https:\/\/dutchmicrodosing.com\/it\/negozio-di-salute\/commestibili-ai-funghi\/leone-uomo-lollypop-kiwi\/#breadcrumb"},"inLanguage":"it-IT","potentialAction":[{"@type":"ReadAction","target":["https:\/\/dutchmicrodosing.com\/it\/negozio-di-salute\/commestibili-ai-funghi\/leone-uomo-lollypop-kiwi\/"]}]},{"@type":"ImageObject","inLanguage":"it-IT","@id":"https:\/\/dutchmicrodosing.com\/it\/negozio-di-salute\/commestibili-ai-funghi\/leone-uomo-lollypop-kiwi\/#primaryimage","url":"https:\/\/dutchmicrodosing.com\/wp-content\/uploads\/2023\/09\/Mushroom_lolly_kiwi_1000x1000.png","contentUrl":"https:\/\/dutchmicrodosing.com\/wp-content\/uploads\/2023\/09\/Mushroom_lolly_kiwi_1000x1000.png","width":1000,"height":1000},{"@type":"BreadcrumbList","@id":"https:\/\/dutchmicrodosing.com\/it\/negozio-di-salute\/commestibili-ai-funghi\/leone-uomo-lollypop-kiwi\/#breadcrumb","itemListElement":[{"@type":"ListItem","position":1,"name":"Home","item":"https:\/\/dutchmicrodosing.com\/it\/"},{"@type":"ListItem","position":2,"name":"Negozio","item":"https:\/\/dutchmicrodosing.com\/it\/negozio\/"},{"@type":"ListItem","position":3,"name":"Criniera di leone Lollypop &#8211; Kiwi"}]},{"@type":"WebSite","@id":"https:\/\/dutchmicrodosing.com\/it\/#website","url":"https:\/\/dutchmicrodosing.com\/it\/","name":"Dutchmicrodosing","description":"","publisher":{"@id":"https:\/\/dutchmicrodosing.com\/it\/#organization"},"potentialAction":[{"@type":"SearchAction","target":{"@type":"EntryPoint","urlTemplate":"https:\/\/dutchmicrodosing.com\/it\/?s={search_term_string}"},"query-input":{"@type":"PropertyValueSpecification","valueRequired":true,"valueName":"search_term_string"}}],"inLanguage":"it-IT"},{"@type":"Organization","@id":"https:\/\/dutchmicrodosing.com\/it\/#organization","name":"Dutchmicrodosing","url":"https:\/\/dutchmicrodosing.com\/it\/","logo":{"@type":"ImageObject","inLanguage":"it-IT","@id":"https:\/\/dutchmicrodosing.com\/it\/#\/schema\/logo\/image\/","url":"https:\/\/dutchmicrodosing.com\/wp-content\/uploads\/2021\/01\/microdosing-categorie-pic-nieuw.jpg","contentUrl":"https:\/\/dutchmicrodosing.com\/wp-content\/uploads\/2021\/01\/microdosing-categorie-pic-nieuw.jpg","width":500,"height":500,"caption":"Dutchmicrodosing"},"image":{"@id":"https:\/\/dutchmicrodosing.com\/it\/#\/schema\/logo\/image\/"},"sameAs":["https:\/\/www.facebook.com\/Dutchmicrodosingxp\/","https:\/\/www.instagram.com\/dutchmicrodosing\/"]}]},"product_price_amount":"2.45","product_price_currency":"EUR","og_availability":"instock","product_availability":"instock","product_retailer_item_id":"3209777","product_condition":"new"},"_links":{"self":[{"href":"https:\/\/dutchmicrodosing.com\/it\/wp-json\/wp\/v2\/product\/29628","targetHints":{"allow":["GET"]}}],"collection":[{"href":"https:\/\/dutchmicrodosing.com\/it\/wp-json\/wp\/v2\/product"}],"about":[{"href":"https:\/\/dutchmicrodosing.com\/it\/wp-json\/wp\/v2\/types\/product"}],"replies":[{"embeddable":true,"href":"https:\/\/dutchmicrodosing.com\/it\/wp-json\/wp\/v2\/comments?post=29628"}],"version-history":[{"count":0,"href":"https:\/\/dutchmicrodosing.com\/it\/wp-json\/wp\/v2\/product\/29628\/revisions"}],"wp:featuredmedia":[{"embeddable":true,"href":"https:\/\/dutchmicrodosing.com\/it\/wp-json\/wp\/v2\/media\/28066"}],"wp:attachment":[{"href":"https:\/\/dutchmicrodosing.com\/it\/wp-json\/wp\/v2\/media?parent=29628"}],"wp:term":[{"taxonomy":"product_brand","embeddable":true,"href":"https:\/\/dutchmicrodosing.com\/it\/wp-json\/wp\/v2\/product_brand?post=29628"},{"taxonomy":"product_cat","embeddable":true,"href":"https:\/\/dutchmicrodosing.com\/it\/wp-json\/wp\/v2\/product_cat?post=29628"},{"taxonomy":"product_tag","embeddable":true,"href":"https:\/\/dutchmicrodosing.com\/it\/wp-json\/wp\/v2\/product_tag?post=29628"}],"curies":[{"name":"wp","href":"https:\/\/api.w.org\/{rel}","templated":true}]}}