{"id":30030,"date":"2023-08-23T12:51:53","date_gmt":"2023-08-23T10:51:53","guid":{"rendered":"https:\/\/dutchmicrodosing.com\/shop\/senza-categoria\/rinfrescare-sobriare-30-pezzi\/"},"modified":"2025-09-08T12:41:59","modified_gmt":"2025-09-08T10:41:59","slug":"rinfrescare-sobriare-30-pezzi","status":"publish","type":"product","link":"https:\/\/dutchmicrodosing.com\/it\/negozio-di-salute\/vitamine-e-integratori\/rinfrescare-sobriare-30-pezzi\/","title":{"rendered":"Refresh Sober Up &#8211; 30 pezzi"},"content":{"rendered":"<p>Le<strong> compresse Sober Up di Refresh<\/strong> sono pillole naturali che aiutano a contrastare gli effetti negativi dell&#8217;eccesso di alcol, fornendo al contempo una carica di energia. L&#8217;ingrediente principale \u00e8 il ginseng, un&#8217;erba della medicina cinese che da secoli \u00e8 apprezzata per le sue propriet\u00e0 terapeutiche ed energetiche. Il ginseng ha anche propriet\u00e0 adattogene, cio\u00e8 aiuta l&#8217;organismo ad adattarsi allo stress. Questo rende le compresse efficaci contro la stanchezza, il mal di testa e la disidratazione causata dall&#8217;alcol.<\/p>\n<h3>Ingredienti<\/h3>\n<ul>\n<li>Ginseng Panax (416,65 mg<\/li>\n<li>27%-30% di ginsenosidi)<\/li>\n<li>Olio di girasole (1,16 g)<\/li>\n<li>Pappa reale liofilizzata (350 mg, 3:1 fresca)<\/li>\n<li>Cera d&#8217;api gialla (75 mg)<\/li>\n<li>Lecitina di soia (50 mg )<\/li>\n<li>Eccipienti: Gelatina, E172, E420, E422.<\/li>\n<\/ul>\n<h3>Utilizzo<\/h3>\n<p>Per un trattamento di 2 giorni consecutivi, assumere 5 softgel al giorno con 2 o 3 bicchieri d&#8217;acqua. Non assumere pi\u00f9 di 5 softgel nelle 24 ore. Non superare questa dose giornaliera. Bere almeno 10 bicchieri d&#8217;acqua al giorno per idratare l&#8217;organismo durante questo regime.<\/p>\n<h3>Consigli per lo stoccaggio<\/h3>\n<p>In un luogo asciutto e fresco, lontano dai bambini.<\/p>\n<h3>Contenuto<\/h3>\n<p>Refresh&#8217;s Sober Up &#8211; 30 capsule morbide.<\/p>\n","protected":false},"excerpt":{"rendered":"<p>Le compresse Sober Up di Refresh sono pillole naturali che aiutano a contrastare gli effetti negativi dell&#8217;eccesso di alcol, fornendo al contempo una carica di energia. L&#8217;ingrediente principale \u00e8 il ginseng, un&#8217;erba della medicina cinese che da secoli \u00e8 apprezzata per le sue propriet\u00e0 terapeutiche ed energetiche. Il ginseng ha anche propriet\u00e0 adattogene, cio\u00e8 aiuta [&hellip;]<\/p>\n","protected":false},"featured_media":26887,"comment_status":"closed","ping_status":"closed","template":"","meta":[],"product_brand":[],"product_cat":[173],"product_tag":[],"class_list":{"0":"post-30030","1":"product","2":"type-product","3":"status-publish","4":"has-post-thumbnail","6":"product_cat-vitamine-e-integratori","8":"first","9":"instock","10":"taxable","11":"shipping-taxable","12":"purchasable","13":"product-type-simple"},"yoast_head":"<!-- This site is optimized with the Yoast SEO Premium plugin v26.4 (Yoast SEO v27.4) - https:\/\/yoast.com\/product\/yoast-seo-premium-wordpress\/ -->\n<title>Refresh Sober Up - 30 pezzi - Dutchmicrodosing<\/title>\n<meta name=\"description\" content=\"Le compresse Sober Up di Refresh sono pillole naturali che aiutano a contrastare gli effetti negativi dell&#039;eccesso di alcol, fornendo al contempo una carica di energia.\" \/>\n<meta name=\"robots\" content=\"index, follow, max-snippet:-1, max-image-preview:large, max-video-preview:-1\" \/>\n<link rel=\"canonical\" href=\"https:\/\/dutchmicrodosing.com\/it\/negozio-di-salute\/vitamine-e-integratori\/rinfrescare-sobriare-30-pezzi\/\" \/>\n<meta property=\"og:locale\" content=\"it_IT\" \/>\n<meta property=\"og:type\" content=\"article\" \/>\n<meta property=\"og:title\" content=\"Refresh Sober Up - 30 pezzi\" \/>\n<meta property=\"og:description\" content=\"Le compresse Sober Up di Refresh sono pillole naturali che aiutano a contrastare gli effetti negativi dell&#039;eccesso di alcol, fornendo al contempo una\" \/>\n<meta property=\"og:url\" content=\"https:\/\/dutchmicrodosing.com\/it\/negozio-di-salute\/vitamine-e-integratori\/rinfrescare-sobriare-30-pezzi\/\" \/>\n<meta property=\"og:site_name\" content=\"Dutchmicrodosing\" \/>\n<meta property=\"article:publisher\" content=\"https:\/\/www.facebook.com\/Dutchmicrodosingxp\/\" \/>\n<meta property=\"article:modified_time\" content=\"2025-09-08T10:41:59+00:00\" \/>\n<meta property=\"og:image\" content=\"https:\/\/dutchmicrodosing.com\/wp-content\/uploads\/2023\/08\/SoberUp1-768x768-1.jpg\" \/>\n\t<meta property=\"og:image:width\" content=\"768\" \/>\n\t<meta property=\"og:image:height\" content=\"768\" \/>\n\t<meta property=\"og:image:type\" content=\"image\/jpeg\" \/>\n<meta name=\"twitter:card\" content=\"summary_large_image\" \/>\n<script type=\"application\/ld+json\" class=\"yoast-schema-graph\">{\"@context\":\"https:\\\/\\\/schema.org\",\"@graph\":[{\"@type\":\"WebPage\",\"@id\":\"https:\\\/\\\/dutchmicrodosing.com\\\/it\\\/negozio-di-salute\\\/vitamine-e-integratori\\\/rinfrescare-sobriare-30-pezzi\\\/\",\"url\":\"https:\\\/\\\/dutchmicrodosing.com\\\/it\\\/negozio-di-salute\\\/vitamine-e-integratori\\\/rinfrescare-sobriare-30-pezzi\\\/\",\"name\":\"Refresh Sober Up - 30 pezzi - Dutchmicrodosing\",\"isPartOf\":{\"@id\":\"https:\\\/\\\/dutchmicrodosing.com\\\/it\\\/#website\"},\"primaryImageOfPage\":{\"@id\":\"https:\\\/\\\/dutchmicrodosing.com\\\/it\\\/negozio-di-salute\\\/vitamine-e-integratori\\\/rinfrescare-sobriare-30-pezzi\\\/#primaryimage\"},\"image\":{\"@id\":\"https:\\\/\\\/dutchmicrodosing.com\\\/it\\\/negozio-di-salute\\\/vitamine-e-integratori\\\/rinfrescare-sobriare-30-pezzi\\\/#primaryimage\"},\"thumbnailUrl\":\"https:\\\/\\\/dutchmicrodosing.com\\\/wp-content\\\/uploads\\\/2023\\\/08\\\/SoberUp1-768x768-1.jpg\",\"datePublished\":\"2023-08-23T10:51:53+00:00\",\"dateModified\":\"2025-09-08T10:41:59+00:00\",\"description\":\"Le compresse Sober Up di Refresh sono pillole naturali che aiutano a contrastare gli effetti negativi dell'eccesso di alcol, fornendo al contempo una carica di energia.\",\"breadcrumb\":{\"@id\":\"https:\\\/\\\/dutchmicrodosing.com\\\/it\\\/negozio-di-salute\\\/vitamine-e-integratori\\\/rinfrescare-sobriare-30-pezzi\\\/#breadcrumb\"},\"inLanguage\":\"it-IT\",\"potentialAction\":[{\"@type\":\"ReadAction\",\"target\":[\"https:\\\/\\\/dutchmicrodosing.com\\\/it\\\/negozio-di-salute\\\/vitamine-e-integratori\\\/rinfrescare-sobriare-30-pezzi\\\/\"]}]},{\"@type\":\"ImageObject\",\"inLanguage\":\"it-IT\",\"@id\":\"https:\\\/\\\/dutchmicrodosing.com\\\/it\\\/negozio-di-salute\\\/vitamine-e-integratori\\\/rinfrescare-sobriare-30-pezzi\\\/#primaryimage\",\"url\":\"https:\\\/\\\/dutchmicrodosing.com\\\/wp-content\\\/uploads\\\/2023\\\/08\\\/SoberUp1-768x768-1.jpg\",\"contentUrl\":\"https:\\\/\\\/dutchmicrodosing.com\\\/wp-content\\\/uploads\\\/2023\\\/08\\\/SoberUp1-768x768-1.jpg\",\"width\":768,\"height\":768},{\"@type\":\"BreadcrumbList\",\"@id\":\"https:\\\/\\\/dutchmicrodosing.com\\\/it\\\/negozio-di-salute\\\/vitamine-e-integratori\\\/rinfrescare-sobriare-30-pezzi\\\/#breadcrumb\",\"itemListElement\":[{\"@type\":\"ListItem\",\"position\":1,\"name\":\"Home\",\"item\":\"https:\\\/\\\/dutchmicrodosing.com\\\/it\\\/\"},{\"@type\":\"ListItem\",\"position\":2,\"name\":\"Negozio\",\"item\":\"https:\\\/\\\/dutchmicrodosing.com\\\/it\\\/negozio\\\/\"},{\"@type\":\"ListItem\",\"position\":3,\"name\":\"Refresh Sober Up &#8211; 30 pezzi\"}]},{\"@type\":\"WebSite\",\"@id\":\"https:\\\/\\\/dutchmicrodosing.com\\\/it\\\/#website\",\"url\":\"https:\\\/\\\/dutchmicrodosing.com\\\/it\\\/\",\"name\":\"Dutchmicrodosing\",\"description\":\"\",\"publisher\":{\"@id\":\"https:\\\/\\\/dutchmicrodosing.com\\\/it\\\/#organization\"},\"potentialAction\":[{\"@type\":\"SearchAction\",\"target\":{\"@type\":\"EntryPoint\",\"urlTemplate\":\"https:\\\/\\\/dutchmicrodosing.com\\\/it\\\/?s={search_term_string}\"},\"query-input\":{\"@type\":\"PropertyValueSpecification\",\"valueRequired\":true,\"valueName\":\"search_term_string\"}}],\"inLanguage\":\"it-IT\"},{\"@type\":\"Organization\",\"@id\":\"https:\\\/\\\/dutchmicrodosing.com\\\/it\\\/#organization\",\"name\":\"Dutchmicrodosing\",\"url\":\"https:\\\/\\\/dutchmicrodosing.com\\\/it\\\/\",\"logo\":{\"@type\":\"ImageObject\",\"inLanguage\":\"it-IT\",\"@id\":\"https:\\\/\\\/dutchmicrodosing.com\\\/it\\\/#\\\/schema\\\/logo\\\/image\\\/\",\"url\":\"https:\\\/\\\/dutchmicrodosing.com\\\/wp-content\\\/uploads\\\/2021\\\/01\\\/microdosing-categorie-pic-nieuw.jpg\",\"contentUrl\":\"https:\\\/\\\/dutchmicrodosing.com\\\/wp-content\\\/uploads\\\/2021\\\/01\\\/microdosing-categorie-pic-nieuw.jpg\",\"width\":500,\"height\":500,\"caption\":\"Dutchmicrodosing\"},\"image\":{\"@id\":\"https:\\\/\\\/dutchmicrodosing.com\\\/it\\\/#\\\/schema\\\/logo\\\/image\\\/\"},\"sameAs\":[\"https:\\\/\\\/www.facebook.com\\\/Dutchmicrodosingxp\\\/\",\"https:\\\/\\\/www.instagram.com\\\/dutchmicrodosing\\\/\"]}]}<\/script>\n<meta property=\"product:price:amount\" content=\"22.95\" \/>\n<meta property=\"product:price:currency\" content=\"EUR\" \/>\n<meta property=\"og:availability\" content=\"instock\" \/>\n<meta property=\"product:availability\" content=\"instock\" \/>\n<meta property=\"product:retailer_item_id\" content=\"3207362\" \/>\n<meta property=\"product:condition\" content=\"new\" \/>\n<!-- \/ Yoast SEO Premium plugin. -->","yoast_head_json":{"title":"Refresh Sober Up - 30 pezzi - Dutchmicrodosing","description":"Le compresse Sober Up di Refresh sono pillole naturali che aiutano a contrastare gli effetti negativi dell'eccesso di alcol, fornendo al contempo una carica di energia.","robots":{"index":"index","follow":"follow","max-snippet":"max-snippet:-1","max-image-preview":"max-image-preview:large","max-video-preview":"max-video-preview:-1"},"canonical":"https:\/\/dutchmicrodosing.com\/it\/negozio-di-salute\/vitamine-e-integratori\/rinfrescare-sobriare-30-pezzi\/","og_locale":"it_IT","og_type":"article","og_title":"Refresh Sober Up - 30 pezzi","og_description":"Le compresse Sober Up di Refresh sono pillole naturali che aiutano a contrastare gli effetti negativi dell'eccesso di alcol, fornendo al contempo una","og_url":"https:\/\/dutchmicrodosing.com\/it\/negozio-di-salute\/vitamine-e-integratori\/rinfrescare-sobriare-30-pezzi\/","og_site_name":"Dutchmicrodosing","article_publisher":"https:\/\/www.facebook.com\/Dutchmicrodosingxp\/","article_modified_time":"2025-09-08T10:41:59+00:00","og_image":[{"width":768,"height":768,"url":"https:\/\/dutchmicrodosing.com\/wp-content\/uploads\/2023\/08\/SoberUp1-768x768-1.jpg","type":"image\/jpeg"}],"twitter_card":"summary_large_image","schema":{"@context":"https:\/\/schema.org","@graph":[{"@type":"WebPage","@id":"https:\/\/dutchmicrodosing.com\/it\/negozio-di-salute\/vitamine-e-integratori\/rinfrescare-sobriare-30-pezzi\/","url":"https:\/\/dutchmicrodosing.com\/it\/negozio-di-salute\/vitamine-e-integratori\/rinfrescare-sobriare-30-pezzi\/","name":"Refresh Sober Up - 30 pezzi - Dutchmicrodosing","isPartOf":{"@id":"https:\/\/dutchmicrodosing.com\/it\/#website"},"primaryImageOfPage":{"@id":"https:\/\/dutchmicrodosing.com\/it\/negozio-di-salute\/vitamine-e-integratori\/rinfrescare-sobriare-30-pezzi\/#primaryimage"},"image":{"@id":"https:\/\/dutchmicrodosing.com\/it\/negozio-di-salute\/vitamine-e-integratori\/rinfrescare-sobriare-30-pezzi\/#primaryimage"},"thumbnailUrl":"https:\/\/dutchmicrodosing.com\/wp-content\/uploads\/2023\/08\/SoberUp1-768x768-1.jpg","datePublished":"2023-08-23T10:51:53+00:00","dateModified":"2025-09-08T10:41:59+00:00","description":"Le compresse Sober Up di Refresh sono pillole naturali che aiutano a contrastare gli effetti negativi dell'eccesso di alcol, fornendo al contempo una carica di energia.","breadcrumb":{"@id":"https:\/\/dutchmicrodosing.com\/it\/negozio-di-salute\/vitamine-e-integratori\/rinfrescare-sobriare-30-pezzi\/#breadcrumb"},"inLanguage":"it-IT","potentialAction":[{"@type":"ReadAction","target":["https:\/\/dutchmicrodosing.com\/it\/negozio-di-salute\/vitamine-e-integratori\/rinfrescare-sobriare-30-pezzi\/"]}]},{"@type":"ImageObject","inLanguage":"it-IT","@id":"https:\/\/dutchmicrodosing.com\/it\/negozio-di-salute\/vitamine-e-integratori\/rinfrescare-sobriare-30-pezzi\/#primaryimage","url":"https:\/\/dutchmicrodosing.com\/wp-content\/uploads\/2023\/08\/SoberUp1-768x768-1.jpg","contentUrl":"https:\/\/dutchmicrodosing.com\/wp-content\/uploads\/2023\/08\/SoberUp1-768x768-1.jpg","width":768,"height":768},{"@type":"BreadcrumbList","@id":"https:\/\/dutchmicrodosing.com\/it\/negozio-di-salute\/vitamine-e-integratori\/rinfrescare-sobriare-30-pezzi\/#breadcrumb","itemListElement":[{"@type":"ListItem","position":1,"name":"Home","item":"https:\/\/dutchmicrodosing.com\/it\/"},{"@type":"ListItem","position":2,"name":"Negozio","item":"https:\/\/dutchmicrodosing.com\/it\/negozio\/"},{"@type":"ListItem","position":3,"name":"Refresh Sober Up &#8211; 30 pezzi"}]},{"@type":"WebSite","@id":"https:\/\/dutchmicrodosing.com\/it\/#website","url":"https:\/\/dutchmicrodosing.com\/it\/","name":"Dutchmicrodosing","description":"","publisher":{"@id":"https:\/\/dutchmicrodosing.com\/it\/#organization"},"potentialAction":[{"@type":"SearchAction","target":{"@type":"EntryPoint","urlTemplate":"https:\/\/dutchmicrodosing.com\/it\/?s={search_term_string}"},"query-input":{"@type":"PropertyValueSpecification","valueRequired":true,"valueName":"search_term_string"}}],"inLanguage":"it-IT"},{"@type":"Organization","@id":"https:\/\/dutchmicrodosing.com\/it\/#organization","name":"Dutchmicrodosing","url":"https:\/\/dutchmicrodosing.com\/it\/","logo":{"@type":"ImageObject","inLanguage":"it-IT","@id":"https:\/\/dutchmicrodosing.com\/it\/#\/schema\/logo\/image\/","url":"https:\/\/dutchmicrodosing.com\/wp-content\/uploads\/2021\/01\/microdosing-categorie-pic-nieuw.jpg","contentUrl":"https:\/\/dutchmicrodosing.com\/wp-content\/uploads\/2021\/01\/microdosing-categorie-pic-nieuw.jpg","width":500,"height":500,"caption":"Dutchmicrodosing"},"image":{"@id":"https:\/\/dutchmicrodosing.com\/it\/#\/schema\/logo\/image\/"},"sameAs":["https:\/\/www.facebook.com\/Dutchmicrodosingxp\/","https:\/\/www.instagram.com\/dutchmicrodosing\/"]}]},"product_price_amount":"22.95","product_price_currency":"EUR","og_availability":"instock","product_availability":"instock","product_retailer_item_id":"3207362","product_condition":"new"},"_links":{"self":[{"href":"https:\/\/dutchmicrodosing.com\/it\/wp-json\/wp\/v2\/product\/30030","targetHints":{"allow":["GET"]}}],"collection":[{"href":"https:\/\/dutchmicrodosing.com\/it\/wp-json\/wp\/v2\/product"}],"about":[{"href":"https:\/\/dutchmicrodosing.com\/it\/wp-json\/wp\/v2\/types\/product"}],"replies":[{"embeddable":true,"href":"https:\/\/dutchmicrodosing.com\/it\/wp-json\/wp\/v2\/comments?post=30030"}],"version-history":[{"count":0,"href":"https:\/\/dutchmicrodosing.com\/it\/wp-json\/wp\/v2\/product\/30030\/revisions"}],"wp:featuredmedia":[{"embeddable":true,"href":"https:\/\/dutchmicrodosing.com\/it\/wp-json\/wp\/v2\/media\/26887"}],"wp:attachment":[{"href":"https:\/\/dutchmicrodosing.com\/it\/wp-json\/wp\/v2\/media?parent=30030"}],"wp:term":[{"taxonomy":"product_brand","embeddable":true,"href":"https:\/\/dutchmicrodosing.com\/it\/wp-json\/wp\/v2\/product_brand?post=30030"},{"taxonomy":"product_cat","embeddable":true,"href":"https:\/\/dutchmicrodosing.com\/it\/wp-json\/wp\/v2\/product_cat?post=30030"},{"taxonomy":"product_tag","embeddable":true,"href":"https:\/\/dutchmicrodosing.com\/it\/wp-json\/wp\/v2\/product_tag?post=30030"}],"curies":[{"name":"wp","href":"https:\/\/api.w.org\/{rel}","templated":true}]}}