{"id":30087,"date":"2023-04-01T10:52:25","date_gmt":"2023-04-01T08:52:25","guid":{"rendered":"https:\/\/dutchmicrodosing.com\/shop\/senza-categoria\/brain-booster-120-capsule\/"},"modified":"2026-03-25T02:40:42","modified_gmt":"2026-03-25T01:40:42","slug":"brain-booster-120-capsule","status":"publish","type":"product","link":"https:\/\/dutchmicrodosing.com\/it\/funghi-medicinali\/brain-booster-120-capsule\/","title":{"rendered":"Brain Booster &#8211; 120 Cap."},"content":{"rendered":"<p>McMyco Brain Booster contiene una formula cerebrale unica. L&#8217;ingrediente principale \u00e8 il fungo della criniera del leone, noto anche come nutriente naturale per i neuroni. Tradotto letteralmente, significa <em>nutrimento naturale per i neuroni. <\/em>I neuroni sono le cellule nervose e quindi i mattoni del cervello. Le capsule cerebrali sono inoltre arricchite con altre efficaci sostanze naturali, tra cui lo zinco e la vitamina C. Entrambe le sostanze sono ottime per la memoria e forniscono un&#8217;efficacia supplementare.<\/p>\n<h2>I benefici per la salute delle capsule di stimolatore cerebrale alla criniera di leone<\/h2>\n<p>Il Lion&#8217;s Mane, scientificamente noto come Hericium erinaceus, \u00e8 un fungo commestibile e medicinale utilizzato da secoli nella medicina tradizionale cinese e giapponese. Nei tempi moderni, le capsule di Lion&#8217;s Mane sono diventate una scelta popolare per le persone che cercano di migliorare la propria salute mentale e fisica. Questo &#8220;stimolatore del cervello&#8221; ha una serie di potenziali benefici che sono affascinanti e promettenti.<\/p>\n<ul>\n<li>Rinforzo cognitivo<\/li>\n<li>Propriet\u00e0 neuroprotettive<\/li>\n<li>Rafforzamento del sistema immunitario<\/li>\n<li>Supporto per la salute mentale<\/li>\n<\/ul>\n<h2>Effetti della criniera di leone sul cervello<\/h2>\n<p>Il Lion&#8217;s Mane, noto anche come &#8220;Hericium erinaceus&#8221;, \u00e8 un fungo medicinale utilizzato da secoli nella medicina tradizionale cinese. Negli ultimi anni, l&#8217;interesse per questo fungo \u00e8 aumentato anche nel mondo occidentale, soprattutto per i suoi possibili effetti positivi sul cervello. In questo articolo discutiamo i risultati della ricerca e i potenziali benefici dell&#8217;uso delle capsule di Lion&#8217;s Mane come &#8220;stimolante cerebrale&#8221; naturale.<\/p>\n<h3>Neurogenesi e plasticit\u00e0 cerebrale<\/h3>\n<p>Una delle propriet\u00e0 pi\u00f9 sorprendenti della Lion&#8217;s Mane \u00e8 la sua capacit\u00e0 di stimolare la produzione di nuovi neuroni, un processo noto come neurogenesi. Questo pu\u00f2 portare a un miglioramento delle funzioni cognitive e a livelli pi\u00f9 elevati di plasticit\u00e0 cerebrale, rendendo pi\u00f9 facile l&#8217;apprendimento di nuove abilit\u00e0 e la memorizzazione delle informazioni.<\/p>\n<h3>Migliorare la memoria<\/h3>\n<p>Diversi studi hanno dimostrato che l&#8217;assunzione di Lion&#8217;s Mane pu\u00f2 migliorare le funzioni della memoria. Ci\u00f2 \u00e8 dovuto principalmente alla presenza di ericenoni ed erinacine, due tipi di composti bioattivi unici di questo fungo. Possono aiutare a riparare le cellule nervose danneggiate e a migliorare la memoria e altre funzioni cognitive.<\/p>\n<h3>Umore e ansia<\/h3>\n<p>Alcuni studi suggeriscono che il Lion&#8217;s Mane pu\u00f2 avere un effetto positivo anche sulla salute mentale, riducendo i sintomi di ansia e depressione. Sebbene il meccanismo alla base di questa azione non sia ancora del tutto chiaro, si ritiene che influisca sulla produzione di serotonina e di altri neurotrasmettitori che regolano l&#8217;umore.<\/p>\n<h3>Protezione dalle malattie neurodegenerative<\/h3>\n<p>Studi preliminari suggeriscono che il Lion&#8217;s Mane potrebbe anche avere effetti protettivi contro le malattie neurodegenerative come l&#8217;Alzheimer e il Parkinson. Le propriet\u00e0 antiossidanti del fungo possono contribuire a ridurre l&#8217;infiammazione e lo stress ossidativo, due fattori chiave nello sviluppo di queste malattie.<\/p>\n<h3>Precauzioni ed effetti collaterali<\/h3>\n<p>Sebbene il Lion&#8217;s Mane sia generalmente considerato sicuro, \u00e8 importante consultare un medico prima di iniziare un regime di integrazione, soprattutto se si stanno gi\u00e0 assumendo farmaci o si hanno altre condizioni mediche. I possibili effetti collaterali possono includere disturbi gastrointestinali e reazioni allergiche.<\/p>\n<p>Brain Booster pu\u00f2 essere utilizzato in molte situazioni ed \u00e8 particolarmente adatto come integratore durante il microdosaggio, ad esempio con McMicrodose.<\/p>\n<ul>\n<li>Efficace formula per il cervello<\/li>\n<li>Estratto standard di qualit\u00e0 McMyco<\/li>\n<li>120 capsule vegane per confezione<\/li>\n<li>Contiene criniera di leone: un nutriente naturale per i neuroni.<\/li>\n<li>Facile da prendere<\/li>\n<li>Pu\u00f2 essere combinato con altri funghi medicinali McMyco.<\/li>\n<\/ul>\n<p><strong>Ingredienti:<\/strong><\/p>\n<p>Per capsula vegetale: 184 mg di estratto biologico di criniera di leone (Hericium erinaceus) dal 100% del corpo fruttifero (fungo). \u00c8 un estratto completo ottenuto per mezzo di H2O ed etanolo. Questo per ottenere il massimo dai corpi fruttiferi. Contiene il 30% di polisaccaridi e beta-glucani. 46 mg di vitamina C, 23 mg di alanina, 23 mg di colina, 23 mg di gaba, 23 mg di l-glutammina, 27 mg di l-istidina, 23 mg di l-teanina, 11 mg di magnesio, 23 mg di panex ginseng, 4,6 mg di zinco, 5,8 mg di vitamine B 1,2,6,8,11 e 12, 1,2 mg di vitamina K.<\/p>\n<p>Eccipienti: Magnesio citrato e biossido di silicio.<br \/>\nDosaggio: 2 volte al giorno 1 capsula durante i pasti con acqua.<br \/>\nConsigli per la conservazione: Conservare in un luogo fresco e buio.<\/p>\n<p><strong>Attenzione:<\/strong><br \/>\nBrain Booster di McMyco \u00e8 un integratore alimentare e deve essere utilizzato come tale. Non superare la dose giornaliera raccomandata. Tenere il prodotto fuori dalla portata dei bambini. Consultare il proprio medico prima dell&#8217;uso se si \u00e8 incinta, si sta allattando o si hanno problemi di salute.<\/p>\n","protected":false},"excerpt":{"rendered":"<p>McMyco Brain Booster contiene una formula cerebrale unica. L&#8217;ingrediente principale \u00e8 il fungo della criniera del leone, noto anche come nutriente naturale per i neuroni. Tradotto letteralmente, significa nutrimento naturale per i neuroni. I neuroni sono le cellule nervose e quindi i mattoni del cervello. Le capsule cerebrali sono inoltre arricchite con altre efficaci sostanze [&hellip;]<\/p>\n","protected":false},"featured_media":22423,"comment_status":"closed","ping_status":"closed","template":"","meta":[],"product_brand":[],"product_cat":[175,323],"product_tag":[],"class_list":{"0":"post-30087","1":"product","2":"type-product","3":"status-publish","4":"has-post-thumbnail","6":"product_cat-funghi-medicinali","7":"product_cat-integratori-per-la-concentrazione","9":"first","10":"instock","11":"taxable","12":"shipping-taxable","13":"purchasable","14":"product-type-simple"},"yoast_head":"<!-- This site is optimized with the Yoast SEO Premium plugin v26.4 (Yoast SEO v27.2) - https:\/\/yoast.com\/product\/yoast-seo-premium-wordpress\/ -->\n<title>Brain Booster - 120 Cap. - Dutchmicrodosing<\/title>\n<meta name=\"robots\" content=\"index, follow, max-snippet:-1, max-image-preview:large, max-video-preview:-1\" \/>\n<link rel=\"canonical\" href=\"https:\/\/dutchmicrodosing.com\/it\/funghi-medicinali\/brain-booster-120-capsule\/\" \/>\n<meta property=\"og:locale\" content=\"it_IT\" \/>\n<meta property=\"og:type\" content=\"article\" \/>\n<meta property=\"og:title\" content=\"Brain Booster - 120 Cap.\" \/>\n<meta property=\"og:description\" content=\"McMyco Brain Booster contiene una formula cerebrale unica. L&#039;ingrediente principale \u00e8 il fungo della criniera del leone, noto anche come nutriente\" \/>\n<meta property=\"og:url\" content=\"https:\/\/dutchmicrodosing.com\/it\/funghi-medicinali\/brain-booster-120-capsule\/\" \/>\n<meta property=\"og:site_name\" content=\"Dutchmicrodosing\" \/>\n<meta property=\"article:publisher\" content=\"https:\/\/www.facebook.com\/Dutchmicrodosingxp\/\" \/>\n<meta property=\"article:modified_time\" content=\"2026-03-25T01:40:42+00:00\" \/>\n<meta property=\"og:image\" content=\"https:\/\/dutchmicrodosing.com\/wp-content\/uploads\/2023\/04\/BrainBooster-2-768x768-1.jpg\" \/>\n\t<meta property=\"og:image:width\" content=\"768\" \/>\n\t<meta property=\"og:image:height\" content=\"768\" \/>\n\t<meta property=\"og:image:type\" content=\"image\/jpeg\" \/>\n<meta name=\"twitter:card\" content=\"summary_large_image\" \/>\n<script type=\"application\/ld+json\" class=\"yoast-schema-graph\">{\"@context\":\"https:\/\/schema.org\",\"@graph\":[{\"@type\":\"WebPage\",\"@id\":\"https:\/\/dutchmicrodosing.com\/it\/funghi-medicinali\/brain-booster-120-capsule\/\",\"url\":\"https:\/\/dutchmicrodosing.com\/it\/funghi-medicinali\/brain-booster-120-capsule\/\",\"name\":\"Brain Booster - 120 Cap. - Dutchmicrodosing\",\"isPartOf\":{\"@id\":\"https:\/\/dutchmicrodosing.com\/it\/#website\"},\"primaryImageOfPage\":{\"@id\":\"https:\/\/dutchmicrodosing.com\/it\/funghi-medicinali\/brain-booster-120-capsule\/#primaryimage\"},\"image\":{\"@id\":\"https:\/\/dutchmicrodosing.com\/it\/funghi-medicinali\/brain-booster-120-capsule\/#primaryimage\"},\"thumbnailUrl\":\"https:\/\/dutchmicrodosing.com\/wp-content\/uploads\/2023\/04\/BrainBooster-2-768x768-1.jpg\",\"datePublished\":\"2023-04-01T08:52:25+00:00\",\"dateModified\":\"2026-03-25T01:40:42+00:00\",\"breadcrumb\":{\"@id\":\"https:\/\/dutchmicrodosing.com\/it\/funghi-medicinali\/brain-booster-120-capsule\/#breadcrumb\"},\"inLanguage\":\"it-IT\",\"potentialAction\":[{\"@type\":\"ReadAction\",\"target\":[\"https:\/\/dutchmicrodosing.com\/it\/funghi-medicinali\/brain-booster-120-capsule\/\"]}]},{\"@type\":\"ImageObject\",\"inLanguage\":\"it-IT\",\"@id\":\"https:\/\/dutchmicrodosing.com\/it\/funghi-medicinali\/brain-booster-120-capsule\/#primaryimage\",\"url\":\"https:\/\/dutchmicrodosing.com\/wp-content\/uploads\/2023\/04\/BrainBooster-2-768x768-1.jpg\",\"contentUrl\":\"https:\/\/dutchmicrodosing.com\/wp-content\/uploads\/2023\/04\/BrainBooster-2-768x768-1.jpg\",\"width\":768,\"height\":768},{\"@type\":\"BreadcrumbList\",\"@id\":\"https:\/\/dutchmicrodosing.com\/it\/funghi-medicinali\/brain-booster-120-capsule\/#breadcrumb\",\"itemListElement\":[{\"@type\":\"ListItem\",\"position\":1,\"name\":\"Home\",\"item\":\"https:\/\/dutchmicrodosing.com\/it\/\"},{\"@type\":\"ListItem\",\"position\":2,\"name\":\"Negozio\",\"item\":\"https:\/\/dutchmicrodosing.com\/it\/negozio\/\"},{\"@type\":\"ListItem\",\"position\":3,\"name\":\"Brain Booster &#8211; 120 Cap.\"}]},{\"@type\":\"WebSite\",\"@id\":\"https:\/\/dutchmicrodosing.com\/it\/#website\",\"url\":\"https:\/\/dutchmicrodosing.com\/it\/\",\"name\":\"Dutchmicrodosing\",\"description\":\"\",\"publisher\":{\"@id\":\"https:\/\/dutchmicrodosing.com\/it\/#organization\"},\"potentialAction\":[{\"@type\":\"SearchAction\",\"target\":{\"@type\":\"EntryPoint\",\"urlTemplate\":\"https:\/\/dutchmicrodosing.com\/it\/?s={search_term_string}\"},\"query-input\":{\"@type\":\"PropertyValueSpecification\",\"valueRequired\":true,\"valueName\":\"search_term_string\"}}],\"inLanguage\":\"it-IT\"},{\"@type\":\"Organization\",\"@id\":\"https:\/\/dutchmicrodosing.com\/it\/#organization\",\"name\":\"Dutchmicrodosing\",\"url\":\"https:\/\/dutchmicrodosing.com\/it\/\",\"logo\":{\"@type\":\"ImageObject\",\"inLanguage\":\"it-IT\",\"@id\":\"https:\/\/dutchmicrodosing.com\/it\/#\/schema\/logo\/image\/\",\"url\":\"https:\/\/dutchmicrodosing.com\/wp-content\/uploads\/2021\/01\/microdosing-categorie-pic-nieuw.jpg\",\"contentUrl\":\"https:\/\/dutchmicrodosing.com\/wp-content\/uploads\/2021\/01\/microdosing-categorie-pic-nieuw.jpg\",\"width\":500,\"height\":500,\"caption\":\"Dutchmicrodosing\"},\"image\":{\"@id\":\"https:\/\/dutchmicrodosing.com\/it\/#\/schema\/logo\/image\/\"},\"sameAs\":[\"https:\/\/www.facebook.com\/Dutchmicrodosingxp\/\",\"https:\/\/www.instagram.com\/dutchmicrodosing\/\"]}]}<\/script>\n<meta property=\"product:price:amount\" content=\"34.95\" \/>\n<meta property=\"product:price:currency\" content=\"EUR\" \/>\n<meta property=\"og:availability\" content=\"instock\" \/>\n<meta property=\"product:availability\" content=\"instock\" \/>\n<meta property=\"product:retailer_item_id\" content=\"2206525\" \/>\n<meta property=\"product:condition\" content=\"new\" \/>\n<!-- \/ Yoast SEO Premium plugin. -->","yoast_head_json":{"title":"Brain Booster - 120 Cap. - Dutchmicrodosing","robots":{"index":"index","follow":"follow","max-snippet":"max-snippet:-1","max-image-preview":"max-image-preview:large","max-video-preview":"max-video-preview:-1"},"canonical":"https:\/\/dutchmicrodosing.com\/it\/funghi-medicinali\/brain-booster-120-capsule\/","og_locale":"it_IT","og_type":"article","og_title":"Brain Booster - 120 Cap.","og_description":"McMyco Brain Booster contiene una formula cerebrale unica. L'ingrediente principale \u00e8 il fungo della criniera del leone, noto anche come nutriente","og_url":"https:\/\/dutchmicrodosing.com\/it\/funghi-medicinali\/brain-booster-120-capsule\/","og_site_name":"Dutchmicrodosing","article_publisher":"https:\/\/www.facebook.com\/Dutchmicrodosingxp\/","article_modified_time":"2026-03-25T01:40:42+00:00","og_image":[{"width":768,"height":768,"url":"https:\/\/dutchmicrodosing.com\/wp-content\/uploads\/2023\/04\/BrainBooster-2-768x768-1.jpg","type":"image\/jpeg"}],"twitter_card":"summary_large_image","schema":{"@context":"https:\/\/schema.org","@graph":[{"@type":"WebPage","@id":"https:\/\/dutchmicrodosing.com\/it\/funghi-medicinali\/brain-booster-120-capsule\/","url":"https:\/\/dutchmicrodosing.com\/it\/funghi-medicinali\/brain-booster-120-capsule\/","name":"Brain Booster - 120 Cap. - Dutchmicrodosing","isPartOf":{"@id":"https:\/\/dutchmicrodosing.com\/it\/#website"},"primaryImageOfPage":{"@id":"https:\/\/dutchmicrodosing.com\/it\/funghi-medicinali\/brain-booster-120-capsule\/#primaryimage"},"image":{"@id":"https:\/\/dutchmicrodosing.com\/it\/funghi-medicinali\/brain-booster-120-capsule\/#primaryimage"},"thumbnailUrl":"https:\/\/dutchmicrodosing.com\/wp-content\/uploads\/2023\/04\/BrainBooster-2-768x768-1.jpg","datePublished":"2023-04-01T08:52:25+00:00","dateModified":"2026-03-25T01:40:42+00:00","breadcrumb":{"@id":"https:\/\/dutchmicrodosing.com\/it\/funghi-medicinali\/brain-booster-120-capsule\/#breadcrumb"},"inLanguage":"it-IT","potentialAction":[{"@type":"ReadAction","target":["https:\/\/dutchmicrodosing.com\/it\/funghi-medicinali\/brain-booster-120-capsule\/"]}]},{"@type":"ImageObject","inLanguage":"it-IT","@id":"https:\/\/dutchmicrodosing.com\/it\/funghi-medicinali\/brain-booster-120-capsule\/#primaryimage","url":"https:\/\/dutchmicrodosing.com\/wp-content\/uploads\/2023\/04\/BrainBooster-2-768x768-1.jpg","contentUrl":"https:\/\/dutchmicrodosing.com\/wp-content\/uploads\/2023\/04\/BrainBooster-2-768x768-1.jpg","width":768,"height":768},{"@type":"BreadcrumbList","@id":"https:\/\/dutchmicrodosing.com\/it\/funghi-medicinali\/brain-booster-120-capsule\/#breadcrumb","itemListElement":[{"@type":"ListItem","position":1,"name":"Home","item":"https:\/\/dutchmicrodosing.com\/it\/"},{"@type":"ListItem","position":2,"name":"Negozio","item":"https:\/\/dutchmicrodosing.com\/it\/negozio\/"},{"@type":"ListItem","position":3,"name":"Brain Booster &#8211; 120 Cap."}]},{"@type":"WebSite","@id":"https:\/\/dutchmicrodosing.com\/it\/#website","url":"https:\/\/dutchmicrodosing.com\/it\/","name":"Dutchmicrodosing","description":"","publisher":{"@id":"https:\/\/dutchmicrodosing.com\/it\/#organization"},"potentialAction":[{"@type":"SearchAction","target":{"@type":"EntryPoint","urlTemplate":"https:\/\/dutchmicrodosing.com\/it\/?s={search_term_string}"},"query-input":{"@type":"PropertyValueSpecification","valueRequired":true,"valueName":"search_term_string"}}],"inLanguage":"it-IT"},{"@type":"Organization","@id":"https:\/\/dutchmicrodosing.com\/it\/#organization","name":"Dutchmicrodosing","url":"https:\/\/dutchmicrodosing.com\/it\/","logo":{"@type":"ImageObject","inLanguage":"it-IT","@id":"https:\/\/dutchmicrodosing.com\/it\/#\/schema\/logo\/image\/","url":"https:\/\/dutchmicrodosing.com\/wp-content\/uploads\/2021\/01\/microdosing-categorie-pic-nieuw.jpg","contentUrl":"https:\/\/dutchmicrodosing.com\/wp-content\/uploads\/2021\/01\/microdosing-categorie-pic-nieuw.jpg","width":500,"height":500,"caption":"Dutchmicrodosing"},"image":{"@id":"https:\/\/dutchmicrodosing.com\/it\/#\/schema\/logo\/image\/"},"sameAs":["https:\/\/www.facebook.com\/Dutchmicrodosingxp\/","https:\/\/www.instagram.com\/dutchmicrodosing\/"]}]},"product_price_amount":"34.95","product_price_currency":"EUR","og_availability":"instock","product_availability":"instock","product_retailer_item_id":"2206525","product_condition":"new"},"_links":{"self":[{"href":"https:\/\/dutchmicrodosing.com\/it\/wp-json\/wp\/v2\/product\/30087","targetHints":{"allow":["GET"]}}],"collection":[{"href":"https:\/\/dutchmicrodosing.com\/it\/wp-json\/wp\/v2\/product"}],"about":[{"href":"https:\/\/dutchmicrodosing.com\/it\/wp-json\/wp\/v2\/types\/product"}],"replies":[{"embeddable":true,"href":"https:\/\/dutchmicrodosing.com\/it\/wp-json\/wp\/v2\/comments?post=30087"}],"version-history":[{"count":0,"href":"https:\/\/dutchmicrodosing.com\/it\/wp-json\/wp\/v2\/product\/30087\/revisions"}],"wp:featuredmedia":[{"embeddable":true,"href":"https:\/\/dutchmicrodosing.com\/it\/wp-json\/wp\/v2\/media\/22423"}],"wp:attachment":[{"href":"https:\/\/dutchmicrodosing.com\/it\/wp-json\/wp\/v2\/media?parent=30087"}],"wp:term":[{"taxonomy":"product_brand","embeddable":true,"href":"https:\/\/dutchmicrodosing.com\/it\/wp-json\/wp\/v2\/product_brand?post=30087"},{"taxonomy":"product_cat","embeddable":true,"href":"https:\/\/dutchmicrodosing.com\/it\/wp-json\/wp\/v2\/product_cat?post=30087"},{"taxonomy":"product_tag","embeddable":true,"href":"https:\/\/dutchmicrodosing.com\/it\/wp-json\/wp\/v2\/product_tag?post=30087"}],"curies":[{"name":"wp","href":"https:\/\/api.w.org\/{rel}","templated":true}]}}