{"id":30104,"date":"2022-04-02T20:11:03","date_gmt":"2022-04-02T18:11:03","guid":{"rendered":"https:\/\/dutchmicrodosing.com\/shop\/senza-categoria\/maitake-grifola-frondosa-120-capsule\/"},"modified":"2025-12-24T20:06:38","modified_gmt":"2025-12-24T19:06:38","slug":"maitake-grifola-frondosa-120-capsule","status":"publish","type":"product","link":"https:\/\/dutchmicrodosing.com\/it\/funghi-medicinali\/maitake-grifola-frondosa-120-capsule\/","title":{"rendered":"Maitake (Grifola Frondosa) -120 Cap."},"content":{"rendered":"<p>Nella ricerca di metodi naturali per migliorare la nostra salute, il fungo medicinale Maitake (Grifola Frondosa) \u00e8 sempre pi\u00f9 sotto i riflettori. Questo particolare organismo non \u00e8 solo un&#8217;aggiunta gustosa ai piatti culinari, ma offre anche diversi benefici medicinali. Il maitake \u00e8 stato utilizzato per secoli nella medicina tradizionale per il trattamento di varie patologie. MCMyco offre questo fungo medicinale in capsule facili da ingerire. Per una maggiore efficacia, abbiamo arricchito le nostre capsule di Maitake Resistance con Vitamina C e Zinco. Sia la vitamina C che lo zinco contribuiscono a mantenere una buona resistenza e aiutano il sistema immunitario.<\/p>\n<h2>Per cosa si pu\u00f2 usare il fungo Maitake?<\/h2>\n<ul>\n<li>Uno dei benefici pi\u00f9 noti del Maitake \u00e8 il rafforzamento del sistema immunitario. Contiene polisaccaridi, in particolare beta-glucani, che aiutano a modulare il sistema immunitario.<\/li>\n<li>Diversi studi suggeriscono che il Maitake ha propriet\u00e0 antitumorali. Sebbene siano necessarie ulteriori ricerche, studi preliminari dimostrano che pu\u00f2 inibire la crescita dei tumori e promuovere il benessere nelle persone sottoposte a trattamenti oncologici.<\/li>\n<li>Il maitake potrebbe anche svolgere un ruolo nella regolazione dei livelli di zucchero nel sangue, con conseguenti benefici per le persone affette da diabete.<\/li>\n<\/ul>\n<h2>Effetti del fungo Maitake sull&#8217;organismo: McMyco Maitake<\/h2>\n<p>Il fungo Maitake, noto anche come Grifola frondosa, \u00e8 un tipo di corpo fruttifero fungino tradizionalmente utilizzato nella cucina e nella medicina asiatica. Negli ultimi anni, studi scientifici hanno evidenziato i potenziali benefici di questo fungo per la salute. McMyco Maitake \u00e8 un integratore di alta qualit\u00e0 contenente gli estratti di questo affascinante fungo. Di seguito sono riportati alcuni degli effetti positivi che il fungo Maitake pu\u00f2 avere sull&#8217;organismo.<\/p>\n<h3>Potenziamento immunitario<\/h3>\n<p>Il maitake \u00e8 noto per il suo potenziale di rafforzamento del sistema immunitario. Contiene beta-glucani, noti per la loro capacit\u00e0 di aumentare l&#8217;attivit\u00e0 dei globuli bianchi. Queste cellule svolgono un ruolo cruciale nella difesa dell&#8217;organismo da virus e batteri.<\/p>\n<h3>Effetto antiossidante<\/h3>\n<p>Il fungo contiene antiossidanti che neutralizzano i radicali liberi. I radicali liberi possono causare danni alle cellule e sono stati collegati all&#8217;invecchiamento e a diversi tipi di malattie, tra cui il cancro.<\/p>\n<h3>Supporto per la glicemia<\/h3>\n<p>Alcuni studi suggeriscono che il fungo Maitake pu\u00f2 aiutare a regolare i livelli di zucchero nel sangue, il che pu\u00f2 essere particolarmente vantaggioso per le persone con diabete o resistenza all&#8217;insulina.<\/p>\n<h3>Promozione della salute mentale<\/h3>\n<p>Sebbene siano necessarie ulteriori ricerche, alcuni studi suggeriscono che gli estratti di Maitake possono avere un effetto calmante e contribuire a ridurre lo stress e l&#8217;ansia.<\/p>\n<h3>Possibili propriet\u00e0 antitumorali<\/h3>\n<p>I primi studi hanno dimostrato che gli estratti di Maitake possono avere la capacit\u00e0 di inibire la crescita delle cellule tumorali. Sebbene non debba essere considerato un sostituto dei trattamenti oncologici convenzionali, pu\u00f2 essere utilizzato come terapia complementare.<\/p>\n<h3>Migliorare la digestione<\/h3>\n<p>Il fungo contiene fibre ed enzimi che possono contribuire a migliorare la digestione e un microbioma intestinale sano.<\/p>\n<h3>Acquistare McMyco Maitake online<\/h3>\n<p>McMyco garantisce la qualit\u00e0 dei suoi prodotti, coltivati in modo biologico e sostenibile. Con un sito web facile da navigare e consegne rapide, \u00e8 pi\u00f9 facile che mai ricevere McMyco Maitake direttamente a casa vostra. Fate attenzione se avete allergie, in caso di gravidanza o allattamento. Allora \u00e8 consigliabile chiedere consiglio al proprio medico. Acquista questo integratore rapidamente e facilmente nel nostro negozio in una confezione da 120 capsule.<\/p>\n<p><strong>Ingredienti:<\/strong><\/p>\n<p>400 mg di estratto biologico di Maitake (Grifola Frondosa) dal 100% del corpo del frutto. \u00c8 un estratto completo ottenuto per mezzo di H2O ed etanolo. Questo per ottenere il massimo dai corpi fruttiferi. Contiene il 30% di polisaccaridi e beta glucani. Vitamina C, Zinco. Eccipienti: magnesio citrato, biossido di silicio.<\/p>\n<p>Eccipienti: citrato di magnesio e diossido di silicio<br \/>\nDosaggio: 2 volte al giorno 1 capsula durante i pasti con acqua.<br \/>\nContenuto: 120 capsule<\/p>\n","protected":false},"excerpt":{"rendered":"<p>Nella ricerca di metodi naturali per migliorare la nostra salute, il fungo medicinale Maitake (Grifola Frondosa) \u00e8 sempre pi\u00f9 sotto i riflettori. Questo particolare organismo non \u00e8 solo un&#8217;aggiunta gustosa ai piatti culinari, ma offre anche diversi benefici medicinali. Il maitake \u00e8 stato utilizzato per secoli nella medicina tradizionale per il trattamento di varie patologie. [&hellip;]<\/p>\n","protected":false},"featured_media":12029,"comment_status":"closed","ping_status":"closed","template":"","meta":[],"product_brand":[],"product_cat":[175,296],"product_tag":[],"class_list":{"0":"post-30104","1":"product","2":"type-product","3":"status-publish","4":"has-post-thumbnail","6":"product_cat-funghi-medicinali","7":"product_cat-integratori-per-il-sistema-immunitario","9":"first","10":"instock","11":"taxable","12":"shipping-taxable","13":"purchasable","14":"product-type-simple"},"yoast_head":"<!-- This site is optimized with the Yoast SEO Premium plugin v26.4 (Yoast SEO v27.2) - https:\/\/yoast.com\/product\/yoast-seo-premium-wordpress\/ -->\n<title>Maitake (Grifola Frondosa) -120 Cap. - Dutchmicrodosing<\/title>\n<meta name=\"robots\" content=\"index, follow, max-snippet:-1, max-image-preview:large, max-video-preview:-1\" \/>\n<link rel=\"canonical\" href=\"https:\/\/dutchmicrodosing.com\/it\/funghi-medicinali\/maitake-grifola-frondosa-120-capsule\/\" \/>\n<meta property=\"og:locale\" content=\"it_IT\" \/>\n<meta property=\"og:type\" content=\"article\" \/>\n<meta property=\"og:title\" content=\"Maitake (Grifola Frondosa) -120 Cap.\" \/>\n<meta property=\"og:description\" content=\"Nella ricerca di metodi naturali per migliorare la nostra salute, il fungo medicinale Maitake (Grifola Frondosa) \u00e8 sempre pi\u00f9 sotto i riflettori. Questo\" \/>\n<meta property=\"og:url\" content=\"https:\/\/dutchmicrodosing.com\/it\/funghi-medicinali\/maitake-grifola-frondosa-120-capsule\/\" \/>\n<meta property=\"og:site_name\" content=\"Dutchmicrodosing\" \/>\n<meta property=\"article:publisher\" content=\"https:\/\/www.facebook.com\/Dutchmicrodosingxp\/\" \/>\n<meta property=\"article:modified_time\" content=\"2025-12-24T19:06:38+00:00\" \/>\n<meta property=\"og:image\" content=\"https:\/\/dutchmicrodosing.com\/wp-content\/uploads\/2022\/04\/Meitake-03-768x768-1.jpg\" \/>\n\t<meta property=\"og:image:width\" content=\"768\" \/>\n\t<meta property=\"og:image:height\" content=\"768\" \/>\n\t<meta property=\"og:image:type\" content=\"image\/jpeg\" \/>\n<meta name=\"twitter:card\" content=\"summary_large_image\" \/>\n<script type=\"application\/ld+json\" class=\"yoast-schema-graph\">{\"@context\":\"https:\/\/schema.org\",\"@graph\":[{\"@type\":\"WebPage\",\"@id\":\"https:\/\/dutchmicrodosing.com\/it\/funghi-medicinali\/maitake-grifola-frondosa-120-capsule\/\",\"url\":\"https:\/\/dutchmicrodosing.com\/it\/funghi-medicinali\/maitake-grifola-frondosa-120-capsule\/\",\"name\":\"Maitake (Grifola Frondosa) -120 Cap. - Dutchmicrodosing\",\"isPartOf\":{\"@id\":\"https:\/\/dutchmicrodosing.com\/it\/#website\"},\"primaryImageOfPage\":{\"@id\":\"https:\/\/dutchmicrodosing.com\/it\/funghi-medicinali\/maitake-grifola-frondosa-120-capsule\/#primaryimage\"},\"image\":{\"@id\":\"https:\/\/dutchmicrodosing.com\/it\/funghi-medicinali\/maitake-grifola-frondosa-120-capsule\/#primaryimage\"},\"thumbnailUrl\":\"https:\/\/dutchmicrodosing.com\/wp-content\/uploads\/2022\/04\/Meitake-03-768x768-1.jpg\",\"datePublished\":\"2022-04-02T18:11:03+00:00\",\"dateModified\":\"2025-12-24T19:06:38+00:00\",\"breadcrumb\":{\"@id\":\"https:\/\/dutchmicrodosing.com\/it\/funghi-medicinali\/maitake-grifola-frondosa-120-capsule\/#breadcrumb\"},\"inLanguage\":\"it-IT\",\"potentialAction\":[{\"@type\":\"ReadAction\",\"target\":[\"https:\/\/dutchmicrodosing.com\/it\/funghi-medicinali\/maitake-grifola-frondosa-120-capsule\/\"]}]},{\"@type\":\"ImageObject\",\"inLanguage\":\"it-IT\",\"@id\":\"https:\/\/dutchmicrodosing.com\/it\/funghi-medicinali\/maitake-grifola-frondosa-120-capsule\/#primaryimage\",\"url\":\"https:\/\/dutchmicrodosing.com\/wp-content\/uploads\/2022\/04\/Meitake-03-768x768-1.jpg\",\"contentUrl\":\"https:\/\/dutchmicrodosing.com\/wp-content\/uploads\/2022\/04\/Meitake-03-768x768-1.jpg\",\"width\":768,\"height\":768},{\"@type\":\"BreadcrumbList\",\"@id\":\"https:\/\/dutchmicrodosing.com\/it\/funghi-medicinali\/maitake-grifola-frondosa-120-capsule\/#breadcrumb\",\"itemListElement\":[{\"@type\":\"ListItem\",\"position\":1,\"name\":\"Home\",\"item\":\"https:\/\/dutchmicrodosing.com\/it\/\"},{\"@type\":\"ListItem\",\"position\":2,\"name\":\"Negozio\",\"item\":\"https:\/\/dutchmicrodosing.com\/it\/negozio\/\"},{\"@type\":\"ListItem\",\"position\":3,\"name\":\"Maitake (Grifola Frondosa) -120 Cap.\"}]},{\"@type\":\"WebSite\",\"@id\":\"https:\/\/dutchmicrodosing.com\/it\/#website\",\"url\":\"https:\/\/dutchmicrodosing.com\/it\/\",\"name\":\"Dutchmicrodosing\",\"description\":\"\",\"publisher\":{\"@id\":\"https:\/\/dutchmicrodosing.com\/it\/#organization\"},\"potentialAction\":[{\"@type\":\"SearchAction\",\"target\":{\"@type\":\"EntryPoint\",\"urlTemplate\":\"https:\/\/dutchmicrodosing.com\/it\/?s={search_term_string}\"},\"query-input\":{\"@type\":\"PropertyValueSpecification\",\"valueRequired\":true,\"valueName\":\"search_term_string\"}}],\"inLanguage\":\"it-IT\"},{\"@type\":\"Organization\",\"@id\":\"https:\/\/dutchmicrodosing.com\/it\/#organization\",\"name\":\"Dutchmicrodosing\",\"url\":\"https:\/\/dutchmicrodosing.com\/it\/\",\"logo\":{\"@type\":\"ImageObject\",\"inLanguage\":\"it-IT\",\"@id\":\"https:\/\/dutchmicrodosing.com\/it\/#\/schema\/logo\/image\/\",\"url\":\"https:\/\/dutchmicrodosing.com\/wp-content\/uploads\/2021\/01\/microdosing-categorie-pic-nieuw.jpg\",\"contentUrl\":\"https:\/\/dutchmicrodosing.com\/wp-content\/uploads\/2021\/01\/microdosing-categorie-pic-nieuw.jpg\",\"width\":500,\"height\":500,\"caption\":\"Dutchmicrodosing\"},\"image\":{\"@id\":\"https:\/\/dutchmicrodosing.com\/it\/#\/schema\/logo\/image\/\"},\"sameAs\":[\"https:\/\/www.facebook.com\/Dutchmicrodosingxp\/\",\"https:\/\/www.instagram.com\/dutchmicrodosing\/\"]}]}<\/script>\n<meta property=\"product:price:amount\" content=\"34.95\" \/>\n<meta property=\"product:price:currency\" content=\"EUR\" \/>\n<meta property=\"og:availability\" content=\"instock\" \/>\n<meta property=\"product:availability\" content=\"instock\" \/>\n<meta property=\"product:retailer_item_id\" content=\"2203473\" \/>\n<meta property=\"product:condition\" content=\"new\" \/>\n<!-- \/ Yoast SEO Premium plugin. -->","yoast_head_json":{"title":"Maitake (Grifola Frondosa) -120 Cap. - Dutchmicrodosing","robots":{"index":"index","follow":"follow","max-snippet":"max-snippet:-1","max-image-preview":"max-image-preview:large","max-video-preview":"max-video-preview:-1"},"canonical":"https:\/\/dutchmicrodosing.com\/it\/funghi-medicinali\/maitake-grifola-frondosa-120-capsule\/","og_locale":"it_IT","og_type":"article","og_title":"Maitake (Grifola Frondosa) -120 Cap.","og_description":"Nella ricerca di metodi naturali per migliorare la nostra salute, il fungo medicinale Maitake (Grifola Frondosa) \u00e8 sempre pi\u00f9 sotto i riflettori. Questo","og_url":"https:\/\/dutchmicrodosing.com\/it\/funghi-medicinali\/maitake-grifola-frondosa-120-capsule\/","og_site_name":"Dutchmicrodosing","article_publisher":"https:\/\/www.facebook.com\/Dutchmicrodosingxp\/","article_modified_time":"2025-12-24T19:06:38+00:00","og_image":[{"width":768,"height":768,"url":"https:\/\/dutchmicrodosing.com\/wp-content\/uploads\/2022\/04\/Meitake-03-768x768-1.jpg","type":"image\/jpeg"}],"twitter_card":"summary_large_image","schema":{"@context":"https:\/\/schema.org","@graph":[{"@type":"WebPage","@id":"https:\/\/dutchmicrodosing.com\/it\/funghi-medicinali\/maitake-grifola-frondosa-120-capsule\/","url":"https:\/\/dutchmicrodosing.com\/it\/funghi-medicinali\/maitake-grifola-frondosa-120-capsule\/","name":"Maitake (Grifola Frondosa) -120 Cap. - Dutchmicrodosing","isPartOf":{"@id":"https:\/\/dutchmicrodosing.com\/it\/#website"},"primaryImageOfPage":{"@id":"https:\/\/dutchmicrodosing.com\/it\/funghi-medicinali\/maitake-grifola-frondosa-120-capsule\/#primaryimage"},"image":{"@id":"https:\/\/dutchmicrodosing.com\/it\/funghi-medicinali\/maitake-grifola-frondosa-120-capsule\/#primaryimage"},"thumbnailUrl":"https:\/\/dutchmicrodosing.com\/wp-content\/uploads\/2022\/04\/Meitake-03-768x768-1.jpg","datePublished":"2022-04-02T18:11:03+00:00","dateModified":"2025-12-24T19:06:38+00:00","breadcrumb":{"@id":"https:\/\/dutchmicrodosing.com\/it\/funghi-medicinali\/maitake-grifola-frondosa-120-capsule\/#breadcrumb"},"inLanguage":"it-IT","potentialAction":[{"@type":"ReadAction","target":["https:\/\/dutchmicrodosing.com\/it\/funghi-medicinali\/maitake-grifola-frondosa-120-capsule\/"]}]},{"@type":"ImageObject","inLanguage":"it-IT","@id":"https:\/\/dutchmicrodosing.com\/it\/funghi-medicinali\/maitake-grifola-frondosa-120-capsule\/#primaryimage","url":"https:\/\/dutchmicrodosing.com\/wp-content\/uploads\/2022\/04\/Meitake-03-768x768-1.jpg","contentUrl":"https:\/\/dutchmicrodosing.com\/wp-content\/uploads\/2022\/04\/Meitake-03-768x768-1.jpg","width":768,"height":768},{"@type":"BreadcrumbList","@id":"https:\/\/dutchmicrodosing.com\/it\/funghi-medicinali\/maitake-grifola-frondosa-120-capsule\/#breadcrumb","itemListElement":[{"@type":"ListItem","position":1,"name":"Home","item":"https:\/\/dutchmicrodosing.com\/it\/"},{"@type":"ListItem","position":2,"name":"Negozio","item":"https:\/\/dutchmicrodosing.com\/it\/negozio\/"},{"@type":"ListItem","position":3,"name":"Maitake (Grifola Frondosa) -120 Cap."}]},{"@type":"WebSite","@id":"https:\/\/dutchmicrodosing.com\/it\/#website","url":"https:\/\/dutchmicrodosing.com\/it\/","name":"Dutchmicrodosing","description":"","publisher":{"@id":"https:\/\/dutchmicrodosing.com\/it\/#organization"},"potentialAction":[{"@type":"SearchAction","target":{"@type":"EntryPoint","urlTemplate":"https:\/\/dutchmicrodosing.com\/it\/?s={search_term_string}"},"query-input":{"@type":"PropertyValueSpecification","valueRequired":true,"valueName":"search_term_string"}}],"inLanguage":"it-IT"},{"@type":"Organization","@id":"https:\/\/dutchmicrodosing.com\/it\/#organization","name":"Dutchmicrodosing","url":"https:\/\/dutchmicrodosing.com\/it\/","logo":{"@type":"ImageObject","inLanguage":"it-IT","@id":"https:\/\/dutchmicrodosing.com\/it\/#\/schema\/logo\/image\/","url":"https:\/\/dutchmicrodosing.com\/wp-content\/uploads\/2021\/01\/microdosing-categorie-pic-nieuw.jpg","contentUrl":"https:\/\/dutchmicrodosing.com\/wp-content\/uploads\/2021\/01\/microdosing-categorie-pic-nieuw.jpg","width":500,"height":500,"caption":"Dutchmicrodosing"},"image":{"@id":"https:\/\/dutchmicrodosing.com\/it\/#\/schema\/logo\/image\/"},"sameAs":["https:\/\/www.facebook.com\/Dutchmicrodosingxp\/","https:\/\/www.instagram.com\/dutchmicrodosing\/"]}]},"product_price_amount":"34.95","product_price_currency":"EUR","og_availability":"instock","product_availability":"instock","product_retailer_item_id":"2203473","product_condition":"new"},"_links":{"self":[{"href":"https:\/\/dutchmicrodosing.com\/it\/wp-json\/wp\/v2\/product\/30104","targetHints":{"allow":["GET"]}}],"collection":[{"href":"https:\/\/dutchmicrodosing.com\/it\/wp-json\/wp\/v2\/product"}],"about":[{"href":"https:\/\/dutchmicrodosing.com\/it\/wp-json\/wp\/v2\/types\/product"}],"replies":[{"embeddable":true,"href":"https:\/\/dutchmicrodosing.com\/it\/wp-json\/wp\/v2\/comments?post=30104"}],"version-history":[{"count":1,"href":"https:\/\/dutchmicrodosing.com\/it\/wp-json\/wp\/v2\/product\/30104\/revisions"}],"predecessor-version":[{"id":61013,"href":"https:\/\/dutchmicrodosing.com\/it\/wp-json\/wp\/v2\/product\/30104\/revisions\/61013"}],"wp:featuredmedia":[{"embeddable":true,"href":"https:\/\/dutchmicrodosing.com\/it\/wp-json\/wp\/v2\/media\/12029"}],"wp:attachment":[{"href":"https:\/\/dutchmicrodosing.com\/it\/wp-json\/wp\/v2\/media?parent=30104"}],"wp:term":[{"taxonomy":"product_brand","embeddable":true,"href":"https:\/\/dutchmicrodosing.com\/it\/wp-json\/wp\/v2\/product_brand?post=30104"},{"taxonomy":"product_cat","embeddable":true,"href":"https:\/\/dutchmicrodosing.com\/it\/wp-json\/wp\/v2\/product_cat?post=30104"},{"taxonomy":"product_tag","embeddable":true,"href":"https:\/\/dutchmicrodosing.com\/it\/wp-json\/wp\/v2\/product_tag?post=30104"}],"curies":[{"name":"wp","href":"https:\/\/api.w.org\/{rel}","templated":true}]}}