{"id":30796,"date":"2023-10-25T14:04:48","date_gmt":"2023-10-25T12:04:48","guid":{"rendered":"https:\/\/dutchmicrodosing.com\/shop\/senza-categoria\/polvere-di-leone-uomo-organico\/"},"modified":"2026-03-09T13:11:24","modified_gmt":"2026-03-09T12:11:24","slug":"polvere-di-leone-uomo-organico","status":"publish","type":"product","link":"https:\/\/dutchmicrodosing.com\/it\/funghi-medicinali\/polvere-di-leone-uomo-organico\/","title":{"rendered":"Criniera di Leone (Hericium Erinaceus) &#8211; Supporto cerebrale"},"content":{"rendered":"<p>La <strong>polvere di criniera di leone<\/strong> \u00e8 un integratore in polvere ottenuto dal fungo della criniera di leone, noto anche come criniera di leone. Questo fungo \u00e8 noto per il suo aspetto unico e frangiato che ricorda la criniera di un leone, da cui il nome. La polvere si ottiene essiccando e macinando i funghi e viene spesso utilizzata per i suoi potenziali benefici per la salute, tra cui il supporto delle funzioni cognitive, la promozione della crescita dei nervi e la riduzione delle infiammazioni.<\/p>\n<h3>Ingredienti<\/h3>\n<p>Polvere di funghi della criniera del leone Bio.<\/p>\n<h3>Utilizzo<\/h3>\n<p>Si consiglia di iniziare con una piccola quantit\u00e0, ad esempio mezzo cucchiaino al giorno, per vedere come reagisce l&#8217;organismo. \u00c8 possibile aumentare gradualmente il dosaggio fino a un massimo di 2 cucchiaini al giorno, in base alle esigenze individuali e alle raccomandazioni del produttore. \u00c8 possibile mescolare la polvere di reishi con acqua calda per preparare un semplice t\u00e8. Aggiungere la polvere all&#8217;acqua e mescolare bene. Lasciare in infusione per qualche minuto e poi bere. Si pu\u00f2 anche aggiungere la polvere a frullati, succhi, caff\u00e8 o t\u00e8. Ha un sapore leggermente amaro, quindi si pu\u00f2 aggiungere del miele o un altro dolcificante per esaltarne il sapore. La polvere di criniera di leone pu\u00f2 essere utilizzata anche come ingrediente per i pasti.<\/p>\n<h3>Consigli per lo stoccaggio<\/h3>\n<p>Conservare il prodotto in un luogo buio e fresco, come ad esempio un mobile della cucina, e fuori dalla portata dei bambini.<\/p>\n<h3>Contenuto<\/h3>\n<p>Polvere di funghi della criniera del leone Bio &#8211; 100 grammi.<\/p>\n","protected":false},"excerpt":{"rendered":"<p>La polvere di criniera di leone \u00e8 un integratore in polvere ottenuto dal fungo della criniera di leone, noto anche come criniera di leone. Questo fungo \u00e8 noto per il suo aspetto unico e frangiato che ricorda la criniera di un leone, da cui il nome. La polvere si ottiene essiccando e macinando i funghi [&hellip;]<\/p>\n","protected":false},"featured_media":62974,"comment_status":"closed","ping_status":"closed","template":"","meta":[],"product_brand":[],"product_cat":[175,296,282],"product_tag":[],"class_list":{"0":"post-30796","1":"product","2":"type-product","3":"status-publish","4":"has-post-thumbnail","6":"product_cat-funghi-medicinali","7":"product_cat-integratori-per-il-sistema-immunitario","8":"product_cat-superalimenti","10":"first","11":"instock","12":"taxable","13":"shipping-taxable","14":"purchasable","15":"product-type-simple"},"yoast_head":"<!-- This site is optimized with the Yoast SEO Premium plugin v26.4 (Yoast SEO v27.2) - https:\/\/yoast.com\/product\/yoast-seo-premium-wordpress\/ -->\n<title>Criniera di Leone (Hericium Erinaceus) - Supporto cerebrale - Dutchmicrodosing<\/title>\n<meta name=\"description\" content=\"La polvere di criniera di leone \u00e8 un integratore in polvere ottenuto dal fungo della criniera di leone, noto anche come criniera di leone. Questo fungo...\" \/>\n<meta name=\"robots\" content=\"index, follow, max-snippet:-1, max-image-preview:large, max-video-preview:-1\" \/>\n<link rel=\"canonical\" href=\"https:\/\/dutchmicrodosing.com\/it\/funghi-medicinali\/polvere-di-leone-uomo-organico\/\" \/>\n<meta property=\"og:locale\" content=\"it_IT\" \/>\n<meta property=\"og:type\" content=\"article\" \/>\n<meta property=\"og:title\" content=\"Criniera di Leone (Hericium Erinaceus) - Supporto cerebrale\" \/>\n<meta property=\"og:description\" content=\"La polvere di criniera di leone \u00e8 un integratore in polvere ottenuto dal fungo della criniera di leone, noto anche come criniera di leone. Questo fungo \u00e8\" \/>\n<meta property=\"og:url\" content=\"https:\/\/dutchmicrodosing.com\/it\/funghi-medicinali\/polvere-di-leone-uomo-organico\/\" \/>\n<meta property=\"og:site_name\" content=\"Dutchmicrodosing\" \/>\n<meta property=\"article:publisher\" content=\"https:\/\/www.facebook.com\/Dutchmicrodosingxp\/\" \/>\n<meta property=\"article:modified_time\" content=\"2026-03-09T12:11:24+00:00\" \/>\n<meta property=\"og:image\" content=\"https:\/\/dutchmicrodosing.com\/wp-content\/uploads\/2023\/10\/Lions_Mane_1000x1000.jpg\" \/>\n\t<meta property=\"og:image:width\" content=\"1000\" \/>\n\t<meta property=\"og:image:height\" content=\"1000\" \/>\n\t<meta property=\"og:image:type\" content=\"image\/jpeg\" \/>\n<meta name=\"twitter:card\" content=\"summary_large_image\" \/>\n<script type=\"application\/ld+json\" class=\"yoast-schema-graph\">{\"@context\":\"https:\/\/schema.org\",\"@graph\":[{\"@type\":\"WebPage\",\"@id\":\"https:\/\/dutchmicrodosing.com\/it\/funghi-medicinali\/polvere-di-leone-uomo-organico\/\",\"url\":\"https:\/\/dutchmicrodosing.com\/it\/funghi-medicinali\/polvere-di-leone-uomo-organico\/\",\"name\":\"Criniera di Leone (Hericium Erinaceus) - Supporto cerebrale - Dutchmicrodosing\",\"isPartOf\":{\"@id\":\"https:\/\/dutchmicrodosing.com\/it\/#website\"},\"primaryImageOfPage\":{\"@id\":\"https:\/\/dutchmicrodosing.com\/it\/funghi-medicinali\/polvere-di-leone-uomo-organico\/#primaryimage\"},\"image\":{\"@id\":\"https:\/\/dutchmicrodosing.com\/it\/funghi-medicinali\/polvere-di-leone-uomo-organico\/#primaryimage\"},\"thumbnailUrl\":\"https:\/\/dutchmicrodosing.com\/wp-content\/uploads\/2025\/11\/Lions-Mane-Powder_1.jpg\",\"datePublished\":\"2023-10-25T12:04:48+00:00\",\"dateModified\":\"2026-03-09T12:11:24+00:00\",\"description\":\"La polvere di criniera di leone \u00e8 un integratore in polvere ottenuto dal fungo della criniera di leone, noto anche come criniera di leone. Questo fungo...\",\"breadcrumb\":{\"@id\":\"https:\/\/dutchmicrodosing.com\/it\/funghi-medicinali\/polvere-di-leone-uomo-organico\/#breadcrumb\"},\"inLanguage\":\"it-IT\",\"potentialAction\":[{\"@type\":\"ReadAction\",\"target\":[\"https:\/\/dutchmicrodosing.com\/it\/funghi-medicinali\/polvere-di-leone-uomo-organico\/\"]}]},{\"@type\":\"ImageObject\",\"inLanguage\":\"it-IT\",\"@id\":\"https:\/\/dutchmicrodosing.com\/it\/funghi-medicinali\/polvere-di-leone-uomo-organico\/#primaryimage\",\"url\":\"https:\/\/dutchmicrodosing.com\/wp-content\/uploads\/2025\/11\/Lions-Mane-Powder_1.jpg\",\"contentUrl\":\"https:\/\/dutchmicrodosing.com\/wp-content\/uploads\/2025\/11\/Lions-Mane-Powder_1.jpg\",\"width\":1500,\"height\":1500,\"caption\":\"Lion's Mane Powder\"},{\"@type\":\"BreadcrumbList\",\"@id\":\"https:\/\/dutchmicrodosing.com\/it\/funghi-medicinali\/polvere-di-leone-uomo-organico\/#breadcrumb\",\"itemListElement\":[{\"@type\":\"ListItem\",\"position\":1,\"name\":\"Home\",\"item\":\"https:\/\/dutchmicrodosing.com\/it\/\"},{\"@type\":\"ListItem\",\"position\":2,\"name\":\"Negozio\",\"item\":\"https:\/\/dutchmicrodosing.com\/it\/negozio\/\"},{\"@type\":\"ListItem\",\"position\":3,\"name\":\"Criniera di Leone (Hericium Erinaceus) &#8211; Supporto cerebrale\"}]},{\"@type\":\"WebSite\",\"@id\":\"https:\/\/dutchmicrodosing.com\/it\/#website\",\"url\":\"https:\/\/dutchmicrodosing.com\/it\/\",\"name\":\"Dutchmicrodosing\",\"description\":\"\",\"publisher\":{\"@id\":\"https:\/\/dutchmicrodosing.com\/it\/#organization\"},\"potentialAction\":[{\"@type\":\"SearchAction\",\"target\":{\"@type\":\"EntryPoint\",\"urlTemplate\":\"https:\/\/dutchmicrodosing.com\/it\/?s={search_term_string}\"},\"query-input\":{\"@type\":\"PropertyValueSpecification\",\"valueRequired\":true,\"valueName\":\"search_term_string\"}}],\"inLanguage\":\"it-IT\"},{\"@type\":\"Organization\",\"@id\":\"https:\/\/dutchmicrodosing.com\/it\/#organization\",\"name\":\"Dutchmicrodosing\",\"url\":\"https:\/\/dutchmicrodosing.com\/it\/\",\"logo\":{\"@type\":\"ImageObject\",\"inLanguage\":\"it-IT\",\"@id\":\"https:\/\/dutchmicrodosing.com\/it\/#\/schema\/logo\/image\/\",\"url\":\"https:\/\/dutchmicrodosing.com\/wp-content\/uploads\/2021\/01\/microdosing-categorie-pic-nieuw.jpg\",\"contentUrl\":\"https:\/\/dutchmicrodosing.com\/wp-content\/uploads\/2021\/01\/microdosing-categorie-pic-nieuw.jpg\",\"width\":500,\"height\":500,\"caption\":\"Dutchmicrodosing\"},\"image\":{\"@id\":\"https:\/\/dutchmicrodosing.com\/it\/#\/schema\/logo\/image\/\"},\"sameAs\":[\"https:\/\/www.facebook.com\/Dutchmicrodosingxp\/\",\"https:\/\/www.instagram.com\/dutchmicrodosing\/\"]}]}<\/script>\n<meta property=\"product:price:amount\" content=\"19.95\" \/>\n<meta property=\"product:price:currency\" content=\"EUR\" \/>\n<meta property=\"og:availability\" content=\"instock\" \/>\n<meta property=\"product:availability\" content=\"instock\" \/>\n<meta property=\"product:retailer_item_id\" content=\"3210509\" \/>\n<meta property=\"product:condition\" content=\"new\" \/>\n<!-- \/ Yoast SEO Premium plugin. -->","yoast_head_json":{"title":"Criniera di Leone (Hericium Erinaceus) - Supporto cerebrale - Dutchmicrodosing","description":"La polvere di criniera di leone \u00e8 un integratore in polvere ottenuto dal fungo della criniera di leone, noto anche come criniera di leone. Questo fungo...","robots":{"index":"index","follow":"follow","max-snippet":"max-snippet:-1","max-image-preview":"max-image-preview:large","max-video-preview":"max-video-preview:-1"},"canonical":"https:\/\/dutchmicrodosing.com\/it\/funghi-medicinali\/polvere-di-leone-uomo-organico\/","og_locale":"it_IT","og_type":"article","og_title":"Criniera di Leone (Hericium Erinaceus) - Supporto cerebrale","og_description":"La polvere di criniera di leone \u00e8 un integratore in polvere ottenuto dal fungo della criniera di leone, noto anche come criniera di leone. Questo fungo \u00e8","og_url":"https:\/\/dutchmicrodosing.com\/it\/funghi-medicinali\/polvere-di-leone-uomo-organico\/","og_site_name":"Dutchmicrodosing","article_publisher":"https:\/\/www.facebook.com\/Dutchmicrodosingxp\/","article_modified_time":"2026-03-09T12:11:24+00:00","og_image":[{"width":1000,"height":1000,"url":"https:\/\/dutchmicrodosing.com\/wp-content\/uploads\/2023\/10\/Lions_Mane_1000x1000.jpg","type":"image\/jpeg"}],"twitter_card":"summary_large_image","schema":{"@context":"https:\/\/schema.org","@graph":[{"@type":"WebPage","@id":"https:\/\/dutchmicrodosing.com\/it\/funghi-medicinali\/polvere-di-leone-uomo-organico\/","url":"https:\/\/dutchmicrodosing.com\/it\/funghi-medicinali\/polvere-di-leone-uomo-organico\/","name":"Criniera di Leone (Hericium Erinaceus) - Supporto cerebrale - Dutchmicrodosing","isPartOf":{"@id":"https:\/\/dutchmicrodosing.com\/it\/#website"},"primaryImageOfPage":{"@id":"https:\/\/dutchmicrodosing.com\/it\/funghi-medicinali\/polvere-di-leone-uomo-organico\/#primaryimage"},"image":{"@id":"https:\/\/dutchmicrodosing.com\/it\/funghi-medicinali\/polvere-di-leone-uomo-organico\/#primaryimage"},"thumbnailUrl":"https:\/\/dutchmicrodosing.com\/wp-content\/uploads\/2025\/11\/Lions-Mane-Powder_1.jpg","datePublished":"2023-10-25T12:04:48+00:00","dateModified":"2026-03-09T12:11:24+00:00","description":"La polvere di criniera di leone \u00e8 un integratore in polvere ottenuto dal fungo della criniera di leone, noto anche come criniera di leone. Questo fungo...","breadcrumb":{"@id":"https:\/\/dutchmicrodosing.com\/it\/funghi-medicinali\/polvere-di-leone-uomo-organico\/#breadcrumb"},"inLanguage":"it-IT","potentialAction":[{"@type":"ReadAction","target":["https:\/\/dutchmicrodosing.com\/it\/funghi-medicinali\/polvere-di-leone-uomo-organico\/"]}]},{"@type":"ImageObject","inLanguage":"it-IT","@id":"https:\/\/dutchmicrodosing.com\/it\/funghi-medicinali\/polvere-di-leone-uomo-organico\/#primaryimage","url":"https:\/\/dutchmicrodosing.com\/wp-content\/uploads\/2025\/11\/Lions-Mane-Powder_1.jpg","contentUrl":"https:\/\/dutchmicrodosing.com\/wp-content\/uploads\/2025\/11\/Lions-Mane-Powder_1.jpg","width":1500,"height":1500,"caption":"Lion's Mane Powder"},{"@type":"BreadcrumbList","@id":"https:\/\/dutchmicrodosing.com\/it\/funghi-medicinali\/polvere-di-leone-uomo-organico\/#breadcrumb","itemListElement":[{"@type":"ListItem","position":1,"name":"Home","item":"https:\/\/dutchmicrodosing.com\/it\/"},{"@type":"ListItem","position":2,"name":"Negozio","item":"https:\/\/dutchmicrodosing.com\/it\/negozio\/"},{"@type":"ListItem","position":3,"name":"Criniera di Leone (Hericium Erinaceus) &#8211; Supporto cerebrale"}]},{"@type":"WebSite","@id":"https:\/\/dutchmicrodosing.com\/it\/#website","url":"https:\/\/dutchmicrodosing.com\/it\/","name":"Dutchmicrodosing","description":"","publisher":{"@id":"https:\/\/dutchmicrodosing.com\/it\/#organization"},"potentialAction":[{"@type":"SearchAction","target":{"@type":"EntryPoint","urlTemplate":"https:\/\/dutchmicrodosing.com\/it\/?s={search_term_string}"},"query-input":{"@type":"PropertyValueSpecification","valueRequired":true,"valueName":"search_term_string"}}],"inLanguage":"it-IT"},{"@type":"Organization","@id":"https:\/\/dutchmicrodosing.com\/it\/#organization","name":"Dutchmicrodosing","url":"https:\/\/dutchmicrodosing.com\/it\/","logo":{"@type":"ImageObject","inLanguage":"it-IT","@id":"https:\/\/dutchmicrodosing.com\/it\/#\/schema\/logo\/image\/","url":"https:\/\/dutchmicrodosing.com\/wp-content\/uploads\/2021\/01\/microdosing-categorie-pic-nieuw.jpg","contentUrl":"https:\/\/dutchmicrodosing.com\/wp-content\/uploads\/2021\/01\/microdosing-categorie-pic-nieuw.jpg","width":500,"height":500,"caption":"Dutchmicrodosing"},"image":{"@id":"https:\/\/dutchmicrodosing.com\/it\/#\/schema\/logo\/image\/"},"sameAs":["https:\/\/www.facebook.com\/Dutchmicrodosingxp\/","https:\/\/www.instagram.com\/dutchmicrodosing\/"]}]},"product_price_amount":"19.95","product_price_currency":"EUR","og_availability":"instock","product_availability":"instock","product_retailer_item_id":"3210509","product_condition":"new"},"_links":{"self":[{"href":"https:\/\/dutchmicrodosing.com\/it\/wp-json\/wp\/v2\/product\/30796","targetHints":{"allow":["GET"]}}],"collection":[{"href":"https:\/\/dutchmicrodosing.com\/it\/wp-json\/wp\/v2\/product"}],"about":[{"href":"https:\/\/dutchmicrodosing.com\/it\/wp-json\/wp\/v2\/types\/product"}],"replies":[{"embeddable":true,"href":"https:\/\/dutchmicrodosing.com\/it\/wp-json\/wp\/v2\/comments?post=30796"}],"version-history":[{"count":0,"href":"https:\/\/dutchmicrodosing.com\/it\/wp-json\/wp\/v2\/product\/30796\/revisions"}],"wp:featuredmedia":[{"embeddable":true,"href":"https:\/\/dutchmicrodosing.com\/it\/wp-json\/wp\/v2\/media\/62974"}],"wp:attachment":[{"href":"https:\/\/dutchmicrodosing.com\/it\/wp-json\/wp\/v2\/media?parent=30796"}],"wp:term":[{"taxonomy":"product_brand","embeddable":true,"href":"https:\/\/dutchmicrodosing.com\/it\/wp-json\/wp\/v2\/product_brand?post=30796"},{"taxonomy":"product_cat","embeddable":true,"href":"https:\/\/dutchmicrodosing.com\/it\/wp-json\/wp\/v2\/product_cat?post=30796"},{"taxonomy":"product_tag","embeddable":true,"href":"https:\/\/dutchmicrodosing.com\/it\/wp-json\/wp\/v2\/product_tag?post=30796"}],"curies":[{"name":"wp","href":"https:\/\/api.w.org\/{rel}","templated":true}]}}