{"id":30892,"date":"2023-11-10T08:20:20","date_gmt":"2023-11-10T07:20:20","guid":{"rendered":"https:\/\/dutchmicrodosing.com\/shop\/senza-categoria\/polvere-di-acai-liofilizzata-biologica\/"},"modified":"2026-02-03T16:42:30","modified_gmt":"2026-02-03T15:42:30","slug":"polvere-di-acai-liofilizzata-biologica","status":"publish","type":"product","link":"https:\/\/dutchmicrodosing.com\/it\/negozio-di-salute\/superalimenti\/polvere-di-acai-liofilizzata-biologica\/","title":{"rendered":"Polvere di Acai liofilizzata biologica"},"content":{"rendered":"<p>La bacca di a\u00e7a\u00ed, spesso chiamata &#8220;acia&#8221;, \u00e8 un piccolo frutto viola scuro proveniente dalla giungla amazzonica. Questa bacca \u00e8 nota da tempo alle trib\u00f9 indigene per le sue qualit\u00e0 benefiche e nutritive. Con la crescente popolarit\u00e0 di un&#8217;alimentazione sana e sostenibile, la domanda di <strong>polvere di a\u00e7a\u00ed<\/strong> biologica \u00e8 in aumento in tutto il mondo. Ma perch\u00e9 questa polvere \u00e8 cos\u00ec speciale? Le bacche di A\u00e7a\u00ed sono altamente nutrienti e ricche di antiossidanti, fibre, acidi grassi omega-3 e una serie di vitamine e minerali. Gli antiossidanti dell&#8217;a\u00e7a\u00ed, in particolare le antocianine, sono noti per la loro capacit\u00e0 di combattere i radicali liberi dannosi per l&#8217;organismo. Questi radicali possono danneggiare le cellule, accelerare l&#8217;invecchiamento e contribuire a varie malattie. La polvere di a\u00e7a\u00ed liofilizzata biologica contiene minerali essenziali come magnesio, zinco e ferro ed \u00e8 ricca di fitonutrienti. Questo lo rende un&#8217;ottima aggiunta a una dieta equilibrata.<\/p>\n<h3>Ingrediente<\/h3>\n<p>100% polpa di acai biologica (senza buccia n\u00e9 semi).<\/p>\n<h3>Operazione<\/h3>\n<ul>\n<li>Miglioramento delle condizioni della pelle.<\/li>\n<li>Potenziamento cognitivo.<\/li>\n<li>Fornisce una disintossicazione naturale.<\/li>\n<li>Contribuisce a una corretta digestione.<\/li>\n<li>Protegge dalle malattie cardiovascolari.<\/li>\n<li>Sazia e pu\u00f2 favorire la perdita di peso.<\/li>\n<\/ul>\n<h3>Utilizzo<\/h3>\n<ul>\n<li>Assumere da 2 a 3 grammi al giorno.<\/li>\n<li>Conservare in un luogo buio e fresco.<\/li>\n<li>Tenere fuori dalla portata dei bambini.<\/li>\n<\/ul>\n<h3>Consigli per lo stoccaggio<\/h3>\n<p>Conservare il prodotto in un luogo buio e fresco, come ad esempio un mobile della cucina, e fuori dalla portata dei bambini.<\/p>\n<h3>Contenuto<\/h3>\n<p>Polpa di acai 100% biologica (senza buccia n\u00e9 semi) &#8211; 100 g.<\/p>\n","protected":false},"excerpt":{"rendered":"<p>La bacca di a\u00e7a\u00ed, spesso chiamata &#8220;acia&#8221;, \u00e8 un piccolo frutto viola scuro proveniente dalla giungla amazzonica. Questa bacca \u00e8 nota da tempo alle trib\u00f9 indigene per le sue qualit\u00e0 benefiche e nutritive. Con la crescente popolarit\u00e0 di un&#8217;alimentazione sana e sostenibile, la domanda di polvere di a\u00e7a\u00ed biologica \u00e8 in aumento in tutto il [&hellip;]<\/p>\n","protected":false},"featured_media":30886,"comment_status":"closed","ping_status":"closed","template":"","meta":[],"product_brand":[],"product_cat":[296,282],"product_tag":[],"class_list":{"0":"post-30892","1":"product","2":"type-product","3":"status-publish","4":"has-post-thumbnail","6":"product_cat-integratori-per-il-sistema-immunitario","7":"product_cat-superalimenti","9":"first","10":"instock","11":"taxable","12":"shipping-taxable","13":"purchasable","14":"product-type-simple"},"yoast_head":"<!-- This site is optimized with the Yoast SEO Premium plugin v26.4 (Yoast SEO v27.2) - https:\/\/yoast.com\/product\/yoast-seo-premium-wordpress\/ -->\n<title>Polvere di Acai liofilizzata biologica - Dutchmicrodosing<\/title>\n<meta name=\"description\" content=\"La bacca di a\u00e7a\u00ed, spesso chiamata &quot;acia&quot;, \u00e8 un piccolo frutto viola scuro proveniente dalla giungla amazzonica. Questa bacca \u00e8 nota da tempo alle trib\u00f9 indigene\" \/>\n<meta name=\"robots\" content=\"index, follow, max-snippet:-1, max-image-preview:large, max-video-preview:-1\" \/>\n<link rel=\"canonical\" href=\"https:\/\/dutchmicrodosing.com\/it\/negozio-di-salute\/superalimenti\/polvere-di-acai-liofilizzata-biologica\/\" \/>\n<meta property=\"og:locale\" content=\"it_IT\" \/>\n<meta property=\"og:type\" content=\"article\" \/>\n<meta property=\"og:title\" content=\"Polvere di Acai liofilizzata biologica\" \/>\n<meta property=\"og:description\" content=\"La bacca di a\u00e7a\u00ed, spesso chiamata &quot;acia&quot;, \u00e8 un piccolo frutto viola scuro proveniente dalla giungla amazzonica. Questa bacca \u00e8 nota da tempo alle trib\u00f9\" \/>\n<meta property=\"og:url\" content=\"https:\/\/dutchmicrodosing.com\/it\/negozio-di-salute\/superalimenti\/polvere-di-acai-liofilizzata-biologica\/\" \/>\n<meta property=\"og:site_name\" content=\"Dutchmicrodosing\" \/>\n<meta property=\"article:publisher\" content=\"https:\/\/www.facebook.com\/Dutchmicrodosingxp\/\" \/>\n<meta property=\"article:modified_time\" content=\"2026-02-03T15:42:30+00:00\" \/>\n<meta property=\"og:image\" content=\"https:\/\/dutchmicrodosing.com\/wp-content\/uploads\/2023\/11\/superfoods_acai2_8_185-1.webp\" \/>\n\t<meta property=\"og:image:width\" content=\"440\" \/>\n\t<meta property=\"og:image:height\" content=\"440\" \/>\n\t<meta property=\"og:image:type\" content=\"image\/webp\" \/>\n<meta name=\"twitter:card\" content=\"summary_large_image\" \/>\n<script type=\"application\/ld+json\" class=\"yoast-schema-graph\">{\"@context\":\"https:\/\/schema.org\",\"@graph\":[{\"@type\":\"WebPage\",\"@id\":\"https:\/\/dutchmicrodosing.com\/it\/negozio-di-salute\/superalimenti\/polvere-di-acai-liofilizzata-biologica\/\",\"url\":\"https:\/\/dutchmicrodosing.com\/it\/negozio-di-salute\/superalimenti\/polvere-di-acai-liofilizzata-biologica\/\",\"name\":\"Polvere di Acai liofilizzata biologica - Dutchmicrodosing\",\"isPartOf\":{\"@id\":\"https:\/\/dutchmicrodosing.com\/it\/#website\"},\"primaryImageOfPage\":{\"@id\":\"https:\/\/dutchmicrodosing.com\/it\/negozio-di-salute\/superalimenti\/polvere-di-acai-liofilizzata-biologica\/#primaryimage\"},\"image\":{\"@id\":\"https:\/\/dutchmicrodosing.com\/it\/negozio-di-salute\/superalimenti\/polvere-di-acai-liofilizzata-biologica\/#primaryimage\"},\"thumbnailUrl\":\"https:\/\/dutchmicrodosing.com\/wp-content\/uploads\/2023\/11\/superfoods_acai2_8_185-1.webp\",\"datePublished\":\"2023-11-10T07:20:20+00:00\",\"dateModified\":\"2026-02-03T15:42:30+00:00\",\"description\":\"La bacca di a\u00e7a\u00ed, spesso chiamata \\\"acia\\\", \u00e8 un piccolo frutto viola scuro proveniente dalla giungla amazzonica. Questa bacca \u00e8 nota da tempo alle trib\u00f9 indigene\",\"breadcrumb\":{\"@id\":\"https:\/\/dutchmicrodosing.com\/it\/negozio-di-salute\/superalimenti\/polvere-di-acai-liofilizzata-biologica\/#breadcrumb\"},\"inLanguage\":\"it-IT\",\"potentialAction\":[{\"@type\":\"ReadAction\",\"target\":[\"https:\/\/dutchmicrodosing.com\/it\/negozio-di-salute\/superalimenti\/polvere-di-acai-liofilizzata-biologica\/\"]}]},{\"@type\":\"ImageObject\",\"inLanguage\":\"it-IT\",\"@id\":\"https:\/\/dutchmicrodosing.com\/it\/negozio-di-salute\/superalimenti\/polvere-di-acai-liofilizzata-biologica\/#primaryimage\",\"url\":\"https:\/\/dutchmicrodosing.com\/wp-content\/uploads\/2023\/11\/superfoods_acai2_8_185-1.webp\",\"contentUrl\":\"https:\/\/dutchmicrodosing.com\/wp-content\/uploads\/2023\/11\/superfoods_acai2_8_185-1.webp\",\"width\":440,\"height\":440},{\"@type\":\"BreadcrumbList\",\"@id\":\"https:\/\/dutchmicrodosing.com\/it\/negozio-di-salute\/superalimenti\/polvere-di-acai-liofilizzata-biologica\/#breadcrumb\",\"itemListElement\":[{\"@type\":\"ListItem\",\"position\":1,\"name\":\"Home\",\"item\":\"https:\/\/dutchmicrodosing.com\/it\/\"},{\"@type\":\"ListItem\",\"position\":2,\"name\":\"Negozio\",\"item\":\"https:\/\/dutchmicrodosing.com\/it\/negozio\/\"},{\"@type\":\"ListItem\",\"position\":3,\"name\":\"Polvere di Acai liofilizzata biologica\"}]},{\"@type\":\"WebSite\",\"@id\":\"https:\/\/dutchmicrodosing.com\/it\/#website\",\"url\":\"https:\/\/dutchmicrodosing.com\/it\/\",\"name\":\"Dutchmicrodosing\",\"description\":\"\",\"publisher\":{\"@id\":\"https:\/\/dutchmicrodosing.com\/it\/#organization\"},\"potentialAction\":[{\"@type\":\"SearchAction\",\"target\":{\"@type\":\"EntryPoint\",\"urlTemplate\":\"https:\/\/dutchmicrodosing.com\/it\/?s={search_term_string}\"},\"query-input\":{\"@type\":\"PropertyValueSpecification\",\"valueRequired\":true,\"valueName\":\"search_term_string\"}}],\"inLanguage\":\"it-IT\"},{\"@type\":\"Organization\",\"@id\":\"https:\/\/dutchmicrodosing.com\/it\/#organization\",\"name\":\"Dutchmicrodosing\",\"url\":\"https:\/\/dutchmicrodosing.com\/it\/\",\"logo\":{\"@type\":\"ImageObject\",\"inLanguage\":\"it-IT\",\"@id\":\"https:\/\/dutchmicrodosing.com\/it\/#\/schema\/logo\/image\/\",\"url\":\"https:\/\/dutchmicrodosing.com\/wp-content\/uploads\/2021\/01\/microdosing-categorie-pic-nieuw.jpg\",\"contentUrl\":\"https:\/\/dutchmicrodosing.com\/wp-content\/uploads\/2021\/01\/microdosing-categorie-pic-nieuw.jpg\",\"width\":500,\"height\":500,\"caption\":\"Dutchmicrodosing\"},\"image\":{\"@id\":\"https:\/\/dutchmicrodosing.com\/it\/#\/schema\/logo\/image\/\"},\"sameAs\":[\"https:\/\/www.facebook.com\/Dutchmicrodosingxp\/\",\"https:\/\/www.instagram.com\/dutchmicrodosing\/\"]}]}<\/script>\n<meta property=\"product:price:amount\" content=\"14.95\" \/>\n<meta property=\"product:price:currency\" content=\"EUR\" \/>\n<meta property=\"og:availability\" content=\"instock\" \/>\n<meta property=\"product:availability\" content=\"instock\" \/>\n<meta property=\"product:retailer_item_id\" content=\"3208150\" \/>\n<meta property=\"product:condition\" content=\"new\" \/>\n<!-- \/ Yoast SEO Premium plugin. -->","yoast_head_json":{"title":"Polvere di Acai liofilizzata biologica - Dutchmicrodosing","description":"La bacca di a\u00e7a\u00ed, spesso chiamata \"acia\", \u00e8 un piccolo frutto viola scuro proveniente dalla giungla amazzonica. Questa bacca \u00e8 nota da tempo alle trib\u00f9 indigene","robots":{"index":"index","follow":"follow","max-snippet":"max-snippet:-1","max-image-preview":"max-image-preview:large","max-video-preview":"max-video-preview:-1"},"canonical":"https:\/\/dutchmicrodosing.com\/it\/negozio-di-salute\/superalimenti\/polvere-di-acai-liofilizzata-biologica\/","og_locale":"it_IT","og_type":"article","og_title":"Polvere di Acai liofilizzata biologica","og_description":"La bacca di a\u00e7a\u00ed, spesso chiamata \"acia\", \u00e8 un piccolo frutto viola scuro proveniente dalla giungla amazzonica. Questa bacca \u00e8 nota da tempo alle trib\u00f9","og_url":"https:\/\/dutchmicrodosing.com\/it\/negozio-di-salute\/superalimenti\/polvere-di-acai-liofilizzata-biologica\/","og_site_name":"Dutchmicrodosing","article_publisher":"https:\/\/www.facebook.com\/Dutchmicrodosingxp\/","article_modified_time":"2026-02-03T15:42:30+00:00","og_image":[{"width":440,"height":440,"url":"https:\/\/dutchmicrodosing.com\/wp-content\/uploads\/2023\/11\/superfoods_acai2_8_185-1.webp","type":"image\/webp"}],"twitter_card":"summary_large_image","schema":{"@context":"https:\/\/schema.org","@graph":[{"@type":"WebPage","@id":"https:\/\/dutchmicrodosing.com\/it\/negozio-di-salute\/superalimenti\/polvere-di-acai-liofilizzata-biologica\/","url":"https:\/\/dutchmicrodosing.com\/it\/negozio-di-salute\/superalimenti\/polvere-di-acai-liofilizzata-biologica\/","name":"Polvere di Acai liofilizzata biologica - Dutchmicrodosing","isPartOf":{"@id":"https:\/\/dutchmicrodosing.com\/it\/#website"},"primaryImageOfPage":{"@id":"https:\/\/dutchmicrodosing.com\/it\/negozio-di-salute\/superalimenti\/polvere-di-acai-liofilizzata-biologica\/#primaryimage"},"image":{"@id":"https:\/\/dutchmicrodosing.com\/it\/negozio-di-salute\/superalimenti\/polvere-di-acai-liofilizzata-biologica\/#primaryimage"},"thumbnailUrl":"https:\/\/dutchmicrodosing.com\/wp-content\/uploads\/2023\/11\/superfoods_acai2_8_185-1.webp","datePublished":"2023-11-10T07:20:20+00:00","dateModified":"2026-02-03T15:42:30+00:00","description":"La bacca di a\u00e7a\u00ed, spesso chiamata \"acia\", \u00e8 un piccolo frutto viola scuro proveniente dalla giungla amazzonica. Questa bacca \u00e8 nota da tempo alle trib\u00f9 indigene","breadcrumb":{"@id":"https:\/\/dutchmicrodosing.com\/it\/negozio-di-salute\/superalimenti\/polvere-di-acai-liofilizzata-biologica\/#breadcrumb"},"inLanguage":"it-IT","potentialAction":[{"@type":"ReadAction","target":["https:\/\/dutchmicrodosing.com\/it\/negozio-di-salute\/superalimenti\/polvere-di-acai-liofilizzata-biologica\/"]}]},{"@type":"ImageObject","inLanguage":"it-IT","@id":"https:\/\/dutchmicrodosing.com\/it\/negozio-di-salute\/superalimenti\/polvere-di-acai-liofilizzata-biologica\/#primaryimage","url":"https:\/\/dutchmicrodosing.com\/wp-content\/uploads\/2023\/11\/superfoods_acai2_8_185-1.webp","contentUrl":"https:\/\/dutchmicrodosing.com\/wp-content\/uploads\/2023\/11\/superfoods_acai2_8_185-1.webp","width":440,"height":440},{"@type":"BreadcrumbList","@id":"https:\/\/dutchmicrodosing.com\/it\/negozio-di-salute\/superalimenti\/polvere-di-acai-liofilizzata-biologica\/#breadcrumb","itemListElement":[{"@type":"ListItem","position":1,"name":"Home","item":"https:\/\/dutchmicrodosing.com\/it\/"},{"@type":"ListItem","position":2,"name":"Negozio","item":"https:\/\/dutchmicrodosing.com\/it\/negozio\/"},{"@type":"ListItem","position":3,"name":"Polvere di Acai liofilizzata biologica"}]},{"@type":"WebSite","@id":"https:\/\/dutchmicrodosing.com\/it\/#website","url":"https:\/\/dutchmicrodosing.com\/it\/","name":"Dutchmicrodosing","description":"","publisher":{"@id":"https:\/\/dutchmicrodosing.com\/it\/#organization"},"potentialAction":[{"@type":"SearchAction","target":{"@type":"EntryPoint","urlTemplate":"https:\/\/dutchmicrodosing.com\/it\/?s={search_term_string}"},"query-input":{"@type":"PropertyValueSpecification","valueRequired":true,"valueName":"search_term_string"}}],"inLanguage":"it-IT"},{"@type":"Organization","@id":"https:\/\/dutchmicrodosing.com\/it\/#organization","name":"Dutchmicrodosing","url":"https:\/\/dutchmicrodosing.com\/it\/","logo":{"@type":"ImageObject","inLanguage":"it-IT","@id":"https:\/\/dutchmicrodosing.com\/it\/#\/schema\/logo\/image\/","url":"https:\/\/dutchmicrodosing.com\/wp-content\/uploads\/2021\/01\/microdosing-categorie-pic-nieuw.jpg","contentUrl":"https:\/\/dutchmicrodosing.com\/wp-content\/uploads\/2021\/01\/microdosing-categorie-pic-nieuw.jpg","width":500,"height":500,"caption":"Dutchmicrodosing"},"image":{"@id":"https:\/\/dutchmicrodosing.com\/it\/#\/schema\/logo\/image\/"},"sameAs":["https:\/\/www.facebook.com\/Dutchmicrodosingxp\/","https:\/\/www.instagram.com\/dutchmicrodosing\/"]}]},"product_price_amount":"14.95","product_price_currency":"EUR","og_availability":"instock","product_availability":"instock","product_retailer_item_id":"3208150","product_condition":"new"},"_links":{"self":[{"href":"https:\/\/dutchmicrodosing.com\/it\/wp-json\/wp\/v2\/product\/30892","targetHints":{"allow":["GET"]}}],"collection":[{"href":"https:\/\/dutchmicrodosing.com\/it\/wp-json\/wp\/v2\/product"}],"about":[{"href":"https:\/\/dutchmicrodosing.com\/it\/wp-json\/wp\/v2\/types\/product"}],"replies":[{"embeddable":true,"href":"https:\/\/dutchmicrodosing.com\/it\/wp-json\/wp\/v2\/comments?post=30892"}],"version-history":[{"count":1,"href":"https:\/\/dutchmicrodosing.com\/it\/wp-json\/wp\/v2\/product\/30892\/revisions"}],"predecessor-version":[{"id":64289,"href":"https:\/\/dutchmicrodosing.com\/it\/wp-json\/wp\/v2\/product\/30892\/revisions\/64289"}],"wp:featuredmedia":[{"embeddable":true,"href":"https:\/\/dutchmicrodosing.com\/it\/wp-json\/wp\/v2\/media\/30886"}],"wp:attachment":[{"href":"https:\/\/dutchmicrodosing.com\/it\/wp-json\/wp\/v2\/media?parent=30892"}],"wp:term":[{"taxonomy":"product_brand","embeddable":true,"href":"https:\/\/dutchmicrodosing.com\/it\/wp-json\/wp\/v2\/product_brand?post=30892"},{"taxonomy":"product_cat","embeddable":true,"href":"https:\/\/dutchmicrodosing.com\/it\/wp-json\/wp\/v2\/product_cat?post=30892"},{"taxonomy":"product_tag","embeddable":true,"href":"https:\/\/dutchmicrodosing.com\/it\/wp-json\/wp\/v2\/product_tag?post=30892"}],"curies":[{"name":"wp","href":"https:\/\/api.w.org\/{rel}","templated":true}]}}