{"id":30931,"date":"2023-11-10T10:47:57","date_gmt":"2023-11-10T09:59:02","guid":{"rendered":"https:\/\/dutchmicrodosing.com\/shop\/senza-categoria\/plant-of-remedy-olio-di-cannabis-con-olio-di-oliva-15-cbd-1500mg\/"},"modified":"2025-02-20T14:21:49","modified_gmt":"2025-02-20T13:21:49","slug":"plant-of-remedy-olio-di-cannabis-con-olio-di-oliva-15-cbd-1500mg","status":"publish","type":"product","link":"https:\/\/dutchmicrodosing.com\/it\/negozio-di-salute\/cbd-e-integratori-alimentari\/plant-of-remedy-olio-di-cannabis-con-olio-di-oliva-15-cbd-1500mg\/","title":{"rendered":"Olio di cannabis Plant of Remedy con olio d&#8217;oliva &#8211; 15% CBD (1500mg)"},"content":{"rendered":"<p>Il prodotto<strong> Plant of Remedy with Olive Oil<\/strong> \u00e8 un olio di CBD con una concentrazione relativamente alta di cannabidiolo, pari al 15%. \u00c8 formulato con olio di oliva, un olio naturale spesso apprezzato per le sue propriet\u00e0 naturali. Questo olio \u00e8 classificato come prodotto &#8220;a spettro completo&#8221;, il che indica che contiene un&#8217;ampia gamma di cannabinoidi estratti dalla pianta di canapa, ma senza la presenza di THC. Ci\u00f2 significa che offre tutte le sostanze (eccetto il THC) della pianta intera, pur non avendo gli effetti intossicanti associati al THC.<\/p>\n<h3>Ingredienti<\/h3>\n<ul>\n<li>Olio di Cannabis Sativa &#8211; Oliva<\/li>\n<li>15% CBD<\/li>\n<li>100% organico<\/li>\n<li>200 gocce per flacone &#8211; (7,5 mg CBD \/ goccia)<\/li>\n<\/ul>\n<h3>Usa<\/h3>\n<ul>\n<li>Mettere 2 gocce sotto la lingua<\/li>\n<li>Massimo 10 gocce<\/li>\n<li>Agitare bene prima dell&#8217;uso<\/li>\n<li>Non superare la dose giornaliera raccomandata<\/li>\n<\/ul>\n<h3>Consigli per lo stoccaggio<\/h3>\n<p>Conservare il prodotto in un luogo fresco e buio, come un armadio da cucina, e fuori dalla portata dei bambini.<\/p>\n<h3>Contenuto<\/h3>\n<p>Pianta di Rimedio Olio di CBD 15% CBD (1500mg CBD) con olio d&#8217;oliva &#8211; 10ML<\/p>\n","protected":false},"excerpt":{"rendered":"<p>Il prodotto Plant of Remedy with Olive Oil \u00e8 un olio di CBD con una concentrazione relativamente alta di cannabidiolo, pari al 15%. \u00c8 formulato con olio di oliva, un olio naturale spesso apprezzato per le sue propriet\u00e0 naturali. Questo olio \u00e8 classificato come prodotto &#8220;a spettro completo&#8221;, il che indica che contiene un&#8217;ampia gamma [&hellip;]<\/p>\n","protected":false},"featured_media":30910,"comment_status":"closed","ping_status":"closed","template":"","meta":[],"product_brand":[],"product_cat":[287],"product_tag":[],"class_list":{"0":"post-30931","1":"product","2":"type-product","3":"status-publish","4":"has-post-thumbnail","6":"product_cat-cbd-e-integratori-alimentari","8":"first","9":"outofstock","10":"taxable","11":"shipping-taxable","12":"purchasable","13":"product-type-simple"},"yoast_head":"<!-- This site is optimized with the Yoast SEO Premium plugin v26.4 (Yoast SEO v27.2) - https:\/\/yoast.com\/product\/yoast-seo-premium-wordpress\/ -->\n<title>Olio di cannabis Plant of Remedy con olio d&#039;oliva - 15% CBD (1500mg) - Dutchmicrodosing<\/title>\n<meta name=\"description\" content=\"Il prodotto Plant of Remedy with Olive Oil \u00e8 un olio di CBD con una concentrazione relativamente alta di cannabidiolo, pari al 15%. \u00c8 composto da...\" \/>\n<meta name=\"robots\" content=\"index, follow, max-snippet:-1, max-image-preview:large, max-video-preview:-1\" \/>\n<link rel=\"canonical\" href=\"https:\/\/dutchmicrodosing.com\/it\/negozio-di-salute\/cbd-e-integratori-alimentari\/plant-of-remedy-olio-di-cannabis-con-olio-di-oliva-15-cbd-1500mg\/\" \/>\n<meta property=\"og:locale\" content=\"it_IT\" \/>\n<meta property=\"og:type\" content=\"article\" \/>\n<meta property=\"og:title\" content=\"Olio di cannabis Plant of Remedy con olio d&#039;oliva - 15% CBD (1500mg)\" \/>\n<meta property=\"og:description\" content=\"Il prodotto Plant of Remedy with Olive Oil \u00e8 un olio di CBD con una concentrazione relativamente alta di cannabidiolo, pari al 15%. \u00c8 formulato con olio\" \/>\n<meta property=\"og:url\" content=\"https:\/\/dutchmicrodosing.com\/it\/negozio-di-salute\/cbd-e-integratori-alimentari\/plant-of-remedy-olio-di-cannabis-con-olio-di-oliva-15-cbd-1500mg\/\" \/>\n<meta property=\"og:site_name\" content=\"Dutchmicrodosing\" \/>\n<meta property=\"article:publisher\" content=\"https:\/\/www.facebook.com\/Dutchmicrodosingxp\/\" \/>\n<meta property=\"article:modified_time\" content=\"2025-02-20T13:21:49+00:00\" \/>\n<meta property=\"og:image\" content=\"https:\/\/dutchmicrodosing.com\/wp-content\/uploads\/2023\/11\/oliva15-1.jpg\" \/>\n\t<meta property=\"og:image:width\" content=\"600\" \/>\n\t<meta property=\"og:image:height\" content=\"600\" \/>\n\t<meta property=\"og:image:type\" content=\"image\/jpeg\" \/>\n<meta name=\"twitter:card\" content=\"summary_large_image\" \/>\n<script type=\"application\/ld+json\" class=\"yoast-schema-graph\">{\"@context\":\"https:\/\/schema.org\",\"@graph\":[{\"@type\":\"WebPage\",\"@id\":\"https:\/\/dutchmicrodosing.com\/it\/negozio-di-salute\/cbd-e-integratori-alimentari\/plant-of-remedy-olio-di-cannabis-con-olio-di-oliva-15-cbd-1500mg\/\",\"url\":\"https:\/\/dutchmicrodosing.com\/it\/negozio-di-salute\/cbd-e-integratori-alimentari\/plant-of-remedy-olio-di-cannabis-con-olio-di-oliva-15-cbd-1500mg\/\",\"name\":\"Olio di cannabis Plant of Remedy con olio d'oliva - 15% CBD (1500mg) - Dutchmicrodosing\",\"isPartOf\":{\"@id\":\"https:\/\/dutchmicrodosing.com\/it\/#website\"},\"primaryImageOfPage\":{\"@id\":\"https:\/\/dutchmicrodosing.com\/it\/negozio-di-salute\/cbd-e-integratori-alimentari\/plant-of-remedy-olio-di-cannabis-con-olio-di-oliva-15-cbd-1500mg\/#primaryimage\"},\"image\":{\"@id\":\"https:\/\/dutchmicrodosing.com\/it\/negozio-di-salute\/cbd-e-integratori-alimentari\/plant-of-remedy-olio-di-cannabis-con-olio-di-oliva-15-cbd-1500mg\/#primaryimage\"},\"thumbnailUrl\":\"https:\/\/dutchmicrodosing.com\/wp-content\/uploads\/2023\/11\/oliva15-1.jpg\",\"datePublished\":\"2023-11-10T09:59:02+00:00\",\"dateModified\":\"2025-02-20T13:21:49+00:00\",\"description\":\"Il prodotto Plant of Remedy with Olive Oil \u00e8 un olio di CBD con una concentrazione relativamente alta di cannabidiolo, pari al 15%. \u00c8 composto da...\",\"breadcrumb\":{\"@id\":\"https:\/\/dutchmicrodosing.com\/it\/negozio-di-salute\/cbd-e-integratori-alimentari\/plant-of-remedy-olio-di-cannabis-con-olio-di-oliva-15-cbd-1500mg\/#breadcrumb\"},\"inLanguage\":\"it-IT\",\"potentialAction\":[{\"@type\":\"ReadAction\",\"target\":[\"https:\/\/dutchmicrodosing.com\/it\/negozio-di-salute\/cbd-e-integratori-alimentari\/plant-of-remedy-olio-di-cannabis-con-olio-di-oliva-15-cbd-1500mg\/\"]}]},{\"@type\":\"ImageObject\",\"inLanguage\":\"it-IT\",\"@id\":\"https:\/\/dutchmicrodosing.com\/it\/negozio-di-salute\/cbd-e-integratori-alimentari\/plant-of-remedy-olio-di-cannabis-con-olio-di-oliva-15-cbd-1500mg\/#primaryimage\",\"url\":\"https:\/\/dutchmicrodosing.com\/wp-content\/uploads\/2023\/11\/oliva15-1.jpg\",\"contentUrl\":\"https:\/\/dutchmicrodosing.com\/wp-content\/uploads\/2023\/11\/oliva15-1.jpg\",\"width\":600,\"height\":600},{\"@type\":\"BreadcrumbList\",\"@id\":\"https:\/\/dutchmicrodosing.com\/it\/negozio-di-salute\/cbd-e-integratori-alimentari\/plant-of-remedy-olio-di-cannabis-con-olio-di-oliva-15-cbd-1500mg\/#breadcrumb\",\"itemListElement\":[{\"@type\":\"ListItem\",\"position\":1,\"name\":\"Home\",\"item\":\"https:\/\/dutchmicrodosing.com\/it\/\"},{\"@type\":\"ListItem\",\"position\":2,\"name\":\"Negozio\",\"item\":\"https:\/\/dutchmicrodosing.com\/it\/negozio\/\"},{\"@type\":\"ListItem\",\"position\":3,\"name\":\"Olio di cannabis Plant of Remedy con olio d&#8217;oliva &#8211; 15% CBD (1500mg)\"}]},{\"@type\":\"WebSite\",\"@id\":\"https:\/\/dutchmicrodosing.com\/it\/#website\",\"url\":\"https:\/\/dutchmicrodosing.com\/it\/\",\"name\":\"Dutchmicrodosing\",\"description\":\"\",\"publisher\":{\"@id\":\"https:\/\/dutchmicrodosing.com\/it\/#organization\"},\"potentialAction\":[{\"@type\":\"SearchAction\",\"target\":{\"@type\":\"EntryPoint\",\"urlTemplate\":\"https:\/\/dutchmicrodosing.com\/it\/?s={search_term_string}\"},\"query-input\":{\"@type\":\"PropertyValueSpecification\",\"valueRequired\":true,\"valueName\":\"search_term_string\"}}],\"inLanguage\":\"it-IT\"},{\"@type\":\"Organization\",\"@id\":\"https:\/\/dutchmicrodosing.com\/it\/#organization\",\"name\":\"Dutchmicrodosing\",\"url\":\"https:\/\/dutchmicrodosing.com\/it\/\",\"logo\":{\"@type\":\"ImageObject\",\"inLanguage\":\"it-IT\",\"@id\":\"https:\/\/dutchmicrodosing.com\/it\/#\/schema\/logo\/image\/\",\"url\":\"https:\/\/dutchmicrodosing.com\/wp-content\/uploads\/2021\/01\/microdosing-categorie-pic-nieuw.jpg\",\"contentUrl\":\"https:\/\/dutchmicrodosing.com\/wp-content\/uploads\/2021\/01\/microdosing-categorie-pic-nieuw.jpg\",\"width\":500,\"height\":500,\"caption\":\"Dutchmicrodosing\"},\"image\":{\"@id\":\"https:\/\/dutchmicrodosing.com\/it\/#\/schema\/logo\/image\/\"},\"sameAs\":[\"https:\/\/www.facebook.com\/Dutchmicrodosingxp\/\",\"https:\/\/www.instagram.com\/dutchmicrodosing\/\"]}]}<\/script>\n<meta property=\"product:price:amount\" content=\"15.95\" \/>\n<meta property=\"product:price:currency\" content=\"EUR\" \/>\n<meta property=\"og:availability\" content=\"out of stock\" \/>\n<meta property=\"product:availability\" content=\"out of stock\" \/>\n<meta property=\"product:retailer_item_id\" content=\"0211824\" \/>\n<meta property=\"product:condition\" content=\"new\" \/>\n<!-- \/ Yoast SEO Premium plugin. -->","yoast_head_json":{"title":"Olio di cannabis Plant of Remedy con olio d'oliva - 15% CBD (1500mg) - Dutchmicrodosing","description":"Il prodotto Plant of Remedy with Olive Oil \u00e8 un olio di CBD con una concentrazione relativamente alta di cannabidiolo, pari al 15%. \u00c8 composto da...","robots":{"index":"index","follow":"follow","max-snippet":"max-snippet:-1","max-image-preview":"max-image-preview:large","max-video-preview":"max-video-preview:-1"},"canonical":"https:\/\/dutchmicrodosing.com\/it\/negozio-di-salute\/cbd-e-integratori-alimentari\/plant-of-remedy-olio-di-cannabis-con-olio-di-oliva-15-cbd-1500mg\/","og_locale":"it_IT","og_type":"article","og_title":"Olio di cannabis Plant of Remedy con olio d'oliva - 15% CBD (1500mg)","og_description":"Il prodotto Plant of Remedy with Olive Oil \u00e8 un olio di CBD con una concentrazione relativamente alta di cannabidiolo, pari al 15%. \u00c8 formulato con olio","og_url":"https:\/\/dutchmicrodosing.com\/it\/negozio-di-salute\/cbd-e-integratori-alimentari\/plant-of-remedy-olio-di-cannabis-con-olio-di-oliva-15-cbd-1500mg\/","og_site_name":"Dutchmicrodosing","article_publisher":"https:\/\/www.facebook.com\/Dutchmicrodosingxp\/","article_modified_time":"2025-02-20T13:21:49+00:00","og_image":[{"width":600,"height":600,"url":"https:\/\/dutchmicrodosing.com\/wp-content\/uploads\/2023\/11\/oliva15-1.jpg","type":"image\/jpeg"}],"twitter_card":"summary_large_image","schema":{"@context":"https:\/\/schema.org","@graph":[{"@type":"WebPage","@id":"https:\/\/dutchmicrodosing.com\/it\/negozio-di-salute\/cbd-e-integratori-alimentari\/plant-of-remedy-olio-di-cannabis-con-olio-di-oliva-15-cbd-1500mg\/","url":"https:\/\/dutchmicrodosing.com\/it\/negozio-di-salute\/cbd-e-integratori-alimentari\/plant-of-remedy-olio-di-cannabis-con-olio-di-oliva-15-cbd-1500mg\/","name":"Olio di cannabis Plant of Remedy con olio d'oliva - 15% CBD (1500mg) - Dutchmicrodosing","isPartOf":{"@id":"https:\/\/dutchmicrodosing.com\/it\/#website"},"primaryImageOfPage":{"@id":"https:\/\/dutchmicrodosing.com\/it\/negozio-di-salute\/cbd-e-integratori-alimentari\/plant-of-remedy-olio-di-cannabis-con-olio-di-oliva-15-cbd-1500mg\/#primaryimage"},"image":{"@id":"https:\/\/dutchmicrodosing.com\/it\/negozio-di-salute\/cbd-e-integratori-alimentari\/plant-of-remedy-olio-di-cannabis-con-olio-di-oliva-15-cbd-1500mg\/#primaryimage"},"thumbnailUrl":"https:\/\/dutchmicrodosing.com\/wp-content\/uploads\/2023\/11\/oliva15-1.jpg","datePublished":"2023-11-10T09:59:02+00:00","dateModified":"2025-02-20T13:21:49+00:00","description":"Il prodotto Plant of Remedy with Olive Oil \u00e8 un olio di CBD con una concentrazione relativamente alta di cannabidiolo, pari al 15%. \u00c8 composto da...","breadcrumb":{"@id":"https:\/\/dutchmicrodosing.com\/it\/negozio-di-salute\/cbd-e-integratori-alimentari\/plant-of-remedy-olio-di-cannabis-con-olio-di-oliva-15-cbd-1500mg\/#breadcrumb"},"inLanguage":"it-IT","potentialAction":[{"@type":"ReadAction","target":["https:\/\/dutchmicrodosing.com\/it\/negozio-di-salute\/cbd-e-integratori-alimentari\/plant-of-remedy-olio-di-cannabis-con-olio-di-oliva-15-cbd-1500mg\/"]}]},{"@type":"ImageObject","inLanguage":"it-IT","@id":"https:\/\/dutchmicrodosing.com\/it\/negozio-di-salute\/cbd-e-integratori-alimentari\/plant-of-remedy-olio-di-cannabis-con-olio-di-oliva-15-cbd-1500mg\/#primaryimage","url":"https:\/\/dutchmicrodosing.com\/wp-content\/uploads\/2023\/11\/oliva15-1.jpg","contentUrl":"https:\/\/dutchmicrodosing.com\/wp-content\/uploads\/2023\/11\/oliva15-1.jpg","width":600,"height":600},{"@type":"BreadcrumbList","@id":"https:\/\/dutchmicrodosing.com\/it\/negozio-di-salute\/cbd-e-integratori-alimentari\/plant-of-remedy-olio-di-cannabis-con-olio-di-oliva-15-cbd-1500mg\/#breadcrumb","itemListElement":[{"@type":"ListItem","position":1,"name":"Home","item":"https:\/\/dutchmicrodosing.com\/it\/"},{"@type":"ListItem","position":2,"name":"Negozio","item":"https:\/\/dutchmicrodosing.com\/it\/negozio\/"},{"@type":"ListItem","position":3,"name":"Olio di cannabis Plant of Remedy con olio d&#8217;oliva &#8211; 15% CBD (1500mg)"}]},{"@type":"WebSite","@id":"https:\/\/dutchmicrodosing.com\/it\/#website","url":"https:\/\/dutchmicrodosing.com\/it\/","name":"Dutchmicrodosing","description":"","publisher":{"@id":"https:\/\/dutchmicrodosing.com\/it\/#organization"},"potentialAction":[{"@type":"SearchAction","target":{"@type":"EntryPoint","urlTemplate":"https:\/\/dutchmicrodosing.com\/it\/?s={search_term_string}"},"query-input":{"@type":"PropertyValueSpecification","valueRequired":true,"valueName":"search_term_string"}}],"inLanguage":"it-IT"},{"@type":"Organization","@id":"https:\/\/dutchmicrodosing.com\/it\/#organization","name":"Dutchmicrodosing","url":"https:\/\/dutchmicrodosing.com\/it\/","logo":{"@type":"ImageObject","inLanguage":"it-IT","@id":"https:\/\/dutchmicrodosing.com\/it\/#\/schema\/logo\/image\/","url":"https:\/\/dutchmicrodosing.com\/wp-content\/uploads\/2021\/01\/microdosing-categorie-pic-nieuw.jpg","contentUrl":"https:\/\/dutchmicrodosing.com\/wp-content\/uploads\/2021\/01\/microdosing-categorie-pic-nieuw.jpg","width":500,"height":500,"caption":"Dutchmicrodosing"},"image":{"@id":"https:\/\/dutchmicrodosing.com\/it\/#\/schema\/logo\/image\/"},"sameAs":["https:\/\/www.facebook.com\/Dutchmicrodosingxp\/","https:\/\/www.instagram.com\/dutchmicrodosing\/"]}]},"product_price_amount":"15.95","product_price_currency":"EUR","og_availability":"out of stock","product_availability":"out of stock","product_retailer_item_id":"0211824","product_condition":"new"},"_links":{"self":[{"href":"https:\/\/dutchmicrodosing.com\/it\/wp-json\/wp\/v2\/product\/30931","targetHints":{"allow":["GET"]}}],"collection":[{"href":"https:\/\/dutchmicrodosing.com\/it\/wp-json\/wp\/v2\/product"}],"about":[{"href":"https:\/\/dutchmicrodosing.com\/it\/wp-json\/wp\/v2\/types\/product"}],"replies":[{"embeddable":true,"href":"https:\/\/dutchmicrodosing.com\/it\/wp-json\/wp\/v2\/comments?post=30931"}],"version-history":[{"count":0,"href":"https:\/\/dutchmicrodosing.com\/it\/wp-json\/wp\/v2\/product\/30931\/revisions"}],"wp:featuredmedia":[{"embeddable":true,"href":"https:\/\/dutchmicrodosing.com\/it\/wp-json\/wp\/v2\/media\/30910"}],"wp:attachment":[{"href":"https:\/\/dutchmicrodosing.com\/it\/wp-json\/wp\/v2\/media?parent=30931"}],"wp:term":[{"taxonomy":"product_brand","embeddable":true,"href":"https:\/\/dutchmicrodosing.com\/it\/wp-json\/wp\/v2\/product_brand?post=30931"},{"taxonomy":"product_cat","embeddable":true,"href":"https:\/\/dutchmicrodosing.com\/it\/wp-json\/wp\/v2\/product_cat?post=30931"},{"taxonomy":"product_tag","embeddable":true,"href":"https:\/\/dutchmicrodosing.com\/it\/wp-json\/wp\/v2\/product_tag?post=30931"}],"curies":[{"name":"wp","href":"https:\/\/api.w.org\/{rel}","templated":true}]}}