{"id":31188,"date":"2023-11-13T09:18:16","date_gmt":"2023-11-13T08:18:16","guid":{"rendered":"https:\/\/dutchmicrodosing.com\/shop\/senza-categoria\/ginseng-in-polvere-panax-ginseng\/"},"modified":"2025-08-29T11:41:09","modified_gmt":"2025-08-29T09:41:09","slug":"ginseng-in-polvere-panax-ginseng","status":"publish","type":"product","link":"https:\/\/dutchmicrodosing.com\/it\/negozio-di-salute\/integratori-energetici\/ginseng-in-polvere-panax-ginseng\/","title":{"rendered":"Ginseng in polvere &#8211; Panax Ginseng"},"content":{"rendered":"<p>Il <strong>ginseng<\/strong>, profondamente radicato nelle tradizioni culturali dell&#8217;Asia orientale, \u00e8 apprezzato e utilizzato da migliaia di anni. Il Panax ginseng, originario della penisola coreana, gode di fama mondiale. Non solo viene utilizzato nella medicina tradizionale, ma \u00e8 anche parte integrante del consumo quotidiano di molti in Asia e non solo.<\/p>\n<p>I presunti benefici del Panax ginseng, attribuiti principalmente ai suoi componenti attivi ginsenosidi, sono diversi. Si dice che aumentino l&#8217;energia, rafforzino il sistema immunitario, migliorino le prestazioni cognitive e promuovano la salute sessuale, tra le altre cose. Grazie anche all&#8217;interesse per i prodotti naturali per la salute, la popolarit\u00e0 del ginseng continua a crescere.<\/p>\n<h3>Ingredienti<\/h3>\n<p>Ginseng biologico in polvere<\/p>\n<h3>Utilizzo<\/h3>\n<p>Sciogliere un cucchiaino in un succo di frutta, una bibita, un t\u00e8, una cioccolata calda o un&#8217;altra bevanda. Per preparare il t\u00e8 al ginseng, far bollire 3 grammi di polvere in acqua per 5-10 minuti. Poi filtratelo e sar\u00e0 pronto da bere. Non assumere pi\u00f9 di 6 grammi al giorno.<\/p>\n<h3>Informazioni aggiuntive<\/h3>\n<p>\u00c8 importante condurre una vita sana e mangiare una dieta varia ed equilibrata; gli integratori non possono sostituirla. Tenere gli integratori fuori dalla portata dei bambini, non assumere quantit\u00e0 superiori a quelle consigliate e conservarli in un luogo fresco e buio. Consultare un professionista se si hanno problemi di salute, se si assumono farmaci, se si \u00e8 in gravidanza o si sta allattando, e interrompere l&#8217;uso se si verificano effetti collaterali.<\/p>\n<h3>Contenuto<\/h3>\n<p>Ginseng &#8211; 25 grammi<\/p>\n","protected":false},"excerpt":{"rendered":"<p>Il ginseng, profondamente radicato nelle tradizioni culturali dell&#8217;Asia orientale, \u00e8 apprezzato e utilizzato da migliaia di anni. Il Panax ginseng, originario della penisola coreana, gode di fama mondiale. Non solo viene utilizzato nella medicina tradizionale, ma \u00e8 anche parte integrante del consumo quotidiano di molti in Asia e non solo. I presunti benefici del Panax [&hellip;]<\/p>\n","protected":false},"featured_media":31183,"comment_status":"closed","ping_status":"closed","template":"","meta":[],"product_brand":[],"product_cat":[295,296,323],"product_tag":[],"class_list":{"0":"post-31188","1":"product","2":"type-product","3":"status-publish","4":"has-post-thumbnail","6":"product_cat-integratori-energetici","7":"product_cat-integratori-per-il-sistema-immunitario","8":"product_cat-integratori-per-la-concentrazione","10":"first","11":"instock","12":"taxable","13":"shipping-taxable","14":"purchasable","15":"product-type-simple"},"yoast_head":"<!-- This site is optimized with the Yoast SEO Premium plugin v26.4 (Yoast SEO v27.2) - https:\/\/yoast.com\/product\/yoast-seo-premium-wordpress\/ -->\n<title>Ginseng in polvere - Panax Ginseng - Dutchmicrodosing<\/title>\n<meta name=\"description\" content=\"Il ginseng, profondamente radicato nelle tradizioni culturali dell&#039;Asia orientale, \u00e8 apprezzato e utilizzato da migliaia di anni. Il Panax ginseng, originario delle...\" \/>\n<meta name=\"robots\" content=\"index, follow, max-snippet:-1, max-image-preview:large, max-video-preview:-1\" \/>\n<link rel=\"canonical\" href=\"https:\/\/dutchmicrodosing.com\/it\/negozio-di-salute\/integratori-energetici\/ginseng-in-polvere-panax-ginseng\/\" \/>\n<meta property=\"og:locale\" content=\"it_IT\" \/>\n<meta property=\"og:type\" content=\"article\" \/>\n<meta property=\"og:title\" content=\"Ginseng in polvere - Panax Ginseng\" \/>\n<meta property=\"og:description\" content=\"Il ginseng, profondamente radicato nelle tradizioni culturali dell&#039;Asia orientale, \u00e8 apprezzato e utilizzato da migliaia di anni. Il Panax ginseng,\" \/>\n<meta property=\"og:url\" content=\"https:\/\/dutchmicrodosing.com\/it\/negozio-di-salute\/integratori-energetici\/ginseng-in-polvere-panax-ginseng\/\" \/>\n<meta property=\"og:site_name\" content=\"Dutchmicrodosing\" \/>\n<meta property=\"article:publisher\" content=\"https:\/\/www.facebook.com\/Dutchmicrodosingxp\/\" \/>\n<meta property=\"article:modified_time\" content=\"2025-08-29T09:41:09+00:00\" \/>\n<meta property=\"og:image\" content=\"https:\/\/dutchmicrodosing.com\/wp-content\/uploads\/2023\/11\/Ginseng.png\" \/>\n\t<meta property=\"og:image:width\" content=\"500\" \/>\n\t<meta property=\"og:image:height\" content=\"500\" \/>\n\t<meta property=\"og:image:type\" content=\"image\/png\" \/>\n<meta name=\"twitter:card\" content=\"summary_large_image\" \/>\n<script type=\"application\/ld+json\" class=\"yoast-schema-graph\">{\"@context\":\"https:\/\/schema.org\",\"@graph\":[{\"@type\":\"WebPage\",\"@id\":\"https:\/\/dutchmicrodosing.com\/it\/negozio-di-salute\/integratori-energetici\/ginseng-in-polvere-panax-ginseng\/\",\"url\":\"https:\/\/dutchmicrodosing.com\/it\/negozio-di-salute\/integratori-energetici\/ginseng-in-polvere-panax-ginseng\/\",\"name\":\"Ginseng in polvere - Panax Ginseng - Dutchmicrodosing\",\"isPartOf\":{\"@id\":\"https:\/\/dutchmicrodosing.com\/it\/#website\"},\"primaryImageOfPage\":{\"@id\":\"https:\/\/dutchmicrodosing.com\/it\/negozio-di-salute\/integratori-energetici\/ginseng-in-polvere-panax-ginseng\/#primaryimage\"},\"image\":{\"@id\":\"https:\/\/dutchmicrodosing.com\/it\/negozio-di-salute\/integratori-energetici\/ginseng-in-polvere-panax-ginseng\/#primaryimage\"},\"thumbnailUrl\":\"https:\/\/dutchmicrodosing.com\/wp-content\/uploads\/2023\/11\/Ginseng.png\",\"datePublished\":\"2023-11-13T08:18:16+00:00\",\"dateModified\":\"2025-08-29T09:41:09+00:00\",\"description\":\"Il ginseng, profondamente radicato nelle tradizioni culturali dell'Asia orientale, \u00e8 apprezzato e utilizzato da migliaia di anni. Il Panax ginseng, originario delle...\",\"breadcrumb\":{\"@id\":\"https:\/\/dutchmicrodosing.com\/it\/negozio-di-salute\/integratori-energetici\/ginseng-in-polvere-panax-ginseng\/#breadcrumb\"},\"inLanguage\":\"it-IT\",\"potentialAction\":[{\"@type\":\"ReadAction\",\"target\":[\"https:\/\/dutchmicrodosing.com\/it\/negozio-di-salute\/integratori-energetici\/ginseng-in-polvere-panax-ginseng\/\"]}]},{\"@type\":\"ImageObject\",\"inLanguage\":\"it-IT\",\"@id\":\"https:\/\/dutchmicrodosing.com\/it\/negozio-di-salute\/integratori-energetici\/ginseng-in-polvere-panax-ginseng\/#primaryimage\",\"url\":\"https:\/\/dutchmicrodosing.com\/wp-content\/uploads\/2023\/11\/Ginseng.png\",\"contentUrl\":\"https:\/\/dutchmicrodosing.com\/wp-content\/uploads\/2023\/11\/Ginseng.png\",\"width\":500,\"height\":500},{\"@type\":\"BreadcrumbList\",\"@id\":\"https:\/\/dutchmicrodosing.com\/it\/negozio-di-salute\/integratori-energetici\/ginseng-in-polvere-panax-ginseng\/#breadcrumb\",\"itemListElement\":[{\"@type\":\"ListItem\",\"position\":1,\"name\":\"Home\",\"item\":\"https:\/\/dutchmicrodosing.com\/it\/\"},{\"@type\":\"ListItem\",\"position\":2,\"name\":\"Negozio\",\"item\":\"https:\/\/dutchmicrodosing.com\/it\/negozio\/\"},{\"@type\":\"ListItem\",\"position\":3,\"name\":\"Ginseng in polvere &#8211; Panax Ginseng\"}]},{\"@type\":\"WebSite\",\"@id\":\"https:\/\/dutchmicrodosing.com\/it\/#website\",\"url\":\"https:\/\/dutchmicrodosing.com\/it\/\",\"name\":\"Dutchmicrodosing\",\"description\":\"\",\"publisher\":{\"@id\":\"https:\/\/dutchmicrodosing.com\/it\/#organization\"},\"potentialAction\":[{\"@type\":\"SearchAction\",\"target\":{\"@type\":\"EntryPoint\",\"urlTemplate\":\"https:\/\/dutchmicrodosing.com\/it\/?s={search_term_string}\"},\"query-input\":{\"@type\":\"PropertyValueSpecification\",\"valueRequired\":true,\"valueName\":\"search_term_string\"}}],\"inLanguage\":\"it-IT\"},{\"@type\":\"Organization\",\"@id\":\"https:\/\/dutchmicrodosing.com\/it\/#organization\",\"name\":\"Dutchmicrodosing\",\"url\":\"https:\/\/dutchmicrodosing.com\/it\/\",\"logo\":{\"@type\":\"ImageObject\",\"inLanguage\":\"it-IT\",\"@id\":\"https:\/\/dutchmicrodosing.com\/it\/#\/schema\/logo\/image\/\",\"url\":\"https:\/\/dutchmicrodosing.com\/wp-content\/uploads\/2021\/01\/microdosing-categorie-pic-nieuw.jpg\",\"contentUrl\":\"https:\/\/dutchmicrodosing.com\/wp-content\/uploads\/2021\/01\/microdosing-categorie-pic-nieuw.jpg\",\"width\":500,\"height\":500,\"caption\":\"Dutchmicrodosing\"},\"image\":{\"@id\":\"https:\/\/dutchmicrodosing.com\/it\/#\/schema\/logo\/image\/\"},\"sameAs\":[\"https:\/\/www.facebook.com\/Dutchmicrodosingxp\/\",\"https:\/\/www.instagram.com\/dutchmicrodosing\/\"]}]}<\/script>\n<meta property=\"product:price:amount\" content=\"10.95\" \/>\n<meta property=\"product:price:currency\" content=\"EUR\" \/>\n<meta property=\"og:availability\" content=\"instock\" \/>\n<meta property=\"product:availability\" content=\"instock\" \/>\n<meta property=\"product:retailer_item_id\" content=\"3211666\" \/>\n<meta property=\"product:condition\" content=\"new\" \/>\n<!-- \/ Yoast SEO Premium plugin. -->","yoast_head_json":{"title":"Ginseng in polvere - Panax Ginseng - Dutchmicrodosing","description":"Il ginseng, profondamente radicato nelle tradizioni culturali dell'Asia orientale, \u00e8 apprezzato e utilizzato da migliaia di anni. Il Panax ginseng, originario delle...","robots":{"index":"index","follow":"follow","max-snippet":"max-snippet:-1","max-image-preview":"max-image-preview:large","max-video-preview":"max-video-preview:-1"},"canonical":"https:\/\/dutchmicrodosing.com\/it\/negozio-di-salute\/integratori-energetici\/ginseng-in-polvere-panax-ginseng\/","og_locale":"it_IT","og_type":"article","og_title":"Ginseng in polvere - Panax Ginseng","og_description":"Il ginseng, profondamente radicato nelle tradizioni culturali dell'Asia orientale, \u00e8 apprezzato e utilizzato da migliaia di anni. Il Panax ginseng,","og_url":"https:\/\/dutchmicrodosing.com\/it\/negozio-di-salute\/integratori-energetici\/ginseng-in-polvere-panax-ginseng\/","og_site_name":"Dutchmicrodosing","article_publisher":"https:\/\/www.facebook.com\/Dutchmicrodosingxp\/","article_modified_time":"2025-08-29T09:41:09+00:00","og_image":[{"width":500,"height":500,"url":"https:\/\/dutchmicrodosing.com\/wp-content\/uploads\/2023\/11\/Ginseng.png","type":"image\/png"}],"twitter_card":"summary_large_image","schema":{"@context":"https:\/\/schema.org","@graph":[{"@type":"WebPage","@id":"https:\/\/dutchmicrodosing.com\/it\/negozio-di-salute\/integratori-energetici\/ginseng-in-polvere-panax-ginseng\/","url":"https:\/\/dutchmicrodosing.com\/it\/negozio-di-salute\/integratori-energetici\/ginseng-in-polvere-panax-ginseng\/","name":"Ginseng in polvere - Panax Ginseng - Dutchmicrodosing","isPartOf":{"@id":"https:\/\/dutchmicrodosing.com\/it\/#website"},"primaryImageOfPage":{"@id":"https:\/\/dutchmicrodosing.com\/it\/negozio-di-salute\/integratori-energetici\/ginseng-in-polvere-panax-ginseng\/#primaryimage"},"image":{"@id":"https:\/\/dutchmicrodosing.com\/it\/negozio-di-salute\/integratori-energetici\/ginseng-in-polvere-panax-ginseng\/#primaryimage"},"thumbnailUrl":"https:\/\/dutchmicrodosing.com\/wp-content\/uploads\/2023\/11\/Ginseng.png","datePublished":"2023-11-13T08:18:16+00:00","dateModified":"2025-08-29T09:41:09+00:00","description":"Il ginseng, profondamente radicato nelle tradizioni culturali dell'Asia orientale, \u00e8 apprezzato e utilizzato da migliaia di anni. Il Panax ginseng, originario delle...","breadcrumb":{"@id":"https:\/\/dutchmicrodosing.com\/it\/negozio-di-salute\/integratori-energetici\/ginseng-in-polvere-panax-ginseng\/#breadcrumb"},"inLanguage":"it-IT","potentialAction":[{"@type":"ReadAction","target":["https:\/\/dutchmicrodosing.com\/it\/negozio-di-salute\/integratori-energetici\/ginseng-in-polvere-panax-ginseng\/"]}]},{"@type":"ImageObject","inLanguage":"it-IT","@id":"https:\/\/dutchmicrodosing.com\/it\/negozio-di-salute\/integratori-energetici\/ginseng-in-polvere-panax-ginseng\/#primaryimage","url":"https:\/\/dutchmicrodosing.com\/wp-content\/uploads\/2023\/11\/Ginseng.png","contentUrl":"https:\/\/dutchmicrodosing.com\/wp-content\/uploads\/2023\/11\/Ginseng.png","width":500,"height":500},{"@type":"BreadcrumbList","@id":"https:\/\/dutchmicrodosing.com\/it\/negozio-di-salute\/integratori-energetici\/ginseng-in-polvere-panax-ginseng\/#breadcrumb","itemListElement":[{"@type":"ListItem","position":1,"name":"Home","item":"https:\/\/dutchmicrodosing.com\/it\/"},{"@type":"ListItem","position":2,"name":"Negozio","item":"https:\/\/dutchmicrodosing.com\/it\/negozio\/"},{"@type":"ListItem","position":3,"name":"Ginseng in polvere &#8211; Panax Ginseng"}]},{"@type":"WebSite","@id":"https:\/\/dutchmicrodosing.com\/it\/#website","url":"https:\/\/dutchmicrodosing.com\/it\/","name":"Dutchmicrodosing","description":"","publisher":{"@id":"https:\/\/dutchmicrodosing.com\/it\/#organization"},"potentialAction":[{"@type":"SearchAction","target":{"@type":"EntryPoint","urlTemplate":"https:\/\/dutchmicrodosing.com\/it\/?s={search_term_string}"},"query-input":{"@type":"PropertyValueSpecification","valueRequired":true,"valueName":"search_term_string"}}],"inLanguage":"it-IT"},{"@type":"Organization","@id":"https:\/\/dutchmicrodosing.com\/it\/#organization","name":"Dutchmicrodosing","url":"https:\/\/dutchmicrodosing.com\/it\/","logo":{"@type":"ImageObject","inLanguage":"it-IT","@id":"https:\/\/dutchmicrodosing.com\/it\/#\/schema\/logo\/image\/","url":"https:\/\/dutchmicrodosing.com\/wp-content\/uploads\/2021\/01\/microdosing-categorie-pic-nieuw.jpg","contentUrl":"https:\/\/dutchmicrodosing.com\/wp-content\/uploads\/2021\/01\/microdosing-categorie-pic-nieuw.jpg","width":500,"height":500,"caption":"Dutchmicrodosing"},"image":{"@id":"https:\/\/dutchmicrodosing.com\/it\/#\/schema\/logo\/image\/"},"sameAs":["https:\/\/www.facebook.com\/Dutchmicrodosingxp\/","https:\/\/www.instagram.com\/dutchmicrodosing\/"]}]},"product_price_amount":"10.95","product_price_currency":"EUR","og_availability":"instock","product_availability":"instock","product_retailer_item_id":"3211666","product_condition":"new"},"_links":{"self":[{"href":"https:\/\/dutchmicrodosing.com\/it\/wp-json\/wp\/v2\/product\/31188","targetHints":{"allow":["GET"]}}],"collection":[{"href":"https:\/\/dutchmicrodosing.com\/it\/wp-json\/wp\/v2\/product"}],"about":[{"href":"https:\/\/dutchmicrodosing.com\/it\/wp-json\/wp\/v2\/types\/product"}],"replies":[{"embeddable":true,"href":"https:\/\/dutchmicrodosing.com\/it\/wp-json\/wp\/v2\/comments?post=31188"}],"version-history":[{"count":0,"href":"https:\/\/dutchmicrodosing.com\/it\/wp-json\/wp\/v2\/product\/31188\/revisions"}],"wp:featuredmedia":[{"embeddable":true,"href":"https:\/\/dutchmicrodosing.com\/it\/wp-json\/wp\/v2\/media\/31183"}],"wp:attachment":[{"href":"https:\/\/dutchmicrodosing.com\/it\/wp-json\/wp\/v2\/media?parent=31188"}],"wp:term":[{"taxonomy":"product_brand","embeddable":true,"href":"https:\/\/dutchmicrodosing.com\/it\/wp-json\/wp\/v2\/product_brand?post=31188"},{"taxonomy":"product_cat","embeddable":true,"href":"https:\/\/dutchmicrodosing.com\/it\/wp-json\/wp\/v2\/product_cat?post=31188"},{"taxonomy":"product_tag","embeddable":true,"href":"https:\/\/dutchmicrodosing.com\/it\/wp-json\/wp\/v2\/product_tag?post=31188"}],"curies":[{"name":"wp","href":"https:\/\/api.w.org\/{rel}","templated":true}]}}