{"id":31203,"date":"2023-11-13T10:08:55","date_gmt":"2023-11-13T09:08:55","guid":{"rendered":"https:\/\/dutchmicrodosing.com\/shop\/senza-categoria\/yerba-mate-foglie-polvere-organica\/"},"modified":"2025-09-23T09:27:00","modified_gmt":"2025-09-23T07:27:00","slug":"yerba-mate-foglie-polvere-organica","status":"publish","type":"product","link":"https:\/\/dutchmicrodosing.com\/it\/negozio-di-salute\/integratori-energetici\/yerba-mate-foglie-polvere-organica\/","title":{"rendered":"Foglie di yerba mate in polvere biologica"},"content":{"rendered":"<p>La <strong>yerba mate<\/strong> \u00e8 profondamente radicata nella cultura del Sud America, dove viene consumata da secoli. Questo t\u00e8, popolare in Argentina, Paraguay, Uruguay e Brasile, \u00e8 noto per la sua composizione nutriente, che comprende un&#8217;abbondanza di vitamine, minerali e antiossidanti che lo rendono una bevanda salutare. L&#8217;apprezzamento per la yerba mate trascende i confini culinari e si \u00e8 fatto strada anche nel mondo dello sport. \u00c8 la bevanda preferita di molti atleti di alto livello, tra cui calciatori di fama mondiale come Messi, Neymar e Ronaldo, grazie anche agli stimolanti naturali come la caffeina e gli alcaloidi xantinici che contiene.<\/p>\n<p>L&#8217;arbusto di yerba mate, che pu\u00f2 diventare un grande albero, \u00e8 visivamente attraente con le sue foglie verdi e i suoi bellissimi fiori verdi e bianchi. L&#8217;utilizzo delle foglie per la preparazione del t\u00e8 fa parte di una lunga tradizione che in Sud America ha un valore non solo culturale ma anche nutrizionale.<\/p>\n<h3>Ingredienti<\/h3>\n<p>100% polvere di yerba mate biologica.<\/p>\n<h3>Utilizzo<\/h3>\n<p>La Yerba Mat\u00e9 pu\u00f2 essere utilizzata come t\u00e8. Mettete un cucchiaio per tazza in un colino e lasciate in infusione in acqua calda (ma non bollente) per circa 3-4 minuti.<\/p>\n<h3>Contenuto<\/h3>\n<p>Yerba mate biologico &#8211; 100 grammi<\/p>\n","protected":false},"excerpt":{"rendered":"<p>La yerba mate \u00e8 profondamente radicata nella cultura del Sud America, dove viene consumata da secoli. Questo t\u00e8, popolare in Argentina, Paraguay, Uruguay e Brasile, \u00e8 noto per la sua composizione nutriente, che comprende un&#8217;abbondanza di vitamine, minerali e antiossidanti che lo rendono una bevanda salutare. L&#8217;apprezzamento per la yerba mate trascende i confini culinari [&hellip;]<\/p>\n","protected":false},"featured_media":31197,"comment_status":"closed","ping_status":"closed","template":"","meta":[],"product_brand":[],"product_cat":[295,296],"product_tag":[],"class_list":{"0":"post-31203","1":"product","2":"type-product","3":"status-publish","4":"has-post-thumbnail","6":"product_cat-integratori-energetici","7":"product_cat-integratori-per-il-sistema-immunitario","9":"first","10":"instock","11":"taxable","12":"shipping-taxable","13":"purchasable","14":"product-type-simple"},"yoast_head":"<!-- This site is optimized with the Yoast SEO Premium plugin v26.4 (Yoast SEO v27.4) - https:\/\/yoast.com\/product\/yoast-seo-premium-wordpress\/ -->\n<title>Foglie di yerba mate in polvere biologica - Dutchmicrodosing<\/title>\n<meta name=\"description\" content=\"La yerba mate \u00e8 profondamente radicata nella cultura del Sud America, dove viene consumata da secoli. Questa variet\u00e0 di t\u00e8, popolare in Argentina, Paraguay...\" \/>\n<meta name=\"robots\" content=\"index, follow, max-snippet:-1, max-image-preview:large, max-video-preview:-1\" \/>\n<link rel=\"canonical\" href=\"https:\/\/dutchmicrodosing.com\/it\/negozio-di-salute\/integratori-energetici\/yerba-mate-foglie-polvere-organica\/\" \/>\n<meta property=\"og:locale\" content=\"it_IT\" \/>\n<meta property=\"og:type\" content=\"article\" \/>\n<meta property=\"og:title\" content=\"Foglie di yerba mate in polvere biologica\" \/>\n<meta property=\"og:description\" content=\"La yerba mate \u00e8 profondamente radicata nella cultura del Sud America, dove viene consumata da secoli. Questo t\u00e8, popolare in Argentina, Paraguay, Uruguay\" \/>\n<meta property=\"og:url\" content=\"https:\/\/dutchmicrodosing.com\/it\/negozio-di-salute\/integratori-energetici\/yerba-mate-foglie-polvere-organica\/\" \/>\n<meta property=\"og:site_name\" content=\"Dutchmicrodosing\" \/>\n<meta property=\"article:publisher\" content=\"https:\/\/www.facebook.com\/Dutchmicrodosingxp\/\" \/>\n<meta property=\"article:modified_time\" content=\"2025-09-23T07:27:00+00:00\" \/>\n<meta property=\"og:image\" content=\"https:\/\/dutchmicrodosing.com\/wp-content\/uploads\/2023\/11\/yerba.png\" \/>\n\t<meta property=\"og:image:width\" content=\"500\" \/>\n\t<meta property=\"og:image:height\" content=\"500\" \/>\n\t<meta property=\"og:image:type\" content=\"image\/png\" \/>\n<meta name=\"twitter:card\" content=\"summary_large_image\" \/>\n<script type=\"application\/ld+json\" class=\"yoast-schema-graph\">{\"@context\":\"https:\\\/\\\/schema.org\",\"@graph\":[{\"@type\":\"WebPage\",\"@id\":\"https:\\\/\\\/dutchmicrodosing.com\\\/it\\\/negozio-di-salute\\\/integratori-energetici\\\/yerba-mate-foglie-polvere-organica\\\/\",\"url\":\"https:\\\/\\\/dutchmicrodosing.com\\\/it\\\/negozio-di-salute\\\/integratori-energetici\\\/yerba-mate-foglie-polvere-organica\\\/\",\"name\":\"Foglie di yerba mate in polvere biologica - Dutchmicrodosing\",\"isPartOf\":{\"@id\":\"https:\\\/\\\/dutchmicrodosing.com\\\/it\\\/#website\"},\"primaryImageOfPage\":{\"@id\":\"https:\\\/\\\/dutchmicrodosing.com\\\/it\\\/negozio-di-salute\\\/integratori-energetici\\\/yerba-mate-foglie-polvere-organica\\\/#primaryimage\"},\"image\":{\"@id\":\"https:\\\/\\\/dutchmicrodosing.com\\\/it\\\/negozio-di-salute\\\/integratori-energetici\\\/yerba-mate-foglie-polvere-organica\\\/#primaryimage\"},\"thumbnailUrl\":\"https:\\\/\\\/dutchmicrodosing.com\\\/wp-content\\\/uploads\\\/2023\\\/11\\\/yerba.png\",\"datePublished\":\"2023-11-13T09:08:55+00:00\",\"dateModified\":\"2025-09-23T07:27:00+00:00\",\"description\":\"La yerba mate \u00e8 profondamente radicata nella cultura del Sud America, dove viene consumata da secoli. Questa variet\u00e0 di t\u00e8, popolare in Argentina, Paraguay...\",\"breadcrumb\":{\"@id\":\"https:\\\/\\\/dutchmicrodosing.com\\\/it\\\/negozio-di-salute\\\/integratori-energetici\\\/yerba-mate-foglie-polvere-organica\\\/#breadcrumb\"},\"inLanguage\":\"it-IT\",\"potentialAction\":[{\"@type\":\"ReadAction\",\"target\":[\"https:\\\/\\\/dutchmicrodosing.com\\\/it\\\/negozio-di-salute\\\/integratori-energetici\\\/yerba-mate-foglie-polvere-organica\\\/\"]}]},{\"@type\":\"ImageObject\",\"inLanguage\":\"it-IT\",\"@id\":\"https:\\\/\\\/dutchmicrodosing.com\\\/it\\\/negozio-di-salute\\\/integratori-energetici\\\/yerba-mate-foglie-polvere-organica\\\/#primaryimage\",\"url\":\"https:\\\/\\\/dutchmicrodosing.com\\\/wp-content\\\/uploads\\\/2023\\\/11\\\/yerba.png\",\"contentUrl\":\"https:\\\/\\\/dutchmicrodosing.com\\\/wp-content\\\/uploads\\\/2023\\\/11\\\/yerba.png\",\"width\":500,\"height\":500},{\"@type\":\"BreadcrumbList\",\"@id\":\"https:\\\/\\\/dutchmicrodosing.com\\\/it\\\/negozio-di-salute\\\/integratori-energetici\\\/yerba-mate-foglie-polvere-organica\\\/#breadcrumb\",\"itemListElement\":[{\"@type\":\"ListItem\",\"position\":1,\"name\":\"Home\",\"item\":\"https:\\\/\\\/dutchmicrodosing.com\\\/it\\\/\"},{\"@type\":\"ListItem\",\"position\":2,\"name\":\"Negozio\",\"item\":\"https:\\\/\\\/dutchmicrodosing.com\\\/it\\\/negozio\\\/\"},{\"@type\":\"ListItem\",\"position\":3,\"name\":\"Foglie di yerba mate in polvere biologica\"}]},{\"@type\":\"WebSite\",\"@id\":\"https:\\\/\\\/dutchmicrodosing.com\\\/it\\\/#website\",\"url\":\"https:\\\/\\\/dutchmicrodosing.com\\\/it\\\/\",\"name\":\"Dutchmicrodosing\",\"description\":\"\",\"publisher\":{\"@id\":\"https:\\\/\\\/dutchmicrodosing.com\\\/it\\\/#organization\"},\"potentialAction\":[{\"@type\":\"SearchAction\",\"target\":{\"@type\":\"EntryPoint\",\"urlTemplate\":\"https:\\\/\\\/dutchmicrodosing.com\\\/it\\\/?s={search_term_string}\"},\"query-input\":{\"@type\":\"PropertyValueSpecification\",\"valueRequired\":true,\"valueName\":\"search_term_string\"}}],\"inLanguage\":\"it-IT\"},{\"@type\":\"Organization\",\"@id\":\"https:\\\/\\\/dutchmicrodosing.com\\\/it\\\/#organization\",\"name\":\"Dutchmicrodosing\",\"url\":\"https:\\\/\\\/dutchmicrodosing.com\\\/it\\\/\",\"logo\":{\"@type\":\"ImageObject\",\"inLanguage\":\"it-IT\",\"@id\":\"https:\\\/\\\/dutchmicrodosing.com\\\/it\\\/#\\\/schema\\\/logo\\\/image\\\/\",\"url\":\"https:\\\/\\\/dutchmicrodosing.com\\\/wp-content\\\/uploads\\\/2021\\\/01\\\/microdosing-categorie-pic-nieuw.jpg\",\"contentUrl\":\"https:\\\/\\\/dutchmicrodosing.com\\\/wp-content\\\/uploads\\\/2021\\\/01\\\/microdosing-categorie-pic-nieuw.jpg\",\"width\":500,\"height\":500,\"caption\":\"Dutchmicrodosing\"},\"image\":{\"@id\":\"https:\\\/\\\/dutchmicrodosing.com\\\/it\\\/#\\\/schema\\\/logo\\\/image\\\/\"},\"sameAs\":[\"https:\\\/\\\/www.facebook.com\\\/Dutchmicrodosingxp\\\/\",\"https:\\\/\\\/www.instagram.com\\\/dutchmicrodosing\\\/\"]}]}<\/script>\n<meta property=\"product:price:amount\" content=\"6.95\" \/>\n<meta property=\"product:price:currency\" content=\"EUR\" \/>\n<meta property=\"og:availability\" content=\"instock\" \/>\n<meta property=\"product:availability\" content=\"instock\" \/>\n<meta property=\"product:retailer_item_id\" content=\"3211235\" \/>\n<meta property=\"product:condition\" content=\"new\" \/>\n<!-- \/ Yoast SEO Premium plugin. -->","yoast_head_json":{"title":"Foglie di yerba mate in polvere biologica - Dutchmicrodosing","description":"La yerba mate \u00e8 profondamente radicata nella cultura del Sud America, dove viene consumata da secoli. Questa variet\u00e0 di t\u00e8, popolare in Argentina, Paraguay...","robots":{"index":"index","follow":"follow","max-snippet":"max-snippet:-1","max-image-preview":"max-image-preview:large","max-video-preview":"max-video-preview:-1"},"canonical":"https:\/\/dutchmicrodosing.com\/it\/negozio-di-salute\/integratori-energetici\/yerba-mate-foglie-polvere-organica\/","og_locale":"it_IT","og_type":"article","og_title":"Foglie di yerba mate in polvere biologica","og_description":"La yerba mate \u00e8 profondamente radicata nella cultura del Sud America, dove viene consumata da secoli. Questo t\u00e8, popolare in Argentina, Paraguay, Uruguay","og_url":"https:\/\/dutchmicrodosing.com\/it\/negozio-di-salute\/integratori-energetici\/yerba-mate-foglie-polvere-organica\/","og_site_name":"Dutchmicrodosing","article_publisher":"https:\/\/www.facebook.com\/Dutchmicrodosingxp\/","article_modified_time":"2025-09-23T07:27:00+00:00","og_image":[{"width":500,"height":500,"url":"https:\/\/dutchmicrodosing.com\/wp-content\/uploads\/2023\/11\/yerba.png","type":"image\/png"}],"twitter_card":"summary_large_image","schema":{"@context":"https:\/\/schema.org","@graph":[{"@type":"WebPage","@id":"https:\/\/dutchmicrodosing.com\/it\/negozio-di-salute\/integratori-energetici\/yerba-mate-foglie-polvere-organica\/","url":"https:\/\/dutchmicrodosing.com\/it\/negozio-di-salute\/integratori-energetici\/yerba-mate-foglie-polvere-organica\/","name":"Foglie di yerba mate in polvere biologica - Dutchmicrodosing","isPartOf":{"@id":"https:\/\/dutchmicrodosing.com\/it\/#website"},"primaryImageOfPage":{"@id":"https:\/\/dutchmicrodosing.com\/it\/negozio-di-salute\/integratori-energetici\/yerba-mate-foglie-polvere-organica\/#primaryimage"},"image":{"@id":"https:\/\/dutchmicrodosing.com\/it\/negozio-di-salute\/integratori-energetici\/yerba-mate-foglie-polvere-organica\/#primaryimage"},"thumbnailUrl":"https:\/\/dutchmicrodosing.com\/wp-content\/uploads\/2023\/11\/yerba.png","datePublished":"2023-11-13T09:08:55+00:00","dateModified":"2025-09-23T07:27:00+00:00","description":"La yerba mate \u00e8 profondamente radicata nella cultura del Sud America, dove viene consumata da secoli. Questa variet\u00e0 di t\u00e8, popolare in Argentina, Paraguay...","breadcrumb":{"@id":"https:\/\/dutchmicrodosing.com\/it\/negozio-di-salute\/integratori-energetici\/yerba-mate-foglie-polvere-organica\/#breadcrumb"},"inLanguage":"it-IT","potentialAction":[{"@type":"ReadAction","target":["https:\/\/dutchmicrodosing.com\/it\/negozio-di-salute\/integratori-energetici\/yerba-mate-foglie-polvere-organica\/"]}]},{"@type":"ImageObject","inLanguage":"it-IT","@id":"https:\/\/dutchmicrodosing.com\/it\/negozio-di-salute\/integratori-energetici\/yerba-mate-foglie-polvere-organica\/#primaryimage","url":"https:\/\/dutchmicrodosing.com\/wp-content\/uploads\/2023\/11\/yerba.png","contentUrl":"https:\/\/dutchmicrodosing.com\/wp-content\/uploads\/2023\/11\/yerba.png","width":500,"height":500},{"@type":"BreadcrumbList","@id":"https:\/\/dutchmicrodosing.com\/it\/negozio-di-salute\/integratori-energetici\/yerba-mate-foglie-polvere-organica\/#breadcrumb","itemListElement":[{"@type":"ListItem","position":1,"name":"Home","item":"https:\/\/dutchmicrodosing.com\/it\/"},{"@type":"ListItem","position":2,"name":"Negozio","item":"https:\/\/dutchmicrodosing.com\/it\/negozio\/"},{"@type":"ListItem","position":3,"name":"Foglie di yerba mate in polvere biologica"}]},{"@type":"WebSite","@id":"https:\/\/dutchmicrodosing.com\/it\/#website","url":"https:\/\/dutchmicrodosing.com\/it\/","name":"Dutchmicrodosing","description":"","publisher":{"@id":"https:\/\/dutchmicrodosing.com\/it\/#organization"},"potentialAction":[{"@type":"SearchAction","target":{"@type":"EntryPoint","urlTemplate":"https:\/\/dutchmicrodosing.com\/it\/?s={search_term_string}"},"query-input":{"@type":"PropertyValueSpecification","valueRequired":true,"valueName":"search_term_string"}}],"inLanguage":"it-IT"},{"@type":"Organization","@id":"https:\/\/dutchmicrodosing.com\/it\/#organization","name":"Dutchmicrodosing","url":"https:\/\/dutchmicrodosing.com\/it\/","logo":{"@type":"ImageObject","inLanguage":"it-IT","@id":"https:\/\/dutchmicrodosing.com\/it\/#\/schema\/logo\/image\/","url":"https:\/\/dutchmicrodosing.com\/wp-content\/uploads\/2021\/01\/microdosing-categorie-pic-nieuw.jpg","contentUrl":"https:\/\/dutchmicrodosing.com\/wp-content\/uploads\/2021\/01\/microdosing-categorie-pic-nieuw.jpg","width":500,"height":500,"caption":"Dutchmicrodosing"},"image":{"@id":"https:\/\/dutchmicrodosing.com\/it\/#\/schema\/logo\/image\/"},"sameAs":["https:\/\/www.facebook.com\/Dutchmicrodosingxp\/","https:\/\/www.instagram.com\/dutchmicrodosing\/"]}]},"product_price_amount":"6.95","product_price_currency":"EUR","og_availability":"instock","product_availability":"instock","product_retailer_item_id":"3211235","product_condition":"new"},"_links":{"self":[{"href":"https:\/\/dutchmicrodosing.com\/it\/wp-json\/wp\/v2\/product\/31203","targetHints":{"allow":["GET"]}}],"collection":[{"href":"https:\/\/dutchmicrodosing.com\/it\/wp-json\/wp\/v2\/product"}],"about":[{"href":"https:\/\/dutchmicrodosing.com\/it\/wp-json\/wp\/v2\/types\/product"}],"replies":[{"embeddable":true,"href":"https:\/\/dutchmicrodosing.com\/it\/wp-json\/wp\/v2\/comments?post=31203"}],"version-history":[{"count":0,"href":"https:\/\/dutchmicrodosing.com\/it\/wp-json\/wp\/v2\/product\/31203\/revisions"}],"wp:featuredmedia":[{"embeddable":true,"href":"https:\/\/dutchmicrodosing.com\/it\/wp-json\/wp\/v2\/media\/31197"}],"wp:attachment":[{"href":"https:\/\/dutchmicrodosing.com\/it\/wp-json\/wp\/v2\/media?parent=31203"}],"wp:term":[{"taxonomy":"product_brand","embeddable":true,"href":"https:\/\/dutchmicrodosing.com\/it\/wp-json\/wp\/v2\/product_brand?post=31203"},{"taxonomy":"product_cat","embeddable":true,"href":"https:\/\/dutchmicrodosing.com\/it\/wp-json\/wp\/v2\/product_cat?post=31203"},{"taxonomy":"product_tag","embeddable":true,"href":"https:\/\/dutchmicrodosing.com\/it\/wp-json\/wp\/v2\/product_tag?post=31203"}],"curies":[{"name":"wp","href":"https:\/\/api.w.org\/{rel}","templated":true}]}}