{"id":31306,"date":"2023-11-13T15:19:51","date_gmt":"2023-11-13T14:19:51","guid":{"rendered":"https:\/\/dutchmicrodosing.com\/shop\/senza-categoria\/olio-di-canapa-10-cbg\/"},"modified":"2025-09-05T09:30:16","modified_gmt":"2025-09-05T07:30:16","slug":"olio-di-canapa-10-cbg","status":"publish","type":"product","link":"https:\/\/dutchmicrodosing.com\/it\/negozio-di-salute\/cbd-e-integratori-alimentari\/olio-di-canapa-10-cbg\/","title":{"rendered":"Olio di cannabis Plant of Remedy &#8211; 10% CBG"},"content":{"rendered":"<p>L&#8217;<strong>olio di cannabis Plant of Remedy 10% CBG<\/strong> \u00e8 un olio di canapa naturale e biologico con un basso contenuto di THC e nessun effetto psicoattivo. Ricco di terpeni e altri cannabinoidi come il CBD, l&#8217;olio \u00e8 noto per la sua capacit\u00e0 di attenuare la psicoattivit\u00e0 del THC. Ci\u00f2 si verifica spesso nelle variet\u00e0 di cannabis con alte concentrazioni di CBD e basse di THC. La particolarit\u00e0 di questo olio \u00e8 che viene estratto con cristalli di CBG di alta qualit\u00e0 ed \u00e8 privo di additivi o ingredienti sintetici, il che lo rende una scelta pura per chi cerca i benefici dei cannabinoidi.<\/p>\n<h3>Ingredienti<\/h3>\n<ul>\n<li>Olio di semi di cannabis sativa<\/li>\n<li>Cannabigerolo<\/li>\n<li>Flacone da 10 ml &#8211; (1000 mg di CBG)<\/li>\n<li>200 gocce per flacone &#8211; (5 mg di CBD per goccia)<\/li>\n<li>Estrazione di CO2.<\/li>\n<li>Senza additivi o ingredienti sintetici.<\/li>\n<li>Non contiene THC<\/li>\n<\/ul>\n<h3>Utilizzo<\/h3>\n<ul>\n<li>Mettere 2 gocce sotto la lingua<\/li>\n<li>Massimo 10 gocce<\/li>\n<li>Agitare bene prima dell&#8217;uso<\/li>\n<li>Non superare la dose giornaliera raccomandata<\/li>\n<\/ul>\n<h3>Consigli per lo stoccaggio<\/h3>\n<p>Conservare il prodotto in un luogo fresco e buio, come un armadio da cucina, e fuori dalla portata dei bambini.<\/p>\n<h3>Contenuto<\/h3>\n<p>Olio di CBD Plant of Remedy con 10% di CBG (1000mg) &#8211; 10 ml<\/p>\n","protected":false},"excerpt":{"rendered":"<p>L&#8217;olio di cannabis Plant of Remedy 10% CBG \u00e8 un olio di canapa naturale e biologico con un basso contenuto di THC e nessun effetto psicoattivo. Ricco di terpeni e altri cannabinoidi come il CBD, l&#8217;olio \u00e8 noto per la sua capacit\u00e0 di attenuare la psicoattivit\u00e0 del THC. Ci\u00f2 si verifica spesso nelle variet\u00e0 di [&hellip;]<\/p>\n","protected":false},"featured_media":31299,"comment_status":"closed","ping_status":"closed","template":"","meta":[],"product_brand":[],"product_cat":[287,304],"product_tag":[],"class_list":{"0":"post-31306","1":"product","2":"type-product","3":"status-publish","4":"has-post-thumbnail","6":"product_cat-cbd-e-integratori-alimentari","7":"product_cat-integratori-relaxt","9":"first","10":"instock","11":"taxable","12":"shipping-taxable","13":"purchasable","14":"product-type-simple"},"yoast_head":"<!-- This site is optimized with the Yoast SEO Premium plugin v26.4 (Yoast SEO v27.4) - https:\/\/yoast.com\/product\/yoast-seo-premium-wordpress\/ -->\n<title>Olio di cannabis Plant of Remedy - 10% CBG - Dutchmicrodosing<\/title>\n<meta name=\"description\" content=\"Il Plant of Remedy Cannabis Oil 10% CBG \u00e8 un olio di canapa naturale e biologico con un basso contenuto di THC per evitare effetti psicoattivi e...\" \/>\n<meta name=\"robots\" content=\"index, follow, max-snippet:-1, max-image-preview:large, max-video-preview:-1\" \/>\n<link rel=\"canonical\" href=\"https:\/\/dutchmicrodosing.com\/it\/negozio-di-salute\/cbd-e-integratori-alimentari\/olio-di-canapa-10-cbg\/\" \/>\n<meta property=\"og:locale\" content=\"it_IT\" \/>\n<meta property=\"og:type\" content=\"article\" \/>\n<meta property=\"og:title\" content=\"Olio di cannabis Plant of Remedy - 10% CBG\" \/>\n<meta property=\"og:description\" content=\"L&#039;olio di cannabis Plant of Remedy 10% CBG \u00e8 un olio di canapa naturale e biologico con un basso contenuto di THC e nessun effetto psicoattivo. Ricco di\" \/>\n<meta property=\"og:url\" content=\"https:\/\/dutchmicrodosing.com\/it\/negozio-di-salute\/cbd-e-integratori-alimentari\/olio-di-canapa-10-cbg\/\" \/>\n<meta property=\"og:site_name\" content=\"Dutchmicrodosing\" \/>\n<meta property=\"article:publisher\" content=\"https:\/\/www.facebook.com\/Dutchmicrodosingxp\/\" \/>\n<meta property=\"article:modified_time\" content=\"2025-09-05T07:30:16+00:00\" \/>\n<meta property=\"og:image\" content=\"https:\/\/dutchmicrodosing.com\/wp-content\/uploads\/2023\/11\/POR-Hemp_Oil-10_CBG-416x416-1.jpg\" \/>\n\t<meta property=\"og:image:width\" content=\"416\" \/>\n\t<meta property=\"og:image:height\" content=\"416\" \/>\n\t<meta property=\"og:image:type\" content=\"image\/jpeg\" \/>\n<meta name=\"twitter:card\" content=\"summary_large_image\" \/>\n<script type=\"application\/ld+json\" class=\"yoast-schema-graph\">{\"@context\":\"https:\\\/\\\/schema.org\",\"@graph\":[{\"@type\":\"WebPage\",\"@id\":\"https:\\\/\\\/dutchmicrodosing.com\\\/it\\\/negozio-di-salute\\\/cbd-e-integratori-alimentari\\\/olio-di-canapa-10-cbg\\\/\",\"url\":\"https:\\\/\\\/dutchmicrodosing.com\\\/it\\\/negozio-di-salute\\\/cbd-e-integratori-alimentari\\\/olio-di-canapa-10-cbg\\\/\",\"name\":\"Olio di cannabis Plant of Remedy - 10% CBG - Dutchmicrodosing\",\"isPartOf\":{\"@id\":\"https:\\\/\\\/dutchmicrodosing.com\\\/it\\\/#website\"},\"primaryImageOfPage\":{\"@id\":\"https:\\\/\\\/dutchmicrodosing.com\\\/it\\\/negozio-di-salute\\\/cbd-e-integratori-alimentari\\\/olio-di-canapa-10-cbg\\\/#primaryimage\"},\"image\":{\"@id\":\"https:\\\/\\\/dutchmicrodosing.com\\\/it\\\/negozio-di-salute\\\/cbd-e-integratori-alimentari\\\/olio-di-canapa-10-cbg\\\/#primaryimage\"},\"thumbnailUrl\":\"https:\\\/\\\/dutchmicrodosing.com\\\/wp-content\\\/uploads\\\/2023\\\/11\\\/POR-Hemp_Oil-10_CBG-416x416-1.jpg\",\"datePublished\":\"2023-11-13T14:19:51+00:00\",\"dateModified\":\"2025-09-05T07:30:16+00:00\",\"description\":\"Il Plant of Remedy Cannabis Oil 10% CBG \u00e8 un olio di canapa naturale e biologico con un basso contenuto di THC per evitare effetti psicoattivi e...\",\"breadcrumb\":{\"@id\":\"https:\\\/\\\/dutchmicrodosing.com\\\/it\\\/negozio-di-salute\\\/cbd-e-integratori-alimentari\\\/olio-di-canapa-10-cbg\\\/#breadcrumb\"},\"inLanguage\":\"it-IT\",\"potentialAction\":[{\"@type\":\"ReadAction\",\"target\":[\"https:\\\/\\\/dutchmicrodosing.com\\\/it\\\/negozio-di-salute\\\/cbd-e-integratori-alimentari\\\/olio-di-canapa-10-cbg\\\/\"]}]},{\"@type\":\"ImageObject\",\"inLanguage\":\"it-IT\",\"@id\":\"https:\\\/\\\/dutchmicrodosing.com\\\/it\\\/negozio-di-salute\\\/cbd-e-integratori-alimentari\\\/olio-di-canapa-10-cbg\\\/#primaryimage\",\"url\":\"https:\\\/\\\/dutchmicrodosing.com\\\/wp-content\\\/uploads\\\/2023\\\/11\\\/POR-Hemp_Oil-10_CBG-416x416-1.jpg\",\"contentUrl\":\"https:\\\/\\\/dutchmicrodosing.com\\\/wp-content\\\/uploads\\\/2023\\\/11\\\/POR-Hemp_Oil-10_CBG-416x416-1.jpg\",\"width\":416,\"height\":416},{\"@type\":\"BreadcrumbList\",\"@id\":\"https:\\\/\\\/dutchmicrodosing.com\\\/it\\\/negozio-di-salute\\\/cbd-e-integratori-alimentari\\\/olio-di-canapa-10-cbg\\\/#breadcrumb\",\"itemListElement\":[{\"@type\":\"ListItem\",\"position\":1,\"name\":\"Home\",\"item\":\"https:\\\/\\\/dutchmicrodosing.com\\\/it\\\/\"},{\"@type\":\"ListItem\",\"position\":2,\"name\":\"Negozio\",\"item\":\"https:\\\/\\\/dutchmicrodosing.com\\\/it\\\/negozio\\\/\"},{\"@type\":\"ListItem\",\"position\":3,\"name\":\"Olio di cannabis Plant of Remedy &#8211; 10% CBG\"}]},{\"@type\":\"WebSite\",\"@id\":\"https:\\\/\\\/dutchmicrodosing.com\\\/it\\\/#website\",\"url\":\"https:\\\/\\\/dutchmicrodosing.com\\\/it\\\/\",\"name\":\"Dutchmicrodosing\",\"description\":\"\",\"publisher\":{\"@id\":\"https:\\\/\\\/dutchmicrodosing.com\\\/it\\\/#organization\"},\"potentialAction\":[{\"@type\":\"SearchAction\",\"target\":{\"@type\":\"EntryPoint\",\"urlTemplate\":\"https:\\\/\\\/dutchmicrodosing.com\\\/it\\\/?s={search_term_string}\"},\"query-input\":{\"@type\":\"PropertyValueSpecification\",\"valueRequired\":true,\"valueName\":\"search_term_string\"}}],\"inLanguage\":\"it-IT\"},{\"@type\":\"Organization\",\"@id\":\"https:\\\/\\\/dutchmicrodosing.com\\\/it\\\/#organization\",\"name\":\"Dutchmicrodosing\",\"url\":\"https:\\\/\\\/dutchmicrodosing.com\\\/it\\\/\",\"logo\":{\"@type\":\"ImageObject\",\"inLanguage\":\"it-IT\",\"@id\":\"https:\\\/\\\/dutchmicrodosing.com\\\/it\\\/#\\\/schema\\\/logo\\\/image\\\/\",\"url\":\"https:\\\/\\\/dutchmicrodosing.com\\\/wp-content\\\/uploads\\\/2021\\\/01\\\/microdosing-categorie-pic-nieuw.jpg\",\"contentUrl\":\"https:\\\/\\\/dutchmicrodosing.com\\\/wp-content\\\/uploads\\\/2021\\\/01\\\/microdosing-categorie-pic-nieuw.jpg\",\"width\":500,\"height\":500,\"caption\":\"Dutchmicrodosing\"},\"image\":{\"@id\":\"https:\\\/\\\/dutchmicrodosing.com\\\/it\\\/#\\\/schema\\\/logo\\\/image\\\/\"},\"sameAs\":[\"https:\\\/\\\/www.facebook.com\\\/Dutchmicrodosingxp\\\/\",\"https:\\\/\\\/www.instagram.com\\\/dutchmicrodosing\\\/\"]}]}<\/script>\n<meta property=\"product:price:amount\" content=\"16.95\" \/>\n<meta property=\"product:price:currency\" content=\"EUR\" \/>\n<meta property=\"og:availability\" content=\"instock\" \/>\n<meta property=\"product:availability\" content=\"instock\" \/>\n<meta property=\"product:retailer_item_id\" content=\"2205264\" \/>\n<meta property=\"product:condition\" content=\"new\" \/>\n<!-- \/ Yoast SEO Premium plugin. -->","yoast_head_json":{"title":"Olio di cannabis Plant of Remedy - 10% CBG - Dutchmicrodosing","description":"Il Plant of Remedy Cannabis Oil 10% CBG \u00e8 un olio di canapa naturale e biologico con un basso contenuto di THC per evitare effetti psicoattivi e...","robots":{"index":"index","follow":"follow","max-snippet":"max-snippet:-1","max-image-preview":"max-image-preview:large","max-video-preview":"max-video-preview:-1"},"canonical":"https:\/\/dutchmicrodosing.com\/it\/negozio-di-salute\/cbd-e-integratori-alimentari\/olio-di-canapa-10-cbg\/","og_locale":"it_IT","og_type":"article","og_title":"Olio di cannabis Plant of Remedy - 10% CBG","og_description":"L'olio di cannabis Plant of Remedy 10% CBG \u00e8 un olio di canapa naturale e biologico con un basso contenuto di THC e nessun effetto psicoattivo. Ricco di","og_url":"https:\/\/dutchmicrodosing.com\/it\/negozio-di-salute\/cbd-e-integratori-alimentari\/olio-di-canapa-10-cbg\/","og_site_name":"Dutchmicrodosing","article_publisher":"https:\/\/www.facebook.com\/Dutchmicrodosingxp\/","article_modified_time":"2025-09-05T07:30:16+00:00","og_image":[{"width":416,"height":416,"url":"https:\/\/dutchmicrodosing.com\/wp-content\/uploads\/2023\/11\/POR-Hemp_Oil-10_CBG-416x416-1.jpg","type":"image\/jpeg"}],"twitter_card":"summary_large_image","schema":{"@context":"https:\/\/schema.org","@graph":[{"@type":"WebPage","@id":"https:\/\/dutchmicrodosing.com\/it\/negozio-di-salute\/cbd-e-integratori-alimentari\/olio-di-canapa-10-cbg\/","url":"https:\/\/dutchmicrodosing.com\/it\/negozio-di-salute\/cbd-e-integratori-alimentari\/olio-di-canapa-10-cbg\/","name":"Olio di cannabis Plant of Remedy - 10% CBG - Dutchmicrodosing","isPartOf":{"@id":"https:\/\/dutchmicrodosing.com\/it\/#website"},"primaryImageOfPage":{"@id":"https:\/\/dutchmicrodosing.com\/it\/negozio-di-salute\/cbd-e-integratori-alimentari\/olio-di-canapa-10-cbg\/#primaryimage"},"image":{"@id":"https:\/\/dutchmicrodosing.com\/it\/negozio-di-salute\/cbd-e-integratori-alimentari\/olio-di-canapa-10-cbg\/#primaryimage"},"thumbnailUrl":"https:\/\/dutchmicrodosing.com\/wp-content\/uploads\/2023\/11\/POR-Hemp_Oil-10_CBG-416x416-1.jpg","datePublished":"2023-11-13T14:19:51+00:00","dateModified":"2025-09-05T07:30:16+00:00","description":"Il Plant of Remedy Cannabis Oil 10% CBG \u00e8 un olio di canapa naturale e biologico con un basso contenuto di THC per evitare effetti psicoattivi e...","breadcrumb":{"@id":"https:\/\/dutchmicrodosing.com\/it\/negozio-di-salute\/cbd-e-integratori-alimentari\/olio-di-canapa-10-cbg\/#breadcrumb"},"inLanguage":"it-IT","potentialAction":[{"@type":"ReadAction","target":["https:\/\/dutchmicrodosing.com\/it\/negozio-di-salute\/cbd-e-integratori-alimentari\/olio-di-canapa-10-cbg\/"]}]},{"@type":"ImageObject","inLanguage":"it-IT","@id":"https:\/\/dutchmicrodosing.com\/it\/negozio-di-salute\/cbd-e-integratori-alimentari\/olio-di-canapa-10-cbg\/#primaryimage","url":"https:\/\/dutchmicrodosing.com\/wp-content\/uploads\/2023\/11\/POR-Hemp_Oil-10_CBG-416x416-1.jpg","contentUrl":"https:\/\/dutchmicrodosing.com\/wp-content\/uploads\/2023\/11\/POR-Hemp_Oil-10_CBG-416x416-1.jpg","width":416,"height":416},{"@type":"BreadcrumbList","@id":"https:\/\/dutchmicrodosing.com\/it\/negozio-di-salute\/cbd-e-integratori-alimentari\/olio-di-canapa-10-cbg\/#breadcrumb","itemListElement":[{"@type":"ListItem","position":1,"name":"Home","item":"https:\/\/dutchmicrodosing.com\/it\/"},{"@type":"ListItem","position":2,"name":"Negozio","item":"https:\/\/dutchmicrodosing.com\/it\/negozio\/"},{"@type":"ListItem","position":3,"name":"Olio di cannabis Plant of Remedy &#8211; 10% CBG"}]},{"@type":"WebSite","@id":"https:\/\/dutchmicrodosing.com\/it\/#website","url":"https:\/\/dutchmicrodosing.com\/it\/","name":"Dutchmicrodosing","description":"","publisher":{"@id":"https:\/\/dutchmicrodosing.com\/it\/#organization"},"potentialAction":[{"@type":"SearchAction","target":{"@type":"EntryPoint","urlTemplate":"https:\/\/dutchmicrodosing.com\/it\/?s={search_term_string}"},"query-input":{"@type":"PropertyValueSpecification","valueRequired":true,"valueName":"search_term_string"}}],"inLanguage":"it-IT"},{"@type":"Organization","@id":"https:\/\/dutchmicrodosing.com\/it\/#organization","name":"Dutchmicrodosing","url":"https:\/\/dutchmicrodosing.com\/it\/","logo":{"@type":"ImageObject","inLanguage":"it-IT","@id":"https:\/\/dutchmicrodosing.com\/it\/#\/schema\/logo\/image\/","url":"https:\/\/dutchmicrodosing.com\/wp-content\/uploads\/2021\/01\/microdosing-categorie-pic-nieuw.jpg","contentUrl":"https:\/\/dutchmicrodosing.com\/wp-content\/uploads\/2021\/01\/microdosing-categorie-pic-nieuw.jpg","width":500,"height":500,"caption":"Dutchmicrodosing"},"image":{"@id":"https:\/\/dutchmicrodosing.com\/it\/#\/schema\/logo\/image\/"},"sameAs":["https:\/\/www.facebook.com\/Dutchmicrodosingxp\/","https:\/\/www.instagram.com\/dutchmicrodosing\/"]}]},"product_price_amount":"16.95","product_price_currency":"EUR","og_availability":"instock","product_availability":"instock","product_retailer_item_id":"2205264","product_condition":"new"},"_links":{"self":[{"href":"https:\/\/dutchmicrodosing.com\/it\/wp-json\/wp\/v2\/product\/31306","targetHints":{"allow":["GET"]}}],"collection":[{"href":"https:\/\/dutchmicrodosing.com\/it\/wp-json\/wp\/v2\/product"}],"about":[{"href":"https:\/\/dutchmicrodosing.com\/it\/wp-json\/wp\/v2\/types\/product"}],"replies":[{"embeddable":true,"href":"https:\/\/dutchmicrodosing.com\/it\/wp-json\/wp\/v2\/comments?post=31306"}],"version-history":[{"count":0,"href":"https:\/\/dutchmicrodosing.com\/it\/wp-json\/wp\/v2\/product\/31306\/revisions"}],"wp:featuredmedia":[{"embeddable":true,"href":"https:\/\/dutchmicrodosing.com\/it\/wp-json\/wp\/v2\/media\/31299"}],"wp:attachment":[{"href":"https:\/\/dutchmicrodosing.com\/it\/wp-json\/wp\/v2\/media?parent=31306"}],"wp:term":[{"taxonomy":"product_brand","embeddable":true,"href":"https:\/\/dutchmicrodosing.com\/it\/wp-json\/wp\/v2\/product_brand?post=31306"},{"taxonomy":"product_cat","embeddable":true,"href":"https:\/\/dutchmicrodosing.com\/it\/wp-json\/wp\/v2\/product_cat?post=31306"},{"taxonomy":"product_tag","embeddable":true,"href":"https:\/\/dutchmicrodosing.com\/it\/wp-json\/wp\/v2\/product_tag?post=31306"}],"curies":[{"name":"wp","href":"https:\/\/api.w.org\/{rel}","templated":true}]}}