{"id":31986,"date":"2023-11-10T11:05:40","date_gmt":"2023-11-10T10:05:40","guid":{"rendered":"https:\/\/dutchmicrodosing.com\/shop\/senza-categoria\/plant-of-remedy-cannabis-olie-15-cbd-1500mg\/"},"modified":"2025-09-03T21:42:40","modified_gmt":"2025-09-03T19:42:40","slug":"plant-of-remedy-cannabis-olie-15-cbd-1500mg","status":"publish","type":"product","link":"https:\/\/dutchmicrodosing.com\/it\/negozio-di-salute\/cbd-e-integratori-alimentari\/plant-of-remedy-cannabis-olie-15-cbd-1500mg\/","title":{"rendered":"Olio di cannabis Plant of Remedy &#8211; 15% CBD (1500mg)"},"content":{"rendered":"<p>Se stai cercando un&#8217;opzione naturale per consumare CBD, l&#8217;<strong>olio di cannabis Plant of Remedy <\/strong>con il 15% di CBD pu\u00f2 essere una buona scelta. Il CBD, o cannabidiolo, \u00e8 un composto presente naturalmente nella pianta di cannabis ed \u00e8 anche correlato ai composti che il nostro corpo produce da solo. Questo prodotto promette un CBD di alta qualit\u00e0 ottenuto da cristalli, indicando un processo di estrazione avanzato per garantire purezza e potenza.<\/p>\n<h3>Ingredienti<\/h3>\n<ul>\n<li>Olio di Cannabis Sativa<\/li>\n<li>15% CBD<\/li>\n<li>100% organico<\/li>\n<li>200 gocce per flacone &#8211; (7,5 mg CBD \/ goccia)<\/li>\n<\/ul>\n<h3>Utilizzo<\/h3>\n<ul>\n<li>Mettere 2 gocce sotto la lingua<\/li>\n<li>Massimo 10 gocce<\/li>\n<li>Agitare bene prima dell&#8217;uso<\/li>\n<li>Non superare la dose giornaliera raccomandata<\/li>\n<\/ul>\n<h3>Consigli per lo stoccaggio<\/h3>\n<p>Conservare in luogo fresco, buio e asciutto e fuori dalla portata dei bambini.<\/p>\n<h3>Contenuto<\/h3>\n<p>Pianta del Rimedio Olio di cannabis con 15% di CBD &#8211; 10ML<\/p>\n","protected":false},"excerpt":{"rendered":"<p>Se stai cercando un&#8217;opzione naturale per consumare CBD, l&#8217;olio di cannabis Plant of Remedy con il 15% di CBD pu\u00f2 essere una buona scelta. Il CBD, o cannabidiolo, \u00e8 un composto presente naturalmente nella pianta di cannabis ed \u00e8 anche correlato ai composti che il nostro corpo produce da solo. Questo prodotto promette un CBD [&hellip;]<\/p>\n","protected":false},"featured_media":30944,"comment_status":"closed","ping_status":"closed","template":"","meta":[],"product_brand":[],"product_cat":[287],"product_tag":[],"class_list":{"0":"post-31986","1":"product","2":"type-product","3":"status-publish","4":"has-post-thumbnail","6":"product_cat-cbd-e-integratori-alimentari","8":"first","9":"outofstock","10":"taxable","11":"shipping-taxable","12":"purchasable","13":"product-type-simple"},"yoast_head":"<!-- This site is optimized with the Yoast SEO Premium plugin v26.4 (Yoast SEO v27.4) - https:\/\/yoast.com\/product\/yoast-seo-premium-wordpress\/ -->\n<title>Olio di cannabis Plant of Remedy - 15% CBD (1500mg) - Dutchmicrodosing<\/title>\n<meta name=\"description\" content=\"Se stai cercando un&#039;opzione naturale per sostenere il tuo benessere, l&#039;olio di cannabis Plant of Remedy con il 15% di CBD potrebbe essere un...\" \/>\n<meta name=\"robots\" content=\"index, follow, max-snippet:-1, max-image-preview:large, max-video-preview:-1\" \/>\n<link rel=\"canonical\" href=\"https:\/\/dutchmicrodosing.com\/it\/negozio-di-salute\/cbd-e-integratori-alimentari\/plant-of-remedy-cannabis-olie-15-cbd-1500mg\/\" \/>\n<meta property=\"og:locale\" content=\"it_IT\" \/>\n<meta property=\"og:type\" content=\"article\" \/>\n<meta property=\"og:title\" content=\"Olio di cannabis Plant of Remedy - 15% CBD (1500mg)\" \/>\n<meta property=\"og:description\" content=\"Se stai cercando un&#039;opzione naturale per consumare CBD, l&#039;olio di cannabis Plant of Remedy con il 15% di CBD pu\u00f2 essere una buona scelta. Il CBD, o\" \/>\n<meta property=\"og:url\" content=\"https:\/\/dutchmicrodosing.com\/it\/negozio-di-salute\/cbd-e-integratori-alimentari\/plant-of-remedy-cannabis-olie-15-cbd-1500mg\/\" \/>\n<meta property=\"og:site_name\" content=\"Dutchmicrodosing\" \/>\n<meta property=\"article:publisher\" content=\"https:\/\/www.facebook.com\/Dutchmicrodosingxp\/\" \/>\n<meta property=\"article:modified_time\" content=\"2025-09-03T19:42:40+00:00\" \/>\n<meta property=\"og:image\" content=\"https:\/\/dutchmicrodosing.com\/wp-content\/uploads\/2023\/11\/hemp15.jpg\" \/>\n\t<meta property=\"og:image:width\" content=\"600\" \/>\n\t<meta property=\"og:image:height\" content=\"600\" \/>\n\t<meta property=\"og:image:type\" content=\"image\/jpeg\" \/>\n<meta name=\"twitter:card\" content=\"summary_large_image\" \/>\n<script type=\"application\/ld+json\" class=\"yoast-schema-graph\">{\"@context\":\"https:\\\/\\\/schema.org\",\"@graph\":[{\"@type\":\"WebPage\",\"@id\":\"https:\\\/\\\/dutchmicrodosing.com\\\/it\\\/negozio-di-salute\\\/cbd-e-integratori-alimentari\\\/plant-of-remedy-cannabis-olie-15-cbd-1500mg\\\/\",\"url\":\"https:\\\/\\\/dutchmicrodosing.com\\\/it\\\/negozio-di-salute\\\/cbd-e-integratori-alimentari\\\/plant-of-remedy-cannabis-olie-15-cbd-1500mg\\\/\",\"name\":\"Olio di cannabis Plant of Remedy - 15% CBD (1500mg) - Dutchmicrodosing\",\"isPartOf\":{\"@id\":\"https:\\\/\\\/dutchmicrodosing.com\\\/it\\\/#website\"},\"primaryImageOfPage\":{\"@id\":\"https:\\\/\\\/dutchmicrodosing.com\\\/it\\\/negozio-di-salute\\\/cbd-e-integratori-alimentari\\\/plant-of-remedy-cannabis-olie-15-cbd-1500mg\\\/#primaryimage\"},\"image\":{\"@id\":\"https:\\\/\\\/dutchmicrodosing.com\\\/it\\\/negozio-di-salute\\\/cbd-e-integratori-alimentari\\\/plant-of-remedy-cannabis-olie-15-cbd-1500mg\\\/#primaryimage\"},\"thumbnailUrl\":\"https:\\\/\\\/dutchmicrodosing.com\\\/wp-content\\\/uploads\\\/2023\\\/11\\\/hemp15.jpg\",\"datePublished\":\"2023-11-10T10:05:40+00:00\",\"dateModified\":\"2025-09-03T19:42:40+00:00\",\"description\":\"Se stai cercando un'opzione naturale per sostenere il tuo benessere, l'olio di cannabis Plant of Remedy con il 15% di CBD potrebbe essere un...\",\"breadcrumb\":{\"@id\":\"https:\\\/\\\/dutchmicrodosing.com\\\/it\\\/negozio-di-salute\\\/cbd-e-integratori-alimentari\\\/plant-of-remedy-cannabis-olie-15-cbd-1500mg\\\/#breadcrumb\"},\"inLanguage\":\"it-IT\",\"potentialAction\":[{\"@type\":\"ReadAction\",\"target\":[\"https:\\\/\\\/dutchmicrodosing.com\\\/it\\\/negozio-di-salute\\\/cbd-e-integratori-alimentari\\\/plant-of-remedy-cannabis-olie-15-cbd-1500mg\\\/\"]}]},{\"@type\":\"ImageObject\",\"inLanguage\":\"it-IT\",\"@id\":\"https:\\\/\\\/dutchmicrodosing.com\\\/it\\\/negozio-di-salute\\\/cbd-e-integratori-alimentari\\\/plant-of-remedy-cannabis-olie-15-cbd-1500mg\\\/#primaryimage\",\"url\":\"https:\\\/\\\/dutchmicrodosing.com\\\/wp-content\\\/uploads\\\/2023\\\/11\\\/hemp15.jpg\",\"contentUrl\":\"https:\\\/\\\/dutchmicrodosing.com\\\/wp-content\\\/uploads\\\/2023\\\/11\\\/hemp15.jpg\",\"width\":600,\"height\":600},{\"@type\":\"BreadcrumbList\",\"@id\":\"https:\\\/\\\/dutchmicrodosing.com\\\/it\\\/negozio-di-salute\\\/cbd-e-integratori-alimentari\\\/plant-of-remedy-cannabis-olie-15-cbd-1500mg\\\/#breadcrumb\",\"itemListElement\":[{\"@type\":\"ListItem\",\"position\":1,\"name\":\"Home\",\"item\":\"https:\\\/\\\/dutchmicrodosing.com\\\/it\\\/\"},{\"@type\":\"ListItem\",\"position\":2,\"name\":\"Negozio\",\"item\":\"https:\\\/\\\/dutchmicrodosing.com\\\/it\\\/negozio\\\/\"},{\"@type\":\"ListItem\",\"position\":3,\"name\":\"Olio di cannabis Plant of Remedy &#8211; 15% CBD (1500mg)\"}]},{\"@type\":\"WebSite\",\"@id\":\"https:\\\/\\\/dutchmicrodosing.com\\\/it\\\/#website\",\"url\":\"https:\\\/\\\/dutchmicrodosing.com\\\/it\\\/\",\"name\":\"Dutchmicrodosing\",\"description\":\"\",\"publisher\":{\"@id\":\"https:\\\/\\\/dutchmicrodosing.com\\\/it\\\/#organization\"},\"potentialAction\":[{\"@type\":\"SearchAction\",\"target\":{\"@type\":\"EntryPoint\",\"urlTemplate\":\"https:\\\/\\\/dutchmicrodosing.com\\\/it\\\/?s={search_term_string}\"},\"query-input\":{\"@type\":\"PropertyValueSpecification\",\"valueRequired\":true,\"valueName\":\"search_term_string\"}}],\"inLanguage\":\"it-IT\"},{\"@type\":\"Organization\",\"@id\":\"https:\\\/\\\/dutchmicrodosing.com\\\/it\\\/#organization\",\"name\":\"Dutchmicrodosing\",\"url\":\"https:\\\/\\\/dutchmicrodosing.com\\\/it\\\/\",\"logo\":{\"@type\":\"ImageObject\",\"inLanguage\":\"it-IT\",\"@id\":\"https:\\\/\\\/dutchmicrodosing.com\\\/it\\\/#\\\/schema\\\/logo\\\/image\\\/\",\"url\":\"https:\\\/\\\/dutchmicrodosing.com\\\/wp-content\\\/uploads\\\/2021\\\/01\\\/microdosing-categorie-pic-nieuw.jpg\",\"contentUrl\":\"https:\\\/\\\/dutchmicrodosing.com\\\/wp-content\\\/uploads\\\/2021\\\/01\\\/microdosing-categorie-pic-nieuw.jpg\",\"width\":500,\"height\":500,\"caption\":\"Dutchmicrodosing\"},\"image\":{\"@id\":\"https:\\\/\\\/dutchmicrodosing.com\\\/it\\\/#\\\/schema\\\/logo\\\/image\\\/\"},\"sameAs\":[\"https:\\\/\\\/www.facebook.com\\\/Dutchmicrodosingxp\\\/\",\"https:\\\/\\\/www.instagram.com\\\/dutchmicrodosing\\\/\"]}]}<\/script>\n<meta property=\"product:price:amount\" content=\"15.95\" \/>\n<meta property=\"product:price:currency\" content=\"EUR\" \/>\n<meta property=\"og:availability\" content=\"out of stock\" \/>\n<meta property=\"product:availability\" content=\"out of stock\" \/>\n<meta property=\"product:retailer_item_id\" content=\"0210988\" \/>\n<meta property=\"product:condition\" content=\"new\" \/>\n<!-- \/ Yoast SEO Premium plugin. -->","yoast_head_json":{"title":"Olio di cannabis Plant of Remedy - 15% CBD (1500mg) - Dutchmicrodosing","description":"Se stai cercando un'opzione naturale per sostenere il tuo benessere, l'olio di cannabis Plant of Remedy con il 15% di CBD potrebbe essere un...","robots":{"index":"index","follow":"follow","max-snippet":"max-snippet:-1","max-image-preview":"max-image-preview:large","max-video-preview":"max-video-preview:-1"},"canonical":"https:\/\/dutchmicrodosing.com\/it\/negozio-di-salute\/cbd-e-integratori-alimentari\/plant-of-remedy-cannabis-olie-15-cbd-1500mg\/","og_locale":"it_IT","og_type":"article","og_title":"Olio di cannabis Plant of Remedy - 15% CBD (1500mg)","og_description":"Se stai cercando un'opzione naturale per consumare CBD, l'olio di cannabis Plant of Remedy con il 15% di CBD pu\u00f2 essere una buona scelta. Il CBD, o","og_url":"https:\/\/dutchmicrodosing.com\/it\/negozio-di-salute\/cbd-e-integratori-alimentari\/plant-of-remedy-cannabis-olie-15-cbd-1500mg\/","og_site_name":"Dutchmicrodosing","article_publisher":"https:\/\/www.facebook.com\/Dutchmicrodosingxp\/","article_modified_time":"2025-09-03T19:42:40+00:00","og_image":[{"width":600,"height":600,"url":"https:\/\/dutchmicrodosing.com\/wp-content\/uploads\/2023\/11\/hemp15.jpg","type":"image\/jpeg"}],"twitter_card":"summary_large_image","schema":{"@context":"https:\/\/schema.org","@graph":[{"@type":"WebPage","@id":"https:\/\/dutchmicrodosing.com\/it\/negozio-di-salute\/cbd-e-integratori-alimentari\/plant-of-remedy-cannabis-olie-15-cbd-1500mg\/","url":"https:\/\/dutchmicrodosing.com\/it\/negozio-di-salute\/cbd-e-integratori-alimentari\/plant-of-remedy-cannabis-olie-15-cbd-1500mg\/","name":"Olio di cannabis Plant of Remedy - 15% CBD (1500mg) - Dutchmicrodosing","isPartOf":{"@id":"https:\/\/dutchmicrodosing.com\/it\/#website"},"primaryImageOfPage":{"@id":"https:\/\/dutchmicrodosing.com\/it\/negozio-di-salute\/cbd-e-integratori-alimentari\/plant-of-remedy-cannabis-olie-15-cbd-1500mg\/#primaryimage"},"image":{"@id":"https:\/\/dutchmicrodosing.com\/it\/negozio-di-salute\/cbd-e-integratori-alimentari\/plant-of-remedy-cannabis-olie-15-cbd-1500mg\/#primaryimage"},"thumbnailUrl":"https:\/\/dutchmicrodosing.com\/wp-content\/uploads\/2023\/11\/hemp15.jpg","datePublished":"2023-11-10T10:05:40+00:00","dateModified":"2025-09-03T19:42:40+00:00","description":"Se stai cercando un'opzione naturale per sostenere il tuo benessere, l'olio di cannabis Plant of Remedy con il 15% di CBD potrebbe essere un...","breadcrumb":{"@id":"https:\/\/dutchmicrodosing.com\/it\/negozio-di-salute\/cbd-e-integratori-alimentari\/plant-of-remedy-cannabis-olie-15-cbd-1500mg\/#breadcrumb"},"inLanguage":"it-IT","potentialAction":[{"@type":"ReadAction","target":["https:\/\/dutchmicrodosing.com\/it\/negozio-di-salute\/cbd-e-integratori-alimentari\/plant-of-remedy-cannabis-olie-15-cbd-1500mg\/"]}]},{"@type":"ImageObject","inLanguage":"it-IT","@id":"https:\/\/dutchmicrodosing.com\/it\/negozio-di-salute\/cbd-e-integratori-alimentari\/plant-of-remedy-cannabis-olie-15-cbd-1500mg\/#primaryimage","url":"https:\/\/dutchmicrodosing.com\/wp-content\/uploads\/2023\/11\/hemp15.jpg","contentUrl":"https:\/\/dutchmicrodosing.com\/wp-content\/uploads\/2023\/11\/hemp15.jpg","width":600,"height":600},{"@type":"BreadcrumbList","@id":"https:\/\/dutchmicrodosing.com\/it\/negozio-di-salute\/cbd-e-integratori-alimentari\/plant-of-remedy-cannabis-olie-15-cbd-1500mg\/#breadcrumb","itemListElement":[{"@type":"ListItem","position":1,"name":"Home","item":"https:\/\/dutchmicrodosing.com\/it\/"},{"@type":"ListItem","position":2,"name":"Negozio","item":"https:\/\/dutchmicrodosing.com\/it\/negozio\/"},{"@type":"ListItem","position":3,"name":"Olio di cannabis Plant of Remedy &#8211; 15% CBD (1500mg)"}]},{"@type":"WebSite","@id":"https:\/\/dutchmicrodosing.com\/it\/#website","url":"https:\/\/dutchmicrodosing.com\/it\/","name":"Dutchmicrodosing","description":"","publisher":{"@id":"https:\/\/dutchmicrodosing.com\/it\/#organization"},"potentialAction":[{"@type":"SearchAction","target":{"@type":"EntryPoint","urlTemplate":"https:\/\/dutchmicrodosing.com\/it\/?s={search_term_string}"},"query-input":{"@type":"PropertyValueSpecification","valueRequired":true,"valueName":"search_term_string"}}],"inLanguage":"it-IT"},{"@type":"Organization","@id":"https:\/\/dutchmicrodosing.com\/it\/#organization","name":"Dutchmicrodosing","url":"https:\/\/dutchmicrodosing.com\/it\/","logo":{"@type":"ImageObject","inLanguage":"it-IT","@id":"https:\/\/dutchmicrodosing.com\/it\/#\/schema\/logo\/image\/","url":"https:\/\/dutchmicrodosing.com\/wp-content\/uploads\/2021\/01\/microdosing-categorie-pic-nieuw.jpg","contentUrl":"https:\/\/dutchmicrodosing.com\/wp-content\/uploads\/2021\/01\/microdosing-categorie-pic-nieuw.jpg","width":500,"height":500,"caption":"Dutchmicrodosing"},"image":{"@id":"https:\/\/dutchmicrodosing.com\/it\/#\/schema\/logo\/image\/"},"sameAs":["https:\/\/www.facebook.com\/Dutchmicrodosingxp\/","https:\/\/www.instagram.com\/dutchmicrodosing\/"]}]},"product_price_amount":"15.95","product_price_currency":"EUR","og_availability":"out of stock","product_availability":"out of stock","product_retailer_item_id":"0210988","product_condition":"new"},"_links":{"self":[{"href":"https:\/\/dutchmicrodosing.com\/it\/wp-json\/wp\/v2\/product\/31986","targetHints":{"allow":["GET"]}}],"collection":[{"href":"https:\/\/dutchmicrodosing.com\/it\/wp-json\/wp\/v2\/product"}],"about":[{"href":"https:\/\/dutchmicrodosing.com\/it\/wp-json\/wp\/v2\/types\/product"}],"replies":[{"embeddable":true,"href":"https:\/\/dutchmicrodosing.com\/it\/wp-json\/wp\/v2\/comments?post=31986"}],"version-history":[{"count":0,"href":"https:\/\/dutchmicrodosing.com\/it\/wp-json\/wp\/v2\/product\/31986\/revisions"}],"wp:featuredmedia":[{"embeddable":true,"href":"https:\/\/dutchmicrodosing.com\/it\/wp-json\/wp\/v2\/media\/30944"}],"wp:attachment":[{"href":"https:\/\/dutchmicrodosing.com\/it\/wp-json\/wp\/v2\/media?parent=31986"}],"wp:term":[{"taxonomy":"product_brand","embeddable":true,"href":"https:\/\/dutchmicrodosing.com\/it\/wp-json\/wp\/v2\/product_brand?post=31986"},{"taxonomy":"product_cat","embeddable":true,"href":"https:\/\/dutchmicrodosing.com\/it\/wp-json\/wp\/v2\/product_cat?post=31986"},{"taxonomy":"product_tag","embeddable":true,"href":"https:\/\/dutchmicrodosing.com\/it\/wp-json\/wp\/v2\/product_tag?post=31986"}],"curies":[{"name":"wp","href":"https:\/\/api.w.org\/{rel}","templated":true}]}}