{"id":32007,"date":"2023-11-13T14:52:36","date_gmt":"2023-11-13T13:52:36","guid":{"rendered":"https:\/\/dutchmicrodosing.com\/shop\/senza-categoria\/radice-intera-ashwagandha-30-capsule\/"},"modified":"2026-01-02T09:12:31","modified_gmt":"2026-01-02T08:12:31","slug":"radice-intera-ashwagandha-30-capsule","status":"publish","type":"product","link":"https:\/\/dutchmicrodosing.com\/it\/negozio-di-salute\/integratori-per-il-sistema-immunitario\/radice-intera-ashwagandha-30-capsule\/","title":{"rendered":"Radice intera di Ashwagandha &#8211; 30 Cap."},"content":{"rendered":"<p>L&#8217;<strong>integratore di ashwagandha<\/strong> di Together proviene dalla regione del Rajasthan, nel nord dell&#8217;India, un&#8217;area famosa per le sue condizioni ideali per la coltivazione di ashwagandha di alta qualit\u00e0. L&#8217;erba \u00e8 ricercata per le sue qualit\u00e0 adattogene, che possono aiutare a sostenere l&#8217;organismo in condizioni di stress. La sua produzione si distingue per l&#8217;uso di un metodo di estrazione unico che non utilizza solventi sintetici, producendo un estratto con un&#8217;alta concentrazione di principi attivi e preservando l&#8217;integrit\u00e0 dei componenti naturali dell&#8217;erba.<\/p>\n<p>Una caratteristica notevole di Together&#8217;s Whole Root Ashwagandha \u00e8 la sua percentuale eccezionalmente alta di withanolidi, che rappresentano pi\u00f9 del 5% dell&#8217;estratto, rendendolo uno dei prodotti di ashwagandha pi\u00f9 potenti sul mercato. I withanolidi sono i principali componenti bioattivi dell&#8217;ashwagandha che contribuiscono ai suoi effetti adattogeni.<\/p>\n<h3><strong>Valori nutrizionali per capsula<\/strong><strong><br \/>\n<\/strong><\/h3>\n<p>Ashwagandha 500 mg<\/p>\n<h3><strong>Ingredienti<\/strong><em><br \/>\n<\/em><\/h3>\n<ul>\n<li>KSM-66\u00ae Ashwagandha biologica (estratto di radice intera di Withania somnifera)<\/li>\n<li>Vegecap (cellulosa vegetale)<\/li>\n<\/ul>\n<h3><strong>Avvertenze<\/strong><\/h3>\n<p>Si consiglia cautela nei soggetti affetti da ipertiroidismo o da gravi patologie epatiche con l&#8217;uso di ashwagandha. Prima dell&#8217;uso, consultare il medico o il farmacista in caso di uso di farmaci (antidepressivi), malattie epatiche, malattie della tiroide e\/o uso di ormoni tiroidei.<\/p>\n<h3>Contenuto<\/h3>\n<p>Insieme Radice Intera Ashwagandha &#8211; 30 Cap.<\/p>\n","protected":false},"excerpt":{"rendered":"<p>L&#8217;integratore di ashwagandha di Together proviene dalla regione del Rajasthan, nel nord dell&#8217;India, un&#8217;area famosa per le sue condizioni ideali per la coltivazione di ashwagandha di alta qualit\u00e0. L&#8217;erba \u00e8 ricercata per le sue qualit\u00e0 adattogene, che possono aiutare a sostenere l&#8217;organismo in condizioni di stress. La sua produzione si distingue per l&#8217;uso di un [&hellip;]<\/p>\n","protected":false},"featured_media":31291,"comment_status":"closed","ping_status":"closed","template":"","meta":[],"product_brand":[],"product_cat":[318,295,296,323,173],"product_tag":[],"class_list":{"0":"post-32007","1":"product","2":"type-product","3":"status-publish","4":"has-post-thumbnail","6":"product_cat-integratori-per-la-creativita","7":"product_cat-integratori-energetici","8":"product_cat-integratori-per-il-sistema-immunitario","9":"product_cat-integratori-per-la-concentrazione","10":"product_cat-vitamine-e-integratori","12":"first","13":"instock","14":"taxable","15":"shipping-taxable","16":"purchasable","17":"product-type-simple"},"yoast_head":"<!-- This site is optimized with the Yoast SEO Premium plugin v26.4 (Yoast SEO v27.2) - https:\/\/yoast.com\/product\/yoast-seo-premium-wordpress\/ -->\n<title>Radice intera di Ashwagandha - 30 Cap. - Dutchmicrodosing<\/title>\n<meta name=\"description\" content=\"L&#039;integratore di ashwagandha di Together proviene dalla regione del Rajasthan, nel nord dell&#039;India, un&#039;area famosa per le sue condizioni ideali per...\" \/>\n<meta name=\"robots\" content=\"index, follow, max-snippet:-1, max-image-preview:large, max-video-preview:-1\" \/>\n<link rel=\"canonical\" href=\"https:\/\/dutchmicrodosing.com\/it\/negozio-di-salute\/integratori-per-il-sistema-immunitario\/radice-intera-ashwagandha-30-capsule\/\" \/>\n<meta property=\"og:locale\" content=\"it_IT\" \/>\n<meta property=\"og:type\" content=\"article\" \/>\n<meta property=\"og:title\" content=\"Radice intera di Ashwagandha - 30 Cap.\" \/>\n<meta property=\"og:description\" content=\"L&#039;integratore di ashwagandha di Together proviene dalla regione del Rajasthan, nel nord dell&#039;India, un&#039;area famosa per le sue condizioni ideali per la\" \/>\n<meta property=\"og:url\" content=\"https:\/\/dutchmicrodosing.com\/it\/negozio-di-salute\/integratori-per-il-sistema-immunitario\/radice-intera-ashwagandha-30-capsule\/\" \/>\n<meta property=\"og:site_name\" content=\"Dutchmicrodosing\" \/>\n<meta property=\"article:publisher\" content=\"https:\/\/www.facebook.com\/Dutchmicrodosingxp\/\" \/>\n<meta property=\"article:modified_time\" content=\"2026-01-02T08:12:31+00:00\" \/>\n<meta property=\"og:image\" content=\"https:\/\/dutchmicrodosing.com\/wp-content\/uploads\/2023\/11\/2415_whole_root_ashwagandha__together__30caps.jpg\" \/>\n\t<meta property=\"og:image:width\" content=\"700\" \/>\n\t<meta property=\"og:image:height\" content=\"700\" \/>\n\t<meta property=\"og:image:type\" content=\"image\/jpeg\" \/>\n<meta name=\"twitter:card\" content=\"summary_large_image\" \/>\n<script type=\"application\/ld+json\" class=\"yoast-schema-graph\">{\"@context\":\"https:\/\/schema.org\",\"@graph\":[{\"@type\":\"WebPage\",\"@id\":\"https:\/\/dutchmicrodosing.com\/it\/negozio-di-salute\/integratori-per-il-sistema-immunitario\/radice-intera-ashwagandha-30-capsule\/\",\"url\":\"https:\/\/dutchmicrodosing.com\/it\/negozio-di-salute\/integratori-per-il-sistema-immunitario\/radice-intera-ashwagandha-30-capsule\/\",\"name\":\"Radice intera di Ashwagandha - 30 Cap. - Dutchmicrodosing\",\"isPartOf\":{\"@id\":\"https:\/\/dutchmicrodosing.com\/it\/#website\"},\"primaryImageOfPage\":{\"@id\":\"https:\/\/dutchmicrodosing.com\/it\/negozio-di-salute\/integratori-per-il-sistema-immunitario\/radice-intera-ashwagandha-30-capsule\/#primaryimage\"},\"image\":{\"@id\":\"https:\/\/dutchmicrodosing.com\/it\/negozio-di-salute\/integratori-per-il-sistema-immunitario\/radice-intera-ashwagandha-30-capsule\/#primaryimage\"},\"thumbnailUrl\":\"https:\/\/dutchmicrodosing.com\/wp-content\/uploads\/2023\/11\/2415_whole_root_ashwagandha__together__30caps.jpg\",\"datePublished\":\"2023-11-13T13:52:36+00:00\",\"dateModified\":\"2026-01-02T08:12:31+00:00\",\"description\":\"L'integratore di ashwagandha di Together proviene dalla regione del Rajasthan, nel nord dell'India, un'area famosa per le sue condizioni ideali per...\",\"breadcrumb\":{\"@id\":\"https:\/\/dutchmicrodosing.com\/it\/negozio-di-salute\/integratori-per-il-sistema-immunitario\/radice-intera-ashwagandha-30-capsule\/#breadcrumb\"},\"inLanguage\":\"it-IT\",\"potentialAction\":[{\"@type\":\"ReadAction\",\"target\":[\"https:\/\/dutchmicrodosing.com\/it\/negozio-di-salute\/integratori-per-il-sistema-immunitario\/radice-intera-ashwagandha-30-capsule\/\"]}]},{\"@type\":\"ImageObject\",\"inLanguage\":\"it-IT\",\"@id\":\"https:\/\/dutchmicrodosing.com\/it\/negozio-di-salute\/integratori-per-il-sistema-immunitario\/radice-intera-ashwagandha-30-capsule\/#primaryimage\",\"url\":\"https:\/\/dutchmicrodosing.com\/wp-content\/uploads\/2023\/11\/2415_whole_root_ashwagandha__together__30caps.jpg\",\"contentUrl\":\"https:\/\/dutchmicrodosing.com\/wp-content\/uploads\/2023\/11\/2415_whole_root_ashwagandha__together__30caps.jpg\",\"width\":700,\"height\":700},{\"@type\":\"BreadcrumbList\",\"@id\":\"https:\/\/dutchmicrodosing.com\/it\/negozio-di-salute\/integratori-per-il-sistema-immunitario\/radice-intera-ashwagandha-30-capsule\/#breadcrumb\",\"itemListElement\":[{\"@type\":\"ListItem\",\"position\":1,\"name\":\"Home\",\"item\":\"https:\/\/dutchmicrodosing.com\/it\/\"},{\"@type\":\"ListItem\",\"position\":2,\"name\":\"Negozio\",\"item\":\"https:\/\/dutchmicrodosing.com\/it\/negozio\/\"},{\"@type\":\"ListItem\",\"position\":3,\"name\":\"Radice intera di Ashwagandha &#8211; 30 Cap.\"}]},{\"@type\":\"WebSite\",\"@id\":\"https:\/\/dutchmicrodosing.com\/it\/#website\",\"url\":\"https:\/\/dutchmicrodosing.com\/it\/\",\"name\":\"Dutchmicrodosing\",\"description\":\"\",\"publisher\":{\"@id\":\"https:\/\/dutchmicrodosing.com\/it\/#organization\"},\"potentialAction\":[{\"@type\":\"SearchAction\",\"target\":{\"@type\":\"EntryPoint\",\"urlTemplate\":\"https:\/\/dutchmicrodosing.com\/it\/?s={search_term_string}\"},\"query-input\":{\"@type\":\"PropertyValueSpecification\",\"valueRequired\":true,\"valueName\":\"search_term_string\"}}],\"inLanguage\":\"it-IT\"},{\"@type\":\"Organization\",\"@id\":\"https:\/\/dutchmicrodosing.com\/it\/#organization\",\"name\":\"Dutchmicrodosing\",\"url\":\"https:\/\/dutchmicrodosing.com\/it\/\",\"logo\":{\"@type\":\"ImageObject\",\"inLanguage\":\"it-IT\",\"@id\":\"https:\/\/dutchmicrodosing.com\/it\/#\/schema\/logo\/image\/\",\"url\":\"https:\/\/dutchmicrodosing.com\/wp-content\/uploads\/2021\/01\/microdosing-categorie-pic-nieuw.jpg\",\"contentUrl\":\"https:\/\/dutchmicrodosing.com\/wp-content\/uploads\/2021\/01\/microdosing-categorie-pic-nieuw.jpg\",\"width\":500,\"height\":500,\"caption\":\"Dutchmicrodosing\"},\"image\":{\"@id\":\"https:\/\/dutchmicrodosing.com\/it\/#\/schema\/logo\/image\/\"},\"sameAs\":[\"https:\/\/www.facebook.com\/Dutchmicrodosingxp\/\",\"https:\/\/www.instagram.com\/dutchmicrodosing\/\"]}]}<\/script>\n<meta property=\"product:price:amount\" content=\"14.95\" \/>\n<meta property=\"product:price:currency\" content=\"EUR\" \/>\n<meta property=\"og:availability\" content=\"instock\" \/>\n<meta property=\"product:availability\" content=\"instock\" \/>\n<meta property=\"product:retailer_item_id\" content=\"3211126\" \/>\n<meta property=\"product:condition\" content=\"new\" \/>\n<!-- \/ Yoast SEO Premium plugin. -->","yoast_head_json":{"title":"Radice intera di Ashwagandha - 30 Cap. - Dutchmicrodosing","description":"L'integratore di ashwagandha di Together proviene dalla regione del Rajasthan, nel nord dell'India, un'area famosa per le sue condizioni ideali per...","robots":{"index":"index","follow":"follow","max-snippet":"max-snippet:-1","max-image-preview":"max-image-preview:large","max-video-preview":"max-video-preview:-1"},"canonical":"https:\/\/dutchmicrodosing.com\/it\/negozio-di-salute\/integratori-per-il-sistema-immunitario\/radice-intera-ashwagandha-30-capsule\/","og_locale":"it_IT","og_type":"article","og_title":"Radice intera di Ashwagandha - 30 Cap.","og_description":"L'integratore di ashwagandha di Together proviene dalla regione del Rajasthan, nel nord dell'India, un'area famosa per le sue condizioni ideali per la","og_url":"https:\/\/dutchmicrodosing.com\/it\/negozio-di-salute\/integratori-per-il-sistema-immunitario\/radice-intera-ashwagandha-30-capsule\/","og_site_name":"Dutchmicrodosing","article_publisher":"https:\/\/www.facebook.com\/Dutchmicrodosingxp\/","article_modified_time":"2026-01-02T08:12:31+00:00","og_image":[{"width":700,"height":700,"url":"https:\/\/dutchmicrodosing.com\/wp-content\/uploads\/2023\/11\/2415_whole_root_ashwagandha__together__30caps.jpg","type":"image\/jpeg"}],"twitter_card":"summary_large_image","schema":{"@context":"https:\/\/schema.org","@graph":[{"@type":"WebPage","@id":"https:\/\/dutchmicrodosing.com\/it\/negozio-di-salute\/integratori-per-il-sistema-immunitario\/radice-intera-ashwagandha-30-capsule\/","url":"https:\/\/dutchmicrodosing.com\/it\/negozio-di-salute\/integratori-per-il-sistema-immunitario\/radice-intera-ashwagandha-30-capsule\/","name":"Radice intera di Ashwagandha - 30 Cap. - Dutchmicrodosing","isPartOf":{"@id":"https:\/\/dutchmicrodosing.com\/it\/#website"},"primaryImageOfPage":{"@id":"https:\/\/dutchmicrodosing.com\/it\/negozio-di-salute\/integratori-per-il-sistema-immunitario\/radice-intera-ashwagandha-30-capsule\/#primaryimage"},"image":{"@id":"https:\/\/dutchmicrodosing.com\/it\/negozio-di-salute\/integratori-per-il-sistema-immunitario\/radice-intera-ashwagandha-30-capsule\/#primaryimage"},"thumbnailUrl":"https:\/\/dutchmicrodosing.com\/wp-content\/uploads\/2023\/11\/2415_whole_root_ashwagandha__together__30caps.jpg","datePublished":"2023-11-13T13:52:36+00:00","dateModified":"2026-01-02T08:12:31+00:00","description":"L'integratore di ashwagandha di Together proviene dalla regione del Rajasthan, nel nord dell'India, un'area famosa per le sue condizioni ideali per...","breadcrumb":{"@id":"https:\/\/dutchmicrodosing.com\/it\/negozio-di-salute\/integratori-per-il-sistema-immunitario\/radice-intera-ashwagandha-30-capsule\/#breadcrumb"},"inLanguage":"it-IT","potentialAction":[{"@type":"ReadAction","target":["https:\/\/dutchmicrodosing.com\/it\/negozio-di-salute\/integratori-per-il-sistema-immunitario\/radice-intera-ashwagandha-30-capsule\/"]}]},{"@type":"ImageObject","inLanguage":"it-IT","@id":"https:\/\/dutchmicrodosing.com\/it\/negozio-di-salute\/integratori-per-il-sistema-immunitario\/radice-intera-ashwagandha-30-capsule\/#primaryimage","url":"https:\/\/dutchmicrodosing.com\/wp-content\/uploads\/2023\/11\/2415_whole_root_ashwagandha__together__30caps.jpg","contentUrl":"https:\/\/dutchmicrodosing.com\/wp-content\/uploads\/2023\/11\/2415_whole_root_ashwagandha__together__30caps.jpg","width":700,"height":700},{"@type":"BreadcrumbList","@id":"https:\/\/dutchmicrodosing.com\/it\/negozio-di-salute\/integratori-per-il-sistema-immunitario\/radice-intera-ashwagandha-30-capsule\/#breadcrumb","itemListElement":[{"@type":"ListItem","position":1,"name":"Home","item":"https:\/\/dutchmicrodosing.com\/it\/"},{"@type":"ListItem","position":2,"name":"Negozio","item":"https:\/\/dutchmicrodosing.com\/it\/negozio\/"},{"@type":"ListItem","position":3,"name":"Radice intera di Ashwagandha &#8211; 30 Cap."}]},{"@type":"WebSite","@id":"https:\/\/dutchmicrodosing.com\/it\/#website","url":"https:\/\/dutchmicrodosing.com\/it\/","name":"Dutchmicrodosing","description":"","publisher":{"@id":"https:\/\/dutchmicrodosing.com\/it\/#organization"},"potentialAction":[{"@type":"SearchAction","target":{"@type":"EntryPoint","urlTemplate":"https:\/\/dutchmicrodosing.com\/it\/?s={search_term_string}"},"query-input":{"@type":"PropertyValueSpecification","valueRequired":true,"valueName":"search_term_string"}}],"inLanguage":"it-IT"},{"@type":"Organization","@id":"https:\/\/dutchmicrodosing.com\/it\/#organization","name":"Dutchmicrodosing","url":"https:\/\/dutchmicrodosing.com\/it\/","logo":{"@type":"ImageObject","inLanguage":"it-IT","@id":"https:\/\/dutchmicrodosing.com\/it\/#\/schema\/logo\/image\/","url":"https:\/\/dutchmicrodosing.com\/wp-content\/uploads\/2021\/01\/microdosing-categorie-pic-nieuw.jpg","contentUrl":"https:\/\/dutchmicrodosing.com\/wp-content\/uploads\/2021\/01\/microdosing-categorie-pic-nieuw.jpg","width":500,"height":500,"caption":"Dutchmicrodosing"},"image":{"@id":"https:\/\/dutchmicrodosing.com\/it\/#\/schema\/logo\/image\/"},"sameAs":["https:\/\/www.facebook.com\/Dutchmicrodosingxp\/","https:\/\/www.instagram.com\/dutchmicrodosing\/"]}]},"product_price_amount":"14.95","product_price_currency":"EUR","og_availability":"instock","product_availability":"instock","product_retailer_item_id":"3211126","product_condition":"new"},"_links":{"self":[{"href":"https:\/\/dutchmicrodosing.com\/it\/wp-json\/wp\/v2\/product\/32007","targetHints":{"allow":["GET"]}}],"collection":[{"href":"https:\/\/dutchmicrodosing.com\/it\/wp-json\/wp\/v2\/product"}],"about":[{"href":"https:\/\/dutchmicrodosing.com\/it\/wp-json\/wp\/v2\/types\/product"}],"replies":[{"embeddable":true,"href":"https:\/\/dutchmicrodosing.com\/it\/wp-json\/wp\/v2\/comments?post=32007"}],"version-history":[{"count":0,"href":"https:\/\/dutchmicrodosing.com\/it\/wp-json\/wp\/v2\/product\/32007\/revisions"}],"wp:featuredmedia":[{"embeddable":true,"href":"https:\/\/dutchmicrodosing.com\/it\/wp-json\/wp\/v2\/media\/31291"}],"wp:attachment":[{"href":"https:\/\/dutchmicrodosing.com\/it\/wp-json\/wp\/v2\/media?parent=32007"}],"wp:term":[{"taxonomy":"product_brand","embeddable":true,"href":"https:\/\/dutchmicrodosing.com\/it\/wp-json\/wp\/v2\/product_brand?post=32007"},{"taxonomy":"product_cat","embeddable":true,"href":"https:\/\/dutchmicrodosing.com\/it\/wp-json\/wp\/v2\/product_cat?post=32007"},{"taxonomy":"product_tag","embeddable":true,"href":"https:\/\/dutchmicrodosing.com\/it\/wp-json\/wp\/v2\/product_tag?post=32007"}],"curies":[{"name":"wp","href":"https:\/\/api.w.org\/{rel}","templated":true}]}}