{"id":32011,"date":"2023-11-15T15:07:36","date_gmt":"2023-11-15T14:07:36","guid":{"rendered":"https:\/\/dutchmicrodosing.com\/shop\/senza-categoria\/ashwaganda-11-estratto-whithania-somnifera\/"},"modified":"2025-08-20T15:22:48","modified_gmt":"2025-08-20T13:22:48","slug":"ashwaganda-11-estratto-whithania-somnifera","status":"publish","type":"product","link":"https:\/\/dutchmicrodosing.com\/it\/negozio-di-salute\/integratori-per-la-concentrazione\/ashwaganda-11-estratto-whithania-somnifera\/","title":{"rendered":"Estratto di Ashwaganda 1:1 &#8211; Whithania Somnifera"},"content":{"rendered":"<p>L&#8217;<strong>ashwagandha,<\/strong> nota anche come &#8220;ginseng indiano&#8221; nell&#8217;Ayurveda, \u00e8 molto apprezzata per le sue propriet\u00e0 terapeutiche. Questa radice \u00e8 nota per i suoi molteplici effetti benefici sul corpo e sulla mente. Si dice che l&#8217;Ashwagandha contribuisca a ritardare l&#8217;invecchiamento cellulare, a migliorare l&#8217;umore e ad aumentare la resistenza, oltre a rafforzare la memoria e le funzioni cognitive. L&#8217;estratto di Ashwagandha 1:1 &#8211; Withania somnifera &#8211; \u00e8 noto anche per il suo effetto calmante su ansia e stress e agisce come antinfiammatorio. Inoltre, questa radice ha un sottile effetto afrodisiaco sia per le donne che per gli uomini. L&#8217;Ashwagandha \u00e8 davvero considerata un dono degli dei!<\/p>\n<h3>Ingredienti<\/h3>\n<p>Whithania somnifera (Ashwaganda)<\/p>\n<h3>Effetti<\/h3>\n<ul>\n<li>Rallenta il processo di invecchiamento<\/li>\n<li>Leggermente afrodisiaco<\/li>\n<li>Supporta la memoria<\/li>\n<li>Stimola il processo di pensiero<\/li>\n<li>Allevia lo stress, l&#8217;ansia e l&#8217;infiammazione<\/li>\n<li>Effetto antidepressivo<\/li>\n<\/ul>\n<h3>Utilizzo<\/h3>\n<p>Non assumere pi\u00f9 di 5-10 gocce sotto la lingua. Gli integratori non sostituiscono una dieta sana.<\/p>\n<h3>Consigli per lo stoccaggio<\/h3>\n<p>Conservare il prodotto in un luogo buio e fresco, come ad esempio un mobile della cucina, e fuori dalla portata dei bambini.<\/p>\n<h3>Contenuto<\/h3>\n<p>Global Herbs Wholesale Ashwaganda (Whithania somnifera) estratto 1:1 &#8211; 10 ml.<\/p>\n<h3>Nota!<\/h3>\n<p>Non utilizzare in caso di problemi di salute mentale, di assunzione di farmaci o durante la gravidanza.<\/p>\n","protected":false},"excerpt":{"rendered":"<p>L&#8217;ashwagandha, nota anche come &#8220;ginseng indiano&#8221; nell&#8217;Ayurveda, \u00e8 molto apprezzata per le sue propriet\u00e0 terapeutiche. Questa radice \u00e8 nota per i suoi molteplici effetti benefici sul corpo e sulla mente. Si dice che l&#8217;Ashwagandha contribuisca a ritardare l&#8217;invecchiamento cellulare, a migliorare l&#8217;umore e ad aumentare la resistenza, oltre a rafforzare la memoria e le funzioni [&hellip;]<\/p>\n","protected":false},"featured_media":31662,"comment_status":"closed","ping_status":"closed","template":"","meta":[],"product_brand":[],"product_cat":[318,323],"product_tag":[],"class_list":{"0":"post-32011","1":"product","2":"type-product","3":"status-publish","4":"has-post-thumbnail","6":"product_cat-integratori-per-la-creativita","7":"product_cat-integratori-per-la-concentrazione","9":"first","10":"instock","11":"taxable","12":"shipping-taxable","13":"purchasable","14":"product-type-simple"},"yoast_head":"<!-- This site is optimized with the Yoast SEO Premium plugin v26.4 (Yoast SEO v27.4) - https:\/\/yoast.com\/product\/yoast-seo-premium-wordpress\/ -->\n<title>Estratto di Ashwaganda 1:1 - Whithania Somnifera - Dutchmicrodosing<\/title>\n<meta name=\"description\" content=\"L&#039;ashwagandha, nota anche come &quot;ginseng indiano&quot; nell&#039;Ayurveda, \u00e8 molto apprezzata per le sue propriet\u00e0 terapeutiche. Questa radice \u00e8 nota per...\" \/>\n<meta name=\"robots\" content=\"index, follow, max-snippet:-1, max-image-preview:large, max-video-preview:-1\" \/>\n<link rel=\"canonical\" href=\"https:\/\/dutchmicrodosing.com\/it\/negozio-di-salute\/integratori-per-la-concentrazione\/ashwaganda-11-estratto-whithania-somnifera\/\" \/>\n<meta property=\"og:locale\" content=\"it_IT\" \/>\n<meta property=\"og:type\" content=\"article\" \/>\n<meta property=\"og:title\" content=\"Estratto di Ashwaganda 1:1 - Whithania Somnifera\" \/>\n<meta property=\"og:description\" content=\"L&#039;ashwagandha, nota anche come &quot;ginseng indiano&quot; nell&#039;Ayurveda, \u00e8 molto apprezzata per le sue propriet\u00e0 terapeutiche. Questa radice \u00e8 nota per i suoi\" \/>\n<meta property=\"og:url\" content=\"https:\/\/dutchmicrodosing.com\/it\/negozio-di-salute\/integratori-per-la-concentrazione\/ashwaganda-11-estratto-whithania-somnifera\/\" \/>\n<meta property=\"og:site_name\" content=\"Dutchmicrodosing\" \/>\n<meta property=\"article:publisher\" content=\"https:\/\/www.facebook.com\/Dutchmicrodosingxp\/\" \/>\n<meta property=\"article:modified_time\" content=\"2025-08-20T13:22:48+00:00\" \/>\n<meta property=\"og:image\" content=\"https:\/\/dutchmicrodosing.com\/wp-content\/uploads\/2023\/11\/ashwaganda-extract.jpg\" \/>\n\t<meta property=\"og:image:width\" content=\"500\" \/>\n\t<meta property=\"og:image:height\" content=\"500\" \/>\n\t<meta property=\"og:image:type\" content=\"image\/jpeg\" \/>\n<meta name=\"twitter:card\" content=\"summary_large_image\" \/>\n<script type=\"application\/ld+json\" class=\"yoast-schema-graph\">{\"@context\":\"https:\\\/\\\/schema.org\",\"@graph\":[{\"@type\":\"WebPage\",\"@id\":\"https:\\\/\\\/dutchmicrodosing.com\\\/it\\\/negozio-di-salute\\\/integratori-per-la-concentrazione\\\/ashwaganda-11-estratto-whithania-somnifera\\\/\",\"url\":\"https:\\\/\\\/dutchmicrodosing.com\\\/it\\\/negozio-di-salute\\\/integratori-per-la-concentrazione\\\/ashwaganda-11-estratto-whithania-somnifera\\\/\",\"name\":\"Estratto di Ashwaganda 1:1 - Whithania Somnifera - Dutchmicrodosing\",\"isPartOf\":{\"@id\":\"https:\\\/\\\/dutchmicrodosing.com\\\/it\\\/#website\"},\"primaryImageOfPage\":{\"@id\":\"https:\\\/\\\/dutchmicrodosing.com\\\/it\\\/negozio-di-salute\\\/integratori-per-la-concentrazione\\\/ashwaganda-11-estratto-whithania-somnifera\\\/#primaryimage\"},\"image\":{\"@id\":\"https:\\\/\\\/dutchmicrodosing.com\\\/it\\\/negozio-di-salute\\\/integratori-per-la-concentrazione\\\/ashwaganda-11-estratto-whithania-somnifera\\\/#primaryimage\"},\"thumbnailUrl\":\"https:\\\/\\\/dutchmicrodosing.com\\\/wp-content\\\/uploads\\\/2023\\\/11\\\/ashwaganda-extract.jpg\",\"datePublished\":\"2023-11-15T14:07:36+00:00\",\"dateModified\":\"2025-08-20T13:22:48+00:00\",\"description\":\"L'ashwagandha, nota anche come \\\"ginseng indiano\\\" nell'Ayurveda, \u00e8 molto apprezzata per le sue propriet\u00e0 terapeutiche. Questa radice \u00e8 nota per...\",\"breadcrumb\":{\"@id\":\"https:\\\/\\\/dutchmicrodosing.com\\\/it\\\/negozio-di-salute\\\/integratori-per-la-concentrazione\\\/ashwaganda-11-estratto-whithania-somnifera\\\/#breadcrumb\"},\"inLanguage\":\"it-IT\",\"potentialAction\":[{\"@type\":\"ReadAction\",\"target\":[\"https:\\\/\\\/dutchmicrodosing.com\\\/it\\\/negozio-di-salute\\\/integratori-per-la-concentrazione\\\/ashwaganda-11-estratto-whithania-somnifera\\\/\"]}]},{\"@type\":\"ImageObject\",\"inLanguage\":\"it-IT\",\"@id\":\"https:\\\/\\\/dutchmicrodosing.com\\\/it\\\/negozio-di-salute\\\/integratori-per-la-concentrazione\\\/ashwaganda-11-estratto-whithania-somnifera\\\/#primaryimage\",\"url\":\"https:\\\/\\\/dutchmicrodosing.com\\\/wp-content\\\/uploads\\\/2023\\\/11\\\/ashwaganda-extract.jpg\",\"contentUrl\":\"https:\\\/\\\/dutchmicrodosing.com\\\/wp-content\\\/uploads\\\/2023\\\/11\\\/ashwaganda-extract.jpg\",\"width\":500,\"height\":500,\"caption\":\"ashwaganda\"},{\"@type\":\"BreadcrumbList\",\"@id\":\"https:\\\/\\\/dutchmicrodosing.com\\\/it\\\/negozio-di-salute\\\/integratori-per-la-concentrazione\\\/ashwaganda-11-estratto-whithania-somnifera\\\/#breadcrumb\",\"itemListElement\":[{\"@type\":\"ListItem\",\"position\":1,\"name\":\"Home\",\"item\":\"https:\\\/\\\/dutchmicrodosing.com\\\/it\\\/\"},{\"@type\":\"ListItem\",\"position\":2,\"name\":\"Negozio\",\"item\":\"https:\\\/\\\/dutchmicrodosing.com\\\/it\\\/negozio\\\/\"},{\"@type\":\"ListItem\",\"position\":3,\"name\":\"Estratto di Ashwaganda 1:1 &#8211; Whithania Somnifera\"}]},{\"@type\":\"WebSite\",\"@id\":\"https:\\\/\\\/dutchmicrodosing.com\\\/it\\\/#website\",\"url\":\"https:\\\/\\\/dutchmicrodosing.com\\\/it\\\/\",\"name\":\"Dutchmicrodosing\",\"description\":\"\",\"publisher\":{\"@id\":\"https:\\\/\\\/dutchmicrodosing.com\\\/it\\\/#organization\"},\"potentialAction\":[{\"@type\":\"SearchAction\",\"target\":{\"@type\":\"EntryPoint\",\"urlTemplate\":\"https:\\\/\\\/dutchmicrodosing.com\\\/it\\\/?s={search_term_string}\"},\"query-input\":{\"@type\":\"PropertyValueSpecification\",\"valueRequired\":true,\"valueName\":\"search_term_string\"}}],\"inLanguage\":\"it-IT\"},{\"@type\":\"Organization\",\"@id\":\"https:\\\/\\\/dutchmicrodosing.com\\\/it\\\/#organization\",\"name\":\"Dutchmicrodosing\",\"url\":\"https:\\\/\\\/dutchmicrodosing.com\\\/it\\\/\",\"logo\":{\"@type\":\"ImageObject\",\"inLanguage\":\"it-IT\",\"@id\":\"https:\\\/\\\/dutchmicrodosing.com\\\/it\\\/#\\\/schema\\\/logo\\\/image\\\/\",\"url\":\"https:\\\/\\\/dutchmicrodosing.com\\\/wp-content\\\/uploads\\\/2021\\\/01\\\/microdosing-categorie-pic-nieuw.jpg\",\"contentUrl\":\"https:\\\/\\\/dutchmicrodosing.com\\\/wp-content\\\/uploads\\\/2021\\\/01\\\/microdosing-categorie-pic-nieuw.jpg\",\"width\":500,\"height\":500,\"caption\":\"Dutchmicrodosing\"},\"image\":{\"@id\":\"https:\\\/\\\/dutchmicrodosing.com\\\/it\\\/#\\\/schema\\\/logo\\\/image\\\/\"},\"sameAs\":[\"https:\\\/\\\/www.facebook.com\\\/Dutchmicrodosingxp\\\/\",\"https:\\\/\\\/www.instagram.com\\\/dutchmicrodosing\\\/\"]}]}<\/script>\n<meta property=\"product:price:amount\" content=\"14.95\" \/>\n<meta property=\"product:price:currency\" content=\"EUR\" \/>\n<meta property=\"og:availability\" content=\"instock\" \/>\n<meta property=\"product:availability\" content=\"instock\" \/>\n<meta property=\"product:retailer_item_id\" content=\"0207834\" \/>\n<meta property=\"product:condition\" content=\"new\" \/>\n<!-- \/ Yoast SEO Premium plugin. -->","yoast_head_json":{"title":"Estratto di Ashwaganda 1:1 - Whithania Somnifera - Dutchmicrodosing","description":"L'ashwagandha, nota anche come \"ginseng indiano\" nell'Ayurveda, \u00e8 molto apprezzata per le sue propriet\u00e0 terapeutiche. Questa radice \u00e8 nota per...","robots":{"index":"index","follow":"follow","max-snippet":"max-snippet:-1","max-image-preview":"max-image-preview:large","max-video-preview":"max-video-preview:-1"},"canonical":"https:\/\/dutchmicrodosing.com\/it\/negozio-di-salute\/integratori-per-la-concentrazione\/ashwaganda-11-estratto-whithania-somnifera\/","og_locale":"it_IT","og_type":"article","og_title":"Estratto di Ashwaganda 1:1 - Whithania Somnifera","og_description":"L'ashwagandha, nota anche come \"ginseng indiano\" nell'Ayurveda, \u00e8 molto apprezzata per le sue propriet\u00e0 terapeutiche. Questa radice \u00e8 nota per i suoi","og_url":"https:\/\/dutchmicrodosing.com\/it\/negozio-di-salute\/integratori-per-la-concentrazione\/ashwaganda-11-estratto-whithania-somnifera\/","og_site_name":"Dutchmicrodosing","article_publisher":"https:\/\/www.facebook.com\/Dutchmicrodosingxp\/","article_modified_time":"2025-08-20T13:22:48+00:00","og_image":[{"width":500,"height":500,"url":"https:\/\/dutchmicrodosing.com\/wp-content\/uploads\/2023\/11\/ashwaganda-extract.jpg","type":"image\/jpeg"}],"twitter_card":"summary_large_image","schema":{"@context":"https:\/\/schema.org","@graph":[{"@type":"WebPage","@id":"https:\/\/dutchmicrodosing.com\/it\/negozio-di-salute\/integratori-per-la-concentrazione\/ashwaganda-11-estratto-whithania-somnifera\/","url":"https:\/\/dutchmicrodosing.com\/it\/negozio-di-salute\/integratori-per-la-concentrazione\/ashwaganda-11-estratto-whithania-somnifera\/","name":"Estratto di Ashwaganda 1:1 - Whithania Somnifera - Dutchmicrodosing","isPartOf":{"@id":"https:\/\/dutchmicrodosing.com\/it\/#website"},"primaryImageOfPage":{"@id":"https:\/\/dutchmicrodosing.com\/it\/negozio-di-salute\/integratori-per-la-concentrazione\/ashwaganda-11-estratto-whithania-somnifera\/#primaryimage"},"image":{"@id":"https:\/\/dutchmicrodosing.com\/it\/negozio-di-salute\/integratori-per-la-concentrazione\/ashwaganda-11-estratto-whithania-somnifera\/#primaryimage"},"thumbnailUrl":"https:\/\/dutchmicrodosing.com\/wp-content\/uploads\/2023\/11\/ashwaganda-extract.jpg","datePublished":"2023-11-15T14:07:36+00:00","dateModified":"2025-08-20T13:22:48+00:00","description":"L'ashwagandha, nota anche come \"ginseng indiano\" nell'Ayurveda, \u00e8 molto apprezzata per le sue propriet\u00e0 terapeutiche. Questa radice \u00e8 nota per...","breadcrumb":{"@id":"https:\/\/dutchmicrodosing.com\/it\/negozio-di-salute\/integratori-per-la-concentrazione\/ashwaganda-11-estratto-whithania-somnifera\/#breadcrumb"},"inLanguage":"it-IT","potentialAction":[{"@type":"ReadAction","target":["https:\/\/dutchmicrodosing.com\/it\/negozio-di-salute\/integratori-per-la-concentrazione\/ashwaganda-11-estratto-whithania-somnifera\/"]}]},{"@type":"ImageObject","inLanguage":"it-IT","@id":"https:\/\/dutchmicrodosing.com\/it\/negozio-di-salute\/integratori-per-la-concentrazione\/ashwaganda-11-estratto-whithania-somnifera\/#primaryimage","url":"https:\/\/dutchmicrodosing.com\/wp-content\/uploads\/2023\/11\/ashwaganda-extract.jpg","contentUrl":"https:\/\/dutchmicrodosing.com\/wp-content\/uploads\/2023\/11\/ashwaganda-extract.jpg","width":500,"height":500,"caption":"ashwaganda"},{"@type":"BreadcrumbList","@id":"https:\/\/dutchmicrodosing.com\/it\/negozio-di-salute\/integratori-per-la-concentrazione\/ashwaganda-11-estratto-whithania-somnifera\/#breadcrumb","itemListElement":[{"@type":"ListItem","position":1,"name":"Home","item":"https:\/\/dutchmicrodosing.com\/it\/"},{"@type":"ListItem","position":2,"name":"Negozio","item":"https:\/\/dutchmicrodosing.com\/it\/negozio\/"},{"@type":"ListItem","position":3,"name":"Estratto di Ashwaganda 1:1 &#8211; Whithania Somnifera"}]},{"@type":"WebSite","@id":"https:\/\/dutchmicrodosing.com\/it\/#website","url":"https:\/\/dutchmicrodosing.com\/it\/","name":"Dutchmicrodosing","description":"","publisher":{"@id":"https:\/\/dutchmicrodosing.com\/it\/#organization"},"potentialAction":[{"@type":"SearchAction","target":{"@type":"EntryPoint","urlTemplate":"https:\/\/dutchmicrodosing.com\/it\/?s={search_term_string}"},"query-input":{"@type":"PropertyValueSpecification","valueRequired":true,"valueName":"search_term_string"}}],"inLanguage":"it-IT"},{"@type":"Organization","@id":"https:\/\/dutchmicrodosing.com\/it\/#organization","name":"Dutchmicrodosing","url":"https:\/\/dutchmicrodosing.com\/it\/","logo":{"@type":"ImageObject","inLanguage":"it-IT","@id":"https:\/\/dutchmicrodosing.com\/it\/#\/schema\/logo\/image\/","url":"https:\/\/dutchmicrodosing.com\/wp-content\/uploads\/2021\/01\/microdosing-categorie-pic-nieuw.jpg","contentUrl":"https:\/\/dutchmicrodosing.com\/wp-content\/uploads\/2021\/01\/microdosing-categorie-pic-nieuw.jpg","width":500,"height":500,"caption":"Dutchmicrodosing"},"image":{"@id":"https:\/\/dutchmicrodosing.com\/it\/#\/schema\/logo\/image\/"},"sameAs":["https:\/\/www.facebook.com\/Dutchmicrodosingxp\/","https:\/\/www.instagram.com\/dutchmicrodosing\/"]}]},"product_price_amount":"14.95","product_price_currency":"EUR","og_availability":"instock","product_availability":"instock","product_retailer_item_id":"0207834","product_condition":"new"},"_links":{"self":[{"href":"https:\/\/dutchmicrodosing.com\/it\/wp-json\/wp\/v2\/product\/32011","targetHints":{"allow":["GET"]}}],"collection":[{"href":"https:\/\/dutchmicrodosing.com\/it\/wp-json\/wp\/v2\/product"}],"about":[{"href":"https:\/\/dutchmicrodosing.com\/it\/wp-json\/wp\/v2\/types\/product"}],"replies":[{"embeddable":true,"href":"https:\/\/dutchmicrodosing.com\/it\/wp-json\/wp\/v2\/comments?post=32011"}],"version-history":[{"count":0,"href":"https:\/\/dutchmicrodosing.com\/it\/wp-json\/wp\/v2\/product\/32011\/revisions"}],"wp:featuredmedia":[{"embeddable":true,"href":"https:\/\/dutchmicrodosing.com\/it\/wp-json\/wp\/v2\/media\/31662"}],"wp:attachment":[{"href":"https:\/\/dutchmicrodosing.com\/it\/wp-json\/wp\/v2\/media?parent=32011"}],"wp:term":[{"taxonomy":"product_brand","embeddable":true,"href":"https:\/\/dutchmicrodosing.com\/it\/wp-json\/wp\/v2\/product_brand?post=32011"},{"taxonomy":"product_cat","embeddable":true,"href":"https:\/\/dutchmicrodosing.com\/it\/wp-json\/wp\/v2\/product_cat?post=32011"},{"taxonomy":"product_tag","embeddable":true,"href":"https:\/\/dutchmicrodosing.com\/it\/wp-json\/wp\/v2\/product_tag?post=32011"}],"curies":[{"name":"wp","href":"https:\/\/api.w.org\/{rel}","templated":true}]}}