{"id":32069,"date":"2023-11-16T22:44:23","date_gmt":"2023-11-16T21:44:23","guid":{"rendered":"https:\/\/dutchmicrodosing.com\/shop\/senza-categoria\/cbd-foglie-di-cocco\/"},"modified":"2025-08-22T07:39:08","modified_gmt":"2025-08-22T05:39:08","slug":"cbd-foglie-di-cocco","status":"publish","type":"product","link":"https:\/\/dutchmicrodosing.com\/it\/negozio-di-salute\/cbd-e-integratori-alimentari\/cbd-foglie-di-cocco\/","title":{"rendered":"Foglie di cioccolato CBD"},"content":{"rendered":"<p>Le <strong>CBD Choco Leaves <\/strong>sono una deliziosa miscela di gustoso cioccolato e CBD di prima qualit\u00e0. Ogni pezzo di cioccolato a forma di foglia \u00e8 composto da burro di cacao morbido e vaniglia aromatica, arricchito con 10 mg di CBD. Questa quantit\u00e0 \u00e8 giusta per soddisfare il fabbisogno giornaliero di CBD in modo piacevole.<\/p>\n<h3>Ingredienti<\/h3>\n<ul>\n<li>Massa di cacao<\/li>\n<li>Zucchero<\/li>\n<li>Burro di cacao<\/li>\n<li>Lecitina di soia<\/li>\n<li>Vaniglia<\/li>\n<\/ul>\n<h3>Utilizzo<\/h3>\n<p>Non assumere pi\u00f9 di 3 o 4 foglie al giorno.<\/p>\n<h3>Consigli per lo stoccaggio<\/h3>\n<p>Non adatto alle donne in gravidanza e ai bambini. Conservare in un luogo buio e fresco.<\/p>\n<h3>Contenuto<\/h3>\n<p>CBD Choco Leaves (10 mg di CBD per foglia) &#8211; 40 grammi<\/p>\n","protected":false},"excerpt":{"rendered":"<p>Le CBD Choco Leaves sono una deliziosa miscela di gustoso cioccolato e CBD di prima qualit\u00e0. Ogni pezzo di cioccolato a forma di foglia \u00e8 composto da burro di cacao morbido e vaniglia aromatica, arricchito con 10 mg di CBD. Questa quantit\u00e0 \u00e8 giusta per soddisfare il fabbisogno giornaliero di CBD in modo piacevole. Ingredienti [&hellip;]<\/p>\n","protected":false},"featured_media":32049,"comment_status":"closed","ping_status":"closed","template":"","meta":[],"product_brand":[],"product_cat":[287],"product_tag":[],"class_list":{"0":"post-32069","1":"product","2":"type-product","3":"status-publish","4":"has-post-thumbnail","6":"product_cat-cbd-e-integratori-alimentari","8":"first","9":"instock","10":"taxable","11":"shipping-taxable","12":"purchasable","13":"product-type-simple"},"yoast_head":"<!-- This site is optimized with the Yoast SEO Premium plugin v26.4 (Yoast SEO v27.2) - https:\/\/yoast.com\/product\/yoast-seo-premium-wordpress\/ -->\n<title>Foglie di cioccolato CBD - Dutchmicrodosing<\/title>\n<meta name=\"description\" content=\"Le CBD Choco Leaves sono una deliziosa miscela di gustoso cioccolato e CBD di prima qualit\u00e0. Ogni pezzo di cioccolato a forma di foglia \u00e8 composto da...\" \/>\n<meta name=\"robots\" content=\"index, follow, max-snippet:-1, max-image-preview:large, max-video-preview:-1\" \/>\n<link rel=\"canonical\" href=\"https:\/\/dutchmicrodosing.com\/it\/negozio-di-salute\/cbd-e-integratori-alimentari\/cbd-foglie-di-cocco\/\" \/>\n<meta property=\"og:locale\" content=\"it_IT\" \/>\n<meta property=\"og:type\" content=\"article\" \/>\n<meta property=\"og:title\" content=\"Foglie di cioccolato CBD\" \/>\n<meta property=\"og:description\" content=\"Le CBD Choco Leaves sono una deliziosa miscela di gustoso cioccolato e CBD di prima qualit\u00e0. Ogni pezzo di cioccolato a forma di foglia \u00e8 composto da\" \/>\n<meta property=\"og:url\" content=\"https:\/\/dutchmicrodosing.com\/it\/negozio-di-salute\/cbd-e-integratori-alimentari\/cbd-foglie-di-cocco\/\" \/>\n<meta property=\"og:site_name\" content=\"Dutchmicrodosing\" \/>\n<meta property=\"article:publisher\" content=\"https:\/\/www.facebook.com\/Dutchmicrodosingxp\/\" \/>\n<meta property=\"article:modified_time\" content=\"2025-08-22T05:39:08+00:00\" \/>\n<meta property=\"og:image\" content=\"https:\/\/dutchmicrodosing.com\/wp-content\/uploads\/2023\/11\/3320-3588-2.jpg\" \/>\n\t<meta property=\"og:image:width\" content=\"300\" \/>\n\t<meta property=\"og:image:height\" content=\"300\" \/>\n\t<meta property=\"og:image:type\" content=\"image\/jpeg\" \/>\n<meta name=\"twitter:card\" content=\"summary_large_image\" \/>\n<script type=\"application\/ld+json\" class=\"yoast-schema-graph\">{\"@context\":\"https:\/\/schema.org\",\"@graph\":[{\"@type\":\"WebPage\",\"@id\":\"https:\/\/dutchmicrodosing.com\/it\/negozio-di-salute\/cbd-e-integratori-alimentari\/cbd-foglie-di-cocco\/\",\"url\":\"https:\/\/dutchmicrodosing.com\/it\/negozio-di-salute\/cbd-e-integratori-alimentari\/cbd-foglie-di-cocco\/\",\"name\":\"Foglie di cioccolato CBD - Dutchmicrodosing\",\"isPartOf\":{\"@id\":\"https:\/\/dutchmicrodosing.com\/it\/#website\"},\"primaryImageOfPage\":{\"@id\":\"https:\/\/dutchmicrodosing.com\/it\/negozio-di-salute\/cbd-e-integratori-alimentari\/cbd-foglie-di-cocco\/#primaryimage\"},\"image\":{\"@id\":\"https:\/\/dutchmicrodosing.com\/it\/negozio-di-salute\/cbd-e-integratori-alimentari\/cbd-foglie-di-cocco\/#primaryimage\"},\"thumbnailUrl\":\"https:\/\/dutchmicrodosing.com\/wp-content\/uploads\/2023\/11\/3320-3588-2.jpg\",\"datePublished\":\"2023-11-16T21:44:23+00:00\",\"dateModified\":\"2025-08-22T05:39:08+00:00\",\"description\":\"Le CBD Choco Leaves sono una deliziosa miscela di gustoso cioccolato e CBD di prima qualit\u00e0. Ogni pezzo di cioccolato a forma di foglia \u00e8 composto da...\",\"breadcrumb\":{\"@id\":\"https:\/\/dutchmicrodosing.com\/it\/negozio-di-salute\/cbd-e-integratori-alimentari\/cbd-foglie-di-cocco\/#breadcrumb\"},\"inLanguage\":\"it-IT\",\"potentialAction\":[{\"@type\":\"ReadAction\",\"target\":[\"https:\/\/dutchmicrodosing.com\/it\/negozio-di-salute\/cbd-e-integratori-alimentari\/cbd-foglie-di-cocco\/\"]}]},{\"@type\":\"ImageObject\",\"inLanguage\":\"it-IT\",\"@id\":\"https:\/\/dutchmicrodosing.com\/it\/negozio-di-salute\/cbd-e-integratori-alimentari\/cbd-foglie-di-cocco\/#primaryimage\",\"url\":\"https:\/\/dutchmicrodosing.com\/wp-content\/uploads\/2023\/11\/3320-3588-2.jpg\",\"contentUrl\":\"https:\/\/dutchmicrodosing.com\/wp-content\/uploads\/2023\/11\/3320-3588-2.jpg\",\"width\":300,\"height\":300},{\"@type\":\"BreadcrumbList\",\"@id\":\"https:\/\/dutchmicrodosing.com\/it\/negozio-di-salute\/cbd-e-integratori-alimentari\/cbd-foglie-di-cocco\/#breadcrumb\",\"itemListElement\":[{\"@type\":\"ListItem\",\"position\":1,\"name\":\"Home\",\"item\":\"https:\/\/dutchmicrodosing.com\/it\/\"},{\"@type\":\"ListItem\",\"position\":2,\"name\":\"Negozio\",\"item\":\"https:\/\/dutchmicrodosing.com\/it\/negozio\/\"},{\"@type\":\"ListItem\",\"position\":3,\"name\":\"Foglie di cioccolato CBD\"}]},{\"@type\":\"WebSite\",\"@id\":\"https:\/\/dutchmicrodosing.com\/it\/#website\",\"url\":\"https:\/\/dutchmicrodosing.com\/it\/\",\"name\":\"Dutchmicrodosing\",\"description\":\"\",\"publisher\":{\"@id\":\"https:\/\/dutchmicrodosing.com\/it\/#organization\"},\"potentialAction\":[{\"@type\":\"SearchAction\",\"target\":{\"@type\":\"EntryPoint\",\"urlTemplate\":\"https:\/\/dutchmicrodosing.com\/it\/?s={search_term_string}\"},\"query-input\":{\"@type\":\"PropertyValueSpecification\",\"valueRequired\":true,\"valueName\":\"search_term_string\"}}],\"inLanguage\":\"it-IT\"},{\"@type\":\"Organization\",\"@id\":\"https:\/\/dutchmicrodosing.com\/it\/#organization\",\"name\":\"Dutchmicrodosing\",\"url\":\"https:\/\/dutchmicrodosing.com\/it\/\",\"logo\":{\"@type\":\"ImageObject\",\"inLanguage\":\"it-IT\",\"@id\":\"https:\/\/dutchmicrodosing.com\/it\/#\/schema\/logo\/image\/\",\"url\":\"https:\/\/dutchmicrodosing.com\/wp-content\/uploads\/2021\/01\/microdosing-categorie-pic-nieuw.jpg\",\"contentUrl\":\"https:\/\/dutchmicrodosing.com\/wp-content\/uploads\/2021\/01\/microdosing-categorie-pic-nieuw.jpg\",\"width\":500,\"height\":500,\"caption\":\"Dutchmicrodosing\"},\"image\":{\"@id\":\"https:\/\/dutchmicrodosing.com\/it\/#\/schema\/logo\/image\/\"},\"sameAs\":[\"https:\/\/www.facebook.com\/Dutchmicrodosingxp\/\",\"https:\/\/www.instagram.com\/dutchmicrodosing\/\"]}]}<\/script>\n<meta property=\"product:price:amount\" content=\"9.95\" \/>\n<meta property=\"product:price:currency\" content=\"EUR\" \/>\n<meta property=\"og:availability\" content=\"instock\" \/>\n<meta property=\"product:availability\" content=\"instock\" \/>\n<meta property=\"product:retailer_item_id\" content=\"2203364\" \/>\n<meta property=\"product:condition\" content=\"new\" \/>\n<!-- \/ Yoast SEO Premium plugin. -->","yoast_head_json":{"title":"Foglie di cioccolato CBD - Dutchmicrodosing","description":"Le CBD Choco Leaves sono una deliziosa miscela di gustoso cioccolato e CBD di prima qualit\u00e0. Ogni pezzo di cioccolato a forma di foglia \u00e8 composto da...","robots":{"index":"index","follow":"follow","max-snippet":"max-snippet:-1","max-image-preview":"max-image-preview:large","max-video-preview":"max-video-preview:-1"},"canonical":"https:\/\/dutchmicrodosing.com\/it\/negozio-di-salute\/cbd-e-integratori-alimentari\/cbd-foglie-di-cocco\/","og_locale":"it_IT","og_type":"article","og_title":"Foglie di cioccolato CBD","og_description":"Le CBD Choco Leaves sono una deliziosa miscela di gustoso cioccolato e CBD di prima qualit\u00e0. Ogni pezzo di cioccolato a forma di foglia \u00e8 composto da","og_url":"https:\/\/dutchmicrodosing.com\/it\/negozio-di-salute\/cbd-e-integratori-alimentari\/cbd-foglie-di-cocco\/","og_site_name":"Dutchmicrodosing","article_publisher":"https:\/\/www.facebook.com\/Dutchmicrodosingxp\/","article_modified_time":"2025-08-22T05:39:08+00:00","og_image":[{"width":300,"height":300,"url":"https:\/\/dutchmicrodosing.com\/wp-content\/uploads\/2023\/11\/3320-3588-2.jpg","type":"image\/jpeg"}],"twitter_card":"summary_large_image","schema":{"@context":"https:\/\/schema.org","@graph":[{"@type":"WebPage","@id":"https:\/\/dutchmicrodosing.com\/it\/negozio-di-salute\/cbd-e-integratori-alimentari\/cbd-foglie-di-cocco\/","url":"https:\/\/dutchmicrodosing.com\/it\/negozio-di-salute\/cbd-e-integratori-alimentari\/cbd-foglie-di-cocco\/","name":"Foglie di cioccolato CBD - Dutchmicrodosing","isPartOf":{"@id":"https:\/\/dutchmicrodosing.com\/it\/#website"},"primaryImageOfPage":{"@id":"https:\/\/dutchmicrodosing.com\/it\/negozio-di-salute\/cbd-e-integratori-alimentari\/cbd-foglie-di-cocco\/#primaryimage"},"image":{"@id":"https:\/\/dutchmicrodosing.com\/it\/negozio-di-salute\/cbd-e-integratori-alimentari\/cbd-foglie-di-cocco\/#primaryimage"},"thumbnailUrl":"https:\/\/dutchmicrodosing.com\/wp-content\/uploads\/2023\/11\/3320-3588-2.jpg","datePublished":"2023-11-16T21:44:23+00:00","dateModified":"2025-08-22T05:39:08+00:00","description":"Le CBD Choco Leaves sono una deliziosa miscela di gustoso cioccolato e CBD di prima qualit\u00e0. Ogni pezzo di cioccolato a forma di foglia \u00e8 composto da...","breadcrumb":{"@id":"https:\/\/dutchmicrodosing.com\/it\/negozio-di-salute\/cbd-e-integratori-alimentari\/cbd-foglie-di-cocco\/#breadcrumb"},"inLanguage":"it-IT","potentialAction":[{"@type":"ReadAction","target":["https:\/\/dutchmicrodosing.com\/it\/negozio-di-salute\/cbd-e-integratori-alimentari\/cbd-foglie-di-cocco\/"]}]},{"@type":"ImageObject","inLanguage":"it-IT","@id":"https:\/\/dutchmicrodosing.com\/it\/negozio-di-salute\/cbd-e-integratori-alimentari\/cbd-foglie-di-cocco\/#primaryimage","url":"https:\/\/dutchmicrodosing.com\/wp-content\/uploads\/2023\/11\/3320-3588-2.jpg","contentUrl":"https:\/\/dutchmicrodosing.com\/wp-content\/uploads\/2023\/11\/3320-3588-2.jpg","width":300,"height":300},{"@type":"BreadcrumbList","@id":"https:\/\/dutchmicrodosing.com\/it\/negozio-di-salute\/cbd-e-integratori-alimentari\/cbd-foglie-di-cocco\/#breadcrumb","itemListElement":[{"@type":"ListItem","position":1,"name":"Home","item":"https:\/\/dutchmicrodosing.com\/it\/"},{"@type":"ListItem","position":2,"name":"Negozio","item":"https:\/\/dutchmicrodosing.com\/it\/negozio\/"},{"@type":"ListItem","position":3,"name":"Foglie di cioccolato CBD"}]},{"@type":"WebSite","@id":"https:\/\/dutchmicrodosing.com\/it\/#website","url":"https:\/\/dutchmicrodosing.com\/it\/","name":"Dutchmicrodosing","description":"","publisher":{"@id":"https:\/\/dutchmicrodosing.com\/it\/#organization"},"potentialAction":[{"@type":"SearchAction","target":{"@type":"EntryPoint","urlTemplate":"https:\/\/dutchmicrodosing.com\/it\/?s={search_term_string}"},"query-input":{"@type":"PropertyValueSpecification","valueRequired":true,"valueName":"search_term_string"}}],"inLanguage":"it-IT"},{"@type":"Organization","@id":"https:\/\/dutchmicrodosing.com\/it\/#organization","name":"Dutchmicrodosing","url":"https:\/\/dutchmicrodosing.com\/it\/","logo":{"@type":"ImageObject","inLanguage":"it-IT","@id":"https:\/\/dutchmicrodosing.com\/it\/#\/schema\/logo\/image\/","url":"https:\/\/dutchmicrodosing.com\/wp-content\/uploads\/2021\/01\/microdosing-categorie-pic-nieuw.jpg","contentUrl":"https:\/\/dutchmicrodosing.com\/wp-content\/uploads\/2021\/01\/microdosing-categorie-pic-nieuw.jpg","width":500,"height":500,"caption":"Dutchmicrodosing"},"image":{"@id":"https:\/\/dutchmicrodosing.com\/it\/#\/schema\/logo\/image\/"},"sameAs":["https:\/\/www.facebook.com\/Dutchmicrodosingxp\/","https:\/\/www.instagram.com\/dutchmicrodosing\/"]}]},"product_price_amount":"9.95","product_price_currency":"EUR","og_availability":"instock","product_availability":"instock","product_retailer_item_id":"2203364","product_condition":"new"},"_links":{"self":[{"href":"https:\/\/dutchmicrodosing.com\/it\/wp-json\/wp\/v2\/product\/32069","targetHints":{"allow":["GET"]}}],"collection":[{"href":"https:\/\/dutchmicrodosing.com\/it\/wp-json\/wp\/v2\/product"}],"about":[{"href":"https:\/\/dutchmicrodosing.com\/it\/wp-json\/wp\/v2\/types\/product"}],"replies":[{"embeddable":true,"href":"https:\/\/dutchmicrodosing.com\/it\/wp-json\/wp\/v2\/comments?post=32069"}],"version-history":[{"count":0,"href":"https:\/\/dutchmicrodosing.com\/it\/wp-json\/wp\/v2\/product\/32069\/revisions"}],"wp:featuredmedia":[{"embeddable":true,"href":"https:\/\/dutchmicrodosing.com\/it\/wp-json\/wp\/v2\/media\/32049"}],"wp:attachment":[{"href":"https:\/\/dutchmicrodosing.com\/it\/wp-json\/wp\/v2\/media?parent=32069"}],"wp:term":[{"taxonomy":"product_brand","embeddable":true,"href":"https:\/\/dutchmicrodosing.com\/it\/wp-json\/wp\/v2\/product_brand?post=32069"},{"taxonomy":"product_cat","embeddable":true,"href":"https:\/\/dutchmicrodosing.com\/it\/wp-json\/wp\/v2\/product_cat?post=32069"},{"taxonomy":"product_tag","embeddable":true,"href":"https:\/\/dutchmicrodosing.com\/it\/wp-json\/wp\/v2\/product_tag?post=32069"}],"curies":[{"name":"wp","href":"https:\/\/api.w.org\/{rel}","templated":true}]}}