{"id":33050,"date":"2023-12-08T14:21:33","date_gmt":"2023-12-08T13:21:33","guid":{"rendered":"https:\/\/dutchmicrodosing.com\/shop\/senza-categoria\/tremella-fuciformis-120-capsule\/"},"modified":"2025-08-28T11:08:38","modified_gmt":"2025-08-28T09:08:38","slug":"tremella-fuciformis-120-capsule","status":"publish","type":"product","link":"https:\/\/dutchmicrodosing.com\/it\/funghi-medicinali\/tremella-fuciformis-120-capsule\/","title":{"rendered":"Tremella Fuciformis -120 Capsule"},"content":{"rendered":"<p>La <strong>Tremella Fuciformis<\/strong>, meglio conosciuta come &#8220;Orecchio d&#8217;argento di palude&#8221;, \u00e8 un fungo apprezzato dalla medicina tradizionale cinese per i suoi numerosi benefici per la salute. Questi benefici sono dovuti principalmente al ricco contenuto di antiossidanti e polisaccaridi, che supportano il sistema immunitario e contribuiscono a una pelle sana e resistente.<\/p>\n<p>Scoperta originariamente nelle regioni tropicali, la popolarit\u00e0 della Tremella Fuciformis \u00e8 cresciuta in tutto il mondo, portando alla coltivazione globale. Questo fungo \u00e8 presente in diversi prodotti, tra cui integratori alimentari e prodotti per la cura della pelle, grazie alle sue eccellenti propriet\u00e0 idratanti e alla capacit\u00e0 di migliorare l&#8217;elasticit\u00e0 della pelle. Questo rende la Tremella Fuciformis un ingrediente prezioso per tutti coloro che si impegnano per uno stile di vita sano e per un supporto naturale al benessere.<\/p>\n<h3>Ingredienti per capsula vegana:<\/h3>\n<ul>\n<li>400 mg di estratto biologico di Tremella Fuciformis dal 100% del corpo del frutto (fungo)<\/li>\n<li>Vitamina C: 15 mg<\/li>\n<li>Zinco: 10 mg<\/li>\n<li>Eccipienti: Magnesio citrato e biossido di silicio<\/li>\n<\/ul>\n<h3>Utilizzo<\/h3>\n<p>Non assumere pi\u00f9 di 1 capsula due volte al giorno con acqua durante un pasto.<\/p>\n<h3>Consigli per lo stoccaggio<\/h3>\n<p>Conservare il prodotto in un luogo buio e fresco, come ad esempio un mobile della cucina, e fuori dalla portata dei bambini.<\/p>\n<h3>Contenuto<\/h3>\n<p>Tremella Fuciformis McMyco &#8211; 120 capsule.<\/p>\n<h3>Nota!<\/h3>\n<p>Consultare il medico prima dell&#8217;uso in caso di gravidanza, allattamento o condizioni di salute.<\/p>\n","protected":false},"excerpt":{"rendered":"<p>La Tremella Fuciformis, meglio conosciuta come &#8220;Orecchio d&#8217;argento di palude&#8221;, \u00e8 un fungo apprezzato dalla medicina tradizionale cinese per i suoi numerosi benefici per la salute. Questi benefici sono dovuti principalmente al ricco contenuto di antiossidanti e polisaccaridi, che supportano il sistema immunitario e contribuiscono a una pelle sana e resistente. Scoperta originariamente nelle regioni [&hellip;]<\/p>\n","protected":false},"featured_media":33044,"comment_status":"closed","ping_status":"closed","template":"","meta":[],"product_brand":[],"product_cat":[175,295,296],"product_tag":[],"class_list":{"0":"post-33050","1":"product","2":"type-product","3":"status-publish","4":"has-post-thumbnail","6":"product_cat-funghi-medicinali","7":"product_cat-integratori-energetici","8":"product_cat-integratori-per-il-sistema-immunitario","10":"first","11":"outofstock","12":"taxable","13":"shipping-taxable","14":"purchasable","15":"product-type-simple"},"yoast_head":"<!-- This site is optimized with the Yoast SEO Premium plugin v26.4 (Yoast SEO v27.4) - https:\/\/yoast.com\/product\/yoast-seo-premium-wordpress\/ -->\n<title>Tremella Fuciformis -120 Capsule - Dutchmicrodosing<\/title>\n<meta name=\"description\" content=\"La Tremella Fuciformis, meglio conosciuta come &quot;Orecchio d&#039;argento di palude&quot;, \u00e8 un fungo apprezzato dalla medicina tradizionale cinese per le sue...\" \/>\n<meta name=\"robots\" content=\"index, follow, max-snippet:-1, max-image-preview:large, max-video-preview:-1\" \/>\n<link rel=\"canonical\" href=\"https:\/\/dutchmicrodosing.com\/it\/funghi-medicinali\/tremella-fuciformis-120-capsule\/\" \/>\n<meta property=\"og:locale\" content=\"it_IT\" \/>\n<meta property=\"og:type\" content=\"article\" \/>\n<meta property=\"og:title\" content=\"Tremella Fuciformis -120 Capsule\" \/>\n<meta property=\"og:description\" content=\"La Tremella Fuciformis, meglio conosciuta come &quot;Orecchio d&#039;argento di palude&quot;, \u00e8 un fungo apprezzato dalla medicina tradizionale cinese per i suoi\" \/>\n<meta property=\"og:url\" content=\"https:\/\/dutchmicrodosing.com\/it\/funghi-medicinali\/tremella-fuciformis-120-capsule\/\" \/>\n<meta property=\"og:site_name\" content=\"Dutchmicrodosing\" \/>\n<meta property=\"article:publisher\" content=\"https:\/\/www.facebook.com\/Dutchmicrodosingxp\/\" \/>\n<meta property=\"article:modified_time\" content=\"2025-08-28T09:08:38+00:00\" \/>\n<meta property=\"og:image\" content=\"https:\/\/dutchmicrodosing.com\/wp-content\/uploads\/2023\/12\/2023_Productfoto_Tremella-caps.jpg\" \/>\n\t<meta property=\"og:image:width\" content=\"1000\" \/>\n\t<meta property=\"og:image:height\" content=\"1000\" \/>\n\t<meta property=\"og:image:type\" content=\"image\/jpeg\" \/>\n<meta name=\"twitter:card\" content=\"summary_large_image\" \/>\n<script type=\"application\/ld+json\" class=\"yoast-schema-graph\">{\"@context\":\"https:\\\/\\\/schema.org\",\"@graph\":[{\"@type\":\"WebPage\",\"@id\":\"https:\\\/\\\/dutchmicrodosing.com\\\/it\\\/funghi-medicinali\\\/tremella-fuciformis-120-capsule\\\/\",\"url\":\"https:\\\/\\\/dutchmicrodosing.com\\\/it\\\/funghi-medicinali\\\/tremella-fuciformis-120-capsule\\\/\",\"name\":\"Tremella Fuciformis -120 Capsule - Dutchmicrodosing\",\"isPartOf\":{\"@id\":\"https:\\\/\\\/dutchmicrodosing.com\\\/it\\\/#website\"},\"primaryImageOfPage\":{\"@id\":\"https:\\\/\\\/dutchmicrodosing.com\\\/it\\\/funghi-medicinali\\\/tremella-fuciformis-120-capsule\\\/#primaryimage\"},\"image\":{\"@id\":\"https:\\\/\\\/dutchmicrodosing.com\\\/it\\\/funghi-medicinali\\\/tremella-fuciformis-120-capsule\\\/#primaryimage\"},\"thumbnailUrl\":\"https:\\\/\\\/dutchmicrodosing.com\\\/wp-content\\\/uploads\\\/2023\\\/12\\\/2023_Productfoto_Tremella-caps.jpg\",\"datePublished\":\"2023-12-08T13:21:33+00:00\",\"dateModified\":\"2025-08-28T09:08:38+00:00\",\"description\":\"La Tremella Fuciformis, meglio conosciuta come \\\"Orecchio d'argento di palude\\\", \u00e8 un fungo apprezzato dalla medicina tradizionale cinese per le sue...\",\"breadcrumb\":{\"@id\":\"https:\\\/\\\/dutchmicrodosing.com\\\/it\\\/funghi-medicinali\\\/tremella-fuciformis-120-capsule\\\/#breadcrumb\"},\"inLanguage\":\"it-IT\",\"potentialAction\":[{\"@type\":\"ReadAction\",\"target\":[\"https:\\\/\\\/dutchmicrodosing.com\\\/it\\\/funghi-medicinali\\\/tremella-fuciformis-120-capsule\\\/\"]}]},{\"@type\":\"ImageObject\",\"inLanguage\":\"it-IT\",\"@id\":\"https:\\\/\\\/dutchmicrodosing.com\\\/it\\\/funghi-medicinali\\\/tremella-fuciformis-120-capsule\\\/#primaryimage\",\"url\":\"https:\\\/\\\/dutchmicrodosing.com\\\/wp-content\\\/uploads\\\/2023\\\/12\\\/2023_Productfoto_Tremella-caps.jpg\",\"contentUrl\":\"https:\\\/\\\/dutchmicrodosing.com\\\/wp-content\\\/uploads\\\/2023\\\/12\\\/2023_Productfoto_Tremella-caps.jpg\",\"width\":1000,\"height\":1000},{\"@type\":\"BreadcrumbList\",\"@id\":\"https:\\\/\\\/dutchmicrodosing.com\\\/it\\\/funghi-medicinali\\\/tremella-fuciformis-120-capsule\\\/#breadcrumb\",\"itemListElement\":[{\"@type\":\"ListItem\",\"position\":1,\"name\":\"Home\",\"item\":\"https:\\\/\\\/dutchmicrodosing.com\\\/it\\\/\"},{\"@type\":\"ListItem\",\"position\":2,\"name\":\"Negozio\",\"item\":\"https:\\\/\\\/dutchmicrodosing.com\\\/it\\\/negozio\\\/\"},{\"@type\":\"ListItem\",\"position\":3,\"name\":\"Tremella Fuciformis -120 Capsule\"}]},{\"@type\":\"WebSite\",\"@id\":\"https:\\\/\\\/dutchmicrodosing.com\\\/it\\\/#website\",\"url\":\"https:\\\/\\\/dutchmicrodosing.com\\\/it\\\/\",\"name\":\"Dutchmicrodosing\",\"description\":\"\",\"publisher\":{\"@id\":\"https:\\\/\\\/dutchmicrodosing.com\\\/it\\\/#organization\"},\"potentialAction\":[{\"@type\":\"SearchAction\",\"target\":{\"@type\":\"EntryPoint\",\"urlTemplate\":\"https:\\\/\\\/dutchmicrodosing.com\\\/it\\\/?s={search_term_string}\"},\"query-input\":{\"@type\":\"PropertyValueSpecification\",\"valueRequired\":true,\"valueName\":\"search_term_string\"}}],\"inLanguage\":\"it-IT\"},{\"@type\":\"Organization\",\"@id\":\"https:\\\/\\\/dutchmicrodosing.com\\\/it\\\/#organization\",\"name\":\"Dutchmicrodosing\",\"url\":\"https:\\\/\\\/dutchmicrodosing.com\\\/it\\\/\",\"logo\":{\"@type\":\"ImageObject\",\"inLanguage\":\"it-IT\",\"@id\":\"https:\\\/\\\/dutchmicrodosing.com\\\/it\\\/#\\\/schema\\\/logo\\\/image\\\/\",\"url\":\"https:\\\/\\\/dutchmicrodosing.com\\\/wp-content\\\/uploads\\\/2021\\\/01\\\/microdosing-categorie-pic-nieuw.jpg\",\"contentUrl\":\"https:\\\/\\\/dutchmicrodosing.com\\\/wp-content\\\/uploads\\\/2021\\\/01\\\/microdosing-categorie-pic-nieuw.jpg\",\"width\":500,\"height\":500,\"caption\":\"Dutchmicrodosing\"},\"image\":{\"@id\":\"https:\\\/\\\/dutchmicrodosing.com\\\/it\\\/#\\\/schema\\\/logo\\\/image\\\/\"},\"sameAs\":[\"https:\\\/\\\/www.facebook.com\\\/Dutchmicrodosingxp\\\/\",\"https:\\\/\\\/www.instagram.com\\\/dutchmicrodosing\\\/\"]}]}<\/script>\n<meta property=\"product:price:amount\" content=\"34.95\" \/>\n<meta property=\"product:price:currency\" content=\"EUR\" \/>\n<meta property=\"og:availability\" content=\"out of stock\" \/>\n<meta property=\"product:availability\" content=\"out of stock\" \/>\n<meta property=\"product:retailer_item_id\" content=\"3212292\" \/>\n<meta property=\"product:condition\" content=\"new\" \/>\n<!-- \/ Yoast SEO Premium plugin. -->","yoast_head_json":{"title":"Tremella Fuciformis -120 Capsule - Dutchmicrodosing","description":"La Tremella Fuciformis, meglio conosciuta come \"Orecchio d'argento di palude\", \u00e8 un fungo apprezzato dalla medicina tradizionale cinese per le sue...","robots":{"index":"index","follow":"follow","max-snippet":"max-snippet:-1","max-image-preview":"max-image-preview:large","max-video-preview":"max-video-preview:-1"},"canonical":"https:\/\/dutchmicrodosing.com\/it\/funghi-medicinali\/tremella-fuciformis-120-capsule\/","og_locale":"it_IT","og_type":"article","og_title":"Tremella Fuciformis -120 Capsule","og_description":"La Tremella Fuciformis, meglio conosciuta come \"Orecchio d'argento di palude\", \u00e8 un fungo apprezzato dalla medicina tradizionale cinese per i suoi","og_url":"https:\/\/dutchmicrodosing.com\/it\/funghi-medicinali\/tremella-fuciformis-120-capsule\/","og_site_name":"Dutchmicrodosing","article_publisher":"https:\/\/www.facebook.com\/Dutchmicrodosingxp\/","article_modified_time":"2025-08-28T09:08:38+00:00","og_image":[{"width":1000,"height":1000,"url":"https:\/\/dutchmicrodosing.com\/wp-content\/uploads\/2023\/12\/2023_Productfoto_Tremella-caps.jpg","type":"image\/jpeg"}],"twitter_card":"summary_large_image","schema":{"@context":"https:\/\/schema.org","@graph":[{"@type":"WebPage","@id":"https:\/\/dutchmicrodosing.com\/it\/funghi-medicinali\/tremella-fuciformis-120-capsule\/","url":"https:\/\/dutchmicrodosing.com\/it\/funghi-medicinali\/tremella-fuciformis-120-capsule\/","name":"Tremella Fuciformis -120 Capsule - Dutchmicrodosing","isPartOf":{"@id":"https:\/\/dutchmicrodosing.com\/it\/#website"},"primaryImageOfPage":{"@id":"https:\/\/dutchmicrodosing.com\/it\/funghi-medicinali\/tremella-fuciformis-120-capsule\/#primaryimage"},"image":{"@id":"https:\/\/dutchmicrodosing.com\/it\/funghi-medicinali\/tremella-fuciformis-120-capsule\/#primaryimage"},"thumbnailUrl":"https:\/\/dutchmicrodosing.com\/wp-content\/uploads\/2023\/12\/2023_Productfoto_Tremella-caps.jpg","datePublished":"2023-12-08T13:21:33+00:00","dateModified":"2025-08-28T09:08:38+00:00","description":"La Tremella Fuciformis, meglio conosciuta come \"Orecchio d'argento di palude\", \u00e8 un fungo apprezzato dalla medicina tradizionale cinese per le sue...","breadcrumb":{"@id":"https:\/\/dutchmicrodosing.com\/it\/funghi-medicinali\/tremella-fuciformis-120-capsule\/#breadcrumb"},"inLanguage":"it-IT","potentialAction":[{"@type":"ReadAction","target":["https:\/\/dutchmicrodosing.com\/it\/funghi-medicinali\/tremella-fuciformis-120-capsule\/"]}]},{"@type":"ImageObject","inLanguage":"it-IT","@id":"https:\/\/dutchmicrodosing.com\/it\/funghi-medicinali\/tremella-fuciformis-120-capsule\/#primaryimage","url":"https:\/\/dutchmicrodosing.com\/wp-content\/uploads\/2023\/12\/2023_Productfoto_Tremella-caps.jpg","contentUrl":"https:\/\/dutchmicrodosing.com\/wp-content\/uploads\/2023\/12\/2023_Productfoto_Tremella-caps.jpg","width":1000,"height":1000},{"@type":"BreadcrumbList","@id":"https:\/\/dutchmicrodosing.com\/it\/funghi-medicinali\/tremella-fuciformis-120-capsule\/#breadcrumb","itemListElement":[{"@type":"ListItem","position":1,"name":"Home","item":"https:\/\/dutchmicrodosing.com\/it\/"},{"@type":"ListItem","position":2,"name":"Negozio","item":"https:\/\/dutchmicrodosing.com\/it\/negozio\/"},{"@type":"ListItem","position":3,"name":"Tremella Fuciformis -120 Capsule"}]},{"@type":"WebSite","@id":"https:\/\/dutchmicrodosing.com\/it\/#website","url":"https:\/\/dutchmicrodosing.com\/it\/","name":"Dutchmicrodosing","description":"","publisher":{"@id":"https:\/\/dutchmicrodosing.com\/it\/#organization"},"potentialAction":[{"@type":"SearchAction","target":{"@type":"EntryPoint","urlTemplate":"https:\/\/dutchmicrodosing.com\/it\/?s={search_term_string}"},"query-input":{"@type":"PropertyValueSpecification","valueRequired":true,"valueName":"search_term_string"}}],"inLanguage":"it-IT"},{"@type":"Organization","@id":"https:\/\/dutchmicrodosing.com\/it\/#organization","name":"Dutchmicrodosing","url":"https:\/\/dutchmicrodosing.com\/it\/","logo":{"@type":"ImageObject","inLanguage":"it-IT","@id":"https:\/\/dutchmicrodosing.com\/it\/#\/schema\/logo\/image\/","url":"https:\/\/dutchmicrodosing.com\/wp-content\/uploads\/2021\/01\/microdosing-categorie-pic-nieuw.jpg","contentUrl":"https:\/\/dutchmicrodosing.com\/wp-content\/uploads\/2021\/01\/microdosing-categorie-pic-nieuw.jpg","width":500,"height":500,"caption":"Dutchmicrodosing"},"image":{"@id":"https:\/\/dutchmicrodosing.com\/it\/#\/schema\/logo\/image\/"},"sameAs":["https:\/\/www.facebook.com\/Dutchmicrodosingxp\/","https:\/\/www.instagram.com\/dutchmicrodosing\/"]}]},"product_price_amount":"34.95","product_price_currency":"EUR","og_availability":"out of stock","product_availability":"out of stock","product_retailer_item_id":"3212292","product_condition":"new"},"_links":{"self":[{"href":"https:\/\/dutchmicrodosing.com\/it\/wp-json\/wp\/v2\/product\/33050","targetHints":{"allow":["GET"]}}],"collection":[{"href":"https:\/\/dutchmicrodosing.com\/it\/wp-json\/wp\/v2\/product"}],"about":[{"href":"https:\/\/dutchmicrodosing.com\/it\/wp-json\/wp\/v2\/types\/product"}],"replies":[{"embeddable":true,"href":"https:\/\/dutchmicrodosing.com\/it\/wp-json\/wp\/v2\/comments?post=33050"}],"version-history":[{"count":0,"href":"https:\/\/dutchmicrodosing.com\/it\/wp-json\/wp\/v2\/product\/33050\/revisions"}],"wp:featuredmedia":[{"embeddable":true,"href":"https:\/\/dutchmicrodosing.com\/it\/wp-json\/wp\/v2\/media\/33044"}],"wp:attachment":[{"href":"https:\/\/dutchmicrodosing.com\/it\/wp-json\/wp\/v2\/media?parent=33050"}],"wp:term":[{"taxonomy":"product_brand","embeddable":true,"href":"https:\/\/dutchmicrodosing.com\/it\/wp-json\/wp\/v2\/product_brand?post=33050"},{"taxonomy":"product_cat","embeddable":true,"href":"https:\/\/dutchmicrodosing.com\/it\/wp-json\/wp\/v2\/product_cat?post=33050"},{"taxonomy":"product_tag","embeddable":true,"href":"https:\/\/dutchmicrodosing.com\/it\/wp-json\/wp\/v2\/product_tag?post=33050"}],"curies":[{"name":"wp","href":"https:\/\/api.w.org\/{rel}","templated":true}]}}