{"id":33203,"date":"2023-11-10T14:08:15","date_gmt":"2023-11-10T13:08:15","guid":{"rendered":"https:\/\/dutchmicrodosing.com\/shop\/senza-categoria\/premium-full-spectrum-oil-20-10-ml\/"},"modified":"2025-08-25T08:02:14","modified_gmt":"2025-08-25T06:02:14","slug":"premium-full-spectrum-oil-20-10-ml","status":"publish","type":"product","link":"https:\/\/dutchmicrodosing.com\/it\/negozio-di-salute\/cbd-e-integratori-alimentari\/premium-full-spectrum-oil-20-10-ml\/","title":{"rendered":"Olio Premium a spettro completo 20% &#8211; 10 ML"},"content":{"rendered":"<p>L&#8217;<strong>olio di CBD Full Spectrum 20% di alta qualit\u00e0<\/strong> di Dr Candy \u00e8 un affascinante esempio di approccio all&#8217;avanguardia nel mondo dei prodotti a base di CBD. Questo olio si distingue per la sua composizione complessa, che va oltre il solo CBD. Ecco alcuni punti chiave che rendono questo olio speciale:<\/p>\n<ol>\n<li><strong>Diversit\u00e0 di cannabinoidi<\/strong>: oltre al CBD, questo olio contiene anche altri cannabinoidi come CBG, CBN, CBC e CBDV. Ogni cannabinoide ha propriet\u00e0 e benefici unici e la sua sinergia con il CBD pu\u00f2 aumentare l&#8217;efficacia complessiva del prodotto.<\/li>\n<li><strong>Flavonoidi e terpeni<\/strong>: L&#8217;olio contiene flavonoidi, noti per le loro propriet\u00e0 antiossidanti, e terpeni, che contribuiscono agli aromi e ai sapori dell&#8217;olio.<\/li>\n<li><strong>Base di olio MCT<\/strong>: la scelta dell&#8217;olio MCT come base \u00e8 strategica. L&#8217;olio MCT favorisce l&#8217;assorbimento del CBD e degli altri cannabinoidi e migliora la conservabilit\u00e0 e la stabilit\u00e0 del prodotto.<\/li>\n<li><strong>Processo di svernamento<\/strong>: questo processo, in cui l&#8217;olio viene filtrato a freddo, aiuta a rimuovere le sostanze indesiderate e a raffinare il sapore, ottenendo un gusto di canapa pi\u00f9 autentico.<\/li>\n<li><strong>Approccio a spettro completo<\/strong>: a differenza degli oli di CBD isolati, che contengono solo CBD, l&#8217;olio a spettro completo offre un&#8217;esperienza pi\u00f9 completa, sfruttando la sinergia di tutte le sostanze presenti.<\/li>\n<\/ol>\n<h3>Utilizzare l&#8217;olio di CBD a spettro completo Dr.Candy 20% 10ml<\/h3>\n<ul>\n<li>Assumere 2-4 gocce di olio di CBD due volte al giorno alla volta<\/li>\n<li>Assumere l&#8217;olio di CBD 20% Full spectrum 30 minuti prima o 30 minuti dopo un pasto.<\/li>\n<\/ul>\n<h3>C&#8217;\u00e8 THC nell&#8217;olio di CBD?<\/h3>\n<p>Oltre ai cannabinoidi e ai terpeni gi\u00e0 citati, durante il processo di produzione rimane anche una piccolissima percentuale di THC. \u00c8 inferiore allo 0,05% e non \u00e8 misurabile. Non ci si pu\u00f2 sentire sballati e si pu\u00f2, ovviamente, partecipare al traffico.<\/p>\n<h3>Consigli per lo stoccaggio<\/h3>\n<p>Conservare in luogo fresco, buio e asciutto e fuori dalla portata dei bambini.<\/p>\n<h3>Contenuto<\/h3>\n<p>Olio di CBD a spettro completo Dr Candy 20% &#8211; 10ML<\/p>\n","protected":false},"excerpt":{"rendered":"<p>L&#8217;olio di CBD Full Spectrum 20% di alta qualit\u00e0 di Dr Candy \u00e8 un affascinante esempio di approccio all&#8217;avanguardia nel mondo dei prodotti a base di CBD. Questo olio si distingue per la sua composizione complessa, che va oltre il solo CBD. Ecco alcuni punti chiave che rendono questo olio speciale: Diversit\u00e0 di cannabinoidi: oltre [&hellip;]<\/p>\n","protected":false},"featured_media":37548,"comment_status":"closed","ping_status":"closed","template":"","meta":[],"product_brand":[],"product_cat":[287],"product_tag":[],"class_list":{"0":"post-33203","1":"product","2":"type-product","3":"status-publish","4":"has-post-thumbnail","6":"product_cat-cbd-e-integratori-alimentari","8":"first","9":"instock","10":"taxable","11":"shipping-taxable","12":"purchasable","13":"product-type-simple"},"yoast_head":"<!-- This site is optimized with the Yoast SEO Premium plugin v26.4 (Yoast SEO v27.4) - https:\/\/yoast.com\/product\/yoast-seo-premium-wordpress\/ -->\n<title>Olio Premium a spettro completo 20% - 10 ML - Dutchmicrodosing<\/title>\n<meta name=\"description\" content=\"L&#039;olio di CBD Full Spectrum 20% di alta qualit\u00e0 di Dr Candy \u00e8 un affascinante esempio di approccio all&#039;avanguardia nel mondo dei prodotti a base di CBD.\" \/>\n<meta name=\"robots\" content=\"index, follow, max-snippet:-1, max-image-preview:large, max-video-preview:-1\" \/>\n<link rel=\"canonical\" href=\"https:\/\/dutchmicrodosing.com\/it\/negozio-di-salute\/cbd-e-integratori-alimentari\/premium-full-spectrum-oil-20-10-ml\/\" \/>\n<meta property=\"og:locale\" content=\"it_IT\" \/>\n<meta property=\"og:type\" content=\"article\" \/>\n<meta property=\"og:title\" content=\"Olio Premium a spettro completo 20% - 10 ML\" \/>\n<meta property=\"og:description\" content=\"L&#039;olio di CBD Full Spectrum 20% di alta qualit\u00e0 di Dr Candy \u00e8 un affascinante esempio di approccio all&#039;avanguardia nel mondo dei prodotti a base di CBD.\" \/>\n<meta property=\"og:url\" content=\"https:\/\/dutchmicrodosing.com\/it\/negozio-di-salute\/cbd-e-integratori-alimentari\/premium-full-spectrum-oil-20-10-ml\/\" \/>\n<meta property=\"og:site_name\" content=\"Dutchmicrodosing\" \/>\n<meta property=\"article:publisher\" content=\"https:\/\/www.facebook.com\/Dutchmicrodosingxp\/\" \/>\n<meta property=\"article:modified_time\" content=\"2025-08-25T06:02:14+00:00\" \/>\n<meta property=\"og:image\" content=\"https:\/\/dutchmicrodosing.com\/wp-content\/uploads\/2023\/11\/Drcandy_Premium_20.jpg\" \/>\n\t<meta property=\"og:image:width\" content=\"1000\" \/>\n\t<meta property=\"og:image:height\" content=\"1000\" \/>\n\t<meta property=\"og:image:type\" content=\"image\/jpeg\" \/>\n<meta name=\"twitter:card\" content=\"summary_large_image\" \/>\n<script type=\"application\/ld+json\" class=\"yoast-schema-graph\">{\"@context\":\"https:\\\/\\\/schema.org\",\"@graph\":[{\"@type\":\"WebPage\",\"@id\":\"https:\\\/\\\/dutchmicrodosing.com\\\/it\\\/negozio-di-salute\\\/cbd-e-integratori-alimentari\\\/premium-full-spectrum-oil-20-10-ml\\\/\",\"url\":\"https:\\\/\\\/dutchmicrodosing.com\\\/it\\\/negozio-di-salute\\\/cbd-e-integratori-alimentari\\\/premium-full-spectrum-oil-20-10-ml\\\/\",\"name\":\"Olio Premium a spettro completo 20% - 10 ML - Dutchmicrodosing\",\"isPartOf\":{\"@id\":\"https:\\\/\\\/dutchmicrodosing.com\\\/it\\\/#website\"},\"primaryImageOfPage\":{\"@id\":\"https:\\\/\\\/dutchmicrodosing.com\\\/it\\\/negozio-di-salute\\\/cbd-e-integratori-alimentari\\\/premium-full-spectrum-oil-20-10-ml\\\/#primaryimage\"},\"image\":{\"@id\":\"https:\\\/\\\/dutchmicrodosing.com\\\/it\\\/negozio-di-salute\\\/cbd-e-integratori-alimentari\\\/premium-full-spectrum-oil-20-10-ml\\\/#primaryimage\"},\"thumbnailUrl\":\"https:\\\/\\\/dutchmicrodosing.com\\\/wp-content\\\/uploads\\\/2023\\\/11\\\/Drcandy_Premium_20.jpg\",\"datePublished\":\"2023-11-10T13:08:15+00:00\",\"dateModified\":\"2025-08-25T06:02:14+00:00\",\"description\":\"L'olio di CBD Full Spectrum 20% di alta qualit\u00e0 di Dr Candy \u00e8 un affascinante esempio di approccio all'avanguardia nel mondo dei prodotti a base di CBD.\",\"breadcrumb\":{\"@id\":\"https:\\\/\\\/dutchmicrodosing.com\\\/it\\\/negozio-di-salute\\\/cbd-e-integratori-alimentari\\\/premium-full-spectrum-oil-20-10-ml\\\/#breadcrumb\"},\"inLanguage\":\"it-IT\",\"potentialAction\":[{\"@type\":\"ReadAction\",\"target\":[\"https:\\\/\\\/dutchmicrodosing.com\\\/it\\\/negozio-di-salute\\\/cbd-e-integratori-alimentari\\\/premium-full-spectrum-oil-20-10-ml\\\/\"]}]},{\"@type\":\"ImageObject\",\"inLanguage\":\"it-IT\",\"@id\":\"https:\\\/\\\/dutchmicrodosing.com\\\/it\\\/negozio-di-salute\\\/cbd-e-integratori-alimentari\\\/premium-full-spectrum-oil-20-10-ml\\\/#primaryimage\",\"url\":\"https:\\\/\\\/dutchmicrodosing.com\\\/wp-content\\\/uploads\\\/2023\\\/11\\\/Drcandy_Premium_20.jpg\",\"contentUrl\":\"https:\\\/\\\/dutchmicrodosing.com\\\/wp-content\\\/uploads\\\/2023\\\/11\\\/Drcandy_Premium_20.jpg\",\"width\":1000,\"height\":1000},{\"@type\":\"BreadcrumbList\",\"@id\":\"https:\\\/\\\/dutchmicrodosing.com\\\/it\\\/negozio-di-salute\\\/cbd-e-integratori-alimentari\\\/premium-full-spectrum-oil-20-10-ml\\\/#breadcrumb\",\"itemListElement\":[{\"@type\":\"ListItem\",\"position\":1,\"name\":\"Home\",\"item\":\"https:\\\/\\\/dutchmicrodosing.com\\\/it\\\/\"},{\"@type\":\"ListItem\",\"position\":2,\"name\":\"Negozio\",\"item\":\"https:\\\/\\\/dutchmicrodosing.com\\\/it\\\/negozio\\\/\"},{\"@type\":\"ListItem\",\"position\":3,\"name\":\"Olio Premium a spettro completo 20% &#8211; 10 ML\"}]},{\"@type\":\"WebSite\",\"@id\":\"https:\\\/\\\/dutchmicrodosing.com\\\/it\\\/#website\",\"url\":\"https:\\\/\\\/dutchmicrodosing.com\\\/it\\\/\",\"name\":\"Dutchmicrodosing\",\"description\":\"\",\"publisher\":{\"@id\":\"https:\\\/\\\/dutchmicrodosing.com\\\/it\\\/#organization\"},\"potentialAction\":[{\"@type\":\"SearchAction\",\"target\":{\"@type\":\"EntryPoint\",\"urlTemplate\":\"https:\\\/\\\/dutchmicrodosing.com\\\/it\\\/?s={search_term_string}\"},\"query-input\":{\"@type\":\"PropertyValueSpecification\",\"valueRequired\":true,\"valueName\":\"search_term_string\"}}],\"inLanguage\":\"it-IT\"},{\"@type\":\"Organization\",\"@id\":\"https:\\\/\\\/dutchmicrodosing.com\\\/it\\\/#organization\",\"name\":\"Dutchmicrodosing\",\"url\":\"https:\\\/\\\/dutchmicrodosing.com\\\/it\\\/\",\"logo\":{\"@type\":\"ImageObject\",\"inLanguage\":\"it-IT\",\"@id\":\"https:\\\/\\\/dutchmicrodosing.com\\\/it\\\/#\\\/schema\\\/logo\\\/image\\\/\",\"url\":\"https:\\\/\\\/dutchmicrodosing.com\\\/wp-content\\\/uploads\\\/2021\\\/01\\\/microdosing-categorie-pic-nieuw.jpg\",\"contentUrl\":\"https:\\\/\\\/dutchmicrodosing.com\\\/wp-content\\\/uploads\\\/2021\\\/01\\\/microdosing-categorie-pic-nieuw.jpg\",\"width\":500,\"height\":500,\"caption\":\"Dutchmicrodosing\"},\"image\":{\"@id\":\"https:\\\/\\\/dutchmicrodosing.com\\\/it\\\/#\\\/schema\\\/logo\\\/image\\\/\"},\"sameAs\":[\"https:\\\/\\\/www.facebook.com\\\/Dutchmicrodosingxp\\\/\",\"https:\\\/\\\/www.instagram.com\\\/dutchmicrodosing\\\/\"]}]}<\/script>\n<meta property=\"product:price:amount\" content=\"34.95\" \/>\n<meta property=\"product:price:currency\" content=\"EUR\" \/>\n<meta property=\"og:availability\" content=\"instock\" \/>\n<meta property=\"product:availability\" content=\"instock\" \/>\n<meta property=\"product:retailer_item_id\" content=\"3211560\" \/>\n<meta property=\"product:condition\" content=\"new\" \/>\n<!-- \/ Yoast SEO Premium plugin. -->","yoast_head_json":{"title":"Olio Premium a spettro completo 20% - 10 ML - Dutchmicrodosing","description":"L'olio di CBD Full Spectrum 20% di alta qualit\u00e0 di Dr Candy \u00e8 un affascinante esempio di approccio all'avanguardia nel mondo dei prodotti a base di CBD.","robots":{"index":"index","follow":"follow","max-snippet":"max-snippet:-1","max-image-preview":"max-image-preview:large","max-video-preview":"max-video-preview:-1"},"canonical":"https:\/\/dutchmicrodosing.com\/it\/negozio-di-salute\/cbd-e-integratori-alimentari\/premium-full-spectrum-oil-20-10-ml\/","og_locale":"it_IT","og_type":"article","og_title":"Olio Premium a spettro completo 20% - 10 ML","og_description":"L'olio di CBD Full Spectrum 20% di alta qualit\u00e0 di Dr Candy \u00e8 un affascinante esempio di approccio all'avanguardia nel mondo dei prodotti a base di CBD.","og_url":"https:\/\/dutchmicrodosing.com\/it\/negozio-di-salute\/cbd-e-integratori-alimentari\/premium-full-spectrum-oil-20-10-ml\/","og_site_name":"Dutchmicrodosing","article_publisher":"https:\/\/www.facebook.com\/Dutchmicrodosingxp\/","article_modified_time":"2025-08-25T06:02:14+00:00","og_image":[{"width":1000,"height":1000,"url":"https:\/\/dutchmicrodosing.com\/wp-content\/uploads\/2023\/11\/Drcandy_Premium_20.jpg","type":"image\/jpeg"}],"twitter_card":"summary_large_image","schema":{"@context":"https:\/\/schema.org","@graph":[{"@type":"WebPage","@id":"https:\/\/dutchmicrodosing.com\/it\/negozio-di-salute\/cbd-e-integratori-alimentari\/premium-full-spectrum-oil-20-10-ml\/","url":"https:\/\/dutchmicrodosing.com\/it\/negozio-di-salute\/cbd-e-integratori-alimentari\/premium-full-spectrum-oil-20-10-ml\/","name":"Olio Premium a spettro completo 20% - 10 ML - Dutchmicrodosing","isPartOf":{"@id":"https:\/\/dutchmicrodosing.com\/it\/#website"},"primaryImageOfPage":{"@id":"https:\/\/dutchmicrodosing.com\/it\/negozio-di-salute\/cbd-e-integratori-alimentari\/premium-full-spectrum-oil-20-10-ml\/#primaryimage"},"image":{"@id":"https:\/\/dutchmicrodosing.com\/it\/negozio-di-salute\/cbd-e-integratori-alimentari\/premium-full-spectrum-oil-20-10-ml\/#primaryimage"},"thumbnailUrl":"https:\/\/dutchmicrodosing.com\/wp-content\/uploads\/2023\/11\/Drcandy_Premium_20.jpg","datePublished":"2023-11-10T13:08:15+00:00","dateModified":"2025-08-25T06:02:14+00:00","description":"L'olio di CBD Full Spectrum 20% di alta qualit\u00e0 di Dr Candy \u00e8 un affascinante esempio di approccio all'avanguardia nel mondo dei prodotti a base di CBD.","breadcrumb":{"@id":"https:\/\/dutchmicrodosing.com\/it\/negozio-di-salute\/cbd-e-integratori-alimentari\/premium-full-spectrum-oil-20-10-ml\/#breadcrumb"},"inLanguage":"it-IT","potentialAction":[{"@type":"ReadAction","target":["https:\/\/dutchmicrodosing.com\/it\/negozio-di-salute\/cbd-e-integratori-alimentari\/premium-full-spectrum-oil-20-10-ml\/"]}]},{"@type":"ImageObject","inLanguage":"it-IT","@id":"https:\/\/dutchmicrodosing.com\/it\/negozio-di-salute\/cbd-e-integratori-alimentari\/premium-full-spectrum-oil-20-10-ml\/#primaryimage","url":"https:\/\/dutchmicrodosing.com\/wp-content\/uploads\/2023\/11\/Drcandy_Premium_20.jpg","contentUrl":"https:\/\/dutchmicrodosing.com\/wp-content\/uploads\/2023\/11\/Drcandy_Premium_20.jpg","width":1000,"height":1000},{"@type":"BreadcrumbList","@id":"https:\/\/dutchmicrodosing.com\/it\/negozio-di-salute\/cbd-e-integratori-alimentari\/premium-full-spectrum-oil-20-10-ml\/#breadcrumb","itemListElement":[{"@type":"ListItem","position":1,"name":"Home","item":"https:\/\/dutchmicrodosing.com\/it\/"},{"@type":"ListItem","position":2,"name":"Negozio","item":"https:\/\/dutchmicrodosing.com\/it\/negozio\/"},{"@type":"ListItem","position":3,"name":"Olio Premium a spettro completo 20% &#8211; 10 ML"}]},{"@type":"WebSite","@id":"https:\/\/dutchmicrodosing.com\/it\/#website","url":"https:\/\/dutchmicrodosing.com\/it\/","name":"Dutchmicrodosing","description":"","publisher":{"@id":"https:\/\/dutchmicrodosing.com\/it\/#organization"},"potentialAction":[{"@type":"SearchAction","target":{"@type":"EntryPoint","urlTemplate":"https:\/\/dutchmicrodosing.com\/it\/?s={search_term_string}"},"query-input":{"@type":"PropertyValueSpecification","valueRequired":true,"valueName":"search_term_string"}}],"inLanguage":"it-IT"},{"@type":"Organization","@id":"https:\/\/dutchmicrodosing.com\/it\/#organization","name":"Dutchmicrodosing","url":"https:\/\/dutchmicrodosing.com\/it\/","logo":{"@type":"ImageObject","inLanguage":"it-IT","@id":"https:\/\/dutchmicrodosing.com\/it\/#\/schema\/logo\/image\/","url":"https:\/\/dutchmicrodosing.com\/wp-content\/uploads\/2021\/01\/microdosing-categorie-pic-nieuw.jpg","contentUrl":"https:\/\/dutchmicrodosing.com\/wp-content\/uploads\/2021\/01\/microdosing-categorie-pic-nieuw.jpg","width":500,"height":500,"caption":"Dutchmicrodosing"},"image":{"@id":"https:\/\/dutchmicrodosing.com\/it\/#\/schema\/logo\/image\/"},"sameAs":["https:\/\/www.facebook.com\/Dutchmicrodosingxp\/","https:\/\/www.instagram.com\/dutchmicrodosing\/"]}]},"product_price_amount":"34.95","product_price_currency":"EUR","og_availability":"instock","product_availability":"instock","product_retailer_item_id":"3211560","product_condition":"new"},"_links":{"self":[{"href":"https:\/\/dutchmicrodosing.com\/it\/wp-json\/wp\/v2\/product\/33203","targetHints":{"allow":["GET"]}}],"collection":[{"href":"https:\/\/dutchmicrodosing.com\/it\/wp-json\/wp\/v2\/product"}],"about":[{"href":"https:\/\/dutchmicrodosing.com\/it\/wp-json\/wp\/v2\/types\/product"}],"replies":[{"embeddable":true,"href":"https:\/\/dutchmicrodosing.com\/it\/wp-json\/wp\/v2\/comments?post=33203"}],"version-history":[{"count":0,"href":"https:\/\/dutchmicrodosing.com\/it\/wp-json\/wp\/v2\/product\/33203\/revisions"}],"wp:featuredmedia":[{"embeddable":true,"href":"https:\/\/dutchmicrodosing.com\/it\/wp-json\/wp\/v2\/media\/37548"}],"wp:attachment":[{"href":"https:\/\/dutchmicrodosing.com\/it\/wp-json\/wp\/v2\/media?parent=33203"}],"wp:term":[{"taxonomy":"product_brand","embeddable":true,"href":"https:\/\/dutchmicrodosing.com\/it\/wp-json\/wp\/v2\/product_brand?post=33203"},{"taxonomy":"product_cat","embeddable":true,"href":"https:\/\/dutchmicrodosing.com\/it\/wp-json\/wp\/v2\/product_cat?post=33203"},{"taxonomy":"product_tag","embeddable":true,"href":"https:\/\/dutchmicrodosing.com\/it\/wp-json\/wp\/v2\/product_tag?post=33203"}],"curies":[{"name":"wp","href":"https:\/\/api.w.org\/{rel}","templated":true}]}}