{"id":33254,"date":"2023-12-13T11:34:18","date_gmt":"2023-12-13T10:34:18","guid":{"rendered":"https:\/\/dutchmicrodosing.com\/shop\/senza-categoria\/funghi-zuccherini-25-gr\/"},"modified":"2026-02-03T16:42:37","modified_gmt":"2026-02-03T15:42:37","slug":"funghi-zuccherini-25-gr","status":"publish","type":"product","link":"https:\/\/dutchmicrodosing.com\/it\/tartufi-di-psilocibina\/tartufi-magici\/funghi-zuccherini-25-gr\/","title":{"rendered":"Funghi zuccherini 25 Gr"},"content":{"rendered":"<p>Benvenuti a <strong>SugaShrooms<\/strong> &#8220;Psilocybe Amanitea&#8221;, un mondo misterioso e seducente dove ogni tartufo magico apre la porta a un&#8217;avventura senza precedenti. Entrate in un paesaggio dove i colori vibranti danzano davanti ai vostri occhi e ogni tonalit\u00e0 racconta la sua storia. Nel mondo dei funghi SugaShrooms &#8220;Psilocybe Amanitea&#8221;, i vostri sensi si risvegliano e si acuiscono, permettendovi di sperimentare una realt\u00e0 pi\u00f9 ricca e intensa di qualsiasi altra conosciuta prima.<\/p>\n<h2>Cosa rende magici i tartufi Sugashrooms?<\/h2>\n<p>I tartufi SugaShrooms sono tartufi magici grazie al principio attivo della psilocibina. Questo provoca le allucinazioni visive e le visioni che si hanno dopo aver mangiato i tartufi magici. La psilocibina \u00e8 molto popolare per questo motivo, rendendo i tartufi sugashrooms uno dei tartufi magici pi\u00f9 popolari nei Paesi Bassi.<\/p>\n<h2>Come si usano i tartufi SugaShrooms?<\/h2>\n<p>Il consumo di tartufi ai funghi zuccherini deve avvenire preferibilmente per gradi. Soprattutto quando lo si usa per la prima volta. Pertanto, per testare la vostra reazione, assumete prima una mezza dose di tartufi. Si noter\u00e0 che dopo circa 45 minuti il principio attivo psilocina far\u00e0 effetto. A quel punto, si decide anche se si vogliono mangiare altri tartufi o se questo \u00e8 sufficiente per un forte viaggio visivo. Scegliete di utilizzare i tartufi in un ambiente tranquillo e familiare. Consigliamo di avere sempre un trip sitter nelle vicinanze. I tartufi funzionano meglio a stomaco vuoto. Per garantire effetti ottimali, masticare bene e a lungo i tartufi sugashrooms prima di ingerirli. Si pu\u00f2 anche scegliere di farne del t\u00e8. Per farlo, mettere i tartufi tritati in acqua calda (65 gradi) per 20 minuti e lasciarli in infusione.<\/p>\n<h2>Consigli per la conservazione dei tartufi SugaShrooms<\/h2>\n<p>Se si conservano i tartufi Sugashrooms al fresco e all&#8217;asciutto, spesso \u00e8 possibile conservarli per almeno un altro mese. La temperatura ideale \u00e8 compresa tra i 2 e i 4 gradi centigradi. Assicuratevi di controllare la data di scadenza riportata sulla confezione per vedere quanto tempo si conservano. Tenere il prodotto fuori dalla portata dei bambini.<\/p>\n<h2>Contenuto Funghi Sugheri<\/h2>\n<p>McSmart Funghi Sugheri &#8211; 25 grammi<\/p>\n<h2>Acquista i tuoi tartufi online su Dutchmicrodosing<\/h2>\n<p>Questi tartufi magici sono disponibili presso di noi online. Quando lo ordinate, lo riceverete in modo ordinato e veloce a casa vostra. Da noi potete acquistare i sugashroom in scatole da 25 grammi di tartufi magici. Tutti i tartufi che forniamo sono freschi e consegnati sottovuoto.<\/p>\n<h3>Avviso sul prodotto<\/h3>\n<ul>\n<li>Non utilizzate i tartufi ai funghi se siete di cattivo umore, depressi, psicotici o comunque mentalmente disturbati. I tartufi magici non sono adatti ai minori o alle donne in gravidanza, n\u00e9 \u00e8 saggio guidare o azionare macchinari pesanti sotto l&#8217;effetto della psilocibina.<\/li>\n<li>I tartufi ai funghi non devono mai essere utilizzati in combinazione con alcol o altre droghe (prescritte o illegali). Iniziate con una piccola dose e assicuratevi di essere a vostro agio con la compagnia e l&#8217;ambiente circostante.<\/li>\n<li>Tutti i nostri tartufi al fungo magico sono confezionati al momento. Si consiglia di conservarli in frigorifero. Non aperti, si possono conservare in frigorifero per circa 2 mesi. Una volta aperto, tuttavia, il tartufo pu\u00f2 essere conservato solo per pochi giorni.<\/li>\n<\/ul>\n<h2>I Magic Truffles contengono i seguenti valori nutrizionali per 100 grammi:<\/h2>\n<ul>\n<li>Energia 464,7 kJ<\/li>\n<li>Energia 110,5 kcal<\/li>\n<li>Carboidrati 13,2 grammi<\/li>\n<li>Proteine 5,3 grammi<\/li>\n<li>Grassi 0,4 grammi<\/li>\n<li>Fibra alimentare 16,7 grammi<\/li>\n<li>Sale (NaCl) 0,3 grammi<\/li>\n<li>Vitamina D 10,0 UI<\/li>\n<li>Sodio (Na) 13,6 mg<\/li>\n<li>Fosforo (P) 169,3 mg<\/li>\n<li>Potassio (K) 210,0 mg<\/li>\n<li>Calcio (Ca) 12,5 mg<\/li>\n<li>Ferro (F) 0,7 mg<\/li>\n<\/ul>\n","protected":false},"excerpt":{"rendered":"<p>Benvenuti a SugaShrooms &#8220;Psilocybe Amanitea&#8221;, un mondo misterioso e seducente dove ogni tartufo magico apre la porta a un&#8217;avventura senza precedenti. Entrate in un paesaggio dove i colori vibranti danzano davanti ai vostri occhi e ogni tonalit\u00e0 racconta la sua storia. Nel mondo dei funghi SugaShrooms &#8220;Psilocybe Amanitea&#8221;, i vostri sensi si risvegliano e si [&hellip;]<\/p>\n","protected":false},"featured_media":33249,"comment_status":"closed","ping_status":"closed","template":"","meta":[],"product_brand":[],"product_cat":[203],"product_tag":[],"class_list":{"0":"post-33254","1":"product","2":"type-product","3":"status-publish","4":"has-post-thumbnail","6":"product_cat-tartufi-magici","8":"first","9":"instock","10":"taxable","11":"shipping-taxable","12":"purchasable","13":"product-type-simple"},"yoast_head":"<!-- This site is optimized with the Yoast SEO Premium plugin v26.4 (Yoast SEO v27.2) - https:\/\/yoast.com\/product\/yoast-seo-premium-wordpress\/ -->\n<title>Funghi zuccherini 25 Gr - Dutchmicrodosing<\/title>\n<meta name=\"description\" content=\"Benvenuti a SugaShrooms &quot;Psilocybe Amanitea&quot;, un mondo misterioso e seducente dove ogni tartufo magico apre la porta a un&#039;avventura senza precedenti....\" \/>\n<meta name=\"robots\" content=\"index, follow, max-snippet:-1, max-image-preview:large, max-video-preview:-1\" \/>\n<link rel=\"canonical\" href=\"https:\/\/dutchmicrodosing.com\/it\/tartufi-di-psilocibina\/tartufi-magici\/funghi-zuccherini-25-gr\/\" \/>\n<meta property=\"og:locale\" content=\"it_IT\" \/>\n<meta property=\"og:type\" content=\"article\" \/>\n<meta property=\"og:title\" content=\"Funghi zuccherini 25 Gr\" \/>\n<meta property=\"og:description\" content=\"Benvenuti a SugaShrooms &quot;Psilocybe Amanitea&quot;, un mondo misterioso e seducente dove ogni tartufo magico apre la porta a un&#039;avventura senza precedenti.\" \/>\n<meta property=\"og:url\" content=\"https:\/\/dutchmicrodosing.com\/it\/tartufi-di-psilocibina\/tartufi-magici\/funghi-zuccherini-25-gr\/\" \/>\n<meta property=\"og:site_name\" content=\"Dutchmicrodosing\" \/>\n<meta property=\"article:publisher\" content=\"https:\/\/www.facebook.com\/Dutchmicrodosingxp\/\" \/>\n<meta property=\"article:modified_time\" content=\"2026-02-03T15:42:37+00:00\" \/>\n<meta property=\"og:image\" content=\"https:\/\/dutchmicrodosing.com\/wp-content\/uploads\/2023\/12\/Sugashrooms_01.jpg\" \/>\n\t<meta property=\"og:image:width\" content=\"1000\" \/>\n\t<meta property=\"og:image:height\" content=\"1000\" \/>\n\t<meta property=\"og:image:type\" content=\"image\/jpeg\" \/>\n<meta name=\"twitter:card\" content=\"summary_large_image\" \/>\n<script type=\"application\/ld+json\" class=\"yoast-schema-graph\">{\"@context\":\"https:\/\/schema.org\",\"@graph\":[{\"@type\":\"WebPage\",\"@id\":\"https:\/\/dutchmicrodosing.com\/it\/tartufi-di-psilocibina\/tartufi-magici\/funghi-zuccherini-25-gr\/\",\"url\":\"https:\/\/dutchmicrodosing.com\/it\/tartufi-di-psilocibina\/tartufi-magici\/funghi-zuccherini-25-gr\/\",\"name\":\"Funghi zuccherini 25 Gr - Dutchmicrodosing\",\"isPartOf\":{\"@id\":\"https:\/\/dutchmicrodosing.com\/it\/#website\"},\"primaryImageOfPage\":{\"@id\":\"https:\/\/dutchmicrodosing.com\/it\/tartufi-di-psilocibina\/tartufi-magici\/funghi-zuccherini-25-gr\/#primaryimage\"},\"image\":{\"@id\":\"https:\/\/dutchmicrodosing.com\/it\/tartufi-di-psilocibina\/tartufi-magici\/funghi-zuccherini-25-gr\/#primaryimage\"},\"thumbnailUrl\":\"https:\/\/dutchmicrodosing.com\/wp-content\/uploads\/2023\/12\/Sugashrooms_01.jpg\",\"datePublished\":\"2023-12-13T10:34:18+00:00\",\"dateModified\":\"2026-02-03T15:42:37+00:00\",\"description\":\"Benvenuti a SugaShrooms \\\"Psilocybe Amanitea\\\", un mondo misterioso e seducente dove ogni tartufo magico apre la porta a un'avventura senza precedenti....\",\"breadcrumb\":{\"@id\":\"https:\/\/dutchmicrodosing.com\/it\/tartufi-di-psilocibina\/tartufi-magici\/funghi-zuccherini-25-gr\/#breadcrumb\"},\"inLanguage\":\"it-IT\",\"potentialAction\":[{\"@type\":\"ReadAction\",\"target\":[\"https:\/\/dutchmicrodosing.com\/it\/tartufi-di-psilocibina\/tartufi-magici\/funghi-zuccherini-25-gr\/\"]}]},{\"@type\":\"ImageObject\",\"inLanguage\":\"it-IT\",\"@id\":\"https:\/\/dutchmicrodosing.com\/it\/tartufi-di-psilocibina\/tartufi-magici\/funghi-zuccherini-25-gr\/#primaryimage\",\"url\":\"https:\/\/dutchmicrodosing.com\/wp-content\/uploads\/2023\/12\/Sugashrooms_01.jpg\",\"contentUrl\":\"https:\/\/dutchmicrodosing.com\/wp-content\/uploads\/2023\/12\/Sugashrooms_01.jpg\",\"width\":1000,\"height\":1000},{\"@type\":\"BreadcrumbList\",\"@id\":\"https:\/\/dutchmicrodosing.com\/it\/tartufi-di-psilocibina\/tartufi-magici\/funghi-zuccherini-25-gr\/#breadcrumb\",\"itemListElement\":[{\"@type\":\"ListItem\",\"position\":1,\"name\":\"Home\",\"item\":\"https:\/\/dutchmicrodosing.com\/it\/\"},{\"@type\":\"ListItem\",\"position\":2,\"name\":\"Negozio\",\"item\":\"https:\/\/dutchmicrodosing.com\/it\/negozio\/\"},{\"@type\":\"ListItem\",\"position\":3,\"name\":\"Funghi zuccherini 25 Gr\"}]},{\"@type\":\"WebSite\",\"@id\":\"https:\/\/dutchmicrodosing.com\/it\/#website\",\"url\":\"https:\/\/dutchmicrodosing.com\/it\/\",\"name\":\"Dutchmicrodosing\",\"description\":\"\",\"publisher\":{\"@id\":\"https:\/\/dutchmicrodosing.com\/it\/#organization\"},\"potentialAction\":[{\"@type\":\"SearchAction\",\"target\":{\"@type\":\"EntryPoint\",\"urlTemplate\":\"https:\/\/dutchmicrodosing.com\/it\/?s={search_term_string}\"},\"query-input\":{\"@type\":\"PropertyValueSpecification\",\"valueRequired\":true,\"valueName\":\"search_term_string\"}}],\"inLanguage\":\"it-IT\"},{\"@type\":\"Organization\",\"@id\":\"https:\/\/dutchmicrodosing.com\/it\/#organization\",\"name\":\"Dutchmicrodosing\",\"url\":\"https:\/\/dutchmicrodosing.com\/it\/\",\"logo\":{\"@type\":\"ImageObject\",\"inLanguage\":\"it-IT\",\"@id\":\"https:\/\/dutchmicrodosing.com\/it\/#\/schema\/logo\/image\/\",\"url\":\"https:\/\/dutchmicrodosing.com\/wp-content\/uploads\/2021\/01\/microdosing-categorie-pic-nieuw.jpg\",\"contentUrl\":\"https:\/\/dutchmicrodosing.com\/wp-content\/uploads\/2021\/01\/microdosing-categorie-pic-nieuw.jpg\",\"width\":500,\"height\":500,\"caption\":\"Dutchmicrodosing\"},\"image\":{\"@id\":\"https:\/\/dutchmicrodosing.com\/it\/#\/schema\/logo\/image\/\"},\"sameAs\":[\"https:\/\/www.facebook.com\/Dutchmicrodosingxp\/\",\"https:\/\/www.instagram.com\/dutchmicrodosing\/\"]}]}<\/script>\n<meta property=\"product:price:amount\" content=\"19.95\" \/>\n<meta property=\"product:price:currency\" content=\"EUR\" \/>\n<meta property=\"og:availability\" content=\"instock\" \/>\n<meta property=\"product:availability\" content=\"instock\" \/>\n<meta property=\"product:retailer_item_id\" content=\"3212466\" \/>\n<meta property=\"product:condition\" content=\"new\" \/>\n<!-- \/ Yoast SEO Premium plugin. -->","yoast_head_json":{"title":"Funghi zuccherini 25 Gr - Dutchmicrodosing","description":"Benvenuti a SugaShrooms \"Psilocybe Amanitea\", un mondo misterioso e seducente dove ogni tartufo magico apre la porta a un'avventura senza precedenti....","robots":{"index":"index","follow":"follow","max-snippet":"max-snippet:-1","max-image-preview":"max-image-preview:large","max-video-preview":"max-video-preview:-1"},"canonical":"https:\/\/dutchmicrodosing.com\/it\/tartufi-di-psilocibina\/tartufi-magici\/funghi-zuccherini-25-gr\/","og_locale":"it_IT","og_type":"article","og_title":"Funghi zuccherini 25 Gr","og_description":"Benvenuti a SugaShrooms \"Psilocybe Amanitea\", un mondo misterioso e seducente dove ogni tartufo magico apre la porta a un'avventura senza precedenti.","og_url":"https:\/\/dutchmicrodosing.com\/it\/tartufi-di-psilocibina\/tartufi-magici\/funghi-zuccherini-25-gr\/","og_site_name":"Dutchmicrodosing","article_publisher":"https:\/\/www.facebook.com\/Dutchmicrodosingxp\/","article_modified_time":"2026-02-03T15:42:37+00:00","og_image":[{"width":1000,"height":1000,"url":"https:\/\/dutchmicrodosing.com\/wp-content\/uploads\/2023\/12\/Sugashrooms_01.jpg","type":"image\/jpeg"}],"twitter_card":"summary_large_image","schema":{"@context":"https:\/\/schema.org","@graph":[{"@type":"WebPage","@id":"https:\/\/dutchmicrodosing.com\/it\/tartufi-di-psilocibina\/tartufi-magici\/funghi-zuccherini-25-gr\/","url":"https:\/\/dutchmicrodosing.com\/it\/tartufi-di-psilocibina\/tartufi-magici\/funghi-zuccherini-25-gr\/","name":"Funghi zuccherini 25 Gr - Dutchmicrodosing","isPartOf":{"@id":"https:\/\/dutchmicrodosing.com\/it\/#website"},"primaryImageOfPage":{"@id":"https:\/\/dutchmicrodosing.com\/it\/tartufi-di-psilocibina\/tartufi-magici\/funghi-zuccherini-25-gr\/#primaryimage"},"image":{"@id":"https:\/\/dutchmicrodosing.com\/it\/tartufi-di-psilocibina\/tartufi-magici\/funghi-zuccherini-25-gr\/#primaryimage"},"thumbnailUrl":"https:\/\/dutchmicrodosing.com\/wp-content\/uploads\/2023\/12\/Sugashrooms_01.jpg","datePublished":"2023-12-13T10:34:18+00:00","dateModified":"2026-02-03T15:42:37+00:00","description":"Benvenuti a SugaShrooms \"Psilocybe Amanitea\", un mondo misterioso e seducente dove ogni tartufo magico apre la porta a un'avventura senza precedenti....","breadcrumb":{"@id":"https:\/\/dutchmicrodosing.com\/it\/tartufi-di-psilocibina\/tartufi-magici\/funghi-zuccherini-25-gr\/#breadcrumb"},"inLanguage":"it-IT","potentialAction":[{"@type":"ReadAction","target":["https:\/\/dutchmicrodosing.com\/it\/tartufi-di-psilocibina\/tartufi-magici\/funghi-zuccherini-25-gr\/"]}]},{"@type":"ImageObject","inLanguage":"it-IT","@id":"https:\/\/dutchmicrodosing.com\/it\/tartufi-di-psilocibina\/tartufi-magici\/funghi-zuccherini-25-gr\/#primaryimage","url":"https:\/\/dutchmicrodosing.com\/wp-content\/uploads\/2023\/12\/Sugashrooms_01.jpg","contentUrl":"https:\/\/dutchmicrodosing.com\/wp-content\/uploads\/2023\/12\/Sugashrooms_01.jpg","width":1000,"height":1000},{"@type":"BreadcrumbList","@id":"https:\/\/dutchmicrodosing.com\/it\/tartufi-di-psilocibina\/tartufi-magici\/funghi-zuccherini-25-gr\/#breadcrumb","itemListElement":[{"@type":"ListItem","position":1,"name":"Home","item":"https:\/\/dutchmicrodosing.com\/it\/"},{"@type":"ListItem","position":2,"name":"Negozio","item":"https:\/\/dutchmicrodosing.com\/it\/negozio\/"},{"@type":"ListItem","position":3,"name":"Funghi zuccherini 25 Gr"}]},{"@type":"WebSite","@id":"https:\/\/dutchmicrodosing.com\/it\/#website","url":"https:\/\/dutchmicrodosing.com\/it\/","name":"Dutchmicrodosing","description":"","publisher":{"@id":"https:\/\/dutchmicrodosing.com\/it\/#organization"},"potentialAction":[{"@type":"SearchAction","target":{"@type":"EntryPoint","urlTemplate":"https:\/\/dutchmicrodosing.com\/it\/?s={search_term_string}"},"query-input":{"@type":"PropertyValueSpecification","valueRequired":true,"valueName":"search_term_string"}}],"inLanguage":"it-IT"},{"@type":"Organization","@id":"https:\/\/dutchmicrodosing.com\/it\/#organization","name":"Dutchmicrodosing","url":"https:\/\/dutchmicrodosing.com\/it\/","logo":{"@type":"ImageObject","inLanguage":"it-IT","@id":"https:\/\/dutchmicrodosing.com\/it\/#\/schema\/logo\/image\/","url":"https:\/\/dutchmicrodosing.com\/wp-content\/uploads\/2021\/01\/microdosing-categorie-pic-nieuw.jpg","contentUrl":"https:\/\/dutchmicrodosing.com\/wp-content\/uploads\/2021\/01\/microdosing-categorie-pic-nieuw.jpg","width":500,"height":500,"caption":"Dutchmicrodosing"},"image":{"@id":"https:\/\/dutchmicrodosing.com\/it\/#\/schema\/logo\/image\/"},"sameAs":["https:\/\/www.facebook.com\/Dutchmicrodosingxp\/","https:\/\/www.instagram.com\/dutchmicrodosing\/"]}]},"product_price_amount":"19.95","product_price_currency":"EUR","og_availability":"instock","product_availability":"instock","product_retailer_item_id":"3212466","product_condition":"new"},"_links":{"self":[{"href":"https:\/\/dutchmicrodosing.com\/it\/wp-json\/wp\/v2\/product\/33254","targetHints":{"allow":["GET"]}}],"collection":[{"href":"https:\/\/dutchmicrodosing.com\/it\/wp-json\/wp\/v2\/product"}],"about":[{"href":"https:\/\/dutchmicrodosing.com\/it\/wp-json\/wp\/v2\/types\/product"}],"replies":[{"embeddable":true,"href":"https:\/\/dutchmicrodosing.com\/it\/wp-json\/wp\/v2\/comments?post=33254"}],"version-history":[{"count":1,"href":"https:\/\/dutchmicrodosing.com\/it\/wp-json\/wp\/v2\/product\/33254\/revisions"}],"predecessor-version":[{"id":64299,"href":"https:\/\/dutchmicrodosing.com\/it\/wp-json\/wp\/v2\/product\/33254\/revisions\/64299"}],"wp:featuredmedia":[{"embeddable":true,"href":"https:\/\/dutchmicrodosing.com\/it\/wp-json\/wp\/v2\/media\/33249"}],"wp:attachment":[{"href":"https:\/\/dutchmicrodosing.com\/it\/wp-json\/wp\/v2\/media?parent=33254"}],"wp:term":[{"taxonomy":"product_brand","embeddable":true,"href":"https:\/\/dutchmicrodosing.com\/it\/wp-json\/wp\/v2\/product_brand?post=33254"},{"taxonomy":"product_cat","embeddable":true,"href":"https:\/\/dutchmicrodosing.com\/it\/wp-json\/wp\/v2\/product_cat?post=33254"},{"taxonomy":"product_tag","embeddable":true,"href":"https:\/\/dutchmicrodosing.com\/it\/wp-json\/wp\/v2\/product_tag?post=33254"}],"curies":[{"name":"wp","href":"https:\/\/api.w.org\/{rel}","templated":true}]}}