{"id":34032,"date":"2024-01-13T15:08:59","date_gmt":"2024-01-13T14:08:59","guid":{"rendered":"https:\/\/dutchmicrodosing.com\/shop\/senza-categoria\/valeriana-indiana-elementi-capsule\/"},"modified":"2025-08-22T11:57:40","modified_gmt":"2025-08-22T09:57:40","slug":"valeriana-indiana-elementi-capsule","status":"publish","type":"product","link":"https:\/\/dutchmicrodosing.com\/it\/negozio-di-salute\/integratori-per-il-sonno\/valeriana-indiana-elementi-capsule\/","title":{"rendered":"Elementi indiani di valeriana &#8211; Capsule"},"content":{"rendered":"<p>La <strong>valeriana<\/strong> \u00e8 un&#8217;erba con una ricca storia e propriet\u00e0 terapeutiche versatili. Il nome deriva dal latino &#8220;valere&#8221;, che significa &#8220;essere sano&#8221;. Questo indica gi\u00e0 da quanto tempo l&#8217;erba \u00e8 apprezzata per le sue qualit\u00e0 salutari. Fin dal periodo anglosassone, la valeriana \u00e8 stata utilizzata per calmare il sistema nervoso, soprattutto in caso di sovrastimolazione. Gli Inca applicavano la valeriana anche negli oli da massaggio, a dimostrazione della sua versatilit\u00e0.<\/p>\n<p>La radice della pianta di valeriana \u00e8 nota per i suoi effetti calmanti. \u00c8 particolarmente nota per la sua capacit\u00e0 di favorire il sonno e di calmare il sistema nervoso centrale. Per questo la valeriana \u00e8 particolarmente indicata nei periodi di stress o di forte tensione. \u00c8 una scelta naturale per chi soffre di patologie come l&#8217;ADHD o per chi \u00e8 sempre in movimento e ha difficolt\u00e0 a rilassarsi.<\/p>\n<p>Un aspetto importante della valeriana \u00e8 che non crea dipendenza, un vantaggio significativo rispetto ad alcuni sonniferi o sedativi farmaceutici. Oltre a favorire il sonno e il rilassamento, la valeriana ha anche altre propriet\u00e0 medicinali. Ad esempio, viene utilizzato per alleviare il mal di testa, l&#8217;ansia, il nervosismo e persino la pressione alta.<\/p>\n<h3>Ingredienti<\/h3>\n<p>Valeriana (Valeriana officinalis)<\/p>\n<h3>Effetti<\/h3>\n<ul>\n<li>rilassante<\/li>\n<li>calmante<\/li>\n<li>effetto calmante sul sistema nervoso centrale<\/li>\n<li>migliora l&#8217;umore e aiuta ad addormentarsi pi\u00f9 velocemente<\/li>\n<li>A dosi elevate, d\u00e0 la sensazione di &#8220;galleggiare sull&#8217;aria&#8221;.<\/li>\n<\/ul>\n<h3>Utilizzo<\/h3>\n<p>Assumere 1 capsula al giorno.<\/p>\n<h3>Consigli per lo stoccaggio<\/h3>\n<p>Conservare il prodotto in un luogo buio e fresco, come un armadio da cucina, e fuori dalla portata dei bambini.<\/p>\n<h3>Contenuto<\/h3>\n<p>Elementi indiani di valeriana &#8211; 60 capsule<\/p>\n<h3>Avvertenze<\/h3>\n<p>Non associare agli inibitori delle MAO!<\/p>\n","protected":false},"excerpt":{"rendered":"<p>La valeriana \u00e8 un&#8217;erba con una ricca storia e propriet\u00e0 terapeutiche versatili. Il nome deriva dal latino &#8220;valere&#8221;, che significa &#8220;essere sano&#8221;. Questo indica gi\u00e0 da quanto tempo l&#8217;erba \u00e8 apprezzata per le sue qualit\u00e0 salutari. Fin dal periodo anglosassone, la valeriana \u00e8 stata utilizzata per calmare il sistema nervoso, soprattutto in caso di sovrastimolazione. [&hellip;]<\/p>\n","protected":false},"featured_media":34018,"comment_status":"closed","ping_status":"closed","template":"","meta":[],"product_brand":[],"product_cat":[302],"product_tag":[],"class_list":{"0":"post-34032","1":"product","2":"type-product","3":"status-publish","4":"has-post-thumbnail","6":"product_cat-integratori-per-il-sonno","8":"first","9":"instock","10":"taxable","11":"shipping-taxable","12":"purchasable","13":"product-type-simple"},"yoast_head":"<!-- This site is optimized with the Yoast SEO Premium plugin v26.4 (Yoast SEO v27.2) - https:\/\/yoast.com\/product\/yoast-seo-premium-wordpress\/ -->\n<title>Elementi indiani di valeriana - Capsule - Dutchmicrodosing<\/title>\n<meta name=\"robots\" content=\"index, follow, max-snippet:-1, max-image-preview:large, max-video-preview:-1\" \/>\n<link rel=\"canonical\" href=\"https:\/\/dutchmicrodosing.com\/it\/negozio-di-salute\/integratori-per-il-sonno\/valeriana-indiana-elementi-capsule\/\" \/>\n<meta property=\"og:locale\" content=\"it_IT\" \/>\n<meta property=\"og:type\" content=\"article\" \/>\n<meta property=\"og:title\" content=\"Elementi indiani di valeriana - Capsule\" \/>\n<meta property=\"og:description\" content=\"La valeriana \u00e8 un&#039;erba con una ricca storia e propriet\u00e0 terapeutiche versatili. Il nome deriva dal latino &quot;valere&quot;, che significa &quot;essere sano&quot;. Questo\" \/>\n<meta property=\"og:url\" content=\"https:\/\/dutchmicrodosing.com\/it\/negozio-di-salute\/integratori-per-il-sonno\/valeriana-indiana-elementi-capsule\/\" \/>\n<meta property=\"og:site_name\" content=\"Dutchmicrodosing\" \/>\n<meta property=\"article:publisher\" content=\"https:\/\/www.facebook.com\/Dutchmicrodosingxp\/\" \/>\n<meta property=\"article:modified_time\" content=\"2025-08-22T09:57:40+00:00\" \/>\n<meta property=\"og:image\" content=\"https:\/\/dutchmicrodosing.com\/wp-content\/uploads\/2024\/01\/\u2705-Indian-Elements-Valerian-smartific-8718274711912-002-390x390-1.jpg\" \/>\n\t<meta property=\"og:image:width\" content=\"390\" \/>\n\t<meta property=\"og:image:height\" content=\"390\" \/>\n\t<meta property=\"og:image:type\" content=\"image\/jpeg\" \/>\n<meta name=\"twitter:card\" content=\"summary_large_image\" \/>\n<script type=\"application\/ld+json\" class=\"yoast-schema-graph\">{\"@context\":\"https:\/\/schema.org\",\"@graph\":[{\"@type\":\"WebPage\",\"@id\":\"https:\/\/dutchmicrodosing.com\/it\/negozio-di-salute\/integratori-per-il-sonno\/valeriana-indiana-elementi-capsule\/\",\"url\":\"https:\/\/dutchmicrodosing.com\/it\/negozio-di-salute\/integratori-per-il-sonno\/valeriana-indiana-elementi-capsule\/\",\"name\":\"Elementi indiani di valeriana - Capsule - Dutchmicrodosing\",\"isPartOf\":{\"@id\":\"https:\/\/dutchmicrodosing.com\/it\/#website\"},\"primaryImageOfPage\":{\"@id\":\"https:\/\/dutchmicrodosing.com\/it\/negozio-di-salute\/integratori-per-il-sonno\/valeriana-indiana-elementi-capsule\/#primaryimage\"},\"image\":{\"@id\":\"https:\/\/dutchmicrodosing.com\/it\/negozio-di-salute\/integratori-per-il-sonno\/valeriana-indiana-elementi-capsule\/#primaryimage\"},\"thumbnailUrl\":\"https:\/\/dutchmicrodosing.com\/wp-content\/uploads\/2024\/01\/\u2705-Indian-Elements-Valerian-smartific-8718274711912-002-390x390-1.jpg\",\"datePublished\":\"2024-01-13T14:08:59+00:00\",\"dateModified\":\"2025-08-22T09:57:40+00:00\",\"breadcrumb\":{\"@id\":\"https:\/\/dutchmicrodosing.com\/it\/negozio-di-salute\/integratori-per-il-sonno\/valeriana-indiana-elementi-capsule\/#breadcrumb\"},\"inLanguage\":\"it-IT\",\"potentialAction\":[{\"@type\":\"ReadAction\",\"target\":[\"https:\/\/dutchmicrodosing.com\/it\/negozio-di-salute\/integratori-per-il-sonno\/valeriana-indiana-elementi-capsule\/\"]}]},{\"@type\":\"ImageObject\",\"inLanguage\":\"it-IT\",\"@id\":\"https:\/\/dutchmicrodosing.com\/it\/negozio-di-salute\/integratori-per-il-sonno\/valeriana-indiana-elementi-capsule\/#primaryimage\",\"url\":\"https:\/\/dutchmicrodosing.com\/wp-content\/uploads\/2024\/01\/\u2705-Indian-Elements-Valerian-smartific-8718274711912-002-390x390-1.jpg\",\"contentUrl\":\"https:\/\/dutchmicrodosing.com\/wp-content\/uploads\/2024\/01\/\u2705-Indian-Elements-Valerian-smartific-8718274711912-002-390x390-1.jpg\",\"width\":390,\"height\":390},{\"@type\":\"BreadcrumbList\",\"@id\":\"https:\/\/dutchmicrodosing.com\/it\/negozio-di-salute\/integratori-per-il-sonno\/valeriana-indiana-elementi-capsule\/#breadcrumb\",\"itemListElement\":[{\"@type\":\"ListItem\",\"position\":1,\"name\":\"Home\",\"item\":\"https:\/\/dutchmicrodosing.com\/it\/\"},{\"@type\":\"ListItem\",\"position\":2,\"name\":\"Negozio\",\"item\":\"https:\/\/dutchmicrodosing.com\/it\/negozio\/\"},{\"@type\":\"ListItem\",\"position\":3,\"name\":\"Elementi indiani di valeriana &#8211; Capsule\"}]},{\"@type\":\"WebSite\",\"@id\":\"https:\/\/dutchmicrodosing.com\/it\/#website\",\"url\":\"https:\/\/dutchmicrodosing.com\/it\/\",\"name\":\"Dutchmicrodosing\",\"description\":\"\",\"publisher\":{\"@id\":\"https:\/\/dutchmicrodosing.com\/it\/#organization\"},\"potentialAction\":[{\"@type\":\"SearchAction\",\"target\":{\"@type\":\"EntryPoint\",\"urlTemplate\":\"https:\/\/dutchmicrodosing.com\/it\/?s={search_term_string}\"},\"query-input\":{\"@type\":\"PropertyValueSpecification\",\"valueRequired\":true,\"valueName\":\"search_term_string\"}}],\"inLanguage\":\"it-IT\"},{\"@type\":\"Organization\",\"@id\":\"https:\/\/dutchmicrodosing.com\/it\/#organization\",\"name\":\"Dutchmicrodosing\",\"url\":\"https:\/\/dutchmicrodosing.com\/it\/\",\"logo\":{\"@type\":\"ImageObject\",\"inLanguage\":\"it-IT\",\"@id\":\"https:\/\/dutchmicrodosing.com\/it\/#\/schema\/logo\/image\/\",\"url\":\"https:\/\/dutchmicrodosing.com\/wp-content\/uploads\/2021\/01\/microdosing-categorie-pic-nieuw.jpg\",\"contentUrl\":\"https:\/\/dutchmicrodosing.com\/wp-content\/uploads\/2021\/01\/microdosing-categorie-pic-nieuw.jpg\",\"width\":500,\"height\":500,\"caption\":\"Dutchmicrodosing\"},\"image\":{\"@id\":\"https:\/\/dutchmicrodosing.com\/it\/#\/schema\/logo\/image\/\"},\"sameAs\":[\"https:\/\/www.facebook.com\/Dutchmicrodosingxp\/\",\"https:\/\/www.instagram.com\/dutchmicrodosing\/\"]}]}<\/script>\n<meta property=\"product:price:amount\" content=\"12.95\" \/>\n<meta property=\"product:price:currency\" content=\"EUR\" \/>\n<meta property=\"og:availability\" content=\"instock\" \/>\n<meta property=\"product:availability\" content=\"instock\" \/>\n<meta property=\"product:retailer_item_id\" content=\"8101452\" \/>\n<meta property=\"product:condition\" content=\"new\" \/>\n<!-- \/ Yoast SEO Premium plugin. -->","yoast_head_json":{"title":"Elementi indiani di valeriana - Capsule - Dutchmicrodosing","robots":{"index":"index","follow":"follow","max-snippet":"max-snippet:-1","max-image-preview":"max-image-preview:large","max-video-preview":"max-video-preview:-1"},"canonical":"https:\/\/dutchmicrodosing.com\/it\/negozio-di-salute\/integratori-per-il-sonno\/valeriana-indiana-elementi-capsule\/","og_locale":"it_IT","og_type":"article","og_title":"Elementi indiani di valeriana - Capsule","og_description":"La valeriana \u00e8 un'erba con una ricca storia e propriet\u00e0 terapeutiche versatili. Il nome deriva dal latino \"valere\", che significa \"essere sano\". Questo","og_url":"https:\/\/dutchmicrodosing.com\/it\/negozio-di-salute\/integratori-per-il-sonno\/valeriana-indiana-elementi-capsule\/","og_site_name":"Dutchmicrodosing","article_publisher":"https:\/\/www.facebook.com\/Dutchmicrodosingxp\/","article_modified_time":"2025-08-22T09:57:40+00:00","og_image":[{"width":390,"height":390,"url":"https:\/\/dutchmicrodosing.com\/wp-content\/uploads\/2024\/01\/\u2705-Indian-Elements-Valerian-smartific-8718274711912-002-390x390-1.jpg","type":"image\/jpeg"}],"twitter_card":"summary_large_image","schema":{"@context":"https:\/\/schema.org","@graph":[{"@type":"WebPage","@id":"https:\/\/dutchmicrodosing.com\/it\/negozio-di-salute\/integratori-per-il-sonno\/valeriana-indiana-elementi-capsule\/","url":"https:\/\/dutchmicrodosing.com\/it\/negozio-di-salute\/integratori-per-il-sonno\/valeriana-indiana-elementi-capsule\/","name":"Elementi indiani di valeriana - Capsule - Dutchmicrodosing","isPartOf":{"@id":"https:\/\/dutchmicrodosing.com\/it\/#website"},"primaryImageOfPage":{"@id":"https:\/\/dutchmicrodosing.com\/it\/negozio-di-salute\/integratori-per-il-sonno\/valeriana-indiana-elementi-capsule\/#primaryimage"},"image":{"@id":"https:\/\/dutchmicrodosing.com\/it\/negozio-di-salute\/integratori-per-il-sonno\/valeriana-indiana-elementi-capsule\/#primaryimage"},"thumbnailUrl":"https:\/\/dutchmicrodosing.com\/wp-content\/uploads\/2024\/01\/\u2705-Indian-Elements-Valerian-smartific-8718274711912-002-390x390-1.jpg","datePublished":"2024-01-13T14:08:59+00:00","dateModified":"2025-08-22T09:57:40+00:00","breadcrumb":{"@id":"https:\/\/dutchmicrodosing.com\/it\/negozio-di-salute\/integratori-per-il-sonno\/valeriana-indiana-elementi-capsule\/#breadcrumb"},"inLanguage":"it-IT","potentialAction":[{"@type":"ReadAction","target":["https:\/\/dutchmicrodosing.com\/it\/negozio-di-salute\/integratori-per-il-sonno\/valeriana-indiana-elementi-capsule\/"]}]},{"@type":"ImageObject","inLanguage":"it-IT","@id":"https:\/\/dutchmicrodosing.com\/it\/negozio-di-salute\/integratori-per-il-sonno\/valeriana-indiana-elementi-capsule\/#primaryimage","url":"https:\/\/dutchmicrodosing.com\/wp-content\/uploads\/2024\/01\/\u2705-Indian-Elements-Valerian-smartific-8718274711912-002-390x390-1.jpg","contentUrl":"https:\/\/dutchmicrodosing.com\/wp-content\/uploads\/2024\/01\/\u2705-Indian-Elements-Valerian-smartific-8718274711912-002-390x390-1.jpg","width":390,"height":390},{"@type":"BreadcrumbList","@id":"https:\/\/dutchmicrodosing.com\/it\/negozio-di-salute\/integratori-per-il-sonno\/valeriana-indiana-elementi-capsule\/#breadcrumb","itemListElement":[{"@type":"ListItem","position":1,"name":"Home","item":"https:\/\/dutchmicrodosing.com\/it\/"},{"@type":"ListItem","position":2,"name":"Negozio","item":"https:\/\/dutchmicrodosing.com\/it\/negozio\/"},{"@type":"ListItem","position":3,"name":"Elementi indiani di valeriana &#8211; Capsule"}]},{"@type":"WebSite","@id":"https:\/\/dutchmicrodosing.com\/it\/#website","url":"https:\/\/dutchmicrodosing.com\/it\/","name":"Dutchmicrodosing","description":"","publisher":{"@id":"https:\/\/dutchmicrodosing.com\/it\/#organization"},"potentialAction":[{"@type":"SearchAction","target":{"@type":"EntryPoint","urlTemplate":"https:\/\/dutchmicrodosing.com\/it\/?s={search_term_string}"},"query-input":{"@type":"PropertyValueSpecification","valueRequired":true,"valueName":"search_term_string"}}],"inLanguage":"it-IT"},{"@type":"Organization","@id":"https:\/\/dutchmicrodosing.com\/it\/#organization","name":"Dutchmicrodosing","url":"https:\/\/dutchmicrodosing.com\/it\/","logo":{"@type":"ImageObject","inLanguage":"it-IT","@id":"https:\/\/dutchmicrodosing.com\/it\/#\/schema\/logo\/image\/","url":"https:\/\/dutchmicrodosing.com\/wp-content\/uploads\/2021\/01\/microdosing-categorie-pic-nieuw.jpg","contentUrl":"https:\/\/dutchmicrodosing.com\/wp-content\/uploads\/2021\/01\/microdosing-categorie-pic-nieuw.jpg","width":500,"height":500,"caption":"Dutchmicrodosing"},"image":{"@id":"https:\/\/dutchmicrodosing.com\/it\/#\/schema\/logo\/image\/"},"sameAs":["https:\/\/www.facebook.com\/Dutchmicrodosingxp\/","https:\/\/www.instagram.com\/dutchmicrodosing\/"]}]},"product_price_amount":"12.95","product_price_currency":"EUR","og_availability":"instock","product_availability":"instock","product_retailer_item_id":"8101452","product_condition":"new"},"_links":{"self":[{"href":"https:\/\/dutchmicrodosing.com\/it\/wp-json\/wp\/v2\/product\/34032","targetHints":{"allow":["GET"]}}],"collection":[{"href":"https:\/\/dutchmicrodosing.com\/it\/wp-json\/wp\/v2\/product"}],"about":[{"href":"https:\/\/dutchmicrodosing.com\/it\/wp-json\/wp\/v2\/types\/product"}],"replies":[{"embeddable":true,"href":"https:\/\/dutchmicrodosing.com\/it\/wp-json\/wp\/v2\/comments?post=34032"}],"version-history":[{"count":0,"href":"https:\/\/dutchmicrodosing.com\/it\/wp-json\/wp\/v2\/product\/34032\/revisions"}],"wp:featuredmedia":[{"embeddable":true,"href":"https:\/\/dutchmicrodosing.com\/it\/wp-json\/wp\/v2\/media\/34018"}],"wp:attachment":[{"href":"https:\/\/dutchmicrodosing.com\/it\/wp-json\/wp\/v2\/media?parent=34032"}],"wp:term":[{"taxonomy":"product_brand","embeddable":true,"href":"https:\/\/dutchmicrodosing.com\/it\/wp-json\/wp\/v2\/product_brand?post=34032"},{"taxonomy":"product_cat","embeddable":true,"href":"https:\/\/dutchmicrodosing.com\/it\/wp-json\/wp\/v2\/product_cat?post=34032"},{"taxonomy":"product_tag","embeddable":true,"href":"https:\/\/dutchmicrodosing.com\/it\/wp-json\/wp\/v2\/product_tag?post=34032"}],"curies":[{"name":"wp","href":"https:\/\/api.w.org\/{rel}","templated":true}]}}