{"id":35826,"date":"2024-02-08T11:05:54","date_gmt":"2024-02-08T10:05:54","guid":{"rendered":"https:\/\/dutchmicrodosing.com\/shop\/senza-categoria\/insegnanti-doro-truffe\/"},"modified":"2026-02-03T16:42:45","modified_gmt":"2026-02-03T15:42:45","slug":"insegnanti-doro-truffe","status":"publish","type":"product","link":"https:\/\/dutchmicrodosing.com\/it\/tartufi-di-psilocibina\/tartufi-magici\/insegnanti-doro-truffe\/","title":{"rendered":"Tartufi Golden Teacher 15 Gr"},"content":{"rendered":"<p>Questi <strong>Golden Teacher Truffles<\/strong> non sono tartufi per principianti. Con un&#8217;indicazione di potenza di 6 stelle, si tratta di un impressionante tartufo magico che vi fornir\u00e0 visioni luminose e, ad alte dosi, \u00e8 persino in grado di indurre allucinazioni. The Golden Teacher \u00e8 una vera bomba di effetti. Espansione della mente, risate, euforia, intensit\u00e0, immagini e colori brillanti sono solo alcuni degli effetti con cui questo Golden Teacher pu\u00f2 sorprendervi.<\/p>\n<h2>Dosaggio del Tartufo Maestro d&#8217;Oro<\/h2>\n<p>Questi tartufi Golden Teacher sono confezionati per 15 grammi appositamente per i viaggi pi\u00f9 forti. Potete consumare i tartufi freschissimi direttamente dalla confezione o farne un t\u00e8. La preferenza \u00e8 sempre quella di mangiare i tartufi magici. Questo perch\u00e9 c&#8217;\u00e8 la possibilit\u00e0 che quando si prepara il t\u00e8 al tartufo si usi acqua troppo calda, che indebolisce l&#8217;effetto della psilocibina. I tartufi funzionano meglio a stomaco vuoto. Per garantire un assorbimento ottimale, masticare bene e a lungo i tartufi Golden Teacher prima di ingerirli. Se non siete abituati al mondo dei tartufi alla psilocibina, iniziate con una dose di 10 grammi per vedere cosa vi fa. Dopo 40 minuti, potete decidere se avete bisogno dei 5 grammi rimanenti o meno. Vedere in fondo al testo quale potrebbe essere la dose appropriata per voi.<\/p>\n<h3>Consumare tartufi<\/h3>\n<p>I tartufi funzionano meglio a stomaco vuoto. Per ottenere un effetto ottimale, si consiglia di masticare bene e a lungo il tartufo prima di ingerirlo. Se il sapore \u00e8 sgradevole, si pu\u00f2 preparare un t\u00e8.<\/p>\n<h3>Tartufi magici per la preparazione del t\u00e8<\/h3>\n<p>Preparare il t\u00e8, tagliare i tartufi a pezzi. Fare attenzione a non mettere i tartufi Golden Teacher in acqua bollente. L&#8217;acqua bollente o calda indebolisce l&#8217;effetto psichedelico. Per il t\u00e8, utilizzare acqua con una temperatura massima di 68 gradi Celsius. Lasciare in infusione il tartufo Golden Teacher per 10-15 minuti prima di bere il t\u00e8 e, per ottenere i massimi risultati, mangiare anche i tartufi. Se si desidera, si pu\u00f2 aggiungere del miele per insaporire.<\/p>\n<h2>Quanto dura un viaggio con i tartufi magici dell&#8217;insegnante d&#8217;oro?<\/h2>\n<p>La durata di una gita al tartufo Golden Teacher \u00e8 compresa tra le 5 e le 6 ore. I primi effetti si notano dopo l&#8217;ingestione, dopo circa 45 minuti.<\/p>\n<h2>Preparazione di un viaggio con i Tartufi Magici Golden Teacher<\/h2>\n<p>Per la maggior parte dei consumatori, l&#8217;esperienza del viaggio nel tartufo \u00e8 fantastica e quasi magica. Alcune persone non riescono a tollerare gli effetti visivi o il cambiamento della percezione della realt\u00e0, e hanno paura. Questa sensazione spiacevole si chiama &#8220;bad trip&#8221;. Non preoccupatevi, gli effetti scompaiono dopo qualche ora. In questi casi, si consiglia vivamente di avere un \u00b4tripsitter\u00b4 tra coloro che utilizzeranno i tartufi. Un trip sitter o un caregiver \u00e8 una persona affidabile e concreta che pu\u00f2 affrontare queste situazioni e fungere da supporto emotivo se necessario. Si consiglia di prendere i tartufi in un ambiente tranquillo e familiare.<\/p>\n<p>\u00c8 inoltre consigliabile avere in casa un &#8221;Trip Stopper&#8221;. I Trip Stopper vengono utilizzati quando i viaggi psichedelici si interrompono rapidamente. Ad esempio, se durante un viaggio psichedelico con funghi magici o tartufi si soffre di disorientamento e visioni intense, un Trip Stopper aiuta a diminuire lo sballo, ad alleviare l&#8217;ansia e a tornare con i piedi per terra. Con un Trip Stopper, siete ben preparati per il vostro viaggio. Soprattutto se si tratta di uno dei primi viaggi psichedelici, \u00e8 consigliabile avere a portata di mano un Trip Stopper, che vendiamo anche noi.<\/p>\n<h2>Conservare i tartufi dorati della maestra<\/h2>\n<p>Se decidete di non consumare subito i tartufi Golden Teacher freschi, potete conservarli. Conservateli al fresco e all&#8217;asciutto. Il frigorifero \u00e8 un luogo eccellente per questo scopo. La temperatura ideale \u00e8 compresa tra 2 e 4 gradi Celsius. Assicuratevi di controllare la data di scadenza riportata sulla confezione per vedere quanto tempo si conservano.<\/p>\n<h2>Avviso sul prodotto<\/h2>\n<ul>\n<li>Non utilizzate i tartufi se siete di cattivo umore, depressi, psicotici o con altri pregiudizi mentali. I tartufi magici non sono adatti ai minori o alle donne in gravidanza, n\u00e9 \u00e8 saggio guidare o azionare macchinari pesanti sotto l&#8217;effetto della psilocibina.<\/li>\n<li>I tartufi di psilocibina non devono mai essere usati in combinazione con alcol o altre droghe (prescritte o illegali). Iniziate con una piccola dose e assicuratevi di essere a vostro agio con la compagnia e l&#8217;ambiente circostante.<\/li>\n<li>Tutti i nostri tartufi al fungo magico sono confezionati al momento. Si consiglia di conservarli in frigorifero. Non aperti, si possono conservare in frigorifero per circa 2 mesi. Una volta aperto, tuttavia, il tartufo pu\u00f2 essere conservato solo per pochi giorni.<\/li>\n<\/ul>\n<h2>Programma di dosaggio del viaggio Tartufi magici<\/h2>\n<p>Queste dosi sono destinate alle persone che vogliono familiarizzare per la prima volta con i tartufi di psilocibina. Se avete gi\u00e0 esperienza con i tartufi di psilocibina o i funghi magici, potete aumentare la dose in base ai vostri desideri.<\/p>\n<p>Viaggio leggero Viaggio leggero Viaggio pesante<\/p>\n<p>50 kg = 5 grammi 6,7 grammi 11,2 grammi<br \/>\n60 kg = 6 grammi 8 grammi 13,4 grammi<br \/>\n70 kg = 7 grammi 9,3 grammi 16 grammi<br \/>\n80 kg = 8 grammi 10,6 grammi 18,2 grammi<br \/>\n90 kg = 9 grammi 11,9 grammi 21 grammi<br \/>\n100 chili = 10 grammi 13,5 grammi 23 grammi<\/p>\n<h2>Magic Truffles Valori nutrizionali per 100 grammi:<\/h2>\n<ul>\n<li>Energia 464,7 kJ<\/li>\n<li>Energia 110,5 kcal<\/li>\n<li>Carboidrati 13,2 grammi<\/li>\n<li>Proteine 5,3 grammi<\/li>\n<li>Grassi 0,4 grammi<\/li>\n<li>Fibra alimentare 16,7 grammi<\/li>\n<li>Sale (NaCl) 0,3 grammi<\/li>\n<li>Vitamina D 10,0 UI<\/li>\n<li>Sodio (Na) 13,6 mg<\/li>\n<li>Fosforo (P) 169,3 mg<\/li>\n<li>Potassio (K) 210,0 mg<\/li>\n<li>Calcio (Ca) 12,5 mg<\/li>\n<li>Ferro (F) 0,7 mg<\/li>\n<\/ul>\n","protected":false},"excerpt":{"rendered":"<p>Questi Golden Teacher Truffles non sono tartufi per principianti. Con un&#8217;indicazione di potenza di 6 stelle, si tratta di un impressionante tartufo magico che vi fornir\u00e0 visioni luminose e, ad alte dosi, \u00e8 persino in grado di indurre allucinazioni. The Golden Teacher \u00e8 una vera bomba di effetti. Espansione della mente, risate, euforia, intensit\u00e0, immagini [&hellip;]<\/p>\n","protected":false},"featured_media":35923,"comment_status":"closed","ping_status":"closed","template":"","meta":[],"product_brand":[],"product_cat":[203],"product_tag":[],"class_list":{"0":"post-35826","1":"product","2":"type-product","3":"status-publish","4":"has-post-thumbnail","6":"product_cat-tartufi-magici","8":"first","9":"instock","10":"taxable","11":"shipping-taxable","12":"purchasable","13":"product-type-simple"},"yoast_head":"<!-- This site is optimized with the Yoast SEO Premium plugin v26.4 (Yoast SEO v27.2) - https:\/\/yoast.com\/product\/yoast-seo-premium-wordpress\/ -->\n<title>Tartufi Golden Teacher 15 Gr - Dutchmicrodosing<\/title>\n<meta name=\"robots\" content=\"index, follow, max-snippet:-1, max-image-preview:large, max-video-preview:-1\" \/>\n<link rel=\"canonical\" href=\"https:\/\/dutchmicrodosing.com\/it\/tartufi-di-psilocibina\/tartufi-magici\/insegnanti-doro-truffe\/\" \/>\n<meta property=\"og:locale\" content=\"it_IT\" \/>\n<meta property=\"og:type\" content=\"article\" \/>\n<meta property=\"og:title\" content=\"Tartufi Golden Teacher 15 Gr\" \/>\n<meta property=\"og:description\" content=\"Questi Golden Teacher Truffles non sono tartufi per principianti. Con un&#039;indicazione di potenza di 6 stelle, si tratta di un impressionante tartufo magico\" \/>\n<meta property=\"og:url\" content=\"https:\/\/dutchmicrodosing.com\/it\/tartufi-di-psilocibina\/tartufi-magici\/insegnanti-doro-truffe\/\" \/>\n<meta property=\"og:site_name\" content=\"Dutchmicrodosing\" \/>\n<meta property=\"article:publisher\" content=\"https:\/\/www.facebook.com\/Dutchmicrodosingxp\/\" \/>\n<meta property=\"article:modified_time\" content=\"2026-02-03T15:42:45+00:00\" \/>\n<meta property=\"og:image\" content=\"https:\/\/dutchmicrodosing.com\/wp-content\/uploads\/2024\/02\/Goldenteacher_product_shop1000x1000.jpg\" \/>\n\t<meta property=\"og:image:width\" content=\"1000\" \/>\n\t<meta property=\"og:image:height\" content=\"1000\" \/>\n\t<meta property=\"og:image:type\" content=\"image\/jpeg\" \/>\n<meta name=\"twitter:card\" content=\"summary_large_image\" \/>\n<script type=\"application\/ld+json\" class=\"yoast-schema-graph\">{\"@context\":\"https:\/\/schema.org\",\"@graph\":[{\"@type\":\"WebPage\",\"@id\":\"https:\/\/dutchmicrodosing.com\/it\/tartufi-di-psilocibina\/tartufi-magici\/insegnanti-doro-truffe\/\",\"url\":\"https:\/\/dutchmicrodosing.com\/it\/tartufi-di-psilocibina\/tartufi-magici\/insegnanti-doro-truffe\/\",\"name\":\"Tartufi Golden Teacher 15 Gr - Dutchmicrodosing\",\"isPartOf\":{\"@id\":\"https:\/\/dutchmicrodosing.com\/it\/#website\"},\"primaryImageOfPage\":{\"@id\":\"https:\/\/dutchmicrodosing.com\/it\/tartufi-di-psilocibina\/tartufi-magici\/insegnanti-doro-truffe\/#primaryimage\"},\"image\":{\"@id\":\"https:\/\/dutchmicrodosing.com\/it\/tartufi-di-psilocibina\/tartufi-magici\/insegnanti-doro-truffe\/#primaryimage\"},\"thumbnailUrl\":\"https:\/\/dutchmicrodosing.com\/wp-content\/uploads\/2024\/02\/Goldenteacher_product_shop1000x1000.jpg\",\"datePublished\":\"2024-02-08T10:05:54+00:00\",\"dateModified\":\"2026-02-03T15:42:45+00:00\",\"breadcrumb\":{\"@id\":\"https:\/\/dutchmicrodosing.com\/it\/tartufi-di-psilocibina\/tartufi-magici\/insegnanti-doro-truffe\/#breadcrumb\"},\"inLanguage\":\"it-IT\",\"potentialAction\":[{\"@type\":\"ReadAction\",\"target\":[\"https:\/\/dutchmicrodosing.com\/it\/tartufi-di-psilocibina\/tartufi-magici\/insegnanti-doro-truffe\/\"]}]},{\"@type\":\"ImageObject\",\"inLanguage\":\"it-IT\",\"@id\":\"https:\/\/dutchmicrodosing.com\/it\/tartufi-di-psilocibina\/tartufi-magici\/insegnanti-doro-truffe\/#primaryimage\",\"url\":\"https:\/\/dutchmicrodosing.com\/wp-content\/uploads\/2024\/02\/Goldenteacher_product_shop1000x1000.jpg\",\"contentUrl\":\"https:\/\/dutchmicrodosing.com\/wp-content\/uploads\/2024\/02\/Goldenteacher_product_shop1000x1000.jpg\",\"width\":1000,\"height\":1000},{\"@type\":\"BreadcrumbList\",\"@id\":\"https:\/\/dutchmicrodosing.com\/it\/tartufi-di-psilocibina\/tartufi-magici\/insegnanti-doro-truffe\/#breadcrumb\",\"itemListElement\":[{\"@type\":\"ListItem\",\"position\":1,\"name\":\"Home\",\"item\":\"https:\/\/dutchmicrodosing.com\/it\/\"},{\"@type\":\"ListItem\",\"position\":2,\"name\":\"Negozio\",\"item\":\"https:\/\/dutchmicrodosing.com\/it\/negozio\/\"},{\"@type\":\"ListItem\",\"position\":3,\"name\":\"Tartufi Golden Teacher 15 Gr\"}]},{\"@type\":\"WebSite\",\"@id\":\"https:\/\/dutchmicrodosing.com\/it\/#website\",\"url\":\"https:\/\/dutchmicrodosing.com\/it\/\",\"name\":\"Dutchmicrodosing\",\"description\":\"\",\"publisher\":{\"@id\":\"https:\/\/dutchmicrodosing.com\/it\/#organization\"},\"potentialAction\":[{\"@type\":\"SearchAction\",\"target\":{\"@type\":\"EntryPoint\",\"urlTemplate\":\"https:\/\/dutchmicrodosing.com\/it\/?s={search_term_string}\"},\"query-input\":{\"@type\":\"PropertyValueSpecification\",\"valueRequired\":true,\"valueName\":\"search_term_string\"}}],\"inLanguage\":\"it-IT\"},{\"@type\":\"Organization\",\"@id\":\"https:\/\/dutchmicrodosing.com\/it\/#organization\",\"name\":\"Dutchmicrodosing\",\"url\":\"https:\/\/dutchmicrodosing.com\/it\/\",\"logo\":{\"@type\":\"ImageObject\",\"inLanguage\":\"it-IT\",\"@id\":\"https:\/\/dutchmicrodosing.com\/it\/#\/schema\/logo\/image\/\",\"url\":\"https:\/\/dutchmicrodosing.com\/wp-content\/uploads\/2021\/01\/microdosing-categorie-pic-nieuw.jpg\",\"contentUrl\":\"https:\/\/dutchmicrodosing.com\/wp-content\/uploads\/2021\/01\/microdosing-categorie-pic-nieuw.jpg\",\"width\":500,\"height\":500,\"caption\":\"Dutchmicrodosing\"},\"image\":{\"@id\":\"https:\/\/dutchmicrodosing.com\/it\/#\/schema\/logo\/image\/\"},\"sameAs\":[\"https:\/\/www.facebook.com\/Dutchmicrodosingxp\/\",\"https:\/\/www.instagram.com\/dutchmicrodosing\/\"]}]}<\/script>\n<meta property=\"product:price:amount\" content=\"16.95\" \/>\n<meta property=\"product:price:currency\" content=\"EUR\" \/>\n<meta property=\"og:availability\" content=\"instock\" \/>\n<meta property=\"product:availability\" content=\"instock\" \/>\n<meta property=\"product:retailer_item_id\" content=\"4202774\" \/>\n<meta property=\"product:condition\" content=\"new\" \/>\n<!-- \/ Yoast SEO Premium plugin. -->","yoast_head_json":{"title":"Tartufi Golden Teacher 15 Gr - Dutchmicrodosing","robots":{"index":"index","follow":"follow","max-snippet":"max-snippet:-1","max-image-preview":"max-image-preview:large","max-video-preview":"max-video-preview:-1"},"canonical":"https:\/\/dutchmicrodosing.com\/it\/tartufi-di-psilocibina\/tartufi-magici\/insegnanti-doro-truffe\/","og_locale":"it_IT","og_type":"article","og_title":"Tartufi Golden Teacher 15 Gr","og_description":"Questi Golden Teacher Truffles non sono tartufi per principianti. Con un'indicazione di potenza di 6 stelle, si tratta di un impressionante tartufo magico","og_url":"https:\/\/dutchmicrodosing.com\/it\/tartufi-di-psilocibina\/tartufi-magici\/insegnanti-doro-truffe\/","og_site_name":"Dutchmicrodosing","article_publisher":"https:\/\/www.facebook.com\/Dutchmicrodosingxp\/","article_modified_time":"2026-02-03T15:42:45+00:00","og_image":[{"width":1000,"height":1000,"url":"https:\/\/dutchmicrodosing.com\/wp-content\/uploads\/2024\/02\/Goldenteacher_product_shop1000x1000.jpg","type":"image\/jpeg"}],"twitter_card":"summary_large_image","schema":{"@context":"https:\/\/schema.org","@graph":[{"@type":"WebPage","@id":"https:\/\/dutchmicrodosing.com\/it\/tartufi-di-psilocibina\/tartufi-magici\/insegnanti-doro-truffe\/","url":"https:\/\/dutchmicrodosing.com\/it\/tartufi-di-psilocibina\/tartufi-magici\/insegnanti-doro-truffe\/","name":"Tartufi Golden Teacher 15 Gr - Dutchmicrodosing","isPartOf":{"@id":"https:\/\/dutchmicrodosing.com\/it\/#website"},"primaryImageOfPage":{"@id":"https:\/\/dutchmicrodosing.com\/it\/tartufi-di-psilocibina\/tartufi-magici\/insegnanti-doro-truffe\/#primaryimage"},"image":{"@id":"https:\/\/dutchmicrodosing.com\/it\/tartufi-di-psilocibina\/tartufi-magici\/insegnanti-doro-truffe\/#primaryimage"},"thumbnailUrl":"https:\/\/dutchmicrodosing.com\/wp-content\/uploads\/2024\/02\/Goldenteacher_product_shop1000x1000.jpg","datePublished":"2024-02-08T10:05:54+00:00","dateModified":"2026-02-03T15:42:45+00:00","breadcrumb":{"@id":"https:\/\/dutchmicrodosing.com\/it\/tartufi-di-psilocibina\/tartufi-magici\/insegnanti-doro-truffe\/#breadcrumb"},"inLanguage":"it-IT","potentialAction":[{"@type":"ReadAction","target":["https:\/\/dutchmicrodosing.com\/it\/tartufi-di-psilocibina\/tartufi-magici\/insegnanti-doro-truffe\/"]}]},{"@type":"ImageObject","inLanguage":"it-IT","@id":"https:\/\/dutchmicrodosing.com\/it\/tartufi-di-psilocibina\/tartufi-magici\/insegnanti-doro-truffe\/#primaryimage","url":"https:\/\/dutchmicrodosing.com\/wp-content\/uploads\/2024\/02\/Goldenteacher_product_shop1000x1000.jpg","contentUrl":"https:\/\/dutchmicrodosing.com\/wp-content\/uploads\/2024\/02\/Goldenteacher_product_shop1000x1000.jpg","width":1000,"height":1000},{"@type":"BreadcrumbList","@id":"https:\/\/dutchmicrodosing.com\/it\/tartufi-di-psilocibina\/tartufi-magici\/insegnanti-doro-truffe\/#breadcrumb","itemListElement":[{"@type":"ListItem","position":1,"name":"Home","item":"https:\/\/dutchmicrodosing.com\/it\/"},{"@type":"ListItem","position":2,"name":"Negozio","item":"https:\/\/dutchmicrodosing.com\/it\/negozio\/"},{"@type":"ListItem","position":3,"name":"Tartufi Golden Teacher 15 Gr"}]},{"@type":"WebSite","@id":"https:\/\/dutchmicrodosing.com\/it\/#website","url":"https:\/\/dutchmicrodosing.com\/it\/","name":"Dutchmicrodosing","description":"","publisher":{"@id":"https:\/\/dutchmicrodosing.com\/it\/#organization"},"potentialAction":[{"@type":"SearchAction","target":{"@type":"EntryPoint","urlTemplate":"https:\/\/dutchmicrodosing.com\/it\/?s={search_term_string}"},"query-input":{"@type":"PropertyValueSpecification","valueRequired":true,"valueName":"search_term_string"}}],"inLanguage":"it-IT"},{"@type":"Organization","@id":"https:\/\/dutchmicrodosing.com\/it\/#organization","name":"Dutchmicrodosing","url":"https:\/\/dutchmicrodosing.com\/it\/","logo":{"@type":"ImageObject","inLanguage":"it-IT","@id":"https:\/\/dutchmicrodosing.com\/it\/#\/schema\/logo\/image\/","url":"https:\/\/dutchmicrodosing.com\/wp-content\/uploads\/2021\/01\/microdosing-categorie-pic-nieuw.jpg","contentUrl":"https:\/\/dutchmicrodosing.com\/wp-content\/uploads\/2021\/01\/microdosing-categorie-pic-nieuw.jpg","width":500,"height":500,"caption":"Dutchmicrodosing"},"image":{"@id":"https:\/\/dutchmicrodosing.com\/it\/#\/schema\/logo\/image\/"},"sameAs":["https:\/\/www.facebook.com\/Dutchmicrodosingxp\/","https:\/\/www.instagram.com\/dutchmicrodosing\/"]}]},"product_price_amount":"16.95","product_price_currency":"EUR","og_availability":"instock","product_availability":"instock","product_retailer_item_id":"4202774","product_condition":"new"},"_links":{"self":[{"href":"https:\/\/dutchmicrodosing.com\/it\/wp-json\/wp\/v2\/product\/35826","targetHints":{"allow":["GET"]}}],"collection":[{"href":"https:\/\/dutchmicrodosing.com\/it\/wp-json\/wp\/v2\/product"}],"about":[{"href":"https:\/\/dutchmicrodosing.com\/it\/wp-json\/wp\/v2\/types\/product"}],"replies":[{"embeddable":true,"href":"https:\/\/dutchmicrodosing.com\/it\/wp-json\/wp\/v2\/comments?post=35826"}],"version-history":[{"count":1,"href":"https:\/\/dutchmicrodosing.com\/it\/wp-json\/wp\/v2\/product\/35826\/revisions"}],"predecessor-version":[{"id":64309,"href":"https:\/\/dutchmicrodosing.com\/it\/wp-json\/wp\/v2\/product\/35826\/revisions\/64309"}],"wp:featuredmedia":[{"embeddable":true,"href":"https:\/\/dutchmicrodosing.com\/it\/wp-json\/wp\/v2\/media\/35923"}],"wp:attachment":[{"href":"https:\/\/dutchmicrodosing.com\/it\/wp-json\/wp\/v2\/media?parent=35826"}],"wp:term":[{"taxonomy":"product_brand","embeddable":true,"href":"https:\/\/dutchmicrodosing.com\/it\/wp-json\/wp\/v2\/product_brand?post=35826"},{"taxonomy":"product_cat","embeddable":true,"href":"https:\/\/dutchmicrodosing.com\/it\/wp-json\/wp\/v2\/product_cat?post=35826"},{"taxonomy":"product_tag","embeddable":true,"href":"https:\/\/dutchmicrodosing.com\/it\/wp-json\/wp\/v2\/product_tag?post=35826"}],"curies":[{"name":"wp","href":"https:\/\/api.w.org\/{rel}","templated":true}]}}