{"id":36711,"date":"2024-02-17T16:22:37","date_gmt":"2024-02-17T15:22:37","guid":{"rendered":"https:\/\/dutchmicrodosing.com\/shop\/senza-categoria\/cacao-crudo-pennini-dellecuador-qualita-del-cerimoniale\/"},"modified":"2026-05-04T15:05:26","modified_gmt":"2026-05-04T13:05:26","slug":"cacao-crudo-pennini-dellecuador-qualita-del-cerimoniale","status":"publish","type":"product","link":"https:\/\/dutchmicrodosing.com\/it\/negozio-di-salute\/integratori-energetici\/cacao-crudo-pennini-dellecuador-qualita-del-cerimoniale\/","title":{"rendered":"Granella di Cacao Crudo Per\u00f9 &#8211; Qualit\u00e0 Cerimoniale"},"content":{"rendered":"<p>La <strong>Granella di Cacao Crudo Per\u00f9<\/strong> biologica \u00e8 composta da pezzi di cacao puro e crudo provenienti dal Per\u00f9, con un gusto intenso e corposo. Perfetta per chi ama gli ingredienti naturali, un ricco aroma di cacao e una deliziosa croccantezza a colazione, negli snack, nei dessert o nei momenti cerimoniali.<\/p>\n<h3>Caratteristiche della Granella di Cacao Crudo Per\u00f9<\/h3>\n<p>Questa granella di cacao biologico proviene da fave di cacao accuratamente selezionate in Per\u00f9. Ha un sapore di cacao potente e puro e si adatta perfettamente a uno stile di vita consapevole e naturale. Grazie alla sua consistenza decisa, \u00e8 ideale come guarnizione per yogurt, smoothie bowl, farina d&#8217;avena, dessert o creazioni di cioccolato fatte in casa.<\/p>\n<p>La granella di cacao \u00e8 certificata biologica, pura nella composizione e selezionata con attenzione alla qualit\u00e0, all&#8217;origine e alla sostenibilit\u00e0.<\/p>\n<h3>Ingredienti e composizione<\/h3>\n<p>100% granella di cacao crudo cerimoniale del Per\u00f9.<\/p>\n<h3>Utilizzo<\/h3>\n<p>Puoi mangiare la granella di cacao direttamente o aggiungerla ai tuoi piatti e bevande preferiti. Cospargila ad esempio sulle tue colazioni, mescolala negli smoothie, usala nei prodotti da forno o aggiungila al latte vegetale caldo per una bevanda al cacao corposa.<\/p>\n<p>Prenditi il tuo tempo, crea un ambiente piacevole e usa il cacao in un modo che si adatti alla tua intenzione personale o al tuo momento di consapevolezza.<\/p>\n<h3>Contenuto<\/h3>\n<p>200 g di Granella di Cacao Crudo Per\u00f9 Biologica.<\/p>\n<h3>Disclaimer<\/h3>\n<p><em>Il contenuto di questo testo ha uno scopo puramente informativo e non sostituisce una consulenza professionale. Questo prodotto non \u00e8 un farmaco e non \u00e8 destinato a diagnosticare, trattare o curare alcuna condizione medica. Per qualsiasi domanda specifica sull&#8217;uso di questo prodotto, consulta uno specialista. Alcuni studi scientifici sugli effetti di questo prodotto sono in corso e non tutte le affermazioni sono state definitivamente confermate.<\/em><\/p>\n","protected":false},"excerpt":{"rendered":"<p>La Granella di Cacao Crudo Per\u00f9 biologica \u00e8 composta da pezzi di cacao puro e crudo provenienti dal Per\u00f9, con un gusto intenso e corposo. Perfetta per chi ama gli ingredienti naturali, un ricco aroma di cacao e una deliziosa croccantezza a colazione, negli snack, nei dessert o nei momenti cerimoniali. Caratteristiche della Granella di [&hellip;]<\/p>\n","protected":false},"featured_media":36603,"comment_status":"closed","ping_status":"closed","template":"","meta":[],"product_brand":[],"product_cat":[338,295,296],"product_tag":[],"class_list":{"0":"post-36711","1":"product","2":"type-product","3":"status-publish","4":"has-post-thumbnail","6":"product_cat-cacao-greggio","7":"product_cat-integratori-energetici","8":"product_cat-integratori-per-il-sistema-immunitario","10":"first","11":"instock","12":"taxable","13":"shipping-taxable","14":"purchasable","15":"product-type-simple"},"yoast_head":"<!-- This site is optimized with the Yoast SEO Premium plugin v26.4 (Yoast SEO v27.4) - https:\/\/yoast.com\/product\/yoast-seo-premium-wordpress\/ -->\n<title>Granella di Cacao Crudo Per\u00f9 - Qualit\u00e0 Cerimoniale - Dutchmicrodosing<\/title>\n<meta name=\"description\" content=\"Granella di cacao crudo biologico del Per\u00f9 dal gusto puro e intenso. Perfetta per colazione, snack, dessert e momenti cerimoniali a base di cacao.\" \/>\n<meta name=\"robots\" content=\"index, follow, max-snippet:-1, max-image-preview:large, max-video-preview:-1\" \/>\n<link rel=\"canonical\" href=\"https:\/\/dutchmicrodosing.com\/it\/negozio-di-salute\/integratori-energetici\/cacao-crudo-pennini-dellecuador-qualita-del-cerimoniale\/\" \/>\n<meta property=\"og:locale\" content=\"it_IT\" \/>\n<meta property=\"og:type\" content=\"article\" \/>\n<meta property=\"og:title\" content=\"Granella di Cacao Crudo Per\u00f9 - Qualit\u00e0 Cerimoniale\" \/>\n<meta property=\"og:description\" content=\"La Granella di Cacao Crudo Per\u00f9 biologica \u00e8 composta da pezzi di cacao puro e crudo provenienti dal Per\u00f9, con un gusto intenso e corposo. Perfetta per chi\" \/>\n<meta property=\"og:url\" content=\"https:\/\/dutchmicrodosing.com\/it\/negozio-di-salute\/integratori-energetici\/cacao-crudo-pennini-dellecuador-qualita-del-cerimoniale\/\" \/>\n<meta property=\"og:site_name\" content=\"Dutchmicrodosing\" \/>\n<meta property=\"article:publisher\" content=\"https:\/\/www.facebook.com\/Dutchmicrodosingxp\/\" \/>\n<meta property=\"article:modified_time\" content=\"2026-05-04T13:05:26+00:00\" \/>\n<meta property=\"og:image\" content=\"https:\/\/dutchmicrodosing.com\/wp-content\/uploads\/2024\/02\/shutterstock_385625917-scaled.jpg\" \/>\n\t<meta property=\"og:image:width\" content=\"2560\" \/>\n\t<meta property=\"og:image:height\" content=\"2310\" \/>\n\t<meta property=\"og:image:type\" content=\"image\/jpeg\" \/>\n<meta name=\"twitter:card\" content=\"summary_large_image\" \/>\n<script type=\"application\/ld+json\" class=\"yoast-schema-graph\">{\"@context\":\"https:\\\/\\\/schema.org\",\"@graph\":[{\"@type\":\"WebPage\",\"@id\":\"https:\\\/\\\/dutchmicrodosing.com\\\/it\\\/negozio-di-salute\\\/integratori-energetici\\\/cacao-crudo-pennini-dellecuador-qualita-del-cerimoniale\\\/\",\"url\":\"https:\\\/\\\/dutchmicrodosing.com\\\/it\\\/negozio-di-salute\\\/integratori-energetici\\\/cacao-crudo-pennini-dellecuador-qualita-del-cerimoniale\\\/\",\"name\":\"Granella di Cacao Crudo Per\u00f9 - Qualit\u00e0 Cerimoniale - Dutchmicrodosing\",\"isPartOf\":{\"@id\":\"https:\\\/\\\/dutchmicrodosing.com\\\/it\\\/#website\"},\"primaryImageOfPage\":{\"@id\":\"https:\\\/\\\/dutchmicrodosing.com\\\/it\\\/negozio-di-salute\\\/integratori-energetici\\\/cacao-crudo-pennini-dellecuador-qualita-del-cerimoniale\\\/#primaryimage\"},\"image\":{\"@id\":\"https:\\\/\\\/dutchmicrodosing.com\\\/it\\\/negozio-di-salute\\\/integratori-energetici\\\/cacao-crudo-pennini-dellecuador-qualita-del-cerimoniale\\\/#primaryimage\"},\"thumbnailUrl\":\"https:\\\/\\\/dutchmicrodosing.com\\\/wp-content\\\/uploads\\\/2024\\\/02\\\/shutterstock_385625917-scaled.jpg\",\"datePublished\":\"2024-02-17T15:22:37+00:00\",\"dateModified\":\"2026-05-04T13:05:26+00:00\",\"description\":\"Granella di cacao crudo biologico del Per\u00f9 dal gusto puro e intenso. Perfetta per colazione, snack, dessert e momenti cerimoniali a base di cacao.\",\"breadcrumb\":{\"@id\":\"https:\\\/\\\/dutchmicrodosing.com\\\/it\\\/negozio-di-salute\\\/integratori-energetici\\\/cacao-crudo-pennini-dellecuador-qualita-del-cerimoniale\\\/#breadcrumb\"},\"inLanguage\":\"it-IT\",\"potentialAction\":[{\"@type\":\"ReadAction\",\"target\":[\"https:\\\/\\\/dutchmicrodosing.com\\\/it\\\/negozio-di-salute\\\/integratori-energetici\\\/cacao-crudo-pennini-dellecuador-qualita-del-cerimoniale\\\/\"]}]},{\"@type\":\"ImageObject\",\"inLanguage\":\"it-IT\",\"@id\":\"https:\\\/\\\/dutchmicrodosing.com\\\/it\\\/negozio-di-salute\\\/integratori-energetici\\\/cacao-crudo-pennini-dellecuador-qualita-del-cerimoniale\\\/#primaryimage\",\"url\":\"https:\\\/\\\/dutchmicrodosing.com\\\/wp-content\\\/uploads\\\/2024\\\/02\\\/shutterstock_385625917-scaled.jpg\",\"contentUrl\":\"https:\\\/\\\/dutchmicrodosing.com\\\/wp-content\\\/uploads\\\/2024\\\/02\\\/shutterstock_385625917-scaled.jpg\",\"width\":2560,\"height\":2310,\"caption\":\"Granella di Cacao Crudo Per\u00f9\"},{\"@type\":\"BreadcrumbList\",\"@id\":\"https:\\\/\\\/dutchmicrodosing.com\\\/it\\\/negozio-di-salute\\\/integratori-energetici\\\/cacao-crudo-pennini-dellecuador-qualita-del-cerimoniale\\\/#breadcrumb\",\"itemListElement\":[{\"@type\":\"ListItem\",\"position\":1,\"name\":\"Home\",\"item\":\"https:\\\/\\\/dutchmicrodosing.com\\\/it\\\/\"},{\"@type\":\"ListItem\",\"position\":2,\"name\":\"Negozio\",\"item\":\"https:\\\/\\\/dutchmicrodosing.com\\\/it\\\/negozio\\\/\"},{\"@type\":\"ListItem\",\"position\":3,\"name\":\"Granella di Cacao Crudo Per\u00f9 &#8211; Qualit\u00e0 Cerimoniale\"}]},{\"@type\":\"WebSite\",\"@id\":\"https:\\\/\\\/dutchmicrodosing.com\\\/it\\\/#website\",\"url\":\"https:\\\/\\\/dutchmicrodosing.com\\\/it\\\/\",\"name\":\"Dutchmicrodosing\",\"description\":\"\",\"publisher\":{\"@id\":\"https:\\\/\\\/dutchmicrodosing.com\\\/it\\\/#organization\"},\"potentialAction\":[{\"@type\":\"SearchAction\",\"target\":{\"@type\":\"EntryPoint\",\"urlTemplate\":\"https:\\\/\\\/dutchmicrodosing.com\\\/it\\\/?s={search_term_string}\"},\"query-input\":{\"@type\":\"PropertyValueSpecification\",\"valueRequired\":true,\"valueName\":\"search_term_string\"}}],\"inLanguage\":\"it-IT\"},{\"@type\":\"Organization\",\"@id\":\"https:\\\/\\\/dutchmicrodosing.com\\\/it\\\/#organization\",\"name\":\"Dutchmicrodosing\",\"url\":\"https:\\\/\\\/dutchmicrodosing.com\\\/it\\\/\",\"logo\":{\"@type\":\"ImageObject\",\"inLanguage\":\"it-IT\",\"@id\":\"https:\\\/\\\/dutchmicrodosing.com\\\/it\\\/#\\\/schema\\\/logo\\\/image\\\/\",\"url\":\"https:\\\/\\\/dutchmicrodosing.com\\\/wp-content\\\/uploads\\\/2021\\\/01\\\/microdosing-categorie-pic-nieuw.jpg\",\"contentUrl\":\"https:\\\/\\\/dutchmicrodosing.com\\\/wp-content\\\/uploads\\\/2021\\\/01\\\/microdosing-categorie-pic-nieuw.jpg\",\"width\":500,\"height\":500,\"caption\":\"Dutchmicrodosing\"},\"image\":{\"@id\":\"https:\\\/\\\/dutchmicrodosing.com\\\/it\\\/#\\\/schema\\\/logo\\\/image\\\/\"},\"sameAs\":[\"https:\\\/\\\/www.facebook.com\\\/Dutchmicrodosingxp\\\/\",\"https:\\\/\\\/www.instagram.com\\\/dutchmicrodosing\\\/\"]}]}<\/script>\n<meta property=\"product:price:amount\" content=\"14.95\" \/>\n<meta property=\"product:price:currency\" content=\"EUR\" \/>\n<meta property=\"og:availability\" content=\"instock\" \/>\n<meta property=\"product:availability\" content=\"instock\" \/>\n<meta property=\"product:retailer_item_id\" content=\"4202293\" \/>\n<meta property=\"product:condition\" content=\"new\" \/>\n<!-- \/ Yoast SEO Premium plugin. -->","yoast_head_json":{"title":"Granella di Cacao Crudo Per\u00f9 - Qualit\u00e0 Cerimoniale - Dutchmicrodosing","description":"Granella di cacao crudo biologico del Per\u00f9 dal gusto puro e intenso. Perfetta per colazione, snack, dessert e momenti cerimoniali a base di cacao.","robots":{"index":"index","follow":"follow","max-snippet":"max-snippet:-1","max-image-preview":"max-image-preview:large","max-video-preview":"max-video-preview:-1"},"canonical":"https:\/\/dutchmicrodosing.com\/it\/negozio-di-salute\/integratori-energetici\/cacao-crudo-pennini-dellecuador-qualita-del-cerimoniale\/","og_locale":"it_IT","og_type":"article","og_title":"Granella di Cacao Crudo Per\u00f9 - Qualit\u00e0 Cerimoniale","og_description":"La Granella di Cacao Crudo Per\u00f9 biologica \u00e8 composta da pezzi di cacao puro e crudo provenienti dal Per\u00f9, con un gusto intenso e corposo. Perfetta per chi","og_url":"https:\/\/dutchmicrodosing.com\/it\/negozio-di-salute\/integratori-energetici\/cacao-crudo-pennini-dellecuador-qualita-del-cerimoniale\/","og_site_name":"Dutchmicrodosing","article_publisher":"https:\/\/www.facebook.com\/Dutchmicrodosingxp\/","article_modified_time":"2026-05-04T13:05:26+00:00","og_image":[{"width":2560,"height":2310,"url":"https:\/\/dutchmicrodosing.com\/wp-content\/uploads\/2024\/02\/shutterstock_385625917-scaled.jpg","type":"image\/jpeg"}],"twitter_card":"summary_large_image","schema":{"@context":"https:\/\/schema.org","@graph":[{"@type":"WebPage","@id":"https:\/\/dutchmicrodosing.com\/it\/negozio-di-salute\/integratori-energetici\/cacao-crudo-pennini-dellecuador-qualita-del-cerimoniale\/","url":"https:\/\/dutchmicrodosing.com\/it\/negozio-di-salute\/integratori-energetici\/cacao-crudo-pennini-dellecuador-qualita-del-cerimoniale\/","name":"Granella di Cacao Crudo Per\u00f9 - Qualit\u00e0 Cerimoniale - Dutchmicrodosing","isPartOf":{"@id":"https:\/\/dutchmicrodosing.com\/it\/#website"},"primaryImageOfPage":{"@id":"https:\/\/dutchmicrodosing.com\/it\/negozio-di-salute\/integratori-energetici\/cacao-crudo-pennini-dellecuador-qualita-del-cerimoniale\/#primaryimage"},"image":{"@id":"https:\/\/dutchmicrodosing.com\/it\/negozio-di-salute\/integratori-energetici\/cacao-crudo-pennini-dellecuador-qualita-del-cerimoniale\/#primaryimage"},"thumbnailUrl":"https:\/\/dutchmicrodosing.com\/wp-content\/uploads\/2024\/02\/shutterstock_385625917-scaled.jpg","datePublished":"2024-02-17T15:22:37+00:00","dateModified":"2026-05-04T13:05:26+00:00","description":"Granella di cacao crudo biologico del Per\u00f9 dal gusto puro e intenso. Perfetta per colazione, snack, dessert e momenti cerimoniali a base di cacao.","breadcrumb":{"@id":"https:\/\/dutchmicrodosing.com\/it\/negozio-di-salute\/integratori-energetici\/cacao-crudo-pennini-dellecuador-qualita-del-cerimoniale\/#breadcrumb"},"inLanguage":"it-IT","potentialAction":[{"@type":"ReadAction","target":["https:\/\/dutchmicrodosing.com\/it\/negozio-di-salute\/integratori-energetici\/cacao-crudo-pennini-dellecuador-qualita-del-cerimoniale\/"]}]},{"@type":"ImageObject","inLanguage":"it-IT","@id":"https:\/\/dutchmicrodosing.com\/it\/negozio-di-salute\/integratori-energetici\/cacao-crudo-pennini-dellecuador-qualita-del-cerimoniale\/#primaryimage","url":"https:\/\/dutchmicrodosing.com\/wp-content\/uploads\/2024\/02\/shutterstock_385625917-scaled.jpg","contentUrl":"https:\/\/dutchmicrodosing.com\/wp-content\/uploads\/2024\/02\/shutterstock_385625917-scaled.jpg","width":2560,"height":2310,"caption":"Granella di Cacao Crudo Per\u00f9"},{"@type":"BreadcrumbList","@id":"https:\/\/dutchmicrodosing.com\/it\/negozio-di-salute\/integratori-energetici\/cacao-crudo-pennini-dellecuador-qualita-del-cerimoniale\/#breadcrumb","itemListElement":[{"@type":"ListItem","position":1,"name":"Home","item":"https:\/\/dutchmicrodosing.com\/it\/"},{"@type":"ListItem","position":2,"name":"Negozio","item":"https:\/\/dutchmicrodosing.com\/it\/negozio\/"},{"@type":"ListItem","position":3,"name":"Granella di Cacao Crudo Per\u00f9 &#8211; Qualit\u00e0 Cerimoniale"}]},{"@type":"WebSite","@id":"https:\/\/dutchmicrodosing.com\/it\/#website","url":"https:\/\/dutchmicrodosing.com\/it\/","name":"Dutchmicrodosing","description":"","publisher":{"@id":"https:\/\/dutchmicrodosing.com\/it\/#organization"},"potentialAction":[{"@type":"SearchAction","target":{"@type":"EntryPoint","urlTemplate":"https:\/\/dutchmicrodosing.com\/it\/?s={search_term_string}"},"query-input":{"@type":"PropertyValueSpecification","valueRequired":true,"valueName":"search_term_string"}}],"inLanguage":"it-IT"},{"@type":"Organization","@id":"https:\/\/dutchmicrodosing.com\/it\/#organization","name":"Dutchmicrodosing","url":"https:\/\/dutchmicrodosing.com\/it\/","logo":{"@type":"ImageObject","inLanguage":"it-IT","@id":"https:\/\/dutchmicrodosing.com\/it\/#\/schema\/logo\/image\/","url":"https:\/\/dutchmicrodosing.com\/wp-content\/uploads\/2021\/01\/microdosing-categorie-pic-nieuw.jpg","contentUrl":"https:\/\/dutchmicrodosing.com\/wp-content\/uploads\/2021\/01\/microdosing-categorie-pic-nieuw.jpg","width":500,"height":500,"caption":"Dutchmicrodosing"},"image":{"@id":"https:\/\/dutchmicrodosing.com\/it\/#\/schema\/logo\/image\/"},"sameAs":["https:\/\/www.facebook.com\/Dutchmicrodosingxp\/","https:\/\/www.instagram.com\/dutchmicrodosing\/"]}]},"product_price_amount":"14.95","product_price_currency":"EUR","og_availability":"instock","product_availability":"instock","product_retailer_item_id":"4202293","product_condition":"new"},"_links":{"self":[{"href":"https:\/\/dutchmicrodosing.com\/it\/wp-json\/wp\/v2\/product\/36711","targetHints":{"allow":["GET"]}}],"collection":[{"href":"https:\/\/dutchmicrodosing.com\/it\/wp-json\/wp\/v2\/product"}],"about":[{"href":"https:\/\/dutchmicrodosing.com\/it\/wp-json\/wp\/v2\/types\/product"}],"replies":[{"embeddable":true,"href":"https:\/\/dutchmicrodosing.com\/it\/wp-json\/wp\/v2\/comments?post=36711"}],"version-history":[{"count":1,"href":"https:\/\/dutchmicrodosing.com\/it\/wp-json\/wp\/v2\/product\/36711\/revisions"}],"predecessor-version":[{"id":65602,"href":"https:\/\/dutchmicrodosing.com\/it\/wp-json\/wp\/v2\/product\/36711\/revisions\/65602"}],"wp:featuredmedia":[{"embeddable":true,"href":"https:\/\/dutchmicrodosing.com\/it\/wp-json\/wp\/v2\/media\/36603"}],"wp:attachment":[{"href":"https:\/\/dutchmicrodosing.com\/it\/wp-json\/wp\/v2\/media?parent=36711"}],"wp:term":[{"taxonomy":"product_brand","embeddable":true,"href":"https:\/\/dutchmicrodosing.com\/it\/wp-json\/wp\/v2\/product_brand?post=36711"},{"taxonomy":"product_cat","embeddable":true,"href":"https:\/\/dutchmicrodosing.com\/it\/wp-json\/wp\/v2\/product_cat?post=36711"},{"taxonomy":"product_tag","embeddable":true,"href":"https:\/\/dutchmicrodosing.com\/it\/wp-json\/wp\/v2\/product_tag?post=36711"}],"curies":[{"name":"wp","href":"https:\/\/api.w.org\/{rel}","templated":true}]}}