{"id":36839,"date":"2024-02-21T20:48:53","date_gmt":"2024-02-21T19:48:53","guid":{"rendered":"https:\/\/dutchmicrodosing.com\/shop\/senza-categoria\/fiocchi-di-cacao-crudi-ecuador-qualita-cerimonia\/"},"modified":"2025-09-02T10:30:26","modified_gmt":"2025-09-02T08:30:26","slug":"fiocchi-di-cacao-crudi-ecuador-qualita-cerimonia","status":"publish","type":"product","link":"https:\/\/dutchmicrodosing.com\/it\/negozio-di-salute\/superalimenti\/fiocchi-di-cacao-crudi-ecuador-qualita-cerimonia\/","title":{"rendered":"Pasta di cacao cruda biologica Ecuador &#8211; Qualit\u00e0 cerimoniale"},"content":{"rendered":"<p>La <strong>pasta di cacao cruda biologica<\/strong> Ceremonial <strong>Ecuador &#8211; Qualit\u00e0 Ceremonial<\/strong> \u00e8 prodotta con semi di Arriba &#8220;Nacional&#8221; indigeni e viene sottoposta a uno speciale processo a freddo per preservare i nutrienti naturali. Il cacao Arriba &#8220;Nacional&#8221; \u00e8 conosciuto come una delle migliori variet\u00e0 di cacao ed \u00e8 considerato di alta qualit\u00e0. \u00c8 nota per il suo sapore delizioso e le sue fragranze aromatiche, che si fondono in una consistenza morbida come la seta. Questo cacao viene coltivato in sistemi di perma-coltura circondati da alberi da frutto tropicali come arance, avocado e mango. Il cacao cerimoniale \u00e8 curato con attenzione da piccoli agricoltori che padroneggiano l&#8217;arte della coltivazione del cacao, hanno un profondo legame con la natura e lavorano secondo rigorosi standard di commercio equo e solidale.<\/p>\n<h3>Ingredienti:<\/h3>\n<p>100% Pasta di cacao cruda cerimoniale Arriba &#8220;Nacional&#8221; dell&#8217;Ecuador.<\/p>\n<h3>Uso:<\/h3>\n<p>La pasta di cacao pu\u00f2 essere sbriciolata e consumata, aggiunta agli alimenti o sciolta. Si scioglie meglio a bagnomaria o a temperatura molto bassa in una padella per evitare di bruciarsi.<\/p>\n<h4>Utilizzare il Cerimoniale:<\/h4>\n<ol>\n<li>Preparazione della sala delle cerimonie: assicuratevi che la sala sia pulita, silenziosa e priva di elementi di disturbo. Si pu\u00f2 purificare lo spazio con il fumo della salvia bianca o del palo santo.<\/li>\n<li>Definire le intenzioni: Prendetevi un momento per riflettere e formulare le vostre intenzioni per la cerimonia, come la guarigione personale, la crescita spirituale o la ricerca di risposte alle domande della vita.<\/li>\n<li>Preparazione della bevanda al cacao:<br \/>\n&#8211; Scaldare l&#8217;acqua o il latte vegetale in un pentolino e aggiungere la pasta di cacao.<br \/>\n&#8211; Mescolare la pasta di cacao nell&#8217;acqua calda o nel latte vegetale fino al completo scioglimento.<br \/>\n&#8211; Aggiungere dolcificanti naturali e spezie a piacere, come miele, sciroppo d&#8217;acero, peperoncino, cannella o vaniglia.<\/li>\n<\/ol>\n<h4>Dosaggio consigliato:<\/h4>\n<p>La dose per l&#8217;uso cerimoniale varia a seconda della tolleranza personale, dell&#8217;esperienza con il cacao e dell&#8217;intensit\u00e0 desiderata dell&#8217;esperienza. Una linea guida generale per il dosaggio cerimoniale della pasta di cacao al 100% \u00e8 la seguente:<\/p>\n<ul>\n<li>Principianti: 20-25 grammi<\/li>\n<li>Media: 25-40 grammi<\/li>\n<li>Esperto: 40-50 grammi<\/li>\n<\/ul>\n<p>Le cerimonie del cacao offrono un modo potente per connettersi con il proprio io interiore e con il mondo spirituale. Utilizzando la pasta di cacao in modo rispettoso e con intenzioni chiare, \u00e8 possibile creare un&#8217;esperienza profonda e significativa.<\/p>\n<h3>Contenuti:<\/h3>\n<p>Pasta di cacao cruda biologica Ecuador \/ Qualit\u00e0 cerimoniale &#8211; 150g.<\/p>\n","protected":false},"excerpt":{"rendered":"<p>La pasta di cacao cruda biologica Ceremonial Ecuador &#8211; Qualit\u00e0 Ceremonial \u00e8 prodotta con semi di Arriba &#8220;Nacional&#8221; indigeni e viene sottoposta a uno speciale processo a freddo per preservare i nutrienti naturali. Il cacao Arriba &#8220;Nacional&#8221; \u00e8 conosciuto come una delle migliori variet\u00e0 di cacao ed \u00e8 considerato di alta qualit\u00e0. \u00c8 nota per [&hellip;]<\/p>\n","protected":false},"featured_media":36972,"comment_status":"closed","ping_status":"closed","template":"","meta":[],"product_brand":[],"product_cat":[338,295,296,282],"product_tag":[],"class_list":{"0":"post-36839","1":"product","2":"type-product","3":"status-publish","4":"has-post-thumbnail","6":"product_cat-cacao-greggio","7":"product_cat-integratori-energetici","8":"product_cat-integratori-per-il-sistema-immunitario","9":"product_cat-superalimenti","11":"first","12":"instock","13":"taxable","14":"shipping-taxable","15":"purchasable","16":"product-type-simple"},"yoast_head":"<!-- This site is optimized with the Yoast SEO Premium plugin v26.4 (Yoast SEO v27.4) - https:\/\/yoast.com\/product\/yoast-seo-premium-wordpress\/ -->\n<title>Pasta di cacao cruda biologica Ecuador - Qualit\u00e0 cerimoniale - Dutchmicrodosing<\/title>\n<meta name=\"robots\" content=\"index, follow, max-snippet:-1, max-image-preview:large, max-video-preview:-1\" \/>\n<link rel=\"canonical\" href=\"https:\/\/dutchmicrodosing.com\/it\/negozio-di-salute\/superalimenti\/fiocchi-di-cacao-crudi-ecuador-qualita-cerimonia\/\" \/>\n<meta property=\"og:locale\" content=\"it_IT\" \/>\n<meta property=\"og:type\" content=\"article\" \/>\n<meta property=\"og:title\" content=\"Pasta di cacao cruda biologica Ecuador - Qualit\u00e0 cerimoniale\" \/>\n<meta property=\"og:description\" content=\"La pasta di cacao cruda biologica Ceremonial Ecuador - Qualit\u00e0 Ceremonial \u00e8 prodotta con semi di Arriba &quot;Nacional&quot; indigeni e viene sottoposta a uno\" \/>\n<meta property=\"og:url\" content=\"https:\/\/dutchmicrodosing.com\/it\/negozio-di-salute\/superalimenti\/fiocchi-di-cacao-crudi-ecuador-qualita-cerimonia\/\" \/>\n<meta property=\"og:site_name\" content=\"Dutchmicrodosing\" \/>\n<meta property=\"article:publisher\" content=\"https:\/\/www.facebook.com\/Dutchmicrodosingxp\/\" \/>\n<meta property=\"article:modified_time\" content=\"2025-09-02T08:30:26+00:00\" \/>\n<meta property=\"og:image\" content=\"https:\/\/dutchmicrodosing.com\/wp-content\/uploads\/2024\/02\/ssss.png\" \/>\n\t<meta property=\"og:image:width\" content=\"500\" \/>\n\t<meta property=\"og:image:height\" content=\"500\" \/>\n\t<meta property=\"og:image:type\" content=\"image\/png\" \/>\n<meta name=\"twitter:card\" content=\"summary_large_image\" \/>\n<script type=\"application\/ld+json\" class=\"yoast-schema-graph\">{\"@context\":\"https:\\\/\\\/schema.org\",\"@graph\":[{\"@type\":\"WebPage\",\"@id\":\"https:\\\/\\\/dutchmicrodosing.com\\\/it\\\/negozio-di-salute\\\/superalimenti\\\/fiocchi-di-cacao-crudi-ecuador-qualita-cerimonia\\\/\",\"url\":\"https:\\\/\\\/dutchmicrodosing.com\\\/it\\\/negozio-di-salute\\\/superalimenti\\\/fiocchi-di-cacao-crudi-ecuador-qualita-cerimonia\\\/\",\"name\":\"Pasta di cacao cruda biologica Ecuador - Qualit\u00e0 cerimoniale - Dutchmicrodosing\",\"isPartOf\":{\"@id\":\"https:\\\/\\\/dutchmicrodosing.com\\\/it\\\/#website\"},\"primaryImageOfPage\":{\"@id\":\"https:\\\/\\\/dutchmicrodosing.com\\\/it\\\/negozio-di-salute\\\/superalimenti\\\/fiocchi-di-cacao-crudi-ecuador-qualita-cerimonia\\\/#primaryimage\"},\"image\":{\"@id\":\"https:\\\/\\\/dutchmicrodosing.com\\\/it\\\/negozio-di-salute\\\/superalimenti\\\/fiocchi-di-cacao-crudi-ecuador-qualita-cerimonia\\\/#primaryimage\"},\"thumbnailUrl\":\"https:\\\/\\\/dutchmicrodosing.com\\\/wp-content\\\/uploads\\\/2024\\\/02\\\/ssss.png\",\"datePublished\":\"2024-02-21T19:48:53+00:00\",\"dateModified\":\"2025-09-02T08:30:26+00:00\",\"breadcrumb\":{\"@id\":\"https:\\\/\\\/dutchmicrodosing.com\\\/it\\\/negozio-di-salute\\\/superalimenti\\\/fiocchi-di-cacao-crudi-ecuador-qualita-cerimonia\\\/#breadcrumb\"},\"inLanguage\":\"it-IT\",\"potentialAction\":[{\"@type\":\"ReadAction\",\"target\":[\"https:\\\/\\\/dutchmicrodosing.com\\\/it\\\/negozio-di-salute\\\/superalimenti\\\/fiocchi-di-cacao-crudi-ecuador-qualita-cerimonia\\\/\"]}]},{\"@type\":\"ImageObject\",\"inLanguage\":\"it-IT\",\"@id\":\"https:\\\/\\\/dutchmicrodosing.com\\\/it\\\/negozio-di-salute\\\/superalimenti\\\/fiocchi-di-cacao-crudi-ecuador-qualita-cerimonia\\\/#primaryimage\",\"url\":\"https:\\\/\\\/dutchmicrodosing.com\\\/wp-content\\\/uploads\\\/2024\\\/02\\\/ssss.png\",\"contentUrl\":\"https:\\\/\\\/dutchmicrodosing.com\\\/wp-content\\\/uploads\\\/2024\\\/02\\\/ssss.png\",\"width\":500,\"height\":500},{\"@type\":\"BreadcrumbList\",\"@id\":\"https:\\\/\\\/dutchmicrodosing.com\\\/it\\\/negozio-di-salute\\\/superalimenti\\\/fiocchi-di-cacao-crudi-ecuador-qualita-cerimonia\\\/#breadcrumb\",\"itemListElement\":[{\"@type\":\"ListItem\",\"position\":1,\"name\":\"Home\",\"item\":\"https:\\\/\\\/dutchmicrodosing.com\\\/it\\\/\"},{\"@type\":\"ListItem\",\"position\":2,\"name\":\"Negozio\",\"item\":\"https:\\\/\\\/dutchmicrodosing.com\\\/it\\\/negozio\\\/\"},{\"@type\":\"ListItem\",\"position\":3,\"name\":\"Pasta di cacao cruda biologica Ecuador &#8211; Qualit\u00e0 cerimoniale\"}]},{\"@type\":\"WebSite\",\"@id\":\"https:\\\/\\\/dutchmicrodosing.com\\\/it\\\/#website\",\"url\":\"https:\\\/\\\/dutchmicrodosing.com\\\/it\\\/\",\"name\":\"Dutchmicrodosing\",\"description\":\"\",\"publisher\":{\"@id\":\"https:\\\/\\\/dutchmicrodosing.com\\\/it\\\/#organization\"},\"potentialAction\":[{\"@type\":\"SearchAction\",\"target\":{\"@type\":\"EntryPoint\",\"urlTemplate\":\"https:\\\/\\\/dutchmicrodosing.com\\\/it\\\/?s={search_term_string}\"},\"query-input\":{\"@type\":\"PropertyValueSpecification\",\"valueRequired\":true,\"valueName\":\"search_term_string\"}}],\"inLanguage\":\"it-IT\"},{\"@type\":\"Organization\",\"@id\":\"https:\\\/\\\/dutchmicrodosing.com\\\/it\\\/#organization\",\"name\":\"Dutchmicrodosing\",\"url\":\"https:\\\/\\\/dutchmicrodosing.com\\\/it\\\/\",\"logo\":{\"@type\":\"ImageObject\",\"inLanguage\":\"it-IT\",\"@id\":\"https:\\\/\\\/dutchmicrodosing.com\\\/it\\\/#\\\/schema\\\/logo\\\/image\\\/\",\"url\":\"https:\\\/\\\/dutchmicrodosing.com\\\/wp-content\\\/uploads\\\/2021\\\/01\\\/microdosing-categorie-pic-nieuw.jpg\",\"contentUrl\":\"https:\\\/\\\/dutchmicrodosing.com\\\/wp-content\\\/uploads\\\/2021\\\/01\\\/microdosing-categorie-pic-nieuw.jpg\",\"width\":500,\"height\":500,\"caption\":\"Dutchmicrodosing\"},\"image\":{\"@id\":\"https:\\\/\\\/dutchmicrodosing.com\\\/it\\\/#\\\/schema\\\/logo\\\/image\\\/\"},\"sameAs\":[\"https:\\\/\\\/www.facebook.com\\\/Dutchmicrodosingxp\\\/\",\"https:\\\/\\\/www.instagram.com\\\/dutchmicrodosing\\\/\"]}]}<\/script>\n<meta property=\"product:price:amount\" content=\"14.95\" \/>\n<meta property=\"product:price:currency\" content=\"EUR\" \/>\n<meta property=\"og:availability\" content=\"instock\" \/>\n<meta property=\"product:availability\" content=\"instock\" \/>\n<meta property=\"product:retailer_item_id\" content=\"4202666\" \/>\n<meta property=\"product:condition\" content=\"new\" \/>\n<!-- \/ Yoast SEO Premium plugin. -->","yoast_head_json":{"title":"Pasta di cacao cruda biologica Ecuador - Qualit\u00e0 cerimoniale - Dutchmicrodosing","robots":{"index":"index","follow":"follow","max-snippet":"max-snippet:-1","max-image-preview":"max-image-preview:large","max-video-preview":"max-video-preview:-1"},"canonical":"https:\/\/dutchmicrodosing.com\/it\/negozio-di-salute\/superalimenti\/fiocchi-di-cacao-crudi-ecuador-qualita-cerimonia\/","og_locale":"it_IT","og_type":"article","og_title":"Pasta di cacao cruda biologica Ecuador - Qualit\u00e0 cerimoniale","og_description":"La pasta di cacao cruda biologica Ceremonial Ecuador - Qualit\u00e0 Ceremonial \u00e8 prodotta con semi di Arriba \"Nacional\" indigeni e viene sottoposta a uno","og_url":"https:\/\/dutchmicrodosing.com\/it\/negozio-di-salute\/superalimenti\/fiocchi-di-cacao-crudi-ecuador-qualita-cerimonia\/","og_site_name":"Dutchmicrodosing","article_publisher":"https:\/\/www.facebook.com\/Dutchmicrodosingxp\/","article_modified_time":"2025-09-02T08:30:26+00:00","og_image":[{"width":500,"height":500,"url":"https:\/\/dutchmicrodosing.com\/wp-content\/uploads\/2024\/02\/ssss.png","type":"image\/png"}],"twitter_card":"summary_large_image","schema":{"@context":"https:\/\/schema.org","@graph":[{"@type":"WebPage","@id":"https:\/\/dutchmicrodosing.com\/it\/negozio-di-salute\/superalimenti\/fiocchi-di-cacao-crudi-ecuador-qualita-cerimonia\/","url":"https:\/\/dutchmicrodosing.com\/it\/negozio-di-salute\/superalimenti\/fiocchi-di-cacao-crudi-ecuador-qualita-cerimonia\/","name":"Pasta di cacao cruda biologica Ecuador - Qualit\u00e0 cerimoniale - Dutchmicrodosing","isPartOf":{"@id":"https:\/\/dutchmicrodosing.com\/it\/#website"},"primaryImageOfPage":{"@id":"https:\/\/dutchmicrodosing.com\/it\/negozio-di-salute\/superalimenti\/fiocchi-di-cacao-crudi-ecuador-qualita-cerimonia\/#primaryimage"},"image":{"@id":"https:\/\/dutchmicrodosing.com\/it\/negozio-di-salute\/superalimenti\/fiocchi-di-cacao-crudi-ecuador-qualita-cerimonia\/#primaryimage"},"thumbnailUrl":"https:\/\/dutchmicrodosing.com\/wp-content\/uploads\/2024\/02\/ssss.png","datePublished":"2024-02-21T19:48:53+00:00","dateModified":"2025-09-02T08:30:26+00:00","breadcrumb":{"@id":"https:\/\/dutchmicrodosing.com\/it\/negozio-di-salute\/superalimenti\/fiocchi-di-cacao-crudi-ecuador-qualita-cerimonia\/#breadcrumb"},"inLanguage":"it-IT","potentialAction":[{"@type":"ReadAction","target":["https:\/\/dutchmicrodosing.com\/it\/negozio-di-salute\/superalimenti\/fiocchi-di-cacao-crudi-ecuador-qualita-cerimonia\/"]}]},{"@type":"ImageObject","inLanguage":"it-IT","@id":"https:\/\/dutchmicrodosing.com\/it\/negozio-di-salute\/superalimenti\/fiocchi-di-cacao-crudi-ecuador-qualita-cerimonia\/#primaryimage","url":"https:\/\/dutchmicrodosing.com\/wp-content\/uploads\/2024\/02\/ssss.png","contentUrl":"https:\/\/dutchmicrodosing.com\/wp-content\/uploads\/2024\/02\/ssss.png","width":500,"height":500},{"@type":"BreadcrumbList","@id":"https:\/\/dutchmicrodosing.com\/it\/negozio-di-salute\/superalimenti\/fiocchi-di-cacao-crudi-ecuador-qualita-cerimonia\/#breadcrumb","itemListElement":[{"@type":"ListItem","position":1,"name":"Home","item":"https:\/\/dutchmicrodosing.com\/it\/"},{"@type":"ListItem","position":2,"name":"Negozio","item":"https:\/\/dutchmicrodosing.com\/it\/negozio\/"},{"@type":"ListItem","position":3,"name":"Pasta di cacao cruda biologica Ecuador &#8211; Qualit\u00e0 cerimoniale"}]},{"@type":"WebSite","@id":"https:\/\/dutchmicrodosing.com\/it\/#website","url":"https:\/\/dutchmicrodosing.com\/it\/","name":"Dutchmicrodosing","description":"","publisher":{"@id":"https:\/\/dutchmicrodosing.com\/it\/#organization"},"potentialAction":[{"@type":"SearchAction","target":{"@type":"EntryPoint","urlTemplate":"https:\/\/dutchmicrodosing.com\/it\/?s={search_term_string}"},"query-input":{"@type":"PropertyValueSpecification","valueRequired":true,"valueName":"search_term_string"}}],"inLanguage":"it-IT"},{"@type":"Organization","@id":"https:\/\/dutchmicrodosing.com\/it\/#organization","name":"Dutchmicrodosing","url":"https:\/\/dutchmicrodosing.com\/it\/","logo":{"@type":"ImageObject","inLanguage":"it-IT","@id":"https:\/\/dutchmicrodosing.com\/it\/#\/schema\/logo\/image\/","url":"https:\/\/dutchmicrodosing.com\/wp-content\/uploads\/2021\/01\/microdosing-categorie-pic-nieuw.jpg","contentUrl":"https:\/\/dutchmicrodosing.com\/wp-content\/uploads\/2021\/01\/microdosing-categorie-pic-nieuw.jpg","width":500,"height":500,"caption":"Dutchmicrodosing"},"image":{"@id":"https:\/\/dutchmicrodosing.com\/it\/#\/schema\/logo\/image\/"},"sameAs":["https:\/\/www.facebook.com\/Dutchmicrodosingxp\/","https:\/\/www.instagram.com\/dutchmicrodosing\/"]}]},"product_price_amount":"14.95","product_price_currency":"EUR","og_availability":"instock","product_availability":"instock","product_retailer_item_id":"4202666","product_condition":"new"},"_links":{"self":[{"href":"https:\/\/dutchmicrodosing.com\/it\/wp-json\/wp\/v2\/product\/36839","targetHints":{"allow":["GET"]}}],"collection":[{"href":"https:\/\/dutchmicrodosing.com\/it\/wp-json\/wp\/v2\/product"}],"about":[{"href":"https:\/\/dutchmicrodosing.com\/it\/wp-json\/wp\/v2\/types\/product"}],"replies":[{"embeddable":true,"href":"https:\/\/dutchmicrodosing.com\/it\/wp-json\/wp\/v2\/comments?post=36839"}],"version-history":[{"count":0,"href":"https:\/\/dutchmicrodosing.com\/it\/wp-json\/wp\/v2\/product\/36839\/revisions"}],"wp:featuredmedia":[{"embeddable":true,"href":"https:\/\/dutchmicrodosing.com\/it\/wp-json\/wp\/v2\/media\/36972"}],"wp:attachment":[{"href":"https:\/\/dutchmicrodosing.com\/it\/wp-json\/wp\/v2\/media?parent=36839"}],"wp:term":[{"taxonomy":"product_brand","embeddable":true,"href":"https:\/\/dutchmicrodosing.com\/it\/wp-json\/wp\/v2\/product_brand?post=36839"},{"taxonomy":"product_cat","embeddable":true,"href":"https:\/\/dutchmicrodosing.com\/it\/wp-json\/wp\/v2\/product_cat?post=36839"},{"taxonomy":"product_tag","embeddable":true,"href":"https:\/\/dutchmicrodosing.com\/it\/wp-json\/wp\/v2\/product_tag?post=36839"}],"curies":[{"name":"wp","href":"https:\/\/api.w.org\/{rel}","templated":true}]}}