{"id":36848,"date":"2024-02-21T20:09:35","date_gmt":"2024-02-21T19:09:35","guid":{"rendered":"https:\/\/dutchmicrodosing.com\/?post_type=product&#038;p=36848"},"modified":"2025-08-19T15:28:32","modified_gmt":"2025-08-19T13:28:32","slug":"semi-di-cacao-cerimoniale-bolivia","status":"publish","type":"product","link":"https:\/\/dutchmicrodosing.com\/it\/negozio-di-salute\/superalimenti\/semi-di-cacao-cerimoniale-bolivia\/","title":{"rendered":"Semi di cacao biologici Bolivia &#8211; Qualit\u00e0 cerimoniale"},"content":{"rendered":"<p>I <strong>semi di cacao biologico Bolivia <\/strong>della variet\u00e0 Beniano, unica nel suo genere, sono raccolti in modo selvaggio a Beni, nel nord-est della Bolivia. Questa particolare variet\u00e0 di cacao, che ha prosperato nella foresta amazzonica per centinaia di anni, \u00e8 pura e non influenzata da incroci con altre variet\u00e0, il che la rende una variet\u00e0 rara e molto ricercata dagli intenditori di cacao. Questi fagioli sono spesso utilizzati in contesti cerimoniali. Le comunit\u00e0 locali considerano la foresta pluviale e le sue risorse di cacao come una propriet\u00e0 comune e le gestiscono attraverso un processo decisionale collettivo. La raccolta di questi semi di cacao selvatico avviene manualmente da gennaio a marzo, senza l&#8217;ausilio di macchine utensili, a beneficio della biodiversit\u00e0 della foresta pluviale e sottolineando lo status speciale di questo cacao selvatico.<\/p>\n<h3>El Ceibo<\/h3>\n<p>In Bolivia, il cacao cresce naturalmente nelle foreste di Beni, Cochabamba e La Paz settentrionale. I semi di cacao sono forniti da El Ceibo, una cooperativa di secondo livello fondata nel 1977 da 12 cooperative di base. El Ceibo riunisce pi\u00f9 di 1.200 piccoli proprietari dediti alla coltivazione biologica del cacao nella regione di Alto Beni. Fin dalla sua nascita, nel 1977, la cooperativa ha lavorato per migliorare le condizioni di vita dei suoi membri. Da molti anni El Ceibo, in collaborazione con PIAF (Programma per l&#8217;implementazione dell&#8217;agroecologia e della silvicoltura), promuove la coltivazione del cacao in sistemi di piantagione agroforestale. Qui il cacao viene coltivato insieme a colture da frutto, piante medicinali e legname.<\/p>\n<h3>Ingredienti<\/h3>\n<p>100% Semi e fagioli di cacao biologici dalla Bolivia<\/p>\n<h3>Operazione<\/h3>\n<ul>\n<li>Potere antiossidante.<\/li>\n<li>Potenziatore naturale dell&#8217;umore.<\/li>\n<li>Promuove la salute del cuore.<\/li>\n<li>Ricco di minerali.<\/li>\n<li>Miglioramento della funzione cerebrale.<\/li>\n<\/ul>\n<h3>Utilizzo<\/h3>\n<p>Le fave di cacao sono versatili nell&#8217;uso. Si pu\u00f2 fare del cioccolato fatto in casa, oppure macinarlo e aggiungerlo a frullati, pancake, muesli o yogurt. Si consiglia di consumare non pi\u00f9 di 10-15 grammi di semi di cacao al giorno.<\/p>\n<h3>Uso cerimoniale<\/h3>\n<p>Ecco una guida generale alla preparazione dei semi di cacao per uso cerimoniale, utilizzati in varie cerimonie tradizionali e contemporanee:<\/p>\n<ol>\n<li><strong>Pulizia<\/strong><br \/>\nIniziate con una pulizia fisica ed energetica dello spazio, di voi stessi e delle fave di cacao. Questo pu\u00f2 includere fumo di salvia bianca, palo santo o un altro rituale di purificazione. Per i fagioli stessi pu\u00f2 bastare un semplice risciacquo sotto l&#8217;acqua corrente, con l&#8217;intento di ripulirli da eventuali energie negative.<\/li>\n<li><strong>Brindisi<\/strong><br \/>\nLa tostatura delle fave di cacao aiuta a sviluppare gli aromi e facilita la rimozione della buccia. Tostate leggermente i chicchi a fuoco lento, mantenendo l&#8217;attenzione e l&#8217;intenzione sul processo e sulla cerimonia imminente. Continuare a mescolare costantemente per evitare di bruciare.<\/li>\n<li><strong>Sbucciatura<\/strong><br \/>\nDopo la tostatura, lasciate raffreddare i chicchi. Successivamente, togliere la buccia a ciascun fagiolo. Questa operazione pu\u00f2 essere eseguita manualmente, a volte facendo rotolare leggermente i chicchi tra le mani o su un panno pulito per facilitare il processo.<\/li>\n<li><strong>Rettifica<\/strong><br \/>\nI fagioli sgusciati possono poi essere macinati in una pasta fine. Si pu\u00f2 utilizzare un macinino manuale, un macinino a pietra o un moderno robot da cucina. L&#8217;intenzione e l&#8217;attenzione durante questo processo sono fondamentali per preservare le qualit\u00e0 spirituali del cacao.<\/li>\n<li><strong>Preparazione della bevanda<\/strong><br \/>\nMescolare la pasta di cacao con acqua calda (non usare acqua bollente per non danneggiare i principi attivi) e mescolare bene. Tradizionalmente non vengono aggiunti dolcificanti, ma a seconda della cerimonia specifica e delle preferenze personali si possono aggiungere miele, peperoncino, vaniglia o altri ingredienti naturali per arricchire l&#8217;esperienza.<\/li>\n<li><strong>Intenzione e preghiera<\/strong><br \/>\nPrima di servire la cioccolata, pronunciate un&#8217;intenzione o una preghiera sulla bevanda. \u00c8 il momento di invocare lo spirito del cacao e di chiedere il permesso e la benedizione per la cerimonia.<\/li>\n<li><strong>Consumo<\/strong><br \/>\nLa bevanda di cacao viene bevuta in un contesto cerimoniale, spesso in cerchio e accompagnata da un facilitatore o sciamano. I partecipanti possono essere incoraggiati a meditare sulla loro intenzione, a condividere in cerchio o a partecipare ad altre pratiche rituali.<\/li>\n<li>\u00c8 importante ricordare che il rispetto per il cacao e per le culture che hanno utilizzato questa pianta sacra per secoli \u00e8 fondamentale per qualsiasi cerimonia. L&#8217;uso cerimoniale del cacao \u00e8 un modo potente per connettersi con il cuore, con gli altri e con la terra.<\/li>\n<\/ol>\n<p>Consultate sempre il vostro medico prima di aggiungere alla vostra dieta alimenti ad alto valore nutrizionale. Conservare il prodotto nella confezione originale per un massimo di 18 mesi, preferibilmente in un luogo fresco e asciutto.<\/p>\n<h3>Contenuto<\/h3>\n<p>100% Semi di Cacao Biologico Bolivia &#8211; 200 g.<\/p>\n","protected":false},"excerpt":{"rendered":"<p>I semi di cacao biologico Bolivia della variet\u00e0 Beniano, unica nel suo genere, sono raccolti in modo selvaggio a Beni, nel nord-est della Bolivia. Questa particolare variet\u00e0 di cacao, che ha prosperato nella foresta amazzonica per centinaia di anni, \u00e8 pura e non influenzata da incroci con altre variet\u00e0, il che la rende una variet\u00e0 [&hellip;]<\/p>\n","protected":false},"featured_media":36944,"comment_status":"closed","ping_status":"closed","template":"","meta":[],"product_brand":[],"product_cat":[338,296,282],"product_tag":[],"class_list":{"0":"post-36848","1":"product","2":"type-product","3":"status-publish","4":"has-post-thumbnail","6":"product_cat-cacao-greggio","7":"product_cat-integratori-per-il-sistema-immunitario","8":"product_cat-superalimenti","10":"first","11":"instock","12":"taxable","13":"shipping-taxable","14":"purchasable","15":"product-type-simple"},"yoast_head":"<!-- This site is optimized with the Yoast SEO Premium plugin v26.4 (Yoast SEO v27.4) - https:\/\/yoast.com\/product\/yoast-seo-premium-wordpress\/ -->\n<title>Semi di cacao biologici Bolivia - Qualit\u00e0 cerimoniale - Dutchmicrodosing<\/title>\n<meta name=\"robots\" content=\"index, follow, max-snippet:-1, max-image-preview:large, max-video-preview:-1\" \/>\n<link rel=\"canonical\" href=\"https:\/\/dutchmicrodosing.com\/it\/negozio-di-salute\/superalimenti\/semi-di-cacao-cerimoniale-bolivia\/\" \/>\n<meta property=\"og:locale\" content=\"it_IT\" \/>\n<meta property=\"og:type\" content=\"article\" \/>\n<meta property=\"og:title\" content=\"Semi di cacao biologici Bolivia - Qualit\u00e0 cerimoniale\" \/>\n<meta property=\"og:description\" content=\"I semi di cacao biologico Bolivia della variet\u00e0 Beniano, unica nel suo genere, sono raccolti in modo selvaggio a Beni, nel nord-est della Bolivia. Questa\" \/>\n<meta property=\"og:url\" content=\"https:\/\/dutchmicrodosing.com\/it\/negozio-di-salute\/superalimenti\/semi-di-cacao-cerimoniale-bolivia\/\" \/>\n<meta property=\"og:site_name\" content=\"Dutchmicrodosing\" \/>\n<meta property=\"article:publisher\" content=\"https:\/\/www.facebook.com\/Dutchmicrodosingxp\/\" \/>\n<meta property=\"article:modified_time\" content=\"2025-08-19T13:28:32+00:00\" \/>\n<meta property=\"og:image\" content=\"https:\/\/dutchmicrodosing.com\/wp-content\/uploads\/2024\/02\/cacao.png\" \/>\n\t<meta property=\"og:image:width\" content=\"500\" \/>\n\t<meta property=\"og:image:height\" content=\"500\" \/>\n\t<meta property=\"og:image:type\" content=\"image\/png\" \/>\n<meta name=\"twitter:card\" content=\"summary_large_image\" \/>\n<script type=\"application\/ld+json\" class=\"yoast-schema-graph\">{\"@context\":\"https:\\\/\\\/schema.org\",\"@graph\":[{\"@type\":\"WebPage\",\"@id\":\"https:\\\/\\\/dutchmicrodosing.com\\\/it\\\/negozio-di-salute\\\/superalimenti\\\/semi-di-cacao-cerimoniale-bolivia\\\/\",\"url\":\"https:\\\/\\\/dutchmicrodosing.com\\\/it\\\/negozio-di-salute\\\/superalimenti\\\/semi-di-cacao-cerimoniale-bolivia\\\/\",\"name\":\"Semi di cacao biologici Bolivia - Qualit\u00e0 cerimoniale - Dutchmicrodosing\",\"isPartOf\":{\"@id\":\"https:\\\/\\\/dutchmicrodosing.com\\\/it\\\/#website\"},\"primaryImageOfPage\":{\"@id\":\"https:\\\/\\\/dutchmicrodosing.com\\\/it\\\/negozio-di-salute\\\/superalimenti\\\/semi-di-cacao-cerimoniale-bolivia\\\/#primaryimage\"},\"image\":{\"@id\":\"https:\\\/\\\/dutchmicrodosing.com\\\/it\\\/negozio-di-salute\\\/superalimenti\\\/semi-di-cacao-cerimoniale-bolivia\\\/#primaryimage\"},\"thumbnailUrl\":\"https:\\\/\\\/dutchmicrodosing.com\\\/wp-content\\\/uploads\\\/2024\\\/02\\\/cacao.png\",\"datePublished\":\"2024-02-21T19:09:35+00:00\",\"dateModified\":\"2025-08-19T13:28:32+00:00\",\"breadcrumb\":{\"@id\":\"https:\\\/\\\/dutchmicrodosing.com\\\/it\\\/negozio-di-salute\\\/superalimenti\\\/semi-di-cacao-cerimoniale-bolivia\\\/#breadcrumb\"},\"inLanguage\":\"it-IT\",\"potentialAction\":[{\"@type\":\"ReadAction\",\"target\":[\"https:\\\/\\\/dutchmicrodosing.com\\\/it\\\/negozio-di-salute\\\/superalimenti\\\/semi-di-cacao-cerimoniale-bolivia\\\/\"]}]},{\"@type\":\"ImageObject\",\"inLanguage\":\"it-IT\",\"@id\":\"https:\\\/\\\/dutchmicrodosing.com\\\/it\\\/negozio-di-salute\\\/superalimenti\\\/semi-di-cacao-cerimoniale-bolivia\\\/#primaryimage\",\"url\":\"https:\\\/\\\/dutchmicrodosing.com\\\/wp-content\\\/uploads\\\/2024\\\/02\\\/cacao.png\",\"contentUrl\":\"https:\\\/\\\/dutchmicrodosing.com\\\/wp-content\\\/uploads\\\/2024\\\/02\\\/cacao.png\",\"width\":500,\"height\":500},{\"@type\":\"BreadcrumbList\",\"@id\":\"https:\\\/\\\/dutchmicrodosing.com\\\/it\\\/negozio-di-salute\\\/superalimenti\\\/semi-di-cacao-cerimoniale-bolivia\\\/#breadcrumb\",\"itemListElement\":[{\"@type\":\"ListItem\",\"position\":1,\"name\":\"Home\",\"item\":\"https:\\\/\\\/dutchmicrodosing.com\\\/it\\\/\"},{\"@type\":\"ListItem\",\"position\":2,\"name\":\"Negozio\",\"item\":\"https:\\\/\\\/dutchmicrodosing.com\\\/it\\\/negozio\\\/\"},{\"@type\":\"ListItem\",\"position\":3,\"name\":\"Semi di cacao biologici Bolivia &#8211; Qualit\u00e0 cerimoniale\"}]},{\"@type\":\"WebSite\",\"@id\":\"https:\\\/\\\/dutchmicrodosing.com\\\/it\\\/#website\",\"url\":\"https:\\\/\\\/dutchmicrodosing.com\\\/it\\\/\",\"name\":\"Dutchmicrodosing\",\"description\":\"\",\"publisher\":{\"@id\":\"https:\\\/\\\/dutchmicrodosing.com\\\/it\\\/#organization\"},\"potentialAction\":[{\"@type\":\"SearchAction\",\"target\":{\"@type\":\"EntryPoint\",\"urlTemplate\":\"https:\\\/\\\/dutchmicrodosing.com\\\/it\\\/?s={search_term_string}\"},\"query-input\":{\"@type\":\"PropertyValueSpecification\",\"valueRequired\":true,\"valueName\":\"search_term_string\"}}],\"inLanguage\":\"it-IT\"},{\"@type\":\"Organization\",\"@id\":\"https:\\\/\\\/dutchmicrodosing.com\\\/it\\\/#organization\",\"name\":\"Dutchmicrodosing\",\"url\":\"https:\\\/\\\/dutchmicrodosing.com\\\/it\\\/\",\"logo\":{\"@type\":\"ImageObject\",\"inLanguage\":\"it-IT\",\"@id\":\"https:\\\/\\\/dutchmicrodosing.com\\\/it\\\/#\\\/schema\\\/logo\\\/image\\\/\",\"url\":\"https:\\\/\\\/dutchmicrodosing.com\\\/wp-content\\\/uploads\\\/2021\\\/01\\\/microdosing-categorie-pic-nieuw.jpg\",\"contentUrl\":\"https:\\\/\\\/dutchmicrodosing.com\\\/wp-content\\\/uploads\\\/2021\\\/01\\\/microdosing-categorie-pic-nieuw.jpg\",\"width\":500,\"height\":500,\"caption\":\"Dutchmicrodosing\"},\"image\":{\"@id\":\"https:\\\/\\\/dutchmicrodosing.com\\\/it\\\/#\\\/schema\\\/logo\\\/image\\\/\"},\"sameAs\":[\"https:\\\/\\\/www.facebook.com\\\/Dutchmicrodosingxp\\\/\",\"https:\\\/\\\/www.instagram.com\\\/dutchmicrodosing\\\/\"]}]}<\/script>\n<meta property=\"product:price:amount\" content=\"9.95\" \/>\n<meta property=\"product:price:currency\" content=\"EUR\" \/>\n<meta property=\"og:availability\" content=\"instock\" \/>\n<meta property=\"product:availability\" content=\"instock\" \/>\n<meta property=\"product:retailer_item_id\" content=\"4202644\" \/>\n<meta property=\"product:condition\" content=\"new\" \/>\n<!-- \/ Yoast SEO Premium plugin. -->","yoast_head_json":{"title":"Semi di cacao biologici Bolivia - Qualit\u00e0 cerimoniale - Dutchmicrodosing","robots":{"index":"index","follow":"follow","max-snippet":"max-snippet:-1","max-image-preview":"max-image-preview:large","max-video-preview":"max-video-preview:-1"},"canonical":"https:\/\/dutchmicrodosing.com\/it\/negozio-di-salute\/superalimenti\/semi-di-cacao-cerimoniale-bolivia\/","og_locale":"it_IT","og_type":"article","og_title":"Semi di cacao biologici Bolivia - Qualit\u00e0 cerimoniale","og_description":"I semi di cacao biologico Bolivia della variet\u00e0 Beniano, unica nel suo genere, sono raccolti in modo selvaggio a Beni, nel nord-est della Bolivia. Questa","og_url":"https:\/\/dutchmicrodosing.com\/it\/negozio-di-salute\/superalimenti\/semi-di-cacao-cerimoniale-bolivia\/","og_site_name":"Dutchmicrodosing","article_publisher":"https:\/\/www.facebook.com\/Dutchmicrodosingxp\/","article_modified_time":"2025-08-19T13:28:32+00:00","og_image":[{"width":500,"height":500,"url":"https:\/\/dutchmicrodosing.com\/wp-content\/uploads\/2024\/02\/cacao.png","type":"image\/png"}],"twitter_card":"summary_large_image","schema":{"@context":"https:\/\/schema.org","@graph":[{"@type":"WebPage","@id":"https:\/\/dutchmicrodosing.com\/it\/negozio-di-salute\/superalimenti\/semi-di-cacao-cerimoniale-bolivia\/","url":"https:\/\/dutchmicrodosing.com\/it\/negozio-di-salute\/superalimenti\/semi-di-cacao-cerimoniale-bolivia\/","name":"Semi di cacao biologici Bolivia - Qualit\u00e0 cerimoniale - Dutchmicrodosing","isPartOf":{"@id":"https:\/\/dutchmicrodosing.com\/it\/#website"},"primaryImageOfPage":{"@id":"https:\/\/dutchmicrodosing.com\/it\/negozio-di-salute\/superalimenti\/semi-di-cacao-cerimoniale-bolivia\/#primaryimage"},"image":{"@id":"https:\/\/dutchmicrodosing.com\/it\/negozio-di-salute\/superalimenti\/semi-di-cacao-cerimoniale-bolivia\/#primaryimage"},"thumbnailUrl":"https:\/\/dutchmicrodosing.com\/wp-content\/uploads\/2024\/02\/cacao.png","datePublished":"2024-02-21T19:09:35+00:00","dateModified":"2025-08-19T13:28:32+00:00","breadcrumb":{"@id":"https:\/\/dutchmicrodosing.com\/it\/negozio-di-salute\/superalimenti\/semi-di-cacao-cerimoniale-bolivia\/#breadcrumb"},"inLanguage":"it-IT","potentialAction":[{"@type":"ReadAction","target":["https:\/\/dutchmicrodosing.com\/it\/negozio-di-salute\/superalimenti\/semi-di-cacao-cerimoniale-bolivia\/"]}]},{"@type":"ImageObject","inLanguage":"it-IT","@id":"https:\/\/dutchmicrodosing.com\/it\/negozio-di-salute\/superalimenti\/semi-di-cacao-cerimoniale-bolivia\/#primaryimage","url":"https:\/\/dutchmicrodosing.com\/wp-content\/uploads\/2024\/02\/cacao.png","contentUrl":"https:\/\/dutchmicrodosing.com\/wp-content\/uploads\/2024\/02\/cacao.png","width":500,"height":500},{"@type":"BreadcrumbList","@id":"https:\/\/dutchmicrodosing.com\/it\/negozio-di-salute\/superalimenti\/semi-di-cacao-cerimoniale-bolivia\/#breadcrumb","itemListElement":[{"@type":"ListItem","position":1,"name":"Home","item":"https:\/\/dutchmicrodosing.com\/it\/"},{"@type":"ListItem","position":2,"name":"Negozio","item":"https:\/\/dutchmicrodosing.com\/it\/negozio\/"},{"@type":"ListItem","position":3,"name":"Semi di cacao biologici Bolivia &#8211; Qualit\u00e0 cerimoniale"}]},{"@type":"WebSite","@id":"https:\/\/dutchmicrodosing.com\/it\/#website","url":"https:\/\/dutchmicrodosing.com\/it\/","name":"Dutchmicrodosing","description":"","publisher":{"@id":"https:\/\/dutchmicrodosing.com\/it\/#organization"},"potentialAction":[{"@type":"SearchAction","target":{"@type":"EntryPoint","urlTemplate":"https:\/\/dutchmicrodosing.com\/it\/?s={search_term_string}"},"query-input":{"@type":"PropertyValueSpecification","valueRequired":true,"valueName":"search_term_string"}}],"inLanguage":"it-IT"},{"@type":"Organization","@id":"https:\/\/dutchmicrodosing.com\/it\/#organization","name":"Dutchmicrodosing","url":"https:\/\/dutchmicrodosing.com\/it\/","logo":{"@type":"ImageObject","inLanguage":"it-IT","@id":"https:\/\/dutchmicrodosing.com\/it\/#\/schema\/logo\/image\/","url":"https:\/\/dutchmicrodosing.com\/wp-content\/uploads\/2021\/01\/microdosing-categorie-pic-nieuw.jpg","contentUrl":"https:\/\/dutchmicrodosing.com\/wp-content\/uploads\/2021\/01\/microdosing-categorie-pic-nieuw.jpg","width":500,"height":500,"caption":"Dutchmicrodosing"},"image":{"@id":"https:\/\/dutchmicrodosing.com\/it\/#\/schema\/logo\/image\/"},"sameAs":["https:\/\/www.facebook.com\/Dutchmicrodosingxp\/","https:\/\/www.instagram.com\/dutchmicrodosing\/"]}]},"product_price_amount":"9.95","product_price_currency":"EUR","og_availability":"instock","product_availability":"instock","product_retailer_item_id":"4202644","product_condition":"new"},"_links":{"self":[{"href":"https:\/\/dutchmicrodosing.com\/it\/wp-json\/wp\/v2\/product\/36848","targetHints":{"allow":["GET"]}}],"collection":[{"href":"https:\/\/dutchmicrodosing.com\/it\/wp-json\/wp\/v2\/product"}],"about":[{"href":"https:\/\/dutchmicrodosing.com\/it\/wp-json\/wp\/v2\/types\/product"}],"replies":[{"embeddable":true,"href":"https:\/\/dutchmicrodosing.com\/it\/wp-json\/wp\/v2\/comments?post=36848"}],"version-history":[{"count":0,"href":"https:\/\/dutchmicrodosing.com\/it\/wp-json\/wp\/v2\/product\/36848\/revisions"}],"wp:featuredmedia":[{"embeddable":true,"href":"https:\/\/dutchmicrodosing.com\/it\/wp-json\/wp\/v2\/media\/36944"}],"wp:attachment":[{"href":"https:\/\/dutchmicrodosing.com\/it\/wp-json\/wp\/v2\/media?parent=36848"}],"wp:term":[{"taxonomy":"product_brand","embeddable":true,"href":"https:\/\/dutchmicrodosing.com\/it\/wp-json\/wp\/v2\/product_brand?post=36848"},{"taxonomy":"product_cat","embeddable":true,"href":"https:\/\/dutchmicrodosing.com\/it\/wp-json\/wp\/v2\/product_cat?post=36848"},{"taxonomy":"product_tag","embeddable":true,"href":"https:\/\/dutchmicrodosing.com\/it\/wp-json\/wp\/v2\/product_tag?post=36848"}],"curies":[{"name":"wp","href":"https:\/\/api.w.org\/{rel}","templated":true}]}}