{"id":38084,"date":"2024-04-10T07:31:01","date_gmt":"2024-04-10T05:31:01","guid":{"rendered":"https:\/\/dutchmicrodosing.com\/?post_type=product&#038;p=38084"},"modified":"2025-08-18T16:21:27","modified_gmt":"2025-08-18T14:21:27","slug":"kit-di-coltivazione-jack-frost-paddo","status":"publish","type":"product","link":"https:\/\/dutchmicrodosing.com\/it\/funghi-allucinogeni\/kit-di-coltivazione-mystic-fungi\/kit-di-coltivazione-jack-frost-paddo\/","title":{"rendered":"Kit per la coltivazione di funghi Jack Frost"},"content":{"rendered":"<p>Il <strong>Jack Frost Mushroom Grow Kit<\/strong> \u00e8 una variet\u00e0 speciale della famiglia Psilocybe cubensis, nota per l&#8217;elevata potenza e l&#8217;aspetto unico. Questo tipo di fungo \u00e8 il risultato di un incrocio tra due specie altrettanto particolari: il Vero Insegnante Albino (TAT) e l&#8217;Invidia del Pene Albino (APE). Entrambe le variet\u00e0 parentali sono note per i loro forti effetti psichedelici e per le loro caratteristiche visivamente accattivanti, che le rendono scelte popolari tra gli amanti della psichedelia.<\/p>\n<p>Il nome &#8220;Jack Frost&#8221; \u00e8 un riferimento diretto al caratteristico aspetto ghiacciato di questi funghi. Si distinguono per il colore bianco puro, raro tra le specie di Psilocybe cubensis. Questa caratteristica unica, insieme ai cappelli piatti che si arricciano verso l&#8217;alto quando il fungo matura, rende il Jack Frost visivamente distintivo.<\/p>\n<p>L&#8217;avvertimento sulla forza di questa specie \u00e8 importante da tenere presente. A causa della sua elevata potenza, che deriva dal background genetico sia di True Albino Teacher che di Albino Penis Envy, si raccomanda di regolare il dosaggio. I principianti o coloro che hanno poca esperienza con gli psichedelici dovrebbero prendere in considerazione l&#8217;idea di iniziare con una dose pi\u00f9 bassa del solito. Questo per garantire che l&#8217;esperienza rimanga gestibile e piacevole.<\/p>\n<h2>Coltiva i tuoi funghi Jack Frost<\/h2>\n<p>Questo kit promette rese maggiori (700 grammi) e un maggior numero di funghi, con un minor sforzo di gestione e un minor rischio di contaminazione. Le istruzioni sono facili da seguire, quindi dovrai preoccuparti meno della crescita dei tuoi funghi. Adatto sia ai principianti che ai coltivatori esperti, il kit di coltivazione garantisce un&#8217;esperienza di coltivazione senza sforzo. Segui le nostre chiare istruzioni e in poche settimane potrai assistere alla nascita di potenti funghi Jack Frost. Il substrato \u00e8 gi\u00e0 inoculato con le spore, il che significa che non sono necessari passaggi complicati: devi solo aggiungere acqua, pazienza e un po&#8217; di curiosit\u00e0.<\/p>\n<h2>Quali sono gli effetti dei funghi magici Jack Frost<\/h2>\n<ul>\n<li>Cambiamenti visivi: Possono variare da sottili cambiamenti nella percezione a intense allucinazioni visive, come cambiamenti di colori, modelli e forme.<\/li>\n<li>Modelli di pensiero alterati: I funghi magici Jack Frost possono portare a pensieri pi\u00f9 profondi, all&#8217;introspezione e a un&#8217;alterata consapevolezza di s\u00e9 e dell&#8217;ambiente.<\/li>\n<li>Esperienze spirituali e mistiche: Sentimenti di connessione, trascendenza e illuminazione spirituale sono certamente possibili con i funghi Jack Frost.<\/li>\n<\/ul>\n<h2>Jack Frost incrocia due potenti funghi: Albino Teacher e Albino Penis Envy<\/h2>\n<p>Il fungo Jack Frost \u00e8 un ibrido (incrocio) dei ceppi True Albino Teacher e Albino Penis Envy, noti per il loro aspetto attraente e i forti effetti.<\/p>\n<h2>Istruzioni Kit di coltivazione Jack Frost<\/h2>\n<p>Assicurati che il tuo spazio di lavoro sia pulito per evitare che altri microrganismi contaminino il tuo kit di coltivazione. \u00c8 importante lavorare in modo igienico. Usa sempre acqua pulita del rubinetto o minerale per nebulizzare e bagnare il tuo kit di coltivazione. Non utilizzare acqua distillata o demi, perch\u00e9 non \u00e8 adatta.<\/p>\n<ol>\n<li>Rimuovi il sacchetto dalla scatola e stendilo.<\/li>\n<li>Apri la busta rimuovendo la clip ermetica in alto. Fai prendere aria al sacchetto allungandolo delicatamente, poi richiudilo con la clip. Per evitare che i funghi crescano sui lati del substrato, puoi mettere un elastico intorno alla parte esterna del sacchetto, appena sopra il livello del substrato.<\/li>\n<li>Tieni d&#8217;occhio la crescita: Tieni d&#8217;occhio il sacchetto quando i funghi iniziano a crescere. Le prime due volte non \u00e8 necessario annaffiare. Quando i cappelli iniziano ad aprirsi, \u00e8 il momento di raccogliere. Si noti che non tutte le variet\u00e0 presentano veli o spore a goccia.<\/li>\n<li>Raccolta: prima della raccolta, assicurati di avere un ambiente pulito disinfettando le mani con l&#8217;alcol e indossando preferibilmente guanti in lattice. Per raccogliere, ruota i funghi in senso orario. Raccogli appena i cappelli iniziano ad aprirsi per ottenere una potenza ottimale. I frutti sono pronti per essere raccolti dopo due o quattro settimane, a seconda delle condizioni di coltivazione e della variet\u00e0 di funghi.<\/li>\n<li>Manutenzione post-raccolta: dopo aver raccolto il secondo fiore, aggiungi una piccola quantit\u00e0 d&#8217;acqua (circa 1\/3 del livello del substrato nel sacchetto). Richiudi il sacchetto con la clip e assicurati che sia ermetico. Ricordati di aggiungere aria fresca rimuovendo e riattaccando la clip. Versa l&#8217;acqua in eccesso se non \u00e8 stata assorbita entro 12 ore.<\/li>\n<li>Controlla la temperatura: assicurati che la temperatura rimanga stabile entro i 20-25 gradi Celsius (68-77\u00b0F) per ottenere i migliori risultati di crescita. Evita grandi fluttuazioni di temperatura.<\/li>\n<li>Raccolti successivi: Aspettati di ottenere almeno due raccolti da ogni sacchetto, ma potrebbe anche essere possibile ottenere tre o addirittura quattro raccolti. Dopo ogni raccolto, richiudi il sacchetto e aggiungi acqua per incoraggiare ulteriori sessioni di fioritura.<\/li>\n<\/ol>\n<h2>Contenuto del kit di coltivazione Jack Frost<\/h2>\n<ul>\n<li>Capacit\u00e0: 2000cc<\/li>\n<li>Dimensioni: 14 cm x 17 cm x 10 cm<\/li>\n<li>Variante: Psilocybe Cubensis Jack Frost (variet\u00e0 PE) (incrocio True Albino Teacher e Albino Penis Envy).<\/li>\n<li>Fase: completamente colonizzata<\/li>\n<li>Resa del raccolto: fino a 700 grammi<\/li>\n<\/ul>\n","protected":false},"excerpt":{"rendered":"<p>Il Jack Frost Mushroom Grow Kit \u00e8 una variet\u00e0 speciale della famiglia Psilocybe cubensis, nota per l&#8217;elevata potenza e l&#8217;aspetto unico. Questo tipo di fungo \u00e8 il risultato di un incrocio tra due specie altrettanto particolari: il Vero Insegnante Albino (TAT) e l&#8217;Invidia del Pene Albino (APE). Entrambe le variet\u00e0 parentali sono note per i [&hellip;]<\/p>\n","protected":false},"featured_media":38475,"comment_status":"closed","ping_status":"closed","template":"","meta":[],"product_brand":[],"product_cat":[344],"product_tag":[],"class_list":{"0":"post-38084","1":"product","2":"type-product","3":"status-publish","4":"has-post-thumbnail","6":"product_cat-kit-di-coltivazione-mystic-fungi","8":"first","9":"outofstock","10":"taxable","11":"shipping-taxable","12":"purchasable","13":"product-type-simple"},"yoast_head":"<!-- This site is optimized with the Yoast SEO Premium plugin v26.4 (Yoast SEO v27.2) - https:\/\/yoast.com\/product\/yoast-seo-premium-wordpress\/ -->\n<title>Kit per la coltivazione di funghi Jack Frost - Dutchmicrodosing<\/title>\n<meta name=\"robots\" content=\"index, follow, max-snippet:-1, max-image-preview:large, max-video-preview:-1\" \/>\n<link rel=\"canonical\" href=\"https:\/\/dutchmicrodosing.com\/it\/funghi-allucinogeni\/kit-di-coltivazione-mystic-fungi\/kit-di-coltivazione-jack-frost-paddo\/\" \/>\n<meta property=\"og:locale\" content=\"it_IT\" \/>\n<meta property=\"og:type\" content=\"article\" \/>\n<meta property=\"og:title\" content=\"Kit per la coltivazione di funghi Jack Frost\" \/>\n<meta property=\"og:description\" content=\"Il Jack Frost Mushroom Grow Kit \u00e8 una variet\u00e0 speciale della famiglia Psilocybe cubensis, nota per l&#039;elevata potenza e l&#039;aspetto unico. Questo tipo di\" \/>\n<meta property=\"og:url\" content=\"https:\/\/dutchmicrodosing.com\/it\/funghi-allucinogeni\/kit-di-coltivazione-mystic-fungi\/kit-di-coltivazione-jack-frost-paddo\/\" \/>\n<meta property=\"og:site_name\" content=\"Dutchmicrodosing\" \/>\n<meta property=\"article:publisher\" content=\"https:\/\/www.facebook.com\/Dutchmicrodosingxp\/\" \/>\n<meta property=\"article:modified_time\" content=\"2025-08-18T14:21:27+00:00\" \/>\n<meta property=\"og:image\" content=\"https:\/\/dutchmicrodosing.com\/wp-content\/uploads\/2024\/04\/Jack_frost_bag.jpg\" \/>\n\t<meta property=\"og:image:width\" content=\"1000\" \/>\n\t<meta property=\"og:image:height\" content=\"1000\" \/>\n\t<meta property=\"og:image:type\" content=\"image\/jpeg\" \/>\n<meta name=\"twitter:card\" content=\"summary_large_image\" \/>\n<script type=\"application\/ld+json\" class=\"yoast-schema-graph\">{\"@context\":\"https:\/\/schema.org\",\"@graph\":[{\"@type\":\"WebPage\",\"@id\":\"https:\/\/dutchmicrodosing.com\/it\/funghi-allucinogeni\/kit-di-coltivazione-mystic-fungi\/kit-di-coltivazione-jack-frost-paddo\/\",\"url\":\"https:\/\/dutchmicrodosing.com\/it\/funghi-allucinogeni\/kit-di-coltivazione-mystic-fungi\/kit-di-coltivazione-jack-frost-paddo\/\",\"name\":\"Kit per la coltivazione di funghi Jack Frost - Dutchmicrodosing\",\"isPartOf\":{\"@id\":\"https:\/\/dutchmicrodosing.com\/it\/#website\"},\"primaryImageOfPage\":{\"@id\":\"https:\/\/dutchmicrodosing.com\/it\/funghi-allucinogeni\/kit-di-coltivazione-mystic-fungi\/kit-di-coltivazione-jack-frost-paddo\/#primaryimage\"},\"image\":{\"@id\":\"https:\/\/dutchmicrodosing.com\/it\/funghi-allucinogeni\/kit-di-coltivazione-mystic-fungi\/kit-di-coltivazione-jack-frost-paddo\/#primaryimage\"},\"thumbnailUrl\":\"https:\/\/dutchmicrodosing.com\/wp-content\/uploads\/2024\/04\/Jack_frost_bag.jpg\",\"datePublished\":\"2024-04-10T05:31:01+00:00\",\"dateModified\":\"2025-08-18T14:21:27+00:00\",\"breadcrumb\":{\"@id\":\"https:\/\/dutchmicrodosing.com\/it\/funghi-allucinogeni\/kit-di-coltivazione-mystic-fungi\/kit-di-coltivazione-jack-frost-paddo\/#breadcrumb\"},\"inLanguage\":\"it-IT\",\"potentialAction\":[{\"@type\":\"ReadAction\",\"target\":[\"https:\/\/dutchmicrodosing.com\/it\/funghi-allucinogeni\/kit-di-coltivazione-mystic-fungi\/kit-di-coltivazione-jack-frost-paddo\/\"]}]},{\"@type\":\"ImageObject\",\"inLanguage\":\"it-IT\",\"@id\":\"https:\/\/dutchmicrodosing.com\/it\/funghi-allucinogeni\/kit-di-coltivazione-mystic-fungi\/kit-di-coltivazione-jack-frost-paddo\/#primaryimage\",\"url\":\"https:\/\/dutchmicrodosing.com\/wp-content\/uploads\/2024\/04\/Jack_frost_bag.jpg\",\"contentUrl\":\"https:\/\/dutchmicrodosing.com\/wp-content\/uploads\/2024\/04\/Jack_frost_bag.jpg\",\"width\":1000,\"height\":1000,\"caption\":\"Kit di Coltivazione Funghi Mistici Jack Frost\"},{\"@type\":\"BreadcrumbList\",\"@id\":\"https:\/\/dutchmicrodosing.com\/it\/funghi-allucinogeni\/kit-di-coltivazione-mystic-fungi\/kit-di-coltivazione-jack-frost-paddo\/#breadcrumb\",\"itemListElement\":[{\"@type\":\"ListItem\",\"position\":1,\"name\":\"Home\",\"item\":\"https:\/\/dutchmicrodosing.com\/it\/\"},{\"@type\":\"ListItem\",\"position\":2,\"name\":\"Negozio\",\"item\":\"https:\/\/dutchmicrodosing.com\/it\/negozio\/\"},{\"@type\":\"ListItem\",\"position\":3,\"name\":\"Kit per la coltivazione di funghi Jack Frost\"}]},{\"@type\":\"WebSite\",\"@id\":\"https:\/\/dutchmicrodosing.com\/it\/#website\",\"url\":\"https:\/\/dutchmicrodosing.com\/it\/\",\"name\":\"Dutchmicrodosing\",\"description\":\"\",\"publisher\":{\"@id\":\"https:\/\/dutchmicrodosing.com\/it\/#organization\"},\"potentialAction\":[{\"@type\":\"SearchAction\",\"target\":{\"@type\":\"EntryPoint\",\"urlTemplate\":\"https:\/\/dutchmicrodosing.com\/it\/?s={search_term_string}\"},\"query-input\":{\"@type\":\"PropertyValueSpecification\",\"valueRequired\":true,\"valueName\":\"search_term_string\"}}],\"inLanguage\":\"it-IT\"},{\"@type\":\"Organization\",\"@id\":\"https:\/\/dutchmicrodosing.com\/it\/#organization\",\"name\":\"Dutchmicrodosing\",\"url\":\"https:\/\/dutchmicrodosing.com\/it\/\",\"logo\":{\"@type\":\"ImageObject\",\"inLanguage\":\"it-IT\",\"@id\":\"https:\/\/dutchmicrodosing.com\/it\/#\/schema\/logo\/image\/\",\"url\":\"https:\/\/dutchmicrodosing.com\/wp-content\/uploads\/2021\/01\/microdosing-categorie-pic-nieuw.jpg\",\"contentUrl\":\"https:\/\/dutchmicrodosing.com\/wp-content\/uploads\/2021\/01\/microdosing-categorie-pic-nieuw.jpg\",\"width\":500,\"height\":500,\"caption\":\"Dutchmicrodosing\"},\"image\":{\"@id\":\"https:\/\/dutchmicrodosing.com\/it\/#\/schema\/logo\/image\/\"},\"sameAs\":[\"https:\/\/www.facebook.com\/Dutchmicrodosingxp\/\",\"https:\/\/www.instagram.com\/dutchmicrodosing\/\"]}]}<\/script>\n<meta property=\"product:price:amount\" content=\"44.95\" \/>\n<meta property=\"product:price:currency\" content=\"EUR\" \/>\n<meta property=\"og:availability\" content=\"out of stock\" \/>\n<meta property=\"product:availability\" content=\"out of stock\" \/>\n<meta property=\"product:retailer_item_id\" content=\"4204840\" \/>\n<meta property=\"product:condition\" content=\"new\" \/>\n<!-- \/ Yoast SEO Premium plugin. -->","yoast_head_json":{"title":"Kit per la coltivazione di funghi Jack Frost - Dutchmicrodosing","robots":{"index":"index","follow":"follow","max-snippet":"max-snippet:-1","max-image-preview":"max-image-preview:large","max-video-preview":"max-video-preview:-1"},"canonical":"https:\/\/dutchmicrodosing.com\/it\/funghi-allucinogeni\/kit-di-coltivazione-mystic-fungi\/kit-di-coltivazione-jack-frost-paddo\/","og_locale":"it_IT","og_type":"article","og_title":"Kit per la coltivazione di funghi Jack Frost","og_description":"Il Jack Frost Mushroom Grow Kit \u00e8 una variet\u00e0 speciale della famiglia Psilocybe cubensis, nota per l'elevata potenza e l'aspetto unico. Questo tipo di","og_url":"https:\/\/dutchmicrodosing.com\/it\/funghi-allucinogeni\/kit-di-coltivazione-mystic-fungi\/kit-di-coltivazione-jack-frost-paddo\/","og_site_name":"Dutchmicrodosing","article_publisher":"https:\/\/www.facebook.com\/Dutchmicrodosingxp\/","article_modified_time":"2025-08-18T14:21:27+00:00","og_image":[{"width":1000,"height":1000,"url":"https:\/\/dutchmicrodosing.com\/wp-content\/uploads\/2024\/04\/Jack_frost_bag.jpg","type":"image\/jpeg"}],"twitter_card":"summary_large_image","schema":{"@context":"https:\/\/schema.org","@graph":[{"@type":"WebPage","@id":"https:\/\/dutchmicrodosing.com\/it\/funghi-allucinogeni\/kit-di-coltivazione-mystic-fungi\/kit-di-coltivazione-jack-frost-paddo\/","url":"https:\/\/dutchmicrodosing.com\/it\/funghi-allucinogeni\/kit-di-coltivazione-mystic-fungi\/kit-di-coltivazione-jack-frost-paddo\/","name":"Kit per la coltivazione di funghi Jack Frost - Dutchmicrodosing","isPartOf":{"@id":"https:\/\/dutchmicrodosing.com\/it\/#website"},"primaryImageOfPage":{"@id":"https:\/\/dutchmicrodosing.com\/it\/funghi-allucinogeni\/kit-di-coltivazione-mystic-fungi\/kit-di-coltivazione-jack-frost-paddo\/#primaryimage"},"image":{"@id":"https:\/\/dutchmicrodosing.com\/it\/funghi-allucinogeni\/kit-di-coltivazione-mystic-fungi\/kit-di-coltivazione-jack-frost-paddo\/#primaryimage"},"thumbnailUrl":"https:\/\/dutchmicrodosing.com\/wp-content\/uploads\/2024\/04\/Jack_frost_bag.jpg","datePublished":"2024-04-10T05:31:01+00:00","dateModified":"2025-08-18T14:21:27+00:00","breadcrumb":{"@id":"https:\/\/dutchmicrodosing.com\/it\/funghi-allucinogeni\/kit-di-coltivazione-mystic-fungi\/kit-di-coltivazione-jack-frost-paddo\/#breadcrumb"},"inLanguage":"it-IT","potentialAction":[{"@type":"ReadAction","target":["https:\/\/dutchmicrodosing.com\/it\/funghi-allucinogeni\/kit-di-coltivazione-mystic-fungi\/kit-di-coltivazione-jack-frost-paddo\/"]}]},{"@type":"ImageObject","inLanguage":"it-IT","@id":"https:\/\/dutchmicrodosing.com\/it\/funghi-allucinogeni\/kit-di-coltivazione-mystic-fungi\/kit-di-coltivazione-jack-frost-paddo\/#primaryimage","url":"https:\/\/dutchmicrodosing.com\/wp-content\/uploads\/2024\/04\/Jack_frost_bag.jpg","contentUrl":"https:\/\/dutchmicrodosing.com\/wp-content\/uploads\/2024\/04\/Jack_frost_bag.jpg","width":1000,"height":1000,"caption":"Kit di Coltivazione Funghi Mistici Jack Frost"},{"@type":"BreadcrumbList","@id":"https:\/\/dutchmicrodosing.com\/it\/funghi-allucinogeni\/kit-di-coltivazione-mystic-fungi\/kit-di-coltivazione-jack-frost-paddo\/#breadcrumb","itemListElement":[{"@type":"ListItem","position":1,"name":"Home","item":"https:\/\/dutchmicrodosing.com\/it\/"},{"@type":"ListItem","position":2,"name":"Negozio","item":"https:\/\/dutchmicrodosing.com\/it\/negozio\/"},{"@type":"ListItem","position":3,"name":"Kit per la coltivazione di funghi Jack Frost"}]},{"@type":"WebSite","@id":"https:\/\/dutchmicrodosing.com\/it\/#website","url":"https:\/\/dutchmicrodosing.com\/it\/","name":"Dutchmicrodosing","description":"","publisher":{"@id":"https:\/\/dutchmicrodosing.com\/it\/#organization"},"potentialAction":[{"@type":"SearchAction","target":{"@type":"EntryPoint","urlTemplate":"https:\/\/dutchmicrodosing.com\/it\/?s={search_term_string}"},"query-input":{"@type":"PropertyValueSpecification","valueRequired":true,"valueName":"search_term_string"}}],"inLanguage":"it-IT"},{"@type":"Organization","@id":"https:\/\/dutchmicrodosing.com\/it\/#organization","name":"Dutchmicrodosing","url":"https:\/\/dutchmicrodosing.com\/it\/","logo":{"@type":"ImageObject","inLanguage":"it-IT","@id":"https:\/\/dutchmicrodosing.com\/it\/#\/schema\/logo\/image\/","url":"https:\/\/dutchmicrodosing.com\/wp-content\/uploads\/2021\/01\/microdosing-categorie-pic-nieuw.jpg","contentUrl":"https:\/\/dutchmicrodosing.com\/wp-content\/uploads\/2021\/01\/microdosing-categorie-pic-nieuw.jpg","width":500,"height":500,"caption":"Dutchmicrodosing"},"image":{"@id":"https:\/\/dutchmicrodosing.com\/it\/#\/schema\/logo\/image\/"},"sameAs":["https:\/\/www.facebook.com\/Dutchmicrodosingxp\/","https:\/\/www.instagram.com\/dutchmicrodosing\/"]}]},"product_price_amount":"44.95","product_price_currency":"EUR","og_availability":"out of stock","product_availability":"out of stock","product_retailer_item_id":"4204840","product_condition":"new"},"_links":{"self":[{"href":"https:\/\/dutchmicrodosing.com\/it\/wp-json\/wp\/v2\/product\/38084","targetHints":{"allow":["GET"]}}],"collection":[{"href":"https:\/\/dutchmicrodosing.com\/it\/wp-json\/wp\/v2\/product"}],"about":[{"href":"https:\/\/dutchmicrodosing.com\/it\/wp-json\/wp\/v2\/types\/product"}],"replies":[{"embeddable":true,"href":"https:\/\/dutchmicrodosing.com\/it\/wp-json\/wp\/v2\/comments?post=38084"}],"version-history":[{"count":0,"href":"https:\/\/dutchmicrodosing.com\/it\/wp-json\/wp\/v2\/product\/38084\/revisions"}],"wp:featuredmedia":[{"embeddable":true,"href":"https:\/\/dutchmicrodosing.com\/it\/wp-json\/wp\/v2\/media\/38475"}],"wp:attachment":[{"href":"https:\/\/dutchmicrodosing.com\/it\/wp-json\/wp\/v2\/media?parent=38084"}],"wp:term":[{"taxonomy":"product_brand","embeddable":true,"href":"https:\/\/dutchmicrodosing.com\/it\/wp-json\/wp\/v2\/product_brand?post=38084"},{"taxonomy":"product_cat","embeddable":true,"href":"https:\/\/dutchmicrodosing.com\/it\/wp-json\/wp\/v2\/product_cat?post=38084"},{"taxonomy":"product_tag","embeddable":true,"href":"https:\/\/dutchmicrodosing.com\/it\/wp-json\/wp\/v2\/product_tag?post=38084"}],"curies":[{"name":"wp","href":"https:\/\/api.w.org\/{rel}","templated":true}]}}