{"id":39101,"date":"2024-04-26T17:41:49","date_gmt":"2024-04-26T15:41:49","guid":{"rendered":"https:\/\/dutchmicrodosing.com\/shop\/senza-categoria\/jack-frost-liquid-culture-spray\/"},"modified":"2025-08-25T12:07:40","modified_gmt":"2025-08-25T10:07:40","slug":"jack-frost-liquid-culture-spray","status":"publish","type":"product","link":"https:\/\/dutchmicrodosing.com\/it\/spore-fungo\/siringhe-coltura-liquida\/jack-frost-liquid-culture-spray\/","title":{"rendered":"Siringa per coltura liquida Jack Frost"},"content":{"rendered":"<p>Ti presentiamo la<strong> siringa per coltura liquida<\/strong> Psilocybe Cubensis<strong> Jack Frost<\/strong>! \u00c8 la soluzione per i principianti e per i coltivatori esperti, che ti permette di coltivare senza fatica gli iconici funghi Jack Frost. Il fungo Jack Frost \u00e8 un incrocio tra il True Albino Teacher e l&#8217;Albino Penis Envy. Questo ibrido \u00e8 noto per il suo aspetto sorprendente e i suoi potenti effetti. Questa siringa per coltura liquida avanzata fornisce un ambiente sterile e nutriente che accelera la crescita del micelio, permettendoti di ottenere un raccolto vigoroso in modo facile e veloce. In breve, il Jack Frost Mushroom Liquid Culture Spray rende la coltivazione di questi magici funghi a casa fattibile per tutti, con una facilit\u00e0 e una precisione senza pari.<\/p>\n<h3>Vantaggi dell&#8217;utilizzo dello spruzzatore per colture liquide Jack Frost<\/h3>\n<ul>\n<li>Purezza genetica<\/li>\n<li>Vaccinazione senza sforzo<\/li>\n<li>Crescita accelerata<\/li>\n<li>Allevamento versatile<\/li>\n<\/ul>\n<h3>Quale substrato \u00e8 adatto alla coltivazione del fungo Jack Frost?<\/h3>\n<p>Per coltivare i funghi Jack Frost, puoi considerare diverse opzioni per il substrato, ma una scelta popolare ed efficace \u00e8 un mix di vermiculite e farina di riso integrale. Questa miscela offre una combinazione equilibrata di sostanze nutritive, ritenzione di umidit\u00e0 e aerazione, a tutto vantaggio dello sviluppo dei funghi. La vermiculite aiuta a trattenere l&#8217;umidit\u00e0 e fornisce un buon drenaggio, mentre la farina di riso integrale \u00e8 una fonte di nutrimento per i funghi. Puoi preparare facilmente la miscela del substrato mescolando in parti uguali vermiculite e farina di riso integrale e inumidendola fino a raggiungere il giusto livello di umidit\u00e0. Dopo aver preparato il substrato, puoi aggiungere le paddospore per avviare la crescita.<\/p>\n<h3><strong>Utilizzo<\/strong><\/h3>\n<p>Inoculare il tuo substrato non \u00e8 mai stato cos\u00ec facile. Con una semplice iniezione di Jack Frost Mushroom Liquid Culture, potrai osservare la rete miceliare moltiplicarsi e trasformare il tuo terreno di coltura in una tela su cui far fiorire i funghi.<\/p>\n<ol>\n<li><strong>Sterilizzazione<\/strong>: Sterilizza la miscela di substrato per uccidere eventuali batteri e funghi dannosi che potrebbero ostacolare la crescita dei funghi. Questo pu\u00f2 avvenire riscaldando la miscela di substrati in un&#8217;autoclave o pastorizzandola con il vapore.<\/li>\n<li><strong>Inoculazione del substrato<\/strong>: inizia preparando il substrato, come vermiculite e farina di riso integrale, come descritto in precedenza. Assicurati che il substrato sia umido ma non fradicio. Poi prendi un integratore di spore o uno spray con spore di rospo Jack Frost.<\/li>\n<li><strong>Processo di inoculazione<\/strong>: agita bene l&#8217;integratore di spore o le siringhe contenenti le spore di funghi per assicurarti che le spore siano distribuite in modo uniforme. Poi usa una siringa sterile per distribuire le spore in modo uniforme sul substrato. Questo pu\u00f2 essere fatto applicando piccole quantit\u00e0 di integratore di spore in diversi punti del substrato.<\/li>\n<li><strong>Incubazione<\/strong>: Dopo che il substrato \u00e8 stato inoculato con le paddospore, \u00e8 il momento di incubare il substrato. Posiziona il substrato in una stanza buia e calda con una temperatura costante tra i 20 e i 25\u00b0C. Questo favorisce la colonizzazione del substrato da parte delle paddospores.<\/li>\n<li><strong>Crescita e raccolta<\/strong>: dopo qualche settimana, le spore dei funghi dovrebbero iniziare a colonizzare e a svilupparsi in funghi. Continua a controllare il substrato per verificare la presenza di umidit\u00e0 e di eventuali segni di contaminazione. Una volta che i funghi sono completamente sviluppati, possono essere raccolti per il consumo.<\/li>\n<\/ol>\n<h3>Contenuto<\/h3>\n<p>Siringa per spore di coltura liquida Jack Frost da 10 ml<\/p>\n<h3>Consigli per lo stoccaggio<\/h3>\n<ul>\n<li>Utilizzare la coltura liquida entro 2 mesi.<\/li>\n<li>Conservare in frigorifero o in un altro luogo fresco e buio.<\/li>\n<li>Evitare l&#8217;esposizione ai raggi UV.<\/li>\n<li>Fuori dalla portata dei bambini.<\/li>\n<\/ul>\n","protected":false},"excerpt":{"rendered":"<p>Ti presentiamo la siringa per coltura liquida Psilocybe Cubensis Jack Frost! \u00c8 la soluzione per i principianti e per i coltivatori esperti, che ti permette di coltivare senza fatica gli iconici funghi Jack Frost. Il fungo Jack Frost \u00e8 un incrocio tra il True Albino Teacher e l&#8217;Albino Penis Envy. Questo ibrido \u00e8 noto per [&hellip;]<\/p>\n","protected":false},"featured_media":46285,"comment_status":"closed","ping_status":"closed","template":"","meta":[],"product_brand":[],"product_cat":[357],"product_tag":[],"class_list":{"0":"post-39101","1":"product","2":"type-product","3":"status-publish","4":"has-post-thumbnail","6":"product_cat-siringhe-coltura-liquida","8":"first","9":"instock","10":"taxable","11":"shipping-taxable","12":"purchasable","13":"product-type-simple"},"yoast_head":"<!-- This site is optimized with the Yoast SEO Premium plugin v26.4 (Yoast SEO v27.4) - https:\/\/yoast.com\/product\/yoast-seo-premium-wordpress\/ -->\n<title>Siringa per coltura liquida Jack Frost - Dutchmicrodosing<\/title>\n<meta name=\"description\" content=\"Siringa di coltura liquida Mystic Fungi Jack Frost: facile coltivazione dei funghi Jack Frost per principianti ed esperti. Ora \u00e8 disponibile qui!\" \/>\n<meta name=\"robots\" content=\"index, follow, max-snippet:-1, max-image-preview:large, max-video-preview:-1\" \/>\n<link rel=\"canonical\" href=\"https:\/\/dutchmicrodosing.com\/it\/spore-fungo\/siringhe-coltura-liquida\/jack-frost-liquid-culture-spray\/\" \/>\n<meta property=\"og:locale\" content=\"it_IT\" \/>\n<meta property=\"og:type\" content=\"article\" \/>\n<meta property=\"og:title\" content=\"Siringa per coltura liquida Jack Frost\" \/>\n<meta property=\"og:description\" content=\"Ti presentiamo la siringa per coltura liquida Psilocybe Cubensis Jack Frost! \u00c8 la soluzione per i principianti e per i coltivatori esperti, che ti\" \/>\n<meta property=\"og:url\" content=\"https:\/\/dutchmicrodosing.com\/it\/spore-fungo\/siringhe-coltura-liquida\/jack-frost-liquid-culture-spray\/\" \/>\n<meta property=\"og:site_name\" content=\"Dutchmicrodosing\" \/>\n<meta property=\"article:publisher\" content=\"https:\/\/www.facebook.com\/Dutchmicrodosingxp\/\" \/>\n<meta property=\"article:modified_time\" content=\"2025-08-25T10:07:40+00:00\" \/>\n<meta property=\"og:image\" content=\"https:\/\/dutchmicrodosing.com\/wp-content\/uploads\/2024\/04\/Philosophr-Liquid-culture-packaging-_2_.jpg\" \/>\n\t<meta property=\"og:image:width\" content=\"1512\" \/>\n\t<meta property=\"og:image:height\" content=\"1512\" \/>\n\t<meta property=\"og:image:type\" content=\"image\/jpeg\" \/>\n<meta name=\"twitter:card\" content=\"summary_large_image\" \/>\n<script type=\"application\/ld+json\" class=\"yoast-schema-graph\">{\"@context\":\"https:\\\/\\\/schema.org\",\"@graph\":[{\"@type\":\"WebPage\",\"@id\":\"https:\\\/\\\/dutchmicrodosing.com\\\/it\\\/spore-fungo\\\/siringhe-coltura-liquida\\\/jack-frost-liquid-culture-spray\\\/\",\"url\":\"https:\\\/\\\/dutchmicrodosing.com\\\/it\\\/spore-fungo\\\/siringhe-coltura-liquida\\\/jack-frost-liquid-culture-spray\\\/\",\"name\":\"Siringa per coltura liquida Jack Frost - Dutchmicrodosing\",\"isPartOf\":{\"@id\":\"https:\\\/\\\/dutchmicrodosing.com\\\/it\\\/#website\"},\"primaryImageOfPage\":{\"@id\":\"https:\\\/\\\/dutchmicrodosing.com\\\/it\\\/spore-fungo\\\/siringhe-coltura-liquida\\\/jack-frost-liquid-culture-spray\\\/#primaryimage\"},\"image\":{\"@id\":\"https:\\\/\\\/dutchmicrodosing.com\\\/it\\\/spore-fungo\\\/siringhe-coltura-liquida\\\/jack-frost-liquid-culture-spray\\\/#primaryimage\"},\"thumbnailUrl\":\"https:\\\/\\\/dutchmicrodosing.com\\\/wp-content\\\/uploads\\\/2024\\\/04\\\/Philosophr-Liquid-culture-packaging-_2_.jpg\",\"datePublished\":\"2024-04-26T15:41:49+00:00\",\"dateModified\":\"2025-08-25T10:07:40+00:00\",\"description\":\"Siringa di coltura liquida Mystic Fungi Jack Frost: facile coltivazione dei funghi Jack Frost per principianti ed esperti. Ora \u00e8 disponibile qui!\",\"breadcrumb\":{\"@id\":\"https:\\\/\\\/dutchmicrodosing.com\\\/it\\\/spore-fungo\\\/siringhe-coltura-liquida\\\/jack-frost-liquid-culture-spray\\\/#breadcrumb\"},\"inLanguage\":\"it-IT\",\"potentialAction\":[{\"@type\":\"ReadAction\",\"target\":[\"https:\\\/\\\/dutchmicrodosing.com\\\/it\\\/spore-fungo\\\/siringhe-coltura-liquida\\\/jack-frost-liquid-culture-spray\\\/\"]}]},{\"@type\":\"ImageObject\",\"inLanguage\":\"it-IT\",\"@id\":\"https:\\\/\\\/dutchmicrodosing.com\\\/it\\\/spore-fungo\\\/siringhe-coltura-liquida\\\/jack-frost-liquid-culture-spray\\\/#primaryimage\",\"url\":\"https:\\\/\\\/dutchmicrodosing.com\\\/wp-content\\\/uploads\\\/2024\\\/04\\\/Philosophr-Liquid-culture-packaging-_2_.jpg\",\"contentUrl\":\"https:\\\/\\\/dutchmicrodosing.com\\\/wp-content\\\/uploads\\\/2024\\\/04\\\/Philosophr-Liquid-culture-packaging-_2_.jpg\",\"width\":1512,\"height\":1512},{\"@type\":\"BreadcrumbList\",\"@id\":\"https:\\\/\\\/dutchmicrodosing.com\\\/it\\\/spore-fungo\\\/siringhe-coltura-liquida\\\/jack-frost-liquid-culture-spray\\\/#breadcrumb\",\"itemListElement\":[{\"@type\":\"ListItem\",\"position\":1,\"name\":\"Home\",\"item\":\"https:\\\/\\\/dutchmicrodosing.com\\\/it\\\/\"},{\"@type\":\"ListItem\",\"position\":2,\"name\":\"Negozio\",\"item\":\"https:\\\/\\\/dutchmicrodosing.com\\\/it\\\/negozio\\\/\"},{\"@type\":\"ListItem\",\"position\":3,\"name\":\"Siringa per coltura liquida Jack Frost\"}]},{\"@type\":\"WebSite\",\"@id\":\"https:\\\/\\\/dutchmicrodosing.com\\\/it\\\/#website\",\"url\":\"https:\\\/\\\/dutchmicrodosing.com\\\/it\\\/\",\"name\":\"Dutchmicrodosing\",\"description\":\"\",\"publisher\":{\"@id\":\"https:\\\/\\\/dutchmicrodosing.com\\\/it\\\/#organization\"},\"potentialAction\":[{\"@type\":\"SearchAction\",\"target\":{\"@type\":\"EntryPoint\",\"urlTemplate\":\"https:\\\/\\\/dutchmicrodosing.com\\\/it\\\/?s={search_term_string}\"},\"query-input\":{\"@type\":\"PropertyValueSpecification\",\"valueRequired\":true,\"valueName\":\"search_term_string\"}}],\"inLanguage\":\"it-IT\"},{\"@type\":\"Organization\",\"@id\":\"https:\\\/\\\/dutchmicrodosing.com\\\/it\\\/#organization\",\"name\":\"Dutchmicrodosing\",\"url\":\"https:\\\/\\\/dutchmicrodosing.com\\\/it\\\/\",\"logo\":{\"@type\":\"ImageObject\",\"inLanguage\":\"it-IT\",\"@id\":\"https:\\\/\\\/dutchmicrodosing.com\\\/it\\\/#\\\/schema\\\/logo\\\/image\\\/\",\"url\":\"https:\\\/\\\/dutchmicrodosing.com\\\/wp-content\\\/uploads\\\/2021\\\/01\\\/microdosing-categorie-pic-nieuw.jpg\",\"contentUrl\":\"https:\\\/\\\/dutchmicrodosing.com\\\/wp-content\\\/uploads\\\/2021\\\/01\\\/microdosing-categorie-pic-nieuw.jpg\",\"width\":500,\"height\":500,\"caption\":\"Dutchmicrodosing\"},\"image\":{\"@id\":\"https:\\\/\\\/dutchmicrodosing.com\\\/it\\\/#\\\/schema\\\/logo\\\/image\\\/\"},\"sameAs\":[\"https:\\\/\\\/www.facebook.com\\\/Dutchmicrodosingxp\\\/\",\"https:\\\/\\\/www.instagram.com\\\/dutchmicrodosing\\\/\"]}]}<\/script>\n<meta property=\"product:price:amount\" content=\"18.95\" \/>\n<meta property=\"product:price:currency\" content=\"EUR\" \/>\n<meta property=\"og:availability\" content=\"instock\" \/>\n<meta property=\"product:availability\" content=\"instock\" \/>\n<meta property=\"product:retailer_item_id\" content=\"4204561\" \/>\n<meta property=\"product:condition\" content=\"new\" \/>\n<!-- \/ Yoast SEO Premium plugin. -->","yoast_head_json":{"title":"Siringa per coltura liquida Jack Frost - Dutchmicrodosing","description":"Siringa di coltura liquida Mystic Fungi Jack Frost: facile coltivazione dei funghi Jack Frost per principianti ed esperti. Ora \u00e8 disponibile qui!","robots":{"index":"index","follow":"follow","max-snippet":"max-snippet:-1","max-image-preview":"max-image-preview:large","max-video-preview":"max-video-preview:-1"},"canonical":"https:\/\/dutchmicrodosing.com\/it\/spore-fungo\/siringhe-coltura-liquida\/jack-frost-liquid-culture-spray\/","og_locale":"it_IT","og_type":"article","og_title":"Siringa per coltura liquida Jack Frost","og_description":"Ti presentiamo la siringa per coltura liquida Psilocybe Cubensis Jack Frost! \u00c8 la soluzione per i principianti e per i coltivatori esperti, che ti","og_url":"https:\/\/dutchmicrodosing.com\/it\/spore-fungo\/siringhe-coltura-liquida\/jack-frost-liquid-culture-spray\/","og_site_name":"Dutchmicrodosing","article_publisher":"https:\/\/www.facebook.com\/Dutchmicrodosingxp\/","article_modified_time":"2025-08-25T10:07:40+00:00","og_image":[{"width":1512,"height":1512,"url":"https:\/\/dutchmicrodosing.com\/wp-content\/uploads\/2024\/04\/Philosophr-Liquid-culture-packaging-_2_.jpg","type":"image\/jpeg"}],"twitter_card":"summary_large_image","schema":{"@context":"https:\/\/schema.org","@graph":[{"@type":"WebPage","@id":"https:\/\/dutchmicrodosing.com\/it\/spore-fungo\/siringhe-coltura-liquida\/jack-frost-liquid-culture-spray\/","url":"https:\/\/dutchmicrodosing.com\/it\/spore-fungo\/siringhe-coltura-liquida\/jack-frost-liquid-culture-spray\/","name":"Siringa per coltura liquida Jack Frost - Dutchmicrodosing","isPartOf":{"@id":"https:\/\/dutchmicrodosing.com\/it\/#website"},"primaryImageOfPage":{"@id":"https:\/\/dutchmicrodosing.com\/it\/spore-fungo\/siringhe-coltura-liquida\/jack-frost-liquid-culture-spray\/#primaryimage"},"image":{"@id":"https:\/\/dutchmicrodosing.com\/it\/spore-fungo\/siringhe-coltura-liquida\/jack-frost-liquid-culture-spray\/#primaryimage"},"thumbnailUrl":"https:\/\/dutchmicrodosing.com\/wp-content\/uploads\/2024\/04\/Philosophr-Liquid-culture-packaging-_2_.jpg","datePublished":"2024-04-26T15:41:49+00:00","dateModified":"2025-08-25T10:07:40+00:00","description":"Siringa di coltura liquida Mystic Fungi Jack Frost: facile coltivazione dei funghi Jack Frost per principianti ed esperti. Ora \u00e8 disponibile qui!","breadcrumb":{"@id":"https:\/\/dutchmicrodosing.com\/it\/spore-fungo\/siringhe-coltura-liquida\/jack-frost-liquid-culture-spray\/#breadcrumb"},"inLanguage":"it-IT","potentialAction":[{"@type":"ReadAction","target":["https:\/\/dutchmicrodosing.com\/it\/spore-fungo\/siringhe-coltura-liquida\/jack-frost-liquid-culture-spray\/"]}]},{"@type":"ImageObject","inLanguage":"it-IT","@id":"https:\/\/dutchmicrodosing.com\/it\/spore-fungo\/siringhe-coltura-liquida\/jack-frost-liquid-culture-spray\/#primaryimage","url":"https:\/\/dutchmicrodosing.com\/wp-content\/uploads\/2024\/04\/Philosophr-Liquid-culture-packaging-_2_.jpg","contentUrl":"https:\/\/dutchmicrodosing.com\/wp-content\/uploads\/2024\/04\/Philosophr-Liquid-culture-packaging-_2_.jpg","width":1512,"height":1512},{"@type":"BreadcrumbList","@id":"https:\/\/dutchmicrodosing.com\/it\/spore-fungo\/siringhe-coltura-liquida\/jack-frost-liquid-culture-spray\/#breadcrumb","itemListElement":[{"@type":"ListItem","position":1,"name":"Home","item":"https:\/\/dutchmicrodosing.com\/it\/"},{"@type":"ListItem","position":2,"name":"Negozio","item":"https:\/\/dutchmicrodosing.com\/it\/negozio\/"},{"@type":"ListItem","position":3,"name":"Siringa per coltura liquida Jack Frost"}]},{"@type":"WebSite","@id":"https:\/\/dutchmicrodosing.com\/it\/#website","url":"https:\/\/dutchmicrodosing.com\/it\/","name":"Dutchmicrodosing","description":"","publisher":{"@id":"https:\/\/dutchmicrodosing.com\/it\/#organization"},"potentialAction":[{"@type":"SearchAction","target":{"@type":"EntryPoint","urlTemplate":"https:\/\/dutchmicrodosing.com\/it\/?s={search_term_string}"},"query-input":{"@type":"PropertyValueSpecification","valueRequired":true,"valueName":"search_term_string"}}],"inLanguage":"it-IT"},{"@type":"Organization","@id":"https:\/\/dutchmicrodosing.com\/it\/#organization","name":"Dutchmicrodosing","url":"https:\/\/dutchmicrodosing.com\/it\/","logo":{"@type":"ImageObject","inLanguage":"it-IT","@id":"https:\/\/dutchmicrodosing.com\/it\/#\/schema\/logo\/image\/","url":"https:\/\/dutchmicrodosing.com\/wp-content\/uploads\/2021\/01\/microdosing-categorie-pic-nieuw.jpg","contentUrl":"https:\/\/dutchmicrodosing.com\/wp-content\/uploads\/2021\/01\/microdosing-categorie-pic-nieuw.jpg","width":500,"height":500,"caption":"Dutchmicrodosing"},"image":{"@id":"https:\/\/dutchmicrodosing.com\/it\/#\/schema\/logo\/image\/"},"sameAs":["https:\/\/www.facebook.com\/Dutchmicrodosingxp\/","https:\/\/www.instagram.com\/dutchmicrodosing\/"]}]},"product_price_amount":"18.95","product_price_currency":"EUR","og_availability":"instock","product_availability":"instock","product_retailer_item_id":"4204561","product_condition":"new"},"_links":{"self":[{"href":"https:\/\/dutchmicrodosing.com\/it\/wp-json\/wp\/v2\/product\/39101","targetHints":{"allow":["GET"]}}],"collection":[{"href":"https:\/\/dutchmicrodosing.com\/it\/wp-json\/wp\/v2\/product"}],"about":[{"href":"https:\/\/dutchmicrodosing.com\/it\/wp-json\/wp\/v2\/types\/product"}],"replies":[{"embeddable":true,"href":"https:\/\/dutchmicrodosing.com\/it\/wp-json\/wp\/v2\/comments?post=39101"}],"version-history":[{"count":0,"href":"https:\/\/dutchmicrodosing.com\/it\/wp-json\/wp\/v2\/product\/39101\/revisions"}],"wp:featuredmedia":[{"embeddable":true,"href":"https:\/\/dutchmicrodosing.com\/it\/wp-json\/wp\/v2\/media\/46285"}],"wp:attachment":[{"href":"https:\/\/dutchmicrodosing.com\/it\/wp-json\/wp\/v2\/media?parent=39101"}],"wp:term":[{"taxonomy":"product_brand","embeddable":true,"href":"https:\/\/dutchmicrodosing.com\/it\/wp-json\/wp\/v2\/product_brand?post=39101"},{"taxonomy":"product_cat","embeddable":true,"href":"https:\/\/dutchmicrodosing.com\/it\/wp-json\/wp\/v2\/product_cat?post=39101"},{"taxonomy":"product_tag","embeddable":true,"href":"https:\/\/dutchmicrodosing.com\/it\/wp-json\/wp\/v2\/product_tag?post=39101"}],"curies":[{"name":"wp","href":"https:\/\/api.w.org\/{rel}","templated":true}]}}