{"id":39119,"date":"2024-05-12T10:23:11","date_gmt":"2024-05-12T08:23:11","guid":{"rendered":"https:\/\/dutchmicrodosing.com\/shop\/senza-categoria\/bottiglia-doro-insegnante-traccia\/"},"modified":"2025-08-31T09:02:31","modified_gmt":"2025-08-31T07:02:31","slug":"bottiglia-doro-insegnante-traccia","status":"publish","type":"product","link":"https:\/\/dutchmicrodosing.com\/it\/spore-fungo\/fiale-di-spore\/bottiglia-doro-insegnante-traccia\/","title":{"rendered":"Bottiglia con traccia dell&#8217;insegnante d&#8217;oro"},"content":{"rendered":"<p>La<strong> bottiglia <\/strong>della<strong> Traccia del Maestro d&#8217;Oro <\/strong>\u00e8 nota per la sua potenza e per le profonde esperienze che pu\u00f2 offrire. Questa variet\u00e0 \u00e8 spesso apprezzata per le intuizioni illuminanti e le potenti allucinazioni visive che pu\u00f2 indurre. Grazie alla sua reputazione di trasmettere la &#8220;conoscenza dell&#8217;oro&#8221;, \u00e8 una scelta popolare tra i consumatori esperti di funghi psilocibinici.<\/p>\n<p>Gli effetti del Golden Teacher includono intense esperienze visive, un aumento dell&#8217;energia fisica e una tendenza al pensiero filosofico, che pu\u00f2 portare a una profonda riflessione e intuizione. Questo la rende una scelta adatta a chi ha gi\u00e0 esperienza con gli psichedelici e vuole esplorare ulteriormente ci\u00f2 che queste sostanze hanno da offrire.<\/p>\n<h2>Effetti della bottiglia di Mondo Golden Teacher Trace<\/h2>\n<p>Gli effetti dei funghi magici Golden Teacher sono: forti effetti visivi, aumento della creativit\u00e0, risate a raffica, acutizzazione dei sensi. Dopo l&#8217;ingestione, i primi effetti si noteranno circa 45 minuti dopo. Un viaggio con i funghi magici Golden Teacher pu\u00f2 durare dalle 4 alle 8 ore.<\/p>\n<h2>Informazioni sulla coltivazione Mondo Golden Teacher Spore bottle<\/h2>\n<ul>\n<li>Difficolt\u00e0 di coltivazione: Facile<\/li>\n<li>Substrato: Letame, paglia, cereali vari<\/li>\n<li>Tempo di colonizzazione: 12-14 giorni<\/li>\n<li>Temperatura di colonizzazione: 28-30 gradi Celsius<\/li>\n<li>Temperatura della frutta: 23-26 gradi Celsius<\/li>\n<li>Sono necessari solo 3 millilitri di soluzione di spore per colonizzare 1 litro di substrato.<\/li>\n<\/ul>\n<h2>Quanti funghi Golden Teacher dovresti prendere?<\/h2>\n<p>In media, puoi ipotizzare le seguenti quantit\u00e0:<\/p>\n<ul>\n<li>Microdosaggio: 0,2 grammi di funghi secchi | 2 grammi di funghi freschi<\/li>\n<li>Gita dolce: 1 grammo di funghi secchi | 10 grammi di funghi freschi<\/li>\n<li>Viaggio normale: 2 grammi di funghi secchi | 20 grammi di funghi freschi<\/li>\n<li>Viaggio intenso: 3 grammi di funghi secchi | 30 grammi di funghi freschi<\/li>\n<\/ul>\n<h2>Come preparare la mia bottiglia di Mondo Golden Teacher Trace<\/h2>\n<p>Prima di iniziare a iniettare le spore, devi prima creare un substrato in una vaschetta o in un sacchetto di coltura in cui far cadere le spore. Le fiale sterili Mondo sono molto facili da usare.<\/p>\n<ol>\n<li>Indossa guanti e maschera per la bocca<\/li>\n<li>Agita vigorosamente la fiala di spore in avanti e indietro.<\/li>\n<li>Disimballare l&#8217;ago da iniezione e inserire l&#8217;ago attraverso la membrana di gomma.<\/li>\n<li>Ora preleva delicatamente il liquido nella siringa<\/li>\n<li>Includere un contenitore o un sacchetto per la coltivazione con il substrato.<\/li>\n<li>Dopo aver riempito la siringa, premi lentamente lo stantuffo e lascia cadere ogni goccia sparsa sul substrato. Il punto in cui la goccia cade sul substrato \u00e8 un potenziale punto di crescita del micelio, dividendolo ottimizzerai la colonizzazione.<\/li>\n<\/ol>\n<h2>Contenuto del flacone di Mondo Golden Teacher Trace<\/h2>\n<ul>\n<li>1 fiala di spore contiene diversi milioni di spore disciolte in 10 ml di acqua sterile.<\/li>\n<li>1 siringa sterile da 20 ml<\/li>\n<li>2 x Salvietta alcolica<\/li>\n<\/ul>\n<h2>Conserva la tua bottiglia di Mondo Golden Teacher Trace<\/h2>\n<p>Poich\u00e9 si tratta di un prodotto delicato, ti consigliamo di mettere il flacone di spore in frigorifero a una temperatura compresa tra 2 e 8 gradi subito dopo averlo ricevuto per 24 ore prima di utilizzarlo.<\/p>\n","protected":false},"excerpt":{"rendered":"<p>La bottiglia della Traccia del Maestro d&#8217;Oro \u00e8 nota per la sua potenza e per le profonde esperienze che pu\u00f2 offrire. Questa variet\u00e0 \u00e8 spesso apprezzata per le intuizioni illuminanti e le potenti allucinazioni visive che pu\u00f2 indurre. Grazie alla sua reputazione di trasmettere la &#8220;conoscenza dell&#8217;oro&#8221;, \u00e8 una scelta popolare tra i consumatori esperti [&hellip;]<\/p>\n","protected":false},"featured_media":39114,"comment_status":"closed","ping_status":"closed","template":"","meta":[],"product_brand":[],"product_cat":[354],"product_tag":[],"class_list":{"0":"post-39119","1":"product","2":"type-product","3":"status-publish","4":"has-post-thumbnail","6":"product_cat-fiale-di-spore","8":"first","9":"instock","10":"taxable","11":"shipping-taxable","12":"purchasable","13":"product-type-simple"},"yoast_head":"<!-- This site is optimized with the Yoast SEO Premium plugin v26.4 (Yoast SEO v27.2) - https:\/\/yoast.com\/product\/yoast-seo-premium-wordpress\/ -->\n<title>Bottiglia con traccia dell&#039;insegnante d&#039;oro - Dutchmicrodosing<\/title>\n<meta name=\"description\" content=\"Scopri la magia dei funghi Golden Teacher. Perfetto per chi coltiva in casa e cerca spore di funghi psilocibinici di alta qualit\u00e0!\" \/>\n<meta name=\"robots\" content=\"index, follow, max-snippet:-1, max-image-preview:large, max-video-preview:-1\" \/>\n<link rel=\"canonical\" href=\"https:\/\/dutchmicrodosing.com\/it\/spore-fungo\/fiale-di-spore\/bottiglia-doro-insegnante-traccia\/\" \/>\n<meta property=\"og:locale\" content=\"it_IT\" \/>\n<meta property=\"og:type\" content=\"article\" \/>\n<meta property=\"og:title\" content=\"Bottiglia con traccia dell&#039;insegnante d&#039;oro\" \/>\n<meta property=\"og:description\" content=\"La bottiglia della Traccia del Maestro d&#039;Oro \u00e8 nota per la sua potenza e per le profonde esperienze che pu\u00f2 offrire. Questa variet\u00e0 \u00e8 spesso apprezzata\" \/>\n<meta property=\"og:url\" content=\"https:\/\/dutchmicrodosing.com\/it\/spore-fungo\/fiale-di-spore\/bottiglia-doro-insegnante-traccia\/\" \/>\n<meta property=\"og:site_name\" content=\"Dutchmicrodosing\" \/>\n<meta property=\"article:publisher\" content=\"https:\/\/www.facebook.com\/Dutchmicrodosingxp\/\" \/>\n<meta property=\"article:modified_time\" content=\"2025-08-31T07:02:31+00:00\" \/>\n<meta property=\"og:image\" content=\"https:\/\/dutchmicrodosing.com\/wp-content\/uploads\/2024\/05\/sporemate-mondo-vial-psilocybe-cubensis-golden-teacher.jpg\" \/>\n\t<meta property=\"og:image:width\" content=\"600\" \/>\n\t<meta property=\"og:image:height\" content=\"600\" \/>\n\t<meta property=\"og:image:type\" content=\"image\/jpeg\" \/>\n<meta name=\"twitter:card\" content=\"summary_large_image\" \/>\n<script type=\"application\/ld+json\" class=\"yoast-schema-graph\">{\"@context\":\"https:\/\/schema.org\",\"@graph\":[{\"@type\":\"WebPage\",\"@id\":\"https:\/\/dutchmicrodosing.com\/it\/spore-fungo\/fiale-di-spore\/bottiglia-doro-insegnante-traccia\/\",\"url\":\"https:\/\/dutchmicrodosing.com\/it\/spore-fungo\/fiale-di-spore\/bottiglia-doro-insegnante-traccia\/\",\"name\":\"Bottiglia con traccia dell'insegnante d'oro - Dutchmicrodosing\",\"isPartOf\":{\"@id\":\"https:\/\/dutchmicrodosing.com\/it\/#website\"},\"primaryImageOfPage\":{\"@id\":\"https:\/\/dutchmicrodosing.com\/it\/spore-fungo\/fiale-di-spore\/bottiglia-doro-insegnante-traccia\/#primaryimage\"},\"image\":{\"@id\":\"https:\/\/dutchmicrodosing.com\/it\/spore-fungo\/fiale-di-spore\/bottiglia-doro-insegnante-traccia\/#primaryimage\"},\"thumbnailUrl\":\"https:\/\/dutchmicrodosing.com\/wp-content\/uploads\/2024\/05\/sporemate-mondo-vial-psilocybe-cubensis-golden-teacher.jpg\",\"datePublished\":\"2024-05-12T08:23:11+00:00\",\"dateModified\":\"2025-08-31T07:02:31+00:00\",\"description\":\"Scopri la magia dei funghi Golden Teacher. Perfetto per chi coltiva in casa e cerca spore di funghi psilocibinici di alta qualit\u00e0!\",\"breadcrumb\":{\"@id\":\"https:\/\/dutchmicrodosing.com\/it\/spore-fungo\/fiale-di-spore\/bottiglia-doro-insegnante-traccia\/#breadcrumb\"},\"inLanguage\":\"it-IT\",\"potentialAction\":[{\"@type\":\"ReadAction\",\"target\":[\"https:\/\/dutchmicrodosing.com\/it\/spore-fungo\/fiale-di-spore\/bottiglia-doro-insegnante-traccia\/\"]}]},{\"@type\":\"ImageObject\",\"inLanguage\":\"it-IT\",\"@id\":\"https:\/\/dutchmicrodosing.com\/it\/spore-fungo\/fiale-di-spore\/bottiglia-doro-insegnante-traccia\/#primaryimage\",\"url\":\"https:\/\/dutchmicrodosing.com\/wp-content\/uploads\/2024\/05\/sporemate-mondo-vial-psilocybe-cubensis-golden-teacher.jpg\",\"contentUrl\":\"https:\/\/dutchmicrodosing.com\/wp-content\/uploads\/2024\/05\/sporemate-mondo-vial-psilocybe-cubensis-golden-teacher.jpg\",\"width\":600,\"height\":600},{\"@type\":\"BreadcrumbList\",\"@id\":\"https:\/\/dutchmicrodosing.com\/it\/spore-fungo\/fiale-di-spore\/bottiglia-doro-insegnante-traccia\/#breadcrumb\",\"itemListElement\":[{\"@type\":\"ListItem\",\"position\":1,\"name\":\"Home\",\"item\":\"https:\/\/dutchmicrodosing.com\/it\/\"},{\"@type\":\"ListItem\",\"position\":2,\"name\":\"Negozio\",\"item\":\"https:\/\/dutchmicrodosing.com\/it\/negozio\/\"},{\"@type\":\"ListItem\",\"position\":3,\"name\":\"Bottiglia con traccia dell&#8217;insegnante d&#8217;oro\"}]},{\"@type\":\"WebSite\",\"@id\":\"https:\/\/dutchmicrodosing.com\/it\/#website\",\"url\":\"https:\/\/dutchmicrodosing.com\/it\/\",\"name\":\"Dutchmicrodosing\",\"description\":\"\",\"publisher\":{\"@id\":\"https:\/\/dutchmicrodosing.com\/it\/#organization\"},\"potentialAction\":[{\"@type\":\"SearchAction\",\"target\":{\"@type\":\"EntryPoint\",\"urlTemplate\":\"https:\/\/dutchmicrodosing.com\/it\/?s={search_term_string}\"},\"query-input\":{\"@type\":\"PropertyValueSpecification\",\"valueRequired\":true,\"valueName\":\"search_term_string\"}}],\"inLanguage\":\"it-IT\"},{\"@type\":\"Organization\",\"@id\":\"https:\/\/dutchmicrodosing.com\/it\/#organization\",\"name\":\"Dutchmicrodosing\",\"url\":\"https:\/\/dutchmicrodosing.com\/it\/\",\"logo\":{\"@type\":\"ImageObject\",\"inLanguage\":\"it-IT\",\"@id\":\"https:\/\/dutchmicrodosing.com\/it\/#\/schema\/logo\/image\/\",\"url\":\"https:\/\/dutchmicrodosing.com\/wp-content\/uploads\/2021\/01\/microdosing-categorie-pic-nieuw.jpg\",\"contentUrl\":\"https:\/\/dutchmicrodosing.com\/wp-content\/uploads\/2021\/01\/microdosing-categorie-pic-nieuw.jpg\",\"width\":500,\"height\":500,\"caption\":\"Dutchmicrodosing\"},\"image\":{\"@id\":\"https:\/\/dutchmicrodosing.com\/it\/#\/schema\/logo\/image\/\"},\"sameAs\":[\"https:\/\/www.facebook.com\/Dutchmicrodosingxp\/\",\"https:\/\/www.instagram.com\/dutchmicrodosing\/\"]}]}<\/script>\n<meta property=\"product:price:amount\" content=\"17.95\" \/>\n<meta property=\"product:price:currency\" content=\"EUR\" \/>\n<meta property=\"og:availability\" content=\"instock\" \/>\n<meta property=\"product:availability\" content=\"instock\" \/>\n<meta property=\"product:retailer_item_id\" content=\"0212786\" \/>\n<meta property=\"product:condition\" content=\"new\" \/>\n<!-- \/ Yoast SEO Premium plugin. -->","yoast_head_json":{"title":"Bottiglia con traccia dell'insegnante d'oro - Dutchmicrodosing","description":"Scopri la magia dei funghi Golden Teacher. Perfetto per chi coltiva in casa e cerca spore di funghi psilocibinici di alta qualit\u00e0!","robots":{"index":"index","follow":"follow","max-snippet":"max-snippet:-1","max-image-preview":"max-image-preview:large","max-video-preview":"max-video-preview:-1"},"canonical":"https:\/\/dutchmicrodosing.com\/it\/spore-fungo\/fiale-di-spore\/bottiglia-doro-insegnante-traccia\/","og_locale":"it_IT","og_type":"article","og_title":"Bottiglia con traccia dell'insegnante d'oro","og_description":"La bottiglia della Traccia del Maestro d'Oro \u00e8 nota per la sua potenza e per le profonde esperienze che pu\u00f2 offrire. Questa variet\u00e0 \u00e8 spesso apprezzata","og_url":"https:\/\/dutchmicrodosing.com\/it\/spore-fungo\/fiale-di-spore\/bottiglia-doro-insegnante-traccia\/","og_site_name":"Dutchmicrodosing","article_publisher":"https:\/\/www.facebook.com\/Dutchmicrodosingxp\/","article_modified_time":"2025-08-31T07:02:31+00:00","og_image":[{"width":600,"height":600,"url":"https:\/\/dutchmicrodosing.com\/wp-content\/uploads\/2024\/05\/sporemate-mondo-vial-psilocybe-cubensis-golden-teacher.jpg","type":"image\/jpeg"}],"twitter_card":"summary_large_image","schema":{"@context":"https:\/\/schema.org","@graph":[{"@type":"WebPage","@id":"https:\/\/dutchmicrodosing.com\/it\/spore-fungo\/fiale-di-spore\/bottiglia-doro-insegnante-traccia\/","url":"https:\/\/dutchmicrodosing.com\/it\/spore-fungo\/fiale-di-spore\/bottiglia-doro-insegnante-traccia\/","name":"Bottiglia con traccia dell'insegnante d'oro - Dutchmicrodosing","isPartOf":{"@id":"https:\/\/dutchmicrodosing.com\/it\/#website"},"primaryImageOfPage":{"@id":"https:\/\/dutchmicrodosing.com\/it\/spore-fungo\/fiale-di-spore\/bottiglia-doro-insegnante-traccia\/#primaryimage"},"image":{"@id":"https:\/\/dutchmicrodosing.com\/it\/spore-fungo\/fiale-di-spore\/bottiglia-doro-insegnante-traccia\/#primaryimage"},"thumbnailUrl":"https:\/\/dutchmicrodosing.com\/wp-content\/uploads\/2024\/05\/sporemate-mondo-vial-psilocybe-cubensis-golden-teacher.jpg","datePublished":"2024-05-12T08:23:11+00:00","dateModified":"2025-08-31T07:02:31+00:00","description":"Scopri la magia dei funghi Golden Teacher. Perfetto per chi coltiva in casa e cerca spore di funghi psilocibinici di alta qualit\u00e0!","breadcrumb":{"@id":"https:\/\/dutchmicrodosing.com\/it\/spore-fungo\/fiale-di-spore\/bottiglia-doro-insegnante-traccia\/#breadcrumb"},"inLanguage":"it-IT","potentialAction":[{"@type":"ReadAction","target":["https:\/\/dutchmicrodosing.com\/it\/spore-fungo\/fiale-di-spore\/bottiglia-doro-insegnante-traccia\/"]}]},{"@type":"ImageObject","inLanguage":"it-IT","@id":"https:\/\/dutchmicrodosing.com\/it\/spore-fungo\/fiale-di-spore\/bottiglia-doro-insegnante-traccia\/#primaryimage","url":"https:\/\/dutchmicrodosing.com\/wp-content\/uploads\/2024\/05\/sporemate-mondo-vial-psilocybe-cubensis-golden-teacher.jpg","contentUrl":"https:\/\/dutchmicrodosing.com\/wp-content\/uploads\/2024\/05\/sporemate-mondo-vial-psilocybe-cubensis-golden-teacher.jpg","width":600,"height":600},{"@type":"BreadcrumbList","@id":"https:\/\/dutchmicrodosing.com\/it\/spore-fungo\/fiale-di-spore\/bottiglia-doro-insegnante-traccia\/#breadcrumb","itemListElement":[{"@type":"ListItem","position":1,"name":"Home","item":"https:\/\/dutchmicrodosing.com\/it\/"},{"@type":"ListItem","position":2,"name":"Negozio","item":"https:\/\/dutchmicrodosing.com\/it\/negozio\/"},{"@type":"ListItem","position":3,"name":"Bottiglia con traccia dell&#8217;insegnante d&#8217;oro"}]},{"@type":"WebSite","@id":"https:\/\/dutchmicrodosing.com\/it\/#website","url":"https:\/\/dutchmicrodosing.com\/it\/","name":"Dutchmicrodosing","description":"","publisher":{"@id":"https:\/\/dutchmicrodosing.com\/it\/#organization"},"potentialAction":[{"@type":"SearchAction","target":{"@type":"EntryPoint","urlTemplate":"https:\/\/dutchmicrodosing.com\/it\/?s={search_term_string}"},"query-input":{"@type":"PropertyValueSpecification","valueRequired":true,"valueName":"search_term_string"}}],"inLanguage":"it-IT"},{"@type":"Organization","@id":"https:\/\/dutchmicrodosing.com\/it\/#organization","name":"Dutchmicrodosing","url":"https:\/\/dutchmicrodosing.com\/it\/","logo":{"@type":"ImageObject","inLanguage":"it-IT","@id":"https:\/\/dutchmicrodosing.com\/it\/#\/schema\/logo\/image\/","url":"https:\/\/dutchmicrodosing.com\/wp-content\/uploads\/2021\/01\/microdosing-categorie-pic-nieuw.jpg","contentUrl":"https:\/\/dutchmicrodosing.com\/wp-content\/uploads\/2021\/01\/microdosing-categorie-pic-nieuw.jpg","width":500,"height":500,"caption":"Dutchmicrodosing"},"image":{"@id":"https:\/\/dutchmicrodosing.com\/it\/#\/schema\/logo\/image\/"},"sameAs":["https:\/\/www.facebook.com\/Dutchmicrodosingxp\/","https:\/\/www.instagram.com\/dutchmicrodosing\/"]}]},"product_price_amount":"17.95","product_price_currency":"EUR","og_availability":"instock","product_availability":"instock","product_retailer_item_id":"0212786","product_condition":"new"},"_links":{"self":[{"href":"https:\/\/dutchmicrodosing.com\/it\/wp-json\/wp\/v2\/product\/39119","targetHints":{"allow":["GET"]}}],"collection":[{"href":"https:\/\/dutchmicrodosing.com\/it\/wp-json\/wp\/v2\/product"}],"about":[{"href":"https:\/\/dutchmicrodosing.com\/it\/wp-json\/wp\/v2\/types\/product"}],"replies":[{"embeddable":true,"href":"https:\/\/dutchmicrodosing.com\/it\/wp-json\/wp\/v2\/comments?post=39119"}],"version-history":[{"count":0,"href":"https:\/\/dutchmicrodosing.com\/it\/wp-json\/wp\/v2\/product\/39119\/revisions"}],"wp:featuredmedia":[{"embeddable":true,"href":"https:\/\/dutchmicrodosing.com\/it\/wp-json\/wp\/v2\/media\/39114"}],"wp:attachment":[{"href":"https:\/\/dutchmicrodosing.com\/it\/wp-json\/wp\/v2\/media?parent=39119"}],"wp:term":[{"taxonomy":"product_brand","embeddable":true,"href":"https:\/\/dutchmicrodosing.com\/it\/wp-json\/wp\/v2\/product_brand?post=39119"},{"taxonomy":"product_cat","embeddable":true,"href":"https:\/\/dutchmicrodosing.com\/it\/wp-json\/wp\/v2\/product_cat?post=39119"},{"taxonomy":"product_tag","embeddable":true,"href":"https:\/\/dutchmicrodosing.com\/it\/wp-json\/wp\/v2\/product_tag?post=39119"}],"curies":[{"name":"wp","href":"https:\/\/api.w.org\/{rel}","templated":true}]}}