{"id":39132,"date":"2024-05-12T10:45:21","date_gmt":"2024-05-12T08:45:21","guid":{"rendered":"https:\/\/dutchmicrodosing.com\/shop\/senza-categoria\/bottiglia-mondo-pes-amazzonica-spore\/"},"modified":"2025-08-25T07:56:11","modified_gmt":"2025-08-25T05:56:11","slug":"bottiglia-mondo-pes-amazzonica-spore","status":"publish","type":"product","link":"https:\/\/dutchmicrodosing.com\/it\/spore-fungo\/fiale-di-spore\/bottiglia-mondo-pes-amazzonica-spore\/","title":{"rendered":"Bottiglia PES Traccia Amazzonica"},"content":{"rendered":"<p>Spesso definita come una delle variet\u00e0 pi\u00f9 gioiose ed euforiche della famiglia Psilocybe cubensis, la <strong>PES Amazonian Spore Bottle<\/strong> ha origine nella regione amazzonica, in particolare in Brasile e Colombia. Questa specie \u00e8 nota per la sua capacit\u00e0 di produrre grandi corpi fruttiferi nelle giuste condizioni climatiche, con lunghezze impressionanti che vanno dai 15 ai 30 cm.<\/p>\n<p>L&#8217;uso dei funghi amazzonici PES \u00e8 spesso associato a intense esperienze di felicit\u00e0 e ilarit\u00e0, in cui gli utenti possono ridere forte e percepire oggetti che assumono forme strane. Gli effetti iniziali dopo il consumo includono una forte euforia, seguita da un &#8220;high&#8221; rilassato e piacevole. Questa combinazione di euforia e rilassamento rende il PES Amazzonico una scelta popolare sia per l&#8217;uso ricreativo che terapeutico, soprattutto tra coloro che cercano un&#8217;esperienza psichedelica positiva e spensierata.<\/p>\n<h2>Effetti di Mondo PES Amazonian Trace bottle<\/h2>\n<p>Gli effetti dei funghi amazzonici PES sono: mediorientali, creativi e fortemente filosofici. Dopo l&#8217;ingestione, i primi effetti si notano dopo circa 45 minuti. Un viaggio con i funghi magici amazzonici di PES pu\u00f2 durare facilmente 4-7 ore.<\/p>\n<h2>Informazioni sulla coltivazione della bottiglia di spore amazzoniche Mondo PES<\/h2>\n<ul>\n<li>Difficolt\u00e0 di coltivazione: Facile<\/li>\n<li>Substrato: Letame, paglia, cereali vari<\/li>\n<li>Tempo di colonizzazione: 10-12 giorni<\/li>\n<li>Temperatura di colonizzazione: 28-30 gradi Celsius<\/li>\n<li>Temperatura della frutta: 23-27 gradi Celsius<\/li>\n<li>3 ml di soluzione sono sufficienti per inoculare 1 litro di substrato.<\/li>\n<\/ul>\n<h2>Quanti funghi amazzonici PES dovresti assumere?<\/h2>\n<p>In media, puoi ipotizzare le seguenti quantit\u00e0:<\/p>\n<ul>\n<li>Microdosaggio: 0,2 grammi di funghi secchi | 2 grammi di funghi freschi<\/li>\n<li>Gita dolce: 1 grammo di funghi secchi | 10 grammi di funghi freschi<\/li>\n<li>Viaggio normale: 2 grammi di funghi secchi | 20 grammi di funghi freschi<\/li>\n<li>Viaggio intenso: 3,5 grammi di funghi secchi | 35 grammi di funghi freschi<\/li>\n<\/ul>\n<h2>Come preparare la mia bottiglia di Mondo PES Traccia Amazzonica<\/h2>\n<p>Prima di iniziare a iniettare le spore, devi preparare un substrato in una vaschetta o in un sacchetto per la coltura in cui far cadere le spore. Le fiale sterili Mondo sono molto facili da usare.<\/p>\n<ol>\n<li>Indossa guanti e maschera per la bocca<\/li>\n<li>Agita vigorosamente la fiala di spore in avanti e indietro.<\/li>\n<li>Disimballare l&#8217;ago da iniezione e inserire l&#8217;ago attraverso la membrana di gomma.<\/li>\n<li>Ora preleva delicatamente il liquido nella siringa<\/li>\n<li>Includere un contenitore o un sacchetto per la coltivazione con il substrato.<\/li>\n<li>Dopo aver riempito la siringa, premi lentamente lo stantuffo e lascia cadere ogni goccia sparsa sul substrato. Il punto in cui la goccia cade sul substrato \u00e8 un potenziale punto di crescita del micelio, dividendolo ottimizzerai la colonizzazione.<\/li>\n<\/ol>\n<h2>Contenuto del flacone di Mondo PES Traccia Amazzonica<\/h2>\n<ul>\n<li>1 flacone di spore contiene diversi milioni di spore disciolte in 10 ml di acqua sterile.<\/li>\n<li>1 siringa sterile da 20 ml<\/li>\n<li>2 x Salvietta alcolica<\/li>\n<\/ul>\n<h2>Conserva la tua bottiglia di Mondo PES Amazonian Trace<\/h2>\n<p>Poich\u00e9 si tratta di un prodotto delicato, ti consigliamo di mettere il flacone di spore in frigorifero a una temperatura compresa tra 2 e 8 gradi subito dopo averlo ricevuto per 24 ore prima di utilizzarlo.<\/p>\n","protected":false},"excerpt":{"rendered":"<p>Spesso definita come una delle variet\u00e0 pi\u00f9 gioiose ed euforiche della famiglia Psilocybe cubensis, la PES Amazonian Spore Bottle ha origine nella regione amazzonica, in particolare in Brasile e Colombia. Questa specie \u00e8 nota per la sua capacit\u00e0 di produrre grandi corpi fruttiferi nelle giuste condizioni climatiche, con lunghezze impressionanti che vanno dai 15 ai [&hellip;]<\/p>\n","protected":false},"featured_media":39114,"comment_status":"closed","ping_status":"closed","template":"","meta":[],"product_brand":[],"product_cat":[354],"product_tag":[],"class_list":{"0":"post-39132","1":"product","2":"type-product","3":"status-publish","4":"has-post-thumbnail","6":"product_cat-fiale-di-spore","8":"first","9":"instock","10":"taxable","11":"shipping-taxable","12":"purchasable","13":"product-type-simple"},"yoast_head":"<!-- This site is optimized with the Yoast SEO Premium plugin v26.4 (Yoast SEO v27.2) - https:\/\/yoast.com\/product\/yoast-seo-premium-wordpress\/ -->\n<title>Bottiglia PES Traccia Amazzonica - Dutchmicrodosing<\/title>\n<meta name=\"description\" content=\"Spore di alta qualit\u00e0 per la coltivazione di funghi potenti e robusti. Perfetto sia per i coltivatori alle prime armi che per quelli esperti in cerca di risultati!\" \/>\n<meta name=\"robots\" content=\"index, follow, max-snippet:-1, max-image-preview:large, max-video-preview:-1\" \/>\n<link rel=\"canonical\" href=\"https:\/\/dutchmicrodosing.com\/it\/spore-fungo\/fiale-di-spore\/bottiglia-mondo-pes-amazzonica-spore\/\" \/>\n<meta property=\"og:locale\" content=\"it_IT\" \/>\n<meta property=\"og:type\" content=\"article\" \/>\n<meta property=\"og:title\" content=\"Bottiglia PES Traccia Amazzonica\" \/>\n<meta property=\"og:description\" content=\"Spesso definita come una delle variet\u00e0 pi\u00f9 gioiose ed euforiche della famiglia Psilocybe cubensis, la PES Amazonian Spore Bottle ha origine nella regione\" \/>\n<meta property=\"og:url\" content=\"https:\/\/dutchmicrodosing.com\/it\/spore-fungo\/fiale-di-spore\/bottiglia-mondo-pes-amazzonica-spore\/\" \/>\n<meta property=\"og:site_name\" content=\"Dutchmicrodosing\" \/>\n<meta property=\"article:publisher\" content=\"https:\/\/www.facebook.com\/Dutchmicrodosingxp\/\" \/>\n<meta property=\"article:modified_time\" content=\"2025-08-25T05:56:11+00:00\" \/>\n<meta property=\"og:image\" content=\"https:\/\/dutchmicrodosing.com\/wp-content\/uploads\/2024\/05\/sporemate-mondo-vial-psilocybe-cubensis-golden-teacher.jpg\" \/>\n\t<meta property=\"og:image:width\" content=\"600\" \/>\n\t<meta property=\"og:image:height\" content=\"600\" \/>\n\t<meta property=\"og:image:type\" content=\"image\/jpeg\" \/>\n<meta name=\"twitter:card\" content=\"summary_large_image\" \/>\n<script type=\"application\/ld+json\" class=\"yoast-schema-graph\">{\"@context\":\"https:\/\/schema.org\",\"@graph\":[{\"@type\":\"WebPage\",\"@id\":\"https:\/\/dutchmicrodosing.com\/it\/spore-fungo\/fiale-di-spore\/bottiglia-mondo-pes-amazzonica-spore\/\",\"url\":\"https:\/\/dutchmicrodosing.com\/it\/spore-fungo\/fiale-di-spore\/bottiglia-mondo-pes-amazzonica-spore\/\",\"name\":\"Bottiglia PES Traccia Amazzonica - Dutchmicrodosing\",\"isPartOf\":{\"@id\":\"https:\/\/dutchmicrodosing.com\/it\/#website\"},\"primaryImageOfPage\":{\"@id\":\"https:\/\/dutchmicrodosing.com\/it\/spore-fungo\/fiale-di-spore\/bottiglia-mondo-pes-amazzonica-spore\/#primaryimage\"},\"image\":{\"@id\":\"https:\/\/dutchmicrodosing.com\/it\/spore-fungo\/fiale-di-spore\/bottiglia-mondo-pes-amazzonica-spore\/#primaryimage\"},\"thumbnailUrl\":\"https:\/\/dutchmicrodosing.com\/wp-content\/uploads\/2024\/05\/sporemate-mondo-vial-psilocybe-cubensis-golden-teacher.jpg\",\"datePublished\":\"2024-05-12T08:45:21+00:00\",\"dateModified\":\"2025-08-25T05:56:11+00:00\",\"description\":\"Spore di alta qualit\u00e0 per la coltivazione di funghi potenti e robusti. Perfetto sia per i coltivatori alle prime armi che per quelli esperti in cerca di risultati!\",\"breadcrumb\":{\"@id\":\"https:\/\/dutchmicrodosing.com\/it\/spore-fungo\/fiale-di-spore\/bottiglia-mondo-pes-amazzonica-spore\/#breadcrumb\"},\"inLanguage\":\"it-IT\",\"potentialAction\":[{\"@type\":\"ReadAction\",\"target\":[\"https:\/\/dutchmicrodosing.com\/it\/spore-fungo\/fiale-di-spore\/bottiglia-mondo-pes-amazzonica-spore\/\"]}]},{\"@type\":\"ImageObject\",\"inLanguage\":\"it-IT\",\"@id\":\"https:\/\/dutchmicrodosing.com\/it\/spore-fungo\/fiale-di-spore\/bottiglia-mondo-pes-amazzonica-spore\/#primaryimage\",\"url\":\"https:\/\/dutchmicrodosing.com\/wp-content\/uploads\/2024\/05\/sporemate-mondo-vial-psilocybe-cubensis-golden-teacher.jpg\",\"contentUrl\":\"https:\/\/dutchmicrodosing.com\/wp-content\/uploads\/2024\/05\/sporemate-mondo-vial-psilocybe-cubensis-golden-teacher.jpg\",\"width\":600,\"height\":600},{\"@type\":\"BreadcrumbList\",\"@id\":\"https:\/\/dutchmicrodosing.com\/it\/spore-fungo\/fiale-di-spore\/bottiglia-mondo-pes-amazzonica-spore\/#breadcrumb\",\"itemListElement\":[{\"@type\":\"ListItem\",\"position\":1,\"name\":\"Home\",\"item\":\"https:\/\/dutchmicrodosing.com\/it\/\"},{\"@type\":\"ListItem\",\"position\":2,\"name\":\"Negozio\",\"item\":\"https:\/\/dutchmicrodosing.com\/it\/negozio\/\"},{\"@type\":\"ListItem\",\"position\":3,\"name\":\"Bottiglia PES Traccia Amazzonica\"}]},{\"@type\":\"WebSite\",\"@id\":\"https:\/\/dutchmicrodosing.com\/it\/#website\",\"url\":\"https:\/\/dutchmicrodosing.com\/it\/\",\"name\":\"Dutchmicrodosing\",\"description\":\"\",\"publisher\":{\"@id\":\"https:\/\/dutchmicrodosing.com\/it\/#organization\"},\"potentialAction\":[{\"@type\":\"SearchAction\",\"target\":{\"@type\":\"EntryPoint\",\"urlTemplate\":\"https:\/\/dutchmicrodosing.com\/it\/?s={search_term_string}\"},\"query-input\":{\"@type\":\"PropertyValueSpecification\",\"valueRequired\":true,\"valueName\":\"search_term_string\"}}],\"inLanguage\":\"it-IT\"},{\"@type\":\"Organization\",\"@id\":\"https:\/\/dutchmicrodosing.com\/it\/#organization\",\"name\":\"Dutchmicrodosing\",\"url\":\"https:\/\/dutchmicrodosing.com\/it\/\",\"logo\":{\"@type\":\"ImageObject\",\"inLanguage\":\"it-IT\",\"@id\":\"https:\/\/dutchmicrodosing.com\/it\/#\/schema\/logo\/image\/\",\"url\":\"https:\/\/dutchmicrodosing.com\/wp-content\/uploads\/2021\/01\/microdosing-categorie-pic-nieuw.jpg\",\"contentUrl\":\"https:\/\/dutchmicrodosing.com\/wp-content\/uploads\/2021\/01\/microdosing-categorie-pic-nieuw.jpg\",\"width\":500,\"height\":500,\"caption\":\"Dutchmicrodosing\"},\"image\":{\"@id\":\"https:\/\/dutchmicrodosing.com\/it\/#\/schema\/logo\/image\/\"},\"sameAs\":[\"https:\/\/www.facebook.com\/Dutchmicrodosingxp\/\",\"https:\/\/www.instagram.com\/dutchmicrodosing\/\"]}]}<\/script>\n<meta property=\"product:price:amount\" content=\"17.95\" \/>\n<meta property=\"product:price:currency\" content=\"EUR\" \/>\n<meta property=\"og:availability\" content=\"instock\" \/>\n<meta property=\"product:availability\" content=\"instock\" \/>\n<meta property=\"product:retailer_item_id\" content=\"0212218\" \/>\n<meta property=\"product:condition\" content=\"new\" \/>\n<!-- \/ Yoast SEO Premium plugin. -->","yoast_head_json":{"title":"Bottiglia PES Traccia Amazzonica - Dutchmicrodosing","description":"Spore di alta qualit\u00e0 per la coltivazione di funghi potenti e robusti. Perfetto sia per i coltivatori alle prime armi che per quelli esperti in cerca di risultati!","robots":{"index":"index","follow":"follow","max-snippet":"max-snippet:-1","max-image-preview":"max-image-preview:large","max-video-preview":"max-video-preview:-1"},"canonical":"https:\/\/dutchmicrodosing.com\/it\/spore-fungo\/fiale-di-spore\/bottiglia-mondo-pes-amazzonica-spore\/","og_locale":"it_IT","og_type":"article","og_title":"Bottiglia PES Traccia Amazzonica","og_description":"Spesso definita come una delle variet\u00e0 pi\u00f9 gioiose ed euforiche della famiglia Psilocybe cubensis, la PES Amazonian Spore Bottle ha origine nella regione","og_url":"https:\/\/dutchmicrodosing.com\/it\/spore-fungo\/fiale-di-spore\/bottiglia-mondo-pes-amazzonica-spore\/","og_site_name":"Dutchmicrodosing","article_publisher":"https:\/\/www.facebook.com\/Dutchmicrodosingxp\/","article_modified_time":"2025-08-25T05:56:11+00:00","og_image":[{"width":600,"height":600,"url":"https:\/\/dutchmicrodosing.com\/wp-content\/uploads\/2024\/05\/sporemate-mondo-vial-psilocybe-cubensis-golden-teacher.jpg","type":"image\/jpeg"}],"twitter_card":"summary_large_image","schema":{"@context":"https:\/\/schema.org","@graph":[{"@type":"WebPage","@id":"https:\/\/dutchmicrodosing.com\/it\/spore-fungo\/fiale-di-spore\/bottiglia-mondo-pes-amazzonica-spore\/","url":"https:\/\/dutchmicrodosing.com\/it\/spore-fungo\/fiale-di-spore\/bottiglia-mondo-pes-amazzonica-spore\/","name":"Bottiglia PES Traccia Amazzonica - Dutchmicrodosing","isPartOf":{"@id":"https:\/\/dutchmicrodosing.com\/it\/#website"},"primaryImageOfPage":{"@id":"https:\/\/dutchmicrodosing.com\/it\/spore-fungo\/fiale-di-spore\/bottiglia-mondo-pes-amazzonica-spore\/#primaryimage"},"image":{"@id":"https:\/\/dutchmicrodosing.com\/it\/spore-fungo\/fiale-di-spore\/bottiglia-mondo-pes-amazzonica-spore\/#primaryimage"},"thumbnailUrl":"https:\/\/dutchmicrodosing.com\/wp-content\/uploads\/2024\/05\/sporemate-mondo-vial-psilocybe-cubensis-golden-teacher.jpg","datePublished":"2024-05-12T08:45:21+00:00","dateModified":"2025-08-25T05:56:11+00:00","description":"Spore di alta qualit\u00e0 per la coltivazione di funghi potenti e robusti. Perfetto sia per i coltivatori alle prime armi che per quelli esperti in cerca di risultati!","breadcrumb":{"@id":"https:\/\/dutchmicrodosing.com\/it\/spore-fungo\/fiale-di-spore\/bottiglia-mondo-pes-amazzonica-spore\/#breadcrumb"},"inLanguage":"it-IT","potentialAction":[{"@type":"ReadAction","target":["https:\/\/dutchmicrodosing.com\/it\/spore-fungo\/fiale-di-spore\/bottiglia-mondo-pes-amazzonica-spore\/"]}]},{"@type":"ImageObject","inLanguage":"it-IT","@id":"https:\/\/dutchmicrodosing.com\/it\/spore-fungo\/fiale-di-spore\/bottiglia-mondo-pes-amazzonica-spore\/#primaryimage","url":"https:\/\/dutchmicrodosing.com\/wp-content\/uploads\/2024\/05\/sporemate-mondo-vial-psilocybe-cubensis-golden-teacher.jpg","contentUrl":"https:\/\/dutchmicrodosing.com\/wp-content\/uploads\/2024\/05\/sporemate-mondo-vial-psilocybe-cubensis-golden-teacher.jpg","width":600,"height":600},{"@type":"BreadcrumbList","@id":"https:\/\/dutchmicrodosing.com\/it\/spore-fungo\/fiale-di-spore\/bottiglia-mondo-pes-amazzonica-spore\/#breadcrumb","itemListElement":[{"@type":"ListItem","position":1,"name":"Home","item":"https:\/\/dutchmicrodosing.com\/it\/"},{"@type":"ListItem","position":2,"name":"Negozio","item":"https:\/\/dutchmicrodosing.com\/it\/negozio\/"},{"@type":"ListItem","position":3,"name":"Bottiglia PES Traccia Amazzonica"}]},{"@type":"WebSite","@id":"https:\/\/dutchmicrodosing.com\/it\/#website","url":"https:\/\/dutchmicrodosing.com\/it\/","name":"Dutchmicrodosing","description":"","publisher":{"@id":"https:\/\/dutchmicrodosing.com\/it\/#organization"},"potentialAction":[{"@type":"SearchAction","target":{"@type":"EntryPoint","urlTemplate":"https:\/\/dutchmicrodosing.com\/it\/?s={search_term_string}"},"query-input":{"@type":"PropertyValueSpecification","valueRequired":true,"valueName":"search_term_string"}}],"inLanguage":"it-IT"},{"@type":"Organization","@id":"https:\/\/dutchmicrodosing.com\/it\/#organization","name":"Dutchmicrodosing","url":"https:\/\/dutchmicrodosing.com\/it\/","logo":{"@type":"ImageObject","inLanguage":"it-IT","@id":"https:\/\/dutchmicrodosing.com\/it\/#\/schema\/logo\/image\/","url":"https:\/\/dutchmicrodosing.com\/wp-content\/uploads\/2021\/01\/microdosing-categorie-pic-nieuw.jpg","contentUrl":"https:\/\/dutchmicrodosing.com\/wp-content\/uploads\/2021\/01\/microdosing-categorie-pic-nieuw.jpg","width":500,"height":500,"caption":"Dutchmicrodosing"},"image":{"@id":"https:\/\/dutchmicrodosing.com\/it\/#\/schema\/logo\/image\/"},"sameAs":["https:\/\/www.facebook.com\/Dutchmicrodosingxp\/","https:\/\/www.instagram.com\/dutchmicrodosing\/"]}]},"product_price_amount":"17.95","product_price_currency":"EUR","og_availability":"instock","product_availability":"instock","product_retailer_item_id":"0212218","product_condition":"new"},"_links":{"self":[{"href":"https:\/\/dutchmicrodosing.com\/it\/wp-json\/wp\/v2\/product\/39132","targetHints":{"allow":["GET"]}}],"collection":[{"href":"https:\/\/dutchmicrodosing.com\/it\/wp-json\/wp\/v2\/product"}],"about":[{"href":"https:\/\/dutchmicrodosing.com\/it\/wp-json\/wp\/v2\/types\/product"}],"replies":[{"embeddable":true,"href":"https:\/\/dutchmicrodosing.com\/it\/wp-json\/wp\/v2\/comments?post=39132"}],"version-history":[{"count":0,"href":"https:\/\/dutchmicrodosing.com\/it\/wp-json\/wp\/v2\/product\/39132\/revisions"}],"wp:featuredmedia":[{"embeddable":true,"href":"https:\/\/dutchmicrodosing.com\/it\/wp-json\/wp\/v2\/media\/39114"}],"wp:attachment":[{"href":"https:\/\/dutchmicrodosing.com\/it\/wp-json\/wp\/v2\/media?parent=39132"}],"wp:term":[{"taxonomy":"product_brand","embeddable":true,"href":"https:\/\/dutchmicrodosing.com\/it\/wp-json\/wp\/v2\/product_brand?post=39132"},{"taxonomy":"product_cat","embeddable":true,"href":"https:\/\/dutchmicrodosing.com\/it\/wp-json\/wp\/v2\/product_cat?post=39132"},{"taxonomy":"product_tag","embeddable":true,"href":"https:\/\/dutchmicrodosing.com\/it\/wp-json\/wp\/v2\/product_tag?post=39132"}],"curies":[{"name":"wp","href":"https:\/\/api.w.org\/{rel}","templated":true}]}}