{"id":39140,"date":"2024-05-12T10:30:17","date_gmt":"2024-05-12T08:30:17","guid":{"rendered":"https:\/\/dutchmicrodosing.com\/shop\/senza-categoria\/bottiglia-di-traccia-della-costa-del-tesoro\/"},"modified":"2025-08-25T07:42:19","modified_gmt":"2025-08-25T05:42:19","slug":"bottiglia-di-traccia-della-costa-del-tesoro","status":"publish","type":"product","link":"https:\/\/dutchmicrodosing.com\/it\/spore-fungo\/fiale-di-spore\/bottiglia-di-traccia-della-costa-del-tesoro\/","title":{"rendered":"Bottiglia Treasure Coast Trace"},"content":{"rendered":"<p>Le spore di questa <strong>bottiglia<\/strong> Mondo <strong>Treasure Coast Spores<\/strong> prendono il nome dalla regione della Treasure Coast in Florida, dove \u00e8 stata originariamente trovata. Questa regione deve il suo nome ai tesori spagnoli persi lungo la costa in naufragi avvenuti secoli fa. La Treasure Coast \u00e8 nota per la sua capacit\u00e0 di dare frutti ricchi nelle giuste condizioni di coltivazione. Questa specie \u00e8 anche nota per produrre talvolta funghi albini, una caratteristica molto ricercata da coltivatori e collezionisti. Gli effetti della Treasure Coast sono spesso descritti come molto potenti, con vivide allucinazioni visive e un&#8217;esperienza profonda e introspettiva.<\/p>\n<p>Questo rende la Treasure Coast una scelta popolare tra gli appassionati di psilocibina, sia per uso ricreativo che per chi \u00e8 interessato ai potenziali benefici terapeutici degli psichedelici.<\/p>\n<h2>Informazioni sulla coltivazione della bottiglia Treasure Coast Trace<\/h2>\n<ul>\n<li>Difficolt\u00e0 di coltivazione: Facile<\/li>\n<li>Substrato: Letame, paglia, cereali vari<\/li>\n<li>Tempo di colonizzazione: 12-14 giorni<\/li>\n<li>Temperatura di colonizzazione: 28-30 gradi Celsius<\/li>\n<li>Temperatura della frutta: 23-26 gradi Celsius<\/li>\n<li>Sono necessari solo 3 millilitri di soluzione di spore per colonizzare 1 litro di substrato.<\/li>\n<\/ul>\n<h2>Come preparare la mia bottiglia di Mondo Treasure Coast Trace<\/h2>\n<p>Prima di iniziare a iniettare le spore, devi preparare un substrato in una vaschetta o in un sacchetto per la coltura in cui far cadere le spore. Le fiale sterili Mondo sono molto facili da usare.<\/p>\n<ol>\n<li>Indossa guanti e maschera per la bocca<\/li>\n<li>Agita vigorosamente la fiala di spore in avanti e indietro.<\/li>\n<li>Disimballare l&#8217;ago da iniezione e inserire l&#8217;ago attraverso la membrana di gomma.<\/li>\n<li>Ora preleva delicatamente il liquido nella siringa<\/li>\n<li>Includere un contenitore o un sacchetto per la coltivazione con il substrato.<\/li>\n<li>Dopo aver riempito la siringa, premi lentamente lo stantuffo e lascia cadere ogni goccia sparsa sul substrato. Il punto in cui la goccia cade sul substrato \u00e8 un potenziale punto di crescita del micelio, dividendolo ottimizzerai la colonizzazione.<\/li>\n<\/ol>\n<h2>Contenuto della bottiglia di Mondo Treasure Coast Trace<\/h2>\n<ul>\n<li>1 fiala di spore contiene diversi milioni di spore disciolte in 10 ml di acqua sterile.<\/li>\n<li>1 siringa sterile da 20 ml<\/li>\n<li>2 x Salvietta alcolica<\/li>\n<\/ul>\n<h2>Conserva la tua bottiglia Mondo Treasure Coast Trace<\/h2>\n<p>Poich\u00e9 si tratta di un prodotto delicato, ti consigliamo di mettere il flacone di spore in frigorifero a una temperatura compresa tra 2 e 8 gradi subito dopo averlo ricevuto per 24 ore prima di utilizzarlo.<\/p>\n","protected":false},"excerpt":{"rendered":"<p>Le spore di questa bottiglia Mondo Treasure Coast Spores prendono il nome dalla regione della Treasure Coast in Florida, dove \u00e8 stata originariamente trovata. Questa regione deve il suo nome ai tesori spagnoli persi lungo la costa in naufragi avvenuti secoli fa. La Treasure Coast \u00e8 nota per la sua capacit\u00e0 di dare frutti ricchi [&hellip;]<\/p>\n","protected":false},"featured_media":39114,"comment_status":"closed","ping_status":"closed","template":"","meta":[],"product_brand":[],"product_cat":[354],"product_tag":[],"class_list":{"0":"post-39140","1":"product","2":"type-product","3":"status-publish","4":"has-post-thumbnail","6":"product_cat-fiale-di-spore","8":"first","9":"instock","10":"taxable","11":"shipping-taxable","12":"purchasable","13":"product-type-simple"},"yoast_head":"<!-- This site is optimized with the Yoast SEO Premium plugin v26.4 (Yoast SEO v27.4) - https:\/\/yoast.com\/product\/yoast-seo-premium-wordpress\/ -->\n<title>Bottiglia Treasure Coast Trace - Dutchmicrodosing<\/title>\n<meta name=\"description\" content=\"Scopri la bottiglia di spore Treasure Coast, ideale per coltivare funghi potenti a casa. Tracce di alta qualit\u00e0 per risultati affidabili!\" \/>\n<meta name=\"robots\" content=\"index, follow, max-snippet:-1, max-image-preview:large, max-video-preview:-1\" \/>\n<link rel=\"canonical\" href=\"https:\/\/dutchmicrodosing.com\/it\/spore-fungo\/fiale-di-spore\/bottiglia-di-traccia-della-costa-del-tesoro\/\" \/>\n<meta property=\"og:locale\" content=\"it_IT\" \/>\n<meta property=\"og:type\" content=\"article\" \/>\n<meta property=\"og:title\" content=\"Bottiglia Treasure Coast Trace\" \/>\n<meta property=\"og:description\" content=\"Le spore di questa bottiglia Mondo Treasure Coast Spores prendono il nome dalla regione della Treasure Coast in Florida, dove \u00e8 stata originariamente\" \/>\n<meta property=\"og:url\" content=\"https:\/\/dutchmicrodosing.com\/it\/spore-fungo\/fiale-di-spore\/bottiglia-di-traccia-della-costa-del-tesoro\/\" \/>\n<meta property=\"og:site_name\" content=\"Dutchmicrodosing\" \/>\n<meta property=\"article:publisher\" content=\"https:\/\/www.facebook.com\/Dutchmicrodosingxp\/\" \/>\n<meta property=\"article:modified_time\" content=\"2025-08-25T05:42:19+00:00\" \/>\n<meta property=\"og:image\" content=\"https:\/\/dutchmicrodosing.com\/wp-content\/uploads\/2024\/05\/sporemate-mondo-vial-psilocybe-cubensis-golden-teacher.jpg\" \/>\n\t<meta property=\"og:image:width\" content=\"600\" \/>\n\t<meta property=\"og:image:height\" content=\"600\" \/>\n\t<meta property=\"og:image:type\" content=\"image\/jpeg\" \/>\n<meta name=\"twitter:card\" content=\"summary_large_image\" \/>\n<script type=\"application\/ld+json\" class=\"yoast-schema-graph\">{\"@context\":\"https:\\\/\\\/schema.org\",\"@graph\":[{\"@type\":\"WebPage\",\"@id\":\"https:\\\/\\\/dutchmicrodosing.com\\\/it\\\/spore-fungo\\\/fiale-di-spore\\\/bottiglia-di-traccia-della-costa-del-tesoro\\\/\",\"url\":\"https:\\\/\\\/dutchmicrodosing.com\\\/it\\\/spore-fungo\\\/fiale-di-spore\\\/bottiglia-di-traccia-della-costa-del-tesoro\\\/\",\"name\":\"Bottiglia Treasure Coast Trace - Dutchmicrodosing\",\"isPartOf\":{\"@id\":\"https:\\\/\\\/dutchmicrodosing.com\\\/it\\\/#website\"},\"primaryImageOfPage\":{\"@id\":\"https:\\\/\\\/dutchmicrodosing.com\\\/it\\\/spore-fungo\\\/fiale-di-spore\\\/bottiglia-di-traccia-della-costa-del-tesoro\\\/#primaryimage\"},\"image\":{\"@id\":\"https:\\\/\\\/dutchmicrodosing.com\\\/it\\\/spore-fungo\\\/fiale-di-spore\\\/bottiglia-di-traccia-della-costa-del-tesoro\\\/#primaryimage\"},\"thumbnailUrl\":\"https:\\\/\\\/dutchmicrodosing.com\\\/wp-content\\\/uploads\\\/2024\\\/05\\\/sporemate-mondo-vial-psilocybe-cubensis-golden-teacher.jpg\",\"datePublished\":\"2024-05-12T08:30:17+00:00\",\"dateModified\":\"2025-08-25T05:42:19+00:00\",\"description\":\"Scopri la bottiglia di spore Treasure Coast, ideale per coltivare funghi potenti a casa. Tracce di alta qualit\u00e0 per risultati affidabili!\",\"breadcrumb\":{\"@id\":\"https:\\\/\\\/dutchmicrodosing.com\\\/it\\\/spore-fungo\\\/fiale-di-spore\\\/bottiglia-di-traccia-della-costa-del-tesoro\\\/#breadcrumb\"},\"inLanguage\":\"it-IT\",\"potentialAction\":[{\"@type\":\"ReadAction\",\"target\":[\"https:\\\/\\\/dutchmicrodosing.com\\\/it\\\/spore-fungo\\\/fiale-di-spore\\\/bottiglia-di-traccia-della-costa-del-tesoro\\\/\"]}]},{\"@type\":\"ImageObject\",\"inLanguage\":\"it-IT\",\"@id\":\"https:\\\/\\\/dutchmicrodosing.com\\\/it\\\/spore-fungo\\\/fiale-di-spore\\\/bottiglia-di-traccia-della-costa-del-tesoro\\\/#primaryimage\",\"url\":\"https:\\\/\\\/dutchmicrodosing.com\\\/wp-content\\\/uploads\\\/2024\\\/05\\\/sporemate-mondo-vial-psilocybe-cubensis-golden-teacher.jpg\",\"contentUrl\":\"https:\\\/\\\/dutchmicrodosing.com\\\/wp-content\\\/uploads\\\/2024\\\/05\\\/sporemate-mondo-vial-psilocybe-cubensis-golden-teacher.jpg\",\"width\":600,\"height\":600},{\"@type\":\"BreadcrumbList\",\"@id\":\"https:\\\/\\\/dutchmicrodosing.com\\\/it\\\/spore-fungo\\\/fiale-di-spore\\\/bottiglia-di-traccia-della-costa-del-tesoro\\\/#breadcrumb\",\"itemListElement\":[{\"@type\":\"ListItem\",\"position\":1,\"name\":\"Home\",\"item\":\"https:\\\/\\\/dutchmicrodosing.com\\\/it\\\/\"},{\"@type\":\"ListItem\",\"position\":2,\"name\":\"Negozio\",\"item\":\"https:\\\/\\\/dutchmicrodosing.com\\\/it\\\/negozio\\\/\"},{\"@type\":\"ListItem\",\"position\":3,\"name\":\"Bottiglia Treasure Coast Trace\"}]},{\"@type\":\"WebSite\",\"@id\":\"https:\\\/\\\/dutchmicrodosing.com\\\/it\\\/#website\",\"url\":\"https:\\\/\\\/dutchmicrodosing.com\\\/it\\\/\",\"name\":\"Dutchmicrodosing\",\"description\":\"\",\"publisher\":{\"@id\":\"https:\\\/\\\/dutchmicrodosing.com\\\/it\\\/#organization\"},\"potentialAction\":[{\"@type\":\"SearchAction\",\"target\":{\"@type\":\"EntryPoint\",\"urlTemplate\":\"https:\\\/\\\/dutchmicrodosing.com\\\/it\\\/?s={search_term_string}\"},\"query-input\":{\"@type\":\"PropertyValueSpecification\",\"valueRequired\":true,\"valueName\":\"search_term_string\"}}],\"inLanguage\":\"it-IT\"},{\"@type\":\"Organization\",\"@id\":\"https:\\\/\\\/dutchmicrodosing.com\\\/it\\\/#organization\",\"name\":\"Dutchmicrodosing\",\"url\":\"https:\\\/\\\/dutchmicrodosing.com\\\/it\\\/\",\"logo\":{\"@type\":\"ImageObject\",\"inLanguage\":\"it-IT\",\"@id\":\"https:\\\/\\\/dutchmicrodosing.com\\\/it\\\/#\\\/schema\\\/logo\\\/image\\\/\",\"url\":\"https:\\\/\\\/dutchmicrodosing.com\\\/wp-content\\\/uploads\\\/2021\\\/01\\\/microdosing-categorie-pic-nieuw.jpg\",\"contentUrl\":\"https:\\\/\\\/dutchmicrodosing.com\\\/wp-content\\\/uploads\\\/2021\\\/01\\\/microdosing-categorie-pic-nieuw.jpg\",\"width\":500,\"height\":500,\"caption\":\"Dutchmicrodosing\"},\"image\":{\"@id\":\"https:\\\/\\\/dutchmicrodosing.com\\\/it\\\/#\\\/schema\\\/logo\\\/image\\\/\"},\"sameAs\":[\"https:\\\/\\\/www.facebook.com\\\/Dutchmicrodosingxp\\\/\",\"https:\\\/\\\/www.instagram.com\\\/dutchmicrodosing\\\/\"]}]}<\/script>\n<meta property=\"product:price:amount\" content=\"17.95\" \/>\n<meta property=\"product:price:currency\" content=\"EUR\" \/>\n<meta property=\"og:availability\" content=\"instock\" \/>\n<meta property=\"product:availability\" content=\"instock\" \/>\n<meta property=\"product:retailer_item_id\" content=\"2204505\" \/>\n<meta property=\"product:condition\" content=\"new\" \/>\n<!-- \/ Yoast SEO Premium plugin. -->","yoast_head_json":{"title":"Bottiglia Treasure Coast Trace - Dutchmicrodosing","description":"Scopri la bottiglia di spore Treasure Coast, ideale per coltivare funghi potenti a casa. Tracce di alta qualit\u00e0 per risultati affidabili!","robots":{"index":"index","follow":"follow","max-snippet":"max-snippet:-1","max-image-preview":"max-image-preview:large","max-video-preview":"max-video-preview:-1"},"canonical":"https:\/\/dutchmicrodosing.com\/it\/spore-fungo\/fiale-di-spore\/bottiglia-di-traccia-della-costa-del-tesoro\/","og_locale":"it_IT","og_type":"article","og_title":"Bottiglia Treasure Coast Trace","og_description":"Le spore di questa bottiglia Mondo Treasure Coast Spores prendono il nome dalla regione della Treasure Coast in Florida, dove \u00e8 stata originariamente","og_url":"https:\/\/dutchmicrodosing.com\/it\/spore-fungo\/fiale-di-spore\/bottiglia-di-traccia-della-costa-del-tesoro\/","og_site_name":"Dutchmicrodosing","article_publisher":"https:\/\/www.facebook.com\/Dutchmicrodosingxp\/","article_modified_time":"2025-08-25T05:42:19+00:00","og_image":[{"width":600,"height":600,"url":"https:\/\/dutchmicrodosing.com\/wp-content\/uploads\/2024\/05\/sporemate-mondo-vial-psilocybe-cubensis-golden-teacher.jpg","type":"image\/jpeg"}],"twitter_card":"summary_large_image","schema":{"@context":"https:\/\/schema.org","@graph":[{"@type":"WebPage","@id":"https:\/\/dutchmicrodosing.com\/it\/spore-fungo\/fiale-di-spore\/bottiglia-di-traccia-della-costa-del-tesoro\/","url":"https:\/\/dutchmicrodosing.com\/it\/spore-fungo\/fiale-di-spore\/bottiglia-di-traccia-della-costa-del-tesoro\/","name":"Bottiglia Treasure Coast Trace - Dutchmicrodosing","isPartOf":{"@id":"https:\/\/dutchmicrodosing.com\/it\/#website"},"primaryImageOfPage":{"@id":"https:\/\/dutchmicrodosing.com\/it\/spore-fungo\/fiale-di-spore\/bottiglia-di-traccia-della-costa-del-tesoro\/#primaryimage"},"image":{"@id":"https:\/\/dutchmicrodosing.com\/it\/spore-fungo\/fiale-di-spore\/bottiglia-di-traccia-della-costa-del-tesoro\/#primaryimage"},"thumbnailUrl":"https:\/\/dutchmicrodosing.com\/wp-content\/uploads\/2024\/05\/sporemate-mondo-vial-psilocybe-cubensis-golden-teacher.jpg","datePublished":"2024-05-12T08:30:17+00:00","dateModified":"2025-08-25T05:42:19+00:00","description":"Scopri la bottiglia di spore Treasure Coast, ideale per coltivare funghi potenti a casa. Tracce di alta qualit\u00e0 per risultati affidabili!","breadcrumb":{"@id":"https:\/\/dutchmicrodosing.com\/it\/spore-fungo\/fiale-di-spore\/bottiglia-di-traccia-della-costa-del-tesoro\/#breadcrumb"},"inLanguage":"it-IT","potentialAction":[{"@type":"ReadAction","target":["https:\/\/dutchmicrodosing.com\/it\/spore-fungo\/fiale-di-spore\/bottiglia-di-traccia-della-costa-del-tesoro\/"]}]},{"@type":"ImageObject","inLanguage":"it-IT","@id":"https:\/\/dutchmicrodosing.com\/it\/spore-fungo\/fiale-di-spore\/bottiglia-di-traccia-della-costa-del-tesoro\/#primaryimage","url":"https:\/\/dutchmicrodosing.com\/wp-content\/uploads\/2024\/05\/sporemate-mondo-vial-psilocybe-cubensis-golden-teacher.jpg","contentUrl":"https:\/\/dutchmicrodosing.com\/wp-content\/uploads\/2024\/05\/sporemate-mondo-vial-psilocybe-cubensis-golden-teacher.jpg","width":600,"height":600},{"@type":"BreadcrumbList","@id":"https:\/\/dutchmicrodosing.com\/it\/spore-fungo\/fiale-di-spore\/bottiglia-di-traccia-della-costa-del-tesoro\/#breadcrumb","itemListElement":[{"@type":"ListItem","position":1,"name":"Home","item":"https:\/\/dutchmicrodosing.com\/it\/"},{"@type":"ListItem","position":2,"name":"Negozio","item":"https:\/\/dutchmicrodosing.com\/it\/negozio\/"},{"@type":"ListItem","position":3,"name":"Bottiglia Treasure Coast Trace"}]},{"@type":"WebSite","@id":"https:\/\/dutchmicrodosing.com\/it\/#website","url":"https:\/\/dutchmicrodosing.com\/it\/","name":"Dutchmicrodosing","description":"","publisher":{"@id":"https:\/\/dutchmicrodosing.com\/it\/#organization"},"potentialAction":[{"@type":"SearchAction","target":{"@type":"EntryPoint","urlTemplate":"https:\/\/dutchmicrodosing.com\/it\/?s={search_term_string}"},"query-input":{"@type":"PropertyValueSpecification","valueRequired":true,"valueName":"search_term_string"}}],"inLanguage":"it-IT"},{"@type":"Organization","@id":"https:\/\/dutchmicrodosing.com\/it\/#organization","name":"Dutchmicrodosing","url":"https:\/\/dutchmicrodosing.com\/it\/","logo":{"@type":"ImageObject","inLanguage":"it-IT","@id":"https:\/\/dutchmicrodosing.com\/it\/#\/schema\/logo\/image\/","url":"https:\/\/dutchmicrodosing.com\/wp-content\/uploads\/2021\/01\/microdosing-categorie-pic-nieuw.jpg","contentUrl":"https:\/\/dutchmicrodosing.com\/wp-content\/uploads\/2021\/01\/microdosing-categorie-pic-nieuw.jpg","width":500,"height":500,"caption":"Dutchmicrodosing"},"image":{"@id":"https:\/\/dutchmicrodosing.com\/it\/#\/schema\/logo\/image\/"},"sameAs":["https:\/\/www.facebook.com\/Dutchmicrodosingxp\/","https:\/\/www.instagram.com\/dutchmicrodosing\/"]}]},"product_price_amount":"17.95","product_price_currency":"EUR","og_availability":"instock","product_availability":"instock","product_retailer_item_id":"2204505","product_condition":"new"},"_links":{"self":[{"href":"https:\/\/dutchmicrodosing.com\/it\/wp-json\/wp\/v2\/product\/39140","targetHints":{"allow":["GET"]}}],"collection":[{"href":"https:\/\/dutchmicrodosing.com\/it\/wp-json\/wp\/v2\/product"}],"about":[{"href":"https:\/\/dutchmicrodosing.com\/it\/wp-json\/wp\/v2\/types\/product"}],"replies":[{"embeddable":true,"href":"https:\/\/dutchmicrodosing.com\/it\/wp-json\/wp\/v2\/comments?post=39140"}],"version-history":[{"count":0,"href":"https:\/\/dutchmicrodosing.com\/it\/wp-json\/wp\/v2\/product\/39140\/revisions"}],"wp:featuredmedia":[{"embeddable":true,"href":"https:\/\/dutchmicrodosing.com\/it\/wp-json\/wp\/v2\/media\/39114"}],"wp:attachment":[{"href":"https:\/\/dutchmicrodosing.com\/it\/wp-json\/wp\/v2\/media?parent=39140"}],"wp:term":[{"taxonomy":"product_brand","embeddable":true,"href":"https:\/\/dutchmicrodosing.com\/it\/wp-json\/wp\/v2\/product_brand?post=39140"},{"taxonomy":"product_cat","embeddable":true,"href":"https:\/\/dutchmicrodosing.com\/it\/wp-json\/wp\/v2\/product_cat?post=39140"},{"taxonomy":"product_tag","embeddable":true,"href":"https:\/\/dutchmicrodosing.com\/it\/wp-json\/wp\/v2\/product_tag?post=39140"}],"curies":[{"name":"wp","href":"https:\/\/api.w.org\/{rel}","templated":true}]}}