{"id":39170,"date":"2024-05-12T11:16:54","date_gmt":"2024-05-12T09:16:54","guid":{"rendered":"https:\/\/dutchmicrodosing.com\/shop\/senza-categoria\/siringa-di-spore-pes-hawaii\/"},"modified":"2025-09-09T13:24:20","modified_gmt":"2025-09-09T11:24:20","slug":"siringa-di-spore-pes-hawaii","status":"publish","type":"product","link":"https:\/\/dutchmicrodosing.com\/it\/spore-fungo\/siringhe-di-spore\/siringa-di-spore-pes-hawaii\/","title":{"rendered":"Siringa per spore PES Hawaii"},"content":{"rendered":"<p>La <strong>PES Hawaii Psilocybe cubensis<\/strong> \u00e8 una variet\u00e0 interessante, visivamente accattivante e nota per i suoi effetti potenzialmente potenti. Nonostante il nome evochi associazioni con le origini hawaiane, questa variet\u00e0 prende in realt\u00e0 il nome dall&#8217;azienda Pacific Exotica Spora, che ha sede alle Hawaii. Questi funghi non sono parenti della pi\u00f9 nota ed estremamente potente Copelandia hawaiana (Panaeolus cyanascens), ma appartengono alla famiglia della Psilocybe cubensis, pi\u00f9 mite e potente.<\/p>\n<p>La PES Hawaii si distingue per la sua estetica, con cappelli a campana di colore dal caramello al rosso scuro, che la distinguono visivamente da molte altre specie. In termini di dimensioni, il micelio di PES Hawaii \u00e8 in grado di produrre frutti pi\u00f9 grandi rispetto al ceppo cambogiano, ad esempio, il che lo rende una scelta interessante per chi \u00e8 interessato a ottenere rese significative.<\/p>\n<h2>Effetti dei funghi psilocibinici Mondo PES Hawaii<\/h2>\n<p>I funghi PES Hawaii sono un po&#8217; troppo forti per una prima introduzione ai funghi psilocibinici. Sono facili da coltivare e gli effetti sono perfetti per chi ha gi\u00e0 assunto funghi psilocibinici e cerca qualcosa di pi\u00f9 forte. Il fungo PES Hawaii ha un livello di visualit\u00e0 e creativit\u00e0 piuttosto alto e un livello medio di filosofia e di energia corporea.<\/p>\n<h2>Informazioni sulla coltivazione Mondo Spore Syringe PES Hawaii<\/h2>\n<ul>\n<li>Difficolt\u00e0 di coltivazione: Facile<\/li>\n<li>Substrato: Letame, paglia, cereali vari<\/li>\n<li>Tempo di colonizzazione: 10-13 giorni<\/li>\n<li>Temperatura di colonizzazione: 28-30 gradi Celsius<\/li>\n<li>Temperatura della frutta: 23-26 gradi Celsius<\/li>\n<\/ul>\n<h2>Come preparare la mia siringa Mondo Spore PES Hawaii<\/h2>\n<p>Prima di iniziare a far cadere le spore, \u00e8 necessario preparare un substrato in un vassoio o in un sacchetto per la coltivazione. \u00c8 importante distribuire bene le gocce di soluzione di traccia sul substrato. Questo permette al micelio di svilupparsi meglio e pi\u00f9 velocemente. Le siringhe sterili Mondo sono molto facili da usare. Con una siringa di spore PES Hawaii da 20 ml puoi colonizzare facilmente 6 litri di substrato.<\/p>\n<ol>\n<li>Indossa guanti e maschera per la bocca<\/li>\n<li>Rimuovi la siringa Trace e la siringa dall&#8217;imballaggio.<\/li>\n<li>Svita il tappo rosso della siringa di spore e sostituiscilo con l&#8217;ago della siringa.<\/li>\n<li>Includere un contenitore o un sacchetto per la coltivazione con il substrato.<\/li>\n<li>Premi lentamente la parte posteriore della siringa (lo stantuffo) e lascia cadere ogni goccia sparsa sul substrato. Il punto in cui la goccia cade sul substrato \u00e8 un potenziale punto di crescita del micelio, distribuendolo bene ottimizzerai la colonizzazione.<\/li>\n<\/ol>\n<h2>Contenuto della siringa Mondo Spore PES Hawaii<\/h2>\n<ul>\n<li>1 siringa di spore contiene diversi milioni di spore disciolte in 20 ml di acqua sterile.<\/li>\n<li>1 x Ago ipodermico<\/li>\n<li>1 x Salvietta alcolica<\/li>\n<\/ul>\n<h2>Quanti funghi PES Hawaii dovresti assumere?<\/h2>\n<p>In media, puoi ipotizzare le seguenti quantit\u00e0:<\/p>\n<ul>\n<li>Microdosaggio: 0,2 grammi di funghi secchi | 2 grammi di funghi freschi<\/li>\n<li>Viaggio delicato: 1,5 grammi di funghi secchi | 15 grammi di funghi freschi<\/li>\n<li>Viaggio normale: 2,5 grammi di funghi secchi | 25 grammi di funghi freschi<\/li>\n<li>Viaggio intenso: 3,5 grammi di funghi secchi | 35 grammi di funghi freschi<\/li>\n<\/ul>\n<h2>Conserva la tua siringa di spore Mondo PES Hawaii<\/h2>\n<p>Poich\u00e9 si tratta di un prodotto delicato, ti consigliamo di mettere la siringa di spore in frigorifero subito dopo averla ricevuta per 24 ore con una temperatura compresa tra 2 e 8 gradi prima di utilizzarla.<\/p>\n","protected":false},"excerpt":{"rendered":"<p>La PES Hawaii Psilocybe cubensis \u00e8 una variet\u00e0 interessante, visivamente accattivante e nota per i suoi effetti potenzialmente potenti. Nonostante il nome evochi associazioni con le origini hawaiane, questa variet\u00e0 prende in realt\u00e0 il nome dall&#8217;azienda Pacific Exotica Spora, che ha sede alle Hawaii. Questi funghi non sono parenti della pi\u00f9 nota ed estremamente potente [&hellip;]<\/p>\n","protected":false},"featured_media":39150,"comment_status":"closed","ping_status":"closed","template":"","meta":[],"product_brand":[],"product_cat":[364],"product_tag":[],"class_list":{"0":"post-39170","1":"product","2":"type-product","3":"status-publish","4":"has-post-thumbnail","6":"product_cat-siringhe-di-spore","8":"first","9":"instock","10":"taxable","11":"shipping-taxable","12":"purchasable","13":"product-type-simple"},"yoast_head":"<!-- This site is optimized with the Yoast SEO Premium plugin v26.4 (Yoast SEO v27.2) - https:\/\/yoast.com\/product\/yoast-seo-premium-wordpress\/ -->\n<title>Siringa per spore PES Hawaii - Dutchmicrodosing<\/title>\n<meta name=\"robots\" content=\"index, follow, max-snippet:-1, max-image-preview:large, max-video-preview:-1\" \/>\n<link rel=\"canonical\" href=\"https:\/\/dutchmicrodosing.com\/it\/spore-fungo\/siringhe-di-spore\/siringa-di-spore-pes-hawaii\/\" \/>\n<meta property=\"og:locale\" content=\"it_IT\" \/>\n<meta property=\"og:type\" content=\"article\" \/>\n<meta property=\"og:title\" content=\"Siringa per spore PES Hawaii\" \/>\n<meta property=\"og:description\" content=\"La PES Hawaii Psilocybe cubensis \u00e8 una variet\u00e0 interessante, visivamente accattivante e nota per i suoi effetti potenzialmente potenti. Nonostante il nome\" \/>\n<meta property=\"og:url\" content=\"https:\/\/dutchmicrodosing.com\/it\/spore-fungo\/siringhe-di-spore\/siringa-di-spore-pes-hawaii\/\" \/>\n<meta property=\"og:site_name\" content=\"Dutchmicrodosing\" \/>\n<meta property=\"article:publisher\" content=\"https:\/\/www.facebook.com\/Dutchmicrodosingxp\/\" \/>\n<meta property=\"article:modified_time\" content=\"2025-09-09T11:24:20+00:00\" \/>\n<meta property=\"og:image\" content=\"https:\/\/dutchmicrodosing.com\/wp-content\/uploads\/2024\/05\/mondo-sporenspuit-psilocybe-cubensis-treasure-coast.jpg\" \/>\n\t<meta property=\"og:image:width\" content=\"330\" \/>\n\t<meta property=\"og:image:height\" content=\"330\" \/>\n\t<meta property=\"og:image:type\" content=\"image\/jpeg\" \/>\n<meta name=\"twitter:card\" content=\"summary_large_image\" \/>\n<script type=\"application\/ld+json\" class=\"yoast-schema-graph\">{\"@context\":\"https:\/\/schema.org\",\"@graph\":[{\"@type\":\"WebPage\",\"@id\":\"https:\/\/dutchmicrodosing.com\/it\/spore-fungo\/siringhe-di-spore\/siringa-di-spore-pes-hawaii\/\",\"url\":\"https:\/\/dutchmicrodosing.com\/it\/spore-fungo\/siringhe-di-spore\/siringa-di-spore-pes-hawaii\/\",\"name\":\"Siringa per spore PES Hawaii - Dutchmicrodosing\",\"isPartOf\":{\"@id\":\"https:\/\/dutchmicrodosing.com\/it\/#website\"},\"primaryImageOfPage\":{\"@id\":\"https:\/\/dutchmicrodosing.com\/it\/spore-fungo\/siringhe-di-spore\/siringa-di-spore-pes-hawaii\/#primaryimage\"},\"image\":{\"@id\":\"https:\/\/dutchmicrodosing.com\/it\/spore-fungo\/siringhe-di-spore\/siringa-di-spore-pes-hawaii\/#primaryimage\"},\"thumbnailUrl\":\"https:\/\/dutchmicrodosing.com\/wp-content\/uploads\/2024\/05\/mondo-sporenspuit-psilocybe-cubensis-treasure-coast.jpg\",\"datePublished\":\"2024-05-12T09:16:54+00:00\",\"dateModified\":\"2025-09-09T11:24:20+00:00\",\"breadcrumb\":{\"@id\":\"https:\/\/dutchmicrodosing.com\/it\/spore-fungo\/siringhe-di-spore\/siringa-di-spore-pes-hawaii\/#breadcrumb\"},\"inLanguage\":\"it-IT\",\"potentialAction\":[{\"@type\":\"ReadAction\",\"target\":[\"https:\/\/dutchmicrodosing.com\/it\/spore-fungo\/siringhe-di-spore\/siringa-di-spore-pes-hawaii\/\"]}]},{\"@type\":\"ImageObject\",\"inLanguage\":\"it-IT\",\"@id\":\"https:\/\/dutchmicrodosing.com\/it\/spore-fungo\/siringhe-di-spore\/siringa-di-spore-pes-hawaii\/#primaryimage\",\"url\":\"https:\/\/dutchmicrodosing.com\/wp-content\/uploads\/2024\/05\/mondo-sporenspuit-psilocybe-cubensis-treasure-coast.jpg\",\"contentUrl\":\"https:\/\/dutchmicrodosing.com\/wp-content\/uploads\/2024\/05\/mondo-sporenspuit-psilocybe-cubensis-treasure-coast.jpg\",\"width\":330,\"height\":330},{\"@type\":\"BreadcrumbList\",\"@id\":\"https:\/\/dutchmicrodosing.com\/it\/spore-fungo\/siringhe-di-spore\/siringa-di-spore-pes-hawaii\/#breadcrumb\",\"itemListElement\":[{\"@type\":\"ListItem\",\"position\":1,\"name\":\"Home\",\"item\":\"https:\/\/dutchmicrodosing.com\/it\/\"},{\"@type\":\"ListItem\",\"position\":2,\"name\":\"Negozio\",\"item\":\"https:\/\/dutchmicrodosing.com\/it\/negozio\/\"},{\"@type\":\"ListItem\",\"position\":3,\"name\":\"Siringa per spore PES Hawaii\"}]},{\"@type\":\"WebSite\",\"@id\":\"https:\/\/dutchmicrodosing.com\/it\/#website\",\"url\":\"https:\/\/dutchmicrodosing.com\/it\/\",\"name\":\"Dutchmicrodosing\",\"description\":\"\",\"publisher\":{\"@id\":\"https:\/\/dutchmicrodosing.com\/it\/#organization\"},\"potentialAction\":[{\"@type\":\"SearchAction\",\"target\":{\"@type\":\"EntryPoint\",\"urlTemplate\":\"https:\/\/dutchmicrodosing.com\/it\/?s={search_term_string}\"},\"query-input\":{\"@type\":\"PropertyValueSpecification\",\"valueRequired\":true,\"valueName\":\"search_term_string\"}}],\"inLanguage\":\"it-IT\"},{\"@type\":\"Organization\",\"@id\":\"https:\/\/dutchmicrodosing.com\/it\/#organization\",\"name\":\"Dutchmicrodosing\",\"url\":\"https:\/\/dutchmicrodosing.com\/it\/\",\"logo\":{\"@type\":\"ImageObject\",\"inLanguage\":\"it-IT\",\"@id\":\"https:\/\/dutchmicrodosing.com\/it\/#\/schema\/logo\/image\/\",\"url\":\"https:\/\/dutchmicrodosing.com\/wp-content\/uploads\/2021\/01\/microdosing-categorie-pic-nieuw.jpg\",\"contentUrl\":\"https:\/\/dutchmicrodosing.com\/wp-content\/uploads\/2021\/01\/microdosing-categorie-pic-nieuw.jpg\",\"width\":500,\"height\":500,\"caption\":\"Dutchmicrodosing\"},\"image\":{\"@id\":\"https:\/\/dutchmicrodosing.com\/it\/#\/schema\/logo\/image\/\"},\"sameAs\":[\"https:\/\/www.facebook.com\/Dutchmicrodosingxp\/\",\"https:\/\/www.instagram.com\/dutchmicrodosing\/\"]}]}<\/script>\n<meta property=\"product:price:amount\" content=\"17.95\" \/>\n<meta property=\"product:price:currency\" content=\"EUR\" \/>\n<meta property=\"og:availability\" content=\"instock\" \/>\n<meta property=\"product:availability\" content=\"instock\" \/>\n<meta property=\"product:retailer_item_id\" content=\"0212360\" \/>\n<meta property=\"product:condition\" content=\"new\" \/>\n<!-- \/ Yoast SEO Premium plugin. -->","yoast_head_json":{"title":"Siringa per spore PES Hawaii - Dutchmicrodosing","robots":{"index":"index","follow":"follow","max-snippet":"max-snippet:-1","max-image-preview":"max-image-preview:large","max-video-preview":"max-video-preview:-1"},"canonical":"https:\/\/dutchmicrodosing.com\/it\/spore-fungo\/siringhe-di-spore\/siringa-di-spore-pes-hawaii\/","og_locale":"it_IT","og_type":"article","og_title":"Siringa per spore PES Hawaii","og_description":"La PES Hawaii Psilocybe cubensis \u00e8 una variet\u00e0 interessante, visivamente accattivante e nota per i suoi effetti potenzialmente potenti. Nonostante il nome","og_url":"https:\/\/dutchmicrodosing.com\/it\/spore-fungo\/siringhe-di-spore\/siringa-di-spore-pes-hawaii\/","og_site_name":"Dutchmicrodosing","article_publisher":"https:\/\/www.facebook.com\/Dutchmicrodosingxp\/","article_modified_time":"2025-09-09T11:24:20+00:00","og_image":[{"width":330,"height":330,"url":"https:\/\/dutchmicrodosing.com\/wp-content\/uploads\/2024\/05\/mondo-sporenspuit-psilocybe-cubensis-treasure-coast.jpg","type":"image\/jpeg"}],"twitter_card":"summary_large_image","schema":{"@context":"https:\/\/schema.org","@graph":[{"@type":"WebPage","@id":"https:\/\/dutchmicrodosing.com\/it\/spore-fungo\/siringhe-di-spore\/siringa-di-spore-pes-hawaii\/","url":"https:\/\/dutchmicrodosing.com\/it\/spore-fungo\/siringhe-di-spore\/siringa-di-spore-pes-hawaii\/","name":"Siringa per spore PES Hawaii - Dutchmicrodosing","isPartOf":{"@id":"https:\/\/dutchmicrodosing.com\/it\/#website"},"primaryImageOfPage":{"@id":"https:\/\/dutchmicrodosing.com\/it\/spore-fungo\/siringhe-di-spore\/siringa-di-spore-pes-hawaii\/#primaryimage"},"image":{"@id":"https:\/\/dutchmicrodosing.com\/it\/spore-fungo\/siringhe-di-spore\/siringa-di-spore-pes-hawaii\/#primaryimage"},"thumbnailUrl":"https:\/\/dutchmicrodosing.com\/wp-content\/uploads\/2024\/05\/mondo-sporenspuit-psilocybe-cubensis-treasure-coast.jpg","datePublished":"2024-05-12T09:16:54+00:00","dateModified":"2025-09-09T11:24:20+00:00","breadcrumb":{"@id":"https:\/\/dutchmicrodosing.com\/it\/spore-fungo\/siringhe-di-spore\/siringa-di-spore-pes-hawaii\/#breadcrumb"},"inLanguage":"it-IT","potentialAction":[{"@type":"ReadAction","target":["https:\/\/dutchmicrodosing.com\/it\/spore-fungo\/siringhe-di-spore\/siringa-di-spore-pes-hawaii\/"]}]},{"@type":"ImageObject","inLanguage":"it-IT","@id":"https:\/\/dutchmicrodosing.com\/it\/spore-fungo\/siringhe-di-spore\/siringa-di-spore-pes-hawaii\/#primaryimage","url":"https:\/\/dutchmicrodosing.com\/wp-content\/uploads\/2024\/05\/mondo-sporenspuit-psilocybe-cubensis-treasure-coast.jpg","contentUrl":"https:\/\/dutchmicrodosing.com\/wp-content\/uploads\/2024\/05\/mondo-sporenspuit-psilocybe-cubensis-treasure-coast.jpg","width":330,"height":330},{"@type":"BreadcrumbList","@id":"https:\/\/dutchmicrodosing.com\/it\/spore-fungo\/siringhe-di-spore\/siringa-di-spore-pes-hawaii\/#breadcrumb","itemListElement":[{"@type":"ListItem","position":1,"name":"Home","item":"https:\/\/dutchmicrodosing.com\/it\/"},{"@type":"ListItem","position":2,"name":"Negozio","item":"https:\/\/dutchmicrodosing.com\/it\/negozio\/"},{"@type":"ListItem","position":3,"name":"Siringa per spore PES Hawaii"}]},{"@type":"WebSite","@id":"https:\/\/dutchmicrodosing.com\/it\/#website","url":"https:\/\/dutchmicrodosing.com\/it\/","name":"Dutchmicrodosing","description":"","publisher":{"@id":"https:\/\/dutchmicrodosing.com\/it\/#organization"},"potentialAction":[{"@type":"SearchAction","target":{"@type":"EntryPoint","urlTemplate":"https:\/\/dutchmicrodosing.com\/it\/?s={search_term_string}"},"query-input":{"@type":"PropertyValueSpecification","valueRequired":true,"valueName":"search_term_string"}}],"inLanguage":"it-IT"},{"@type":"Organization","@id":"https:\/\/dutchmicrodosing.com\/it\/#organization","name":"Dutchmicrodosing","url":"https:\/\/dutchmicrodosing.com\/it\/","logo":{"@type":"ImageObject","inLanguage":"it-IT","@id":"https:\/\/dutchmicrodosing.com\/it\/#\/schema\/logo\/image\/","url":"https:\/\/dutchmicrodosing.com\/wp-content\/uploads\/2021\/01\/microdosing-categorie-pic-nieuw.jpg","contentUrl":"https:\/\/dutchmicrodosing.com\/wp-content\/uploads\/2021\/01\/microdosing-categorie-pic-nieuw.jpg","width":500,"height":500,"caption":"Dutchmicrodosing"},"image":{"@id":"https:\/\/dutchmicrodosing.com\/it\/#\/schema\/logo\/image\/"},"sameAs":["https:\/\/www.facebook.com\/Dutchmicrodosingxp\/","https:\/\/www.instagram.com\/dutchmicrodosing\/"]}]},"product_price_amount":"17.95","product_price_currency":"EUR","og_availability":"instock","product_availability":"instock","product_retailer_item_id":"0212360","product_condition":"new"},"_links":{"self":[{"href":"https:\/\/dutchmicrodosing.com\/it\/wp-json\/wp\/v2\/product\/39170","targetHints":{"allow":["GET"]}}],"collection":[{"href":"https:\/\/dutchmicrodosing.com\/it\/wp-json\/wp\/v2\/product"}],"about":[{"href":"https:\/\/dutchmicrodosing.com\/it\/wp-json\/wp\/v2\/types\/product"}],"replies":[{"embeddable":true,"href":"https:\/\/dutchmicrodosing.com\/it\/wp-json\/wp\/v2\/comments?post=39170"}],"version-history":[{"count":0,"href":"https:\/\/dutchmicrodosing.com\/it\/wp-json\/wp\/v2\/product\/39170\/revisions"}],"wp:featuredmedia":[{"embeddable":true,"href":"https:\/\/dutchmicrodosing.com\/it\/wp-json\/wp\/v2\/media\/39150"}],"wp:attachment":[{"href":"https:\/\/dutchmicrodosing.com\/it\/wp-json\/wp\/v2\/media?parent=39170"}],"wp:term":[{"taxonomy":"product_brand","embeddable":true,"href":"https:\/\/dutchmicrodosing.com\/it\/wp-json\/wp\/v2\/product_brand?post=39170"},{"taxonomy":"product_cat","embeddable":true,"href":"https:\/\/dutchmicrodosing.com\/it\/wp-json\/wp\/v2\/product_cat?post=39170"},{"taxonomy":"product_tag","embeddable":true,"href":"https:\/\/dutchmicrodosing.com\/it\/wp-json\/wp\/v2\/product_tag?post=39170"}],"curies":[{"name":"wp","href":"https:\/\/api.w.org\/{rel}","templated":true}]}}