{"id":39176,"date":"2024-05-12T11:24:16","date_gmt":"2024-05-12T09:24:16","guid":{"rendered":"https:\/\/dutchmicrodosing.com\/shop\/senza-categoria\/siringa-di-spore-mckennaii\/"},"modified":"2026-03-09T15:54:03","modified_gmt":"2026-03-09T14:54:03","slug":"siringa-di-spore-mckennaii","status":"publish","type":"product","link":"https:\/\/dutchmicrodosing.com\/it\/spore-fungo\/siringhe-di-spore\/siringa-di-spore-mckennaii\/","title":{"rendered":"Siringa per spore McKennaii"},"content":{"rendered":"<p>La <strong>siringa di spore McKennaii<\/strong> \u00e8 una variante notevole della specie Psilocybe cubensis ed \u00e8 nota per i suoi effetti particolarmente potenti. Questo fungo prende il nome da Terrence McKenna, un influente etnomicologo ed esperto di psichedelia. McKenna \u00e8 stato un pioniere nella ricerca e nella promozione dell&#8217;uso di sostanze psichedeliche, tra cui i funghi psilocibinici, e ha avuto un impatto significativo sulla percezione moderna di queste sostanze.<\/p>\n<p>Il fungo McKennaii in s\u00e9 produce frutti di medie dimensioni con cappelli marrone chiaro che non crescono particolarmente, ma la forza di questa variet\u00e0 sta nei suoi effetti psicoattivi. Queste includono intense allucinazioni visive e profonde intuizioni filosofiche e creative, spesso descritte come un risveglio spirituale. A causa di questi effetti estremi, la McKennaii \u00e8 spesso considerata troppo intensa per i principianti ed \u00e8 quindi pi\u00f9 adatta ai consumatori pi\u00f9 esperti di psichedelici.<\/p>\n<h2>Effetti dei funghi psilocibinici Mondo McKennaii<\/h2>\n<p>Il fungo McKennaii non \u00e8 adatto ai principianti. Sono facili da coltivare e gli effetti sono perfetti per chi ha gi\u00e0 sperimentato i funghi psilocibinici. Il fungo McKennaii \u00e8 ricco di immagini, creativit\u00e0, filosofia e media energia corporea.<\/p>\n<h2>Informazioni sull&#8217;allevamento Mondo siringa di spore McKennaii<\/h2>\n<ul>\n<li>Difficolt\u00e0 di coltivazione: Facile<\/li>\n<li>Substrato: Letame, paglia, cereali vari<\/li>\n<li>Tempo di colonizzazione: 12-14 giorni<\/li>\n<li>Temperatura di colonizzazione: 28-30 gradi Celsius<\/li>\n<li>Temperatura della frutta: 18-27 gradi Celsius<\/li>\n<\/ul>\n<h2>Come preparare la mia siringa Mondo Spore McKennaii<\/h2>\n<p>Prima di iniziare a far cadere le spore, \u00e8 necessario preparare un substrato in un vassoio o in un sacchetto per la coltivazione. \u00c8 importante distribuire bene le gocce di soluzione di traccia sul substrato. Questo permette al micelio di svilupparsi meglio e pi\u00f9 velocemente. Le siringhe sterili Mondo sono molto facili da usare. Con una siringa di spore McKennaii da 20 ml, puoi colonizzare facilmente 6 litri di substrato.<\/p>\n<ol>\n<li>Indossa guanti e maschera per la bocca<\/li>\n<li>Rimuovi la siringa Trace e la siringa dall&#8217;imballaggio.<\/li>\n<li>Svita il tappo rosso della siringa di spore e sostituiscilo con l&#8217;ago della siringa.<\/li>\n<li>Includere un contenitore o un sacchetto per la coltivazione con il substrato.<\/li>\n<li>Premi lentamente la parte posteriore della siringa (lo stantuffo) e lascia cadere ogni goccia sparsa sul substrato. Il punto in cui la goccia cade sul substrato \u00e8 un potenziale punto di crescita del micelio, distribuendolo bene ottimizzerai la colonizzazione.<\/li>\n<\/ol>\n<h2>Contenuto della siringa Mondo Spore McKennaii<\/h2>\n<ul>\n<li>1 siringa di spore contiene diversi milioni di spore disciolte in 20 ml di acqua sterile.<\/li>\n<li>1 x Ago ipodermico<\/li>\n<li>1 x Salvietta alcolica<\/li>\n<\/ul>\n<h2>Quanti funghi McKennaii dovresti prendere?<\/h2>\n<p>In media, puoi ipotizzare le seguenti quantit\u00e0:<\/p>\n<ul>\n<li>Gita dolce: 1 grammo di funghi secchi | 10 grammi di funghi freschi<\/li>\n<li>Viaggio normale: 2 grammi di funghi secchi | 20 grammi di funghi freschi<\/li>\n<li>Viaggio intenso: 3 grammi di funghi secchi | 30 grammi di funghi freschi<\/li>\n<\/ul>\n<h2>Salva il tuo spruzzatore di spore Mondo McKennaii<\/h2>\n<p>Poich\u00e9 si tratta di un prodotto delicato, ti consigliamo di mettere la siringa di spore in frigorifero a una temperatura compresa tra 2 e 8 gradi subito dopo averla ricevuta per 24 ore prima di utilizzarla.<\/p>\n","protected":false},"excerpt":{"rendered":"<p>La siringa di spore McKennaii \u00e8 una variante notevole della specie Psilocybe cubensis ed \u00e8 nota per i suoi effetti particolarmente potenti. Questo fungo prende il nome da Terrence McKenna, un influente etnomicologo ed esperto di psichedelia. McKenna \u00e8 stato un pioniere nella ricerca e nella promozione dell&#8217;uso di sostanze psichedeliche, tra cui i funghi [&hellip;]<\/p>\n","protected":false},"featured_media":39150,"comment_status":"closed","ping_status":"closed","template":"","meta":[],"product_brand":[],"product_cat":[364],"product_tag":[],"class_list":{"0":"post-39176","1":"product","2":"type-product","3":"status-publish","4":"has-post-thumbnail","6":"product_cat-siringhe-di-spore","8":"first","9":"instock","10":"taxable","11":"shipping-taxable","12":"purchasable","13":"product-type-simple"},"yoast_head":"<!-- This site is optimized with the Yoast SEO Premium plugin v26.4 (Yoast SEO v27.2) - https:\/\/yoast.com\/product\/yoast-seo-premium-wordpress\/ -->\n<title>Siringa per spore McKennaii - Dutchmicrodosing<\/title>\n<meta name=\"description\" content=\"Scopri il potente Spore Spray McKennaii per la coltivazione di funghi unici e di grande impatto visivo. Clicca qui per maggiori informazioni...\" \/>\n<meta name=\"robots\" content=\"index, follow, max-snippet:-1, max-image-preview:large, max-video-preview:-1\" \/>\n<link rel=\"canonical\" href=\"https:\/\/dutchmicrodosing.com\/it\/spore-fungo\/siringhe-di-spore\/siringa-di-spore-mckennaii\/\" \/>\n<meta property=\"og:locale\" content=\"it_IT\" \/>\n<meta property=\"og:type\" content=\"article\" \/>\n<meta property=\"og:title\" content=\"Siringa per spore McKennaii\" \/>\n<meta property=\"og:description\" content=\"La siringa di spore McKennaii \u00e8 una variante notevole della specie Psilocybe cubensis ed \u00e8 nota per i suoi effetti particolarmente potenti. Questo fungo\" \/>\n<meta property=\"og:url\" content=\"https:\/\/dutchmicrodosing.com\/it\/spore-fungo\/siringhe-di-spore\/siringa-di-spore-mckennaii\/\" \/>\n<meta property=\"og:site_name\" content=\"Dutchmicrodosing\" \/>\n<meta property=\"article:publisher\" content=\"https:\/\/www.facebook.com\/Dutchmicrodosingxp\/\" \/>\n<meta property=\"article:modified_time\" content=\"2026-03-09T14:54:03+00:00\" \/>\n<meta property=\"og:image\" content=\"https:\/\/dutchmicrodosing.com\/wp-content\/uploads\/2024\/05\/mondo-sporenspuit-psilocybe-cubensis-treasure-coast.jpg\" \/>\n\t<meta property=\"og:image:width\" content=\"330\" \/>\n\t<meta property=\"og:image:height\" content=\"330\" \/>\n\t<meta property=\"og:image:type\" content=\"image\/jpeg\" \/>\n<meta name=\"twitter:card\" content=\"summary_large_image\" \/>\n<script type=\"application\/ld+json\" class=\"yoast-schema-graph\">{\"@context\":\"https:\/\/schema.org\",\"@graph\":[{\"@type\":\"WebPage\",\"@id\":\"https:\/\/dutchmicrodosing.com\/it\/spore-fungo\/siringhe-di-spore\/siringa-di-spore-mckennaii\/\",\"url\":\"https:\/\/dutchmicrodosing.com\/it\/spore-fungo\/siringhe-di-spore\/siringa-di-spore-mckennaii\/\",\"name\":\"Siringa per spore McKennaii - Dutchmicrodosing\",\"isPartOf\":{\"@id\":\"https:\/\/dutchmicrodosing.com\/it\/#website\"},\"primaryImageOfPage\":{\"@id\":\"https:\/\/dutchmicrodosing.com\/it\/spore-fungo\/siringhe-di-spore\/siringa-di-spore-mckennaii\/#primaryimage\"},\"image\":{\"@id\":\"https:\/\/dutchmicrodosing.com\/it\/spore-fungo\/siringhe-di-spore\/siringa-di-spore-mckennaii\/#primaryimage\"},\"thumbnailUrl\":\"https:\/\/dutchmicrodosing.com\/wp-content\/uploads\/2024\/05\/mondo-sporenspuit-psilocybe-cubensis-treasure-coast.jpg\",\"datePublished\":\"2024-05-12T09:24:16+00:00\",\"dateModified\":\"2026-03-09T14:54:03+00:00\",\"description\":\"Scopri il potente Spore Spray McKennaii per la coltivazione di funghi unici e di grande impatto visivo. Clicca qui per maggiori informazioni...\",\"breadcrumb\":{\"@id\":\"https:\/\/dutchmicrodosing.com\/it\/spore-fungo\/siringhe-di-spore\/siringa-di-spore-mckennaii\/#breadcrumb\"},\"inLanguage\":\"it-IT\",\"potentialAction\":[{\"@type\":\"ReadAction\",\"target\":[\"https:\/\/dutchmicrodosing.com\/it\/spore-fungo\/siringhe-di-spore\/siringa-di-spore-mckennaii\/\"]}]},{\"@type\":\"ImageObject\",\"inLanguage\":\"it-IT\",\"@id\":\"https:\/\/dutchmicrodosing.com\/it\/spore-fungo\/siringhe-di-spore\/siringa-di-spore-mckennaii\/#primaryimage\",\"url\":\"https:\/\/dutchmicrodosing.com\/wp-content\/uploads\/2024\/05\/mondo-sporenspuit-psilocybe-cubensis-treasure-coast.jpg\",\"contentUrl\":\"https:\/\/dutchmicrodosing.com\/wp-content\/uploads\/2024\/05\/mondo-sporenspuit-psilocybe-cubensis-treasure-coast.jpg\",\"width\":330,\"height\":330},{\"@type\":\"BreadcrumbList\",\"@id\":\"https:\/\/dutchmicrodosing.com\/it\/spore-fungo\/siringhe-di-spore\/siringa-di-spore-mckennaii\/#breadcrumb\",\"itemListElement\":[{\"@type\":\"ListItem\",\"position\":1,\"name\":\"Home\",\"item\":\"https:\/\/dutchmicrodosing.com\/it\/\"},{\"@type\":\"ListItem\",\"position\":2,\"name\":\"Negozio\",\"item\":\"https:\/\/dutchmicrodosing.com\/it\/negozio\/\"},{\"@type\":\"ListItem\",\"position\":3,\"name\":\"Siringa per spore McKennaii\"}]},{\"@type\":\"WebSite\",\"@id\":\"https:\/\/dutchmicrodosing.com\/it\/#website\",\"url\":\"https:\/\/dutchmicrodosing.com\/it\/\",\"name\":\"Dutchmicrodosing\",\"description\":\"\",\"publisher\":{\"@id\":\"https:\/\/dutchmicrodosing.com\/it\/#organization\"},\"potentialAction\":[{\"@type\":\"SearchAction\",\"target\":{\"@type\":\"EntryPoint\",\"urlTemplate\":\"https:\/\/dutchmicrodosing.com\/it\/?s={search_term_string}\"},\"query-input\":{\"@type\":\"PropertyValueSpecification\",\"valueRequired\":true,\"valueName\":\"search_term_string\"}}],\"inLanguage\":\"it-IT\"},{\"@type\":\"Organization\",\"@id\":\"https:\/\/dutchmicrodosing.com\/it\/#organization\",\"name\":\"Dutchmicrodosing\",\"url\":\"https:\/\/dutchmicrodosing.com\/it\/\",\"logo\":{\"@type\":\"ImageObject\",\"inLanguage\":\"it-IT\",\"@id\":\"https:\/\/dutchmicrodosing.com\/it\/#\/schema\/logo\/image\/\",\"url\":\"https:\/\/dutchmicrodosing.com\/wp-content\/uploads\/2021\/01\/microdosing-categorie-pic-nieuw.jpg\",\"contentUrl\":\"https:\/\/dutchmicrodosing.com\/wp-content\/uploads\/2021\/01\/microdosing-categorie-pic-nieuw.jpg\",\"width\":500,\"height\":500,\"caption\":\"Dutchmicrodosing\"},\"image\":{\"@id\":\"https:\/\/dutchmicrodosing.com\/it\/#\/schema\/logo\/image\/\"},\"sameAs\":[\"https:\/\/www.facebook.com\/Dutchmicrodosingxp\/\",\"https:\/\/www.instagram.com\/dutchmicrodosing\/\"]}]}<\/script>\n<meta property=\"product:price:amount\" content=\"17.95\" \/>\n<meta property=\"product:price:currency\" content=\"EUR\" \/>\n<meta property=\"og:availability\" content=\"instock\" \/>\n<meta property=\"product:availability\" content=\"instock\" \/>\n<meta property=\"product:retailer_item_id\" content=\"0212105\" \/>\n<meta property=\"product:condition\" content=\"new\" \/>\n<!-- \/ Yoast SEO Premium plugin. -->","yoast_head_json":{"title":"Siringa per spore McKennaii - Dutchmicrodosing","description":"Scopri il potente Spore Spray McKennaii per la coltivazione di funghi unici e di grande impatto visivo. Clicca qui per maggiori informazioni...","robots":{"index":"index","follow":"follow","max-snippet":"max-snippet:-1","max-image-preview":"max-image-preview:large","max-video-preview":"max-video-preview:-1"},"canonical":"https:\/\/dutchmicrodosing.com\/it\/spore-fungo\/siringhe-di-spore\/siringa-di-spore-mckennaii\/","og_locale":"it_IT","og_type":"article","og_title":"Siringa per spore McKennaii","og_description":"La siringa di spore McKennaii \u00e8 una variante notevole della specie Psilocybe cubensis ed \u00e8 nota per i suoi effetti particolarmente potenti. Questo fungo","og_url":"https:\/\/dutchmicrodosing.com\/it\/spore-fungo\/siringhe-di-spore\/siringa-di-spore-mckennaii\/","og_site_name":"Dutchmicrodosing","article_publisher":"https:\/\/www.facebook.com\/Dutchmicrodosingxp\/","article_modified_time":"2026-03-09T14:54:03+00:00","og_image":[{"width":330,"height":330,"url":"https:\/\/dutchmicrodosing.com\/wp-content\/uploads\/2024\/05\/mondo-sporenspuit-psilocybe-cubensis-treasure-coast.jpg","type":"image\/jpeg"}],"twitter_card":"summary_large_image","schema":{"@context":"https:\/\/schema.org","@graph":[{"@type":"WebPage","@id":"https:\/\/dutchmicrodosing.com\/it\/spore-fungo\/siringhe-di-spore\/siringa-di-spore-mckennaii\/","url":"https:\/\/dutchmicrodosing.com\/it\/spore-fungo\/siringhe-di-spore\/siringa-di-spore-mckennaii\/","name":"Siringa per spore McKennaii - Dutchmicrodosing","isPartOf":{"@id":"https:\/\/dutchmicrodosing.com\/it\/#website"},"primaryImageOfPage":{"@id":"https:\/\/dutchmicrodosing.com\/it\/spore-fungo\/siringhe-di-spore\/siringa-di-spore-mckennaii\/#primaryimage"},"image":{"@id":"https:\/\/dutchmicrodosing.com\/it\/spore-fungo\/siringhe-di-spore\/siringa-di-spore-mckennaii\/#primaryimage"},"thumbnailUrl":"https:\/\/dutchmicrodosing.com\/wp-content\/uploads\/2024\/05\/mondo-sporenspuit-psilocybe-cubensis-treasure-coast.jpg","datePublished":"2024-05-12T09:24:16+00:00","dateModified":"2026-03-09T14:54:03+00:00","description":"Scopri il potente Spore Spray McKennaii per la coltivazione di funghi unici e di grande impatto visivo. Clicca qui per maggiori informazioni...","breadcrumb":{"@id":"https:\/\/dutchmicrodosing.com\/it\/spore-fungo\/siringhe-di-spore\/siringa-di-spore-mckennaii\/#breadcrumb"},"inLanguage":"it-IT","potentialAction":[{"@type":"ReadAction","target":["https:\/\/dutchmicrodosing.com\/it\/spore-fungo\/siringhe-di-spore\/siringa-di-spore-mckennaii\/"]}]},{"@type":"ImageObject","inLanguage":"it-IT","@id":"https:\/\/dutchmicrodosing.com\/it\/spore-fungo\/siringhe-di-spore\/siringa-di-spore-mckennaii\/#primaryimage","url":"https:\/\/dutchmicrodosing.com\/wp-content\/uploads\/2024\/05\/mondo-sporenspuit-psilocybe-cubensis-treasure-coast.jpg","contentUrl":"https:\/\/dutchmicrodosing.com\/wp-content\/uploads\/2024\/05\/mondo-sporenspuit-psilocybe-cubensis-treasure-coast.jpg","width":330,"height":330},{"@type":"BreadcrumbList","@id":"https:\/\/dutchmicrodosing.com\/it\/spore-fungo\/siringhe-di-spore\/siringa-di-spore-mckennaii\/#breadcrumb","itemListElement":[{"@type":"ListItem","position":1,"name":"Home","item":"https:\/\/dutchmicrodosing.com\/it\/"},{"@type":"ListItem","position":2,"name":"Negozio","item":"https:\/\/dutchmicrodosing.com\/it\/negozio\/"},{"@type":"ListItem","position":3,"name":"Siringa per spore McKennaii"}]},{"@type":"WebSite","@id":"https:\/\/dutchmicrodosing.com\/it\/#website","url":"https:\/\/dutchmicrodosing.com\/it\/","name":"Dutchmicrodosing","description":"","publisher":{"@id":"https:\/\/dutchmicrodosing.com\/it\/#organization"},"potentialAction":[{"@type":"SearchAction","target":{"@type":"EntryPoint","urlTemplate":"https:\/\/dutchmicrodosing.com\/it\/?s={search_term_string}"},"query-input":{"@type":"PropertyValueSpecification","valueRequired":true,"valueName":"search_term_string"}}],"inLanguage":"it-IT"},{"@type":"Organization","@id":"https:\/\/dutchmicrodosing.com\/it\/#organization","name":"Dutchmicrodosing","url":"https:\/\/dutchmicrodosing.com\/it\/","logo":{"@type":"ImageObject","inLanguage":"it-IT","@id":"https:\/\/dutchmicrodosing.com\/it\/#\/schema\/logo\/image\/","url":"https:\/\/dutchmicrodosing.com\/wp-content\/uploads\/2021\/01\/microdosing-categorie-pic-nieuw.jpg","contentUrl":"https:\/\/dutchmicrodosing.com\/wp-content\/uploads\/2021\/01\/microdosing-categorie-pic-nieuw.jpg","width":500,"height":500,"caption":"Dutchmicrodosing"},"image":{"@id":"https:\/\/dutchmicrodosing.com\/it\/#\/schema\/logo\/image\/"},"sameAs":["https:\/\/www.facebook.com\/Dutchmicrodosingxp\/","https:\/\/www.instagram.com\/dutchmicrodosing\/"]}]},"product_price_amount":"17.95","product_price_currency":"EUR","og_availability":"instock","product_availability":"instock","product_retailer_item_id":"0212105","product_condition":"new"},"_links":{"self":[{"href":"https:\/\/dutchmicrodosing.com\/it\/wp-json\/wp\/v2\/product\/39176","targetHints":{"allow":["GET"]}}],"collection":[{"href":"https:\/\/dutchmicrodosing.com\/it\/wp-json\/wp\/v2\/product"}],"about":[{"href":"https:\/\/dutchmicrodosing.com\/it\/wp-json\/wp\/v2\/types\/product"}],"replies":[{"embeddable":true,"href":"https:\/\/dutchmicrodosing.com\/it\/wp-json\/wp\/v2\/comments?post=39176"}],"version-history":[{"count":0,"href":"https:\/\/dutchmicrodosing.com\/it\/wp-json\/wp\/v2\/product\/39176\/revisions"}],"wp:featuredmedia":[{"embeddable":true,"href":"https:\/\/dutchmicrodosing.com\/it\/wp-json\/wp\/v2\/media\/39150"}],"wp:attachment":[{"href":"https:\/\/dutchmicrodosing.com\/it\/wp-json\/wp\/v2\/media?parent=39176"}],"wp:term":[{"taxonomy":"product_brand","embeddable":true,"href":"https:\/\/dutchmicrodosing.com\/it\/wp-json\/wp\/v2\/product_brand?post=39176"},{"taxonomy":"product_cat","embeddable":true,"href":"https:\/\/dutchmicrodosing.com\/it\/wp-json\/wp\/v2\/product_cat?post=39176"},{"taxonomy":"product_tag","embeddable":true,"href":"https:\/\/dutchmicrodosing.com\/it\/wp-json\/wp\/v2\/product_tag?post=39176"}],"curies":[{"name":"wp","href":"https:\/\/api.w.org\/{rel}","templated":true}]}}